{"id":1393,"date":"2023-06-08T07:38:38","date_gmt":"2023-06-08T07:38:38","guid":{"rendered":"https:\/\/www.peanutoem.com\/?post_type=product&#038;p=1393"},"modified":"2024-10-09T12:10:08","modified_gmt":"2024-10-09T12:10:08","slug":"salty-peanut-butter","status":"publish","type":"product","link":"https:\/\/www.peanutoem.com\/az\/manufacturer\/salty-peanut-butter\/","title":{"rendered":"Duzlu f\u0131st\u0131q ya\u011f\u0131"},"content":{"rendered":"<h3>Apar\u0131c\u0131 OEM Provayderi v\u0259 Duzlu \u015e\u0259xsi Etiket \u0130stehsal\u00e7\u0131s\u0131 <a href=\"https:\/\/www.peanutoem.com\/az\/Wholesale\/peanut-butter\/\" target=\"_blank\" rel=\"noopener\">F\u0131st\u0131q ya\u011f\u0131<\/a><\/h3>\n<p>Etibarl\u0131 OEM provayderi, \u00f6z\u0259l etiket istehsal\u00e7\u0131s\u0131 v\u0259 qlobal ixracat\u00e7\u0131 kimi y\u00fcks\u0259k s\u0259viyy\u0259li duzlu f\u0131st\u0131q ya\u011f\u0131n\u0131 q\u00fcrurla t\u0259klif edirik. Qovrulmu\u015f f\u0131st\u0131q v\u0259 f\u0131st\u0131qlar\u0131n m\u00fck\u0259mm\u0259l balans\u0131 il\u0259 haz\u0131rlanm\u0131\u015fd\u0131r <a href=\"https:\/\/en.wikipedia.org\/wiki\/Salt\" target=\"_blank\" rel=\"noopener\">duz<\/a>, q\u0259lyanalt\u0131lar v\u0259 yem\u0259kl\u0259r \u00fc\u00e7\u00fcn ideal olan l\u0259zz\u0259tli dad verir. Tamamil\u0259 f\u0259rdil\u0259\u015fdiril\u0259 bil\u0259n istehsal h\u0259ll\u0259rimiz brendl\u0259r\u0259 \u00e7evik qabla\u015fd\u0131rma v\u0259 sifari\u015f \u00f6l\u00e7\u00fcl\u0259ri il\u0259 unikal variasiyalar yaratma\u011fa imkan verir.<\/p>\n<h3>Duzlu f\u0131st\u0131q ya\u011f\u0131 n\u0259dir?<\/h3>\n<p>Duzlu f\u0131st\u0131q ya\u011f\u0131 \u0259n\u0259n\u0259vi f\u0131st\u0131q ya\u011f\u0131n\u0131n l\u0259zz\u0259tli variasiyas\u0131d\u0131r v\u0259 \u0259lav\u0259 duz il\u0259 l\u0259zz\u0259tli bir b\u00fck\u00fclm\u0259 t\u0259klif edir. Bu n\u00f6v f\u0131st\u0131q ya\u011f\u0131 daha c\u0259sar\u0259tli, daha az \u015firin se\u00e7im axtaran istehlak\u00e7\u0131lara m\u00fcraci\u0259t edir. Duz f\u0131st\u0131qlar\u0131n t\u0259bii qozlulu\u011funu art\u0131r\u0131r, onu dadl\u0131 reseptl\u0259r, yay\u0131lmalar v\u0259 q\u0259lyanalt\u0131lar \u00fc\u00e7\u00fcn sevimli hal\u0131na g\u0259tirir.<\/p>\n<p><img loading=\"lazy\" decoding=\"async\" class=\"alignnone wp-image-1970 size-large\" src=\"https:\/\/www.peanutoem.com\/wp-content\/uploads\/2023\/06\/Seasalt-Peanut-Butter-200g-1-1024x461.webp\" alt=\"D\u0259niz duzu f\u0131st\u0131q ya\u011f\u0131 200 q\" width=\"1020\" height=\"459\" srcset=\"https:\/\/www.peanutoem.com\/wp-content\/uploads\/2023\/06\/Seasalt-Peanut-Butter-200g-1-1024x461.webp 1024w, https:\/\/www.peanutoem.com\/wp-content\/uploads\/2023\/06\/Seasalt-Peanut-Butter-200g-1-300x135.webp 300w, https:\/\/www.peanutoem.com\/wp-content\/uploads\/2023\/06\/Seasalt-Peanut-Butter-200g-1-768x346.webp 768w, https:\/\/www.peanutoem.com\/wp-content\/uploads\/2023\/06\/Seasalt-Peanut-Butter-200g-1-1536x691.webp 1536w, https:\/\/www.peanutoem.com\/wp-content\/uploads\/2023\/06\/Seasalt-Peanut-Butter-200g-1-2048x922.webp 2048w, https:\/\/www.peanutoem.com\/wp-content\/uploads\/2023\/06\/Seasalt-Peanut-Butter-200g-1-18x8.webp 18w, https:\/\/www.peanutoem.com\/wp-content\/uploads\/2023\/06\/Seasalt-Peanut-Butter-200g-1-600x270.webp 600w\" sizes=\"auto, (max-width: 1020px) 100vw, 1020px\" \/><\/p>\n<h3>Ba\u015fqa Adlar N\u0259dir?<\/h3>\n<p>Duzlu f\u0131st\u0131q ya\u011f\u0131 da bel\u0259 adland\u0131r\u0131la bil\u0259r:<\/p>\n<ul>\n<li><strong>Dadl\u0131 f\u0131st\u0131q ya\u011f\u0131<\/strong><\/li>\n<li><strong>Duzlu f\u0131st\u0131q ya\u011f\u0131<\/strong><\/li>\n<li><strong>Duz il\u0259 f\u0131st\u0131q ya\u011f\u0131<\/strong><\/li>\n<li><strong>Duzlu f\u0131st\u0131q ya\u011f\u0131<\/strong><\/li>\n<\/ul>\n<p>Bu adlar duzlu f\u0131st\u0131q ya\u011f\u0131n\u0131 unikal v\u0259 populyar m\u0259hsula \u00e7evir\u0259n f\u0259rqli dadl\u0131 elementi vur\u011fulay\u0131r.<\/p>\n<h3>Niy\u0259 T\u0259chizat\u00e7\u0131n\u0131z kimi bizi se\u00e7m\u0259lisiniz?<\/h3>\n<p>Etibarl\u0131 OEM provayderi v\u0259 \u00f6z\u0259l etiket istehsal\u00e7\u0131s\u0131 olaraq biz t\u0259klif edirik:<\/p>\n<ul>\n<li><strong>F\u0259rdil\u0259\u015fdiril\u0259 bil\u0259n Duzlu F\u0131st\u0131q K\u0259r\u0259 ya\u011f\u0131<\/strong>: Markan\u0131za uy\u011funla\u015fd\u0131r\u0131lm\u0131\u015f m\u0259hsullar.<\/li>\n<li><strong>Qlobal <a href=\"https:\/\/www.peanutoem.com\/az\/certificate\/\" target=\"_blank\" rel=\"noopener\">Sertifikatlar<\/a><\/strong>: Standartlar\u0131m\u0131za y\u00fcks\u0259k keyfiyy\u0259ti t\u0259min ed\u0259n HACCP, BRCGS, Halal, Kosher v\u0259 EU Organic daxildir.<\/li>\n<li><strong>\u00c7ox y\u00f6nl\u00fc Qabla\u015fd\u0131rma Se\u00e7iml\u0259ri<\/strong>: Biz p\u0259rak\u0259nd\u0259 qablardan tutmu\u015f toplu konteynerl\u0259r\u0259 q\u0259d\u0259r m\u00fcxt\u0259lif \u00f6l\u00e7\u00fcl\u0259rd\u0259 istehsal edirik.<\/li>\n<li><strong>Qlobal \u0130xrac Ekspertizas\u0131<\/strong>: Biz beyn\u0259lxalq bazarlar\u0131 etibarl\u0131 \u015f\u0259kild\u0259 t\u0259min edirik.<\/li>\n<\/ul>\n<h3>Duzlu f\u0131st\u0131q ya\u011f\u0131 haqq\u0131nda tez-tez veril\u0259n suallar<\/h3>\n<ol>\n<li><strong>Duzlu f\u0131st\u0131q ya\u011f\u0131n\u0131z\u0131 n\u0259 il\u0259 f\u0259rql\u0259ndirir?<\/strong><br \/>\n\u015e\u0259xsi etiket istehsal\u0131 \u00fc\u00e7\u00fcn f\u0259rdil\u0259\u015fdiril\u0259 bil\u0259n se\u00e7iml\u0259rl\u0259 duzlu y\u00fcks\u0259k s\u0259viyy\u0259li, ard\u0131c\u0131l f\u0131st\u0131q ya\u011f\u0131 t\u0259qdim edirik.<\/li>\n<li><strong>Hans\u0131 madd\u0259l\u0259rd\u0259n istifad\u0259 edirsiniz?<\/strong><br \/>\nDuzlu f\u0131st\u0131q ya\u011f\u0131m\u0131z y\u00fcks\u0259k keyfiyy\u0259tli qovrulmu\u015f f\u0131st\u0131q v\u0259 \u0259lav\u0259siz d\u0259qiq \u00f6l\u00e7\u00fcl\u0259n duzdan ibar\u0259tdir.<\/li>\n<li><strong>M\u0259n duzun t\u0259rkibini t\u0259nziml\u0259y\u0259 bil\u0259r\u0259mmi?<\/strong><br \/>\nB\u0259li, biz brendinizin dad profilin\u0259 uy\u011fun duz s\u0259viyy\u0259l\u0259rind\u0259 \u00e7eviklik t\u0259klif edirik.<\/li>\n<li><strong>Hans\u0131 qabla\u015fd\u0131rma variantlar\u0131 m\u00f6vcuddur?<\/strong><br \/>\nBiz h\u0259m p\u0259rak\u0259nd\u0259, h\u0259m d\u0259 toplu paylama \u00fc\u00e7\u00fcn uy\u011fun \u00f6l\u00e7\u00fcl\u0259rd\u0259 bankalar, vedr\u0259l\u0259r v\u0259 paketl\u0259r t\u0259qdim edirik.<\/li>\n<li><strong>\u00c7atd\u0131r\u0131lma m\u00fcdd\u0259ti n\u0259 q\u0259d\u0259rdir?<\/strong><br \/>\n\u00c7atd\u0131r\u0131lma ad\u0259t\u0259n sifari\u015f \u00f6l\u00e7\u00fcs\u00fc v\u0259 spesifikasiyalardan as\u0131l\u0131 olaraq 7 il\u0259 20 g\u00fcn aras\u0131nda d\u0259yi\u015fir.<\/li>\n<li><strong>\u015e\u0259xsi etiket xidm\u0259tl\u0259ri t\u0259klif edirsiniz?<\/strong><br \/>\nB\u0259li, biz brendinq v\u0259 qabla\u015fd\u0131rma \u00fc\u00e7\u00fcn tam f\u0259rdil\u0259\u015fdirm\u0259 il\u0259 \u00f6z\u0259l etiket xidm\u0259tl\u0259rind\u0259 ixtisasla\u015fm\u0131\u015f\u0131q.<\/li>\n<li><strong>Minimum sifari\u015f miqdar\u0131 (MOQ) n\u0259dir?<\/strong><br \/>\nBizim MOQ bir tondur, h\u0259m b\u00f6y\u00fck, h\u0259m d\u0259 ki\u00e7ik miqyasl\u0131 biznesl\u0259ri yerl\u0259\u015fdirir.<\/li>\n<\/ol>\n<h3>F\u0259rdil\u0259\u015fdiril\u0259 bil\u0259n m\u0259hsullar\u0131m\u0131z\u0131n \u00e7ox y\u00f6nl\u00fcl\u00fcy\u00fcn\u00fc k\u0259\u015ff edin<\/h3>\n<p>Duzlu f\u0131st\u0131q ya\u011f\u0131 \u015firin sortlara dadl\u0131 alternativ axtaranlar \u00fc\u00e7\u00fcn \u00e7ox y\u00f6nl\u00fc se\u00e7imdir. Onun unikal l\u0259zz\u0259ti q\u0259lyanalt\u0131 v\u0259 bi\u015firm\u0259 qabiliyy\u0259tini art\u0131r\u0131r, onu yay\u0131lma, souslar v\u0259 souslar \u00fc\u00e7\u00fcn m\u00fck\u0259mm\u0259l edir. Biz l\u0259zz\u0259tli, y\u00fcks\u0259k keyfiyy\u0259tli se\u00e7iml\u0259r\u0259 artan t\u0259l\u0259bat\u0131 qar\u015f\u0131lay\u0131r\u0131q v\u0259 ehtiyaclar\u0131n\u0131za uy\u011fun olaraq tam f\u0259rdil\u0259\u015fdirm\u0259 t\u0259klif edirik.<\/p>\n<p>Etibarl\u0131 OEM v\u0259 \u00f6z\u0259l etiket partnyorunuz olaraq biz qlobal ixrac imkanlar\u0131 il\u0259 y\u00fcks\u0259k keyfiyy\u0259tli, f\u0259rdil\u0259\u015fdiril\u0259 bil\u0259n se\u00e7iml\u0259r t\u0259qdim edirik v\u0259 h\u0259r bir qabda m\u00fck\u0259mm\u0259lliyi t\u0259min edirik.<\/p>\n<a href=\"mailto:globepeanut@gmail.com\" class=\"button primary is-primary is-medium\"  >\n    <span>Biz\u0259 e-po\u00e7t g\u00f6nd\u0259rin<\/span>\n  <\/a>","protected":false},"excerpt":{"rendered":"<table width=\"564\">\n<tbody>\n<tr>\n<td width=\"113\"><strong>M\u0259hsulun ad\u0131<\/strong><\/td>\n<td width=\"402\">Duzlu f\u0131st\u0131q ya\u011f\u0131<\/td>\n<\/tr>\n<tr>\n<td width=\"113\"><strong>T\u0259rkibi<\/strong><\/td>\n<td width=\"402\">Se\u00e7ilmi\u015f f\u0131st\u0131q l\u0259p\u0259si, duz<\/td>\n<\/tr>\n<tr>\n<td width=\"113\"><strong>Spesifikasiyalar<\/strong><\/td>\n<td width=\"402\">227gx24, 340gx12, 375gx12, 500gx12, 510gx12, 1kgx12, 10kgx1, 20kgx1, 220kgx1<\/td>\n<\/tr>\n<tr>\n<td width=\"113\"><strong>Qabla\u015fd\u0131rma formas\u0131<\/strong><\/td>\n<td width=\"402\">Banka, Vedr\u0259, Doy Pack, \u00c7anta, Karton, Qalay, Barel, Can, Butulka v\u0259 s<\/td>\n<\/tr>\n<tr>\n<td width=\"113\"><strong>\u00c7atd\u0131r\u0131lma vaxt\u0131<\/strong><\/td>\n<td width=\"402\">Sifari\u015fd\u0259n 7-20 G\u00fcn Sonra<\/td>\n<\/tr>\n<tr>\n<td width=\"113\"><strong>MOQ<\/strong><\/td>\n<td width=\"402\">Bir Ton<\/td>\n<\/tr>\n<tr>\n<td width=\"113\"><strong>N\u00fcmun\u0259<\/strong><\/td>\n<td width=\"402\">Pulsuz N\u00fcmun\u0259 m\u00f6vcuddur<\/td>\n<\/tr>\n<tr>\n<td width=\"113\"><strong>OEM<\/strong><\/td>\n<td width=\"402\">Al\u0131c\u0131n\u0131n etiketi q\u0259bul olunub<\/td>\n<\/tr>\n<\/tbody>\n<\/table>","protected":false},"featured_media":1968,"comment_status":"open","ping_status":"closed","template":"","meta":[],"product_cat":[15],"product_tag":[],"class_list":{"0":"post-1393","1":"product","2":"type-product","3":"status-publish","4":"has-post-thumbnail","6":"product_cat-peanut-butter","8":"first","9":"instock","10":"shipping-taxable","11":"product-type-simple"},"yoast_head":"<!-- This site is optimized with the Yoast SEO plugin v24.9 - https:\/\/yoast.com\/wordpress\/plugins\/seo\/ -->\n<title>Salty Peanut Butter China Exporter OEM - Peanut Butter Factory<\/title>\n<meta name=\"description\" content=\"Discover premium salty peanut butter OEM service. Your trusted private label manufacturer. Enjoy customizable production, various packaging.\" \/>\n<meta name=\"robots\" content=\"index, follow, max-snippet:-1, max-image-preview:large, max-video-preview:-1\" \/>\n<link rel=\"canonical\" href=\"https:\/\/www.peanutoem.com\/az\/manufacturer\/salty-peanut-butter\/\" \/>\n<meta property=\"og:locale\" content=\"az_AZ\" \/>\n<meta property=\"og:type\" content=\"article\" \/>\n<meta property=\"og:title\" content=\"Salty Peanut Butter China Exporter OEM - Peanut Butter Factory\" \/>\n<meta property=\"og:description\" content=\"Discover premium salty peanut butter OEM service. Your trusted private label manufacturer. Enjoy customizable production, various packaging.\" \/>\n<meta property=\"og:url\" content=\"https:\/\/www.peanutoem.com\/az\/manufacturer\/salty-peanut-butter\/\" \/>\n<meta property=\"og:site_name\" content=\"Peanut Butter Factory\" \/>\n<meta property=\"article:modified_time\" content=\"2024-10-09T12:10:08+00:00\" \/>\n<meta property=\"og:image\" content=\"https:\/\/www.peanutoem.com\/wp-content\/uploads\/2023\/06\/200g-seasalt-peanut-butter-1-scaled.webp\" \/>\n\t<meta property=\"og:image:width\" content=\"2560\" \/>\n\t<meta property=\"og:image:height\" content=\"1152\" \/>\n\t<meta property=\"og:image:type\" content=\"image\/webp\" \/>\n<meta name=\"twitter:card\" content=\"summary_large_image\" \/>\n<meta name=\"twitter:label1\" content=\"Est. reading time\" \/>\n\t<meta name=\"twitter:data1\" content=\"3 minutes\" \/>\n<script type=\"application\/ld+json\" class=\"yoast-schema-graph\">{\"@context\":\"https:\/\/schema.org\",\"@graph\":[{\"@type\":\"WebPage\",\"@id\":\"https:\/\/www.peanutoem.com\/manufacturer\/salty-peanut-butter\/\",\"url\":\"https:\/\/www.peanutoem.com\/manufacturer\/salty-peanut-butter\/\",\"name\":\"Salty Peanut Butter China Exporter OEM - Peanut Butter Factory\",\"isPartOf\":{\"@id\":\"https:\/\/www.peanutoem.com\/#website\"},\"primaryImageOfPage\":{\"@id\":\"https:\/\/www.peanutoem.com\/manufacturer\/salty-peanut-butter\/#primaryimage\"},\"image\":{\"@id\":\"https:\/\/www.peanutoem.com\/manufacturer\/salty-peanut-butter\/#primaryimage\"},\"thumbnailUrl\":\"https:\/\/www.peanutoem.com\/wp-content\/uploads\/2023\/06\/200g-seasalt-peanut-butter-1-scaled.webp\",\"datePublished\":\"2023-06-08T07:38:38+00:00\",\"dateModified\":\"2024-10-09T12:10:08+00:00\",\"description\":\"Discover premium salty peanut butter OEM service. Your trusted private label manufacturer. Enjoy customizable production, various packaging.\",\"breadcrumb\":{\"@id\":\"https:\/\/www.peanutoem.com\/manufacturer\/salty-peanut-butter\/#breadcrumb\"},\"inLanguage\":\"az\",\"potentialAction\":[{\"@type\":\"ReadAction\",\"target\":[\"https:\/\/www.peanutoem.com\/manufacturer\/salty-peanut-butter\/\"]}]},{\"@type\":\"ImageObject\",\"inLanguage\":\"az\",\"@id\":\"https:\/\/www.peanutoem.com\/manufacturer\/salty-peanut-butter\/#primaryimage\",\"url\":\"https:\/\/www.peanutoem.com\/wp-content\/uploads\/2023\/06\/200g-seasalt-peanut-butter-1-scaled.webp\",\"contentUrl\":\"https:\/\/www.peanutoem.com\/wp-content\/uploads\/2023\/06\/200g-seasalt-peanut-butter-1-scaled.webp\",\"width\":2560,\"height\":1152,\"caption\":\"200g seasalt peanut butter\"},{\"@type\":\"BreadcrumbList\",\"@id\":\"https:\/\/www.peanutoem.com\/manufacturer\/salty-peanut-butter\/#breadcrumb\",\"itemListElement\":[{\"@type\":\"ListItem\",\"position\":1,\"name\":\"Home\",\"item\":\"https:\/\/www.peanutoem.com\/\"},{\"@type\":\"ListItem\",\"position\":2,\"name\":\"Products\",\"item\":\"https:\/\/www.peanutoem.com\/shop\/\"},{\"@type\":\"ListItem\",\"position\":3,\"name\":\"Salty Peanut Butter\"}]},{\"@type\":\"WebSite\",\"@id\":\"https:\/\/www.peanutoem.com\/#website\",\"url\":\"https:\/\/www.peanutoem.com\/\",\"name\":\"Peanut Butter Factory\",\"description\":\"Peanut Butter Manufacturer and Roast Peanut OEM Factory | Peanut Private Label China Supplier\",\"publisher\":{\"@id\":\"https:\/\/www.peanutoem.com\/#organization\"},\"alternateName\":\"Peanut Butter OEM and Wholesale\",\"potentialAction\":[{\"@type\":\"SearchAction\",\"target\":{\"@type\":\"EntryPoint\",\"urlTemplate\":\"https:\/\/www.peanutoem.com\/?s={search_term_string}\"},\"query-input\":{\"@type\":\"PropertyValueSpecification\",\"valueRequired\":true,\"valueName\":\"search_term_string\"}}],\"inLanguage\":\"az\"},{\"@type\":\"Organization\",\"@id\":\"https:\/\/www.peanutoem.com\/#organization\",\"name\":\"Peanut Butter Factory\",\"alternateName\":\"JuFeng Group\",\"url\":\"https:\/\/www.peanutoem.com\/\",\"logo\":{\"@type\":\"ImageObject\",\"inLanguage\":\"az\",\"@id\":\"https:\/\/www.peanutoem.com\/#\/schema\/logo\/image\/\",\"url\":\"https:\/\/www.peanutoem.com\/wp-content\/uploads\/2024\/09\/JUFENG-LOGO.png\",\"contentUrl\":\"https:\/\/www.peanutoem.com\/wp-content\/uploads\/2024\/09\/JUFENG-LOGO.png\",\"width\":600,\"height\":170,\"caption\":\"Peanut Butter Factory\"},\"image\":{\"@id\":\"https:\/\/www.peanutoem.com\/#\/schema\/logo\/image\/\"}}]}<\/script>\n<!-- \/ Yoast SEO plugin. -->","yoast_head_json":{"title":"Salty Peanut Butter China Exporter OEM - Peanut Butter Factory","description":"Discover premium salty peanut butter OEM service. Your trusted private label manufacturer. Enjoy customizable production, various packaging.","robots":{"index":"index","follow":"follow","max-snippet":"max-snippet:-1","max-image-preview":"max-image-preview:large","max-video-preview":"max-video-preview:-1"},"canonical":"https:\/\/www.peanutoem.com\/az\/manufacturer\/salty-peanut-butter\/","og_locale":"az_AZ","og_type":"article","og_title":"Salty Peanut Butter China Exporter OEM - Peanut Butter Factory","og_description":"Discover premium salty peanut butter OEM service. Your trusted private label manufacturer. Enjoy customizable production, various packaging.","og_url":"https:\/\/www.peanutoem.com\/az\/manufacturer\/salty-peanut-butter\/","og_site_name":"Peanut Butter Factory","article_modified_time":"2024-10-09T12:10:08+00:00","og_image":[{"width":2560,"height":1152,"url":"https:\/\/www.peanutoem.com\/wp-content\/uploads\/2023\/06\/200g-seasalt-peanut-butter-1-scaled.webp","type":"image\/webp"}],"twitter_card":"summary_large_image","twitter_misc":{"Est. reading time":"3 minutes"},"schema":{"@context":"https:\/\/schema.org","@graph":[{"@type":"WebPage","@id":"https:\/\/www.peanutoem.com\/manufacturer\/salty-peanut-butter\/","url":"https:\/\/www.peanutoem.com\/manufacturer\/salty-peanut-butter\/","name":"Salty Peanut Butter China Exporter OEM - Peanut Butter Factory","isPartOf":{"@id":"https:\/\/www.peanutoem.com\/#website"},"primaryImageOfPage":{"@id":"https:\/\/www.peanutoem.com\/manufacturer\/salty-peanut-butter\/#primaryimage"},"image":{"@id":"https:\/\/www.peanutoem.com\/manufacturer\/salty-peanut-butter\/#primaryimage"},"thumbnailUrl":"https:\/\/www.peanutoem.com\/wp-content\/uploads\/2023\/06\/200g-seasalt-peanut-butter-1-scaled.webp","datePublished":"2023-06-08T07:38:38+00:00","dateModified":"2024-10-09T12:10:08+00:00","description":"Discover premium salty peanut butter OEM service. Your trusted private label manufacturer. Enjoy customizable production, various packaging.","breadcrumb":{"@id":"https:\/\/www.peanutoem.com\/manufacturer\/salty-peanut-butter\/#breadcrumb"},"inLanguage":"az","potentialAction":[{"@type":"ReadAction","target":["https:\/\/www.peanutoem.com\/manufacturer\/salty-peanut-butter\/"]}]},{"@type":"ImageObject","inLanguage":"az","@id":"https:\/\/www.peanutoem.com\/manufacturer\/salty-peanut-butter\/#primaryimage","url":"https:\/\/www.peanutoem.com\/wp-content\/uploads\/2023\/06\/200g-seasalt-peanut-butter-1-scaled.webp","contentUrl":"https:\/\/www.peanutoem.com\/wp-content\/uploads\/2023\/06\/200g-seasalt-peanut-butter-1-scaled.webp","width":2560,"height":1152,"caption":"200g seasalt peanut butter"},{"@type":"BreadcrumbList","@id":"https:\/\/www.peanutoem.com\/manufacturer\/salty-peanut-butter\/#breadcrumb","itemListElement":[{"@type":"ListItem","position":1,"name":"Home","item":"https:\/\/www.peanutoem.com\/"},{"@type":"ListItem","position":2,"name":"Products","item":"https:\/\/www.peanutoem.com\/shop\/"},{"@type":"ListItem","position":3,"name":"Salty Peanut Butter"}]},{"@type":"WebSite","@id":"https:\/\/www.peanutoem.com\/#website","url":"https:\/\/www.peanutoem.com\/","name":"Peanut Butter Factory","description":"Peanut Butter Manufacturer and Roast Peanut OEM Factory | Peanut Private Label China Supplier","publisher":{"@id":"https:\/\/www.peanutoem.com\/#organization"},"alternateName":"Peanut Butter OEM and Wholesale","potentialAction":[{"@type":"SearchAction","target":{"@type":"EntryPoint","urlTemplate":"https:\/\/www.peanutoem.com\/?s={search_term_string}"},"query-input":{"@type":"PropertyValueSpecification","valueRequired":true,"valueName":"search_term_string"}}],"inLanguage":"az"},{"@type":"Organization","@id":"https:\/\/www.peanutoem.com\/#organization","name":"Peanut Butter Factory","alternateName":"JuFeng Group","url":"https:\/\/www.peanutoem.com\/","logo":{"@type":"ImageObject","inLanguage":"az","@id":"https:\/\/www.peanutoem.com\/#\/schema\/logo\/image\/","url":"https:\/\/www.peanutoem.com\/wp-content\/uploads\/2024\/09\/JUFENG-LOGO.png","contentUrl":"https:\/\/www.peanutoem.com\/wp-content\/uploads\/2024\/09\/JUFENG-LOGO.png","width":600,"height":170,"caption":"Peanut Butter Factory"},"image":{"@id":"https:\/\/www.peanutoem.com\/#\/schema\/logo\/image\/"}}]}},"_links":{"self":[{"href":"https:\/\/www.peanutoem.com\/az\/wp-json\/wp\/v2\/product\/1393","targetHints":{"allow":["GET"]}}],"collection":[{"href":"https:\/\/www.peanutoem.com\/az\/wp-json\/wp\/v2\/product"}],"about":[{"href":"https:\/\/www.peanutoem.com\/az\/wp-json\/wp\/v2\/types\/product"}],"replies":[{"embeddable":true,"href":"https:\/\/www.peanutoem.com\/az\/wp-json\/wp\/v2\/comments?post=1393"}],"wp:featuredmedia":[{"embeddable":true,"href":"https:\/\/www.peanutoem.com\/az\/wp-json\/wp\/v2\/media\/1968"}],"wp:attachment":[{"href":"https:\/\/www.peanutoem.com\/az\/wp-json\/wp\/v2\/media?parent=1393"}],"wp:term":[{"taxonomy":"product_cat","embeddable":true,"href":"https:\/\/www.peanutoem.com\/az\/wp-json\/wp\/v2\/product_cat?post=1393"},{"taxonomy":"product_tag","embeddable":true,"href":"https:\/\/www.peanutoem.com\/az\/wp-json\/wp\/v2\/product_tag?post=1393"}],"curies":[{"name":"wp","href":"https:\/\/api.w.org\/{rel}","templated":true}]}}