{"id":1397,"date":"2023-06-08T07:51:40","date_gmt":"2023-06-08T07:51:40","guid":{"rendered":"https:\/\/www.peanutoem.com\/?post_type=product&#038;p=1397"},"modified":"2024-09-28T07:06:47","modified_gmt":"2024-09-28T07:06:47","slug":"creamy-peanut-butter","status":"publish","type":"product","link":"https:\/\/www.peanutoem.com\/az\/manufacturer\/creamy-peanut-butter\/","title":{"rendered":"Kremli F\u0131st\u0131q K\u0259r\u0259 ya\u011f\u0131 | Hamar f\u0131st\u0131q ya\u011f\u0131"},"content":{"rendered":"<h3>qaymaql\u0131 <a href=\"https:\/\/www.peanutoem.com\/az\/Wholesale\/peanut-butter\/\" target=\"_blank\" rel=\"noopener\">F\u0131st\u0131q ya\u011f\u0131<\/a> | Smooth Peanut Butter \u2013 Apar\u0131c\u0131 OEM \u015e\u0259xsi Etiket \u0130stehsal\u00e7\u0131s\u0131<\/h3>\n<p>Biz \u0259n yax\u015f\u0131 OEM \u00f6z\u0259l etiket istehsal\u00e7\u0131s\u0131, ixracat\u00e7\u0131s\u0131 v\u0259 qaymaql\u0131 f\u0131st\u0131q ya\u011f\u0131 v\u0259 hamar f\u0131st\u0131q ya\u011f\u0131 t\u0259dar\u00fck\u00e7\u00fcs\u00fc olmaqdan q\u00fcrur duyuruq. \u018fn m\u00fcasir istehsal x\u0259tl\u0259rimiz v\u0259 y\u00fcks\u0259k keyfiyy\u0259t standartlar\u0131m\u0131z h\u0259r bir qab f\u0131st\u0131q ya\u011f\u0131n\u0131n dad v\u0259 tutarl\u0131l\u0131\u011fa dair qlobal t\u0259l\u0259bl\u0259r\u0259 cavab verm\u0259sini t\u0259min edir. Beyn\u0259lxalq s\u0259viyy\u0259d\u0259 tan\u0131nan t\u0259r\u0259find\u0259n d\u0259st\u0259kl\u0259nir <a href=\"https:\/\/www.peanutoem.com\/az\/certificate\/\" target=\"_blank\" rel=\"noopener\">sertifikatlar<\/a> HACCP, BRCGS, ECOCERT, Halal v\u0259 Kosher kimi, f\u0131st\u0131q ya\u011f\u0131 m\u0259hsullar\u0131m\u0131z d\u00fcnya \u00fczr\u0259 biznesl\u0259r \u00fc\u00e7\u00fcn \u0259sas m\u0259hsuldur.<\/p>\n<p><img loading=\"lazy\" decoding=\"async\" class=\"alignnone wp-image-1620 size-large\" src=\"https:\/\/www.peanutoem.com\/wp-content\/uploads\/2024\/09\/Peanut-Butter-Qualifications-1024x736.webp\" alt=\"F\u0131st\u0131q ya\u011f\u0131 OEM Prosessor Kvalifikasiyalar\u0131\" width=\"1020\" height=\"733\" srcset=\"https:\/\/www.peanutoem.com\/wp-content\/uploads\/2024\/09\/Peanut-Butter-Qualifications-1024x736.webp 1024w, https:\/\/www.peanutoem.com\/wp-content\/uploads\/2024\/09\/Peanut-Butter-Qualifications-300x216.webp 300w, https:\/\/www.peanutoem.com\/wp-content\/uploads\/2024\/09\/Peanut-Butter-Qualifications-768x552.webp 768w, https:\/\/www.peanutoem.com\/wp-content\/uploads\/2024\/09\/Peanut-Butter-Qualifications-18x12.webp 18w, https:\/\/www.peanutoem.com\/wp-content\/uploads\/2024\/09\/Peanut-Butter-Qualifications-600x431.webp 600w, https:\/\/www.peanutoem.com\/wp-content\/uploads\/2024\/09\/Peanut-Butter-Qualifications.webp 1341w\" sizes=\"auto, (max-width: 1020px) 100vw, 1020px\" \/><\/p>\n<h3>Kremli f\u0131st\u0131q ya\u011f\u0131 v\u0259 hamar f\u0131st\u0131q ya\u011f\u0131 n\u0259dir?<\/h3>\n<p>Kremli f\u0131st\u0131q ya\u011f\u0131 v\u0259 hamar f\u0131st\u0131q ya\u011f\u0131 f\u0131st\u0131q yay\u0131lmas\u0131n\u0131n \u0259n m\u0259\u015fhur iki n\u00f6v\u00fcd\u00fcr. H\u0259r ikisi inc\u0259 \u00fcy\u00fcd\u00fclm\u00fc\u015f qovrulmu\u015f f\u0131st\u0131qdan haz\u0131rlan\u0131r, n\u0259tic\u0259d\u0259 z\u0259ngin v\u0259 hamar bir tekstura \u0259ld\u0259 edilir. Bununla bel\u0259, qaymaql\u0131 f\u0131st\u0131q ya\u011f\u0131 hamar f\u0131st\u0131q ya\u011f\u0131 il\u0259 m\u00fcqayis\u0259d\u0259 bir q\u0259d\u0259r s\u0131x bir toxuma t\u0259qdim edir, bu da onu \u00e7\u00f6r\u0259yin \u00fcz\u0259rin\u0259 yaymaq v\u0259 ya \u00e7\u00f6r\u0259k bi\u015firm\u0259k v\u0259 bi\u015firm\u0259k \u00fc\u00e7\u00fcn bir t\u0259rkib hiss\u0259si kimi ideal hala g\u0259tirir.<\/p>\n<h3>Bacar\u0131qlar\u0131m\u0131z<\/h3>\n<p>Biz ild\u0259 30.000 ton f\u0131st\u0131q ya\u011f\u0131 istehsal etm\u0259y\u0259 qadir olan qabaqc\u0131l emal qur\u011fular\u0131 il\u0259 i\u015fl\u0259yirik. Yax\u015f\u0131 t\u0259chiz olunmu\u015f laboratoriyalar\u0131m\u0131z h\u0259r bir partiyan\u0131n keyfiyy\u0259tini v\u0259 t\u0259hl\u00fck\u0259sizliyini t\u0259min etm\u0259k \u00fc\u00e7\u00fcn ciddi sensor, fiziki, kimy\u0259vi v\u0259 mikrobial testl\u0259r apar\u0131r.<\/p>\n<h3>F\u0131st\u0131q ya\u011f\u0131 \u00fc\u00e7\u00fcn OEM \u015e\u0259xsi Etiket H\u0259ll\u0259ri<\/h3>\n<p>Etibarl\u0131 OEM istehsal\u00e7\u0131s\u0131 v\u0259 \u00f6z\u0259l etiket t\u0259dar\u00fck\u00e7\u00fcs\u00fc kimi biz sizin brendinizin ehtiyaclar\u0131na uy\u011funla\u015fd\u0131r\u0131lm\u0131\u015f h\u0259ll\u0259r t\u0259klif edirik. \u00d6z qaymaql\u0131 f\u0131st\u0131q ya\u011f\u0131 v\u0259 ya hamar f\u0131st\u0131q ya\u011f\u0131 etiketinizi t\u0259min etm\u0259k ist\u0259s\u0259niz, biz qabla\u015fd\u0131rma v\u0259 m\u0259hsul \u00f6l\u00e7\u00fcs\u00fcnd\u0259 \u00e7evik se\u00e7iml\u0259r t\u0259qdim edirik. Komandam\u0131z m\u0259hsullar\u0131n\u0131z\u0131n ehtiyatla v\u0259 \u0259n y\u00fcks\u0259k s\u0259naye standartlar\u0131na uy\u011fun haz\u0131rlanmas\u0131n\u0131 t\u0259min edir.<\/p>\n<h3>Qlobal \u0130xracat\u00e7\u0131 v\u0259 T\u0259chizat\u00e7\u0131<\/h3>\n<p>Qlobal m\u00f6vcudlu\u011fumuzla biz f\u0131st\u0131q ya\u011f\u0131n\u0131n etibarl\u0131 ixracat\u00e7\u0131s\u0131 v\u0259 t\u0259dar\u00fck\u00e7\u00fcs\u00fc kimi xidm\u0259t edirik, m\u0259hsullar\u0131m\u0131z\u0131 d\u00fcnya \u00fczr\u0259 \u0259sas \u0259rzaq p\u0259rak\u0259nd\u0259 sat\u0131\u015f \u015firk\u0259tl\u0259rin\u0259, fran\u00e7ayzinql\u0259r\u0259 v\u0259 distribyutorlara \u00e7atd\u0131r\u0131r\u0131q. Geni\u015f paylama \u015f\u0259b\u0259k\u0259miz v\u0259 s\u0259m\u0259r\u0259li logistikam\u0131z, biznesinizin harada yerl\u0259\u015fm\u0259sind\u0259n as\u0131l\u0131 olmayaraq, vaxt\u0131nda \u00e7atd\u0131r\u0131lman\u0131 t\u0259min edir.<\/p>\n<h3>Niy\u0259 bizi se\u00e7m\u0259lisiniz?<\/h3>\n<ul>\n<li><strong>Y\u00fcks\u0259k \u0130stehsal G\u00fcc\u00fc<\/strong>: \u0130llik 30.000 ton<\/li>\n<li><strong>Kompleks Sertifikatlar<\/strong>: HACCP, BRCGS, Halal, Kosher, EU Organic<\/li>\n<li><strong>OEM v\u0259 \u015e\u0259xsi Etiket M\u00fct\u0259x\u0259ssisl\u0259ri<\/strong>: Brendiniz \u00fc\u00e7\u00fcn uy\u011funla\u015fd\u0131r\u0131lm\u0131\u015f h\u0259ll\u0259r<\/li>\n<li><strong>Qlobal T\u0259chizat\u00e7\u0131 v\u0259 \u0130xracat\u00e7\u0131<\/strong>: D\u00fcnyan\u0131n h\u0259r yerind\u0259n m\u00fc\u015ft\u0259ril\u0259r\u0259 y\u00fcks\u0259k s\u0259viyy\u0259li f\u0131st\u0131q m\u0259hsullar\u0131 il\u0259 xidm\u0259t g\u00f6st\u0259rir<\/li>\n<\/ul>\n<p>Biz qlobal bazar\u0131n inki\u015faf ed\u0259n t\u0259l\u0259bl\u0259rin\u0259 cavab ver\u0259n \u0259n yax\u015f\u0131 f\u0131st\u0131q ya\u011f\u0131 m\u0259hsullar\u0131n\u0131 t\u0259qdim etm\u0259yi \u00f6hd\u0259miz\u0259 g\u00f6t\u00fcr\u00fcr\u00fck. \u0130st\u0259r ki\u00e7ik p\u0259rak\u0259nd\u0259 paket\u0259, ist\u0259rs\u0259 d\u0259 b\u00f6y\u00fck h\u0259cmd\u0259 paket\u0259 ehtiyac\u0131n\u0131z olsun, biz m\u00fck\u0259mm\u0259l \u015f\u0259kild\u0259 \u00e7atd\u0131r\u0131r\u0131q.<\/p>\n<a href=\"mailto:globepeanut@gmail.com\" class=\"button primary is-primary is-medium\"  >\n    <span>Biz\u0259 e-po\u00e7t g\u00f6nd\u0259rin<\/span>\n  <\/a>","protected":false},"excerpt":{"rendered":"<table style=\"height: 282px;\" width=\"564\">\n<tbody>\n<tr>\n<td width=\"113\"><strong>M\u0259hsulun ad\u0131<\/strong><\/td>\n<td width=\"402\">Kremli F\u0131st\u0131q K\u0259r\u0259 ya\u011f\u0131 | Hamar f\u0131st\u0131q ya\u011f\u0131<\/td>\n<\/tr>\n<tr>\n<td width=\"113\"><strong>T\u0259rkibi<\/strong><\/td>\n<td width=\"402\">Se\u00e7ilmi\u015f f\u0131st\u0131q l\u0259p\u0259si, a\u011f \u015f\u0259k\u0259r, hidrogenl\u0259\u015fdirilmi\u015f bitki ya\u011f\u0131, duz<\/td>\n<\/tr>\n<tr>\n<td width=\"113\"><strong>Spesifikasiyalar<\/strong><\/td>\n<td width=\"402\">200gx36, 227gx24, 340gx12, 375gx12, 500gx12, 510gx12, 1kgx12, 10kgx1, 20kgx1, 220kgx1<\/td>\n<\/tr>\n<tr>\n<td width=\"113\"><strong>Qabla\u015fd\u0131rma formas\u0131<\/strong><\/td>\n<td width=\"402\">Banka, Vedr\u0259, Doy Pack, \u00c7anta, Karton, Qalay, Barel, Can, Butulka v\u0259 s<\/td>\n<\/tr>\n<tr>\n<td width=\"113\"><strong>\u00c7atd\u0131r\u0131lma vaxt\u0131<\/strong><\/td>\n<td width=\"402\">Sifari\u015fd\u0259n 7-20 G\u00fcn Sonra<\/td>\n<\/tr>\n<tr>\n<td width=\"113\"><strong>MOQ<\/strong><\/td>\n<td width=\"402\">Bir Ton<\/td>\n<\/tr>\n<tr>\n<td width=\"113\"><strong>N\u00fcmun\u0259<\/strong><\/td>\n<td width=\"402\">Pulsuz N\u00fcmun\u0259 m\u00f6vcuddur<\/td>\n<\/tr>\n<tr>\n<td width=\"113\"><strong>OEM<\/strong><\/td>\n<td width=\"402\">Al\u0131c\u0131n\u0131n etiketi q\u0259bul olunub<\/td>\n<\/tr>\n<\/tbody>\n<\/table>\n<p>&nbsp;<\/p>","protected":false},"featured_media":1641,"comment_status":"open","ping_status":"closed","template":"","meta":[],"product_cat":[15],"product_tag":[],"class_list":{"0":"post-1397","1":"product","2":"type-product","3":"status-publish","4":"has-post-thumbnail","6":"product_cat-peanut-butter","8":"first","9":"instock","10":"featured","11":"shipping-taxable","12":"product-type-simple"},"yoast_head":"<!-- This site is optimized with the Yoast SEO plugin v24.9 - https:\/\/yoast.com\/wordpress\/plugins\/seo\/ -->\n<title>Creamy Peanut Butter Manufacturer- Smooth Peanut Butter OEM - Peanut Butter Factory<\/title>\n<meta name=\"description\" content=\"As a leading OEM private label manufacturer, we offer premium creamy and smooth peanut butter with flexible packaging, certified to global standards.\" \/>\n<meta name=\"robots\" content=\"index, follow, max-snippet:-1, max-image-preview:large, max-video-preview:-1\" \/>\n<link rel=\"canonical\" href=\"https:\/\/www.peanutoem.com\/az\/manufacturer\/creamy-peanut-butter\/\" \/>\n<meta property=\"og:locale\" content=\"az_AZ\" \/>\n<meta property=\"og:type\" content=\"article\" \/>\n<meta property=\"og:title\" content=\"Creamy Peanut Butter Manufacturer- Smooth Peanut Butter OEM - Peanut Butter Factory\" \/>\n<meta property=\"og:description\" content=\"As a leading OEM private label manufacturer, we offer premium creamy and smooth peanut butter with flexible packaging, certified to global standards.\" \/>\n<meta property=\"og:url\" content=\"https:\/\/www.peanutoem.com\/az\/manufacturer\/creamy-peanut-butter\/\" \/>\n<meta property=\"og:site_name\" content=\"Peanut Butter Factory\" \/>\n<meta property=\"article:modified_time\" content=\"2024-09-28T07:06:47+00:00\" \/>\n<meta property=\"og:image\" content=\"https:\/\/www.peanutoem.com\/wp-content\/uploads\/2023\/06\/Creamy-Peanut-Butter-in-jar.webp\" \/>\n\t<meta property=\"og:image:width\" content=\"1000\" \/>\n\t<meta property=\"og:image:height\" content=\"1000\" \/>\n\t<meta property=\"og:image:type\" content=\"image\/webp\" \/>\n<meta name=\"twitter:card\" content=\"summary_large_image\" \/>\n<meta name=\"twitter:label1\" content=\"Est. reading time\" \/>\n\t<meta name=\"twitter:data1\" content=\"3 minutes\" \/>\n<script type=\"application\/ld+json\" class=\"yoast-schema-graph\">{\"@context\":\"https:\/\/schema.org\",\"@graph\":[{\"@type\":\"WebPage\",\"@id\":\"https:\/\/www.peanutoem.com\/manufacturer\/creamy-peanut-butter\/\",\"url\":\"https:\/\/www.peanutoem.com\/manufacturer\/creamy-peanut-butter\/\",\"name\":\"Creamy Peanut Butter Manufacturer- Smooth Peanut Butter OEM - Peanut Butter Factory\",\"isPartOf\":{\"@id\":\"https:\/\/www.peanutoem.com\/#website\"},\"primaryImageOfPage\":{\"@id\":\"https:\/\/www.peanutoem.com\/manufacturer\/creamy-peanut-butter\/#primaryimage\"},\"image\":{\"@id\":\"https:\/\/www.peanutoem.com\/manufacturer\/creamy-peanut-butter\/#primaryimage\"},\"thumbnailUrl\":\"https:\/\/www.peanutoem.com\/wp-content\/uploads\/2023\/06\/Creamy-Peanut-Butter-in-jar.webp\",\"datePublished\":\"2023-06-08T07:51:40+00:00\",\"dateModified\":\"2024-09-28T07:06:47+00:00\",\"description\":\"As a leading OEM private label manufacturer, we offer premium creamy and smooth peanut butter with flexible packaging, certified to global standards.\",\"breadcrumb\":{\"@id\":\"https:\/\/www.peanutoem.com\/manufacturer\/creamy-peanut-butter\/#breadcrumb\"},\"inLanguage\":\"az\",\"potentialAction\":[{\"@type\":\"ReadAction\",\"target\":[\"https:\/\/www.peanutoem.com\/manufacturer\/creamy-peanut-butter\/\"]}]},{\"@type\":\"ImageObject\",\"inLanguage\":\"az\",\"@id\":\"https:\/\/www.peanutoem.com\/manufacturer\/creamy-peanut-butter\/#primaryimage\",\"url\":\"https:\/\/www.peanutoem.com\/wp-content\/uploads\/2023\/06\/Creamy-Peanut-Butter-in-jar.webp\",\"contentUrl\":\"https:\/\/www.peanutoem.com\/wp-content\/uploads\/2023\/06\/Creamy-Peanut-Butter-in-jar.webp\",\"width\":1000,\"height\":1000,\"caption\":\"Creamy Peanut Butter in jar\"},{\"@type\":\"BreadcrumbList\",\"@id\":\"https:\/\/www.peanutoem.com\/manufacturer\/creamy-peanut-butter\/#breadcrumb\",\"itemListElement\":[{\"@type\":\"ListItem\",\"position\":1,\"name\":\"Home\",\"item\":\"https:\/\/www.peanutoem.com\/\"},{\"@type\":\"ListItem\",\"position\":2,\"name\":\"Products\",\"item\":\"https:\/\/www.peanutoem.com\/shop\/\"},{\"@type\":\"ListItem\",\"position\":3,\"name\":\"Creamy Peanut Butter | Smooth Peanut Butter\"}]},{\"@type\":\"WebSite\",\"@id\":\"https:\/\/www.peanutoem.com\/#website\",\"url\":\"https:\/\/www.peanutoem.com\/\",\"name\":\"Peanut Butter Factory\",\"description\":\"Peanut Butter Manufacturer and Roast Peanut OEM Factory | Peanut Private Label China Supplier\",\"publisher\":{\"@id\":\"https:\/\/www.peanutoem.com\/#organization\"},\"alternateName\":\"Peanut Butter OEM and Wholesale\",\"potentialAction\":[{\"@type\":\"SearchAction\",\"target\":{\"@type\":\"EntryPoint\",\"urlTemplate\":\"https:\/\/www.peanutoem.com\/?s={search_term_string}\"},\"query-input\":{\"@type\":\"PropertyValueSpecification\",\"valueRequired\":true,\"valueName\":\"search_term_string\"}}],\"inLanguage\":\"az\"},{\"@type\":\"Organization\",\"@id\":\"https:\/\/www.peanutoem.com\/#organization\",\"name\":\"Peanut Butter Factory\",\"alternateName\":\"JuFeng Group\",\"url\":\"https:\/\/www.peanutoem.com\/\",\"logo\":{\"@type\":\"ImageObject\",\"inLanguage\":\"az\",\"@id\":\"https:\/\/www.peanutoem.com\/#\/schema\/logo\/image\/\",\"url\":\"https:\/\/www.peanutoem.com\/wp-content\/uploads\/2024\/09\/JUFENG-LOGO.png\",\"contentUrl\":\"https:\/\/www.peanutoem.com\/wp-content\/uploads\/2024\/09\/JUFENG-LOGO.png\",\"width\":600,\"height\":170,\"caption\":\"Peanut Butter Factory\"},\"image\":{\"@id\":\"https:\/\/www.peanutoem.com\/#\/schema\/logo\/image\/\"}}]}<\/script>\n<!-- \/ Yoast SEO plugin. -->","yoast_head_json":{"title":"Creamy Peanut Butter Manufacturer- Smooth Peanut Butter OEM - Peanut Butter Factory","description":"As a leading OEM private label manufacturer, we offer premium creamy and smooth peanut butter with flexible packaging, certified to global standards.","robots":{"index":"index","follow":"follow","max-snippet":"max-snippet:-1","max-image-preview":"max-image-preview:large","max-video-preview":"max-video-preview:-1"},"canonical":"https:\/\/www.peanutoem.com\/az\/manufacturer\/creamy-peanut-butter\/","og_locale":"az_AZ","og_type":"article","og_title":"Creamy Peanut Butter Manufacturer- Smooth Peanut Butter OEM - Peanut Butter Factory","og_description":"As a leading OEM private label manufacturer, we offer premium creamy and smooth peanut butter with flexible packaging, certified to global standards.","og_url":"https:\/\/www.peanutoem.com\/az\/manufacturer\/creamy-peanut-butter\/","og_site_name":"Peanut Butter Factory","article_modified_time":"2024-09-28T07:06:47+00:00","og_image":[{"width":1000,"height":1000,"url":"https:\/\/www.peanutoem.com\/wp-content\/uploads\/2023\/06\/Creamy-Peanut-Butter-in-jar.webp","type":"image\/webp"}],"twitter_card":"summary_large_image","twitter_misc":{"Est. reading time":"3 minutes"},"schema":{"@context":"https:\/\/schema.org","@graph":[{"@type":"WebPage","@id":"https:\/\/www.peanutoem.com\/manufacturer\/creamy-peanut-butter\/","url":"https:\/\/www.peanutoem.com\/manufacturer\/creamy-peanut-butter\/","name":"Creamy Peanut Butter Manufacturer- Smooth Peanut Butter OEM - Peanut Butter Factory","isPartOf":{"@id":"https:\/\/www.peanutoem.com\/#website"},"primaryImageOfPage":{"@id":"https:\/\/www.peanutoem.com\/manufacturer\/creamy-peanut-butter\/#primaryimage"},"image":{"@id":"https:\/\/www.peanutoem.com\/manufacturer\/creamy-peanut-butter\/#primaryimage"},"thumbnailUrl":"https:\/\/www.peanutoem.com\/wp-content\/uploads\/2023\/06\/Creamy-Peanut-Butter-in-jar.webp","datePublished":"2023-06-08T07:51:40+00:00","dateModified":"2024-09-28T07:06:47+00:00","description":"As a leading OEM private label manufacturer, we offer premium creamy and smooth peanut butter with flexible packaging, certified to global standards.","breadcrumb":{"@id":"https:\/\/www.peanutoem.com\/manufacturer\/creamy-peanut-butter\/#breadcrumb"},"inLanguage":"az","potentialAction":[{"@type":"ReadAction","target":["https:\/\/www.peanutoem.com\/manufacturer\/creamy-peanut-butter\/"]}]},{"@type":"ImageObject","inLanguage":"az","@id":"https:\/\/www.peanutoem.com\/manufacturer\/creamy-peanut-butter\/#primaryimage","url":"https:\/\/www.peanutoem.com\/wp-content\/uploads\/2023\/06\/Creamy-Peanut-Butter-in-jar.webp","contentUrl":"https:\/\/www.peanutoem.com\/wp-content\/uploads\/2023\/06\/Creamy-Peanut-Butter-in-jar.webp","width":1000,"height":1000,"caption":"Creamy Peanut Butter in jar"},{"@type":"BreadcrumbList","@id":"https:\/\/www.peanutoem.com\/manufacturer\/creamy-peanut-butter\/#breadcrumb","itemListElement":[{"@type":"ListItem","position":1,"name":"Home","item":"https:\/\/www.peanutoem.com\/"},{"@type":"ListItem","position":2,"name":"Products","item":"https:\/\/www.peanutoem.com\/shop\/"},{"@type":"ListItem","position":3,"name":"Creamy Peanut Butter | Smooth Peanut Butter"}]},{"@type":"WebSite","@id":"https:\/\/www.peanutoem.com\/#website","url":"https:\/\/www.peanutoem.com\/","name":"Peanut Butter Factory","description":"Peanut Butter Manufacturer and Roast Peanut OEM Factory | Peanut Private Label China Supplier","publisher":{"@id":"https:\/\/www.peanutoem.com\/#organization"},"alternateName":"Peanut Butter OEM and Wholesale","potentialAction":[{"@type":"SearchAction","target":{"@type":"EntryPoint","urlTemplate":"https:\/\/www.peanutoem.com\/?s={search_term_string}"},"query-input":{"@type":"PropertyValueSpecification","valueRequired":true,"valueName":"search_term_string"}}],"inLanguage":"az"},{"@type":"Organization","@id":"https:\/\/www.peanutoem.com\/#organization","name":"Peanut Butter Factory","alternateName":"JuFeng Group","url":"https:\/\/www.peanutoem.com\/","logo":{"@type":"ImageObject","inLanguage":"az","@id":"https:\/\/www.peanutoem.com\/#\/schema\/logo\/image\/","url":"https:\/\/www.peanutoem.com\/wp-content\/uploads\/2024\/09\/JUFENG-LOGO.png","contentUrl":"https:\/\/www.peanutoem.com\/wp-content\/uploads\/2024\/09\/JUFENG-LOGO.png","width":600,"height":170,"caption":"Peanut Butter Factory"},"image":{"@id":"https:\/\/www.peanutoem.com\/#\/schema\/logo\/image\/"}}]}},"_links":{"self":[{"href":"https:\/\/www.peanutoem.com\/az\/wp-json\/wp\/v2\/product\/1397","targetHints":{"allow":["GET"]}}],"collection":[{"href":"https:\/\/www.peanutoem.com\/az\/wp-json\/wp\/v2\/product"}],"about":[{"href":"https:\/\/www.peanutoem.com\/az\/wp-json\/wp\/v2\/types\/product"}],"replies":[{"embeddable":true,"href":"https:\/\/www.peanutoem.com\/az\/wp-json\/wp\/v2\/comments?post=1397"}],"wp:featuredmedia":[{"embeddable":true,"href":"https:\/\/www.peanutoem.com\/az\/wp-json\/wp\/v2\/media\/1641"}],"wp:attachment":[{"href":"https:\/\/www.peanutoem.com\/az\/wp-json\/wp\/v2\/media?parent=1397"}],"wp:term":[{"taxonomy":"product_cat","embeddable":true,"href":"https:\/\/www.peanutoem.com\/az\/wp-json\/wp\/v2\/product_cat?post=1397"},{"taxonomy":"product_tag","embeddable":true,"href":"https:\/\/www.peanutoem.com\/az\/wp-json\/wp\/v2\/product_tag?post=1397"}],"curies":[{"name":"wp","href":"https:\/\/api.w.org\/{rel}","templated":true}]}}