{"id":1402,"date":"2023-06-08T08:15:42","date_gmt":"2023-06-08T08:15:42","guid":{"rendered":"https:\/\/www.peanutoem.com\/?post_type=product&#038;p=1402"},"modified":"2024-09-28T06:53:33","modified_gmt":"2024-09-28T06:53:33","slug":"crunchy-peanut-butter","status":"publish","type":"product","link":"https:\/\/www.peanutoem.com\/az\/manufacturer\/crunchy-peanut-butter\/","title":{"rendered":"X\u0131rt\u0131ldayan f\u0131st\u0131q ya\u011f\u0131 | X\u00fcsusi x\u0131rt\u0131ldayan f\u0131st\u0131q ya\u011f\u0131"},"content":{"rendered":"<h3>X\u0131rt\u0131ldayan <a href=\"https:\/\/www.peanutoem.com\/az\/Wholesale\/peanut-butter\/\" target=\"_blank\" rel=\"noopener\">F\u0131st\u0131q ya\u011f\u0131<\/a> \u2013 Premium OEM \u015e\u0259xsi Etiket \u0130stehsal\u00e7\u0131s\u0131<\/h3>\n<p>Biz h\u0259m p\u0259rak\u0259nd\u0259, h\u0259m d\u0259 s\u0259naye istifad\u0259si \u00fc\u00e7\u00fcn m\u00fck\u0259mm\u0259l, m\u0259mnunedici tekstura t\u0259klif ed\u0259n y\u00fcks\u0259k keyfiyy\u0259tli x\u0131rt\u0131ldayan f\u0131st\u0131q ya\u011f\u0131n\u0131n apar\u0131c\u0131 OEM \u00f6z\u0259l etiket istehsal\u00e7\u0131s\u0131, ixracat\u00e7\u0131s\u0131 v\u0259 t\u0259chizat\u00e7\u0131s\u0131 olmaqdan q\u00fcrur duyuruq. \u0130stehsal imkanlar\u0131m\u0131z, f\u0259rdil\u0259\u015fdiril\u0259 bil\u0259n variantlarla birl\u0259\u015f\u0259r\u0259k, d\u00fcnya miqyas\u0131nda brendl\u0259rin unikal ehtiyaclar\u0131n\u0131 qar\u015f\u0131lama\u011fa imkan verir.<\/p>\n<h3>Qabaqc\u0131l istehsal &amp; <a href=\"https:\/\/www.peanutoem.com\/az\/certificate\/\" target=\"_blank\" rel=\"noopener\">Sertifikatlar<\/a><\/h3>\n<p>M\u00fcasir qur\u011fular\u0131m\u0131z ciddi keyfiyy\u0259t\u0259 n\u0259zar\u0259t etm\u0259kl\u0259 geni\u015fmiqyasl\u0131 istehsal\u0131 idar\u0259 etm\u0259k \u00fc\u00e7\u00fcn t\u0259chiz edilmi\u015fdir. HACCP, BRCGS, Halal, Kosher v\u0259 EU Organic kimi sertifikatlarla biz x\u0131rt\u0131ldayan f\u0131st\u0131q ya\u011f\u0131m\u0131z\u0131n \u0259n y\u00fcks\u0259k qlobal standartlara uy\u011fun olmas\u0131n\u0131 t\u0259min edirik. Bu, bizi etibarl\u0131 OEM v\u0259 \u00f6z\u0259l etiket h\u0259ll\u0259ri axtaran biznesl\u0259r \u00fc\u00e7\u00fcn \u00fcst\u00fcnl\u00fck veril\u0259n t\u0259r\u0259fda\u015f edir.<\/p>\n<h3>X\u0131rt\u0131ldayan f\u0131st\u0131q ya\u011f\u0131 n\u0259dir?<\/h3>\n<p>X\u0131rt\u0131ldayan f\u0131st\u0131q ya\u011f\u0131, toxumal\u0131 di\u015fl\u0259m\u0259 v\u0259 z\u0259ngin f\u0131st\u0131q l\u0259zz\u0259ti t\u0259min ed\u0259n ki\u00e7ik f\u0131st\u0131q qranullar\u0131n\u0131 ehtiva edir. Bu \u00e7e\u015fid hamar v\u0259 ya qaymaql\u0131 se\u00e7iml\u0259rl\u0259 m\u00fcqayis\u0259d\u0259 daha \u0259h\u0259miyy\u0259tli f\u0131st\u0131q ya\u011f\u0131 t\u0259cr\u00fcb\u0259sind\u0259n z\u00f6vq alan istehlak\u00e7\u0131lar \u00fc\u00e7\u00fcn m\u00fck\u0259mm\u0259ldir. Bizim qranul tipli f\u0131st\u0131q ya\u011f\u0131m\u0131z h\u0259r bankada tutarl\u0131l\u0131\u011f\u0131 t\u0259min ed\u0259n \u0259n yax\u015f\u0131 f\u0131st\u0131qlardan istifad\u0259 edilir.<\/p>\n<p>X\u0131rt\u0131ldayan f\u0131st\u0131q ya\u011f\u0131 b\u00f6lg\u0259d\u0259n v\u0259 ya marketinq \u00fcst\u00fcnl\u00fckl\u0259rind\u0259n as\u0131l\u0131 olaraq bir ne\u00e7\u0259 ba\u015fqa adla da adland\u0131r\u0131la bil\u0259r. B\u0259zi alternativ adlara a\u015fa\u011f\u0131dak\u0131lar daxildir:<\/p>\n<ol>\n<li><strong>K\u0259skin f\u0131st\u0131q ya\u011f\u0131<\/strong> \u2013 Bu, x\u00fcsusil\u0259 AB\u015e-da eyni tekstural\u0131 m\u00fcxt\u0259lifliy\u0259 istinad ed\u0259n \u00fcmumi bir termindir.<\/li>\n<li><strong>Qranul tipli f\u0131st\u0131q ya\u011f\u0131<\/strong> \u2013 Tez-tez daha texniki v\u0259 ya s\u0259naye kontekstind\u0259 istifad\u0259 edil\u0259n d\u0259n\u0259v\u0259r toxumas\u0131n\u0131 t\u0259svir edir.<\/li>\n<li><strong>Dokulu f\u0131st\u0131q ya\u011f\u0131<\/strong> \u2013 F\u0131st\u0131q diliml\u0259rinin toxumas\u0131n\u0131 vur\u011fulamaq.<\/li>\n<li><strong>Qozlu f\u0131st\u0131q ya\u011f\u0131<\/strong> \u2013 B\u0259z\u0259n yay\u0131lma i\u00e7\u0259risind\u0259 f\u0131st\u0131q par\u00e7alar\u0131n\u0131 vur\u011fulamaq \u00fc\u00e7\u00fcn istifad\u0259 olunur.<\/li>\n<\/ol>\n<p>Bu adlar tez-tez bir-birini \u0259v\u0259z edir v\u0259 f\u0131st\u0131q ya\u011f\u0131n\u0131n ki\u00e7ik f\u0131st\u0131q par\u00e7alar\u0131 v\u0259 ya qranullar\u0131 ehtiva etdiyi fikrini \u00e7atd\u0131r\u0131r.<\/p>\n<h3>X\u0131rt\u0131ldayan F\u0131st\u0131q K\u0259r\u0259 ya\u011f\u0131 \u00fc\u00e7\u00fcn F\u0259rdi Etiket H\u0259ll\u0259ri<\/h3>\n<p>G\u00f6rk\u0259mli OEM istehsal\u00e7\u0131s\u0131 olaraq, biz x\u0131rt\u0131ldayan f\u0131st\u0131q ya\u011f\u0131 \u00fc\u00e7\u00fcn uy\u011funla\u015fd\u0131r\u0131lm\u0131\u015f \u00f6z\u0259l etiket xidm\u0259tl\u0259ri t\u0259klif edirik. \u0130st\u0259r unikal qabla\u015fd\u0131rmaya v\u0259 ya x\u00fcsusi \u00f6l\u00e7\u00fcl\u0259r\u0259 ehtiyac\u0131n\u0131z olsun, biz sizin brendinizin ehtiyaclar\u0131na uy\u011fun \u00e7evik se\u00e7iml\u0259r t\u0259qdim edirik. Komandam\u0131z brend \u015f\u0259xsiyy\u0259tiniz\u0259 v\u0259 bazar t\u0259l\u0259bl\u0259rin\u0259 uy\u011fun m\u0259hsul haz\u0131rlamaq \u00fc\u00e7\u00fcn sizinl\u0259 s\u0131x \u0259m\u0259kda\u015fl\u0131q edir.<\/p>\n<h3>Qranul tipli f\u0131st\u0131q ya\u011f\u0131 qlobal ixracat\u00e7\u0131s\u0131 v\u0259 t\u0259dar\u00fck\u00e7\u00fcs\u00fc<\/h3>\n<p>Geni\u015f ixrac \u015f\u0259b\u0259k\u0259si il\u0259 biz qlobal miqyasda m\u00fc\u015ft\u0259ril\u0259r\u0259 xidm\u0259t g\u00f6st\u0259ririk ki, bu da bizi qranul tipli f\u0131st\u0131q ya\u011f\u0131n\u0131n etibarl\u0131 ixracat\u00e7\u0131s\u0131 v\u0259 t\u0259dar\u00fck\u00e7\u00fcs\u00fc edir. Effektiv logistikam\u0131z ki\u00e7ik partiyalara v\u0259 ya toplu sifari\u015fl\u0259r\u0259 ehtiyac\u0131n\u0131z olub-olmamas\u0131ndan as\u0131l\u0131 olmayaraq vaxt\u0131nda \u00e7atd\u0131r\u0131lman\u0131 t\u0259min edir. Biz beyn\u0259lxalq bazarlarda ard\u0131c\u0131ll\u0131\u011f\u0131n v\u0259 etibarl\u0131l\u0131\u011f\u0131n vacibliyini ba\u015fa d\u00fc\u015f\u00fcr\u00fck.<\/p>\n<h3>Niy\u0259 bizi se\u00e7m\u0259lisiniz?<\/h3>\n<ul>\n<li><strong>Geni\u015f \u0130stehsal G\u00fcc\u00fc<\/strong>: Markan\u0131za uy\u011funla\u015fd\u0131r\u0131lm\u0131\u015f geni\u015f miqyasl\u0131 istehsal<\/li>\n<li><strong>Qlobal <a href=\"https:\/\/www.peanutoem.com\/az\/certificate\/\" target=\"_blank\" rel=\"noopener\">Sertifikatlar<\/a><\/strong>: HACCP, BRCGS, Halal, Kosher v\u0259 daha \u00e7ox daxil olmaqla<\/li>\n<li><strong>\u00c7evik OEM v\u0259 \u015e\u0259xsi Etiket Se\u00e7iml\u0259ri<\/strong>: Spesifikasiyalar\u0131n\u0131za uy\u011funla\u015fd\u0131r\u0131la bil\u0259r<\/li>\n<li><strong>Etibarl\u0131 \u0130xracat\u00e7\u0131 v\u0259 T\u0259chizat\u00e7\u0131<\/strong>: Davaml\u0131 keyfiyy\u0259tl\u0259 d\u00fcnya bazarlar\u0131na xidm\u0259t<\/li>\n<\/ul>\n<p>Biz \u00e7evik OEM v\u0259 \u00f6z\u0259l etiket h\u0259ll\u0259rimiz vasit\u0259sil\u0259 x\u0131rt\u0131ldayan f\u0131st\u0131q ya\u011f\u0131nda \u0259n yax\u015f\u0131s\u0131n\u0131 t\u0259qdim etm\u0259y\u0259 haz\u0131r\u0131q. Keyfiyy\u0259t\u0259 v\u0259 f\u0259rdil\u0259\u015fdirm\u0259y\u0259 diqq\u0259t yetir\u0259r\u0259k m\u00fc\u015ft\u0259ril\u0259riniz\u0259 y\u00fcks\u0259k s\u0259viyy\u0259li, qranul tipli f\u0131st\u0131q ya\u011f\u0131n\u0131 \u00e7atd\u0131rma\u011f\u0131n\u0131za k\u00f6m\u0259k ed\u0259k.<\/p>\n<a href=\"mailto:globepeanut@gmail.com\" class=\"button primary is-primary is-medium\"  >\n    <span>Biz\u0259 e-po\u00e7t g\u00f6nd\u0259rin<\/span>\n  <\/a>","protected":false},"excerpt":{"rendered":"<table width=\"564\">\n<tbody>\n<tr>\n<td width=\"113\"><strong>M\u0259hsulun ad\u0131<\/strong><\/td>\n<td width=\"402\">X\u0131rt\u0131ldayan f\u0131st\u0131q ya\u011f\u0131<\/td>\n<\/tr>\n<tr>\n<td width=\"113\"><strong>T\u0259rkibi<\/strong><\/td>\n<td width=\"402\">Se\u00e7ilmi\u015f f\u0131st\u0131q l\u0259p\u0259si, a\u011f \u015f\u0259k\u0259r, hidrogenl\u0259\u015fdirilmi\u015f bitki ya\u011f\u0131, duz<\/td>\n<\/tr>\n<tr>\n<td width=\"113\"><strong>Spesifikasiyalar<\/strong><\/td>\n<td width=\"402\">200gx36, 227gx24, 340gx12, 375gx12, 500gx12, 510gx12, 1kgx12, 10kgx1, 20kgx1, 220kgx1<\/td>\n<\/tr>\n<tr>\n<td width=\"113\"><strong>Qabla\u015fd\u0131rma formas\u0131<\/strong><\/td>\n<td width=\"402\">Banka, Vedr\u0259, Doy Pack, \u00c7anta, Karton, Qalay, Barel, Can, Butulka v\u0259 s<\/td>\n<\/tr>\n<tr>\n<td width=\"113\"><strong>\u00c7atd\u0131r\u0131lma vaxt\u0131<\/strong><\/td>\n<td width=\"402\">Sifari\u015fd\u0259n 7-20 G\u00fcn Sonra<\/td>\n<\/tr>\n<tr>\n<td width=\"113\"><strong>MOQ<\/strong><\/td>\n<td width=\"402\">Bir Ton<\/td>\n<\/tr>\n<tr>\n<td width=\"113\"><strong>N\u00fcmun\u0259<\/strong><\/td>\n<td width=\"402\">Pulsuz N\u00fcmun\u0259 m\u00f6vcuddur<\/td>\n<\/tr>\n<tr>\n<td width=\"113\"><strong>OEM<\/strong><\/td>\n<td width=\"402\">Al\u0131c\u0131n\u0131n etiketi q\u0259bul olunub<\/td>\n<\/tr>\n<\/tbody>\n<\/table>","protected":false},"featured_media":1652,"comment_status":"open","ping_status":"closed","template":"","meta":[],"product_cat":[15],"product_tag":[],"class_list":{"0":"post-1402","1":"product","2":"type-product","3":"status-publish","4":"has-post-thumbnail","6":"product_cat-peanut-butter","8":"first","9":"instock","10":"featured","11":"shipping-taxable","12":"product-type-simple"},"yoast_head":"<!-- This site is optimized with the Yoast SEO plugin v24.9 - https:\/\/yoast.com\/wordpress\/plugins\/seo\/ -->\n<title>Crunchy Peanut Butter | Custom Crunchy Peanut Butter OEM - Peanut Butter Factory<\/title>\n<meta name=\"description\" content=\"As a leading private label manufacturer, Our crunchy peanut butter is made with delightful granule texture and customizable packaging.\" \/>\n<meta name=\"robots\" content=\"index, follow, max-snippet:-1, max-image-preview:large, max-video-preview:-1\" \/>\n<link rel=\"canonical\" href=\"https:\/\/www.peanutoem.com\/az\/manufacturer\/crunchy-peanut-butter\/\" \/>\n<meta property=\"og:locale\" content=\"az_AZ\" \/>\n<meta property=\"og:type\" content=\"article\" \/>\n<meta property=\"og:title\" content=\"Crunchy Peanut Butter | Custom Crunchy Peanut Butter OEM - Peanut Butter Factory\" \/>\n<meta property=\"og:description\" content=\"As a leading private label manufacturer, Our crunchy peanut butter is made with delightful granule texture and customizable packaging.\" \/>\n<meta property=\"og:url\" content=\"https:\/\/www.peanutoem.com\/az\/manufacturer\/crunchy-peanut-butter\/\" \/>\n<meta property=\"og:site_name\" content=\"Peanut Butter Factory\" \/>\n<meta property=\"article:modified_time\" content=\"2024-09-28T06:53:33+00:00\" \/>\n<meta property=\"og:image\" content=\"https:\/\/www.peanutoem.com\/wp-content\/uploads\/2023\/06\/Crunchy-Type-Peanut-Butter-340g.webp\" \/>\n\t<meta property=\"og:image:width\" content=\"1000\" \/>\n\t<meta property=\"og:image:height\" content=\"1000\" \/>\n\t<meta property=\"og:image:type\" content=\"image\/webp\" \/>\n<meta name=\"twitter:card\" content=\"summary_large_image\" \/>\n<meta name=\"twitter:label1\" content=\"Est. reading time\" \/>\n\t<meta name=\"twitter:data1\" content=\"3 minutes\" \/>\n<script type=\"application\/ld+json\" class=\"yoast-schema-graph\">{\"@context\":\"https:\/\/schema.org\",\"@graph\":[{\"@type\":\"WebPage\",\"@id\":\"https:\/\/www.peanutoem.com\/manufacturer\/crunchy-peanut-butter\/\",\"url\":\"https:\/\/www.peanutoem.com\/manufacturer\/crunchy-peanut-butter\/\",\"name\":\"Crunchy Peanut Butter | Custom Crunchy Peanut Butter OEM - Peanut Butter Factory\",\"isPartOf\":{\"@id\":\"https:\/\/www.peanutoem.com\/#website\"},\"primaryImageOfPage\":{\"@id\":\"https:\/\/www.peanutoem.com\/manufacturer\/crunchy-peanut-butter\/#primaryimage\"},\"image\":{\"@id\":\"https:\/\/www.peanutoem.com\/manufacturer\/crunchy-peanut-butter\/#primaryimage\"},\"thumbnailUrl\":\"https:\/\/www.peanutoem.com\/wp-content\/uploads\/2023\/06\/Crunchy-Type-Peanut-Butter-340g.webp\",\"datePublished\":\"2023-06-08T08:15:42+00:00\",\"dateModified\":\"2024-09-28T06:53:33+00:00\",\"description\":\"As a leading private label manufacturer, Our crunchy peanut butter is made with delightful granule texture and customizable packaging.\",\"breadcrumb\":{\"@id\":\"https:\/\/www.peanutoem.com\/manufacturer\/crunchy-peanut-butter\/#breadcrumb\"},\"inLanguage\":\"az\",\"potentialAction\":[{\"@type\":\"ReadAction\",\"target\":[\"https:\/\/www.peanutoem.com\/manufacturer\/crunchy-peanut-butter\/\"]}]},{\"@type\":\"ImageObject\",\"inLanguage\":\"az\",\"@id\":\"https:\/\/www.peanutoem.com\/manufacturer\/crunchy-peanut-butter\/#primaryimage\",\"url\":\"https:\/\/www.peanutoem.com\/wp-content\/uploads\/2023\/06\/Crunchy-Type-Peanut-Butter-340g.webp\",\"contentUrl\":\"https:\/\/www.peanutoem.com\/wp-content\/uploads\/2023\/06\/Crunchy-Type-Peanut-Butter-340g.webp\",\"width\":1000,\"height\":1000,\"caption\":\"Crunchy Type Peanut Butter 340g\"},{\"@type\":\"BreadcrumbList\",\"@id\":\"https:\/\/www.peanutoem.com\/manufacturer\/crunchy-peanut-butter\/#breadcrumb\",\"itemListElement\":[{\"@type\":\"ListItem\",\"position\":1,\"name\":\"Home\",\"item\":\"https:\/\/www.peanutoem.com\/\"},{\"@type\":\"ListItem\",\"position\":2,\"name\":\"Products\",\"item\":\"https:\/\/www.peanutoem.com\/shop\/\"},{\"@type\":\"ListItem\",\"position\":3,\"name\":\"Crunchy Peanut Butter | Custom Crunchy Peanut Butter\"}]},{\"@type\":\"WebSite\",\"@id\":\"https:\/\/www.peanutoem.com\/#website\",\"url\":\"https:\/\/www.peanutoem.com\/\",\"name\":\"Peanut Butter Factory\",\"description\":\"Peanut Butter Manufacturer and Roast Peanut OEM Factory | Peanut Private Label China Supplier\",\"publisher\":{\"@id\":\"https:\/\/www.peanutoem.com\/#organization\"},\"alternateName\":\"Peanut Butter OEM and Wholesale\",\"potentialAction\":[{\"@type\":\"SearchAction\",\"target\":{\"@type\":\"EntryPoint\",\"urlTemplate\":\"https:\/\/www.peanutoem.com\/?s={search_term_string}\"},\"query-input\":{\"@type\":\"PropertyValueSpecification\",\"valueRequired\":true,\"valueName\":\"search_term_string\"}}],\"inLanguage\":\"az\"},{\"@type\":\"Organization\",\"@id\":\"https:\/\/www.peanutoem.com\/#organization\",\"name\":\"Peanut Butter Factory\",\"alternateName\":\"JuFeng Group\",\"url\":\"https:\/\/www.peanutoem.com\/\",\"logo\":{\"@type\":\"ImageObject\",\"inLanguage\":\"az\",\"@id\":\"https:\/\/www.peanutoem.com\/#\/schema\/logo\/image\/\",\"url\":\"https:\/\/www.peanutoem.com\/wp-content\/uploads\/2024\/09\/JUFENG-LOGO.png\",\"contentUrl\":\"https:\/\/www.peanutoem.com\/wp-content\/uploads\/2024\/09\/JUFENG-LOGO.png\",\"width\":600,\"height\":170,\"caption\":\"Peanut Butter Factory\"},\"image\":{\"@id\":\"https:\/\/www.peanutoem.com\/#\/schema\/logo\/image\/\"}}]}<\/script>\n<!-- \/ Yoast SEO plugin. -->","yoast_head_json":{"title":"Crunchy Peanut Butter | Custom Crunchy Peanut Butter OEM - Peanut Butter Factory","description":"As a leading private label manufacturer, Our crunchy peanut butter is made with delightful granule texture and customizable packaging.","robots":{"index":"index","follow":"follow","max-snippet":"max-snippet:-1","max-image-preview":"max-image-preview:large","max-video-preview":"max-video-preview:-1"},"canonical":"https:\/\/www.peanutoem.com\/az\/manufacturer\/crunchy-peanut-butter\/","og_locale":"az_AZ","og_type":"article","og_title":"Crunchy Peanut Butter | Custom Crunchy Peanut Butter OEM - Peanut Butter Factory","og_description":"As a leading private label manufacturer, Our crunchy peanut butter is made with delightful granule texture and customizable packaging.","og_url":"https:\/\/www.peanutoem.com\/az\/manufacturer\/crunchy-peanut-butter\/","og_site_name":"Peanut Butter Factory","article_modified_time":"2024-09-28T06:53:33+00:00","og_image":[{"width":1000,"height":1000,"url":"https:\/\/www.peanutoem.com\/wp-content\/uploads\/2023\/06\/Crunchy-Type-Peanut-Butter-340g.webp","type":"image\/webp"}],"twitter_card":"summary_large_image","twitter_misc":{"Est. reading time":"3 minutes"},"schema":{"@context":"https:\/\/schema.org","@graph":[{"@type":"WebPage","@id":"https:\/\/www.peanutoem.com\/manufacturer\/crunchy-peanut-butter\/","url":"https:\/\/www.peanutoem.com\/manufacturer\/crunchy-peanut-butter\/","name":"Crunchy Peanut Butter | Custom Crunchy Peanut Butter OEM - Peanut Butter Factory","isPartOf":{"@id":"https:\/\/www.peanutoem.com\/#website"},"primaryImageOfPage":{"@id":"https:\/\/www.peanutoem.com\/manufacturer\/crunchy-peanut-butter\/#primaryimage"},"image":{"@id":"https:\/\/www.peanutoem.com\/manufacturer\/crunchy-peanut-butter\/#primaryimage"},"thumbnailUrl":"https:\/\/www.peanutoem.com\/wp-content\/uploads\/2023\/06\/Crunchy-Type-Peanut-Butter-340g.webp","datePublished":"2023-06-08T08:15:42+00:00","dateModified":"2024-09-28T06:53:33+00:00","description":"As a leading private label manufacturer, Our crunchy peanut butter is made with delightful granule texture and customizable packaging.","breadcrumb":{"@id":"https:\/\/www.peanutoem.com\/manufacturer\/crunchy-peanut-butter\/#breadcrumb"},"inLanguage":"az","potentialAction":[{"@type":"ReadAction","target":["https:\/\/www.peanutoem.com\/manufacturer\/crunchy-peanut-butter\/"]}]},{"@type":"ImageObject","inLanguage":"az","@id":"https:\/\/www.peanutoem.com\/manufacturer\/crunchy-peanut-butter\/#primaryimage","url":"https:\/\/www.peanutoem.com\/wp-content\/uploads\/2023\/06\/Crunchy-Type-Peanut-Butter-340g.webp","contentUrl":"https:\/\/www.peanutoem.com\/wp-content\/uploads\/2023\/06\/Crunchy-Type-Peanut-Butter-340g.webp","width":1000,"height":1000,"caption":"Crunchy Type Peanut Butter 340g"},{"@type":"BreadcrumbList","@id":"https:\/\/www.peanutoem.com\/manufacturer\/crunchy-peanut-butter\/#breadcrumb","itemListElement":[{"@type":"ListItem","position":1,"name":"Home","item":"https:\/\/www.peanutoem.com\/"},{"@type":"ListItem","position":2,"name":"Products","item":"https:\/\/www.peanutoem.com\/shop\/"},{"@type":"ListItem","position":3,"name":"Crunchy Peanut Butter | Custom Crunchy Peanut Butter"}]},{"@type":"WebSite","@id":"https:\/\/www.peanutoem.com\/#website","url":"https:\/\/www.peanutoem.com\/","name":"Peanut Butter Factory","description":"Peanut Butter Manufacturer and Roast Peanut OEM Factory | Peanut Private Label China Supplier","publisher":{"@id":"https:\/\/www.peanutoem.com\/#organization"},"alternateName":"Peanut Butter OEM and Wholesale","potentialAction":[{"@type":"SearchAction","target":{"@type":"EntryPoint","urlTemplate":"https:\/\/www.peanutoem.com\/?s={search_term_string}"},"query-input":{"@type":"PropertyValueSpecification","valueRequired":true,"valueName":"search_term_string"}}],"inLanguage":"az"},{"@type":"Organization","@id":"https:\/\/www.peanutoem.com\/#organization","name":"Peanut Butter Factory","alternateName":"JuFeng Group","url":"https:\/\/www.peanutoem.com\/","logo":{"@type":"ImageObject","inLanguage":"az","@id":"https:\/\/www.peanutoem.com\/#\/schema\/logo\/image\/","url":"https:\/\/www.peanutoem.com\/wp-content\/uploads\/2024\/09\/JUFENG-LOGO.png","contentUrl":"https:\/\/www.peanutoem.com\/wp-content\/uploads\/2024\/09\/JUFENG-LOGO.png","width":600,"height":170,"caption":"Peanut Butter Factory"},"image":{"@id":"https:\/\/www.peanutoem.com\/#\/schema\/logo\/image\/"}}]}},"_links":{"self":[{"href":"https:\/\/www.peanutoem.com\/az\/wp-json\/wp\/v2\/product\/1402","targetHints":{"allow":["GET"]}}],"collection":[{"href":"https:\/\/www.peanutoem.com\/az\/wp-json\/wp\/v2\/product"}],"about":[{"href":"https:\/\/www.peanutoem.com\/az\/wp-json\/wp\/v2\/types\/product"}],"replies":[{"embeddable":true,"href":"https:\/\/www.peanutoem.com\/az\/wp-json\/wp\/v2\/comments?post=1402"}],"wp:featuredmedia":[{"embeddable":true,"href":"https:\/\/www.peanutoem.com\/az\/wp-json\/wp\/v2\/media\/1652"}],"wp:attachment":[{"href":"https:\/\/www.peanutoem.com\/az\/wp-json\/wp\/v2\/media?parent=1402"}],"wp:term":[{"taxonomy":"product_cat","embeddable":true,"href":"https:\/\/www.peanutoem.com\/az\/wp-json\/wp\/v2\/product_cat?post=1402"},{"taxonomy":"product_tag","embeddable":true,"href":"https:\/\/www.peanutoem.com\/az\/wp-json\/wp\/v2\/product_tag?post=1402"}],"curies":[{"name":"wp","href":"https:\/\/api.w.org\/{rel}","templated":true}]}}