{"id":1543,"date":"2024-09-02T13:37:15","date_gmt":"2024-09-02T13:37:15","guid":{"rendered":"https:\/\/www.peanutoem.com\/?post_type=product&#038;p=1543"},"modified":"2024-09-28T06:03:37","modified_gmt":"2024-09-28T06:03:37","slug":"pure-peanut-butter","status":"publish","type":"product","link":"https:\/\/www.peanutoem.com\/az\/manufacturer\/pure-peanut-butter\/","title":{"rendered":"T\u0259miz f\u0131st\u0131q ya\u011f\u0131"},"content":{"rendered":"<h3>Saf f\u0131st\u0131q ya\u011f\u0131 \u2013 Apar\u0131c\u0131 OEM Provayderi v\u0259 \u015e\u0259xsi Etiket \u0130stehsal\u00e7\u0131s\u0131<\/h3>\n<p>Etibarl\u0131 OEM provayderi, \u00f6z\u0259l etiket istehsal\u00e7\u0131s\u0131 v\u0259 ixracat\u00e7\u0131 kimi t\u0259miz f\u0131st\u0131q ya\u011f\u0131 istehsal\u0131 v\u0259 t\u0259chizat\u0131 \u00fczr\u0259 ixtisasla\u015fm\u0131\u015f\u0131q. M\u0259hsullar\u0131m\u0131z 100% f\u0131st\u0131qdan haz\u0131rlan\u0131r, markan\u0131z \u00fc\u00e7\u00fcn b\u0259nz\u0259rsiz keyfiyy\u0259t v\u0259 orijinall\u0131q t\u0259qdim edir. Qabaqc\u0131l istehsal imkanlar\u0131 v\u0259 qlobal sertifikatlarla biz f\u0131st\u0131q ya\u011f\u0131 h\u0259ll\u0259rini x\u00fcsusi t\u0259l\u0259bl\u0259riniz\u0259 uy\u011funla\u015fd\u0131r\u0131r\u0131q.<\/p>\n<h3>T\u0259miz f\u0131st\u0131q ya\u011f\u0131 n\u0259dir?<\/h3>\n<p><strong>Saf <a href=\"https:\/\/www.peanutoem.com\/az\/Wholesale\/peanut-butter\/\" target=\"_blank\" rel=\"noopener\">f\u0131st\u0131q ya\u011f\u0131<\/a><\/strong> 100%-d\u0259n haz\u0131rlan\u0131r <a href=\"https:\/\/en.wikipedia.org\/wiki\/Peanut\" target=\"_blank\" rel=\"noopener\">f\u0131st\u0131q<\/a>, he\u00e7 bir \u0259lav\u0259 \u015f\u0259k\u0259r, ya\u011f v\u0259 ya konservant olmadan. Sa\u011flaml\u0131\u011f\u0131n\u0131 d\u00fc\u015f\u00fcn\u0259n istehlak\u00e7\u0131lar\u0131 c\u0259lb ed\u0259n t\u0259bii, i\u015fl\u0259nm\u0259mi\u015f dad t\u0259qdim edir. Bu n\u00f6v f\u0131st\u0131q ya\u011f\u0131 f\u0131st\u0131qlar\u0131n z\u0259ngin l\u0259zz\u0259tini v\u0259 t\u0259bii ya\u011flar\u0131n\u0131 saxlay\u0131r, bu da onu t\u0259miz etiketli m\u0259hsullar axtaranlar \u00fc\u00e7\u00fcn m\u0259\u015fhur se\u00e7im edir.<\/p>\n<h3>Saf f\u0131st\u0131q ya\u011f\u0131 \u00fc\u00e7\u00fcn ba\u015fqa adlar n\u0259dir?<\/h3>\n<p>B\u00f6lg\u0259l\u0259r v\u0259 s\u0259nayel\u0259r aras\u0131nda m\u00fcxt\u0259lif adlarla da tan\u0131n\u0131r. \u018fn \u00e7ox yay\u0131lm\u0131\u015f alternativ adlardan b\u0259zil\u0259ri bunlard\u0131r:<\/p>\n<ul>\n<li><strong>T\u0259bii f\u0131st\u0131q ya\u011f\u0131<\/strong><\/li>\n<li><strong>\u015e\u0259k\u0259rsiz f\u0131st\u0131q ya\u011f\u0131<\/strong><\/li>\n<li><strong>\u018flav\u0259siz f\u0131st\u0131q ya\u011f\u0131<\/strong><\/li>\n<li><strong>100% f\u0131st\u0131q ya\u011f\u0131<\/strong><\/li>\n<\/ul>\n<p>Bu adlar \u0259lav\u0259 madd\u0259l\u0259rin olmamas\u0131n\u0131 vur\u011fulay\u0131r, m\u0259hsulun safl\u0131\u011f\u0131n\u0131 vur\u011fulay\u0131r.<\/p>\n<h3>Niy\u0259 T\u0259chizat\u00e7\u0131n\u0131z kimi bizi se\u00e7m\u0259lisiniz?<\/h3>\n<p>Apar\u0131c\u0131 OEM provayderi v\u0259 \u00f6z\u0259l etiket istehsal\u00e7\u0131s\u0131 olaraq biz t\u0259klif edirik:<\/p>\n<ul>\n<li><strong>Y\u00fcks\u0259k Keyfiyy\u0259tli M\u0259hsullar:<\/strong> Bizim t\u0259miz f\u0131st\u0131q ya\u011f\u0131 t\u0259rkibind\u0259 \u015f\u0259k\u0259r, ya\u011f v\u0259 ya konservantlardan t\u0259mizl\u0259nmi\u015f 100% se\u00e7ilmi\u015f f\u0131st\u0131q var.<\/li>\n<li><strong>F\u0259rdil\u0259\u015fdiril\u0259 bil\u0259n h\u0259ll\u0259r:<\/strong> Bazar t\u0259l\u0259bl\u0259rin\u0259 cavab verm\u0259k \u00fc\u00e7\u00fcn m\u00fcxt\u0259lif \u00f6l\u00e7\u00fcl\u0259rd\u0259 bankalar, qablar v\u0259 vedr\u0259l\u0259r daxil olmaqla \u00e7evik qabla\u015fd\u0131rma variantlar\u0131 t\u0259qdim edirik.<\/li>\n<li><strong>Qlobal <a href=\"https:\/\/www.peanutoem.com\/az\/certificate\/\" target=\"_blank\" rel=\"noopener\">Sertifikatlar<\/a>:<\/strong> HACCP, BRCGS, Halal v\u0259 Kosher daxil olmaqla sertifikatlar\u0131m\u0131z m\u0259hsulun t\u0259hl\u00fck\u0259sizliyini v\u0259 y\u00fcks\u0259k keyfiyy\u0259ti t\u0259min edir.<\/li>\n<li><strong>B\u00f6y\u00fck istehsal g\u00fcc\u00fc:<\/strong> Biz h\u0259m ki\u00e7ik, h\u0259m d\u0259 toplu sifari\u015fl\u0259ri s\u0259m\u0259r\u0259li \u015f\u0259kild\u0259 idar\u0259 ed\u0259 bil\u0259rik, m\u00fcxt\u0259lif m\u00fc\u015ft\u0259ri ehtiyaclar\u0131na cavab veririk.<\/li>\n<li><strong>Qlobal \u0130xracda T\u0259cr\u00fcb\u0259:<\/strong> Biz d\u00fcnya \u00fczr\u0259 m\u00fc\u015ft\u0259ril\u0259r\u0259 y\u00fcks\u0259k keyfiyy\u0259tli f\u0131st\u0131q ya\u011f\u0131n\u0131 \u00e7atd\u0131rmaqda b\u00f6y\u00fck t\u0259cr\u00fcb\u0259miz var.<\/li>\n<\/ul>\n<h3>\u0130stehsal\u00e7\u0131 v\u0259 Topdansat\u0131\u015f kimi biznes rolumuz haqq\u0131nda tez-tez veril\u0259n suallar<\/h3>\n<ol>\n<li><strong>Niy\u0259 f\u0131st\u0131q ya\u011f\u0131 s\u0259nayesind\u0259 apar\u0131c\u0131 OEM provayderisiniz?<\/strong><br \/>\nBiz brendl\u0259r \u00fc\u00e7\u00fcn \u00f6z etiketi alt\u0131nda f\u0131st\u0131q ya\u011f\u0131 istehsal edirik v\u0259 f\u0259rdi m\u0259hsul h\u0259ll\u0259rini t\u0259min edirik.<\/li>\n<li><strong>\u015e\u0259xsi etiket xidm\u0259tl\u0259ri t\u0259klif edirsiniz?<\/strong><br \/>\nB\u0259li, biz brend f\u0131st\u0131q ya\u011f\u0131n\u0131z\u0131 yaratma\u011f\u0131n\u0131za k\u00f6m\u0259k etm\u0259k \u00fc\u00e7\u00fcn \u00e7evik \u00f6z\u0259l etiket h\u0259ll\u0259ri \u00fczr\u0259 ixtisasla\u015fm\u0131\u015f\u0131q.<\/li>\n<li><strong>Hans\u0131 madd\u0259l\u0259rd\u0259n istifad\u0259 edirsiniz?<\/strong><br \/>\nBizim t\u0259miz f\u0131st\u0131q ya\u011f\u0131 he\u00e7 bir \u0259lav\u0259 \u015f\u0259k\u0259r, ya\u011f v\u0259 ya konservant olmadan 100% se\u00e7ilmi\u015f f\u0131st\u0131qdan ibar\u0259tdir.<\/li>\n<li><strong>Qabla\u015fd\u0131rmam\u0131 nec\u0259 f\u0259rdil\u0259\u015fdir\u0259 bil\u0259r\u0259m?<\/strong><br \/>\nSiz p\u0259rak\u0259nd\u0259 sat\u0131\u015fdan topluya q\u0259d\u0259r ehtiyaclar\u0131n\u0131za uy\u011funla\u015fd\u0131r\u0131lm\u0131\u015f m\u00fcxt\u0259lif qabla\u015fd\u0131rma se\u00e7iml\u0259ri v\u0259 \u00f6l\u00e7\u00fcl\u0259ri aras\u0131ndan se\u00e7im ed\u0259 bil\u0259rsiniz.<\/li>\n<li><strong>Minimum sifari\u015f miqdar\u0131 (MOQ) n\u0259dir?<\/strong><br \/>\nMOQ h\u0259m ki\u00e7ik, h\u0259m d\u0259 b\u00f6y\u00fck biznes \u00fc\u00e7\u00fcn rahatl\u0131q t\u0259min ed\u0259n bir tondur.<\/li>\n<li><strong>T\u0259miz f\u0131st\u0131q ya\u011f\u0131n\u0131z\u0131 n\u0259 il\u0259 f\u0259rql\u0259ndirir?<\/strong><br \/>\nKeyfiyy\u0259t\u0259 sadiqliyimiz, qlobal sertifikatlar v\u0259 uy\u011funla\u015fd\u0131r\u0131lm\u0131\u015f \u00f6z\u0259l etiket h\u0259ll\u0259ri bizi r\u0259qibl\u0259rd\u0259n f\u0259rql\u0259ndirir.<\/li>\n<li><strong>Sifari\u015fi emal etm\u0259k n\u0259 q\u0259d\u0259r vaxt apar\u0131r?<\/strong><br \/>\n\u00c7atd\u0131r\u0131lma m\u00fcdd\u0259ti sifari\u015f \u00f6l\u00e7\u00fcs\u00fcnd\u0259n v\u0259 qabla\u015fd\u0131rma t\u0259l\u0259bl\u0259rind\u0259n as\u0131l\u0131 olaraq 7 il\u0259 20 g\u00fcn aras\u0131nda d\u0259yi\u015fir.<\/li>\n<li><strong>Sifari\u015f verm\u0259zd\u0259n \u0259vv\u0259l n\u00fcmun\u0259l\u0259r t\u0259l\u0259b ed\u0259 bil\u0259r\u0259mmi?<\/strong><br \/>\nB\u0259li, toplu sifari\u015f verm\u0259zd\u0259n \u0259vv\u0259l keyfiyy\u0259tin qiym\u0259tl\u0259ndirilm\u0259si \u00fc\u00e7\u00fcn t\u0259miz f\u0131st\u0131q ya\u011f\u0131m\u0131z\u0131n pulsuz n\u00fcmun\u0259l\u0259rini t\u0259klif edirik.<\/li>\n<li><strong>D\u00fcnyaya ixrac edirsiniz?<\/strong><br \/>\nM\u00fctl\u0259q! Biz d\u00fcnya miqyas\u0131nda m\u00fc\u015ft\u0259ril\u0259r\u0259 y\u00fcks\u0259k keyfiyy\u0259tli t\u0259miz f\u0131st\u0131q ya\u011f\u0131 ixrac\u0131nda t\u0259cr\u00fcb\u0259y\u0259 sahibik.<\/li>\n<\/ol>\n<h3>Niy\u0259 t\u0259miz f\u0131st\u0131q ya\u011f\u0131?<\/h3>\n<p>Saf f\u0131st\u0131q ya\u011f\u0131, \u0259lav\u0259l\u0259ri olmayan t\u0259bii m\u0259hsul axtaran sa\u011flaml\u0131q bax\u0131m\u0131ndan \u015f\u00fcurlu istehlak\u00e7\u0131lar \u00fc\u00e7\u00fcn \u0259sas se\u00e7imdir. O, z\u00fclal, sa\u011flam ya\u011flar v\u0259 \u0259sas qida madd\u0259l\u0259ri il\u0259 z\u0259ngindir ki, bu da onu b\u00fct\u00fcn d\u00fcnyada m\u0259tb\u0259xl\u0259rd\u0259 \u00e7ox y\u00f6nl\u00fc t\u0259rkib\u0259 \u00e7evirir. \u0130stehlak\u00e7\u0131lar t\u0259miz etiketl\u0259r\u0259 daha \u00e7ox diqq\u0259t yetirdikc\u0259, 100% f\u0131st\u0131q \u0259sasl\u0131 m\u0259hsullara t\u0259l\u0259bat artmaqda davam edir.<\/p>\n<p>T\u0259miz f\u0131st\u0131q ya\u011f\u0131m\u0131z\u0131n bu t\u0259l\u0259bl\u0259r\u0259 cavab verm\u0259sini t\u0259min ed\u0259r\u0259k, markan\u0131z\u0131n ehtiyaclar\u0131na tam uy\u011funla\u015fd\u0131r\u0131la bil\u0259n, t\u0259bi\u0259t\u0259 m\u00fcmk\u00fcn q\u0259d\u0259r yax\u0131n olan m\u0259hsul t\u0259qdim edirik. \u0130st\u0259r brendinizin t\u0259klifl\u0259rini geni\u015fl\u0259ndirm\u0259k, ist\u0259rs\u0259 d\u0259 yeni bazarlara \u00e7\u0131xmaq ist\u0259s\u0259niz, bizim bunu h\u0259yata ke\u00e7irm\u0259k \u00fc\u00e7\u00fcn imkan\u0131m\u0131z, t\u0259cr\u00fcb\u0259miz v\u0259 sertifikatlar\u0131m\u0131z var.<\/p>\n<a href=\"mailto:globepeanut@gmail.com\" class=\"button primary is-primary is-medium\"  >\n    <span>Biz\u0259 e-po\u00e7t g\u00f6nd\u0259rin<\/span>\n  <\/a>","protected":false},"excerpt":{"rendered":"<table width=\"564\">\n<tbody>\n<tr>\n<td width=\"113\"><strong>M\u0259hsulun ad\u0131<\/strong><\/td>\n<td width=\"402\">T\u0259miz f\u0131st\u0131q ya\u011f\u0131<\/td>\n<\/tr>\n<tr>\n<td width=\"113\"><strong>T\u0259rkibi<\/strong><\/td>\n<td width=\"402\">Se\u00e7ilmi\u015f f\u0131st\u0131q ya\u011f\u0131<\/td>\n<\/tr>\n<tr>\n<td width=\"113\"><strong>Spesifikasiyalar<\/strong><\/td>\n<td width=\"402\">10kgx1, 20kgx1, 22kgx1,220kgx1<\/td>\n<\/tr>\n<tr>\n<td width=\"113\"><strong>Qabla\u015fd\u0131rma formas\u0131<\/strong><\/td>\n<td width=\"402\">Kavanoz, Vedr\u0259, \u00c7anta, Karton, Barel, Butulka v\u0259 s<\/td>\n<\/tr>\n<tr>\n<td width=\"113\"><strong>\u00c7atd\u0131r\u0131lma vaxt\u0131<\/strong><\/td>\n<td width=\"402\">Sifari\u015fd\u0259n 7-20 G\u00fcn Sonra<\/td>\n<\/tr>\n<tr>\n<td width=\"113\"><strong>MOQ<\/strong><\/td>\n<td width=\"402\">Bir Ton<\/td>\n<\/tr>\n<tr>\n<td width=\"113\"><strong>N\u00fcmun\u0259<\/strong><\/td>\n<td width=\"402\">Pulsuz N\u00fcmun\u0259 m\u00f6vcuddur<\/td>\n<\/tr>\n<tr>\n<td width=\"113\"><strong>OEM<\/strong><\/td>\n<td width=\"402\">Al\u0131c\u0131n\u0131n etiketi q\u0259bul olunub<\/td>\n<\/tr>\n<\/tbody>\n<\/table>","protected":false},"featured_media":1659,"comment_status":"open","ping_status":"closed","template":"","meta":[],"product_cat":[15],"product_tag":[],"class_list":{"0":"post-1543","1":"product","2":"type-product","3":"status-publish","4":"has-post-thumbnail","6":"product_cat-peanut-butter","8":"first","9":"instock","10":"shipping-taxable","11":"product-type-simple"},"yoast_head":"<!-- This site is optimized with the Yoast SEO plugin v24.9 - https:\/\/yoast.com\/wordpress\/plugins\/seo\/ -->\n<title>Pure Peanut Butter OEM Producer - Peanut Butter Factory<\/title>\n<meta name=\"description\" content=\"As a top OEM manufacturer and exporter, we supply pure peanut butter made from 100% peanuts. Customizable private label solutions for your business needs.\" \/>\n<meta name=\"robots\" content=\"index, follow, max-snippet:-1, max-image-preview:large, max-video-preview:-1\" \/>\n<link rel=\"canonical\" href=\"https:\/\/www.peanutoem.com\/az\/manufacturer\/pure-peanut-butter\/\" \/>\n<meta property=\"og:locale\" content=\"az_AZ\" \/>\n<meta property=\"og:type\" content=\"article\" \/>\n<meta property=\"og:title\" content=\"Pure Peanut Butter OEM Producer - Peanut Butter Factory\" \/>\n<meta property=\"og:description\" content=\"As a top OEM manufacturer and exporter, we supply pure peanut butter made from 100% peanuts. Customizable private label solutions for your business needs.\" \/>\n<meta property=\"og:url\" content=\"https:\/\/www.peanutoem.com\/az\/manufacturer\/pure-peanut-butter\/\" \/>\n<meta property=\"og:site_name\" content=\"Peanut Butter Factory\" \/>\n<meta property=\"article:modified_time\" content=\"2024-09-28T06:03:37+00:00\" \/>\n<meta property=\"og:image\" content=\"https:\/\/www.peanutoem.com\/wp-content\/uploads\/2024\/09\/Pure-Peanut-Butter-OEM-Supplier.webp\" \/>\n\t<meta property=\"og:image:width\" content=\"1000\" \/>\n\t<meta property=\"og:image:height\" content=\"1000\" \/>\n\t<meta property=\"og:image:type\" content=\"image\/webp\" \/>\n<meta name=\"twitter:card\" content=\"summary_large_image\" \/>\n<meta name=\"twitter:label1\" content=\"Est. reading time\" \/>\n\t<meta name=\"twitter:data1\" content=\"3 minutes\" \/>\n<script type=\"application\/ld+json\" class=\"yoast-schema-graph\">{\"@context\":\"https:\/\/schema.org\",\"@graph\":[{\"@type\":\"WebPage\",\"@id\":\"https:\/\/www.peanutoem.com\/manufacturer\/pure-peanut-butter\/\",\"url\":\"https:\/\/www.peanutoem.com\/manufacturer\/pure-peanut-butter\/\",\"name\":\"Pure Peanut Butter OEM Producer - Peanut Butter Factory\",\"isPartOf\":{\"@id\":\"https:\/\/www.peanutoem.com\/#website\"},\"primaryImageOfPage\":{\"@id\":\"https:\/\/www.peanutoem.com\/manufacturer\/pure-peanut-butter\/#primaryimage\"},\"image\":{\"@id\":\"https:\/\/www.peanutoem.com\/manufacturer\/pure-peanut-butter\/#primaryimage\"},\"thumbnailUrl\":\"https:\/\/www.peanutoem.com\/wp-content\/uploads\/2024\/09\/Pure-Peanut-Butter-OEM-Supplier.webp\",\"datePublished\":\"2024-09-02T13:37:15+00:00\",\"dateModified\":\"2024-09-28T06:03:37+00:00\",\"description\":\"As a top OEM manufacturer and exporter, we supply pure peanut butter made from 100% peanuts. Customizable private label solutions for your business needs.\",\"breadcrumb\":{\"@id\":\"https:\/\/www.peanutoem.com\/manufacturer\/pure-peanut-butter\/#breadcrumb\"},\"inLanguage\":\"az\",\"potentialAction\":[{\"@type\":\"ReadAction\",\"target\":[\"https:\/\/www.peanutoem.com\/manufacturer\/pure-peanut-butter\/\"]}]},{\"@type\":\"ImageObject\",\"inLanguage\":\"az\",\"@id\":\"https:\/\/www.peanutoem.com\/manufacturer\/pure-peanut-butter\/#primaryimage\",\"url\":\"https:\/\/www.peanutoem.com\/wp-content\/uploads\/2024\/09\/Pure-Peanut-Butter-OEM-Supplier.webp\",\"contentUrl\":\"https:\/\/www.peanutoem.com\/wp-content\/uploads\/2024\/09\/Pure-Peanut-Butter-OEM-Supplier.webp\",\"width\":1000,\"height\":1000,\"caption\":\"Pure Peanut Butter OEM Supplier\"},{\"@type\":\"BreadcrumbList\",\"@id\":\"https:\/\/www.peanutoem.com\/manufacturer\/pure-peanut-butter\/#breadcrumb\",\"itemListElement\":[{\"@type\":\"ListItem\",\"position\":1,\"name\":\"Home\",\"item\":\"https:\/\/www.peanutoem.com\/\"},{\"@type\":\"ListItem\",\"position\":2,\"name\":\"Products\",\"item\":\"https:\/\/www.peanutoem.com\/shop\/\"},{\"@type\":\"ListItem\",\"position\":3,\"name\":\"Pure Peanut Butter\"}]},{\"@type\":\"WebSite\",\"@id\":\"https:\/\/www.peanutoem.com\/#website\",\"url\":\"https:\/\/www.peanutoem.com\/\",\"name\":\"Peanut Butter Factory\",\"description\":\"Peanut Butter Manufacturer and Roast Peanut OEM Factory | Peanut Private Label China Supplier\",\"publisher\":{\"@id\":\"https:\/\/www.peanutoem.com\/#organization\"},\"alternateName\":\"Peanut Butter OEM and Wholesale\",\"potentialAction\":[{\"@type\":\"SearchAction\",\"target\":{\"@type\":\"EntryPoint\",\"urlTemplate\":\"https:\/\/www.peanutoem.com\/?s={search_term_string}\"},\"query-input\":{\"@type\":\"PropertyValueSpecification\",\"valueRequired\":true,\"valueName\":\"search_term_string\"}}],\"inLanguage\":\"az\"},{\"@type\":\"Organization\",\"@id\":\"https:\/\/www.peanutoem.com\/#organization\",\"name\":\"Peanut Butter Factory\",\"alternateName\":\"JuFeng Group\",\"url\":\"https:\/\/www.peanutoem.com\/\",\"logo\":{\"@type\":\"ImageObject\",\"inLanguage\":\"az\",\"@id\":\"https:\/\/www.peanutoem.com\/#\/schema\/logo\/image\/\",\"url\":\"https:\/\/www.peanutoem.com\/wp-content\/uploads\/2024\/09\/JUFENG-LOGO.png\",\"contentUrl\":\"https:\/\/www.peanutoem.com\/wp-content\/uploads\/2024\/09\/JUFENG-LOGO.png\",\"width\":600,\"height\":170,\"caption\":\"Peanut Butter Factory\"},\"image\":{\"@id\":\"https:\/\/www.peanutoem.com\/#\/schema\/logo\/image\/\"}}]}<\/script>\n<!-- \/ Yoast SEO plugin. -->","yoast_head_json":{"title":"Pure Peanut Butter OEM Producer - Peanut Butter Factory","description":"As a top OEM manufacturer and exporter, we supply pure peanut butter made from 100% peanuts. Customizable private label solutions for your business needs.","robots":{"index":"index","follow":"follow","max-snippet":"max-snippet:-1","max-image-preview":"max-image-preview:large","max-video-preview":"max-video-preview:-1"},"canonical":"https:\/\/www.peanutoem.com\/az\/manufacturer\/pure-peanut-butter\/","og_locale":"az_AZ","og_type":"article","og_title":"Pure Peanut Butter OEM Producer - Peanut Butter Factory","og_description":"As a top OEM manufacturer and exporter, we supply pure peanut butter made from 100% peanuts. Customizable private label solutions for your business needs.","og_url":"https:\/\/www.peanutoem.com\/az\/manufacturer\/pure-peanut-butter\/","og_site_name":"Peanut Butter Factory","article_modified_time":"2024-09-28T06:03:37+00:00","og_image":[{"width":1000,"height":1000,"url":"https:\/\/www.peanutoem.com\/wp-content\/uploads\/2024\/09\/Pure-Peanut-Butter-OEM-Supplier.webp","type":"image\/webp"}],"twitter_card":"summary_large_image","twitter_misc":{"Est. reading time":"3 minutes"},"schema":{"@context":"https:\/\/schema.org","@graph":[{"@type":"WebPage","@id":"https:\/\/www.peanutoem.com\/manufacturer\/pure-peanut-butter\/","url":"https:\/\/www.peanutoem.com\/manufacturer\/pure-peanut-butter\/","name":"Pure Peanut Butter OEM Producer - Peanut Butter Factory","isPartOf":{"@id":"https:\/\/www.peanutoem.com\/#website"},"primaryImageOfPage":{"@id":"https:\/\/www.peanutoem.com\/manufacturer\/pure-peanut-butter\/#primaryimage"},"image":{"@id":"https:\/\/www.peanutoem.com\/manufacturer\/pure-peanut-butter\/#primaryimage"},"thumbnailUrl":"https:\/\/www.peanutoem.com\/wp-content\/uploads\/2024\/09\/Pure-Peanut-Butter-OEM-Supplier.webp","datePublished":"2024-09-02T13:37:15+00:00","dateModified":"2024-09-28T06:03:37+00:00","description":"As a top OEM manufacturer and exporter, we supply pure peanut butter made from 100% peanuts. Customizable private label solutions for your business needs.","breadcrumb":{"@id":"https:\/\/www.peanutoem.com\/manufacturer\/pure-peanut-butter\/#breadcrumb"},"inLanguage":"az","potentialAction":[{"@type":"ReadAction","target":["https:\/\/www.peanutoem.com\/manufacturer\/pure-peanut-butter\/"]}]},{"@type":"ImageObject","inLanguage":"az","@id":"https:\/\/www.peanutoem.com\/manufacturer\/pure-peanut-butter\/#primaryimage","url":"https:\/\/www.peanutoem.com\/wp-content\/uploads\/2024\/09\/Pure-Peanut-Butter-OEM-Supplier.webp","contentUrl":"https:\/\/www.peanutoem.com\/wp-content\/uploads\/2024\/09\/Pure-Peanut-Butter-OEM-Supplier.webp","width":1000,"height":1000,"caption":"Pure Peanut Butter OEM Supplier"},{"@type":"BreadcrumbList","@id":"https:\/\/www.peanutoem.com\/manufacturer\/pure-peanut-butter\/#breadcrumb","itemListElement":[{"@type":"ListItem","position":1,"name":"Home","item":"https:\/\/www.peanutoem.com\/"},{"@type":"ListItem","position":2,"name":"Products","item":"https:\/\/www.peanutoem.com\/shop\/"},{"@type":"ListItem","position":3,"name":"Pure Peanut Butter"}]},{"@type":"WebSite","@id":"https:\/\/www.peanutoem.com\/#website","url":"https:\/\/www.peanutoem.com\/","name":"Peanut Butter Factory","description":"Peanut Butter Manufacturer and Roast Peanut OEM Factory | Peanut Private Label China Supplier","publisher":{"@id":"https:\/\/www.peanutoem.com\/#organization"},"alternateName":"Peanut Butter OEM and Wholesale","potentialAction":[{"@type":"SearchAction","target":{"@type":"EntryPoint","urlTemplate":"https:\/\/www.peanutoem.com\/?s={search_term_string}"},"query-input":{"@type":"PropertyValueSpecification","valueRequired":true,"valueName":"search_term_string"}}],"inLanguage":"az"},{"@type":"Organization","@id":"https:\/\/www.peanutoem.com\/#organization","name":"Peanut Butter Factory","alternateName":"JuFeng Group","url":"https:\/\/www.peanutoem.com\/","logo":{"@type":"ImageObject","inLanguage":"az","@id":"https:\/\/www.peanutoem.com\/#\/schema\/logo\/image\/","url":"https:\/\/www.peanutoem.com\/wp-content\/uploads\/2024\/09\/JUFENG-LOGO.png","contentUrl":"https:\/\/www.peanutoem.com\/wp-content\/uploads\/2024\/09\/JUFENG-LOGO.png","width":600,"height":170,"caption":"Peanut Butter Factory"},"image":{"@id":"https:\/\/www.peanutoem.com\/#\/schema\/logo\/image\/"}}]}},"_links":{"self":[{"href":"https:\/\/www.peanutoem.com\/az\/wp-json\/wp\/v2\/product\/1543","targetHints":{"allow":["GET"]}}],"collection":[{"href":"https:\/\/www.peanutoem.com\/az\/wp-json\/wp\/v2\/product"}],"about":[{"href":"https:\/\/www.peanutoem.com\/az\/wp-json\/wp\/v2\/types\/product"}],"replies":[{"embeddable":true,"href":"https:\/\/www.peanutoem.com\/az\/wp-json\/wp\/v2\/comments?post=1543"}],"wp:featuredmedia":[{"embeddable":true,"href":"https:\/\/www.peanutoem.com\/az\/wp-json\/wp\/v2\/media\/1659"}],"wp:attachment":[{"href":"https:\/\/www.peanutoem.com\/az\/wp-json\/wp\/v2\/media?parent=1543"}],"wp:term":[{"taxonomy":"product_cat","embeddable":true,"href":"https:\/\/www.peanutoem.com\/az\/wp-json\/wp\/v2\/product_cat?post=1543"},{"taxonomy":"product_tag","embeddable":true,"href":"https:\/\/www.peanutoem.com\/az\/wp-json\/wp\/v2\/product_tag?post=1543"}],"curies":[{"name":"wp","href":"https:\/\/api.w.org\/{rel}","templated":true}]}}