{"id":1553,"date":"2024-09-02T13:58:23","date_gmt":"2024-09-02T13:58:23","guid":{"rendered":"https:\/\/www.peanutoem.com\/?post_type=product&#038;p=1553"},"modified":"2024-09-24T15:21:33","modified_gmt":"2024-09-24T15:21:33","slug":"roasted-peanut-kernels","status":"publish","type":"product","link":"https:\/\/www.peanutoem.com\/az\/manufacturer\/roasted-peanut-kernels\/","title":{"rendered":"Qovrulmu\u015f f\u0131st\u0131q l\u0259p\u0259si"},"content":{"rendered":"<h3>Qovrulmu\u015f f\u0131st\u0131q l\u0259p\u0259si n\u0259dir?<\/h3>\n<p>Qovrulmu\u015f f\u0131st\u0131q l\u0259p\u0259si diqq\u0259tl\u0259 qovrulmu\u015f f\u0131st\u0131q qab\u0131\u011f\u0131n\u0131n yem\u0259li hiss\u0259sidir. Qovurma prosesi f\u0131st\u0131qlar\u0131n dad\u0131n\u0131 v\u0259 dad\u0131n\u0131 xeyli art\u0131r\u0131r. F\u0131st\u0131qlara c\u0259lbedici qoz aromas\u0131 v\u0259 x\u0131rt\u0131ldayan tekstura b\u0259x\u015f ed\u0259r\u0259k, onlar\u0131 m\u0259\u015fhur q\u0259lyanalt\u0131 se\u00e7imi v\u0259 bir \u00e7ox qidalar\u0131n \u0259v\u0259zsiz t\u0259rkib hiss\u0259si edir. Bu qovrulmu\u015f f\u0131st\u0131q l\u0259p\u0259l\u0259rinin klassik f\u0131st\u0131q ya\u011f\u0131n\u0131n haz\u0131rlanmas\u0131ndan bi\u015fmi\u015f q\u0259lyanalt\u0131lar v\u0259 konfetl\u0259rd\u0259 yarad\u0131c\u0131 kombinasiyalara, l\u0259zz\u0259tli yem\u0259kl\u0259r\u0259 unikal l\u0259zz\u0259t \u0259lav\u0259 etm\u0259sin\u0259 q\u0259d\u0259r geni\u015f istifad\u0259 sah\u0259si var.<\/p>\n<h3>Qovrulmu\u015f f\u0131st\u0131q l\u0259p\u0259l\u0259rinin ba\u015fqa adlar\u0131 n\u0259dir?<\/h3>\n<p>Qovrulmu\u015f f\u0131st\u0131q l\u0259p\u0259l\u0259ri b\u0259z\u0259n b\u00f6lg\u0259d\u0259n v\u0259 ya t\u0259tbiqind\u0259n as\u0131l\u0131 olaraq alternativ adlarla adland\u0131r\u0131l\u0131r. \u00dcmumi adlara a\u015fa\u011f\u0131dak\u0131lar daxildir:<\/p>\n<ul>\n<li><strong>Qovrulmu\u015f qoz-f\u0131nd\u0131q<\/strong> (m\u00fc\u0259yy\u0259n \u00f6lk\u0259l\u0259rd\u0259 istifad\u0259 olunur)<\/li>\n<li><strong>Quru Qovrulmu\u015f F\u0131st\u0131q<\/strong><\/li>\n<li><strong>Q\u0131zard\u0131lm\u0131\u015f F\u0131nd\u0131q<\/strong><\/li>\n<li><strong>Qovrulmu\u015f F\u0131nd\u0131q l\u0259p\u0259si<\/strong><\/li>\n<\/ul>\n<p>Bu varyasyonlar qovrulmu\u015f f\u0131st\u0131qdan haz\u0131rlanm\u0131\u015f, m\u00fcxt\u0259lif s\u0259naye v\u0259 z\u00f6vql\u0259r\u0259 uy\u011funla\u015fd\u0131r\u0131lm\u0131\u015f eyni dadl\u0131, \u00e7ox y\u00f6nl\u00fc m\u0259hsulu vur\u011fulay\u0131r.<\/p>\n<h3>Niy\u0259 bizi Qovrulmu\u015f F\u0131st\u0131q L\u0259p\u0259l\u0259ri OEM T\u0259chizat\u00e7\u0131n\u0131z kimi Se\u00e7irsiniz?<\/h3>\n<p>Se\u00e7m\u0259k <strong>\u00c7in JuFeng Qrupu<\/strong> s\u0259nayenin \u0259n etibarl\u0131 qovrulmu\u015f f\u0131st\u0131q l\u0259p\u0259si t\u0259chizat\u00e7\u0131lar\u0131ndan v\u0259 \u00f6z\u0259l etiket istehsal\u00e7\u0131lar\u0131ndan biri il\u0259 t\u0259r\u0259fda\u015fl\u0131q dem\u0259kdir. Budur, niy\u0259 f\u0259rql\u0259nirik:<\/p>\n<ul>\n<li><strong>\u018fn m\u00fcasir istehsal<\/strong>: AB\u015e-dan g\u0259tiril\u0259n iki qabaqc\u0131l istehsal x\u0259tti il\u0259 biz davaml\u0131 olaraq y\u00fcks\u0259k keyfiyy\u0259tli qovrulmu\u015f f\u0131st\u0131q l\u0259p\u0259l\u0259rini miqyasda \u00e7atd\u0131r\u0131r\u0131q.<\/li>\n<li><strong>\u00d6zelle\u015ftirilebilir OEM H\u0259ll\u0259ri<\/strong>: Biz m\u00fc\u015ft\u0259ril\u0259r\u0259 x\u00fcsusi bazar ehtiyaclar\u0131n\u0131 \u00f6d\u0259m\u0259k \u00fc\u00e7\u00fcn m\u0259hsulun spesifikasiyalar\u0131n\u0131, qabla\u015fd\u0131rman\u0131 v\u0259 daha \u00e7oxunu f\u0259rdil\u0259\u015fdirm\u0259y\u0259 imkan ver\u0259n \u00e7evik OEM v\u0259 \u00f6z\u0259l etiket xidm\u0259tl\u0259ri t\u0259klif edirik.<\/li>\n<li><strong>Sertifikatlar v\u0259 Uy\u011funluq<\/strong>: M\u0259hsullar\u0131m\u0131z qlobal t\u0259hl\u00fck\u0259sizlik v\u0259 keyfiyy\u0259t standartlar\u0131na cavab verir, BRC, HACCP, Kosher, Halal v\u0259 AB Organic sertifikatlar\u0131 il\u0259 t\u0259sdiql\u0259nir.<\/li>\n<li><strong>Etibarl\u0131 \u0130xracat\u00e7\u0131<\/strong>: Apar\u0131c\u0131 ixracat\u00e7\u0131 olaraq, biz d\u00fcnya \u00fczr\u0259 b\u00f6y\u00fck supermarketl\u0259r v\u0259 qida brendl\u0259ri il\u0259 t\u0259r\u0259fda\u015fl\u0131q qurmu\u015fuq.<\/li>\n<li><strong>T\u0259chizat Z\u0259nciri Ekspertizas\u0131<\/strong>: Emaldan tutmu\u015f saxlanmaya q\u0259d\u0259r \u00f6z\u00fcm\u00fcz t\u0259r\u0259find\u0259n qurulmu\u015f temperatura n\u0259zar\u0259t edil\u0259n qur\u011fular\u0131m\u0131zla vaxt\u0131nda \u00e7atd\u0131r\u0131lma v\u0259 keyfiyy\u0259t\u0259 n\u0259zar\u0259ti t\u0259min edirik.<\/li>\n<\/ul>\n<h3>Qovrulmu\u015f F\u0131st\u0131q D\u0259yirm\u0259l\u0259ri Haqq\u0131nda \u0130sti M\u00f6vzular<\/h3>\n<ul>\n<li><strong>F\u0131st\u0131q \u0259kin\u00e7iliyind\u0259 davaml\u0131l\u0131q<\/strong>: Qovrulmu\u015f f\u0131st\u0131q l\u0259p\u0259l\u0259ri, dig\u0259r f\u0131st\u0131q m\u0259hsullar\u0131 kimi, dig\u0259r qoz-f\u0131nd\u0131qlarla m\u00fcqayis\u0259d\u0259 \u0259traf m\u00fchit\u0259 az t\u0259sir g\u00f6st\u0259rir v\u0259 bu onlar\u0131 qida istehsal\u00e7\u0131lar\u0131 \u00fc\u00e7\u00fcn ekoloji c\u0259h\u0259td\u0259n t\u0259miz se\u00e7im edir.<\/li>\n<li><strong>Sa\u011flaml\u0131q Faydalar\u0131<\/strong>: Qovrulmu\u015f f\u0131st\u0131q z\u00fclal, sa\u011flam ya\u011flar v\u0259 lifl\u0259 z\u0259ngindir v\u0259 istehlak\u00e7\u0131lara qidaland\u0131r\u0131c\u0131 q\u0259lyanalt\u0131 se\u00e7imi t\u0259klif edir.<\/li>\n<li><strong>F\u0131st\u0131q emal\u0131 sah\u0259sind\u0259 yenilikl\u0259r<\/strong>: F\u0131st\u0131q s\u0259nayesi qida madd\u0259l\u0259rini qoruyark\u0259n l\u0259zz\u0259ti art\u0131ran yeni qovurma \u00fcsullar\u0131 il\u0259 davaml\u0131 olaraq inki\u015faf edir.<\/li>\n<\/ul>\n<h3>Bizi Se\u00e7m\u0259k v\u0259 Qovrulmu\u015f F\u0131st\u0131q D\u0259yi Haqq\u0131nda Faktlar<\/h3>\n<p><strong>1. China JuFeng Group-u qovrulmu\u015f f\u0131st\u0131q l\u0259p\u0259l\u0259rinin apar\u0131c\u0131 t\u0259chizat\u00e7\u0131s\u0131na \u00e7evir\u0259n n\u0259dir?<\/strong><br \/>\nBiz qlobal bazarlara y\u00fcks\u0259k keyfiyy\u0259tli qovrulmu\u015f f\u0131st\u0131q l\u0259p\u0259l\u0259rini \u00e7atd\u0131rmaq \u00fc\u00e7\u00fcn qabaqc\u0131l texnologiya, b\u00f6y\u00fck t\u0259cr\u00fcb\u0259 v\u0259 \u00fcst\u00fcn m\u0259hsul f\u0259rdil\u0259\u015fdirm\u0259sini birl\u0259\u015fdiririk.<\/p>\n<p><strong>2. Qovrulmu\u015f f\u0131st\u0131q l\u0259p\u0259l\u0259ri \u00fc\u00e7\u00fcn \u00f6z\u0259l etiket xidm\u0259tl\u0259ri t\u0259klif edirsinizmi?<\/strong><br \/>\nB\u0259li, biz m\u0259hsulun qabla\u015fd\u0131r\u0131lmas\u0131n\u0131, brendini v\u0259 l\u0259p\u0259 spesifikasiyalar\u0131n\u0131 brendinizin ehtiyaclar\u0131na uy\u011funla\u015fd\u0131rma\u011fa imkan ver\u0259n \u00e7evik \u00f6z\u0259l etiket h\u0259ll\u0259ri t\u0259qdim edirik.<\/p>\n<p><strong>3. Sizd\u0259n qovrulmu\u015f f\u0131st\u0131q l\u0259p\u0259l\u0259rini toplu sifari\u015f ed\u0259 bil\u0259r\u0259mmi?<\/strong><br \/>\nM\u00fctl\u0259q, biz p\u0259rak\u0259nd\u0259 sat\u0131c\u0131lar, topdansat\u0131\u015f\u00e7\u0131lar v\u0259 qida istehsal\u00e7\u0131lar\u0131 da daxil olmaqla b\u00fct\u00fcn \u00f6l\u00e7\u00fcl\u00fc biznesl\u0259r\u0259 xidm\u0259t g\u00f6st\u0259rm\u0259k \u00fc\u00e7\u00fcn toplu al\u0131\u015f se\u00e7iml\u0259rini t\u0259klif edirik.<\/p>\n<p><strong>4. Qovrulmu\u015f f\u0131st\u0131q l\u0259p\u0259l\u0259riniz hans\u0131 sertifikatlara malikdir?<\/strong><br \/>\nM\u0259hsullar\u0131m\u0131z HACCP, BRC, Kosher, Halal v\u0259 EU Organic daxil olmaqla ciddi beyn\u0259lxalq standartlara v\u0259 sertifikatlara cavab verir.<\/p>\n<p><strong>5. Qovrulmu\u015f f\u0131st\u0131q l\u0259p\u0259l\u0259rinin keyfiyy\u0259tini nec\u0259 t\u0259min edirsiniz?<\/strong><br \/>\nH\u0259r bir partiyan\u0131n y\u00fcks\u0259k sensor, fiziki, kimy\u0259vi v\u0259 mikrob standartlar\u0131na cavab verm\u0259sini t\u0259min etm\u0259k \u00fc\u00e7\u00fcn h\u0259rt\u0259r\u0259fli s\u0131naq ke\u00e7irm\u0259k \u00fc\u00e7\u00fcn x\u00fcsusi laboratoriyam\u0131z var.<\/p>\n<p><strong>6. F\u0131st\u0131q l\u0259p\u0259l\u0259rinin qovurma s\u0259viyy\u0259sini f\u0259rdil\u0259\u015fdir\u0259 bil\u0259rsinizmi?<\/strong><br \/>\nB\u0259li, biz m\u00fc\u015ft\u0259ri se\u00e7iml\u0259rin\u0259 v\u0259 bazar t\u0259l\u0259bl\u0259rin\u0259 \u0259sas\u0259n f\u0259rdil\u0259\u015fdiril\u0259 bil\u0259n qovurma s\u0259viyy\u0259l\u0259rini (a\u00e7\u0131q, orta v\u0259 ya t\u00fcnd q\u0131zartma) t\u0259klif edirik.<\/p>\n<p><strong>7. Qovrulmu\u015f f\u0131st\u0131q l\u0259p\u0259l\u0259riniz t\u0259rav\u0259tini qorumaq \u00fc\u00e7\u00fcn nec\u0259 saxlan\u0131l\u0131r?<\/strong><br \/>\nBizim l\u0259p\u0259l\u0259r xarab olman\u0131n qar\u015f\u0131s\u0131n\u0131 alan v\u0259 da\u015f\u0131nma v\u0259 da\u015f\u0131nma zaman\u0131 m\u0259hsulun b\u00fct\u00f6vl\u00fcy\u00fcn\u00fc qoruyan temperatura n\u0259zar\u0259t edil\u0259n obyektl\u0259rd\u0259 saxlan\u0131l\u0131r.<\/p>\n<p><strong>8. Beyn\u0259lxalq miqyasda qovrulmu\u015f f\u0131st\u0131q l\u0259p\u0259l\u0259rini ixrac edirsinizmi?<\/strong><br \/>\nB\u0259li, biz qlobal \u015f\u0259b\u0259k\u0259y\u0259 malik t\u0259cr\u00fcb\u0259li ixracat\u00e7\u0131y\u0131q v\u0259 m\u00fcxt\u0259lif qit\u0259l\u0259rd\u0259 m\u00fcxt\u0259lif bazarlara qovrulmu\u015f f\u0131st\u0131q l\u0259p\u0259l\u0259ri t\u0259qdim edirik.<\/p>\n<p><strong>9. Qovrulmu\u015f f\u0131st\u0131q l\u0259p\u0259l\u0259riniz f\u0131st\u0131q ya\u011f\u0131 istehsal\u0131nda istifad\u0259 \u00fc\u00e7\u00fcn uy\u011fundurmu?<\/strong><br \/>\n\u015e\u00fcbh\u0259siz ki, bizim qovrulmu\u015f f\u0131st\u0131q l\u0259p\u0259l\u0259rimiz f\u0131st\u0131q ya\u011f\u0131 istehsal\u0131nda istifad\u0259 \u00fc\u00e7\u00fcn ideald\u0131r v\u0259 \u00fcst\u00fcn dad v\u0259 tekstura t\u0259klif edir.<\/p>","protected":false},"excerpt":{"rendered":"<p>Biz \u00c7ind\u0259 qovrulmu\u015f f\u0131st\u0131q l\u0259p\u0259si istehsal\u00e7\u0131s\u0131 v\u0259 t\u0259chizat\u00e7\u0131s\u0131y\u0131q<\/p>\n<p>- MOQ: 1 ton<br \/>\n- OEM\/ODM xidm\u0259ti t\u0259klif olunur<br \/>\n- Pulsuz n\u00fcmun\u0259 m\u00f6vcuddur<br \/>\n\u2013 F\u0259rdil\u0259\u015fdirm\u0259ni q\u0259bul edin (spesifikasiyalar, r\u0259ng, \u00f6l\u00e7\u00fcl\u0259r, qabla\u015fd\u0131rma, dizayn v\u0259 s.)<\/p>\n<p>Qovrulmu\u015f f\u0131st\u0131q l\u0259p\u0259si \u0259ld\u0259 etm\u0259k ist\u0259yirsinizs\u0259, biziml\u0259 \u0259laq\u0259 saxlay\u0131n.<\/p>","protected":false},"featured_media":1697,"comment_status":"open","ping_status":"closed","template":"","meta":[],"product_cat":[37],"product_tag":[],"class_list":{"0":"post-1553","1":"product","2":"type-product","3":"status-publish","4":"has-post-thumbnail","6":"product_cat-roasted-peanut","8":"first","9":"instock","10":"featured","11":"shipping-taxable","12":"product-type-simple"},"yoast_head":"<!-- This site is optimized with the Yoast SEO plugin v24.9 - https:\/\/yoast.com\/wordpress\/plugins\/seo\/ -->\n<title>Roasted Peanut Kernels - Peanut Butter Factory<\/title>\n<meta name=\"description\" content=\"Premium Roasted Peanut Kernels OEM supplier, private label manufacturer, and exporter. Choose us for superior quality and customizable options.\" \/>\n<meta name=\"robots\" content=\"index, follow, max-snippet:-1, max-image-preview:large, max-video-preview:-1\" \/>\n<link rel=\"canonical\" href=\"https:\/\/www.peanutoem.com\/az\/manufacturer\/roasted-peanut-kernels\/\" \/>\n<meta property=\"og:locale\" content=\"az_AZ\" \/>\n<meta property=\"og:type\" content=\"article\" \/>\n<meta property=\"og:title\" content=\"Roasted Peanut Kernels - Peanut Butter Factory\" \/>\n<meta property=\"og:description\" content=\"Premium Roasted Peanut Kernels OEM supplier, private label manufacturer, and exporter. Choose us for superior quality and customizable options.\" \/>\n<meta property=\"og:url\" content=\"https:\/\/www.peanutoem.com\/az\/manufacturer\/roasted-peanut-kernels\/\" \/>\n<meta property=\"og:site_name\" content=\"Peanut Butter Factory\" \/>\n<meta property=\"article:modified_time\" content=\"2024-09-24T15:21:33+00:00\" \/>\n<meta property=\"og:image\" content=\"https:\/\/www.peanutoem.com\/wp-content\/uploads\/2024\/09\/Roasted-Peanut-Kernels-on-plate-scaled.webp\" \/>\n\t<meta property=\"og:image:width\" content=\"2560\" \/>\n\t<meta property=\"og:image:height\" content=\"1707\" \/>\n\t<meta property=\"og:image:type\" content=\"image\/webp\" \/>\n<meta name=\"twitter:card\" content=\"summary_large_image\" \/>\n<meta name=\"twitter:label1\" content=\"Est. reading time\" \/>\n\t<meta name=\"twitter:data1\" content=\"3 minutes\" \/>\n<script type=\"application\/ld+json\" class=\"yoast-schema-graph\">{\"@context\":\"https:\/\/schema.org\",\"@graph\":[{\"@type\":\"WebPage\",\"@id\":\"https:\/\/www.peanutoem.com\/manufacturer\/roasted-peanut-kernels\/\",\"url\":\"https:\/\/www.peanutoem.com\/manufacturer\/roasted-peanut-kernels\/\",\"name\":\"Roasted Peanut Kernels - Peanut Butter Factory\",\"isPartOf\":{\"@id\":\"https:\/\/www.peanutoem.com\/#website\"},\"primaryImageOfPage\":{\"@id\":\"https:\/\/www.peanutoem.com\/manufacturer\/roasted-peanut-kernels\/#primaryimage\"},\"image\":{\"@id\":\"https:\/\/www.peanutoem.com\/manufacturer\/roasted-peanut-kernels\/#primaryimage\"},\"thumbnailUrl\":\"https:\/\/www.peanutoem.com\/wp-content\/uploads\/2024\/09\/Roasted-Peanut-Kernels-on-plate-scaled.webp\",\"datePublished\":\"2024-09-02T13:58:23+00:00\",\"dateModified\":\"2024-09-24T15:21:33+00:00\",\"description\":\"Premium Roasted Peanut Kernels OEM supplier, private label manufacturer, and exporter. Choose us for superior quality and customizable options.\",\"breadcrumb\":{\"@id\":\"https:\/\/www.peanutoem.com\/manufacturer\/roasted-peanut-kernels\/#breadcrumb\"},\"inLanguage\":\"az\",\"potentialAction\":[{\"@type\":\"ReadAction\",\"target\":[\"https:\/\/www.peanutoem.com\/manufacturer\/roasted-peanut-kernels\/\"]}]},{\"@type\":\"ImageObject\",\"inLanguage\":\"az\",\"@id\":\"https:\/\/www.peanutoem.com\/manufacturer\/roasted-peanut-kernels\/#primaryimage\",\"url\":\"https:\/\/www.peanutoem.com\/wp-content\/uploads\/2024\/09\/Roasted-Peanut-Kernels-on-plate-scaled.webp\",\"contentUrl\":\"https:\/\/www.peanutoem.com\/wp-content\/uploads\/2024\/09\/Roasted-Peanut-Kernels-on-plate-scaled.webp\",\"width\":2560,\"height\":1707,\"caption\":\"Roasted Peanut Kernels on plate\"},{\"@type\":\"BreadcrumbList\",\"@id\":\"https:\/\/www.peanutoem.com\/manufacturer\/roasted-peanut-kernels\/#breadcrumb\",\"itemListElement\":[{\"@type\":\"ListItem\",\"position\":1,\"name\":\"Home\",\"item\":\"https:\/\/www.peanutoem.com\/\"},{\"@type\":\"ListItem\",\"position\":2,\"name\":\"Products\",\"item\":\"https:\/\/www.peanutoem.com\/shop\/\"},{\"@type\":\"ListItem\",\"position\":3,\"name\":\"Roasted Peanut Kernels\"}]},{\"@type\":\"WebSite\",\"@id\":\"https:\/\/www.peanutoem.com\/#website\",\"url\":\"https:\/\/www.peanutoem.com\/\",\"name\":\"Peanut Butter Factory\",\"description\":\"Peanut Butter Manufacturer and Roast Peanut OEM Factory | Peanut Private Label China Supplier\",\"publisher\":{\"@id\":\"https:\/\/www.peanutoem.com\/#organization\"},\"alternateName\":\"Peanut Butter OEM and Wholesale\",\"potentialAction\":[{\"@type\":\"SearchAction\",\"target\":{\"@type\":\"EntryPoint\",\"urlTemplate\":\"https:\/\/www.peanutoem.com\/?s={search_term_string}\"},\"query-input\":{\"@type\":\"PropertyValueSpecification\",\"valueRequired\":true,\"valueName\":\"search_term_string\"}}],\"inLanguage\":\"az\"},{\"@type\":\"Organization\",\"@id\":\"https:\/\/www.peanutoem.com\/#organization\",\"name\":\"Peanut Butter Factory\",\"alternateName\":\"JuFeng Group\",\"url\":\"https:\/\/www.peanutoem.com\/\",\"logo\":{\"@type\":\"ImageObject\",\"inLanguage\":\"az\",\"@id\":\"https:\/\/www.peanutoem.com\/#\/schema\/logo\/image\/\",\"url\":\"https:\/\/www.peanutoem.com\/wp-content\/uploads\/2024\/09\/JUFENG-LOGO.png\",\"contentUrl\":\"https:\/\/www.peanutoem.com\/wp-content\/uploads\/2024\/09\/JUFENG-LOGO.png\",\"width\":600,\"height\":170,\"caption\":\"Peanut Butter Factory\"},\"image\":{\"@id\":\"https:\/\/www.peanutoem.com\/#\/schema\/logo\/image\/\"}}]}<\/script>\n<!-- \/ Yoast SEO plugin. -->","yoast_head_json":{"title":"Roasted Peanut Kernels - Peanut Butter Factory","description":"Premium Roasted Peanut Kernels OEM supplier, private label manufacturer, and exporter. Choose us for superior quality and customizable options.","robots":{"index":"index","follow":"follow","max-snippet":"max-snippet:-1","max-image-preview":"max-image-preview:large","max-video-preview":"max-video-preview:-1"},"canonical":"https:\/\/www.peanutoem.com\/az\/manufacturer\/roasted-peanut-kernels\/","og_locale":"az_AZ","og_type":"article","og_title":"Roasted Peanut Kernels - Peanut Butter Factory","og_description":"Premium Roasted Peanut Kernels OEM supplier, private label manufacturer, and exporter. Choose us for superior quality and customizable options.","og_url":"https:\/\/www.peanutoem.com\/az\/manufacturer\/roasted-peanut-kernels\/","og_site_name":"Peanut Butter Factory","article_modified_time":"2024-09-24T15:21:33+00:00","og_image":[{"width":2560,"height":1707,"url":"https:\/\/www.peanutoem.com\/wp-content\/uploads\/2024\/09\/Roasted-Peanut-Kernels-on-plate-scaled.webp","type":"image\/webp"}],"twitter_card":"summary_large_image","twitter_misc":{"Est. reading time":"3 minutes"},"schema":{"@context":"https:\/\/schema.org","@graph":[{"@type":"WebPage","@id":"https:\/\/www.peanutoem.com\/manufacturer\/roasted-peanut-kernels\/","url":"https:\/\/www.peanutoem.com\/manufacturer\/roasted-peanut-kernels\/","name":"Roasted Peanut Kernels - Peanut Butter Factory","isPartOf":{"@id":"https:\/\/www.peanutoem.com\/#website"},"primaryImageOfPage":{"@id":"https:\/\/www.peanutoem.com\/manufacturer\/roasted-peanut-kernels\/#primaryimage"},"image":{"@id":"https:\/\/www.peanutoem.com\/manufacturer\/roasted-peanut-kernels\/#primaryimage"},"thumbnailUrl":"https:\/\/www.peanutoem.com\/wp-content\/uploads\/2024\/09\/Roasted-Peanut-Kernels-on-plate-scaled.webp","datePublished":"2024-09-02T13:58:23+00:00","dateModified":"2024-09-24T15:21:33+00:00","description":"Premium Roasted Peanut Kernels OEM supplier, private label manufacturer, and exporter. Choose us for superior quality and customizable options.","breadcrumb":{"@id":"https:\/\/www.peanutoem.com\/manufacturer\/roasted-peanut-kernels\/#breadcrumb"},"inLanguage":"az","potentialAction":[{"@type":"ReadAction","target":["https:\/\/www.peanutoem.com\/manufacturer\/roasted-peanut-kernels\/"]}]},{"@type":"ImageObject","inLanguage":"az","@id":"https:\/\/www.peanutoem.com\/manufacturer\/roasted-peanut-kernels\/#primaryimage","url":"https:\/\/www.peanutoem.com\/wp-content\/uploads\/2024\/09\/Roasted-Peanut-Kernels-on-plate-scaled.webp","contentUrl":"https:\/\/www.peanutoem.com\/wp-content\/uploads\/2024\/09\/Roasted-Peanut-Kernels-on-plate-scaled.webp","width":2560,"height":1707,"caption":"Roasted Peanut Kernels on plate"},{"@type":"BreadcrumbList","@id":"https:\/\/www.peanutoem.com\/manufacturer\/roasted-peanut-kernels\/#breadcrumb","itemListElement":[{"@type":"ListItem","position":1,"name":"Home","item":"https:\/\/www.peanutoem.com\/"},{"@type":"ListItem","position":2,"name":"Products","item":"https:\/\/www.peanutoem.com\/shop\/"},{"@type":"ListItem","position":3,"name":"Roasted Peanut Kernels"}]},{"@type":"WebSite","@id":"https:\/\/www.peanutoem.com\/#website","url":"https:\/\/www.peanutoem.com\/","name":"Peanut Butter Factory","description":"Peanut Butter Manufacturer and Roast Peanut OEM Factory | Peanut Private Label China Supplier","publisher":{"@id":"https:\/\/www.peanutoem.com\/#organization"},"alternateName":"Peanut Butter OEM and Wholesale","potentialAction":[{"@type":"SearchAction","target":{"@type":"EntryPoint","urlTemplate":"https:\/\/www.peanutoem.com\/?s={search_term_string}"},"query-input":{"@type":"PropertyValueSpecification","valueRequired":true,"valueName":"search_term_string"}}],"inLanguage":"az"},{"@type":"Organization","@id":"https:\/\/www.peanutoem.com\/#organization","name":"Peanut Butter Factory","alternateName":"JuFeng Group","url":"https:\/\/www.peanutoem.com\/","logo":{"@type":"ImageObject","inLanguage":"az","@id":"https:\/\/www.peanutoem.com\/#\/schema\/logo\/image\/","url":"https:\/\/www.peanutoem.com\/wp-content\/uploads\/2024\/09\/JUFENG-LOGO.png","contentUrl":"https:\/\/www.peanutoem.com\/wp-content\/uploads\/2024\/09\/JUFENG-LOGO.png","width":600,"height":170,"caption":"Peanut Butter Factory"},"image":{"@id":"https:\/\/www.peanutoem.com\/#\/schema\/logo\/image\/"}}]}},"_links":{"self":[{"href":"https:\/\/www.peanutoem.com\/az\/wp-json\/wp\/v2\/product\/1553","targetHints":{"allow":["GET"]}}],"collection":[{"href":"https:\/\/www.peanutoem.com\/az\/wp-json\/wp\/v2\/product"}],"about":[{"href":"https:\/\/www.peanutoem.com\/az\/wp-json\/wp\/v2\/types\/product"}],"replies":[{"embeddable":true,"href":"https:\/\/www.peanutoem.com\/az\/wp-json\/wp\/v2\/comments?post=1553"}],"wp:featuredmedia":[{"embeddable":true,"href":"https:\/\/www.peanutoem.com\/az\/wp-json\/wp\/v2\/media\/1697"}],"wp:attachment":[{"href":"https:\/\/www.peanutoem.com\/az\/wp-json\/wp\/v2\/media?parent=1553"}],"wp:term":[{"taxonomy":"product_cat","embeddable":true,"href":"https:\/\/www.peanutoem.com\/az\/wp-json\/wp\/v2\/product_cat?post=1553"},{"taxonomy":"product_tag","embeddable":true,"href":"https:\/\/www.peanutoem.com\/az\/wp-json\/wp\/v2\/product_tag?post=1553"}],"curies":[{"name":"wp","href":"https:\/\/api.w.org\/{rel}","templated":true}]}}