{"id":1554,"date":"2024-09-02T13:59:01","date_gmt":"2024-09-02T13:59:01","guid":{"rendered":"https:\/\/www.peanutoem.com\/?post_type=product&#038;p=1554"},"modified":"2024-09-28T05:11:42","modified_gmt":"2024-09-28T05:11:42","slug":"roasted-blanched-peanut","status":"publish","type":"product","link":"https:\/\/www.peanutoem.com\/az\/manufacturer\/roasted-blanched-peanut\/","title":{"rendered":"Qovrulmu\u015f a\u011fard\u0131lm\u0131\u015f f\u0131st\u0131q"},"content":{"rendered":"<h3><strong>Qovrulmu\u015f a\u011fard\u0131lm\u0131\u015f f\u0131st\u0131q n\u0259dir?<\/strong><\/h3>\n<p>Qovrulmu\u015f a\u011fard\u0131lm\u0131\u015f f\u0131st\u0131q x\u00fcsusi iki add\u0131ml\u0131 prosesd\u0259n ke\u00e7ir. Birincisi, xam f\u0131st\u0131qlar a\u011fard\u0131l\u0131r ki, bu da q\u0131zd\u0131rma v\u0259 yum\u015faq mexaniki vasit\u0259l\u0259rl\u0259 xarici qab\u0131\u011f\u0131n \u00e7\u0131xar\u0131lmas\u0131n\u0131 n\u0259z\u0259rd\u0259 tutur. Sonra, onlar m\u00fck\u0259mm\u0259lliy\u0259 q\u0259d\u0259r q\u0131zard\u0131l\u0131r, z\u0259ngin, qozlu dad v\u0259 x\u0131rt\u0131ldayan tekstura il\u0259 n\u0259tic\u0259l\u0259nir. Bu f\u0131st\u0131qlar q\u0259lyanalt\u0131 istehsal\u0131, q\u0259nnad\u0131 m\u0259mulatlar\u0131, f\u0131st\u0131q ya\u011f\u0131 istehsal\u0131 v\u0259 l\u0259zz\u0259tli yem\u0259kl\u0259rin t\u0259rkib hiss\u0259si kimi m\u00fcxt\u0259lif t\u0259tbiql\u0259r \u00fc\u00e7\u00fcn ideald\u0131r.<\/p>\n<p>\u00dcst\u0259lik, a\u011fard\u0131lm\u0131\u015f qovrulmu\u015f f\u0131st\u0131qlar t\u0259miz, hamar bir g\u00f6r\u00fcn\u00fc\u015f\u00fcn \u0259lav\u0259 faydas\u0131n\u0131 t\u0259qdim edir. Bu keyfiyy\u0259t onlar\u0131 vizual c\u0259lbediciliyin v\u0259 vahidliyin vacib oldu\u011fu m\u0259hsullar \u00fc\u00e7\u00fcn \u00e7ox arzuolunan edir.<\/p>\n<h3><strong>Qovrulmu\u015f a\u011fard\u0131lm\u0131\u015f f\u0131st\u0131qlar\u0131n ba\u015fqa adlar\u0131 n\u0259dir?<\/strong><\/h3>\n<p>Qovrulmu\u015f a\u011fard\u0131lm\u0131\u015f f\u0131st\u0131qlar regional \u00fcst\u00fcnl\u00fckl\u0259rd\u0259n v\u0259 ya s\u0259naye istifad\u0259sind\u0259n as\u0131l\u0131 olaraq bir ne\u00e7\u0259 adla adland\u0131r\u0131la bil\u0259r:<\/p>\n<ul>\n<li>Qab\u0131qs\u0131z Qovrulmu\u015f F\u0131st\u0131q<\/li>\n<li>A\u011fard\u0131lm\u0131\u015f v\u0259 q\u0131zard\u0131lm\u0131\u015f f\u0131st\u0131q<\/li>\n<li>Qovrulmu\u015f A\u011f F\u0131st\u0131q<\/li>\n<li>A\u011fard\u0131lm\u0131\u015f F\u0131nd\u0131q<\/li>\n<li>A\u011fard\u0131lm\u0131\u015f f\u0131st\u0131q l\u0259p\u0259si<\/li>\n<li>F\u0131st\u0131q B\u00fct\u00fcn A\u011fard\u0131lm\u0131\u015f Qovrulmu\u015f<\/li>\n<\/ul>\n<p>Bu adlar, f\u0131st\u0131q qab\u0131\u011f\u0131n\u0131n qovurmadan \u0259vv\u0259l \u00e7\u0131xar\u0131ld\u0131\u011f\u0131 haz\u0131rl\u0131q prosesini \u0259ks etdirir, n\u0259tic\u0259d\u0259 hamar v\u0259 c\u0259lbedici son m\u0259hsul al\u0131n\u0131r.<\/p>\n<h3><img loading=\"lazy\" decoding=\"async\" class=\"alignnone wp-image-1702 size-full\" src=\"https:\/\/www.peanutoem.com\/wp-content\/uploads\/2024\/09\/Whole-Roasted-Blanched-Peanut-.webp\" alt=\"B\u00fct\u00fcn qovrulmu\u015f a\u011fard\u0131lm\u0131\u015f f\u0131st\u0131q\" width=\"1000\" height=\"1000\" srcset=\"https:\/\/www.peanutoem.com\/wp-content\/uploads\/2024\/09\/Whole-Roasted-Blanched-Peanut-.webp 1000w, https:\/\/www.peanutoem.com\/wp-content\/uploads\/2024\/09\/Whole-Roasted-Blanched-Peanut--300x300.webp 300w, https:\/\/www.peanutoem.com\/wp-content\/uploads\/2024\/09\/Whole-Roasted-Blanched-Peanut--150x150.webp 150w, https:\/\/www.peanutoem.com\/wp-content\/uploads\/2024\/09\/Whole-Roasted-Blanched-Peanut--768x768.webp 768w, https:\/\/www.peanutoem.com\/wp-content\/uploads\/2024\/09\/Whole-Roasted-Blanched-Peanut--12x12.webp 12w, https:\/\/www.peanutoem.com\/wp-content\/uploads\/2024\/09\/Whole-Roasted-Blanched-Peanut--600x600.webp 600w, https:\/\/www.peanutoem.com\/wp-content\/uploads\/2024\/09\/Whole-Roasted-Blanched-Peanut--100x100.webp 100w\" sizes=\"auto, (max-width: 1000px) 100vw, 1000px\" \/><\/h3>\n<h3><strong>Niy\u0259 Qovrulmu\u015f A\u011fard\u0131lm\u0131\u015f F\u0131st\u0131q OEM T\u0259chizat\u00e7\u0131n\u0131z kimi Bizi Se\u00e7irsiniz?<\/strong><\/h3>\n<p>Biz qovrulmu\u015f a\u011fard\u0131lm\u0131\u015f f\u0131st\u0131q istehsal\u0131nda bazara r\u0259hb\u0259rlik edirik, h\u0259m qovrulmu\u015f a\u011fard\u0131lm\u0131\u015f f\u0131st\u0131q b\u00fct\u00f6vl\u00fckd\u0259, h\u0259m d\u0259 qovrulmu\u015f a\u011fard\u0131lm\u0131\u015f f\u0131st\u0131q yar\u0131s\u0131n\u0131 t\u0259klif edirik. Budur, niy\u0259 biz sizin \u0259n yax\u015f\u0131 t\u0259r\u0259fda\u015f\u0131n\u0131z:<\/p>\n<ul>\n<li><strong>OEM Solutions sah\u0259sind\u0259 t\u0259cr\u00fcb\u0259<\/strong>: Qabaqc\u0131l istehsal imkanlar\u0131m\u0131zla biz qovurma s\u0259viyy\u0259l\u0259rind\u0259n tutmu\u015f qabla\u015fd\u0131rma t\u0259l\u0259bl\u0259rin\u0259 q\u0259d\u0259r m\u0259hsulun spesifikasiyalar\u0131na cavab ver\u0259n x\u00fcsusi OEM xidm\u0259tl\u0259ri t\u0259klif edirik.<\/li>\n<li><strong>\u015e\u0259xsi Etiket \u0130stehsalat\u0131<\/strong>: Biz brendl\u0259r\u0259 \u00f6z f\u0259rqli m\u0259hsullar\u0131n\u0131 inki\u015faf etdir\u0259rk\u0259n bizim t\u0259cr\u00fcb\u0259mizd\u0259n istifad\u0259 etm\u0259y\u0259 imkan ver\u0259n \u00f6z\u0259l etiket istehsal\u0131nda ixtisasla\u015f\u0131r\u0131q.<\/li>\n<li><strong>Qlobal \u0130xrac \u0130mkanlar\u0131<\/strong>: T\u0259cr\u00fcb\u0259li ixracat\u00e7\u0131 olaraq, biz b\u00fct\u00fcn d\u00fcnyada m\u00fc\u015ft\u0259ril\u0259r\u0259 s\u0259m\u0259r\u0259li logistika v\u0259 ard\u0131c\u0131l keyfiyy\u0259tl\u0259 xidm\u0259t g\u00f6st\u0259ririk.<\/li>\n<li><strong>Sertifikatla\u015fd\u0131r\u0131lm\u0131\u015f Keyfiyy\u0259t T\u0259minat\u0131<\/strong>: M\u0259hsullar\u0131m\u0131z qlobal qida t\u0259hl\u00fck\u0259sizliyi v\u0259 keyfiyy\u0259t qaydalar\u0131na uy\u011funlu\u011fu t\u0259min ed\u0259n HACCP, BRCGS, Halal, Kosher v\u0259 AB Orqanik standartlar\u0131 alt\u0131nda sertifikatla\u015fd\u0131r\u0131l\u0131b.<\/li>\n<li><strong>Davaml\u0131l\u0131q v\u0259 Etibarl\u0131l\u0131q<\/strong>: Biz davaml\u0131 istehsal \u00fcsullar\u0131na \u00fcst\u00fcnl\u00fck veririk v\u0259 b\u00fct\u00fcn d\u00fcnyada m\u00fc\u015ft\u0259ril\u0259rimizin ehtiyaclar\u0131n\u0131 \u00f6d\u0259m\u0259k \u00fc\u00e7\u00fcn g\u00fccl\u00fc t\u0259chizat z\u0259ncirinin etibarl\u0131l\u0131\u011f\u0131n\u0131 qoruyuruq.<\/li>\n<\/ul>\n<h3><strong>Qovrulmu\u015f a\u011fard\u0131lm\u0131\u015f f\u0131st\u0131q haqq\u0131nda isti m\u00f6vzular<\/strong><\/h3>\n<ul>\n<li><strong>Tam vs Yar\u0131m<\/strong>: Qovrulmu\u015f A\u011fard\u0131lm\u0131\u015f F\u0131st\u0131q Yar\u0131mlar\u0131na qar\u015f\u0131 Qovrulmu\u015f A\u011fard\u0131lm\u0131\u015f F\u0131st\u0131q Yar\u0131mlar\u0131n\u0131n istifad\u0259 hallar\u0131n\u0131 ba\u015fa d\u00fc\u015fm\u0259k istehsal\u00e7\u0131lar \u00fc\u00e7\u00fcn \u00e7ox vacibdir. B\u00fct\u00fcn f\u0131st\u0131qlar tez-tez birinci d\u0259r\u0259c\u0259li q\u0259lyanalt\u0131 m\u0259hsullar\u0131nda istifad\u0259 olunur, yar\u0131ya is\u0259 qida istehsal\u0131, \u00e7\u00f6r\u0259k\u00e7ilik v\u0259 f\u0131st\u0131q ya\u011f\u0131 \u00fc\u00e7\u00fcn \u00fcst\u00fcnl\u00fck verilir.<\/li>\n<li><strong>Qovrulmu\u015f A\u011fard\u0131lm\u0131\u015f F\u0131st\u0131qlar\u0131n Sa\u011flaml\u0131q Faydalar\u0131<\/strong>: A\u011fard\u0131lm\u0131\u015f f\u0131st\u0131qlar z\u00fclal, sa\u011flam ya\u011flar v\u0259 \u0259sas vitaminl\u0259r v\u0259 minerallar daxil olmaqla, xam f\u0131st\u0131qlar\u0131n bir \u00e7ox qida faydalar\u0131n\u0131 saxlay\u0131r, bu da onlar\u0131 sa\u011flaml\u0131q bax\u0131m\u0131ndan \u015f\u00fcurlu istehlak\u00e7\u0131lar \u00fc\u00e7\u00fcn a\u011f\u0131ll\u0131 se\u00e7im edir.<\/li>\n<li><strong>T\u0259miz etiketli madd\u0259l\u0259r\u0259 artan t\u0259l\u0259bat<\/strong>: Daha \u00e7ox istehlak\u00e7\u0131 minimal emal olunan m\u0259hsullar axtard\u0131qca, qovrulmu\u015f a\u011fard\u0131lm\u0131\u015f f\u0131st\u0131q q\u0259lyanalt\u0131lar v\u0259 \u201ct\u0259miz etiket\u201d kimi bazara \u00e7\u0131xar\u0131lan qida m\u0259hsullar\u0131 \u00fc\u00e7\u00fcn \u0259la t\u0259rkib hiss\u0259sidir.<\/li>\n<li><strong>F\u0131st\u0131q Davaml\u0131l\u0131\u011f\u0131 v\u0259 \u018ftraf M\u00fchit\u0259 T\u0259siri<\/strong>: Dig\u0259r qoz-f\u0131nd\u0131qlarla m\u00fcqayis\u0259d\u0259, a\u011fard\u0131lm\u0131\u015f n\u00f6vl\u0259r d\u0259 daxil olmaqla, f\u0131st\u0131q b\u00f6y\u00fcm\u0259k \u00fc\u00e7\u00fcn daha az resurs t\u0259l\u0259b edir ki, bu da onlar\u0131 \u0259traf m\u00fchit\u0259 t\u0259sirini azaltmaq ist\u0259y\u0259n qida \u015firk\u0259tl\u0259ri \u00fc\u00e7\u00fcn davaml\u0131 se\u00e7im edir.<\/li>\n<\/ul>\n<h3><strong>Qovrulmu\u015f a\u011fard\u0131lm\u0131\u015f f\u0131st\u0131q istehsal\u00e7\u0131s\u0131 kimi rolumuz haqq\u0131nda tez-tez veril\u0259n suallar<\/strong><\/h3>\n<ol>\n<li><strong>A\u011fard\u0131lm\u0131\u015f f\u0131st\u0131qlar\u0131n faydalar\u0131 n\u0259l\u0259rdir?<\/strong><br \/>\nA\u011fard\u0131lm\u0131\u015f f\u0131st\u0131qlar\u0131n qab\u0131\u011f\u0131 \u00e7\u0131xar\u0131l\u0131r, daha t\u0259miz g\u00f6r\u00fcn\u00fc\u015f v\u0259 tutarl\u0131 tekstura t\u0259min edir, q\u0259lyanalt\u0131 yem\u0259kl\u0259r v\u0259 vizual olaraq idar\u0259 olunan m\u0259hsullar \u00fc\u00e7\u00fcn ideald\u0131r.<\/li>\n<li><strong>\u015e\u0259xsi etiket se\u00e7iml\u0259rini t\u0259min edirsiniz?<\/strong><br \/>\nB\u0259li, biz brendinizin qabla\u015fd\u0131r\u0131lmas\u0131 v\u0259 spesifikasiyas\u0131 \u00fc\u00e7\u00fcn tam f\u0259rdil\u0259\u015fdirm\u0259 il\u0259 \u00f6z\u0259l etiket istehsal\u0131nda ixtisasla\u015fm\u0131\u015f\u0131q.<\/li>\n<li><strong>M\u0259n qovurma s\u0259viyy\u0259sini f\u0259rdil\u0259\u015fdir\u0259 bil\u0259r\u0259mmi?<\/strong><br \/>\nM\u00fctl\u0259q! Biz sizin \u00fcst\u00fcnl\u00fckl\u0259riniz\u0259 v\u0259 bazar ehtiyaclar\u0131n\u0131za uy\u011funla\u015fd\u0131r\u0131lm\u0131\u015f a\u00e7\u0131qdan qaranl\u0131\u011fa q\u0259d\u0259r qovurma variantlar\u0131n\u0131 t\u0259klif edirik.<\/li>\n<li><strong>T\u0259rav\u0259ti nec\u0259 qoruyursunuz?<\/strong><br \/>\nBiz f\u0131st\u0131qlar\u0131 saxlama v\u0259 da\u015f\u0131ma zaman\u0131 t\u0259z\u0259 v\u0259 keyfiyy\u0259tli qalmas\u0131n\u0131 t\u0259min etm\u0259k \u00fc\u00e7\u00fcn temperatura n\u0259zar\u0259t edil\u0259n yerl\u0259rd\u0259 saxlay\u0131r\u0131q.<\/li>\n<li><strong>D\u00fcnyaya ixrac edirsiniz?<\/strong><br \/>\nB\u0259li, s\u0259m\u0259r\u0259li logistika il\u0259 m\u00fcxt\u0259lif beyn\u0259lxalq bazarlara qovrulmu\u015f a\u011fard\u0131lm\u0131\u015f f\u0131st\u0131q ixrac\u0131 \u00fczr\u0259 geni\u015f t\u0259cr\u00fcb\u0259miz var.<\/li>\n<li><strong>F\u0131st\u0131qlar\u0131n\u0131z\u0131n saxlama m\u00fcdd\u0259ti n\u0259 q\u0259d\u0259rdir?<\/strong><br \/>\nQovrulmu\u015f a\u011fard\u0131lm\u0131\u015f f\u0131st\u0131qlar\u0131m\u0131z d\u00fczg\u00fcn saxland\u0131qda 12 aydan 18 aya q\u0259d\u0259r davam edir, qal\u0131c\u0131 t\u0259rav\u0259t v\u0259 l\u0259zz\u0259t t\u0259min edir.<\/li>\n<li><strong>Qovrulmu\u015f a\u011fard\u0131lm\u0131\u015f f\u0131st\u0131qlar\u0131n \u00fcmumi istifad\u0259si hans\u0131lard\u0131r?<\/strong><br \/>\nOnlar q\u0259lyanalt\u0131 yem\u0259kl\u0259rind\u0259, q\u0259nnad\u0131 m\u0259mulatlar\u0131nda, f\u0131st\u0131q ya\u011f\u0131nda v\u0259 l\u0259zz\u0259tli v\u0259 bi\u015fmi\u015f m\u0259hsullar\u0131n t\u0259rkib hiss\u0259si kimi m\u0259\u015fhurdur.<\/li>\n<li><strong>Qovrulmu\u015f a\u011fard\u0131lm\u0131\u015f f\u0131st\u0131q dig\u0259r n\u00f6vl\u0259rl\u0259 m\u00fcqayis\u0259d\u0259 nec\u0259dir?<\/strong><br \/>\nQovrulmu\u015f a\u011fard\u0131lm\u0131\u015f f\u0131st\u0131q qab\u0131\u011f\u0131 \u00e7\u0131xar\u0131ld\u0131\u011f\u0131 \u00fc\u00e7\u00fcn daha hamar, t\u0259miz bir g\u00f6r\u00fcn\u00fc\u015f\u0259 malikdir. Bu keyfiyy\u0259t onlar\u0131 ard\u0131c\u0131l teksturaya ehtiyac\u0131 olan premium m\u0259hsullar \u00fc\u00e7\u00fcn m\u00fck\u0259mm\u0259l edir.<\/li>\n<\/ol>\n<div class=\"flex max-w-full flex-col flex-grow\">\n<div class=\"min-h-8 text-message flex w-full flex-col items-end gap-2 whitespace-normal break-words [.text-message+&amp;]:mt-5\" dir=\"auto\" data-message-author-role=\"assistant\" data-message-id=\"31ea6229-78d6-4c3f-8f61-fea9e8392c9b\">\n<div class=\"flex w-full flex-col gap-1 empty:hidden first:pt-[3px]\">\n<div class=\"markdown prose w-full break-words dark:prose-invert dark\">\n<a href=\"mailto:globepeanut@gmail.com\" class=\"button primary is-primary is-medium\"  >\n    <span>Biz\u0259 e-po\u00e7t g\u00f6nd\u0259rin<\/span>\n  <\/a>\n\n<\/div>\n<\/div>\n<\/div>\n<\/div>\n<div class=\"mb-2 flex gap-3 empty:hidden -ml-2\">\n<div class=\"items-center justify-start rounded-xl p-1 flex\"><\/div>\n<\/div>","protected":false},"excerpt":{"rendered":"<p>Biz \u00c7ind\u0259 qovrulmu\u015f a\u011fard\u0131lm\u0131\u015f f\u0131st\u0131q istehsal\u00e7\u0131s\u0131 v\u0259 t\u0259chizat\u00e7\u0131s\u0131y\u0131q<\/p>\n<p>- MOQ: 1 ton<br \/>\n- OEM\/ODM xidm\u0259ti t\u0259klif olunur<br \/>\n- Pulsuz n\u00fcmun\u0259 m\u00f6vcuddur<br \/>\n\u2013 F\u0259rdil\u0259\u015fdirm\u0259ni q\u0259bul edin (spesifikasiyalar, \u00f6l\u00e7\u00fcl\u0259r, r\u0259ng, dizayn v\u0259 s.)<br \/>\n\u2013 N\u00f6v: B\u00fct\u00fcn Qovrulmu\u015f F\u0131st\u0131q, Yar\u0131m Qovrulmu\u015f F\u0131st\u0131q<\/p>\n<p>Qovrulmu\u015f A\u011fard\u0131lm\u0131\u015f F\u0131st\u0131q qiym\u0259tl\u0259ri \u0259ld\u0259 etm\u0259k ist\u0259yirsinizs\u0259, biziml\u0259 \u0259laq\u0259 saxlay\u0131n.<\/p>","protected":false},"featured_media":1701,"comment_status":"open","ping_status":"closed","template":"","meta":[],"product_cat":[37],"product_tag":[],"class_list":{"0":"post-1554","1":"product","2":"type-product","3":"status-publish","4":"has-post-thumbnail","6":"product_cat-roasted-peanut","8":"first","9":"instock","10":"shipping-taxable","11":"product-type-simple"},"yoast_head":"<!-- This site is optimized with the Yoast SEO plugin v24.9 - https:\/\/yoast.com\/wordpress\/plugins\/seo\/ -->\n<title>Roasted Blanched Peanut China Wholesaler - Peanut Butter Factory<\/title>\n<meta name=\"description\" content=\"High-quality Roasted Blanched Peanut OEM supplier, private label manufacturer, and exporter. Choose us for customizable solutions and global expertise.\" \/>\n<meta name=\"robots\" content=\"index, follow, max-snippet:-1, max-image-preview:large, max-video-preview:-1\" \/>\n<link rel=\"canonical\" href=\"https:\/\/www.peanutoem.com\/az\/manufacturer\/roasted-blanched-peanut\/\" \/>\n<meta property=\"og:locale\" content=\"az_AZ\" \/>\n<meta property=\"og:type\" content=\"article\" \/>\n<meta property=\"og:title\" content=\"Roasted Blanched Peanut China Wholesaler - Peanut Butter Factory\" \/>\n<meta property=\"og:description\" content=\"High-quality Roasted Blanched Peanut OEM supplier, private label manufacturer, and exporter. Choose us for customizable solutions and global expertise.\" \/>\n<meta property=\"og:url\" content=\"https:\/\/www.peanutoem.com\/az\/manufacturer\/roasted-blanched-peanut\/\" \/>\n<meta property=\"og:site_name\" content=\"Peanut Butter Factory\" \/>\n<meta property=\"article:modified_time\" content=\"2024-09-28T05:11:42+00:00\" \/>\n<meta property=\"og:image\" content=\"https:\/\/www.peanutoem.com\/wp-content\/uploads\/2024\/09\/Whole-Roast-Blanched-Peanut-.webp\" \/>\n\t<meta property=\"og:image:width\" content=\"1000\" \/>\n\t<meta property=\"og:image:height\" content=\"1000\" \/>\n\t<meta property=\"og:image:type\" content=\"image\/webp\" \/>\n<meta name=\"twitter:card\" content=\"summary_large_image\" \/>\n<meta name=\"twitter:label1\" content=\"Est. reading time\" \/>\n\t<meta name=\"twitter:data1\" content=\"4 minutes\" \/>\n<script type=\"application\/ld+json\" class=\"yoast-schema-graph\">{\"@context\":\"https:\/\/schema.org\",\"@graph\":[{\"@type\":\"WebPage\",\"@id\":\"https:\/\/www.peanutoem.com\/manufacturer\/roasted-blanched-peanut\/\",\"url\":\"https:\/\/www.peanutoem.com\/manufacturer\/roasted-blanched-peanut\/\",\"name\":\"Roasted Blanched Peanut China Wholesaler - Peanut Butter Factory\",\"isPartOf\":{\"@id\":\"https:\/\/www.peanutoem.com\/#website\"},\"primaryImageOfPage\":{\"@id\":\"https:\/\/www.peanutoem.com\/manufacturer\/roasted-blanched-peanut\/#primaryimage\"},\"image\":{\"@id\":\"https:\/\/www.peanutoem.com\/manufacturer\/roasted-blanched-peanut\/#primaryimage\"},\"thumbnailUrl\":\"https:\/\/www.peanutoem.com\/wp-content\/uploads\/2024\/09\/Whole-Roast-Blanched-Peanut-.webp\",\"datePublished\":\"2024-09-02T13:59:01+00:00\",\"dateModified\":\"2024-09-28T05:11:42+00:00\",\"description\":\"High-quality Roasted Blanched Peanut OEM supplier, private label manufacturer, and exporter. Choose us for customizable solutions and global expertise.\",\"breadcrumb\":{\"@id\":\"https:\/\/www.peanutoem.com\/manufacturer\/roasted-blanched-peanut\/#breadcrumb\"},\"inLanguage\":\"az\",\"potentialAction\":[{\"@type\":\"ReadAction\",\"target\":[\"https:\/\/www.peanutoem.com\/manufacturer\/roasted-blanched-peanut\/\"]}]},{\"@type\":\"ImageObject\",\"inLanguage\":\"az\",\"@id\":\"https:\/\/www.peanutoem.com\/manufacturer\/roasted-blanched-peanut\/#primaryimage\",\"url\":\"https:\/\/www.peanutoem.com\/wp-content\/uploads\/2024\/09\/Whole-Roast-Blanched-Peanut-.webp\",\"contentUrl\":\"https:\/\/www.peanutoem.com\/wp-content\/uploads\/2024\/09\/Whole-Roast-Blanched-Peanut-.webp\",\"width\":1000,\"height\":1000,\"caption\":\"Whole Roast Blanched Peanut\"},{\"@type\":\"BreadcrumbList\",\"@id\":\"https:\/\/www.peanutoem.com\/manufacturer\/roasted-blanched-peanut\/#breadcrumb\",\"itemListElement\":[{\"@type\":\"ListItem\",\"position\":1,\"name\":\"Home\",\"item\":\"https:\/\/www.peanutoem.com\/\"},{\"@type\":\"ListItem\",\"position\":2,\"name\":\"Products\",\"item\":\"https:\/\/www.peanutoem.com\/shop\/\"},{\"@type\":\"ListItem\",\"position\":3,\"name\":\"Roasted Blanched Peanut\"}]},{\"@type\":\"WebSite\",\"@id\":\"https:\/\/www.peanutoem.com\/#website\",\"url\":\"https:\/\/www.peanutoem.com\/\",\"name\":\"Peanut Butter Factory\",\"description\":\"Peanut Butter Manufacturer and Roast Peanut OEM Factory | Peanut Private Label China Supplier\",\"publisher\":{\"@id\":\"https:\/\/www.peanutoem.com\/#organization\"},\"alternateName\":\"Peanut Butter OEM and Wholesale\",\"potentialAction\":[{\"@type\":\"SearchAction\",\"target\":{\"@type\":\"EntryPoint\",\"urlTemplate\":\"https:\/\/www.peanutoem.com\/?s={search_term_string}\"},\"query-input\":{\"@type\":\"PropertyValueSpecification\",\"valueRequired\":true,\"valueName\":\"search_term_string\"}}],\"inLanguage\":\"az\"},{\"@type\":\"Organization\",\"@id\":\"https:\/\/www.peanutoem.com\/#organization\",\"name\":\"Peanut Butter Factory\",\"alternateName\":\"JuFeng Group\",\"url\":\"https:\/\/www.peanutoem.com\/\",\"logo\":{\"@type\":\"ImageObject\",\"inLanguage\":\"az\",\"@id\":\"https:\/\/www.peanutoem.com\/#\/schema\/logo\/image\/\",\"url\":\"https:\/\/www.peanutoem.com\/wp-content\/uploads\/2024\/09\/JUFENG-LOGO.png\",\"contentUrl\":\"https:\/\/www.peanutoem.com\/wp-content\/uploads\/2024\/09\/JUFENG-LOGO.png\",\"width\":600,\"height\":170,\"caption\":\"Peanut Butter Factory\"},\"image\":{\"@id\":\"https:\/\/www.peanutoem.com\/#\/schema\/logo\/image\/\"}}]}<\/script>\n<!-- \/ Yoast SEO plugin. -->","yoast_head_json":{"title":"Roasted Blanched Peanut China Wholesaler - Peanut Butter Factory","description":"High-quality Roasted Blanched Peanut OEM supplier, private label manufacturer, and exporter. Choose us for customizable solutions and global expertise.","robots":{"index":"index","follow":"follow","max-snippet":"max-snippet:-1","max-image-preview":"max-image-preview:large","max-video-preview":"max-video-preview:-1"},"canonical":"https:\/\/www.peanutoem.com\/az\/manufacturer\/roasted-blanched-peanut\/","og_locale":"az_AZ","og_type":"article","og_title":"Roasted Blanched Peanut China Wholesaler - Peanut Butter Factory","og_description":"High-quality Roasted Blanched Peanut OEM supplier, private label manufacturer, and exporter. Choose us for customizable solutions and global expertise.","og_url":"https:\/\/www.peanutoem.com\/az\/manufacturer\/roasted-blanched-peanut\/","og_site_name":"Peanut Butter Factory","article_modified_time":"2024-09-28T05:11:42+00:00","og_image":[{"width":1000,"height":1000,"url":"https:\/\/www.peanutoem.com\/wp-content\/uploads\/2024\/09\/Whole-Roast-Blanched-Peanut-.webp","type":"image\/webp"}],"twitter_card":"summary_large_image","twitter_misc":{"Est. reading time":"4 minutes"},"schema":{"@context":"https:\/\/schema.org","@graph":[{"@type":"WebPage","@id":"https:\/\/www.peanutoem.com\/manufacturer\/roasted-blanched-peanut\/","url":"https:\/\/www.peanutoem.com\/manufacturer\/roasted-blanched-peanut\/","name":"Roasted Blanched Peanut China Wholesaler - Peanut Butter Factory","isPartOf":{"@id":"https:\/\/www.peanutoem.com\/#website"},"primaryImageOfPage":{"@id":"https:\/\/www.peanutoem.com\/manufacturer\/roasted-blanched-peanut\/#primaryimage"},"image":{"@id":"https:\/\/www.peanutoem.com\/manufacturer\/roasted-blanched-peanut\/#primaryimage"},"thumbnailUrl":"https:\/\/www.peanutoem.com\/wp-content\/uploads\/2024\/09\/Whole-Roast-Blanched-Peanut-.webp","datePublished":"2024-09-02T13:59:01+00:00","dateModified":"2024-09-28T05:11:42+00:00","description":"High-quality Roasted Blanched Peanut OEM supplier, private label manufacturer, and exporter. Choose us for customizable solutions and global expertise.","breadcrumb":{"@id":"https:\/\/www.peanutoem.com\/manufacturer\/roasted-blanched-peanut\/#breadcrumb"},"inLanguage":"az","potentialAction":[{"@type":"ReadAction","target":["https:\/\/www.peanutoem.com\/manufacturer\/roasted-blanched-peanut\/"]}]},{"@type":"ImageObject","inLanguage":"az","@id":"https:\/\/www.peanutoem.com\/manufacturer\/roasted-blanched-peanut\/#primaryimage","url":"https:\/\/www.peanutoem.com\/wp-content\/uploads\/2024\/09\/Whole-Roast-Blanched-Peanut-.webp","contentUrl":"https:\/\/www.peanutoem.com\/wp-content\/uploads\/2024\/09\/Whole-Roast-Blanched-Peanut-.webp","width":1000,"height":1000,"caption":"Whole Roast Blanched Peanut"},{"@type":"BreadcrumbList","@id":"https:\/\/www.peanutoem.com\/manufacturer\/roasted-blanched-peanut\/#breadcrumb","itemListElement":[{"@type":"ListItem","position":1,"name":"Home","item":"https:\/\/www.peanutoem.com\/"},{"@type":"ListItem","position":2,"name":"Products","item":"https:\/\/www.peanutoem.com\/shop\/"},{"@type":"ListItem","position":3,"name":"Roasted Blanched Peanut"}]},{"@type":"WebSite","@id":"https:\/\/www.peanutoem.com\/#website","url":"https:\/\/www.peanutoem.com\/","name":"Peanut Butter Factory","description":"Peanut Butter Manufacturer and Roast Peanut OEM Factory | Peanut Private Label China Supplier","publisher":{"@id":"https:\/\/www.peanutoem.com\/#organization"},"alternateName":"Peanut Butter OEM and Wholesale","potentialAction":[{"@type":"SearchAction","target":{"@type":"EntryPoint","urlTemplate":"https:\/\/www.peanutoem.com\/?s={search_term_string}"},"query-input":{"@type":"PropertyValueSpecification","valueRequired":true,"valueName":"search_term_string"}}],"inLanguage":"az"},{"@type":"Organization","@id":"https:\/\/www.peanutoem.com\/#organization","name":"Peanut Butter Factory","alternateName":"JuFeng Group","url":"https:\/\/www.peanutoem.com\/","logo":{"@type":"ImageObject","inLanguage":"az","@id":"https:\/\/www.peanutoem.com\/#\/schema\/logo\/image\/","url":"https:\/\/www.peanutoem.com\/wp-content\/uploads\/2024\/09\/JUFENG-LOGO.png","contentUrl":"https:\/\/www.peanutoem.com\/wp-content\/uploads\/2024\/09\/JUFENG-LOGO.png","width":600,"height":170,"caption":"Peanut Butter Factory"},"image":{"@id":"https:\/\/www.peanutoem.com\/#\/schema\/logo\/image\/"}}]}},"_links":{"self":[{"href":"https:\/\/www.peanutoem.com\/az\/wp-json\/wp\/v2\/product\/1554","targetHints":{"allow":["GET"]}}],"collection":[{"href":"https:\/\/www.peanutoem.com\/az\/wp-json\/wp\/v2\/product"}],"about":[{"href":"https:\/\/www.peanutoem.com\/az\/wp-json\/wp\/v2\/types\/product"}],"replies":[{"embeddable":true,"href":"https:\/\/www.peanutoem.com\/az\/wp-json\/wp\/v2\/comments?post=1554"}],"wp:featuredmedia":[{"embeddable":true,"href":"https:\/\/www.peanutoem.com\/az\/wp-json\/wp\/v2\/media\/1701"}],"wp:attachment":[{"href":"https:\/\/www.peanutoem.com\/az\/wp-json\/wp\/v2\/media?parent=1554"}],"wp:term":[{"taxonomy":"product_cat","embeddable":true,"href":"https:\/\/www.peanutoem.com\/az\/wp-json\/wp\/v2\/product_cat?post=1554"},{"taxonomy":"product_tag","embeddable":true,"href":"https:\/\/www.peanutoem.com\/az\/wp-json\/wp\/v2\/product_tag?post=1554"}],"curies":[{"name":"wp","href":"https:\/\/api.w.org\/{rel}","templated":true}]}}