{"id":1555,"date":"2024-09-02T14:00:33","date_gmt":"2024-09-02T14:00:33","guid":{"rendered":"https:\/\/www.peanutoem.com\/?post_type=product&#038;p=1555"},"modified":"2024-09-28T04:44:51","modified_gmt":"2024-09-28T04:44:51","slug":"roasted-peanut-kernels-in-split","status":"publish","type":"product","link":"https:\/\/www.peanutoem.com\/az\/manufacturer\/roasted-peanut-kernels-in-split\/","title":{"rendered":"Splitd\u0259 Qovrulmu\u015f F\u0131st\u0131q L\u0259p\u0259yi | Diliml\u0259nmi\u015f qovrulmu\u015f f\u0131st\u0131q l\u0259p\u0259si"},"content":{"rendered":"<h3>Splitd\u0259 qovrulmu\u015f f\u0131st\u0131q l\u0259p\u0259si n\u0259dir?<\/h3>\n<p>Splitd\u0259 qovrulmu\u015f f\u0131st\u0131q l\u0259p\u0259si v\u0259 ya Qovrulmu\u015f par\u00e7alanm\u0131\u015f f\u0131st\u0131q l\u0259p\u0259si adlan\u0131r, m\u00fck\u0259mm\u0259lliy\u0259 q\u0259d\u0259r diqq\u0259tl\u0259 q\u0131zard\u0131lm\u0131\u015f v\u0259 sonra diqq\u0259tl\u0259 yar\u0131ya b\u00f6l\u00fcnm\u00fc\u015f f\u0131st\u0131qlard\u0131r. Onlar z\u0259ngin aromas\u0131, x\u0131rt\u0131ldayan dad\u0131 v\u0259 q\u0259lyanalt\u0131larda, \u00e7\u00f6r\u0259k m\u0259mulatlar\u0131nda v\u0259 m\u00fcxt\u0259lif yem\u0259kl\u0259rd\u0259 geni\u015f t\u0259tbiqi il\u0259 tan\u0131n\u0131r. Qovurma prosesi f\u0131st\u0131qlar\u0131n t\u0259bii dad\u0131n\u0131 art\u0131rmaqla yana\u015f\u0131, onlar\u0131 qida istehsal\u00e7\u0131lar\u0131, q\u0259lyanalt\u0131 markalar\u0131 v\u0259 daha sa\u011flam p\u0259hriz izl\u0259y\u0259n istehlak\u00e7\u0131lar \u00fc\u00e7\u00fcn ideal se\u00e7im hal\u0131na g\u0259tirir.<\/p>\n<h3>Splitd\u0259 qovrulmu\u015f f\u0131st\u0131q l\u0259p\u0259l\u0259ri \u00fc\u00e7\u00fcn alternativ adlar<\/h3>\n<p>Splitd\u0259 qovrulmu\u015f f\u0131st\u0131q l\u0259p\u0259l\u0259ri b\u00f6lg\u0259d\u0259n v\u0259 ya bazardan as\u0131l\u0131 olaraq dig\u0259r adlarla da adland\u0131r\u0131l\u0131r, o c\u00fcml\u0259d\u0259n:<\/p>\n<ul>\n<li>Par\u00e7alanm\u0131\u015f Qovrulmu\u015f F\u0131st\u0131q<\/li>\n<li>Qovrulmu\u015f F\u0131st\u0131q Yar\u0131mlar\u0131<\/li>\n<li>Qovrulmu\u015f F\u0131nd\u0131q l\u0259p\u0259l\u0259rini b\u00f6l\u00fcn<\/li>\n<li>F\u0131st\u0131q Par\u00e7alar\u0131<\/li>\n<\/ul>\n<h3>M\u00fcvafiq Qaynar M\u00f6vzular<\/h3>\n<ol>\n<li><strong>Qovrulmu\u015f f\u0131st\u0131q l\u0259p\u0259l\u0259rinin sa\u011flaml\u0131q \u00fc\u00e7\u00fcn faydalar\u0131<\/strong>: Qovrulmu\u015f f\u0131st\u0131q l\u0259p\u0259si z\u0259ngin protein, sa\u011flam ya\u011flar v\u0259 vacib vitaminl\u0259r m\u0259nb\u0259yidir. Onlar sa\u011flaml\u0131\u011fa y\u00f6n\u0259lmi\u015f m\u00fcxt\u0259lif m\u0259hsullarda qidaland\u0131r\u0131c\u0131 q\u0259lyanalt\u0131 v\u0259 ya t\u0259rkib hiss\u0259si haz\u0131rlay\u0131rlar.<\/li>\n<li><strong>F\u0131st\u0131q \u0259sasl\u0131 q\u0259lyanalt\u0131lara artan t\u0259l\u0259bat:<\/strong> Split formada qovrulmu\u015f f\u0131st\u0131q l\u0259p\u0259si sa\u011flam q\u0259lyanalt\u0131lara t\u0259l\u0259bat\u0131n artmas\u0131 s\u0259b\u0259bind\u0259n populyarl\u0131q qazan\u0131r.<\/li>\n<li><strong>F\u0131st\u0131q Emal\u0131nda Qida T\u0259hl\u00fck\u0259sizliyi v\u0259 Keyfiyy\u0259t\u0259 N\u0259zar\u0259t:<\/strong> Y\u00fcks\u0259k istehsal v\u0259 r\u0259ftar standartlar\u0131n\u0131n saxlan\u0131lmas\u0131 m\u0259hsulun b\u00fct\u00f6vl\u00fcy\u00fc v\u0259 qida t\u0259hl\u00fck\u0259sizliyi qaydalar\u0131na uy\u011funluq \u00fc\u00e7\u00fcn \u00e7ox vacibdir.<\/li>\n<li><strong>\u015e\u0259xsi Etiketli F\u0131st\u0131q M\u0259hsullar\u0131:<\/strong> Bir \u00e7ox brendl\u0259r \u00f6z brendl\u0259ri alt\u0131nda y\u00fcks\u0259k s\u0259viyy\u0259li diliml\u0259nmi\u015f qovrulmu\u015f f\u0131st\u0131q l\u0259p\u0259l\u0259ri t\u0259klif etm\u0259k \u00fc\u00e7\u00fcn \u00f6z\u0259l etiket xidm\u0259tl\u0259rimizi se\u00e7irl\u0259r.<\/li>\n<\/ol>\n<p><img loading=\"lazy\" decoding=\"async\" class=\"alignnone wp-image-1720 size-large\" src=\"https:\/\/www.peanutoem.com\/wp-content\/uploads\/2024\/09\/Roasted-Peanut-Power-in-Carton-1024x908.webp\" alt=\"Kartonda Qovrulmu\u015f F\u0131st\u0131q G\u00fcc\u00fc\" width=\"1020\" height=\"904\" srcset=\"https:\/\/www.peanutoem.com\/wp-content\/uploads\/2024\/09\/Roasted-Peanut-Power-in-Carton-1024x908.webp 1024w, https:\/\/www.peanutoem.com\/wp-content\/uploads\/2024\/09\/Roasted-Peanut-Power-in-Carton-300x266.webp 300w, https:\/\/www.peanutoem.com\/wp-content\/uploads\/2024\/09\/Roasted-Peanut-Power-in-Carton-768x681.webp 768w, https:\/\/www.peanutoem.com\/wp-content\/uploads\/2024\/09\/Roasted-Peanut-Power-in-Carton-1536x1362.webp 1536w, https:\/\/www.peanutoem.com\/wp-content\/uploads\/2024\/09\/Roasted-Peanut-Power-in-Carton-2048x1816.webp 2048w, https:\/\/www.peanutoem.com\/wp-content\/uploads\/2024\/09\/Roasted-Peanut-Power-in-Carton-14x12.webp 14w, https:\/\/www.peanutoem.com\/wp-content\/uploads\/2024\/09\/Roasted-Peanut-Power-in-Carton-600x532.webp 600w\" sizes=\"auto, (max-width: 1020px) 100vw, 1020px\" \/><\/p>\n<hr \/>\n<h3>Diliml\u0259nmi\u015f qovrulmu\u015f f\u0131st\u0131q l\u0259p\u0259l\u0259rinin t\u0259dar\u00fck\u00e7\u00fcs\u00fc olaraq niy\u0259 bizi se\u00e7irsiniz?<\/h3>\n<p>Biz bir ne\u00e7\u0259 \u0259sas s\u0259b\u0259b\u0259 g\u00f6r\u0259 Splitd\u0259 qovrulmu\u015f f\u0131st\u0131q l\u0259p\u0259l\u0259rinin etibarl\u0131 t\u0259chizat\u00e7\u0131s\u0131y\u0131q:<\/p>\n<ul>\n<li><strong>Qabaqc\u0131l istehsal obyektl\u0259ri:<\/strong> Fabrikimiz y\u00fcks\u0259k s\u0259viyy\u0259li qovurma v\u0259 k\u0259sm\u0259 prosesl\u0259ri \u00fc\u00e7\u00fcn AB\u015e-\u0131n qabaqc\u0131l istehsal x\u0259tl\u0259rind\u0259n istifad\u0259 edir.<\/li>\n<li><strong>Ciddi Keyfiyy\u0259t T\u0259minat\u0131:<\/strong> H\u0259r bir partiyan\u0131n qlobal standartlara cavab verm\u0259sini t\u0259min etm\u0259k \u00fc\u00e7\u00fcn laboratoriyam\u0131zda h\u0259rt\u0259r\u0259fli s\u0131naqlar h\u0259yata ke\u00e7iririk.<\/li>\n<li><strong>Qlobal Sertifikatlar:<\/strong> Qovrulmu\u015f f\u0131st\u0131q l\u0259p\u0259l\u0259rimiz keyfiyy\u0259t v\u0259 t\u0259hl\u00fck\u0259sizlik bax\u0131m\u0131ndan HACCP, BRCGS, Kosher, Halal v\u0259 EU Organic t\u0259r\u0259find\u0259n sertifikatla\u015fd\u0131r\u0131l\u0131b.<\/li>\n<li><strong>Etibarl\u0131 T\u0259chizat Z\u0259nciri:<\/strong> Bizim b\u00f6y\u00fck sabit temperaturlu anbar\u0131m\u0131z il boyu m\u0259hsulun keyfiyy\u0259tin\u0259 v\u0259 t\u0259chizat\u0131n sabitliyin\u0259 z\u0259man\u0259t verir.<\/li>\n<li><strong>F\u0259rdi Xidm\u0259tl\u0259r:<\/strong> Biz qlobal miqyasda brendl\u0259rin v\u0259 idxal\u00e7\u0131lar\u0131n x\u00fcsusi ehtiyaclar\u0131n\u0131 \u00f6d\u0259m\u0259k \u00fc\u00e7\u00fcn uy\u011funla\u015fd\u0131r\u0131lm\u0131\u015f \u00f6z\u0259l etiket h\u0259ll\u0259ri t\u0259qdim edirik.<\/li>\n<li><strong>Davaml\u0131 \u0130nki\u015faf:<\/strong> Biz dayan\u0131ql\u0131 t\u0259cr\u00fcb\u0259l\u0259r\u0259 diqq\u0259t yetiririk v\u0259 qar\u015f\u0131l\u0131ql\u0131 rifah \u00fc\u00e7\u00fcn tan\u0131nm\u0131\u015f supermarket \u015f\u0259b\u0259k\u0259l\u0259ri il\u0259 t\u0259r\u0259fda\u015f\u0131q.<\/li>\n<\/ul>\n<h3>Diliml\u0259nmi\u015f Qovrulmu\u015f F\u0131st\u0131q D\u0259yirm\u0259l\u0259ri Haqq\u0131nda Sual-Cavab<\/h3>\n<p><strong>S: Sizi b\u00f6l\u00fcnm\u00fc\u015f qovrulmu\u015f f\u0131st\u0131q l\u0259p\u0259l\u0259rinin apar\u0131c\u0131 t\u0259chizat\u00e7\u0131s\u0131na \u00e7evir\u0259n n\u0259dir?<\/strong><br \/>\n<strong>A:<\/strong> Qabaqc\u0131l istehsal imkanlar\u0131m\u0131z, ciddi keyfiyy\u0259t t\u0259minat\u0131m\u0131z v\u0259 qlobal sertifikatlar\u0131m\u0131z davaml\u0131 olaraq y\u00fcks\u0259k keyfiyy\u0259tli m\u0259hsullar t\u0259qdim etm\u0259yimizi t\u0259min edir.<\/p>\n<p><strong>S: Qabla\u015fd\u0131rman\u0131 brendim alt\u0131nda f\u0259rdil\u0259\u015fdir\u0259 bil\u0259r\u0259mmi?<\/strong><br \/>\n<strong>A:<\/strong> B\u0259li, biz sizin bazar ehtiyaclar\u0131n\u0131z\u0131 \u00f6d\u0259m\u0259k \u00fc\u00e7\u00fcn qabla\u015fd\u0131rma v\u0259 brendinqin tam f\u0259rdil\u0259\u015fdirilm\u0259sin\u0259 imkan ver\u0259n \u00f6z\u0259l etiket xidm\u0259tl\u0259ri t\u0259qdim edirik.<\/p>\n<p><strong>S: Qovrulmu\u015f f\u0131st\u0131q l\u0259p\u0259l\u0259riniz hans\u0131 sertifikatlara malikdir?<\/strong><br \/>\n<strong>A:<\/strong> M\u0259hsullar\u0131m\u0131z keyfiyy\u0259t v\u0259 t\u0259hl\u00fck\u0259sizliyi t\u0259min ed\u0259n HACCP, BRC, Halal, Kosher, EU Organic v\u0259 dig\u0259r qlobal standartlarla sertifikatla\u015fd\u0131r\u0131l\u0131b.<\/p>\n<p><strong>S: T\u0259rav\u0259t v\u0259 keyfiyy\u0259ti nec\u0259 t\u0259min edirsiniz?<\/strong><br \/>\n<strong>A:<\/strong> B\u00f6y\u00fck sabit temperaturda saxlama anbar\u0131m\u0131z \u00e7atd\u0131r\u0131lana q\u0259d\u0259r t\u0259rav\u0259t v\u0259 keyfiyy\u0259ti qoruyaraq optimal \u015f\u0259raiti saxlay\u0131r.<\/p>\n<p><strong>S: Beyn\u0259lxalq da\u015f\u0131nma \u00fc\u00e7\u00fcn toplu sifari\u015fl\u0259r verirsinizmi?<\/strong><br \/>\n<strong>A:<\/strong> B\u0259li, biz qlobal m\u00fc\u015ft\u0259ril\u0259r \u00fc\u00e7\u00fcn q\u00fcsursuz t\u0259chizat z\u0259ncirini t\u0259min ed\u0259r\u0259k, toplu sifari\u015fl\u0259r v\u0259 beyn\u0259lxalq da\u015f\u0131malar \u00fczr\u0259 ixtisasla\u015fm\u0131\u015f\u0131q.<\/p>\n<p><strong>S: Par\u00e7alanm\u0131\u015f formada qovrulmu\u015f f\u0131st\u0131q l\u0259p\u0259l\u0259rinin se\u00e7ilm\u0259sinin \u00fcst\u00fcnl\u00fckl\u0259ri n\u0259l\u0259rdir?<\/strong><br \/>\n<strong>A:<\/strong> Par\u00e7alanm\u0131\u015f qovrulmu\u015f f\u0131st\u0131q l\u0259p\u0259l\u0259ri q\u0259lyanalt\u0131lar v\u0259 qarnirl\u0259r \u00fc\u00e7\u00fcn ideal olan t\u0259kmill\u0259\u015fdirilmi\u015f dad v\u0259 teksturaya malik istifad\u0259y\u0259 haz\u0131r m\u0259hsul t\u0259qdim edir.<\/p>\n<p><strong>S: Qovrulmu\u015f f\u0131st\u0131q l\u0259p\u0259l\u0259rind\u0259 \u0259lav\u0259l\u0259r varm\u0131?<\/strong><br \/>\n<strong>A:<\/strong> Xeyr, bizim qovrulmu\u015f f\u0131st\u0131q l\u0259p\u0259l\u0259rimiz t\u0259bii m\u0259hsulu t\u0259min ed\u0259n \u0259lav\u0259l\u0259rd\u0259n v\u0259 konservantlardan azadd\u0131r.<\/p>\n<p><strong>S: M\u0259n x\u00fcsusi qovurma s\u0259viyy\u0259l\u0259rini t\u0259l\u0259b ed\u0259 bil\u0259r\u0259mmi?<\/strong><br \/>\n<strong>A:<\/strong> B\u0259li, a\u00e7\u0131q, orta v\u0259 ya t\u00fcnd q\u0131zartmaya \u00fcst\u00fcnl\u00fck verm\u0259yinizd\u0259n as\u0131l\u0131 olmayaraq, biz qovurma s\u0259viyy\u0259l\u0259rini spesifikasiyalar\u0131n\u0131za uy\u011funla\u015fd\u0131ra bil\u0259rik.<\/p>\n<p><strong>S: N\u00fcmun\u0259ni nec\u0259 t\u0259l\u0259b ed\u0259 bil\u0259r\u0259m?<\/strong><br \/>\n<strong>A:<\/strong> <a href=\"mailto:globepeanut@gmail.com\" target=\"_blank\" rel=\"noopener\">\u018flaq\u0259 <\/a>n\u00fcmun\u0259 t\u0259l\u0259b etm\u0259k v\u0259 x\u00fcsusi ehtiyaclar\u0131n\u0131z\u0131 m\u00fczakir\u0259 etm\u0259k \u00fc\u00e7\u00fcn sat\u0131\u015f komandam\u0131z.<\/p>\n<p><strong>S: Hans\u0131 bazarlar\u0131 t\u0259chiz edirsiniz?<\/strong><br \/>\n<strong>A:<\/strong> Biz g\u00fccl\u00fc s\u0259naye t\u0259r\u0259fda\u015fl\u0131\u011f\u0131 il\u0259 \u015eimali Amerika, Avropa, Asiya v\u0259 Yax\u0131n \u015e\u0259rq d\u0259 daxil olmaqla qlobal miqyasda m\u00fcxt\u0259lif bazarlara qovrulmu\u015f f\u0131st\u0131q l\u0259p\u0259l\u0259ri t\u0259qdim edirik.<\/p>\n<a href=\"mailto:globepeanut@gmail.com\" class=\"button primary is-primary is-medium\"  >\n    <span>Biz\u0259 e-po\u00e7t g\u00f6nd\u0259rin<\/span>\n  <\/a>","protected":false},"excerpt":{"rendered":"<p>Biz \u00c7ind\u0259 diliml\u0259nmi\u015f qovrulmu\u015f f\u0131st\u0131q l\u0259p\u0259si istehsal\u00e7\u0131s\u0131 v\u0259 t\u0259chizat\u00e7\u0131s\u0131y\u0131q<\/p>\n<p>- MOQ: 1 ton<br \/>\n- OEM\/ODM xidm\u0259ti t\u0259klif olunur<br \/>\n- Pulsuz n\u00fcmun\u0259 m\u00f6vcuddur<br \/>\n\u2013 F\u0259rdil\u0259\u015fdirm\u0259ni q\u0259bul edin (spesifikasiyalar, \u00f6l\u00e7\u00fcl\u0259r, r\u0259ng, dizayn v\u0259 s.)<br \/>\n\u2013 Spesifikasiyalar (3-5 mesh, 4-7 mesh, 5-8 mesh, 6-10 mesh, 8-14 mesh v\u0259 ya t\u0259l\u0259biniz kimi)<\/p>\n<p>Qovrulmu\u015f f\u0131st\u0131q l\u0259p\u0259l\u0259rini par\u00e7alanm\u0131\u015f v\u0259 ya diliml\u0259nmi\u015f qovrulmu\u015f f\u0131st\u0131q l\u0259p\u0259sind\u0259 \u0259ld\u0259 etm\u0259k ist\u0259yirsinizs\u0259, biziml\u0259 \u0259laq\u0259 saxlay\u0131n.<\/p>","protected":false},"featured_media":1712,"comment_status":"open","ping_status":"closed","template":"","meta":[],"product_cat":[37],"product_tag":[],"class_list":{"0":"post-1555","1":"product","2":"type-product","3":"status-publish","4":"has-post-thumbnail","6":"product_cat-roasted-peanut","8":"first","9":"instock","10":"shipping-taxable","11":"product-type-simple"},"yoast_head":"<!-- This site is optimized with the Yoast SEO plugin v24.9 - https:\/\/yoast.com\/wordpress\/plugins\/seo\/ -->\n<title>Roasted Peanut Kernels in Split | Sliced Roasted Peanut Kernels - Peanut Butter Factory<\/title>\n<meta name=\"description\" content=\"We are leading OEM manufacturer, supplier, and exporter of high-quality Roasted Peanut Kernels in Split. Private label services and global brands partner.\" \/>\n<meta name=\"robots\" content=\"index, follow, max-snippet:-1, max-image-preview:large, max-video-preview:-1\" \/>\n<link rel=\"canonical\" href=\"https:\/\/www.peanutoem.com\/az\/manufacturer\/roasted-peanut-kernels-in-split\/\" \/>\n<meta property=\"og:locale\" content=\"az_AZ\" \/>\n<meta property=\"og:type\" content=\"article\" \/>\n<meta property=\"og:title\" content=\"Roasted Peanut Kernels in Split | Sliced Roasted Peanut Kernels - Peanut Butter Factory\" \/>\n<meta property=\"og:description\" content=\"We are leading OEM manufacturer, supplier, and exporter of high-quality Roasted Peanut Kernels in Split. Private label services and global brands partner.\" \/>\n<meta property=\"og:url\" content=\"https:\/\/www.peanutoem.com\/az\/manufacturer\/roasted-peanut-kernels-in-split\/\" \/>\n<meta property=\"og:site_name\" content=\"Peanut Butter Factory\" \/>\n<meta property=\"article:modified_time\" content=\"2024-09-28T04:44:51+00:00\" \/>\n<meta property=\"og:image\" content=\"https:\/\/www.peanutoem.com\/wp-content\/uploads\/2024\/09\/4-6mm-roasted-peanut-kernels-scaled.webp\" \/>\n\t<meta property=\"og:image:width\" content=\"1920\" \/>\n\t<meta property=\"og:image:height\" content=\"2560\" \/>\n\t<meta property=\"og:image:type\" content=\"image\/webp\" \/>\n<meta name=\"twitter:card\" content=\"summary_large_image\" \/>\n<meta name=\"twitter:label1\" content=\"Est. reading time\" \/>\n\t<meta name=\"twitter:data1\" content=\"4 minutes\" \/>\n<script type=\"application\/ld+json\" class=\"yoast-schema-graph\">{\"@context\":\"https:\/\/schema.org\",\"@graph\":[{\"@type\":\"WebPage\",\"@id\":\"https:\/\/www.peanutoem.com\/manufacturer\/roasted-peanut-kernels-in-split\/\",\"url\":\"https:\/\/www.peanutoem.com\/manufacturer\/roasted-peanut-kernels-in-split\/\",\"name\":\"Roasted Peanut Kernels in Split | Sliced Roasted Peanut Kernels - Peanut Butter Factory\",\"isPartOf\":{\"@id\":\"https:\/\/www.peanutoem.com\/#website\"},\"primaryImageOfPage\":{\"@id\":\"https:\/\/www.peanutoem.com\/manufacturer\/roasted-peanut-kernels-in-split\/#primaryimage\"},\"image\":{\"@id\":\"https:\/\/www.peanutoem.com\/manufacturer\/roasted-peanut-kernels-in-split\/#primaryimage\"},\"thumbnailUrl\":\"https:\/\/www.peanutoem.com\/wp-content\/uploads\/2024\/09\/4-6mm-roasted-peanut-kernels-scaled.webp\",\"datePublished\":\"2024-09-02T14:00:33+00:00\",\"dateModified\":\"2024-09-28T04:44:51+00:00\",\"description\":\"We are leading OEM manufacturer, supplier, and exporter of high-quality Roasted Peanut Kernels in Split. Private label services and global brands partner.\",\"breadcrumb\":{\"@id\":\"https:\/\/www.peanutoem.com\/manufacturer\/roasted-peanut-kernels-in-split\/#breadcrumb\"},\"inLanguage\":\"az\",\"potentialAction\":[{\"@type\":\"ReadAction\",\"target\":[\"https:\/\/www.peanutoem.com\/manufacturer\/roasted-peanut-kernels-in-split\/\"]}]},{\"@type\":\"ImageObject\",\"inLanguage\":\"az\",\"@id\":\"https:\/\/www.peanutoem.com\/manufacturer\/roasted-peanut-kernels-in-split\/#primaryimage\",\"url\":\"https:\/\/www.peanutoem.com\/wp-content\/uploads\/2024\/09\/4-6mm-roasted-peanut-kernels-scaled.webp\",\"contentUrl\":\"https:\/\/www.peanutoem.com\/wp-content\/uploads\/2024\/09\/4-6mm-roasted-peanut-kernels-scaled.webp\",\"width\":1920,\"height\":2560,\"caption\":\"4-6mm roasted peanut kernels\"},{\"@type\":\"BreadcrumbList\",\"@id\":\"https:\/\/www.peanutoem.com\/manufacturer\/roasted-peanut-kernels-in-split\/#breadcrumb\",\"itemListElement\":[{\"@type\":\"ListItem\",\"position\":1,\"name\":\"Home\",\"item\":\"https:\/\/www.peanutoem.com\/\"},{\"@type\":\"ListItem\",\"position\":2,\"name\":\"Products\",\"item\":\"https:\/\/www.peanutoem.com\/shop\/\"},{\"@type\":\"ListItem\",\"position\":3,\"name\":\"Roasted Peanut Kernels in Split | Sliced Roasted Peanut Kernels\"}]},{\"@type\":\"WebSite\",\"@id\":\"https:\/\/www.peanutoem.com\/#website\",\"url\":\"https:\/\/www.peanutoem.com\/\",\"name\":\"Peanut Butter Factory\",\"description\":\"Peanut Butter Manufacturer and Roast Peanut OEM Factory | Peanut Private Label China Supplier\",\"publisher\":{\"@id\":\"https:\/\/www.peanutoem.com\/#organization\"},\"alternateName\":\"Peanut Butter OEM and Wholesale\",\"potentialAction\":[{\"@type\":\"SearchAction\",\"target\":{\"@type\":\"EntryPoint\",\"urlTemplate\":\"https:\/\/www.peanutoem.com\/?s={search_term_string}\"},\"query-input\":{\"@type\":\"PropertyValueSpecification\",\"valueRequired\":true,\"valueName\":\"search_term_string\"}}],\"inLanguage\":\"az\"},{\"@type\":\"Organization\",\"@id\":\"https:\/\/www.peanutoem.com\/#organization\",\"name\":\"Peanut Butter Factory\",\"alternateName\":\"JuFeng Group\",\"url\":\"https:\/\/www.peanutoem.com\/\",\"logo\":{\"@type\":\"ImageObject\",\"inLanguage\":\"az\",\"@id\":\"https:\/\/www.peanutoem.com\/#\/schema\/logo\/image\/\",\"url\":\"https:\/\/www.peanutoem.com\/wp-content\/uploads\/2024\/09\/JUFENG-LOGO.png\",\"contentUrl\":\"https:\/\/www.peanutoem.com\/wp-content\/uploads\/2024\/09\/JUFENG-LOGO.png\",\"width\":600,\"height\":170,\"caption\":\"Peanut Butter Factory\"},\"image\":{\"@id\":\"https:\/\/www.peanutoem.com\/#\/schema\/logo\/image\/\"}}]}<\/script>\n<!-- \/ Yoast SEO plugin. -->","yoast_head_json":{"title":"Roasted Peanut Kernels in Split | Sliced Roasted Peanut Kernels - Peanut Butter Factory","description":"We are leading OEM manufacturer, supplier, and exporter of high-quality Roasted Peanut Kernels in Split. Private label services and global brands partner.","robots":{"index":"index","follow":"follow","max-snippet":"max-snippet:-1","max-image-preview":"max-image-preview:large","max-video-preview":"max-video-preview:-1"},"canonical":"https:\/\/www.peanutoem.com\/az\/manufacturer\/roasted-peanut-kernels-in-split\/","og_locale":"az_AZ","og_type":"article","og_title":"Roasted Peanut Kernels in Split | Sliced Roasted Peanut Kernels - Peanut Butter Factory","og_description":"We are leading OEM manufacturer, supplier, and exporter of high-quality Roasted Peanut Kernels in Split. Private label services and global brands partner.","og_url":"https:\/\/www.peanutoem.com\/az\/manufacturer\/roasted-peanut-kernels-in-split\/","og_site_name":"Peanut Butter Factory","article_modified_time":"2024-09-28T04:44:51+00:00","og_image":[{"width":1920,"height":2560,"url":"https:\/\/www.peanutoem.com\/wp-content\/uploads\/2024\/09\/4-6mm-roasted-peanut-kernels-scaled.webp","type":"image\/webp"}],"twitter_card":"summary_large_image","twitter_misc":{"Est. reading time":"4 minutes"},"schema":{"@context":"https:\/\/schema.org","@graph":[{"@type":"WebPage","@id":"https:\/\/www.peanutoem.com\/manufacturer\/roasted-peanut-kernels-in-split\/","url":"https:\/\/www.peanutoem.com\/manufacturer\/roasted-peanut-kernels-in-split\/","name":"Roasted Peanut Kernels in Split | Sliced Roasted Peanut Kernels - Peanut Butter Factory","isPartOf":{"@id":"https:\/\/www.peanutoem.com\/#website"},"primaryImageOfPage":{"@id":"https:\/\/www.peanutoem.com\/manufacturer\/roasted-peanut-kernels-in-split\/#primaryimage"},"image":{"@id":"https:\/\/www.peanutoem.com\/manufacturer\/roasted-peanut-kernels-in-split\/#primaryimage"},"thumbnailUrl":"https:\/\/www.peanutoem.com\/wp-content\/uploads\/2024\/09\/4-6mm-roasted-peanut-kernels-scaled.webp","datePublished":"2024-09-02T14:00:33+00:00","dateModified":"2024-09-28T04:44:51+00:00","description":"We are leading OEM manufacturer, supplier, and exporter of high-quality Roasted Peanut Kernels in Split. Private label services and global brands partner.","breadcrumb":{"@id":"https:\/\/www.peanutoem.com\/manufacturer\/roasted-peanut-kernels-in-split\/#breadcrumb"},"inLanguage":"az","potentialAction":[{"@type":"ReadAction","target":["https:\/\/www.peanutoem.com\/manufacturer\/roasted-peanut-kernels-in-split\/"]}]},{"@type":"ImageObject","inLanguage":"az","@id":"https:\/\/www.peanutoem.com\/manufacturer\/roasted-peanut-kernels-in-split\/#primaryimage","url":"https:\/\/www.peanutoem.com\/wp-content\/uploads\/2024\/09\/4-6mm-roasted-peanut-kernels-scaled.webp","contentUrl":"https:\/\/www.peanutoem.com\/wp-content\/uploads\/2024\/09\/4-6mm-roasted-peanut-kernels-scaled.webp","width":1920,"height":2560,"caption":"4-6mm roasted peanut kernels"},{"@type":"BreadcrumbList","@id":"https:\/\/www.peanutoem.com\/manufacturer\/roasted-peanut-kernels-in-split\/#breadcrumb","itemListElement":[{"@type":"ListItem","position":1,"name":"Home","item":"https:\/\/www.peanutoem.com\/"},{"@type":"ListItem","position":2,"name":"Products","item":"https:\/\/www.peanutoem.com\/shop\/"},{"@type":"ListItem","position":3,"name":"Roasted Peanut Kernels in Split | Sliced Roasted Peanut Kernels"}]},{"@type":"WebSite","@id":"https:\/\/www.peanutoem.com\/#website","url":"https:\/\/www.peanutoem.com\/","name":"Peanut Butter Factory","description":"Peanut Butter Manufacturer and Roast Peanut OEM Factory | Peanut Private Label China Supplier","publisher":{"@id":"https:\/\/www.peanutoem.com\/#organization"},"alternateName":"Peanut Butter OEM and Wholesale","potentialAction":[{"@type":"SearchAction","target":{"@type":"EntryPoint","urlTemplate":"https:\/\/www.peanutoem.com\/?s={search_term_string}"},"query-input":{"@type":"PropertyValueSpecification","valueRequired":true,"valueName":"search_term_string"}}],"inLanguage":"az"},{"@type":"Organization","@id":"https:\/\/www.peanutoem.com\/#organization","name":"Peanut Butter Factory","alternateName":"JuFeng Group","url":"https:\/\/www.peanutoem.com\/","logo":{"@type":"ImageObject","inLanguage":"az","@id":"https:\/\/www.peanutoem.com\/#\/schema\/logo\/image\/","url":"https:\/\/www.peanutoem.com\/wp-content\/uploads\/2024\/09\/JUFENG-LOGO.png","contentUrl":"https:\/\/www.peanutoem.com\/wp-content\/uploads\/2024\/09\/JUFENG-LOGO.png","width":600,"height":170,"caption":"Peanut Butter Factory"},"image":{"@id":"https:\/\/www.peanutoem.com\/#\/schema\/logo\/image\/"}}]}},"_links":{"self":[{"href":"https:\/\/www.peanutoem.com\/az\/wp-json\/wp\/v2\/product\/1555","targetHints":{"allow":["GET"]}}],"collection":[{"href":"https:\/\/www.peanutoem.com\/az\/wp-json\/wp\/v2\/product"}],"about":[{"href":"https:\/\/www.peanutoem.com\/az\/wp-json\/wp\/v2\/types\/product"}],"replies":[{"embeddable":true,"href":"https:\/\/www.peanutoem.com\/az\/wp-json\/wp\/v2\/comments?post=1555"}],"wp:featuredmedia":[{"embeddable":true,"href":"https:\/\/www.peanutoem.com\/az\/wp-json\/wp\/v2\/media\/1712"}],"wp:attachment":[{"href":"https:\/\/www.peanutoem.com\/az\/wp-json\/wp\/v2\/media?parent=1555"}],"wp:term":[{"taxonomy":"product_cat","embeddable":true,"href":"https:\/\/www.peanutoem.com\/az\/wp-json\/wp\/v2\/product_cat?post=1555"},{"taxonomy":"product_tag","embeddable":true,"href":"https:\/\/www.peanutoem.com\/az\/wp-json\/wp\/v2\/product_tag?post=1555"}],"curies":[{"name":"wp","href":"https:\/\/api.w.org\/{rel}","templated":true}]}}