{"id":1556,"date":"2024-09-02T14:00:57","date_gmt":"2024-09-02T14:00:57","guid":{"rendered":"https:\/\/www.peanutoem.com\/?post_type=product&#038;p=1556"},"modified":"2024-09-28T04:23:49","modified_gmt":"2024-09-28T04:23:49","slug":"roasted-peanut-powder","status":"publish","type":"product","link":"https:\/\/www.peanutoem.com\/az\/manufacturer\/roasted-peanut-powder\/","title":{"rendered":"Qovrulmu\u015f F\u0131st\u0131q Tozu"},"content":{"rendered":"<h3>Qovrulmu\u015f F\u0131st\u0131q Tozu n\u0259dir?<\/h3>\n<p>Qovrulmu\u015f f\u0131st\u0131q tozu f\u0131st\u0131qlar\u0131n inc\u0259 \u00fcy\u00fcd\u00fclm\u0259si v\u0259 t\u0259bii l\u0259zz\u0259tinin art\u0131r\u0131lmas\u0131 yolu il\u0259 haz\u0131rlan\u0131r. <a href=\"https:\/\/en.wikipedia.org\/wiki\/Roasting\" target=\"_blank\" rel=\"noopener\">qovurma<\/a> proses. Bu \u00e7ox y\u00f6nl\u00fc t\u0259rkib qida s\u0259nayesind\u0259 m\u0259\u015fhurdur, f\u0131st\u0131q q\u0259lyanalt\u0131lar\u0131nda, bi\u015fmi\u015f m\u0259mulatlarda, souslarda v\u0259 protein tozlar\u0131nda birinci d\u0259r\u0259c\u0259li komponent kimi xidm\u0259t edir. Qovurma prosesi f\u0131st\u0131qlar\u0131n qoz qoxusunu \u0259h\u0259miyy\u0259tli d\u0259r\u0259c\u0259d\u0259 art\u0131r\u0131r v\u0259 onlar\u0131 z\u0259ngin f\u0131st\u0131q dad\u0131 axtaran qida istehsal\u00e7\u0131lar\u0131 \u00fc\u00e7\u00fcn \u00fcst\u00fcnl\u00fck t\u0259\u015fkil ed\u0259n material hal\u0131na g\u0259tirir. Onun toz formas\u0131 onu m\u00fcxt\u0259lif reseptl\u0259r\u0259 daxil etm\u0259yi asanla\u015fd\u0131r\u0131r, \u0259lav\u0259 suya ehtiyac duymadan qidalara z\u0259ngin dad g\u0259tirir.<\/p>\n<h3><img loading=\"lazy\" decoding=\"async\" class=\"alignnone wp-image-1719 size-full\" src=\"https:\/\/www.peanutoem.com\/wp-content\/uploads\/2024\/09\/Roasted-Peanut-Powder-in-Pouch.webp\" alt=\"\u00c7antada Qovrulmu\u015f F\u0131st\u0131q Tozu\" width=\"912\" height=\"1128\" srcset=\"https:\/\/www.peanutoem.com\/wp-content\/uploads\/2024\/09\/Roasted-Peanut-Powder-in-Pouch.webp 912w, https:\/\/www.peanutoem.com\/wp-content\/uploads\/2024\/09\/Roasted-Peanut-Powder-in-Pouch-243x300.webp 243w, https:\/\/www.peanutoem.com\/wp-content\/uploads\/2024\/09\/Roasted-Peanut-Powder-in-Pouch-828x1024.webp 828w, https:\/\/www.peanutoem.com\/wp-content\/uploads\/2024\/09\/Roasted-Peanut-Powder-in-Pouch-768x950.webp 768w, https:\/\/www.peanutoem.com\/wp-content\/uploads\/2024\/09\/Roasted-Peanut-Powder-in-Pouch-10x12.webp 10w, https:\/\/www.peanutoem.com\/wp-content\/uploads\/2024\/09\/Roasted-Peanut-Powder-in-Pouch-600x742.webp 600w\" sizes=\"auto, (max-width: 912px) 100vw, 912px\" \/><\/h3>\n<h3>Qovrulmu\u015f F\u0131st\u0131q Pudras\u0131 \u00fc\u00e7\u00fcn Alternativ Adlar<\/h3>\n<p>Qovrulmu\u015f F\u0131st\u0131q Tozu bazarda m\u00fcxt\u0259lif adlarla tan\u0131n\u0131r. B\u0259zi \u00fcmumi alternativl\u0259r\u0259 a\u015fa\u011f\u0131dak\u0131lar daxildir:<\/p>\n<ul>\n<li>F\u0131st\u0131q unu<\/li>\n<li>Qovrulmu\u015f Yerf\u0131st\u0131\u011f\u0131 Tozu<\/li>\n<li>F\u0131st\u0131q Yem\u0259yi<\/li>\n<li>Qovrulmu\u015f F\u0131st\u0131q Tozu<\/li>\n<li>Ya\u011fs\u0131z F\u0131st\u0131q Tozu<\/li>\n<\/ul>\n<div class=\"group\/conversation-turn relative flex w-full min-w-0 flex-col agent-turn\">\n<div class=\"flex-col gap-1 md:gap-3\">\n<h3>Qovrulmu\u015f F\u0131st\u0131q Pudras\u0131 haqq\u0131nda M\u00fcvafiq \u0130sti M\u00f6vzular<\/h3>\n<ul>\n<li data-pm-slice=\"0 0 []\"><strong>Glutensiz \u00c7\u00f6r\u0259k T\u0259tbiql\u0259ri:<\/strong> Daha \u00e7ox \u00e7\u00f6r\u0259k\u00e7i qovrulmu\u015f f\u0131st\u0131q tozunu ql\u00fctensiz reseptl\u0259rd\u0259 un \u0259v\u0259zedicisi kimi istifad\u0259 edir, h\u0259m l\u0259zz\u0259ti, h\u0259m d\u0259 qidalanmas\u0131n\u0131 art\u0131r\u0131r.<\/li>\n<li><strong>Sa\u011flaml\u0131q Faydalar\u0131:<\/strong> Sa\u011flaml\u0131\u011fa diqq\u0259t yetir\u0259n istehlak\u00e7\u0131lar, y\u00fcks\u0259k protein, lif v\u0259 sa\u011flam ya\u011f t\u0259rkibin\u0259 g\u00f6r\u0259 qovrulmu\u015f f\u0131st\u0131q tozunu c\u0259lbedici hesab edirl\u0259r.<\/li>\n<li><strong>Bitki \u0259sasl\u0131 protein\u0259 artan t\u0259l\u0259bat:<\/strong> Bitki \u0259sasl\u0131 p\u0259hrizl\u0259r b\u00f6y\u00fcd\u00fckc\u0259, qovrulmu\u015f f\u0131st\u0131q tozu veganlar v\u0259 vegetarianlar \u00fc\u00e7\u00fcn \u0259lveri\u015fli protein m\u0259nb\u0259yin\u0259 \u00e7evrilir.<\/li>\n<li><strong>Glutensiz \u00c7\u00f6r\u0259k T\u0259tbiql\u0259ri:<\/strong> \u00c7\u00f6r\u0259k\u00e7il\u0259r ql\u00fctensiz reseptl\u0259rd\u0259 un \u0259v\u0259zedicisi kimi qovrulmu\u015f f\u0131st\u0131q tozunu getdikc\u0259 daha \u00e7ox se\u00e7irl\u0259r, l\u0259zz\u0259t v\u0259 qidalanman\u0131 art\u0131r\u0131rlar.<\/li>\n<li><strong>\u0130nnovativ Qida S\u0259nayesi \u0130stifad\u0259l\u0259ri:<\/strong> Bu \u00e7ox y\u00f6nl\u00fc inqrediyent enerji barlar\u0131ndan souslara q\u0259d\u0259r m\u00fcxt\u0259lif m\u0259hsullar\u0131n dad\u0131n\u0131 v\u0259 teksturas\u0131n\u0131 art\u0131r\u0131r.<\/li>\n<li><strong>\u015e\u0259xsi etiket imkanlar\u0131:<\/strong> Bir \u00e7ox marka, etibarl\u0131 OEM t\u0259r\u0259fda\u015f\u0131 olaraq biziml\u0259 f\u0259rdil\u0259\u015fdirilmi\u015f qovrulmu\u015f f\u0131st\u0131q tozu h\u0259ll\u0259ri t\u0259klif ed\u0259r\u0259k \u00f6z\u0259l etiketli f\u0131st\u0131q m\u0259hsullar\u0131na \u00fcst\u00fcnl\u00fck verir.<\/li>\n<\/ul>\n<h3 class=\"flex max-w-full flex-col flex-grow\"><span style=\"font-size: 20.16px;\">F\u0131st\u0131q emal\u0131 s\u0259nayesind\u0259 etibarl\u0131 lider olaraq biz m\u00fcxt\u0259lif t\u0259tbiql\u0259r \u00fc\u00e7\u00fcn y\u00fcks\u0259k s\u0259viyy\u0259li Qovrulmu\u015f F\u0131st\u0131q Pudras\u0131 t\u0259klif edirik. Budur, nec\u0259 f\u0259rql\u0259nirik:<\/span><\/h3>\n<ul>\n<li><strong>\u018fn m\u00fcasir istehsal:<\/strong> Qabaqc\u0131l istehsal x\u0259tl\u0259rimiz ard\u0131c\u0131l hiss\u0259cik \u00f6l\u00e7\u00fcs\u00fc v\u0259 dad\u0131 olan y\u00fcks\u0259k keyfiyy\u0259tli qovrulmu\u015f f\u0131st\u0131q tozunu t\u0259min edir.<\/li>\n<li><strong>F\u0259rdi H\u0259ll\u0259r:<\/strong> OEM istehsal\u00e7\u0131s\u0131 olaraq, biz sizin unikal ehtiyaclar\u0131n\u0131z\u0131 \u00f6d\u0259m\u0259k \u00fc\u00e7\u00fcn \u00f6z\u0259l etiket xidm\u0259tl\u0259ri, uy\u011funla\u015fd\u0131r\u0131lm\u0131\u015f qovurma s\u0259viyy\u0259l\u0259ri v\u0259 \u00e7evik qabla\u015fd\u0131rma se\u00e7iml\u0259ri t\u0259qdim edirik.<\/li>\n<li><strong>Ciddi keyfiyy\u0259t\u0259 n\u0259zar\u0259t:<\/strong> \u018fn m\u00fcasir laboratoriyalar\u0131m\u0131zda ciddi sensor, kimy\u0259vi v\u0259 mikrob testl\u0259ri vasit\u0259sil\u0259 \u0259n y\u00fcks\u0259k m\u0259hsul standartlar\u0131n\u0131 qoruyuruq.<\/li>\n<li><strong>Sertifikatlar v\u0259 Uy\u011funluq:<\/strong> Sertifikatlar\u0131m\u0131z - BRCGS, HACCP, Halal, Kosher v\u0259 EU Organic - ciddi keyfiyy\u0259t v\u0259 t\u0259hl\u00fck\u0259sizlik standartlar\u0131na riay\u0259t etdiyimizi t\u0259sdiql\u0259yir.<\/li>\n<li><strong>Qlobal \u0130xrac Ekspertizas\u0131:<\/strong> Beyn\u0259lxalq logistika sah\u0259sind\u0259 geni\u015f t\u0259cr\u00fcb\u0259mizl\u0259 biz d\u00fcnya bazarlar\u0131na hamar v\u0259 etibarl\u0131 ixrac prosesin\u0259 z\u0259man\u0259t veririk.<\/li>\n<li><strong>Davaml\u0131l\u0131q \u00f6hd\u0259liyi:<\/strong> Biz f\u0131st\u0131q s\u0259nayesi \u00fc\u00e7\u00fcn daha yax\u015f\u0131 g\u0259l\u0259c\u0259y\u0259 t\u00f6hf\u0259 verm\u0259kl\u0259 davaml\u0131 m\u0259nb\u0259 v\u0259 ekoloji c\u0259h\u0259td\u0259n t\u0259miz istehsal t\u0259cr\u00fcb\u0259l\u0259rin\u0259 \u00fcst\u00fcnl\u00fck veririk.<\/li>\n<\/ul>\n<h3>Niy\u0259 bizi se\u00e7m\u0259lisiniz?<\/h3>\n<ul>\n<li><strong>\u018fn yax\u015f\u0131 se\u00e7im:<\/strong> \u018fn m\u00fcasir texnologiyam\u0131z, f\u0259rdil\u0259\u015fdirm\u0259 se\u00e7iml\u0259rimiz v\u0259 qlobal sertifikatlar\u0131m\u0131z bizi apar\u0131c\u0131 t\u0259chizat\u00e7\u0131 edir.<\/li>\n<li><strong>X\u00fcsusi Qabla\u015fd\u0131rma:<\/strong> Qabla\u015fd\u0131rman\u0131z\u0131 v\u0259 markan\u0131z\u0131 spesifikasiyalar\u0131n\u0131za uy\u011funla\u015fd\u0131rmaq \u00fc\u00e7\u00fcn \u00f6z\u0259l etiket xidm\u0259tl\u0259ri t\u0259klif edirik.<\/li>\n<li><strong>T\u0259z\u0259lik T\u0259minat\u0131:<\/strong> Temperatura n\u0259zar\u0259t edil\u0259n anbarlar\u0131m\u0131z saxlama v\u0259 da\u015f\u0131nma zaman\u0131 m\u0259hsulun t\u0259rav\u0259tini qoruyur.<\/li>\n<li><strong>Q\u0131zartma s\u0259viyy\u0259l\u0259ri:<\/strong> Dad se\u00e7iml\u0259riniz\u0259 uy\u011fun olaraq haz\u0131rlanm\u0131\u015f a\u00e7\u0131qdan qaranl\u0131\u011fa q\u0259d\u0259r f\u0259rdil\u0259\u015fdiril\u0259 bil\u0259n qovurma s\u0259viyy\u0259l\u0259rind\u0259n h\u0259zz al\u0131n.<\/li>\n<li><strong>Toplu Sifari\u015fl\u0259r:<\/strong> Toplu sifari\u015f ehtiyaclar\u0131n\u0131z\u0131 asanl\u0131qla m\u00fczakir\u0259 etm\u0259k v\u0259 yerin\u0259 yetirm\u0259k \u00fc\u00e7\u00fcn sat\u0131\u015f komandam\u0131zla \u0259laq\u0259 saxlay\u0131n.<\/li>\n<li><strong>S\u0259naye T\u0259tbiql\u0259ri:<\/strong> Bizim qovrulmu\u015f f\u0131st\u0131q tozumuz \u00e7\u00f6r\u0259k\u00e7ilik, q\u0259lyanalt\u0131 istehsal\u0131nda, z\u00fclal \u0259lav\u0259l\u0259rind\u0259, souslarda v\u0259 dadland\u0131r\u0131c\u0131larda m\u0259\u015fhurdur.<\/li>\n<li><strong>Ql\u00fctensiz:<\/strong> T\u0259bii olaraq \u00f6z\u00fc olmayan, \u00f6z\u00fc olmayan qida m\u0259hsullar\u0131 \u00fc\u00e7\u00fcn \u0259la se\u00e7imdir.<\/li>\n<li><strong>M\u00f6vcud n\u00fcmun\u0259l\u0259r:<\/strong> M\u0259hsulumuzun keyfiyy\u0259tini v\u0259 uy\u011funlu\u011funu qiym\u0259tl\u0259ndirm\u0259k \u00fc\u00e7\u00fcn potensial m\u00fc\u015ft\u0259ril\u0259r\u0259 n\u00fcmun\u0259l\u0259r t\u0259qdim edirik.<\/li>\n<li><strong>Qlobal \u00c7atd\u0131r\u0131lma:<\/strong> Biz g\u00fccl\u00fc beyn\u0259lxalq t\u0259chizat \u015f\u0259b\u0259k\u0259sini t\u0259min ed\u0259r\u0259k, \u015eimali Amerika, Avropa, Asiya v\u0259 Yax\u0131n \u015e\u0259rq bazarlar\u0131na ixrac edirik.<\/li>\n<\/ul>\n<a href=\"mailto:globepeanut@gmail.com\" class=\"button primary is-primary is-medium\"  >\n    <span>Biz\u0259 e-po\u00e7t g\u00f6nd\u0259rin<\/span>\n  <\/a>\n\n<\/div>\n<\/div>","protected":false},"excerpt":{"rendered":"<p>Biz \u00c7ind\u0259 qovrulmu\u015f f\u0131st\u0131q tozu istehsal\u00e7\u0131s\u0131 v\u0259 t\u0259chizat\u00e7\u0131s\u0131y\u0131q<\/p>\n<p>- MOQ: 1 ton<br \/>\n- OEM\/ODM xidm\u0259ti t\u0259klif olunur<br \/>\n- Pulsuz n\u00fcmun\u0259 m\u00f6vcuddur<br \/>\n\u2013 F\u0259rdil\u0259\u015fdirm\u0259ni q\u0259bul edin (spesifikasiyalar, \u00f6l\u00e7\u00fcl\u0259r, r\u0259ng, dizayn v\u0259 s.)<br \/>\n- Spesifikasiyalar (14 mesh daha ki\u00e7ik v\u0259 ya t\u0259l\u0259biniz kimi)<\/p>\n<p>Qovrulmu\u015f F\u0131st\u0131q Pudras\u0131 \u0259ld\u0259 etm\u0259k ist\u0259yirsinizs\u0259, biziml\u0259 \u0259laq\u0259 saxlay\u0131n.<\/p>","protected":false},"featured_media":1714,"comment_status":"open","ping_status":"closed","template":"","meta":[],"product_cat":[37],"product_tag":[],"class_list":{"0":"post-1556","1":"product","2":"type-product","3":"status-publish","4":"has-post-thumbnail","6":"product_cat-roasted-peanut","8":"first","9":"instock","10":"shipping-taxable","11":"product-type-simple"},"yoast_head":"<!-- This site is optimized with the Yoast SEO plugin v24.9 - https:\/\/yoast.com\/wordpress\/plugins\/seo\/ -->\n<title>Roasted Peanut Powder Manufacturer - Peanut Butter Factory<\/title>\n<meta name=\"description\" content=\"We are a top OEM, private label manufacturer, and exporter of premium Roasted Peanut Powder, offering quality solutions globally.\" \/>\n<meta name=\"robots\" content=\"index, follow, max-snippet:-1, max-image-preview:large, max-video-preview:-1\" \/>\n<link rel=\"canonical\" href=\"https:\/\/www.peanutoem.com\/az\/manufacturer\/roasted-peanut-powder\/\" \/>\n<meta property=\"og:locale\" content=\"az_AZ\" \/>\n<meta property=\"og:type\" content=\"article\" \/>\n<meta property=\"og:title\" content=\"Roasted Peanut Powder Manufacturer - Peanut Butter Factory\" \/>\n<meta property=\"og:description\" content=\"We are a top OEM, private label manufacturer, and exporter of premium Roasted Peanut Powder, offering quality solutions globally.\" \/>\n<meta property=\"og:url\" content=\"https:\/\/www.peanutoem.com\/az\/manufacturer\/roasted-peanut-powder\/\" \/>\n<meta property=\"og:site_name\" content=\"Peanut Butter Factory\" \/>\n<meta property=\"article:modified_time\" content=\"2024-09-28T04:23:49+00:00\" \/>\n<meta property=\"og:image\" content=\"https:\/\/www.peanutoem.com\/wp-content\/uploads\/2024\/09\/Roasted-Peanut-Powder.webp\" \/>\n\t<meta property=\"og:image:width\" content=\"551\" \/>\n\t<meta property=\"og:image:height\" content=\"472\" \/>\n\t<meta property=\"og:image:type\" content=\"image\/webp\" \/>\n<meta name=\"twitter:card\" content=\"summary_large_image\" \/>\n<meta name=\"twitter:label1\" content=\"Est. reading time\" \/>\n\t<meta name=\"twitter:data1\" content=\"3 minutes\" \/>\n<script type=\"application\/ld+json\" class=\"yoast-schema-graph\">{\"@context\":\"https:\/\/schema.org\",\"@graph\":[{\"@type\":\"WebPage\",\"@id\":\"https:\/\/www.peanutoem.com\/manufacturer\/roasted-peanut-powder\/\",\"url\":\"https:\/\/www.peanutoem.com\/manufacturer\/roasted-peanut-powder\/\",\"name\":\"Roasted Peanut Powder Manufacturer - Peanut Butter Factory\",\"isPartOf\":{\"@id\":\"https:\/\/www.peanutoem.com\/#website\"},\"primaryImageOfPage\":{\"@id\":\"https:\/\/www.peanutoem.com\/manufacturer\/roasted-peanut-powder\/#primaryimage\"},\"image\":{\"@id\":\"https:\/\/www.peanutoem.com\/manufacturer\/roasted-peanut-powder\/#primaryimage\"},\"thumbnailUrl\":\"https:\/\/www.peanutoem.com\/wp-content\/uploads\/2024\/09\/Roasted-Peanut-Powder.webp\",\"datePublished\":\"2024-09-02T14:00:57+00:00\",\"dateModified\":\"2024-09-28T04:23:49+00:00\",\"description\":\"We are a top OEM, private label manufacturer, and exporter of premium Roasted Peanut Powder, offering quality solutions globally.\",\"breadcrumb\":{\"@id\":\"https:\/\/www.peanutoem.com\/manufacturer\/roasted-peanut-powder\/#breadcrumb\"},\"inLanguage\":\"az\",\"potentialAction\":[{\"@type\":\"ReadAction\",\"target\":[\"https:\/\/www.peanutoem.com\/manufacturer\/roasted-peanut-powder\/\"]}]},{\"@type\":\"ImageObject\",\"inLanguage\":\"az\",\"@id\":\"https:\/\/www.peanutoem.com\/manufacturer\/roasted-peanut-powder\/#primaryimage\",\"url\":\"https:\/\/www.peanutoem.com\/wp-content\/uploads\/2024\/09\/Roasted-Peanut-Powder.webp\",\"contentUrl\":\"https:\/\/www.peanutoem.com\/wp-content\/uploads\/2024\/09\/Roasted-Peanut-Powder.webp\",\"width\":551,\"height\":472,\"caption\":\"Roasted Peanut Powder\"},{\"@type\":\"BreadcrumbList\",\"@id\":\"https:\/\/www.peanutoem.com\/manufacturer\/roasted-peanut-powder\/#breadcrumb\",\"itemListElement\":[{\"@type\":\"ListItem\",\"position\":1,\"name\":\"Home\",\"item\":\"https:\/\/www.peanutoem.com\/\"},{\"@type\":\"ListItem\",\"position\":2,\"name\":\"Products\",\"item\":\"https:\/\/www.peanutoem.com\/shop\/\"},{\"@type\":\"ListItem\",\"position\":3,\"name\":\"Roasted Peanut Powder\"}]},{\"@type\":\"WebSite\",\"@id\":\"https:\/\/www.peanutoem.com\/#website\",\"url\":\"https:\/\/www.peanutoem.com\/\",\"name\":\"Peanut Butter Factory\",\"description\":\"Peanut Butter Manufacturer and Roast Peanut OEM Factory | Peanut Private Label China Supplier\",\"publisher\":{\"@id\":\"https:\/\/www.peanutoem.com\/#organization\"},\"alternateName\":\"Peanut Butter OEM and Wholesale\",\"potentialAction\":[{\"@type\":\"SearchAction\",\"target\":{\"@type\":\"EntryPoint\",\"urlTemplate\":\"https:\/\/www.peanutoem.com\/?s={search_term_string}\"},\"query-input\":{\"@type\":\"PropertyValueSpecification\",\"valueRequired\":true,\"valueName\":\"search_term_string\"}}],\"inLanguage\":\"az\"},{\"@type\":\"Organization\",\"@id\":\"https:\/\/www.peanutoem.com\/#organization\",\"name\":\"Peanut Butter Factory\",\"alternateName\":\"JuFeng Group\",\"url\":\"https:\/\/www.peanutoem.com\/\",\"logo\":{\"@type\":\"ImageObject\",\"inLanguage\":\"az\",\"@id\":\"https:\/\/www.peanutoem.com\/#\/schema\/logo\/image\/\",\"url\":\"https:\/\/www.peanutoem.com\/wp-content\/uploads\/2024\/09\/JUFENG-LOGO.png\",\"contentUrl\":\"https:\/\/www.peanutoem.com\/wp-content\/uploads\/2024\/09\/JUFENG-LOGO.png\",\"width\":600,\"height\":170,\"caption\":\"Peanut Butter Factory\"},\"image\":{\"@id\":\"https:\/\/www.peanutoem.com\/#\/schema\/logo\/image\/\"}}]}<\/script>\n<!-- \/ Yoast SEO plugin. -->","yoast_head_json":{"title":"Roasted Peanut Powder Manufacturer - Peanut Butter Factory","description":"We are a top OEM, private label manufacturer, and exporter of premium Roasted Peanut Powder, offering quality solutions globally.","robots":{"index":"index","follow":"follow","max-snippet":"max-snippet:-1","max-image-preview":"max-image-preview:large","max-video-preview":"max-video-preview:-1"},"canonical":"https:\/\/www.peanutoem.com\/az\/manufacturer\/roasted-peanut-powder\/","og_locale":"az_AZ","og_type":"article","og_title":"Roasted Peanut Powder Manufacturer - Peanut Butter Factory","og_description":"We are a top OEM, private label manufacturer, and exporter of premium Roasted Peanut Powder, offering quality solutions globally.","og_url":"https:\/\/www.peanutoem.com\/az\/manufacturer\/roasted-peanut-powder\/","og_site_name":"Peanut Butter Factory","article_modified_time":"2024-09-28T04:23:49+00:00","og_image":[{"width":551,"height":472,"url":"https:\/\/www.peanutoem.com\/wp-content\/uploads\/2024\/09\/Roasted-Peanut-Powder.webp","type":"image\/webp"}],"twitter_card":"summary_large_image","twitter_misc":{"Est. reading time":"3 minutes"},"schema":{"@context":"https:\/\/schema.org","@graph":[{"@type":"WebPage","@id":"https:\/\/www.peanutoem.com\/manufacturer\/roasted-peanut-powder\/","url":"https:\/\/www.peanutoem.com\/manufacturer\/roasted-peanut-powder\/","name":"Roasted Peanut Powder Manufacturer - Peanut Butter Factory","isPartOf":{"@id":"https:\/\/www.peanutoem.com\/#website"},"primaryImageOfPage":{"@id":"https:\/\/www.peanutoem.com\/manufacturer\/roasted-peanut-powder\/#primaryimage"},"image":{"@id":"https:\/\/www.peanutoem.com\/manufacturer\/roasted-peanut-powder\/#primaryimage"},"thumbnailUrl":"https:\/\/www.peanutoem.com\/wp-content\/uploads\/2024\/09\/Roasted-Peanut-Powder.webp","datePublished":"2024-09-02T14:00:57+00:00","dateModified":"2024-09-28T04:23:49+00:00","description":"We are a top OEM, private label manufacturer, and exporter of premium Roasted Peanut Powder, offering quality solutions globally.","breadcrumb":{"@id":"https:\/\/www.peanutoem.com\/manufacturer\/roasted-peanut-powder\/#breadcrumb"},"inLanguage":"az","potentialAction":[{"@type":"ReadAction","target":["https:\/\/www.peanutoem.com\/manufacturer\/roasted-peanut-powder\/"]}]},{"@type":"ImageObject","inLanguage":"az","@id":"https:\/\/www.peanutoem.com\/manufacturer\/roasted-peanut-powder\/#primaryimage","url":"https:\/\/www.peanutoem.com\/wp-content\/uploads\/2024\/09\/Roasted-Peanut-Powder.webp","contentUrl":"https:\/\/www.peanutoem.com\/wp-content\/uploads\/2024\/09\/Roasted-Peanut-Powder.webp","width":551,"height":472,"caption":"Roasted Peanut Powder"},{"@type":"BreadcrumbList","@id":"https:\/\/www.peanutoem.com\/manufacturer\/roasted-peanut-powder\/#breadcrumb","itemListElement":[{"@type":"ListItem","position":1,"name":"Home","item":"https:\/\/www.peanutoem.com\/"},{"@type":"ListItem","position":2,"name":"Products","item":"https:\/\/www.peanutoem.com\/shop\/"},{"@type":"ListItem","position":3,"name":"Roasted Peanut Powder"}]},{"@type":"WebSite","@id":"https:\/\/www.peanutoem.com\/#website","url":"https:\/\/www.peanutoem.com\/","name":"Peanut Butter Factory","description":"Peanut Butter Manufacturer and Roast Peanut OEM Factory | Peanut Private Label China Supplier","publisher":{"@id":"https:\/\/www.peanutoem.com\/#organization"},"alternateName":"Peanut Butter OEM and Wholesale","potentialAction":[{"@type":"SearchAction","target":{"@type":"EntryPoint","urlTemplate":"https:\/\/www.peanutoem.com\/?s={search_term_string}"},"query-input":{"@type":"PropertyValueSpecification","valueRequired":true,"valueName":"search_term_string"}}],"inLanguage":"az"},{"@type":"Organization","@id":"https:\/\/www.peanutoem.com\/#organization","name":"Peanut Butter Factory","alternateName":"JuFeng Group","url":"https:\/\/www.peanutoem.com\/","logo":{"@type":"ImageObject","inLanguage":"az","@id":"https:\/\/www.peanutoem.com\/#\/schema\/logo\/image\/","url":"https:\/\/www.peanutoem.com\/wp-content\/uploads\/2024\/09\/JUFENG-LOGO.png","contentUrl":"https:\/\/www.peanutoem.com\/wp-content\/uploads\/2024\/09\/JUFENG-LOGO.png","width":600,"height":170,"caption":"Peanut Butter Factory"},"image":{"@id":"https:\/\/www.peanutoem.com\/#\/schema\/logo\/image\/"}}]}},"_links":{"self":[{"href":"https:\/\/www.peanutoem.com\/az\/wp-json\/wp\/v2\/product\/1556","targetHints":{"allow":["GET"]}}],"collection":[{"href":"https:\/\/www.peanutoem.com\/az\/wp-json\/wp\/v2\/product"}],"about":[{"href":"https:\/\/www.peanutoem.com\/az\/wp-json\/wp\/v2\/types\/product"}],"replies":[{"embeddable":true,"href":"https:\/\/www.peanutoem.com\/az\/wp-json\/wp\/v2\/comments?post=1556"}],"wp:featuredmedia":[{"embeddable":true,"href":"https:\/\/www.peanutoem.com\/az\/wp-json\/wp\/v2\/media\/1714"}],"wp:attachment":[{"href":"https:\/\/www.peanutoem.com\/az\/wp-json\/wp\/v2\/media?parent=1556"}],"wp:term":[{"taxonomy":"product_cat","embeddable":true,"href":"https:\/\/www.peanutoem.com\/az\/wp-json\/wp\/v2\/product_cat?post=1556"},{"taxonomy":"product_tag","embeddable":true,"href":"https:\/\/www.peanutoem.com\/az\/wp-json\/wp\/v2\/product_tag?post=1556"}],"curies":[{"name":"wp","href":"https:\/\/api.w.org\/{rel}","templated":true}]}}