{"id":1637,"date":"2024-09-10T12:28:30","date_gmt":"2024-09-10T12:28:30","guid":{"rendered":"https:\/\/www.peanutoem.com\/?post_type=product&#038;p=1637"},"modified":"2024-10-06T09:58:03","modified_gmt":"2024-10-06T09:58:03","slug":"spicy-peanut-butter","status":"publish","type":"product","link":"https:\/\/www.peanutoem.com\/az\/manufacturer\/spicy-peanut-butter\/","title":{"rendered":"Ac\u0131l\u0131 F\u0131st\u0131q ya\u011f\u0131"},"content":{"rendered":"<h3>Ac\u0131l\u0131 F\u0131st\u0131q Ya\u011f\u0131 n\u0259dir?<\/h3>\n<p>Ac\u0131l\u0131 f\u0131st\u0131q ya\u011f\u0131, f\u0131st\u0131qlar\u0131n qaymaql\u0131 v\u0259 ya x\u0131rt\u0131ldayan teksturas\u0131n\u0131, kimi \u0259dviyyatlardan qaynaqlanan isti il\u0259 birl\u0259\u015fdir\u0259n \u0259n\u0259n\u0259vi f\u0131st\u0131q ya\u011f\u0131n\u0131n l\u0259zz\u0259tli qar\u0131\u015f\u0131\u011f\u0131d\u0131r. <a href=\"https:\/\/en.wikipedia.org\/wiki\/Chili\" target=\"_blank\" rel=\"noopener\">\u00e7ili<\/a>, paprika v\u0259 ya cayenne. \u015eirin v\u0259 \u0259dviyyatl\u0131 l\u0259zz\u0259tl\u0259ri qar\u0131\u015fd\u0131rmaqdan, q\u0259lyanalt\u0131lara, sendvi\u00e7l\u0259r\u0259 v\u0259 reseptl\u0259r\u0259 h\u0259y\u0259can \u0259lav\u0259 etm\u0259kd\u0259n z\u00f6vq alanlar \u00fc\u00e7\u00fcn m\u00fck\u0259mm\u0259ldir. \u018fdviyyatl\u0131 f\u0131st\u0131q ya\u011f\u0131 dip, yay\u0131lma v\u0259 ya t\u0259rkib hiss\u0259si kimi istifad\u0259 olunsun, yem\u0259k h\u0259v\u0259skarlar\u0131 aras\u0131nda m\u0259\u015fhur se\u00e7im\u0259 \u00e7evrilir.<\/p>\n<p><img loading=\"lazy\" decoding=\"async\" class=\"alignnone wp-image-1675 size-full\" src=\"https:\/\/www.peanutoem.com\/wp-content\/uploads\/2024\/09\/Spicy-Peanut-Butter-on-Table.webp\" alt=\"S\u00fcfr\u0259d\u0259 \u0259dviyyatl\u0131 f\u0131st\u0131q ya\u011f\u0131\" width=\"912\" height=\"1144\" srcset=\"https:\/\/www.peanutoem.com\/wp-content\/uploads\/2024\/09\/Spicy-Peanut-Butter-on-Table.webp 912w, https:\/\/www.peanutoem.com\/wp-content\/uploads\/2024\/09\/Spicy-Peanut-Butter-on-Table-239x300.webp 239w, https:\/\/www.peanutoem.com\/wp-content\/uploads\/2024\/09\/Spicy-Peanut-Butter-on-Table-816x1024.webp 816w, https:\/\/www.peanutoem.com\/wp-content\/uploads\/2024\/09\/Spicy-Peanut-Butter-on-Table-768x963.webp 768w, https:\/\/www.peanutoem.com\/wp-content\/uploads\/2024\/09\/Spicy-Peanut-Butter-on-Table-10x12.webp 10w, https:\/\/www.peanutoem.com\/wp-content\/uploads\/2024\/09\/Spicy-Peanut-Butter-on-Table-600x753.webp 600w\" sizes=\"auto, (max-width: 912px) 100vw, 912px\" \/><\/p>\n<h3>Ac\u0131l\u0131 f\u0131st\u0131q ya\u011f\u0131 \u00fc\u00e7\u00fcn ba\u015fqa adlar n\u0259dir?<\/h3>\n<p>Ac\u0131l\u0131 f\u0131st\u0131q ya\u011f\u0131 b\u00f6lg\u0259y\u0259 v\u0259 l\u0259zz\u0259t profill\u0259rin\u0259 g\u00f6r\u0259 m\u00fcxt\u0259lif adlarla ged\u0259 bil\u0259r. Bu adlar istilik komponentini vur\u011fulay\u0131r v\u0259 qlobal istehlak\u00e7\u0131lara onun unikal c\u0259lbediciliyini ba\u015fa d\u00fc\u015fm\u0259yi asanla\u015fd\u0131r\u0131r. B\u0259zi alternativ adlara a\u015fa\u011f\u0131dak\u0131lar daxildir:<\/p>\n<ul>\n<li>\u0130sti f\u0131st\u0131q ya\u011f\u0131<\/li>\n<li>\u00c7ili il\u0259 infuziya edilmi\u015f f\u0131st\u0131q ya\u011f\u0131<\/li>\n<li>Alovlu f\u0131st\u0131q ya\u011f\u0131 yay\u0131ld\u0131<\/li>\n<li>Ac\u0131l\u0131 qoz ya\u011f\u0131<\/li>\n<li>\u018fdviyyatl\u0131 f\u0131st\u0131q yay\u0131lmas\u0131<\/li>\n<\/ul>\n<p><span style=\"font-size: 20.16px;\">Qaynar M\u00f6vzular<\/span><\/p>\n<ul>\n<li><strong>Ac\u0131l\u0131 F\u0131st\u0131q K\u0259r\u0259 ya\u011f\u0131 Reseptl\u0259rini ara\u015fd\u0131r\u0131n<\/strong><br \/>\n\u018fdviyyatl\u0131 f\u0131st\u0131q ya\u011f\u0131 m\u0259tb\u0259xd\u0259 yarad\u0131c\u0131 g\u00fcc m\u0259rk\u0259zidir, t\u0259kc\u0259 dadl\u0131 sous kimi deyil, h\u0259m d\u0259 m\u00fcxt\u0259lif yem\u0259kl\u0259rd\u0259 par\u0131ldayand\u0131r. O, Asiya q\u0131zard\u0131lm\u0131\u015f q\u0131zard\u0131lm\u0131\u015f q\u0131zartmalara odlu t\u0259pik \u0259lav\u0259 edir, q\u0131zard\u0131lm\u0131\u015f yem\u0259kl\u0259rin v\u0259 \u0131zgara \u0259tl\u0259rin dad\u0131n\u0131 art\u0131r\u0131r v\u0259 inqrediyentl\u0259ri l\u0259zz\u0259tli s\u00fcrprizl\u0259rl\u0259 dolduran marinad kimi \u00e7\u0131x\u0131\u015f edir. S\u0259h\u0259r yem\u0259yind\u0259 l\u0259zz\u0259tli tostdan ax\u015fam yem\u0259yind\u0259 l\u0259zz\u0259tli \u0259ri\u015ft\u0259l\u0259r\u0259 q\u0259d\u0259r h\u0259r bir yem\u0259k bu t\u0259rkib hiss\u0259si say\u0259sind\u0259 \u00f6z\u00fcn\u0259m\u0259xsus cazib\u0259darl\u0131q sa\u00e7\u0131r.<\/li>\n<li><strong>Dad\u0131n Arxas\u0131ndak\u0131 Sa\u011flaml\u0131q Faydalar\u0131<\/strong><br \/>\nBu dadl\u0131 yay\u0131lma h\u0259m d\u0259 qida x\u0259zin\u0259sidir. T\u0259rkibind\u0259ki y\u00fcks\u0259k protein v\u0259 sa\u011flam ya\u011flar b\u0259d\u0259ni g\u00fccl\u0259ndirir, kapsaisin is\u0259 dama\u011f\u0131 stimulla\u015fd\u0131r\u0131r v\u0259 h\u0259zm\u0259 k\u00f6m\u0259k edir. Bundan \u0259lav\u0259, o, madd\u0259l\u0259r m\u00fcbadil\u0259sini v\u0259 \u00fcr\u0259k sa\u011flaml\u0131\u011f\u0131n\u0131 d\u0259st\u0259kl\u0259yir, dad v\u0259 rifah\u0131 effektiv \u015f\u0259kild\u0259 birl\u0259\u015fdirir.<\/li>\n<li><strong>G\u00fcnd\u0259lik Yem\u0259kl\u0259r\u0259 Daxil Etm\u0259k<\/strong><br \/>\nG\u00fcnd\u0259lik p\u0259hriziniz\u0259 \u0259dviyyatl\u0131 f\u0131st\u0131q ya\u011f\u0131 daxil etm\u0259k h\u0259m asan, h\u0259m d\u0259 xo\u015fdur. O, s\u0259h\u0259r yem\u0259yi tostlar\u0131 \u00fc\u00e7\u00fcn m\u00fck\u0259mm\u0259l partnyor kimi xidm\u0259t edir, g\u00fcnorta smuzil\u0259rin\u0259 l\u0259zz\u0259t \u0259lav\u0259 edir v\u0259 \u015fam yem\u0259yi burritolar\u0131n\u0131 art\u0131r\u0131r, h\u0259r yem\u0259y\u0259 t\u0259z\u0259 twist g\u0259tirir.<\/li>\n<li><strong>Artan Qlobal Trend<\/strong><br \/>\nAc\u0131l\u0131 f\u0131st\u0131q ya\u011f\u0131 s\u00fcr\u0259tl\u0259 bir s\u0259rh\u0259d ulduzu olaraq ortaya \u00e7\u0131x\u0131r. Nahar ed\u0259nl\u0259rin z\u00f6vql\u0259ri \u015fax\u0259l\u0259ndikc\u0259, o, regional s\u0259rh\u0259dl\u0259ri a\u015faraq, b\u00fct\u00fcn d\u00fcnyada p\u0259r\u0259sti\u015fkarlar\u0131n\u0131 valeh edir. Bu yay\u0131lma, yeni bir \u015fey s\u0131nama\u011fa can atan mac\u0259ra h\u0259v\u0259skarlar\u0131n\u0131 c\u0259lb ed\u0259r\u0259k, dad k\u0259\u015ffiyyat\u0131na yol a\u00e7\u0131r.<\/li>\n<\/ul>\n<hr \/>\n<h3>Ac\u0131l\u0131 F\u0131st\u0131q K\u0259r\u0259 ya\u011f\u0131 Tez-tez veril\u0259n suallar<\/h3>\n<ol>\n<li><strong>Ac\u0131l\u0131 f\u0131st\u0131q ya\u011f\u0131 ehtiyaclar\u0131n\u0131z \u00fc\u00e7\u00fcn niy\u0259 bizi se\u00e7m\u0259lisiniz?<\/strong><br \/>\nBiz tam f\u0259rdil\u0259\u015fdirm\u0259 se\u00e7iml\u0259ri il\u0259 h\u0259rt\u0259r\u0259fli OEM xidm\u0259tl\u0259ri t\u0259qdim edirik, h\u0259r bir m\u0259hsulun brendinizin bax\u0131\u015f\u0131 v\u0259 bazar t\u0259l\u0259bl\u0259ri il\u0259 m\u00fck\u0259mm\u0259l uy\u011funla\u015fmas\u0131n\u0131 t\u0259min edirik.<\/li>\n<li><strong>Siz \u0259dviyyat s\u0259viyy\u0259sini t\u0259nziml\u0259y\u0259 v\u0259 m\u00fclkiyy\u0259t formulunu yarada bil\u0259rsinizmi?<\/strong><br \/>\nM\u00fctl\u0259q! Biz \u0259dviyyat\u0131 yum\u015faqdan \u0259lav\u0259 istiy\u0259 q\u0259d\u0259r uy\u011funla\u015fd\u0131ra v\u0259 yaln\u0131z brendiniz \u00fc\u00e7\u00fcn unikal reseptl\u0259r haz\u0131rlaya bil\u0259rik.<\/li>\n<li><strong>Hans\u0131 qabla\u015fd\u0131rma v\u0259 sertifikatla\u015fd\u0131rma variantlar\u0131n\u0131 t\u0259klif edirsiniz?<\/strong><br \/>\nBiz geni\u015f \u00e7e\u015fidd\u0259 qabla\u015fd\u0131rma h\u0259ll\u0259rini t\u0259klif edirik - bankalar, butulkalar, kartonlar, barell\u0259r, vedr\u0259l\u0259r, s\u0131xma kis\u0259l\u0259ri v\u0259 toplu konteynerl\u0259r - ham\u0131s\u0131 brendiniz\u0259 uy\u011fun olaraq f\u0259rdil\u0259\u015fdiril\u0259 bil\u0259r. \u018flav\u0259 olaraq, m\u0259hsullar\u0131m\u0131z\u0131n beyn\u0259lxalq standartlara cavab verm\u0259sini t\u0259min ed\u0259n HACCP, Kosher, Halal v\u0259 BRCGS kimi sertifikatlara sahibik.<\/li>\n<li><strong>Siz \u00fczvi \u0259dviyyatl\u0131 f\u0131st\u0131q ya\u011f\u0131 v\u0259 n\u00fcmun\u0259 d\u0259st\u0259l\u0259ri t\u0259qdim edirsiniz?<\/strong><br \/>\nB\u0259li, biz sa\u011flaml\u0131q bax\u0131m\u0131ndan \u015f\u00fcurlu istehlak\u00e7\u0131lar \u00fc\u00e7\u00fcn t\u0259bii inqrediyentl\u0259rl\u0259 haz\u0131rlanm\u0131\u015f A\u0130 \u00dczvi Sertifikatl\u0131 \u0259dviyyatl\u0131 f\u0131st\u0131q ya\u011f\u0131 istehsal edirik. \u00dcst\u0259lik, b\u00f6y\u00fck bir sifari\u015f verm\u0259zd\u0259n \u0259vv\u0259l m\u0259hsulu s\u0131naqdan ke\u00e7ir\u0259 bilm\u0259niz \u00fc\u00e7\u00fcn n\u00fcmun\u0259 partiyalar\u0131 t\u0259klif edirik.<\/li>\n<li><strong>Keyfiyy\u0259ti nec\u0259 t\u0259min edirsiniz v\u0259 \u00e7atd\u0131r\u0131lma m\u00fcdd\u0259tl\u0259riniz n\u0259 q\u0259d\u0259rdir?<\/strong><br \/>\nEffektiv logistika il\u0259 birlikd\u0259 daxili laboratoriyam\u0131zda ciddi s\u0131naqlar\u0131m\u0131z davaml\u0131 keyfiyy\u0259t\u0259 z\u0259man\u0259t verir. Biz h\u0259m\u00e7inin sifari\u015fin h\u0259cmin\u0259 v\u0259 t\u0259yinat\u0131na \u0259saslanaraq tez ba\u015fa \u00e7atd\u0131r\u0131lma vaxtlar\u0131n\u0131 t\u0259min edirik.<\/li>\n<li><strong>D\u00fcnyaya ixrac edirsiniz?<\/strong><br \/>\nB\u0259li, biz qlobal miqyasda ixracatda geni\u015f t\u0259cr\u00fcb\u0259y\u0259 malikik, rahat \u00e7atd\u0131r\u0131lman\u0131 t\u0259min etm\u0259k \u00fc\u00e7\u00fcn b\u00fct\u00fcn laz\u0131mi s\u0259n\u0259dl\u0259ri v\u0259 qaydalar\u0131 idar\u0259 edirik.<\/li>\n<\/ol>\n<hr \/>\n<h3><img loading=\"lazy\" decoding=\"async\" class=\"alignnone wp-image-1677 size-full\" src=\"https:\/\/www.peanutoem.com\/wp-content\/uploads\/2024\/09\/Spicy-Peanut-Butter-Spread-on-Food.webp\" alt=\"\u018fdviyyatl\u0131 F\u0131st\u0131q K\u0259r\u0259 ya\u011f\u0131 Yem\u0259kl\u0259r\u0259 Yay\u0131l\u0131r\" width=\"896\" height=\"1152\" srcset=\"https:\/\/www.peanutoem.com\/wp-content\/uploads\/2024\/09\/Spicy-Peanut-Butter-Spread-on-Food.webp 896w, https:\/\/www.peanutoem.com\/wp-content\/uploads\/2024\/09\/Spicy-Peanut-Butter-Spread-on-Food-233x300.webp 233w, https:\/\/www.peanutoem.com\/wp-content\/uploads\/2024\/09\/Spicy-Peanut-Butter-Spread-on-Food-796x1024.webp 796w, https:\/\/www.peanutoem.com\/wp-content\/uploads\/2024\/09\/Spicy-Peanut-Butter-Spread-on-Food-768x987.webp 768w, https:\/\/www.peanutoem.com\/wp-content\/uploads\/2024\/09\/Spicy-Peanut-Butter-Spread-on-Food-9x12.webp 9w, https:\/\/www.peanutoem.com\/wp-content\/uploads\/2024\/09\/Spicy-Peanut-Butter-Spread-on-Food-600x771.webp 600w\" sizes=\"auto, (max-width: 896px) 100vw, 896px\" \/><\/h3>\n<a href=\"mailto:globepeanut@gmail.com\" class=\"button primary is-primary is-medium\"  >\n    <span>Biz\u0259 e-po\u00e7t g\u00f6nd\u0259rin<\/span>\n  <\/a>","protected":false},"excerpt":{"rendered":"<table width=\"564\">\n<tbody>\n<tr>\n<td width=\"113\"><strong>M\u0259hsulun ad\u0131<\/strong><\/td>\n<td width=\"402\">Ac\u0131l\u0131 F\u0131st\u0131q ya\u011f\u0131<\/td>\n<\/tr>\n<tr>\n<td width=\"113\"><strong>Spesifikasiyalar<\/strong><\/td>\n<td width=\"402\">200gx36, 227gx24, 340gx12, 375gx12, 500gx12, 510gx12, 1kgx12, 10kgx1, 20kgx1, 220kgx1<\/td>\n<\/tr>\n<tr>\n<td width=\"113\"><strong>Qabla\u015fd\u0131rma formas\u0131<\/strong><\/td>\n<td width=\"402\">Banka, Vedr\u0259, Doy Pack, \u00c7anta, Karton, Qalay, Barel, Can, Butulka v\u0259 s<\/td>\n<\/tr>\n<tr>\n<td width=\"113\"><strong>\u00c7atd\u0131r\u0131lma vaxt\u0131<\/strong><\/td>\n<td width=\"402\">Sifari\u015fd\u0259n 7-20 G\u00fcn Sonra<\/td>\n<\/tr>\n<tr>\n<td width=\"113\"><strong>MOQ<\/strong><\/td>\n<td width=\"402\">Bir Ton<\/td>\n<\/tr>\n<tr>\n<td width=\"113\"><strong>N\u00fcmun\u0259<\/strong><\/td>\n<td width=\"402\">Pulsuz N\u00fcmun\u0259 m\u00f6vcuddur<\/td>\n<\/tr>\n<tr>\n<td width=\"113\"><strong>OEM<\/strong><\/td>\n<td width=\"402\">Al\u0131c\u0131n\u0131n etiketi q\u0259bul olunub<\/td>\n<\/tr>\n<\/tbody>\n<\/table>","protected":false},"featured_media":1668,"comment_status":"open","ping_status":"closed","template":"","meta":[],"product_cat":[15],"product_tag":[],"class_list":{"0":"post-1637","1":"product","2":"type-product","3":"status-publish","4":"has-post-thumbnail","6":"product_cat-peanut-butter","8":"first","9":"instock","10":"shipping-taxable","11":"product-type-simple"},"yoast_head":"<!-- This site is optimized with the Yoast SEO plugin v24.9 - https:\/\/yoast.com\/wordpress\/plugins\/seo\/ -->\n<title>Spicy Peanut Butter China Manufacturer OEM - Peanut Butter Factory<\/title>\n<meta name=\"description\" content=\"Leading spicy peanut butter OEM private label manufacturer and exporter. Order your premium quality, custom-made spicy peanut butter.\" \/>\n<meta name=\"robots\" content=\"index, follow, max-snippet:-1, max-image-preview:large, max-video-preview:-1\" \/>\n<link rel=\"canonical\" href=\"https:\/\/www.peanutoem.com\/az\/manufacturer\/spicy-peanut-butter\/\" \/>\n<meta property=\"og:locale\" content=\"az_AZ\" \/>\n<meta property=\"og:type\" content=\"article\" \/>\n<meta property=\"og:title\" content=\"Spicy Peanut Butter China Manufacturer OEM - Peanut Butter Factory\" \/>\n<meta property=\"og:description\" content=\"Leading spicy peanut butter OEM private label manufacturer and exporter. Order your premium quality, custom-made spicy peanut butter.\" \/>\n<meta property=\"og:url\" content=\"https:\/\/www.peanutoem.com\/az\/manufacturer\/spicy-peanut-butter\/\" \/>\n<meta property=\"og:site_name\" content=\"Peanut Butter Factory\" \/>\n<meta property=\"article:modified_time\" content=\"2024-10-06T09:58:03+00:00\" \/>\n<meta property=\"og:image\" content=\"https:\/\/www.peanutoem.com\/wp-content\/uploads\/2024\/09\/Spicy-Peanut-Butter.webp\" \/>\n\t<meta property=\"og:image:width\" content=\"1000\" \/>\n\t<meta property=\"og:image:height\" content=\"1000\" \/>\n\t<meta property=\"og:image:type\" content=\"image\/webp\" \/>\n<meta name=\"twitter:card\" content=\"summary_large_image\" \/>\n<meta name=\"twitter:label1\" content=\"Est. reading time\" \/>\n\t<meta name=\"twitter:data1\" content=\"4 minutes\" \/>\n<script type=\"application\/ld+json\" class=\"yoast-schema-graph\">{\"@context\":\"https:\/\/schema.org\",\"@graph\":[{\"@type\":\"WebPage\",\"@id\":\"https:\/\/www.peanutoem.com\/manufacturer\/spicy-peanut-butter\/\",\"url\":\"https:\/\/www.peanutoem.com\/manufacturer\/spicy-peanut-butter\/\",\"name\":\"Spicy Peanut Butter China Manufacturer OEM - Peanut Butter Factory\",\"isPartOf\":{\"@id\":\"https:\/\/www.peanutoem.com\/#website\"},\"primaryImageOfPage\":{\"@id\":\"https:\/\/www.peanutoem.com\/manufacturer\/spicy-peanut-butter\/#primaryimage\"},\"image\":{\"@id\":\"https:\/\/www.peanutoem.com\/manufacturer\/spicy-peanut-butter\/#primaryimage\"},\"thumbnailUrl\":\"https:\/\/www.peanutoem.com\/wp-content\/uploads\/2024\/09\/Spicy-Peanut-Butter.webp\",\"datePublished\":\"2024-09-10T12:28:30+00:00\",\"dateModified\":\"2024-10-06T09:58:03+00:00\",\"description\":\"Leading spicy peanut butter OEM private label manufacturer and exporter. Order your premium quality, custom-made spicy peanut butter.\",\"breadcrumb\":{\"@id\":\"https:\/\/www.peanutoem.com\/manufacturer\/spicy-peanut-butter\/#breadcrumb\"},\"inLanguage\":\"az\",\"potentialAction\":[{\"@type\":\"ReadAction\",\"target\":[\"https:\/\/www.peanutoem.com\/manufacturer\/spicy-peanut-butter\/\"]}]},{\"@type\":\"ImageObject\",\"inLanguage\":\"az\",\"@id\":\"https:\/\/www.peanutoem.com\/manufacturer\/spicy-peanut-butter\/#primaryimage\",\"url\":\"https:\/\/www.peanutoem.com\/wp-content\/uploads\/2024\/09\/Spicy-Peanut-Butter.webp\",\"contentUrl\":\"https:\/\/www.peanutoem.com\/wp-content\/uploads\/2024\/09\/Spicy-Peanut-Butter.webp\",\"width\":1000,\"height\":1000,\"caption\":\"Spicy Peanut Butter\"},{\"@type\":\"BreadcrumbList\",\"@id\":\"https:\/\/www.peanutoem.com\/manufacturer\/spicy-peanut-butter\/#breadcrumb\",\"itemListElement\":[{\"@type\":\"ListItem\",\"position\":1,\"name\":\"Home\",\"item\":\"https:\/\/www.peanutoem.com\/\"},{\"@type\":\"ListItem\",\"position\":2,\"name\":\"Products\",\"item\":\"https:\/\/www.peanutoem.com\/shop\/\"},{\"@type\":\"ListItem\",\"position\":3,\"name\":\"Spicy Peanut Butter\"}]},{\"@type\":\"WebSite\",\"@id\":\"https:\/\/www.peanutoem.com\/#website\",\"url\":\"https:\/\/www.peanutoem.com\/\",\"name\":\"Peanut Butter Factory\",\"description\":\"Peanut Butter Manufacturer and Roast Peanut OEM Factory | Peanut Private Label China Supplier\",\"publisher\":{\"@id\":\"https:\/\/www.peanutoem.com\/#organization\"},\"alternateName\":\"Peanut Butter OEM and Wholesale\",\"potentialAction\":[{\"@type\":\"SearchAction\",\"target\":{\"@type\":\"EntryPoint\",\"urlTemplate\":\"https:\/\/www.peanutoem.com\/?s={search_term_string}\"},\"query-input\":{\"@type\":\"PropertyValueSpecification\",\"valueRequired\":true,\"valueName\":\"search_term_string\"}}],\"inLanguage\":\"az\"},{\"@type\":\"Organization\",\"@id\":\"https:\/\/www.peanutoem.com\/#organization\",\"name\":\"Peanut Butter Factory\",\"alternateName\":\"JuFeng Group\",\"url\":\"https:\/\/www.peanutoem.com\/\",\"logo\":{\"@type\":\"ImageObject\",\"inLanguage\":\"az\",\"@id\":\"https:\/\/www.peanutoem.com\/#\/schema\/logo\/image\/\",\"url\":\"https:\/\/www.peanutoem.com\/wp-content\/uploads\/2024\/09\/JUFENG-LOGO.png\",\"contentUrl\":\"https:\/\/www.peanutoem.com\/wp-content\/uploads\/2024\/09\/JUFENG-LOGO.png\",\"width\":600,\"height\":170,\"caption\":\"Peanut Butter Factory\"},\"image\":{\"@id\":\"https:\/\/www.peanutoem.com\/#\/schema\/logo\/image\/\"}}]}<\/script>\n<!-- \/ Yoast SEO plugin. -->","yoast_head_json":{"title":"Spicy Peanut Butter China Manufacturer OEM - Peanut Butter Factory","description":"Leading spicy peanut butter OEM private label manufacturer and exporter. Order your premium quality, custom-made spicy peanut butter.","robots":{"index":"index","follow":"follow","max-snippet":"max-snippet:-1","max-image-preview":"max-image-preview:large","max-video-preview":"max-video-preview:-1"},"canonical":"https:\/\/www.peanutoem.com\/az\/manufacturer\/spicy-peanut-butter\/","og_locale":"az_AZ","og_type":"article","og_title":"Spicy Peanut Butter China Manufacturer OEM - Peanut Butter Factory","og_description":"Leading spicy peanut butter OEM private label manufacturer and exporter. Order your premium quality, custom-made spicy peanut butter.","og_url":"https:\/\/www.peanutoem.com\/az\/manufacturer\/spicy-peanut-butter\/","og_site_name":"Peanut Butter Factory","article_modified_time":"2024-10-06T09:58:03+00:00","og_image":[{"width":1000,"height":1000,"url":"https:\/\/www.peanutoem.com\/wp-content\/uploads\/2024\/09\/Spicy-Peanut-Butter.webp","type":"image\/webp"}],"twitter_card":"summary_large_image","twitter_misc":{"Est. reading time":"4 minutes"},"schema":{"@context":"https:\/\/schema.org","@graph":[{"@type":"WebPage","@id":"https:\/\/www.peanutoem.com\/manufacturer\/spicy-peanut-butter\/","url":"https:\/\/www.peanutoem.com\/manufacturer\/spicy-peanut-butter\/","name":"Spicy Peanut Butter China Manufacturer OEM - Peanut Butter Factory","isPartOf":{"@id":"https:\/\/www.peanutoem.com\/#website"},"primaryImageOfPage":{"@id":"https:\/\/www.peanutoem.com\/manufacturer\/spicy-peanut-butter\/#primaryimage"},"image":{"@id":"https:\/\/www.peanutoem.com\/manufacturer\/spicy-peanut-butter\/#primaryimage"},"thumbnailUrl":"https:\/\/www.peanutoem.com\/wp-content\/uploads\/2024\/09\/Spicy-Peanut-Butter.webp","datePublished":"2024-09-10T12:28:30+00:00","dateModified":"2024-10-06T09:58:03+00:00","description":"Leading spicy peanut butter OEM private label manufacturer and exporter. Order your premium quality, custom-made spicy peanut butter.","breadcrumb":{"@id":"https:\/\/www.peanutoem.com\/manufacturer\/spicy-peanut-butter\/#breadcrumb"},"inLanguage":"az","potentialAction":[{"@type":"ReadAction","target":["https:\/\/www.peanutoem.com\/manufacturer\/spicy-peanut-butter\/"]}]},{"@type":"ImageObject","inLanguage":"az","@id":"https:\/\/www.peanutoem.com\/manufacturer\/spicy-peanut-butter\/#primaryimage","url":"https:\/\/www.peanutoem.com\/wp-content\/uploads\/2024\/09\/Spicy-Peanut-Butter.webp","contentUrl":"https:\/\/www.peanutoem.com\/wp-content\/uploads\/2024\/09\/Spicy-Peanut-Butter.webp","width":1000,"height":1000,"caption":"Spicy Peanut Butter"},{"@type":"BreadcrumbList","@id":"https:\/\/www.peanutoem.com\/manufacturer\/spicy-peanut-butter\/#breadcrumb","itemListElement":[{"@type":"ListItem","position":1,"name":"Home","item":"https:\/\/www.peanutoem.com\/"},{"@type":"ListItem","position":2,"name":"Products","item":"https:\/\/www.peanutoem.com\/shop\/"},{"@type":"ListItem","position":3,"name":"Spicy Peanut Butter"}]},{"@type":"WebSite","@id":"https:\/\/www.peanutoem.com\/#website","url":"https:\/\/www.peanutoem.com\/","name":"Peanut Butter Factory","description":"Peanut Butter Manufacturer and Roast Peanut OEM Factory | Peanut Private Label China Supplier","publisher":{"@id":"https:\/\/www.peanutoem.com\/#organization"},"alternateName":"Peanut Butter OEM and Wholesale","potentialAction":[{"@type":"SearchAction","target":{"@type":"EntryPoint","urlTemplate":"https:\/\/www.peanutoem.com\/?s={search_term_string}"},"query-input":{"@type":"PropertyValueSpecification","valueRequired":true,"valueName":"search_term_string"}}],"inLanguage":"az"},{"@type":"Organization","@id":"https:\/\/www.peanutoem.com\/#organization","name":"Peanut Butter Factory","alternateName":"JuFeng Group","url":"https:\/\/www.peanutoem.com\/","logo":{"@type":"ImageObject","inLanguage":"az","@id":"https:\/\/www.peanutoem.com\/#\/schema\/logo\/image\/","url":"https:\/\/www.peanutoem.com\/wp-content\/uploads\/2024\/09\/JUFENG-LOGO.png","contentUrl":"https:\/\/www.peanutoem.com\/wp-content\/uploads\/2024\/09\/JUFENG-LOGO.png","width":600,"height":170,"caption":"Peanut Butter Factory"},"image":{"@id":"https:\/\/www.peanutoem.com\/#\/schema\/logo\/image\/"}}]}},"_links":{"self":[{"href":"https:\/\/www.peanutoem.com\/az\/wp-json\/wp\/v2\/product\/1637","targetHints":{"allow":["GET"]}}],"collection":[{"href":"https:\/\/www.peanutoem.com\/az\/wp-json\/wp\/v2\/product"}],"about":[{"href":"https:\/\/www.peanutoem.com\/az\/wp-json\/wp\/v2\/types\/product"}],"replies":[{"embeddable":true,"href":"https:\/\/www.peanutoem.com\/az\/wp-json\/wp\/v2\/comments?post=1637"}],"wp:featuredmedia":[{"embeddable":true,"href":"https:\/\/www.peanutoem.com\/az\/wp-json\/wp\/v2\/media\/1668"}],"wp:attachment":[{"href":"https:\/\/www.peanutoem.com\/az\/wp-json\/wp\/v2\/media?parent=1637"}],"wp:term":[{"taxonomy":"product_cat","embeddable":true,"href":"https:\/\/www.peanutoem.com\/az\/wp-json\/wp\/v2\/product_cat?post=1637"},{"taxonomy":"product_tag","embeddable":true,"href":"https:\/\/www.peanutoem.com\/az\/wp-json\/wp\/v2\/product_tag?post=1637"}],"curies":[{"name":"wp","href":"https:\/\/api.w.org\/{rel}","templated":true}]}}