{"id":1638,"date":"2024-09-10T12:30:11","date_gmt":"2024-09-10T12:30:11","guid":{"rendered":"https:\/\/www.peanutoem.com\/?post_type=product&#038;p=1638"},"modified":"2024-10-06T09:55:00","modified_gmt":"2024-10-06T09:55:00","slug":"chocolate-peanut-butter","status":"publish","type":"product","link":"https:\/\/www.peanutoem.com\/az\/manufacturer\/chocolate-peanut-butter\/","title":{"rendered":"\u015eokoladl\u0131 f\u0131st\u0131q ya\u011f\u0131"},"content":{"rendered":"<h3>\u015eokoladl\u0131 f\u0131st\u0131q ya\u011f\u0131 n\u0259dir?<\/h3>\n<p>\u015eokoladl\u0131 f\u0131st\u0131q ya\u011f\u0131 qaymaql\u0131 f\u0131st\u0131q ya\u011f\u0131n\u0131n l\u0259zz\u0259tli birl\u0259\u015fm\u0259sidir v\u0259 z\u0259ngindir <a href=\"https:\/\/en.wikipedia.org\/wiki\/Chocolate\" target=\"_blank\" rel=\"noopener\">\u015fokolad<\/a>, geni\u015f dad se\u00e7iml\u0259rin\u0259 m\u00fcraci\u0259t ed\u0259n \u015firin v\u0259 l\u0259zz\u0259tli bir yay\u0131lma yaratmaq. Bu l\u0259zz\u0259tli qar\u0131\u015f\u0131\u011f\u0131 \u00e7\u00f6r\u0259y\u0259 yaymaq, desertl\u0259rd\u0259 istifad\u0259 etm\u0259k v\u0259 ya sad\u0259c\u0259 bir qa\u015f\u0131qla l\u0259zz\u0259t almaq \u00fc\u00e7\u00fcn m\u00fck\u0259mm\u0259ldir. F\u0131st\u0131q v\u0259 \u015fokolad\u0131n birl\u0259\u015fm\u0259si h\u0259m qoz ya\u011f\u0131 h\u0259v\u0259skarlar\u0131n\u0131, h\u0259m d\u0259 \u015fokolad h\u0259v\u0259skarlar\u0131n\u0131 eyni d\u0259r\u0259c\u0259d\u0259 qane ed\u0259n balansla\u015fd\u0131r\u0131lm\u0131\u015f yem\u0259k t\u0259klif edir.<\/p>\n<h3>F\u0131st\u0131q ya\u011f\u0131nda \u015fokolad\u0131n ba\u015fqa adlar\u0131 n\u0259dir?<\/h3>\n<p>\u015eokoladl\u0131 f\u0131st\u0131q ya\u011f\u0131 tez-tez dad\u0131na v\u0259 istifad\u0259sin\u0259 g\u00f6r\u0259 f\u0259rqli adlarla adland\u0131r\u0131l\u0131r. B\u0259zi alternativ adlara a\u015fa\u011f\u0131dak\u0131lar daxildir:<\/p>\n<ul>\n<li>\u015eokolad \u0259tirli f\u0131st\u0131q ya\u011f\u0131<\/li>\n<li>Kakaolu f\u0131st\u0131q ya\u011f\u0131 yay\u0131l\u0131r<\/li>\n<li>Kakao f\u0131st\u0131q ya\u011f\u0131<\/li>\n<li>\u015eoko-f\u0131st\u0131q yay\u0131lmas\u0131<\/li>\n<li>\u015eokoladl\u0131 f\u0131st\u0131q ya\u011f\u0131<\/li>\n<li>Qozlu \u015fokolad yay\u0131ld\u0131<\/li>\n<li>\u015eokoladl\u0131 f\u0131st\u0131q ya\u011f\u0131<\/li>\n<li>Qozlu \u015fokolad yay\u0131ld\u0131<\/li>\n<\/ul>\n<p>Bu adlar \u015fokolad v\u0259 f\u0131st\u0131q ya\u011f\u0131n\u0131n l\u0259zz\u0259tli qar\u0131\u015f\u0131\u011f\u0131n\u0131 vur\u011fulay\u0131r v\u0259 onu m\u00fcxt\u0259lif bazarlarda istehlak\u00e7\u0131lara c\u0259lb edir.<\/p>\n<h3><img loading=\"lazy\" decoding=\"async\" class=\"alignnone wp-image-1682 size-full\" src=\"https:\/\/www.peanutoem.com\/wp-content\/uploads\/2024\/09\/Chocolate-Peanut-Butter-on-Bread.webp\" alt=\"\u00c7\u00f6r\u0259k \u00fcz\u0259rind\u0259 \u015fokoladl\u0131 f\u0131st\u0131q ya\u011f\u0131\" width=\"912\" height=\"1144\" srcset=\"https:\/\/www.peanutoem.com\/wp-content\/uploads\/2024\/09\/Chocolate-Peanut-Butter-on-Bread.webp 912w, https:\/\/www.peanutoem.com\/wp-content\/uploads\/2024\/09\/Chocolate-Peanut-Butter-on-Bread-239x300.webp 239w, https:\/\/www.peanutoem.com\/wp-content\/uploads\/2024\/09\/Chocolate-Peanut-Butter-on-Bread-816x1024.webp 816w, https:\/\/www.peanutoem.com\/wp-content\/uploads\/2024\/09\/Chocolate-Peanut-Butter-on-Bread-768x963.webp 768w, https:\/\/www.peanutoem.com\/wp-content\/uploads\/2024\/09\/Chocolate-Peanut-Butter-on-Bread-10x12.webp 10w, https:\/\/www.peanutoem.com\/wp-content\/uploads\/2024\/09\/Chocolate-Peanut-Butter-on-Bread-600x753.webp 600w\" sizes=\"auto, (max-width: 912px) 100vw, 912px\" \/><\/h3>\n<h3>Niy\u0259 Bizi T\u0259r\u0259fda\u015f T\u0259chizat\u00e7\u0131n\u0131z kimi Se\u00e7m\u0259lisiniz?<\/h3>\n<p>Biz apar\u0131c\u0131 OEM \u00f6z\u0259l etiket istehsal\u00e7\u0131s\u0131 v\u0259 \u015fokoladl\u0131 f\u0131st\u0131q ya\u011f\u0131 ixracat\u00e7\u0131s\u0131y\u0131q.<\/p>\n<ul>\n<li><strong>F\u0259rdil\u0259\u015fdirm\u0259 t\u0259cr\u00fcb\u0259si:<\/strong> Biz sizin x\u00fcsusi z\u00f6vq\u00fcn\u00fcz\u0259, teksturan\u0131za v\u0259 qabla\u015fd\u0131rma t\u0259l\u0259bl\u0259riniz\u0259 uy\u011fun olaraq tam f\u0259rdil\u0259\u015fdirilmi\u015f formulalar t\u0259klif edirik.<\/li>\n<li><strong>Premium T\u0259rkibi:<\/strong> Yaln\u0131z \u0259n keyfiyy\u0259tli f\u0131st\u0131q v\u0259 \u015fokoladdan istifad\u0259 edin.<\/li>\n<li><strong>Qabaqc\u0131l \u0130stehsalat:<\/strong> \u018fn m\u00fcasir qur\u011fular\u0131m\u0131z h\u0259r partiyada ard\u0131c\u0131l keyfiyy\u0259t v\u0259 s\u0259m\u0259r\u0259liliyi t\u0259min ed\u0259n AB\u015e-dan qabaqc\u0131l istehsal x\u0259tl\u0259ri il\u0259 t\u0259chiz edilmi\u015fdir.<\/li>\n<li><strong>Sertifikatlar v\u0259 Keyfiyy\u0259t T\u0259minat\u0131:<\/strong> Biz beyn\u0259lxalq t\u0259hl\u00fck\u0259sizlik v\u0259 keyfiyy\u0259t standartlar\u0131na uy\u011funlu\u011fu t\u0259min ed\u0259n BRCGS, Kosher, Halal v\u0259 HACCP daxil olmaqla m\u00fcxt\u0259lif sertifikatlara sahibik.<\/li>\n<li><strong>Qlobal Da\u011f\u0131t\u0131m:<\/strong> Beyn\u0259lxalq ticar\u0259td\u0259 b\u00f6y\u00fck t\u0259cr\u00fcb\u0259mizl\u0259 biz \u015fokoladl\u0131 f\u0131st\u0131q ya\u011f\u0131n\u0131 d\u00fcnya bazarlar\u0131na ixrac edirik, rahat logistikan\u0131 v\u0259 vaxt\u0131nda \u00e7atd\u0131r\u0131lman\u0131 t\u0259min edirik.<\/li>\n<\/ul>\n<h3>Qaynar M\u00f6vzular<\/h3>\n<div class=\"group\/conversation-turn relative flex w-full min-w-0 flex-col agent-turn\">\n<div class=\"flex-col gap-1 md:gap-3\">\n<div class=\"flex max-w-full flex-col flex-grow\">\n<div class=\"min-h-8 text-message flex w-full flex-col items-end gap-2 whitespace-normal break-words [.text-message+&amp;]:mt-5\" dir=\"auto\" data-message-author-role=\"assistant\" data-message-id=\"61c5f9c1-377c-4081-b461-888734723e68\">\n<div class=\"flex w-full flex-col gap-1 empty:hidden first:pt-[3px]\">\n<div class=\"markdown prose w-full break-words dark:prose-invert dark\">\n<ul>\n<li><span style=\"color: #282828;\"><strong>Desertl\u0259rd\u0259<\/strong><\/span><br \/>\n<span style=\"color: #282828;\">\u015eokoladl\u0131 f\u0131st\u0131q ya\u011f\u0131 tortlar, keksl\u0259r v\u0259 dondurmalar kimi desertl\u0259rin keyfiyy\u0259tini v\u0259 dad\u0131n\u0131 \u0259h\u0259miyy\u0259tli d\u0259r\u0259c\u0259d\u0259 art\u0131ran \u00e7ox y\u00f6nl\u00fc t\u0259rkib hiss\u0259si kimi xidm\u0259t edir. Onun qaymaql\u0131 teksturas\u0131 v\u0259 z\u0259ngin dad\u0131 onu bi\u015fmi\u015f m\u0259mulatlar v\u0259 q\u0259nnad\u0131 m\u0259mulatlar\u0131 \u00fc\u00e7\u00fcn \u0259la yolda\u015f edir.<\/span><\/li>\n<li><span style=\"color: #282828;\"><strong>Sa\u011flaml\u0131q Faydalar\u0131<\/strong><\/span><br \/>\n<span style=\"color: #282828;\">Qar\u015f\u0131s\u0131al\u0131nmaz l\u0259zz\u0259tin\u0259 \u0259lav\u0259 olaraq, bu yay\u0131lma z\u00fclal, sa\u011flam ya\u011flar v\u0259 lifl\u0259 z\u0259ngindir v\u0259 b\u0259d\u0259n\u0259 qida d\u0259st\u0259yi verir. T\u00fcnd \u015fokoladla haz\u0131rland\u0131qda, o, antioksidant x\u00fcsusiyy\u0259tl\u0259r \u0259lav\u0259 ed\u0259r\u0259k, m\u0259hsula sa\u011flam bir cazib\u0259 verir v\u0259 sa\u011flaml\u0131q bax\u0131m\u0131ndan \u015f\u00fcurlu istehlak\u00e7\u0131lar\u0131 c\u0259lb edir.<\/span><\/li>\n<li><span style=\"color: #282828;\"><strong>Qlobal Populyarl\u0131q<\/strong><\/span><br \/>\n<span style=\"color: #282828;\">\u0130stehlak\u00e7\u0131lar qidaland\u0131r\u0131c\u0131 olmaqla yana\u015f\u0131 dad q\u00f6n\u00e7\u0259l\u0259rini qane ed\u0259n q\u0259lyanalt\u0131lar\u0131 getdikc\u0259 daha \u00e7ox axtard\u0131qca, \u015fokoladl\u0131 f\u0131st\u0131q ya\u011f\u0131 qlobal bazarda b\u00f6y\u00fck populyarl\u0131q qazanm\u0131\u015fd\u0131r. O, l\u0259zz\u0259t v\u0259 qidalanman\u0131 u\u011furla birl\u0259\u015fdirir, h\u0259m u\u015faqlar, h\u0259m d\u0259 b\u00f6y\u00fckl\u0259r t\u0259r\u0259find\u0259n geni\u015f r\u0259\u011fb\u0259t qazan\u0131r.<\/span><\/li>\n<li><span style=\"color: #282828;\"><strong>Yarad\u0131c\u0131 istifad\u0259l\u0259r<\/strong><\/span><br \/>\n<span style=\"color: #282828;\">Tost v\u0259 ya sendvi\u00e7 kimi \u0259n\u0259n\u0259vi c\u00fctl\u0259\u015fm\u0259l\u0259rd\u0259n ba\u015fqa, bu t\u0259rkib kreativ \u015f\u0259kild\u0259 smoothies, enerji barlar\u0131na daxil edil\u0259 bil\u0259r v\u0259 ya x\u0259mir \u00fc\u00e7\u00fcn doldurma kimi istifad\u0259 edil\u0259 bil\u0259r. Onun unikal l\u0259zz\u0259t uy\u011funla\u015fmas\u0131 onu h\u0259m \u015firin, h\u0259m d\u0259 l\u0259zz\u0259tli yem\u0259kl\u0259rd\u0259 parlama\u011fa imkan verir v\u0259 bu, onu bir \u00e7ox ev m\u0259tb\u0259xl\u0259rind\u0259 \u0259sas element hal\u0131na g\u0259tirir.<\/span><\/li>\n<\/ul>\n<\/div>\n<\/div>\n<\/div>\n<\/div>\n<\/div>\n<\/div>\n<hr \/>\n<h3><img loading=\"lazy\" decoding=\"async\" class=\"alignnone wp-image-1683 size-full\" src=\"https:\/\/www.peanutoem.com\/wp-content\/uploads\/2024\/09\/Chocolate-Peanut-Butter-Served.webp\" alt=\"\u015eokoladl\u0131 f\u0131st\u0131q ya\u011f\u0131 verilir\" width=\"896\" height=\"1152\" srcset=\"https:\/\/www.peanutoem.com\/wp-content\/uploads\/2024\/09\/Chocolate-Peanut-Butter-Served.webp 896w, https:\/\/www.peanutoem.com\/wp-content\/uploads\/2024\/09\/Chocolate-Peanut-Butter-Served-233x300.webp 233w, https:\/\/www.peanutoem.com\/wp-content\/uploads\/2024\/09\/Chocolate-Peanut-Butter-Served-796x1024.webp 796w, https:\/\/www.peanutoem.com\/wp-content\/uploads\/2024\/09\/Chocolate-Peanut-Butter-Served-768x987.webp 768w, https:\/\/www.peanutoem.com\/wp-content\/uploads\/2024\/09\/Chocolate-Peanut-Butter-Served-9x12.webp 9w, https:\/\/www.peanutoem.com\/wp-content\/uploads\/2024\/09\/Chocolate-Peanut-Butter-Served-600x771.webp 600w\" sizes=\"auto, (max-width: 896px) 100vw, 896px\" \/><\/h3>\n<h3>\u015eokoladl\u0131 f\u0131st\u0131q ya\u011f\u0131 il\u0259 ba\u011fl\u0131 tez-tez veril\u0259n suallar<\/h3>\n<ol>\n<li><strong>Apar\u0131c\u0131 OEM istehsal\u00e7\u0131s\u0131 olaraq, \u0259sas r\u0259qab\u0259t \u00fcst\u00fcnl\u00fcy\u00fcn\u00fcz n\u0259dir?<\/strong><br \/>\nBiz m\u00fcxt\u0259lif f\u0259rdil\u0259\u015fdirm\u0259 xidm\u0259tl\u0259ri t\u0259klif etdiyimiz, y\u00fcks\u0259k keyfiyy\u0259tli inqrediyentl\u0259r se\u00e7diyimiz v\u0259 qabaqc\u0131l istehsal texnologiyas\u0131ndan istifad\u0259 etdiyimiz \u00fc\u00e7\u00fcn f\u0259rql\u0259nirik. Bu, f\u0131st\u0131q ya\u011f\u0131n\u0131n h\u0259r partiyas\u0131n\u0131n bazarda \u00fcst\u00fcn olmas\u0131n\u0131 v\u0259 m\u00fc\u015ft\u0259ril\u0259rimizin unikal ehtiyaclar\u0131na cavab verm\u0259sini t\u0259min edir.<\/li>\n<li><strong>M\u0259nim spesifikasiyalar\u0131ma uy\u011fun olaraq \u015fokolad-f\u0131st\u0131q nisb\u0259tini t\u0259nziml\u0259y\u0259 v\u0259 brendim \u00fc\u00e7\u00fcn f\u0259rdi d\u00fcstur yarada bil\u0259rsinizmi?<\/strong><br \/>\nM\u00fctl\u0259q! Biz \u015fokolad v\u0259 f\u0131st\u0131q aras\u0131nda m\u00fck\u0259mm\u0259l tarazl\u0131\u011f\u0131 tapma\u011f\u0131n\u0131za k\u00f6m\u0259k etm\u0259k \u00fc\u00e7\u00fcn h\u0259rt\u0259r\u0259fli l\u0259zz\u0259t f\u0259rdil\u0259\u015fdirm\u0259 xidm\u0259tl\u0259ri t\u0259qdim edirik, eyni zamanda brendinizin bazar r\u0259qab\u0259t qabiliyy\u0259tini art\u0131ran unikal formul haz\u0131rlay\u0131r\u0131q.<\/li>\n<li><strong>Hans\u0131 qabla\u015fd\u0131rma variantlar\u0131n\u0131 t\u0259klif edirsiniz?<\/strong><br \/>\nBiz m\u00fcxt\u0259lif qabla\u015fd\u0131rma h\u0259ll\u0259ri t\u0259klif edirik, o c\u00fcml\u0259d\u0259n z\u0259rif bankalar, rahat s\u0131xma kis\u0259l\u0259ri v\u0259 iri h\u0259cmli saxlama \u00fc\u00e7\u00fcn uy\u011fun olan toplu qablar. B\u00fct\u00fcn qabla\u015fd\u0131rmalar brendinizin kimliyini v\u0259 marketinq strategiyas\u0131n\u0131 \u0259ks etdirm\u0259k \u00fc\u00e7\u00fcn f\u0259rdil\u0259\u015fdiril\u0259 bil\u0259r.<\/li>\n<li><strong>Siz \u00fczvi \u015fokoladl\u0131 f\u0131st\u0131q ya\u011f\u0131 t\u0259klif edirsiniz v\u0259 m\u0259hsulun keyfiyy\u0259tini nec\u0259 t\u0259min edirsiniz?<\/strong><br \/>\nB\u0259li, biz \u00fczvi standartlara cavab ver\u0259n inqrediyentl\u0259rl\u0259 haz\u0131rlanm\u0131\u015f AB \u00fczvi sertifikatl\u0131 f\u0131st\u0131q ya\u011f\u0131 istehsal edirik. Bundan \u0259lav\u0259, biz h\u0259r bir partiyan\u0131n dad, tekstura v\u0259 t\u0259hl\u00fck\u0259sizlik \u00fczr\u0259 \u0259n y\u00fcks\u0259k standartlara cavab verm\u0259sini t\u0259min etm\u0259k \u00fc\u00e7\u00fcn daxili laboratoriya s\u0131naqlar\u0131 da daxil olmaqla ciddi keyfiyy\u0259t idar\u0259etm\u0259 sistemi qurmu\u015fuq.<\/li>\n<li><strong>B\u00f6y\u00fck bir sifari\u015f verm\u0259zd\u0259n \u0259vv\u0259l dequstasiya \u00fc\u00e7\u00fcn n\u00fcmun\u0259l\u0259r t\u0259l\u0259b ed\u0259 bil\u0259r\u0259mmi v\u0259 siz qlobal ixrac\u0131 d\u0259st\u0259kl\u0259yirsinizmi?<\/strong><br \/>\n\u018flb\u0259tt\u0259! Tam istehsaldan \u0259vv\u0259l qiym\u0259tl\u0259ndirm\u0259niz \u00fc\u00e7\u00fcn n\u00fcmun\u0259 partiyalar\u0131 t\u0259qdim etm\u0259kd\u0259n m\u0259mnunuq. Bundan \u0259lav\u0259, m\u0259hsullar\u0131n\u0131z\u0131n b\u00fct\u00fcn d\u00fcnyaya t\u0259hl\u00fck\u0259siz v\u0259 vaxt\u0131nda \u00e7atmas\u0131n\u0131 t\u0259min ed\u0259n qlobal ixracatda geni\u015f t\u0259cr\u00fcb\u0259miz var.<\/li>\n<\/ol>\n<a href=\"mailto:globepeanut@gmail.com\" class=\"button primary is-primary is-medium\"  >\n    <span>Biz\u0259 e-po\u00e7t g\u00f6nd\u0259rin<\/span>\n  <\/a>","protected":false},"excerpt":{"rendered":"<table width=\"564\">\n<tbody>\n<tr>\n<td width=\"113\"><strong>M\u0259hsulun ad\u0131<\/strong><\/td>\n<td width=\"402\">\u015eokoladl\u0131 f\u0131st\u0131q ya\u011f\u0131<\/td>\n<\/tr>\n<tr>\n<td width=\"113\"><strong>Spesifikasiyalar<\/strong><\/td>\n<td width=\"402\">200gx36, 227gx24, 340gx12, 375gx12, 500gx12, 510gx12, 1kgx12, 10kgx1, 20kgx1, 220kgx1<\/td>\n<\/tr>\n<tr>\n<td width=\"113\"><strong>Qabla\u015fd\u0131rma formas\u0131<\/strong><\/td>\n<td width=\"402\">Banka, Vedr\u0259, Doy Pack, \u00c7anta, Karton, Qalay, Barel, Can, Butulka v\u0259 s<\/td>\n<\/tr>\n<tr>\n<td width=\"113\"><strong>\u00c7atd\u0131r\u0131lma vaxt\u0131<\/strong><\/td>\n<td width=\"402\">Sifari\u015fd\u0259n 7-20 G\u00fcn Sonra<\/td>\n<\/tr>\n<tr>\n<td width=\"113\"><strong>MOQ<\/strong><\/td>\n<td width=\"402\">Bir Ton<\/td>\n<\/tr>\n<tr>\n<td width=\"113\"><strong>N\u00fcmun\u0259<\/strong><\/td>\n<td width=\"402\">Pulsuz N\u00fcmun\u0259 m\u00f6vcuddur<\/td>\n<\/tr>\n<tr>\n<td width=\"113\"><strong>OEM<\/strong><\/td>\n<td width=\"402\">Al\u0131c\u0131n\u0131n etiketi q\u0259bul olunub<\/td>\n<\/tr>\n<\/tbody>\n<\/table>\n<p>&nbsp;<\/p>","protected":false},"featured_media":1671,"comment_status":"open","ping_status":"closed","template":"","meta":[],"product_cat":[15],"product_tag":[],"class_list":{"0":"post-1638","1":"product","2":"type-product","3":"status-publish","4":"has-post-thumbnail","6":"product_cat-peanut-butter","8":"first","9":"instock","10":"shipping-taxable","11":"product-type-simple"},"yoast_head":"<!-- This site is optimized with the Yoast SEO plugin v24.9 - https:\/\/yoast.com\/wordpress\/plugins\/seo\/ -->\n<title>Chocolate Peanut Butter Manufacturer OEM - China Peanut Butter Factory<\/title>\n<meta name=\"description\" content=\"Leading chocolate peanut butter OEM private label manufacturer and exporter. Discover premium, customized chocolate peanut butter from us.\" \/>\n<meta name=\"robots\" content=\"index, follow, max-snippet:-1, max-image-preview:large, max-video-preview:-1\" \/>\n<link rel=\"canonical\" href=\"https:\/\/www.peanutoem.com\/az\/manufacturer\/chocolate-peanut-butter\/\" \/>\n<meta property=\"og:locale\" content=\"az_AZ\" \/>\n<meta property=\"og:type\" content=\"article\" \/>\n<meta property=\"og:title\" content=\"Chocolate Peanut Butter Manufacturer OEM - China Peanut Butter Factory\" \/>\n<meta property=\"og:description\" content=\"Leading chocolate peanut butter OEM private label manufacturer and exporter. Discover premium, customized chocolate peanut butter from us.\" \/>\n<meta property=\"og:url\" content=\"https:\/\/www.peanutoem.com\/az\/manufacturer\/chocolate-peanut-butter\/\" \/>\n<meta property=\"og:site_name\" content=\"Peanut Butter Factory\" \/>\n<meta property=\"article:modified_time\" content=\"2024-10-06T09:55:00+00:00\" \/>\n<meta property=\"og:image\" content=\"https:\/\/www.peanutoem.com\/wp-content\/uploads\/2024\/09\/Peanut-Butter-Chocolate-Flavor.webp\" \/>\n\t<meta property=\"og:image:width\" content=\"819\" \/>\n\t<meta property=\"og:image:height\" content=\"975\" \/>\n\t<meta property=\"og:image:type\" content=\"image\/webp\" \/>\n<meta name=\"twitter:card\" content=\"summary_large_image\" \/>\n<meta name=\"twitter:label1\" content=\"Est. reading time\" \/>\n\t<meta name=\"twitter:data1\" content=\"4 minutes\" \/>\n<script type=\"application\/ld+json\" class=\"yoast-schema-graph\">{\"@context\":\"https:\/\/schema.org\",\"@graph\":[{\"@type\":\"WebPage\",\"@id\":\"https:\/\/www.peanutoem.com\/manufacturer\/chocolate-peanut-butter\/\",\"url\":\"https:\/\/www.peanutoem.com\/manufacturer\/chocolate-peanut-butter\/\",\"name\":\"Chocolate Peanut Butter Manufacturer OEM - China Peanut Butter Factory\",\"isPartOf\":{\"@id\":\"https:\/\/www.peanutoem.com\/#website\"},\"primaryImageOfPage\":{\"@id\":\"https:\/\/www.peanutoem.com\/manufacturer\/chocolate-peanut-butter\/#primaryimage\"},\"image\":{\"@id\":\"https:\/\/www.peanutoem.com\/manufacturer\/chocolate-peanut-butter\/#primaryimage\"},\"thumbnailUrl\":\"https:\/\/www.peanutoem.com\/wp-content\/uploads\/2024\/09\/Peanut-Butter-Chocolate-Flavor.webp\",\"datePublished\":\"2024-09-10T12:30:11+00:00\",\"dateModified\":\"2024-10-06T09:55:00+00:00\",\"description\":\"Leading chocolate peanut butter OEM private label manufacturer and exporter. Discover premium, customized chocolate peanut butter from us.\",\"breadcrumb\":{\"@id\":\"https:\/\/www.peanutoem.com\/manufacturer\/chocolate-peanut-butter\/#breadcrumb\"},\"inLanguage\":\"az\",\"potentialAction\":[{\"@type\":\"ReadAction\",\"target\":[\"https:\/\/www.peanutoem.com\/manufacturer\/chocolate-peanut-butter\/\"]}]},{\"@type\":\"ImageObject\",\"inLanguage\":\"az\",\"@id\":\"https:\/\/www.peanutoem.com\/manufacturer\/chocolate-peanut-butter\/#primaryimage\",\"url\":\"https:\/\/www.peanutoem.com\/wp-content\/uploads\/2024\/09\/Peanut-Butter-Chocolate-Flavor.webp\",\"contentUrl\":\"https:\/\/www.peanutoem.com\/wp-content\/uploads\/2024\/09\/Peanut-Butter-Chocolate-Flavor.webp\",\"width\":819,\"height\":975,\"caption\":\"Peanut Butter Chocolate Flavor\"},{\"@type\":\"BreadcrumbList\",\"@id\":\"https:\/\/www.peanutoem.com\/manufacturer\/chocolate-peanut-butter\/#breadcrumb\",\"itemListElement\":[{\"@type\":\"ListItem\",\"position\":1,\"name\":\"Home\",\"item\":\"https:\/\/www.peanutoem.com\/\"},{\"@type\":\"ListItem\",\"position\":2,\"name\":\"Products\",\"item\":\"https:\/\/www.peanutoem.com\/shop\/\"},{\"@type\":\"ListItem\",\"position\":3,\"name\":\"Chocolate Peanut Butter\"}]},{\"@type\":\"WebSite\",\"@id\":\"https:\/\/www.peanutoem.com\/#website\",\"url\":\"https:\/\/www.peanutoem.com\/\",\"name\":\"Peanut Butter Factory\",\"description\":\"Peanut Butter Manufacturer and Roast Peanut OEM Factory | Peanut Private Label China Supplier\",\"publisher\":{\"@id\":\"https:\/\/www.peanutoem.com\/#organization\"},\"alternateName\":\"Peanut Butter OEM and Wholesale\",\"potentialAction\":[{\"@type\":\"SearchAction\",\"target\":{\"@type\":\"EntryPoint\",\"urlTemplate\":\"https:\/\/www.peanutoem.com\/?s={search_term_string}\"},\"query-input\":{\"@type\":\"PropertyValueSpecification\",\"valueRequired\":true,\"valueName\":\"search_term_string\"}}],\"inLanguage\":\"az\"},{\"@type\":\"Organization\",\"@id\":\"https:\/\/www.peanutoem.com\/#organization\",\"name\":\"Peanut Butter Factory\",\"alternateName\":\"JuFeng Group\",\"url\":\"https:\/\/www.peanutoem.com\/\",\"logo\":{\"@type\":\"ImageObject\",\"inLanguage\":\"az\",\"@id\":\"https:\/\/www.peanutoem.com\/#\/schema\/logo\/image\/\",\"url\":\"https:\/\/www.peanutoem.com\/wp-content\/uploads\/2024\/09\/JUFENG-LOGO.png\",\"contentUrl\":\"https:\/\/www.peanutoem.com\/wp-content\/uploads\/2024\/09\/JUFENG-LOGO.png\",\"width\":600,\"height\":170,\"caption\":\"Peanut Butter Factory\"},\"image\":{\"@id\":\"https:\/\/www.peanutoem.com\/#\/schema\/logo\/image\/\"}}]}<\/script>\n<!-- \/ Yoast SEO plugin. -->","yoast_head_json":{"title":"Chocolate Peanut Butter Manufacturer OEM - China Peanut Butter Factory","description":"Leading chocolate peanut butter OEM private label manufacturer and exporter. Discover premium, customized chocolate peanut butter from us.","robots":{"index":"index","follow":"follow","max-snippet":"max-snippet:-1","max-image-preview":"max-image-preview:large","max-video-preview":"max-video-preview:-1"},"canonical":"https:\/\/www.peanutoem.com\/az\/manufacturer\/chocolate-peanut-butter\/","og_locale":"az_AZ","og_type":"article","og_title":"Chocolate Peanut Butter Manufacturer OEM - China Peanut Butter Factory","og_description":"Leading chocolate peanut butter OEM private label manufacturer and exporter. Discover premium, customized chocolate peanut butter from us.","og_url":"https:\/\/www.peanutoem.com\/az\/manufacturer\/chocolate-peanut-butter\/","og_site_name":"Peanut Butter Factory","article_modified_time":"2024-10-06T09:55:00+00:00","og_image":[{"width":819,"height":975,"url":"https:\/\/www.peanutoem.com\/wp-content\/uploads\/2024\/09\/Peanut-Butter-Chocolate-Flavor.webp","type":"image\/webp"}],"twitter_card":"summary_large_image","twitter_misc":{"Est. reading time":"4 minutes"},"schema":{"@context":"https:\/\/schema.org","@graph":[{"@type":"WebPage","@id":"https:\/\/www.peanutoem.com\/manufacturer\/chocolate-peanut-butter\/","url":"https:\/\/www.peanutoem.com\/manufacturer\/chocolate-peanut-butter\/","name":"Chocolate Peanut Butter Manufacturer OEM - China Peanut Butter Factory","isPartOf":{"@id":"https:\/\/www.peanutoem.com\/#website"},"primaryImageOfPage":{"@id":"https:\/\/www.peanutoem.com\/manufacturer\/chocolate-peanut-butter\/#primaryimage"},"image":{"@id":"https:\/\/www.peanutoem.com\/manufacturer\/chocolate-peanut-butter\/#primaryimage"},"thumbnailUrl":"https:\/\/www.peanutoem.com\/wp-content\/uploads\/2024\/09\/Peanut-Butter-Chocolate-Flavor.webp","datePublished":"2024-09-10T12:30:11+00:00","dateModified":"2024-10-06T09:55:00+00:00","description":"Leading chocolate peanut butter OEM private label manufacturer and exporter. Discover premium, customized chocolate peanut butter from us.","breadcrumb":{"@id":"https:\/\/www.peanutoem.com\/manufacturer\/chocolate-peanut-butter\/#breadcrumb"},"inLanguage":"az","potentialAction":[{"@type":"ReadAction","target":["https:\/\/www.peanutoem.com\/manufacturer\/chocolate-peanut-butter\/"]}]},{"@type":"ImageObject","inLanguage":"az","@id":"https:\/\/www.peanutoem.com\/manufacturer\/chocolate-peanut-butter\/#primaryimage","url":"https:\/\/www.peanutoem.com\/wp-content\/uploads\/2024\/09\/Peanut-Butter-Chocolate-Flavor.webp","contentUrl":"https:\/\/www.peanutoem.com\/wp-content\/uploads\/2024\/09\/Peanut-Butter-Chocolate-Flavor.webp","width":819,"height":975,"caption":"Peanut Butter Chocolate Flavor"},{"@type":"BreadcrumbList","@id":"https:\/\/www.peanutoem.com\/manufacturer\/chocolate-peanut-butter\/#breadcrumb","itemListElement":[{"@type":"ListItem","position":1,"name":"Home","item":"https:\/\/www.peanutoem.com\/"},{"@type":"ListItem","position":2,"name":"Products","item":"https:\/\/www.peanutoem.com\/shop\/"},{"@type":"ListItem","position":3,"name":"Chocolate Peanut Butter"}]},{"@type":"WebSite","@id":"https:\/\/www.peanutoem.com\/#website","url":"https:\/\/www.peanutoem.com\/","name":"Peanut Butter Factory","description":"Peanut Butter Manufacturer and Roast Peanut OEM Factory | Peanut Private Label China Supplier","publisher":{"@id":"https:\/\/www.peanutoem.com\/#organization"},"alternateName":"Peanut Butter OEM and Wholesale","potentialAction":[{"@type":"SearchAction","target":{"@type":"EntryPoint","urlTemplate":"https:\/\/www.peanutoem.com\/?s={search_term_string}"},"query-input":{"@type":"PropertyValueSpecification","valueRequired":true,"valueName":"search_term_string"}}],"inLanguage":"az"},{"@type":"Organization","@id":"https:\/\/www.peanutoem.com\/#organization","name":"Peanut Butter Factory","alternateName":"JuFeng Group","url":"https:\/\/www.peanutoem.com\/","logo":{"@type":"ImageObject","inLanguage":"az","@id":"https:\/\/www.peanutoem.com\/#\/schema\/logo\/image\/","url":"https:\/\/www.peanutoem.com\/wp-content\/uploads\/2024\/09\/JUFENG-LOGO.png","contentUrl":"https:\/\/www.peanutoem.com\/wp-content\/uploads\/2024\/09\/JUFENG-LOGO.png","width":600,"height":170,"caption":"Peanut Butter Factory"},"image":{"@id":"https:\/\/www.peanutoem.com\/#\/schema\/logo\/image\/"}}]}},"_links":{"self":[{"href":"https:\/\/www.peanutoem.com\/az\/wp-json\/wp\/v2\/product\/1638","targetHints":{"allow":["GET"]}}],"collection":[{"href":"https:\/\/www.peanutoem.com\/az\/wp-json\/wp\/v2\/product"}],"about":[{"href":"https:\/\/www.peanutoem.com\/az\/wp-json\/wp\/v2\/types\/product"}],"replies":[{"embeddable":true,"href":"https:\/\/www.peanutoem.com\/az\/wp-json\/wp\/v2\/comments?post=1638"}],"wp:featuredmedia":[{"embeddable":true,"href":"https:\/\/www.peanutoem.com\/az\/wp-json\/wp\/v2\/media\/1671"}],"wp:attachment":[{"href":"https:\/\/www.peanutoem.com\/az\/wp-json\/wp\/v2\/media?parent=1638"}],"wp:term":[{"taxonomy":"product_cat","embeddable":true,"href":"https:\/\/www.peanutoem.com\/az\/wp-json\/wp\/v2\/product_cat?post=1638"},{"taxonomy":"product_tag","embeddable":true,"href":"https:\/\/www.peanutoem.com\/az\/wp-json\/wp\/v2\/product_tag?post=1638"}],"curies":[{"name":"wp","href":"https:\/\/api.w.org\/{rel}","templated":true}]}}