{"id":1397,"date":"2023-06-08T07:51:40","date_gmt":"2023-06-08T07:51:40","guid":{"rendered":"https:\/\/www.peanutoem.com\/?post_type=product&#038;p=1397"},"modified":"2024-09-28T07:06:47","modified_gmt":"2024-09-28T07:06:47","slug":"creamy-peanut-butter","status":"publish","type":"product","link":"https:\/\/www.peanutoem.com\/cs\/manufacturer\/creamy-peanut-butter\/","title":{"rendered":"Kr\u00e9mov\u00e9 ara\u0161\u00eddov\u00e9 m\u00e1slo | Hladk\u00e9 ara\u0161\u00eddov\u00e9 m\u00e1slo"},"content":{"rendered":"<h3>Smetanov\u00fd <a href=\"https:\/\/www.peanutoem.com\/cs\/Wholesale\/peanut-butter\/\" target=\"_blank\" rel=\"noopener\">Ara\u0161\u00eddov\u00e9 m\u00e1slo<\/a> | Hladk\u00e9 ara\u0161\u00eddov\u00e9 m\u00e1slo \u2013 p\u0159edn\u00ed v\u00fdrobce soukrom\u00fdch zna\u010dek OEM<\/h3>\n<p>Jsme hrd\u00ed na to, \u017ee jsme \u0161pi\u010dkov\u00fdm v\u00fdrobcem, v\u00fdvozcem a dodavatelem kr\u00e9mov\u00e9ho ara\u0161\u00eddov\u00e9ho m\u00e1sla a hladk\u00e9ho ara\u0161\u00eddov\u00e9ho m\u00e1sla. Na\u0161e nejmodern\u011bj\u0161\u00ed v\u00fdrobn\u00ed linky a vysok\u00e9 standardy kvality zaji\u0161\u0165uj\u00ed, \u017ee ka\u017ed\u00e1 sklenice ara\u0161\u00eddov\u00e9ho m\u00e1sla spl\u0148uje celosv\u011btov\u00e9 po\u017eadavky na chu\u0165 a konzistenci. Podporov\u00e1no mezin\u00e1rodn\u011b uzn\u00e1van\u00fdmi <a href=\"https:\/\/www.peanutoem.com\/cs\/certificate\/\" target=\"_blank\" rel=\"noopener\">certifikac\u00ed<\/a> jako HACCP, BRCGS, ECOCERT, Halal a Kosher jsou na\u0161e produkty z ara\u0161\u00eddov\u00e9ho m\u00e1sla z\u00e1kladem pro podniky po cel\u00e9m sv\u011bt\u011b.<\/p>\n<p><img loading=\"lazy\" decoding=\"async\" class=\"alignnone wp-image-1620 size-large\" src=\"https:\/\/www.peanutoem.com\/wp-content\/uploads\/2024\/09\/Peanut-Butter-Qualifications-1024x736.webp\" alt=\"Kvalifikace procesoru OEM s ara\u0161\u00eddov\u00fdm m\u00e1slem\" width=\"1020\" height=\"733\" srcset=\"https:\/\/www.peanutoem.com\/wp-content\/uploads\/2024\/09\/Peanut-Butter-Qualifications-1024x736.webp 1024w, https:\/\/www.peanutoem.com\/wp-content\/uploads\/2024\/09\/Peanut-Butter-Qualifications-300x216.webp 300w, https:\/\/www.peanutoem.com\/wp-content\/uploads\/2024\/09\/Peanut-Butter-Qualifications-768x552.webp 768w, https:\/\/www.peanutoem.com\/wp-content\/uploads\/2024\/09\/Peanut-Butter-Qualifications-18x12.webp 18w, https:\/\/www.peanutoem.com\/wp-content\/uploads\/2024\/09\/Peanut-Butter-Qualifications-600x431.webp 600w, https:\/\/www.peanutoem.com\/wp-content\/uploads\/2024\/09\/Peanut-Butter-Qualifications.webp 1341w\" sizes=\"auto, (max-width: 1020px) 100vw, 1020px\" \/><\/p>\n<h3>Co je kr\u00e9mov\u00e9 ara\u0161\u00eddov\u00e9 m\u00e1slo a hladk\u00e9 ara\u0161\u00eddov\u00e9 m\u00e1slo?<\/h3>\n<p>Kr\u00e9mov\u00e9 ara\u0161\u00eddov\u00e9 m\u00e1slo a hladk\u00e9 ara\u0161\u00eddov\u00e9 m\u00e1slo jsou dva z nejobl\u00edben\u011bj\u0161\u00edch druh\u016f ara\u0161\u00eddov\u00fdch pomaz\u00e1nek. Oba jsou vyrobeny z jemn\u011b mlet\u00fdch pra\u017een\u00fdch ara\u0161\u00edd\u016f, co\u017e m\u00e1 za n\u00e1sledek bohatou a hladkou texturu. Kr\u00e9mov\u00e9 ara\u0161\u00eddov\u00e9 m\u00e1slo v\u0161ak nab\u00edz\u00ed o n\u011bco hutn\u011bj\u0161\u00ed texturu ve srovn\u00e1n\u00ed s hladk\u00fdm ara\u0161\u00eddov\u00fdm m\u00e1slem, tak\u017ee je ide\u00e1ln\u00ed pro namaz\u00e1n\u00ed na chleba nebo jako p\u0159\u00edsada p\u0159i pe\u010den\u00ed a va\u0159en\u00ed.<\/p>\n<h3>Na\u0161e kapacita<\/h3>\n<p>Pracujeme s pokro\u010dil\u00fdmi zpracovatelsk\u00fdmi za\u0159\u00edzen\u00edmi schopn\u00fdmi vyrobit 30 000 tun ara\u0161\u00eddov\u00e9ho m\u00e1sla ro\u010dn\u011b. Na\u0161e dob\u0159e vybaven\u00e9 laborato\u0159e prov\u00e1d\u011bj\u00ed p\u0159\u00edsn\u00e9 senzorick\u00e9, fyzik\u00e1ln\u00ed, chemick\u00e9 a mikrobi\u00e1ln\u00ed testy, aby byla zaji\u0161t\u011bna kvalita a bezpe\u010dnost ka\u017ed\u00e9 \u0161ar\u017ee.<\/p>\n<h3>OEM \u0159e\u0161en\u00ed soukrom\u00fdch zna\u010dek pro ara\u0161\u00eddov\u00e9 m\u00e1slo<\/h3>\n<p>Jako d\u016fv\u011bryhodn\u00fd v\u00fdrobce OEM a dodavatel soukrom\u00fdch zna\u010dek nab\u00edz\u00edme p\u0159izp\u016fsoben\u00e1 \u0159e\u0161en\u00ed, kter\u00e1 odpov\u00eddaj\u00ed pot\u0159eb\u00e1m va\u0161\u00ed zna\u010dky. A\u0165 u\u017e chcete dodat vlastn\u00ed etiketu kr\u00e9mov\u00e9ho ara\u0161\u00eddov\u00e9ho m\u00e1sla nebo hladk\u00e9ho ara\u0161\u00eddov\u00e9ho m\u00e1sla, nab\u00edz\u00edme flexibiln\u00ed mo\u017enosti balen\u00ed a velikosti produktu. N\u00e1\u0161 t\u00fdm zaji\u0161\u0165uje, \u017ee va\u0161e produkty jsou vyr\u00e1b\u011bny s p\u00e9\u010d\u00ed a podle nejvy\u0161\u0161\u00edch pr\u016fmyslov\u00fdch standard\u016f.<\/p>\n<h3>Glob\u00e1ln\u00ed export\u00e9r a dodavatel<\/h3>\n<p>S celosv\u011btovou p\u016fsobnost\u00ed slou\u017e\u00edme jako spolehliv\u00fd v\u00fdvozce a dodavatel ara\u0161\u00eddov\u00e9ho m\u00e1sla a dod\u00e1v\u00e1me na\u0161e produkty v\u00fdznamn\u00fdm maloobchodn\u00edm prodejc\u016fm potravin, fran\u0161\u00edz\u00e1m a distributor\u016fm po cel\u00e9m sv\u011bt\u011b. Na\u0161e rozs\u00e1hl\u00e1 distribu\u010dn\u00ed s\u00ed\u0165 a efektivn\u00ed logistika zaji\u0161\u0165uj\u00ed v\u010dasn\u00e9 dod\u00e1n\u00ed bez ohledu na to, kde se va\u0161e firma nach\u00e1z\u00ed.<\/p>\n<h3>Pro\u010d si vybrat n\u00e1s?<\/h3>\n<ul>\n<li><strong>Vysok\u00e1 v\u00fdrobn\u00ed kapacita<\/strong>: 30 000 tun ro\u010dn\u011b<\/li>\n<li><strong>Komplexn\u00ed certifikace<\/strong>: HACCP, BRCGS, Halal, Kosher, EU Organic<\/li>\n<li><strong>Odborn\u00edci na OEM a soukrom\u00e9 zna\u010dky<\/strong>: \u0158e\u0161en\u00ed na m\u00edru pro va\u0161i zna\u010dku<\/li>\n<li><strong>Glob\u00e1ln\u00ed dodavatel a export\u00e9r<\/strong>: Poskytujeme klient\u016fm po cel\u00e9m sv\u011bt\u011b pr\u00e9miov\u00e9 ara\u0161\u00eddov\u00e9 produkty<\/li>\n<\/ul>\n<p>Zavazujeme se dod\u00e1vat ty nejlep\u0161\u00ed produkty z ara\u0161\u00eddov\u00e9ho m\u00e1sla, kter\u00e9 spl\u0148uj\u00ed vyv\u00edjej\u00edc\u00ed se po\u017eadavky glob\u00e1ln\u00edho trhu. A\u0165 u\u017e pot\u0159ebujete mal\u00e9 maloobchodn\u00ed balen\u00ed nebo velk\u00e9 hromadn\u00e9 mno\u017estv\u00ed, dod\u00e1v\u00e1me s dokonalost\u00ed.<\/p>\n<a href=\"mailto:globepeanut@gmail.com\" class=\"button primary is-primary is-medium\"  >\n    <span>Napi\u0161te n\u00e1m<\/span>\n  <\/a>","protected":false},"excerpt":{"rendered":"<table style=\"height: 282px;\" width=\"564\">\n<tbody>\n<tr>\n<td width=\"113\"><strong>N\u00e1zev produktu<\/strong><\/td>\n<td width=\"402\">Kr\u00e9mov\u00e9 ara\u0161\u00eddov\u00e9 m\u00e1slo | Hladk\u00e9 ara\u0161\u00eddov\u00e9 m\u00e1slo<\/td>\n<\/tr>\n<tr>\n<td width=\"113\"><strong>Ingredience<\/strong><\/td>\n<td width=\"402\">Vybran\u00e1 j\u00e1dra ara\u0161\u00edd\u016f, b\u00edl\u00fd cukr, hydrogenovan\u00fd rostlinn\u00fd olej, s\u016fl<\/td>\n<\/tr>\n<tr>\n<td width=\"113\"><strong>Specifikace<\/strong><\/td>\n<td width=\"402\">200gx36, 227gx24, 340gx12, 375gx12, 500gx12, 510gx12, 1kgx12, 10kgx1, 20kgx1, 220kgx1<\/td>\n<\/tr>\n<tr>\n<td width=\"113\"><strong>Bal\u00edc\u00ed formul\u00e1\u0159<\/strong><\/td>\n<td width=\"402\">Sklenice, v\u011bdro, balen\u00ed doy, ta\u0161ka, karton, plechovka, sud, plechovka, l\u00e1hev atd<\/td>\n<\/tr>\n<tr>\n<td width=\"113\"><strong>Dodac\u00ed lh\u016fta<\/strong><\/td>\n<td width=\"402\">7~20 dn\u00ed po objedn\u00e1vce<\/td>\n<\/tr>\n<tr>\n<td width=\"113\"><strong>MOQ<\/strong><\/td>\n<td width=\"402\">Jedna tuna<\/td>\n<\/tr>\n<tr>\n<td width=\"113\"><strong>Ochutnat<\/strong><\/td>\n<td width=\"402\">Vzorek zdarma k dispozici<\/td>\n<\/tr>\n<tr>\n<td width=\"113\"><strong>OEM<\/strong><\/td>\n<td width=\"402\">\u0160t\u00edtek kupuj\u00edc\u00edho p\u0159ijat<\/td>\n<\/tr>\n<\/tbody>\n<\/table>\n<p>&nbsp;<\/p>","protected":false},"featured_media":1641,"comment_status":"open","ping_status":"closed","template":"","meta":[],"product_cat":[15],"product_tag":[],"class_list":{"0":"post-1397","1":"product","2":"type-product","3":"status-publish","4":"has-post-thumbnail","6":"product_cat-peanut-butter","8":"first","9":"instock","10":"featured","11":"shipping-taxable","12":"product-type-simple"},"yoast_head":"<!-- This site is optimized with the Yoast SEO plugin v24.9 - https:\/\/yoast.com\/wordpress\/plugins\/seo\/ -->\n<title>Creamy Peanut Butter Manufacturer- Smooth Peanut Butter OEM - Peanut Butter Factory<\/title>\n<meta name=\"description\" content=\"As a leading OEM private label manufacturer, we offer premium creamy and smooth peanut butter with flexible packaging, certified to global standards.\" \/>\n<meta name=\"robots\" content=\"index, follow, max-snippet:-1, max-image-preview:large, max-video-preview:-1\" \/>\n<link rel=\"canonical\" href=\"https:\/\/www.peanutoem.com\/cs\/manufacturer\/creamy-peanut-butter\/\" \/>\n<meta property=\"og:locale\" content=\"cs_CZ\" \/>\n<meta property=\"og:type\" content=\"article\" \/>\n<meta property=\"og:title\" content=\"Creamy Peanut Butter Manufacturer- Smooth Peanut Butter OEM - Peanut Butter Factory\" \/>\n<meta property=\"og:description\" content=\"As a leading OEM private label manufacturer, we offer premium creamy and smooth peanut butter with flexible packaging, certified to global standards.\" \/>\n<meta property=\"og:url\" content=\"https:\/\/www.peanutoem.com\/cs\/manufacturer\/creamy-peanut-butter\/\" \/>\n<meta property=\"og:site_name\" content=\"Peanut Butter Factory\" \/>\n<meta property=\"article:modified_time\" content=\"2024-09-28T07:06:47+00:00\" \/>\n<meta property=\"og:image\" content=\"https:\/\/www.peanutoem.com\/wp-content\/uploads\/2023\/06\/Creamy-Peanut-Butter-in-jar.webp\" \/>\n\t<meta property=\"og:image:width\" content=\"1000\" \/>\n\t<meta property=\"og:image:height\" content=\"1000\" \/>\n\t<meta property=\"og:image:type\" content=\"image\/webp\" \/>\n<meta name=\"twitter:card\" content=\"summary_large_image\" \/>\n<meta name=\"twitter:label1\" content=\"Odhadovan\u00e1 doba \u010dten\u00ed\" \/>\n\t<meta name=\"twitter:data1\" content=\"3 minuty\" \/>\n<script type=\"application\/ld+json\" class=\"yoast-schema-graph\">{\"@context\":\"https:\/\/schema.org\",\"@graph\":[{\"@type\":\"WebPage\",\"@id\":\"https:\/\/www.peanutoem.com\/manufacturer\/creamy-peanut-butter\/\",\"url\":\"https:\/\/www.peanutoem.com\/manufacturer\/creamy-peanut-butter\/\",\"name\":\"Creamy Peanut Butter Manufacturer- Smooth Peanut Butter OEM - Peanut Butter Factory\",\"isPartOf\":{\"@id\":\"https:\/\/www.peanutoem.com\/#website\"},\"primaryImageOfPage\":{\"@id\":\"https:\/\/www.peanutoem.com\/manufacturer\/creamy-peanut-butter\/#primaryimage\"},\"image\":{\"@id\":\"https:\/\/www.peanutoem.com\/manufacturer\/creamy-peanut-butter\/#primaryimage\"},\"thumbnailUrl\":\"https:\/\/www.peanutoem.com\/wp-content\/uploads\/2023\/06\/Creamy-Peanut-Butter-in-jar.webp\",\"datePublished\":\"2023-06-08T07:51:40+00:00\",\"dateModified\":\"2024-09-28T07:06:47+00:00\",\"description\":\"As a leading OEM private label manufacturer, we offer premium creamy and smooth peanut butter with flexible packaging, certified to global standards.\",\"breadcrumb\":{\"@id\":\"https:\/\/www.peanutoem.com\/manufacturer\/creamy-peanut-butter\/#breadcrumb\"},\"inLanguage\":\"cs\",\"potentialAction\":[{\"@type\":\"ReadAction\",\"target\":[\"https:\/\/www.peanutoem.com\/manufacturer\/creamy-peanut-butter\/\"]}]},{\"@type\":\"ImageObject\",\"inLanguage\":\"cs\",\"@id\":\"https:\/\/www.peanutoem.com\/manufacturer\/creamy-peanut-butter\/#primaryimage\",\"url\":\"https:\/\/www.peanutoem.com\/wp-content\/uploads\/2023\/06\/Creamy-Peanut-Butter-in-jar.webp\",\"contentUrl\":\"https:\/\/www.peanutoem.com\/wp-content\/uploads\/2023\/06\/Creamy-Peanut-Butter-in-jar.webp\",\"width\":1000,\"height\":1000,\"caption\":\"Creamy Peanut Butter in jar\"},{\"@type\":\"BreadcrumbList\",\"@id\":\"https:\/\/www.peanutoem.com\/manufacturer\/creamy-peanut-butter\/#breadcrumb\",\"itemListElement\":[{\"@type\":\"ListItem\",\"position\":1,\"name\":\"Home\",\"item\":\"https:\/\/www.peanutoem.com\/\"},{\"@type\":\"ListItem\",\"position\":2,\"name\":\"Products\",\"item\":\"https:\/\/www.peanutoem.com\/shop\/\"},{\"@type\":\"ListItem\",\"position\":3,\"name\":\"Creamy Peanut Butter | Smooth Peanut Butter\"}]},{\"@type\":\"WebSite\",\"@id\":\"https:\/\/www.peanutoem.com\/#website\",\"url\":\"https:\/\/www.peanutoem.com\/\",\"name\":\"Peanut Butter Factory\",\"description\":\"Peanut Butter Manufacturer and Roast Peanut OEM Factory | Peanut Private Label China Supplier\",\"publisher\":{\"@id\":\"https:\/\/www.peanutoem.com\/#organization\"},\"alternateName\":\"Peanut Butter OEM and Wholesale\",\"potentialAction\":[{\"@type\":\"SearchAction\",\"target\":{\"@type\":\"EntryPoint\",\"urlTemplate\":\"https:\/\/www.peanutoem.com\/?s={search_term_string}\"},\"query-input\":{\"@type\":\"PropertyValueSpecification\",\"valueRequired\":true,\"valueName\":\"search_term_string\"}}],\"inLanguage\":\"cs\"},{\"@type\":\"Organization\",\"@id\":\"https:\/\/www.peanutoem.com\/#organization\",\"name\":\"Peanut Butter Factory\",\"alternateName\":\"JuFeng Group\",\"url\":\"https:\/\/www.peanutoem.com\/\",\"logo\":{\"@type\":\"ImageObject\",\"inLanguage\":\"cs\",\"@id\":\"https:\/\/www.peanutoem.com\/#\/schema\/logo\/image\/\",\"url\":\"https:\/\/www.peanutoem.com\/wp-content\/uploads\/2024\/09\/JUFENG-LOGO.png\",\"contentUrl\":\"https:\/\/www.peanutoem.com\/wp-content\/uploads\/2024\/09\/JUFENG-LOGO.png\",\"width\":600,\"height\":170,\"caption\":\"Peanut Butter Factory\"},\"image\":{\"@id\":\"https:\/\/www.peanutoem.com\/#\/schema\/logo\/image\/\"}}]}<\/script>\n<!-- \/ Yoast SEO plugin. -->","yoast_head_json":{"title":"Creamy Peanut Butter Manufacturer- Smooth Peanut Butter OEM - Peanut Butter Factory","description":"As a leading OEM private label manufacturer, we offer premium creamy and smooth peanut butter with flexible packaging, certified to global standards.","robots":{"index":"index","follow":"follow","max-snippet":"max-snippet:-1","max-image-preview":"max-image-preview:large","max-video-preview":"max-video-preview:-1"},"canonical":"https:\/\/www.peanutoem.com\/cs\/manufacturer\/creamy-peanut-butter\/","og_locale":"cs_CZ","og_type":"article","og_title":"Creamy Peanut Butter Manufacturer- Smooth Peanut Butter OEM - Peanut Butter Factory","og_description":"As a leading OEM private label manufacturer, we offer premium creamy and smooth peanut butter with flexible packaging, certified to global standards.","og_url":"https:\/\/www.peanutoem.com\/cs\/manufacturer\/creamy-peanut-butter\/","og_site_name":"Peanut Butter Factory","article_modified_time":"2024-09-28T07:06:47+00:00","og_image":[{"width":1000,"height":1000,"url":"https:\/\/www.peanutoem.com\/wp-content\/uploads\/2023\/06\/Creamy-Peanut-Butter-in-jar.webp","type":"image\/webp"}],"twitter_card":"summary_large_image","twitter_misc":{"Odhadovan\u00e1 doba \u010dten\u00ed":"3 minuty"},"schema":{"@context":"https:\/\/schema.org","@graph":[{"@type":"WebPage","@id":"https:\/\/www.peanutoem.com\/manufacturer\/creamy-peanut-butter\/","url":"https:\/\/www.peanutoem.com\/manufacturer\/creamy-peanut-butter\/","name":"Creamy Peanut Butter Manufacturer- Smooth Peanut Butter OEM - Peanut Butter Factory","isPartOf":{"@id":"https:\/\/www.peanutoem.com\/#website"},"primaryImageOfPage":{"@id":"https:\/\/www.peanutoem.com\/manufacturer\/creamy-peanut-butter\/#primaryimage"},"image":{"@id":"https:\/\/www.peanutoem.com\/manufacturer\/creamy-peanut-butter\/#primaryimage"},"thumbnailUrl":"https:\/\/www.peanutoem.com\/wp-content\/uploads\/2023\/06\/Creamy-Peanut-Butter-in-jar.webp","datePublished":"2023-06-08T07:51:40+00:00","dateModified":"2024-09-28T07:06:47+00:00","description":"As a leading OEM private label manufacturer, we offer premium creamy and smooth peanut butter with flexible packaging, certified to global standards.","breadcrumb":{"@id":"https:\/\/www.peanutoem.com\/manufacturer\/creamy-peanut-butter\/#breadcrumb"},"inLanguage":"cs","potentialAction":[{"@type":"ReadAction","target":["https:\/\/www.peanutoem.com\/manufacturer\/creamy-peanut-butter\/"]}]},{"@type":"ImageObject","inLanguage":"cs","@id":"https:\/\/www.peanutoem.com\/manufacturer\/creamy-peanut-butter\/#primaryimage","url":"https:\/\/www.peanutoem.com\/wp-content\/uploads\/2023\/06\/Creamy-Peanut-Butter-in-jar.webp","contentUrl":"https:\/\/www.peanutoem.com\/wp-content\/uploads\/2023\/06\/Creamy-Peanut-Butter-in-jar.webp","width":1000,"height":1000,"caption":"Creamy Peanut Butter in jar"},{"@type":"BreadcrumbList","@id":"https:\/\/www.peanutoem.com\/manufacturer\/creamy-peanut-butter\/#breadcrumb","itemListElement":[{"@type":"ListItem","position":1,"name":"Home","item":"https:\/\/www.peanutoem.com\/"},{"@type":"ListItem","position":2,"name":"Products","item":"https:\/\/www.peanutoem.com\/shop\/"},{"@type":"ListItem","position":3,"name":"Creamy Peanut Butter | Smooth Peanut Butter"}]},{"@type":"WebSite","@id":"https:\/\/www.peanutoem.com\/#website","url":"https:\/\/www.peanutoem.com\/","name":"Peanut Butter Factory","description":"Peanut Butter Manufacturer and Roast Peanut OEM Factory | Peanut Private Label China Supplier","publisher":{"@id":"https:\/\/www.peanutoem.com\/#organization"},"alternateName":"Peanut Butter OEM and Wholesale","potentialAction":[{"@type":"SearchAction","target":{"@type":"EntryPoint","urlTemplate":"https:\/\/www.peanutoem.com\/?s={search_term_string}"},"query-input":{"@type":"PropertyValueSpecification","valueRequired":true,"valueName":"search_term_string"}}],"inLanguage":"cs"},{"@type":"Organization","@id":"https:\/\/www.peanutoem.com\/#organization","name":"Peanut Butter Factory","alternateName":"JuFeng Group","url":"https:\/\/www.peanutoem.com\/","logo":{"@type":"ImageObject","inLanguage":"cs","@id":"https:\/\/www.peanutoem.com\/#\/schema\/logo\/image\/","url":"https:\/\/www.peanutoem.com\/wp-content\/uploads\/2024\/09\/JUFENG-LOGO.png","contentUrl":"https:\/\/www.peanutoem.com\/wp-content\/uploads\/2024\/09\/JUFENG-LOGO.png","width":600,"height":170,"caption":"Peanut Butter Factory"},"image":{"@id":"https:\/\/www.peanutoem.com\/#\/schema\/logo\/image\/"}}]}},"_links":{"self":[{"href":"https:\/\/www.peanutoem.com\/cs\/wp-json\/wp\/v2\/product\/1397","targetHints":{"allow":["GET"]}}],"collection":[{"href":"https:\/\/www.peanutoem.com\/cs\/wp-json\/wp\/v2\/product"}],"about":[{"href":"https:\/\/www.peanutoem.com\/cs\/wp-json\/wp\/v2\/types\/product"}],"replies":[{"embeddable":true,"href":"https:\/\/www.peanutoem.com\/cs\/wp-json\/wp\/v2\/comments?post=1397"}],"wp:featuredmedia":[{"embeddable":true,"href":"https:\/\/www.peanutoem.com\/cs\/wp-json\/wp\/v2\/media\/1641"}],"wp:attachment":[{"href":"https:\/\/www.peanutoem.com\/cs\/wp-json\/wp\/v2\/media?parent=1397"}],"wp:term":[{"taxonomy":"product_cat","embeddable":true,"href":"https:\/\/www.peanutoem.com\/cs\/wp-json\/wp\/v2\/product_cat?post=1397"},{"taxonomy":"product_tag","embeddable":true,"href":"https:\/\/www.peanutoem.com\/cs\/wp-json\/wp\/v2\/product_tag?post=1397"}],"curies":[{"name":"wp","href":"https:\/\/api.w.org\/{rel}","templated":true}]}}