{"id":1402,"date":"2023-06-08T08:15:42","date_gmt":"2023-06-08T08:15:42","guid":{"rendered":"https:\/\/www.peanutoem.com\/?post_type=product&#038;p=1402"},"modified":"2024-09-28T06:53:33","modified_gmt":"2024-09-28T06:53:33","slug":"crunchy-peanut-butter","status":"publish","type":"product","link":"https:\/\/www.peanutoem.com\/cs\/manufacturer\/crunchy-peanut-butter\/","title":{"rendered":"K\u0159upav\u00e9 ara\u0161\u00eddov\u00e9 m\u00e1slo | Vlastn\u00ed k\u0159upav\u00e9 ara\u0161\u00eddov\u00e9 m\u00e1slo"},"content":{"rendered":"<h3>K\u0159upav\u00fd <a href=\"https:\/\/www.peanutoem.com\/cs\/Wholesale\/peanut-butter\/\" target=\"_blank\" rel=\"noopener\">Ara\u0161\u00eddov\u00e9 m\u00e1slo<\/a> \u2013 Pr\u00e9miov\u00fd v\u00fdrobce soukrom\u00fdch zna\u010dek OEM<\/h3>\n<p>Jsme hrd\u00ed na to, \u017ee jsme p\u0159edn\u00edm v\u00fdrobcem soukrom\u00fdch zna\u010dek OEM, v\u00fdvozcem a dodavatelem vysoce kvalitn\u00edho k\u0159upav\u00e9ho ara\u0161\u00eddov\u00e9ho m\u00e1sla, kter\u00e9 nab\u00edz\u00ed uspokojivou texturu, ide\u00e1ln\u00ed pro maloobchodn\u00ed i pr\u016fmyslov\u00e9 pou\u017eit\u00ed. Na\u0161e v\u00fdrobn\u00ed mo\u017enosti v kombinaci s p\u0159izp\u016fsobiteln\u00fdmi mo\u017enostmi n\u00e1m umo\u017e\u0148uj\u00ed uspokojit jedine\u010dn\u00e9 pot\u0159eby zna\u010dek po cel\u00e9m sv\u011bt\u011b.<\/p>\n<h3>Pokro\u010dil\u00e1 v\u00fdroba &amp; <a href=\"https:\/\/www.peanutoem.com\/cs\/certificate\/\" target=\"_blank\" rel=\"noopener\">Certifikace<\/a><\/h3>\n<p>Na\u0161e modern\u00ed za\u0159\u00edzen\u00ed jsou vybavena tak, aby zvl\u00e1dla velkos\u00e9riovou v\u00fdrobu p\u0159i zachov\u00e1n\u00ed p\u0159\u00edsn\u00e9 kontroly kvality. D\u00edky certifikac\u00edm, jako jsou HACCP, BRCGS, Halal, Kosher a EU Organic, zaji\u0161\u0165ujeme, \u017ee na\u0161e k\u0159upav\u00e9 ara\u0161\u00eddov\u00e9 m\u00e1slo odpov\u00edd\u00e1 nejvy\u0161\u0161\u00edm sv\u011btov\u00fdm standard\u016fm. D\u00edky tomu jsme preferovan\u00fdm partnerem pro podniky, kter\u00e9 hledaj\u00ed spolehliv\u00e1 \u0159e\u0161en\u00ed OEM a priv\u00e1tn\u00edch zna\u010dek.<\/p>\n<h3>Co je k\u0159upav\u00e9 ara\u0161\u00eddov\u00e9 m\u00e1slo?<\/h3>\n<p>Crunchy ara\u0161\u00eddov\u00e9 m\u00e1slo obsahuje mal\u00e9 ara\u0161\u00eddov\u00e9 granule, kter\u00e9 poskytuj\u00ed texturovan\u00e9 kousnut\u00ed a bohatou ara\u0161\u00eddovou chu\u0165. Tato odr\u016fda je ide\u00e1ln\u00ed pro spot\u0159ebitele, kte\u0159\u00ed maj\u00ed v\u011bt\u0161\u00ed z\u00e1\u017eitek z ara\u0161\u00eddov\u00e9ho m\u00e1sla ve srovn\u00e1n\u00ed s hladk\u00fdmi nebo kr\u00e9mov\u00fdmi variantami. Na\u0161e ara\u0161\u00eddov\u00e9 m\u00e1slo ve form\u011b granul\u00ed je vyrobeno z t\u011bch nejjemn\u011bj\u0161\u00edch ara\u0161\u00edd\u016f, co\u017e zaji\u0161\u0165uje konzistenci v ka\u017ed\u00e9 sklenici.<\/p>\n<p>K\u0159upav\u00e9 ara\u0161\u00eddov\u00e9 m\u00e1slo m\u016f\u017ee b\u00fdt tak\u00e9 ozna\u010dov\u00e1no n\u011bkolika dal\u0161\u00edmi n\u00e1zvy v z\u00e1vislosti na regionu nebo marketingov\u00fdch preferenc\u00edch. N\u011bkter\u00e9 alternativn\u00ed n\u00e1zvy zahrnuj\u00ed:<\/p>\n<ol>\n<li><strong>Masivn\u00ed ara\u0161\u00eddov\u00e9 m\u00e1slo<\/strong> \u2013 Toto je b\u011b\u017en\u00fd term\u00edn, zejm\u00e9na v USA, odkazuj\u00edc\u00ed na stejnou texturovanou odr\u016fdu.<\/li>\n<li><strong>Ara\u0161\u00eddov\u00e9 m\u00e1slo typu granule<\/strong> \u2013 Popisuje jeho granulovanou strukturu, \u010dasto pou\u017e\u00edvanou v techni\u010dt\u011bj\u0161\u00edm nebo pr\u016fmyslov\u00e9m kontextu.<\/li>\n<li><strong>Texturovan\u00e9 ara\u0161\u00eddov\u00e9 m\u00e1slo<\/strong> \u2013 Zv\u00fdrazn\u011bn\u00ed textury kousk\u016f ara\u0161\u00edd\u016f.<\/li>\n<li><strong>O\u0159\u00ed\u0161kov\u00e9 ara\u0161\u00eddov\u00e9 m\u00e1slo<\/strong> \u2013 N\u011bkdy se pou\u017e\u00edv\u00e1 ke zd\u016frazn\u011bn\u00ed kousk\u016f ara\u0161\u00edd\u016f v pomaz\u00e1nce.<\/li>\n<\/ol>\n<p>Tyto n\u00e1zvy jsou \u010dasto zam\u011bniteln\u00e9 a vyjad\u0159uj\u00ed my\u0161lenku, \u017ee ara\u0161\u00eddov\u00e9 m\u00e1slo obsahuje mal\u00e9 kousky nebo granule ara\u0161\u00edd\u016f.<\/p>\n<h3>P\u0159izp\u016fsoben\u00e1 \u0159e\u0161en\u00ed priv\u00e1tn\u00edch zna\u010dek pro k\u0159upav\u00e9 ara\u0161\u00eddov\u00e9 m\u00e1slo<\/h3>\n<p>Jako p\u0159edn\u00ed v\u00fdrobce OEM nab\u00edz\u00edme slu\u017eby soukrom\u00fdch zna\u010dek na m\u00edru pro k\u0159upav\u00e9 ara\u0161\u00eddov\u00e9 m\u00e1slo. A\u0165 u\u017e pot\u0159ebujete jedine\u010dn\u00e9 balen\u00ed nebo konkr\u00e9tn\u00ed velikosti, nab\u00edz\u00edme flexibiln\u00ed mo\u017enosti, kter\u00e9 vyhovuj\u00ed pot\u0159eb\u00e1m va\u0161\u00ed zna\u010dky. N\u00e1\u0161 t\u00fdm s v\u00e1mi \u00fazce spolupracuje na v\u00fdvoji produktu, kter\u00fd bude v souladu s identitou va\u0161\u00ed zna\u010dky a po\u017eadavky trhu.<\/p>\n<h3>Glob\u00e1ln\u00ed v\u00fdvozce a dodavatel ara\u0161\u00eddov\u00e9ho m\u00e1sla typu granule<\/h3>\n<p>D\u00edky \u0161irok\u00e9 exportn\u00ed s\u00edti slou\u017e\u00edme klient\u016fm po cel\u00e9m sv\u011bt\u011b, d\u00edky \u010demu\u017e jsme d\u016fv\u011bryhodn\u00fdm v\u00fdvozcem a dodavatelem ara\u0161\u00eddov\u00e9ho m\u00e1sla granulovan\u00e9ho typu. Na\u0161e efektivn\u00ed logistika zaji\u0161\u0165uje v\u010dasn\u00e9 dod\u00e1n\u00ed, a\u0165 u\u017e pot\u0159ebujete mal\u00e9 d\u00e1vky nebo hromadn\u00e9 objedn\u00e1vky. Ch\u00e1peme d\u016fle\u017eitost konzistence a spolehlivosti na mezin\u00e1rodn\u00edch trz\u00edch.<\/p>\n<h3>Pro\u010d si vybrat n\u00e1s?<\/h3>\n<ul>\n<li><strong>Rozs\u00e1hl\u00e1 v\u00fdrobn\u00ed kapacita<\/strong>: Velkos\u00e9riov\u00e1 v\u00fdroba na m\u00edru va\u0161\u00ed zna\u010dce<\/li>\n<li><strong>Glob\u00e1ln\u00ed <a href=\"https:\/\/www.peanutoem.com\/cs\/certificate\/\" target=\"_blank\" rel=\"noopener\">Certifikace<\/a><\/strong>: V\u010detn\u011b HACCP, BRCGS, Halal, Kosher a dal\u0161\u00edch<\/li>\n<li><strong>Flexibiln\u00ed mo\u017enosti OEM a soukrom\u00fdch zna\u010dek<\/strong>: P\u0159izp\u016fsobiteln\u00e9 va\u0161im specifikac\u00edm<\/li>\n<li><strong>D\u016fv\u011bryhodn\u00fd export\u00e9r a dodavatel<\/strong>: Obsluhuje trhy po cel\u00e9m sv\u011bt\u011b se st\u00e1lou kvalitou<\/li>\n<\/ul>\n<p>Jsme p\u0159ipraveni poskytnout to nejlep\u0161\u00ed z k\u0159upav\u00e9ho ara\u0161\u00eddov\u00e9ho m\u00e1sla prost\u0159ednictv\u00edm na\u0161ich flexibiln\u00edch \u0159e\u0161en\u00ed OEM a priv\u00e1tn\u00edch zna\u010dek. Dovolte n\u00e1m, abychom v\u00e1m pomohli p\u0159in\u00e9st pr\u00e9miov\u00e9 ara\u0161\u00eddov\u00e9 m\u00e1slo typu granul\u00ed va\u0161im z\u00e1kazn\u00edk\u016fm se zam\u011b\u0159en\u00edm na kvalitu a p\u0159izp\u016fsoben\u00ed.<\/p>\n<a href=\"mailto:globepeanut@gmail.com\" class=\"button primary is-primary is-medium\"  >\n    <span>Napi\u0161te n\u00e1m<\/span>\n  <\/a>","protected":false},"excerpt":{"rendered":"<table width=\"564\">\n<tbody>\n<tr>\n<td width=\"113\"><strong>N\u00e1zev produktu<\/strong><\/td>\n<td width=\"402\">K\u0159upav\u00e9 ara\u0161\u00eddov\u00e9 m\u00e1slo<\/td>\n<\/tr>\n<tr>\n<td width=\"113\"><strong>Ingredience<\/strong><\/td>\n<td width=\"402\">Vybran\u00e1 j\u00e1dra ara\u0161\u00edd\u016f, b\u00edl\u00fd cukr, hydrogenovan\u00fd rostlinn\u00fd olej, s\u016fl<\/td>\n<\/tr>\n<tr>\n<td width=\"113\"><strong>Specifikace<\/strong><\/td>\n<td width=\"402\">200gx36, 227gx24, 340gx12, 375gx12, 500gx12, 510gx12, 1kgx12, 10kgx1, 20kgx1, 220kgx1<\/td>\n<\/tr>\n<tr>\n<td width=\"113\"><strong>Bal\u00edc\u00ed formul\u00e1\u0159<\/strong><\/td>\n<td width=\"402\">Sklenice, v\u011bdro, balen\u00ed doy, ta\u0161ka, karton, plechovka, sud, plechovka, l\u00e1hev atd<\/td>\n<\/tr>\n<tr>\n<td width=\"113\"><strong>Dodac\u00ed lh\u016fta<\/strong><\/td>\n<td width=\"402\">7~20 dn\u00ed po objedn\u00e1vce<\/td>\n<\/tr>\n<tr>\n<td width=\"113\"><strong>MOQ<\/strong><\/td>\n<td width=\"402\">Jedna tuna<\/td>\n<\/tr>\n<tr>\n<td width=\"113\"><strong>Ochutnat<\/strong><\/td>\n<td width=\"402\">Vzorek zdarma k dispozici<\/td>\n<\/tr>\n<tr>\n<td width=\"113\"><strong>OEM<\/strong><\/td>\n<td width=\"402\">\u0160t\u00edtek kupuj\u00edc\u00edho p\u0159ijat<\/td>\n<\/tr>\n<\/tbody>\n<\/table>","protected":false},"featured_media":1652,"comment_status":"open","ping_status":"closed","template":"","meta":[],"product_cat":[15],"product_tag":[],"class_list":{"0":"post-1402","1":"product","2":"type-product","3":"status-publish","4":"has-post-thumbnail","6":"product_cat-peanut-butter","8":"first","9":"instock","10":"featured","11":"shipping-taxable","12":"product-type-simple"},"yoast_head":"<!-- This site is optimized with the Yoast SEO plugin v24.9 - https:\/\/yoast.com\/wordpress\/plugins\/seo\/ -->\n<title>Crunchy Peanut Butter | Custom Crunchy Peanut Butter OEM - Peanut Butter Factory<\/title>\n<meta name=\"description\" content=\"As a leading private label manufacturer, Our crunchy peanut butter is made with delightful granule texture and customizable packaging.\" \/>\n<meta name=\"robots\" content=\"index, follow, max-snippet:-1, max-image-preview:large, max-video-preview:-1\" \/>\n<link rel=\"canonical\" href=\"https:\/\/www.peanutoem.com\/cs\/manufacturer\/crunchy-peanut-butter\/\" \/>\n<meta property=\"og:locale\" content=\"cs_CZ\" \/>\n<meta property=\"og:type\" content=\"article\" \/>\n<meta property=\"og:title\" content=\"Crunchy Peanut Butter | Custom Crunchy Peanut Butter OEM - Peanut Butter Factory\" \/>\n<meta property=\"og:description\" content=\"As a leading private label manufacturer, Our crunchy peanut butter is made with delightful granule texture and customizable packaging.\" \/>\n<meta property=\"og:url\" content=\"https:\/\/www.peanutoem.com\/cs\/manufacturer\/crunchy-peanut-butter\/\" \/>\n<meta property=\"og:site_name\" content=\"Peanut Butter Factory\" \/>\n<meta property=\"article:modified_time\" content=\"2024-09-28T06:53:33+00:00\" \/>\n<meta property=\"og:image\" content=\"https:\/\/www.peanutoem.com\/wp-content\/uploads\/2023\/06\/Crunchy-Type-Peanut-Butter-340g.webp\" \/>\n\t<meta property=\"og:image:width\" content=\"1000\" \/>\n\t<meta property=\"og:image:height\" content=\"1000\" \/>\n\t<meta property=\"og:image:type\" content=\"image\/webp\" \/>\n<meta name=\"twitter:card\" content=\"summary_large_image\" \/>\n<meta name=\"twitter:label1\" content=\"Odhadovan\u00e1 doba \u010dten\u00ed\" \/>\n\t<meta name=\"twitter:data1\" content=\"3 minuty\" \/>\n<script type=\"application\/ld+json\" class=\"yoast-schema-graph\">{\"@context\":\"https:\/\/schema.org\",\"@graph\":[{\"@type\":\"WebPage\",\"@id\":\"https:\/\/www.peanutoem.com\/manufacturer\/crunchy-peanut-butter\/\",\"url\":\"https:\/\/www.peanutoem.com\/manufacturer\/crunchy-peanut-butter\/\",\"name\":\"Crunchy Peanut Butter | Custom Crunchy Peanut Butter OEM - Peanut Butter Factory\",\"isPartOf\":{\"@id\":\"https:\/\/www.peanutoem.com\/#website\"},\"primaryImageOfPage\":{\"@id\":\"https:\/\/www.peanutoem.com\/manufacturer\/crunchy-peanut-butter\/#primaryimage\"},\"image\":{\"@id\":\"https:\/\/www.peanutoem.com\/manufacturer\/crunchy-peanut-butter\/#primaryimage\"},\"thumbnailUrl\":\"https:\/\/www.peanutoem.com\/wp-content\/uploads\/2023\/06\/Crunchy-Type-Peanut-Butter-340g.webp\",\"datePublished\":\"2023-06-08T08:15:42+00:00\",\"dateModified\":\"2024-09-28T06:53:33+00:00\",\"description\":\"As a leading private label manufacturer, Our crunchy peanut butter is made with delightful granule texture and customizable packaging.\",\"breadcrumb\":{\"@id\":\"https:\/\/www.peanutoem.com\/manufacturer\/crunchy-peanut-butter\/#breadcrumb\"},\"inLanguage\":\"cs\",\"potentialAction\":[{\"@type\":\"ReadAction\",\"target\":[\"https:\/\/www.peanutoem.com\/manufacturer\/crunchy-peanut-butter\/\"]}]},{\"@type\":\"ImageObject\",\"inLanguage\":\"cs\",\"@id\":\"https:\/\/www.peanutoem.com\/manufacturer\/crunchy-peanut-butter\/#primaryimage\",\"url\":\"https:\/\/www.peanutoem.com\/wp-content\/uploads\/2023\/06\/Crunchy-Type-Peanut-Butter-340g.webp\",\"contentUrl\":\"https:\/\/www.peanutoem.com\/wp-content\/uploads\/2023\/06\/Crunchy-Type-Peanut-Butter-340g.webp\",\"width\":1000,\"height\":1000,\"caption\":\"Crunchy Type Peanut Butter 340g\"},{\"@type\":\"BreadcrumbList\",\"@id\":\"https:\/\/www.peanutoem.com\/manufacturer\/crunchy-peanut-butter\/#breadcrumb\",\"itemListElement\":[{\"@type\":\"ListItem\",\"position\":1,\"name\":\"Home\",\"item\":\"https:\/\/www.peanutoem.com\/\"},{\"@type\":\"ListItem\",\"position\":2,\"name\":\"Products\",\"item\":\"https:\/\/www.peanutoem.com\/shop\/\"},{\"@type\":\"ListItem\",\"position\":3,\"name\":\"Crunchy Peanut Butter | Custom Crunchy Peanut Butter\"}]},{\"@type\":\"WebSite\",\"@id\":\"https:\/\/www.peanutoem.com\/#website\",\"url\":\"https:\/\/www.peanutoem.com\/\",\"name\":\"Peanut Butter Factory\",\"description\":\"Peanut Butter Manufacturer and Roast Peanut OEM Factory | Peanut Private Label China Supplier\",\"publisher\":{\"@id\":\"https:\/\/www.peanutoem.com\/#organization\"},\"alternateName\":\"Peanut Butter OEM and Wholesale\",\"potentialAction\":[{\"@type\":\"SearchAction\",\"target\":{\"@type\":\"EntryPoint\",\"urlTemplate\":\"https:\/\/www.peanutoem.com\/?s={search_term_string}\"},\"query-input\":{\"@type\":\"PropertyValueSpecification\",\"valueRequired\":true,\"valueName\":\"search_term_string\"}}],\"inLanguage\":\"cs\"},{\"@type\":\"Organization\",\"@id\":\"https:\/\/www.peanutoem.com\/#organization\",\"name\":\"Peanut Butter Factory\",\"alternateName\":\"JuFeng Group\",\"url\":\"https:\/\/www.peanutoem.com\/\",\"logo\":{\"@type\":\"ImageObject\",\"inLanguage\":\"cs\",\"@id\":\"https:\/\/www.peanutoem.com\/#\/schema\/logo\/image\/\",\"url\":\"https:\/\/www.peanutoem.com\/wp-content\/uploads\/2024\/09\/JUFENG-LOGO.png\",\"contentUrl\":\"https:\/\/www.peanutoem.com\/wp-content\/uploads\/2024\/09\/JUFENG-LOGO.png\",\"width\":600,\"height\":170,\"caption\":\"Peanut Butter Factory\"},\"image\":{\"@id\":\"https:\/\/www.peanutoem.com\/#\/schema\/logo\/image\/\"}}]}<\/script>\n<!-- \/ Yoast SEO plugin. -->","yoast_head_json":{"title":"Crunchy Peanut Butter | Custom Crunchy Peanut Butter OEM - Peanut Butter Factory","description":"As a leading private label manufacturer, Our crunchy peanut butter is made with delightful granule texture and customizable packaging.","robots":{"index":"index","follow":"follow","max-snippet":"max-snippet:-1","max-image-preview":"max-image-preview:large","max-video-preview":"max-video-preview:-1"},"canonical":"https:\/\/www.peanutoem.com\/cs\/manufacturer\/crunchy-peanut-butter\/","og_locale":"cs_CZ","og_type":"article","og_title":"Crunchy Peanut Butter | Custom Crunchy Peanut Butter OEM - Peanut Butter Factory","og_description":"As a leading private label manufacturer, Our crunchy peanut butter is made with delightful granule texture and customizable packaging.","og_url":"https:\/\/www.peanutoem.com\/cs\/manufacturer\/crunchy-peanut-butter\/","og_site_name":"Peanut Butter Factory","article_modified_time":"2024-09-28T06:53:33+00:00","og_image":[{"width":1000,"height":1000,"url":"https:\/\/www.peanutoem.com\/wp-content\/uploads\/2023\/06\/Crunchy-Type-Peanut-Butter-340g.webp","type":"image\/webp"}],"twitter_card":"summary_large_image","twitter_misc":{"Odhadovan\u00e1 doba \u010dten\u00ed":"3 minuty"},"schema":{"@context":"https:\/\/schema.org","@graph":[{"@type":"WebPage","@id":"https:\/\/www.peanutoem.com\/manufacturer\/crunchy-peanut-butter\/","url":"https:\/\/www.peanutoem.com\/manufacturer\/crunchy-peanut-butter\/","name":"Crunchy Peanut Butter | Custom Crunchy Peanut Butter OEM - Peanut Butter Factory","isPartOf":{"@id":"https:\/\/www.peanutoem.com\/#website"},"primaryImageOfPage":{"@id":"https:\/\/www.peanutoem.com\/manufacturer\/crunchy-peanut-butter\/#primaryimage"},"image":{"@id":"https:\/\/www.peanutoem.com\/manufacturer\/crunchy-peanut-butter\/#primaryimage"},"thumbnailUrl":"https:\/\/www.peanutoem.com\/wp-content\/uploads\/2023\/06\/Crunchy-Type-Peanut-Butter-340g.webp","datePublished":"2023-06-08T08:15:42+00:00","dateModified":"2024-09-28T06:53:33+00:00","description":"As a leading private label manufacturer, Our crunchy peanut butter is made with delightful granule texture and customizable packaging.","breadcrumb":{"@id":"https:\/\/www.peanutoem.com\/manufacturer\/crunchy-peanut-butter\/#breadcrumb"},"inLanguage":"cs","potentialAction":[{"@type":"ReadAction","target":["https:\/\/www.peanutoem.com\/manufacturer\/crunchy-peanut-butter\/"]}]},{"@type":"ImageObject","inLanguage":"cs","@id":"https:\/\/www.peanutoem.com\/manufacturer\/crunchy-peanut-butter\/#primaryimage","url":"https:\/\/www.peanutoem.com\/wp-content\/uploads\/2023\/06\/Crunchy-Type-Peanut-Butter-340g.webp","contentUrl":"https:\/\/www.peanutoem.com\/wp-content\/uploads\/2023\/06\/Crunchy-Type-Peanut-Butter-340g.webp","width":1000,"height":1000,"caption":"Crunchy Type Peanut Butter 340g"},{"@type":"BreadcrumbList","@id":"https:\/\/www.peanutoem.com\/manufacturer\/crunchy-peanut-butter\/#breadcrumb","itemListElement":[{"@type":"ListItem","position":1,"name":"Home","item":"https:\/\/www.peanutoem.com\/"},{"@type":"ListItem","position":2,"name":"Products","item":"https:\/\/www.peanutoem.com\/shop\/"},{"@type":"ListItem","position":3,"name":"Crunchy Peanut Butter | Custom Crunchy Peanut Butter"}]},{"@type":"WebSite","@id":"https:\/\/www.peanutoem.com\/#website","url":"https:\/\/www.peanutoem.com\/","name":"Peanut Butter Factory","description":"Peanut Butter Manufacturer and Roast Peanut OEM Factory | Peanut Private Label China Supplier","publisher":{"@id":"https:\/\/www.peanutoem.com\/#organization"},"alternateName":"Peanut Butter OEM and Wholesale","potentialAction":[{"@type":"SearchAction","target":{"@type":"EntryPoint","urlTemplate":"https:\/\/www.peanutoem.com\/?s={search_term_string}"},"query-input":{"@type":"PropertyValueSpecification","valueRequired":true,"valueName":"search_term_string"}}],"inLanguage":"cs"},{"@type":"Organization","@id":"https:\/\/www.peanutoem.com\/#organization","name":"Peanut Butter Factory","alternateName":"JuFeng Group","url":"https:\/\/www.peanutoem.com\/","logo":{"@type":"ImageObject","inLanguage":"cs","@id":"https:\/\/www.peanutoem.com\/#\/schema\/logo\/image\/","url":"https:\/\/www.peanutoem.com\/wp-content\/uploads\/2024\/09\/JUFENG-LOGO.png","contentUrl":"https:\/\/www.peanutoem.com\/wp-content\/uploads\/2024\/09\/JUFENG-LOGO.png","width":600,"height":170,"caption":"Peanut Butter Factory"},"image":{"@id":"https:\/\/www.peanutoem.com\/#\/schema\/logo\/image\/"}}]}},"_links":{"self":[{"href":"https:\/\/www.peanutoem.com\/cs\/wp-json\/wp\/v2\/product\/1402","targetHints":{"allow":["GET"]}}],"collection":[{"href":"https:\/\/www.peanutoem.com\/cs\/wp-json\/wp\/v2\/product"}],"about":[{"href":"https:\/\/www.peanutoem.com\/cs\/wp-json\/wp\/v2\/types\/product"}],"replies":[{"embeddable":true,"href":"https:\/\/www.peanutoem.com\/cs\/wp-json\/wp\/v2\/comments?post=1402"}],"wp:featuredmedia":[{"embeddable":true,"href":"https:\/\/www.peanutoem.com\/cs\/wp-json\/wp\/v2\/media\/1652"}],"wp:attachment":[{"href":"https:\/\/www.peanutoem.com\/cs\/wp-json\/wp\/v2\/media?parent=1402"}],"wp:term":[{"taxonomy":"product_cat","embeddable":true,"href":"https:\/\/www.peanutoem.com\/cs\/wp-json\/wp\/v2\/product_cat?post=1402"},{"taxonomy":"product_tag","embeddable":true,"href":"https:\/\/www.peanutoem.com\/cs\/wp-json\/wp\/v2\/product_tag?post=1402"}],"curies":[{"name":"wp","href":"https:\/\/api.w.org\/{rel}","templated":true}]}}