{"id":1543,"date":"2024-09-02T13:37:15","date_gmt":"2024-09-02T13:37:15","guid":{"rendered":"https:\/\/www.peanutoem.com\/?post_type=product&#038;p=1543"},"modified":"2024-09-28T06:03:37","modified_gmt":"2024-09-28T06:03:37","slug":"pure-peanut-butter","status":"publish","type":"product","link":"https:\/\/www.peanutoem.com\/cs\/manufacturer\/pure-peanut-butter\/","title":{"rendered":"\u010cist\u00e9 ara\u0161\u00eddov\u00e9 m\u00e1slo"},"content":{"rendered":"<h3>Pure Ara\u0161\u00eddov\u00e9 m\u00e1slo \u2013 p\u0159edn\u00ed poskytovatel OEM a v\u00fdrobce soukrom\u00fdch zna\u010dek<\/h3>\n<p>Specializujeme se na v\u00fdrobu a dod\u00e1vky \u010dist\u00e9ho ara\u0161\u00eddov\u00e9ho m\u00e1sla jako d\u016fv\u011bryhodn\u00fd poskytovatel OEM, v\u00fdrobce soukrom\u00fdch zna\u010dek a v\u00fdvozce. Na\u0161e produkty jsou vyrobeny z ara\u0161\u00edd\u016f 100%, kter\u00e9 va\u0161\u00ed zna\u010dce poskytuj\u00ed bezkonkuren\u010dn\u00ed kvalitu a autenti\u010dnost. D\u00edky pokro\u010dil\u00fdm v\u00fdrobn\u00edm mo\u017enostem a glob\u00e1ln\u00edm certifikac\u00edm p\u0159izp\u016fsobujeme na\u0161e \u0159e\u0161en\u00ed ara\u0161\u00eddov\u00e9ho m\u00e1sla va\u0161im specifick\u00fdm po\u017eadavk\u016fm.<\/p>\n<h3>Co je \u010dist\u00e9 ara\u0161\u00eddov\u00e9 m\u00e1slo?<\/h3>\n<p><strong>\u010cist\u00fd <a href=\"https:\/\/www.peanutoem.com\/cs\/Wholesale\/peanut-butter\/\" target=\"_blank\" rel=\"noopener\">ara\u0161\u00eddov\u00e9 m\u00e1slo<\/a><\/strong> je vyroben z 100% <a href=\"https:\/\/en.wikipedia.org\/wiki\/Peanut\" target=\"_blank\" rel=\"noopener\">ara\u0161\u00eddy<\/a>bez p\u0159idan\u00fdch cukr\u016f, olej\u016f nebo konzerva\u010dn\u00edch l\u00e1tek. Nab\u00edz\u00ed p\u0159irozenou, nezpracovanou chu\u0165, kter\u00e1 oslovuje spot\u0159ebitele dbaj\u00edc\u00ed na zdrav\u00ed. Tento typ ara\u0161\u00eddov\u00e9ho m\u00e1sla si zachov\u00e1v\u00e1 bohatou chu\u0165 a p\u0159\u00edrodn\u00ed oleje z ara\u0161\u00edd\u016f, tak\u017ee je obl\u00edbenou volbou pro ty, kte\u0159\u00ed hledaj\u00ed \u010dist\u00e9 produkty.<\/p>\n<h3>Jak\u00e9 jsou jin\u00e9 n\u00e1zvy pro \u010dist\u00e9 ara\u0161\u00eddov\u00e9 m\u00e1slo?<\/h3>\n<p>Je tak\u00e9 zn\u00e1m\u00fd pod r\u016fzn\u00fdmi n\u00e1zvy nap\u0159\u00ed\u010d regiony a pr\u016fmyslov\u00fdmi odv\u011btv\u00edmi. Mezi nejb\u011b\u017en\u011bj\u0161\u00ed alternativn\u00ed n\u00e1zvy pat\u0159\u00ed:<\/p>\n<ul>\n<li><strong>P\u0159\u00edrodn\u00ed ara\u0161\u00eddov\u00e9 m\u00e1slo<\/strong><\/li>\n<li><strong>Neslazen\u00e9 ara\u0161\u00eddov\u00e9 m\u00e1slo<\/strong><\/li>\n<li><strong>Ara\u0161\u00eddov\u00e9 m\u00e1slo bez p\u0159\u00edsad<\/strong><\/li>\n<li><strong>100% ara\u0161\u00eddov\u00e9 m\u00e1slo<\/strong><\/li>\n<\/ul>\n<p>Tyto n\u00e1zvy zd\u016fraz\u0148uj\u00ed absenci dal\u0161\u00edch p\u0159\u00edsad a zd\u016fraz\u0148uj\u00ed \u010distotu produktu.<\/p>\n<h3>Pro\u010d si vybrat n\u00e1s jako dodavatele?<\/h3>\n<p>Jako p\u0159edn\u00ed poskytovatel OEM a v\u00fdrobce priv\u00e1tn\u00edch zna\u010dek nab\u00edz\u00edme:<\/p>\n<ul>\n<li><strong>Vysoce kvalitn\u00ed produkty:<\/strong> Na\u0161e \u010dist\u00e9 ara\u0161\u00eddov\u00e9 m\u00e1slo obsahuje vybran\u00e9 ara\u0161\u00eddy 100% bez p\u0159idan\u00fdch cukr\u016f, olej\u016f nebo konzerva\u010dn\u00edch l\u00e1tek.<\/li>\n<li><strong>P\u0159izp\u016fsobiteln\u00e1 \u0159e\u0161en\u00ed:<\/strong> Nab\u00edz\u00edme flexibiln\u00ed mo\u017enosti balen\u00ed, v\u010detn\u011b sklenic, plechovek a kbel\u00edk\u016f, v r\u016fzn\u00fdch velikostech, abychom vyhov\u011bli po\u017eadavk\u016fm trhu.<\/li>\n<li><strong>Glob\u00e1ln\u00ed <a href=\"https:\/\/www.peanutoem.com\/cs\/certificate\/\" target=\"_blank\" rel=\"noopener\">Certifikace<\/a>:<\/strong> Na\u0161e certifikace, v\u010detn\u011b HACCP, BRCGS, Halal a Kosher, zaji\u0161\u0165uj\u00ed bezpe\u010dnost produkt\u016f a prvot\u0159\u00eddn\u00ed kvalitu.<\/li>\n<li><strong>Velk\u00e1 v\u00fdrobn\u00ed kapacita:<\/strong> Dok\u00e1\u017eeme efektivn\u011b zpracovat mal\u00e9 i hromadn\u00e9 zak\u00e1zky a uspokojit r\u016fznorod\u00e9 pot\u0159eby klient\u016f.<\/li>\n<li><strong>Odbornost v oblasti glob\u00e1ln\u00edho exportu:<\/strong> M\u00e1me rozs\u00e1hl\u00e9 zku\u0161enosti s dod\u00e1v\u00e1n\u00edm vysoce kvalitn\u00edho ara\u0161\u00eddov\u00e9ho m\u00e1sla klient\u016fm po cel\u00e9m sv\u011bt\u011b.<\/li>\n<\/ul>\n<h3>FAQ o na\u0161\u00ed obchodn\u00ed roli jako v\u00fdrobce a velkoobchodu<\/h3>\n<ol>\n<li><strong>Pro\u010d jste p\u0159edn\u00edm poskytovatelem OEM v pr\u016fmyslu ara\u0161\u00eddov\u00e9ho m\u00e1sla?<\/strong><br \/>\nVyr\u00e1b\u00edme ara\u0161\u00eddov\u00e9 m\u00e1slo pro zna\u010dky pod jejich vlastn\u00ed zna\u010dkou a zaji\u0161\u0165ujeme produktov\u00e1 \u0159e\u0161en\u00ed na m\u00edru.<\/li>\n<li><strong>Nab\u00edz\u00edte slu\u017eby priv\u00e1tn\u00edch zna\u010dek?<\/strong><br \/>\nAno, specializujeme se na flexibiln\u00ed \u0159e\u0161en\u00ed priv\u00e1tn\u00edch zna\u010dek, kter\u00e1 v\u00e1m pomohou vytvo\u0159it va\u0161e zna\u010dkov\u00e9 ara\u0161\u00eddov\u00e9 m\u00e1slo.<\/li>\n<li><strong>Jak\u00e9 ingredience pou\u017e\u00edv\u00e1te?<\/strong><br \/>\nNa\u0161e \u010dist\u00e9 ara\u0161\u00eddov\u00e9 m\u00e1slo se skl\u00e1d\u00e1 z vybran\u00fdch ara\u0161\u00edd\u016f 100% bez p\u0159idan\u00fdch cukr\u016f, olej\u016f nebo konzerva\u010dn\u00edch l\u00e1tek.<\/li>\n<li><strong>Jak mohu p\u0159izp\u016fsobit sv\u00e9 balen\u00ed?<\/strong><br \/>\nM\u016f\u017eete si vybrat z r\u016fzn\u00fdch mo\u017enost\u00ed balen\u00ed a velikost\u00ed, p\u0159izp\u016fsoben\u00fdch va\u0161im pot\u0159eb\u00e1m, od maloobchodn\u00edho a\u017e po hromadn\u00e9.<\/li>\n<li><strong>Jak\u00e9 je minim\u00e1ln\u00ed mno\u017estv\u00ed objedn\u00e1vky (MOQ)?<\/strong><br \/>\nMOQ je jedna tuna a poskytuje flexibilitu pro mal\u00e9 i velk\u00e9 podniky.<\/li>\n<li><strong>\u010c\u00edm vynik\u00e1 va\u0161e \u010dist\u00e9 ara\u0161\u00eddov\u00e9 m\u00e1slo?<\/strong><br \/>\nN\u00e1\u0161 z\u00e1vazek ke kvalit\u011b, glob\u00e1ln\u00ed certifikace a p\u0159izp\u016fsoben\u00e1 \u0159e\u0161en\u00ed priv\u00e1tn\u00edch zna\u010dek n\u00e1s odli\u0161uj\u00ed od konkurence.<\/li>\n<li><strong>Jak dlouho trv\u00e1 zpracov\u00e1n\u00ed objedn\u00e1vky?<\/strong><br \/>\nDodac\u00ed lh\u016fty se pohybuj\u00ed od 7 do 20 dn\u016f v z\u00e1vislosti na velikosti objedn\u00e1vky a po\u017eadavc\u00edch na balen\u00ed.<\/li>\n<li><strong>Mohu po\u017e\u00e1dat o vzorky p\u0159ed zad\u00e1n\u00edm objedn\u00e1vky?<\/strong><br \/>\nAno, nab\u00edz\u00edme bezplatn\u00e9 vzorky na\u0161eho \u010dist\u00e9ho ara\u0161\u00eddov\u00e9ho m\u00e1sla pro hodnocen\u00ed kvality p\u0159ed zad\u00e1n\u00edm hromadn\u00e9 objedn\u00e1vky.<\/li>\n<li><strong>Exportujete glob\u00e1ln\u011b?<\/strong><br \/>\nAbsolutn\u011b! M\u00e1me zku\u0161enosti s exportem vysoce kvalitn\u00edho \u010dist\u00e9ho ara\u0161\u00eddov\u00e9ho m\u00e1sla klient\u016fm po cel\u00e9m sv\u011bt\u011b.<\/li>\n<\/ol>\n<h3>Pro\u010d \u010dist\u00e9 ara\u0161\u00eddov\u00e9 m\u00e1slo?<\/h3>\n<p>\u010cist\u00e9 ara\u0161\u00eddov\u00e9 m\u00e1slo je vhodnou volbou pro spot\u0159ebitele, kte\u0159\u00ed dbaj\u00ed na sv\u00e9 zdrav\u00ed a hledaj\u00ed p\u0159\u00edrodn\u00ed produkt bez p\u0159\u00edsad. Je bohat\u00fd na b\u00edlkoviny, zdrav\u00e9 tuky a z\u00e1kladn\u00ed \u017eiviny, co\u017e z n\u011bj d\u011bl\u00e1 v\u0161estrannou p\u0159\u00edsadu v kuchyn\u00edch po cel\u00e9m sv\u011bt\u011b. S t\u00edm, jak se spot\u0159ebitel\u00e9 v\u00edce zam\u011b\u0159uj\u00ed na \u010dist\u00e9 etikety, popt\u00e1vka po produktech na b\u00e1zi ara\u0161\u00edd\u016f 100% st\u00e1le roste.<\/p>\n<p>Zaji\u0161\u0165ujeme, aby na\u0161e \u010dist\u00e9 ara\u0161\u00eddov\u00e9 m\u00e1slo spl\u0148ovalo tyto po\u017eadavky a poskytovalo produkt, kter\u00fd je co nejbl\u00ed\u017ee p\u0159\u00edrod\u011b a z\u00e1rove\u0148 je pln\u011b p\u0159izp\u016fsobiteln\u00fd pot\u0159eb\u00e1m va\u0161\u00ed zna\u010dky. A\u0165 u\u017e chcete roz\u0161\u00ed\u0159it nab\u00eddku sv\u00e9 zna\u010dky nebo vstoupit na nov\u00e9 trhy, m\u00e1me kapacitu, odborn\u00e9 znalosti a certifikace, abychom to dok\u00e1zali.<\/p>\n<a href=\"mailto:globepeanut@gmail.com\" class=\"button primary is-primary is-medium\"  >\n    <span>Napi\u0161te n\u00e1m<\/span>\n  <\/a>","protected":false},"excerpt":{"rendered":"<table width=\"564\">\n<tbody>\n<tr>\n<td width=\"113\"><strong>N\u00e1zev produktu<\/strong><\/td>\n<td width=\"402\">\u010cist\u00e9 ara\u0161\u00eddov\u00e9 m\u00e1slo<\/td>\n<\/tr>\n<tr>\n<td width=\"113\"><strong>Ingredience<\/strong><\/td>\n<td width=\"402\">Vybran\u00e9 ara\u0161\u00eddov\u00e9 m\u00e1slo<\/td>\n<\/tr>\n<tr>\n<td width=\"113\"><strong>Specifikace<\/strong><\/td>\n<td width=\"402\">10kgx1, 20kgx1, 22kgx1,220kgx1<\/td>\n<\/tr>\n<tr>\n<td width=\"113\"><strong>Bal\u00edc\u00ed formul\u00e1\u0159<\/strong><\/td>\n<td width=\"402\">Sklenice, v\u011bdro, ta\u0161ka, karton, sud, l\u00e1hev atd<\/td>\n<\/tr>\n<tr>\n<td width=\"113\"><strong>Dodac\u00ed lh\u016fta<\/strong><\/td>\n<td width=\"402\">7~20 dn\u00ed po objedn\u00e1vce<\/td>\n<\/tr>\n<tr>\n<td width=\"113\"><strong>MOQ<\/strong><\/td>\n<td width=\"402\">Jedna tuna<\/td>\n<\/tr>\n<tr>\n<td width=\"113\"><strong>Ochutnat<\/strong><\/td>\n<td width=\"402\">Vzorek zdarma k dispozici<\/td>\n<\/tr>\n<tr>\n<td width=\"113\"><strong>OEM<\/strong><\/td>\n<td width=\"402\">\u0160t\u00edtek kupuj\u00edc\u00edho p\u0159ijat<\/td>\n<\/tr>\n<\/tbody>\n<\/table>","protected":false},"featured_media":1659,"comment_status":"open","ping_status":"closed","template":"","meta":[],"product_cat":[15],"product_tag":[],"class_list":{"0":"post-1543","1":"product","2":"type-product","3":"status-publish","4":"has-post-thumbnail","6":"product_cat-peanut-butter","8":"first","9":"instock","10":"shipping-taxable","11":"product-type-simple"},"yoast_head":"<!-- This site is optimized with the Yoast SEO plugin v24.9 - https:\/\/yoast.com\/wordpress\/plugins\/seo\/ -->\n<title>Pure Peanut Butter OEM Producer - Peanut Butter Factory<\/title>\n<meta name=\"description\" content=\"As a top OEM manufacturer and exporter, we supply pure peanut butter made from 100% peanuts. Customizable private label solutions for your business needs.\" \/>\n<meta name=\"robots\" content=\"index, follow, max-snippet:-1, max-image-preview:large, max-video-preview:-1\" \/>\n<link rel=\"canonical\" href=\"https:\/\/www.peanutoem.com\/cs\/manufacturer\/pure-peanut-butter\/\" \/>\n<meta property=\"og:locale\" content=\"cs_CZ\" \/>\n<meta property=\"og:type\" content=\"article\" \/>\n<meta property=\"og:title\" content=\"Pure Peanut Butter OEM Producer - Peanut Butter Factory\" \/>\n<meta property=\"og:description\" content=\"As a top OEM manufacturer and exporter, we supply pure peanut butter made from 100% peanuts. Customizable private label solutions for your business needs.\" \/>\n<meta property=\"og:url\" content=\"https:\/\/www.peanutoem.com\/cs\/manufacturer\/pure-peanut-butter\/\" \/>\n<meta property=\"og:site_name\" content=\"Peanut Butter Factory\" \/>\n<meta property=\"article:modified_time\" content=\"2024-09-28T06:03:37+00:00\" \/>\n<meta property=\"og:image\" content=\"https:\/\/www.peanutoem.com\/wp-content\/uploads\/2024\/09\/Pure-Peanut-Butter-OEM-Supplier.webp\" \/>\n\t<meta property=\"og:image:width\" content=\"1000\" \/>\n\t<meta property=\"og:image:height\" content=\"1000\" \/>\n\t<meta property=\"og:image:type\" content=\"image\/webp\" \/>\n<meta name=\"twitter:card\" content=\"summary_large_image\" \/>\n<meta name=\"twitter:label1\" content=\"Odhadovan\u00e1 doba \u010dten\u00ed\" \/>\n\t<meta name=\"twitter:data1\" content=\"3 minuty\" \/>\n<script type=\"application\/ld+json\" class=\"yoast-schema-graph\">{\"@context\":\"https:\/\/schema.org\",\"@graph\":[{\"@type\":\"WebPage\",\"@id\":\"https:\/\/www.peanutoem.com\/manufacturer\/pure-peanut-butter\/\",\"url\":\"https:\/\/www.peanutoem.com\/manufacturer\/pure-peanut-butter\/\",\"name\":\"Pure Peanut Butter OEM Producer - Peanut Butter Factory\",\"isPartOf\":{\"@id\":\"https:\/\/www.peanutoem.com\/#website\"},\"primaryImageOfPage\":{\"@id\":\"https:\/\/www.peanutoem.com\/manufacturer\/pure-peanut-butter\/#primaryimage\"},\"image\":{\"@id\":\"https:\/\/www.peanutoem.com\/manufacturer\/pure-peanut-butter\/#primaryimage\"},\"thumbnailUrl\":\"https:\/\/www.peanutoem.com\/wp-content\/uploads\/2024\/09\/Pure-Peanut-Butter-OEM-Supplier.webp\",\"datePublished\":\"2024-09-02T13:37:15+00:00\",\"dateModified\":\"2024-09-28T06:03:37+00:00\",\"description\":\"As a top OEM manufacturer and exporter, we supply pure peanut butter made from 100% peanuts. Customizable private label solutions for your business needs.\",\"breadcrumb\":{\"@id\":\"https:\/\/www.peanutoem.com\/manufacturer\/pure-peanut-butter\/#breadcrumb\"},\"inLanguage\":\"cs\",\"potentialAction\":[{\"@type\":\"ReadAction\",\"target\":[\"https:\/\/www.peanutoem.com\/manufacturer\/pure-peanut-butter\/\"]}]},{\"@type\":\"ImageObject\",\"inLanguage\":\"cs\",\"@id\":\"https:\/\/www.peanutoem.com\/manufacturer\/pure-peanut-butter\/#primaryimage\",\"url\":\"https:\/\/www.peanutoem.com\/wp-content\/uploads\/2024\/09\/Pure-Peanut-Butter-OEM-Supplier.webp\",\"contentUrl\":\"https:\/\/www.peanutoem.com\/wp-content\/uploads\/2024\/09\/Pure-Peanut-Butter-OEM-Supplier.webp\",\"width\":1000,\"height\":1000,\"caption\":\"Pure Peanut Butter OEM Supplier\"},{\"@type\":\"BreadcrumbList\",\"@id\":\"https:\/\/www.peanutoem.com\/manufacturer\/pure-peanut-butter\/#breadcrumb\",\"itemListElement\":[{\"@type\":\"ListItem\",\"position\":1,\"name\":\"Home\",\"item\":\"https:\/\/www.peanutoem.com\/\"},{\"@type\":\"ListItem\",\"position\":2,\"name\":\"Products\",\"item\":\"https:\/\/www.peanutoem.com\/shop\/\"},{\"@type\":\"ListItem\",\"position\":3,\"name\":\"Pure Peanut Butter\"}]},{\"@type\":\"WebSite\",\"@id\":\"https:\/\/www.peanutoem.com\/#website\",\"url\":\"https:\/\/www.peanutoem.com\/\",\"name\":\"Peanut Butter Factory\",\"description\":\"Peanut Butter Manufacturer and Roast Peanut OEM Factory | Peanut Private Label China Supplier\",\"publisher\":{\"@id\":\"https:\/\/www.peanutoem.com\/#organization\"},\"alternateName\":\"Peanut Butter OEM and Wholesale\",\"potentialAction\":[{\"@type\":\"SearchAction\",\"target\":{\"@type\":\"EntryPoint\",\"urlTemplate\":\"https:\/\/www.peanutoem.com\/?s={search_term_string}\"},\"query-input\":{\"@type\":\"PropertyValueSpecification\",\"valueRequired\":true,\"valueName\":\"search_term_string\"}}],\"inLanguage\":\"cs\"},{\"@type\":\"Organization\",\"@id\":\"https:\/\/www.peanutoem.com\/#organization\",\"name\":\"Peanut Butter Factory\",\"alternateName\":\"JuFeng Group\",\"url\":\"https:\/\/www.peanutoem.com\/\",\"logo\":{\"@type\":\"ImageObject\",\"inLanguage\":\"cs\",\"@id\":\"https:\/\/www.peanutoem.com\/#\/schema\/logo\/image\/\",\"url\":\"https:\/\/www.peanutoem.com\/wp-content\/uploads\/2024\/09\/JUFENG-LOGO.png\",\"contentUrl\":\"https:\/\/www.peanutoem.com\/wp-content\/uploads\/2024\/09\/JUFENG-LOGO.png\",\"width\":600,\"height\":170,\"caption\":\"Peanut Butter Factory\"},\"image\":{\"@id\":\"https:\/\/www.peanutoem.com\/#\/schema\/logo\/image\/\"}}]}<\/script>\n<!-- \/ Yoast SEO plugin. -->","yoast_head_json":{"title":"Pure Peanut Butter OEM Producer - Peanut Butter Factory","description":"As a top OEM manufacturer and exporter, we supply pure peanut butter made from 100% peanuts. Customizable private label solutions for your business needs.","robots":{"index":"index","follow":"follow","max-snippet":"max-snippet:-1","max-image-preview":"max-image-preview:large","max-video-preview":"max-video-preview:-1"},"canonical":"https:\/\/www.peanutoem.com\/cs\/manufacturer\/pure-peanut-butter\/","og_locale":"cs_CZ","og_type":"article","og_title":"Pure Peanut Butter OEM Producer - Peanut Butter Factory","og_description":"As a top OEM manufacturer and exporter, we supply pure peanut butter made from 100% peanuts. Customizable private label solutions for your business needs.","og_url":"https:\/\/www.peanutoem.com\/cs\/manufacturer\/pure-peanut-butter\/","og_site_name":"Peanut Butter Factory","article_modified_time":"2024-09-28T06:03:37+00:00","og_image":[{"width":1000,"height":1000,"url":"https:\/\/www.peanutoem.com\/wp-content\/uploads\/2024\/09\/Pure-Peanut-Butter-OEM-Supplier.webp","type":"image\/webp"}],"twitter_card":"summary_large_image","twitter_misc":{"Odhadovan\u00e1 doba \u010dten\u00ed":"3 minuty"},"schema":{"@context":"https:\/\/schema.org","@graph":[{"@type":"WebPage","@id":"https:\/\/www.peanutoem.com\/manufacturer\/pure-peanut-butter\/","url":"https:\/\/www.peanutoem.com\/manufacturer\/pure-peanut-butter\/","name":"Pure Peanut Butter OEM Producer - Peanut Butter Factory","isPartOf":{"@id":"https:\/\/www.peanutoem.com\/#website"},"primaryImageOfPage":{"@id":"https:\/\/www.peanutoem.com\/manufacturer\/pure-peanut-butter\/#primaryimage"},"image":{"@id":"https:\/\/www.peanutoem.com\/manufacturer\/pure-peanut-butter\/#primaryimage"},"thumbnailUrl":"https:\/\/www.peanutoem.com\/wp-content\/uploads\/2024\/09\/Pure-Peanut-Butter-OEM-Supplier.webp","datePublished":"2024-09-02T13:37:15+00:00","dateModified":"2024-09-28T06:03:37+00:00","description":"As a top OEM manufacturer and exporter, we supply pure peanut butter made from 100% peanuts. Customizable private label solutions for your business needs.","breadcrumb":{"@id":"https:\/\/www.peanutoem.com\/manufacturer\/pure-peanut-butter\/#breadcrumb"},"inLanguage":"cs","potentialAction":[{"@type":"ReadAction","target":["https:\/\/www.peanutoem.com\/manufacturer\/pure-peanut-butter\/"]}]},{"@type":"ImageObject","inLanguage":"cs","@id":"https:\/\/www.peanutoem.com\/manufacturer\/pure-peanut-butter\/#primaryimage","url":"https:\/\/www.peanutoem.com\/wp-content\/uploads\/2024\/09\/Pure-Peanut-Butter-OEM-Supplier.webp","contentUrl":"https:\/\/www.peanutoem.com\/wp-content\/uploads\/2024\/09\/Pure-Peanut-Butter-OEM-Supplier.webp","width":1000,"height":1000,"caption":"Pure Peanut Butter OEM Supplier"},{"@type":"BreadcrumbList","@id":"https:\/\/www.peanutoem.com\/manufacturer\/pure-peanut-butter\/#breadcrumb","itemListElement":[{"@type":"ListItem","position":1,"name":"Home","item":"https:\/\/www.peanutoem.com\/"},{"@type":"ListItem","position":2,"name":"Products","item":"https:\/\/www.peanutoem.com\/shop\/"},{"@type":"ListItem","position":3,"name":"Pure Peanut Butter"}]},{"@type":"WebSite","@id":"https:\/\/www.peanutoem.com\/#website","url":"https:\/\/www.peanutoem.com\/","name":"Peanut Butter Factory","description":"Peanut Butter Manufacturer and Roast Peanut OEM Factory | Peanut Private Label China Supplier","publisher":{"@id":"https:\/\/www.peanutoem.com\/#organization"},"alternateName":"Peanut Butter OEM and Wholesale","potentialAction":[{"@type":"SearchAction","target":{"@type":"EntryPoint","urlTemplate":"https:\/\/www.peanutoem.com\/?s={search_term_string}"},"query-input":{"@type":"PropertyValueSpecification","valueRequired":true,"valueName":"search_term_string"}}],"inLanguage":"cs"},{"@type":"Organization","@id":"https:\/\/www.peanutoem.com\/#organization","name":"Peanut Butter Factory","alternateName":"JuFeng Group","url":"https:\/\/www.peanutoem.com\/","logo":{"@type":"ImageObject","inLanguage":"cs","@id":"https:\/\/www.peanutoem.com\/#\/schema\/logo\/image\/","url":"https:\/\/www.peanutoem.com\/wp-content\/uploads\/2024\/09\/JUFENG-LOGO.png","contentUrl":"https:\/\/www.peanutoem.com\/wp-content\/uploads\/2024\/09\/JUFENG-LOGO.png","width":600,"height":170,"caption":"Peanut Butter Factory"},"image":{"@id":"https:\/\/www.peanutoem.com\/#\/schema\/logo\/image\/"}}]}},"_links":{"self":[{"href":"https:\/\/www.peanutoem.com\/cs\/wp-json\/wp\/v2\/product\/1543","targetHints":{"allow":["GET"]}}],"collection":[{"href":"https:\/\/www.peanutoem.com\/cs\/wp-json\/wp\/v2\/product"}],"about":[{"href":"https:\/\/www.peanutoem.com\/cs\/wp-json\/wp\/v2\/types\/product"}],"replies":[{"embeddable":true,"href":"https:\/\/www.peanutoem.com\/cs\/wp-json\/wp\/v2\/comments?post=1543"}],"wp:featuredmedia":[{"embeddable":true,"href":"https:\/\/www.peanutoem.com\/cs\/wp-json\/wp\/v2\/media\/1659"}],"wp:attachment":[{"href":"https:\/\/www.peanutoem.com\/cs\/wp-json\/wp\/v2\/media?parent=1543"}],"wp:term":[{"taxonomy":"product_cat","embeddable":true,"href":"https:\/\/www.peanutoem.com\/cs\/wp-json\/wp\/v2\/product_cat?post=1543"},{"taxonomy":"product_tag","embeddable":true,"href":"https:\/\/www.peanutoem.com\/cs\/wp-json\/wp\/v2\/product_tag?post=1543"}],"curies":[{"name":"wp","href":"https:\/\/api.w.org\/{rel}","templated":true}]}}