{"id":1545,"date":"2024-09-02T13:38:22","date_gmt":"2024-09-02T13:38:22","guid":{"rendered":"https:\/\/www.peanutoem.com\/?post_type=product&#038;p=1545"},"modified":"2024-09-28T05:39:23","modified_gmt":"2024-09-28T05:39:23","slug":"stabilized-peanut-butter","status":"publish","type":"product","link":"https:\/\/www.peanutoem.com\/cs\/manufacturer\/stabilized-peanut-butter\/","title":{"rendered":"Stabilizovan\u00e9 ara\u0161\u00eddov\u00e9 m\u00e1slo"},"content":{"rendered":"<h3>Co je stabilizovan\u00e9 ara\u0161\u00eddov\u00e9 m\u00e1slo?<\/h3>\n<p>Stabilizovan\u00fd <a href=\"https:\/\/www.peanutoem.com\/cs\/Wholesale\/peanut-butter\/\" target=\"_blank\" rel=\"noopener\">ara\u0161\u00eddov\u00e9 m\u00e1slo<\/a> je speci\u00e1ln\u011b formulov\u00e1n <a href=\"https:\/\/en.wikipedia.org\/wiki\/Peanut\" target=\"_blank\" rel=\"noopener\">ara\u0161\u00edd<\/a> m\u00e1slo, kter\u00e9 si zachov\u00e1v\u00e1 svou hedv\u00e1bnou, kr\u00e9movou texturu v pr\u016fb\u011bhu \u010dasu bez odd\u011blov\u00e1n\u00ed oleje a vody, ke kter\u00e9mu v pr\u016fb\u011bhu \u010dasu doch\u00e1z\u00ed. Na rozd\u00edl od b\u011b\u017en\u00e9ho p\u0159\u00edrodn\u00edho ara\u0161\u00eddov\u00e9ho m\u00e1sla, kter\u00e9 m\u00e1 tendenci se p\u0159irozen\u011b odd\u011blovat na vrstvy ara\u0161\u00eddov\u00e9ho oleje naho\u0159e a pevn\u00e9 ara\u0161\u00eddov\u00e9 drobky na dn\u011b, je stabilizovan\u00e9 ara\u0161\u00eddov\u00e9 m\u00e1slo chyt\u0159e sm\u00edch\u00e1no s p\u0159\u00edrodn\u00edmi stabiliz\u00e1tory, jako jsou rostlinn\u00e9 oleje nebo emulg\u00e1tory, aby byla zaji\u0161t\u011bna jednotn\u00e1 textura. Tato funkce z n\u011bj d\u011bl\u00e1 nejlep\u0161\u00ed volbu pro spot\u0159ebitele, kte\u0159\u00ed hledaj\u00ed pohodl\u00ed, proto\u017ee nen\u00ed pot\u0159eba dal\u0161\u00edch operac\u00ed, jako je m\u00edch\u00e1n\u00ed p\u0159ed pou\u017eit\u00edm. Stabilizovan\u00e9 ara\u0161\u00eddov\u00e9 m\u00e1slo je obl\u00edben\u00e9 pro svou st\u00e1lou kvalitu a dlouhou trvanlivost a je milov\u00e1no nejen dom\u00e1c\u00edmi u\u017eivateli, ale je tak\u00e9 \u0161iroce pou\u017e\u00edv\u00e1no v potravin\u00e1\u0159sk\u00e9m pr\u016fmyslu.<\/p>\n<h3>Jak\u00e1 jsou jin\u00e1 jm\u00e9na?<\/h3>\n<p>Stabilizovan\u00e9 ara\u0161\u00eddov\u00e9 m\u00e1slo m\u016f\u017ee b\u00fdt ozna\u010dov\u00e1no r\u016fzn\u00fdmi n\u00e1zvy, v\u010detn\u011b:<\/p>\n<ul>\n<li>Kr\u00e9mov\u00e1 ara\u0161\u00eddov\u00e1 pomaz\u00e1nka<\/li>\n<li>Kr\u00e9mov\u00e9 stabilizovan\u00e9 ara\u0161\u00eddov\u00e9 m\u00e1slo<\/li>\n<li>Emulgovan\u00e9 ara\u0161\u00eddov\u00e9 m\u00e1slo<\/li>\n<li>Homogenn\u00ed nebo homogenizovan\u00e9 ara\u0161\u00eddov\u00e9 m\u00e1slo<\/li>\n<li>Dlouhotrvaj\u00edc\u00ed ara\u0161\u00eddov\u00e1 pomaz\u00e1nka<\/li>\n<li>Ara\u0161\u00eddov\u00e9 m\u00e1slo bez m\u00edch\u00e1n\u00ed<\/li>\n<li>Neodd\u011bluj\u00edc\u00ed ara\u0161\u00eddov\u00e9 m\u00e1slo<\/li>\n<li>Zpracovan\u00e9 ara\u0161\u00eddov\u00e9 m\u00e1slo<\/li>\n<li>Ara\u0161\u00eddov\u00e9 m\u00e1slo se st\u00e1lou p\u0159i skladov\u00e1n\u00ed<\/li>\n<li>Hladk\u00e9 pomaz\u00e1nkov\u00e9 ara\u0161\u00eddov\u00e9 m\u00e1slo<\/li>\n<li>Hladk\u00e9 ara\u0161\u00eddov\u00e9 m\u00e1slo se stabiln\u00ed p\u0159i skladov\u00e1n\u00ed<\/li>\n<\/ul>\n<h3><strong>\u017dhav\u00e1 t\u00e9mata o stabilizovan\u00e9m ara\u0161\u00eddov\u00e9m m\u00e1sle<\/strong><\/h3>\n<ol>\n<li><strong> V\u00fdhody: <\/strong>Stabilizovan\u00e9 ara\u0161\u00eddov\u00e9 m\u00e1slo nab\u00edz\u00ed n\u011bkolik v\u00fdhod, v\u010detn\u011b jednotn\u00e9 textury, kter\u00e1 nevy\u017eaduje m\u00edch\u00e1n\u00ed a del\u0161\u00ed trvanlivosti. Je ide\u00e1ln\u00ed pro pou\u017eit\u00ed v receptech a jako pomaz\u00e1nka, kde je rozhoduj\u00edc\u00ed konzistentn\u00ed textura.<\/li>\n<li><strong> Aplikace ve v\u00fdrob\u011b potravin:\u00a0<\/strong>D\u00edky sv\u00e9 stabilit\u011b je \u0161iroce pou\u017e\u00edv\u00e1n p\u0159i v\u00fdrob\u011b potravin. Slou\u017e\u00ed jako p\u0159\u00edsada do r\u016fzn\u00fdch produkt\u016f, jako jsou snack bary, om\u00e1\u010dky a pe\u010divo, kde je z\u00e1sadn\u00ed konzistence a kvalita.<\/li>\n<li><strong> Spot\u0159ebitelsk\u00e9 preference a trendy: <\/strong>Spot\u0159ebitel\u00e9 st\u00e1le v\u00edce preferuj\u00ed stabilizovan\u00e9 ara\u0161\u00eddov\u00e9 m\u00e1slo pro jeho pohodl\u00ed a spolehlivost. Vzhledem k tomu, \u017ee zm\u011bny \u017eivotn\u00edho stylu vedou k ru\u0161n\u011bj\u0161\u00edmu rozvrhu, z\u00edsk\u00e1vaj\u00ed na popularit\u011b produkty, kter\u00e9 nab\u00edzej\u00ed bezprobl\u00e9mov\u00e9 skladov\u00e1n\u00ed a p\u0159\u00edpravu.<\/li>\n<li><strong> Nutri\u010dn\u00ed aspekty: <\/strong>Stabilizovan\u00e9 ara\u0161\u00eddov\u00e9 m\u00e1slo si zachov\u00e1v\u00e1 sv\u016fj nutri\u010dn\u00ed profil a z\u00e1rove\u0148 nab\u00edz\u00ed stabiln\u00ed, konzistentn\u00ed produkt. Poskytuje z\u00e1kladn\u00ed \u017eiviny, jako jsou b\u00edlkoviny, zdrav\u00e9 tuky a vitam\u00edny, co\u017e z n\u011bj d\u011bl\u00e1 zdravou volbu pro r\u016fzn\u00e9 diety.<\/li>\n<\/ol>\n<h3><strong>Pro\u010d si vybrat n\u00e1s jako dodavatele?<\/strong><\/h3>\n<ol>\n<li><strong>Pro\u010d jste nejlep\u0161\u00ed volbou pro slu\u017eby OEM stabilizovan\u00e9ho ara\u0161\u00eddov\u00e9ho m\u00e1sla?<\/strong><br \/>\nPoskytujeme p\u0159izp\u016fsoben\u00e1 \u0159e\u0161en\u00ed, vysoce kvalitn\u00ed produkty a rozs\u00e1hl\u00e9 odborn\u00e9 znalosti v oblasti glob\u00e1ln\u00ed v\u00fdroby a exportu.<\/li>\n<li><strong>M\u016f\u017eete upravit texturu, konzistenci a slo\u017een\u00ed?<\/strong><br \/>\nAno, m\u016f\u017eeme p\u0159izp\u016fsobit texturu a vyvinout jedine\u010dn\u00e9 formulace, kter\u00e9 spl\u0148uj\u00ed va\u0161e specifick\u00e9 po\u017eadavky a preference spot\u0159ebitel\u016f.<\/li>\n<li><strong>Jak\u00e9 mo\u017enosti balen\u00ed jsou k dispozici?<\/strong><br \/>\nNab\u00edz\u00edme r\u016fzn\u00e9 p\u0159izp\u016fsobiteln\u00e9 form\u00e1ty balen\u00ed, v\u010detn\u011b sklenic, s\u00e1\u010dk\u016f a velkoobjemov\u00fdch kontejner\u016f, p\u0159izp\u016fsoben\u00fdch pot\u0159eb\u00e1m va\u0161\u00ed zna\u010dky.<\/li>\n<li><strong>Je k dispozici v organick\u00fdch variant\u00e1ch?<\/strong><br \/>\nAbsolutn\u011b! Poskytujeme stabilizovan\u00e9 ara\u0161\u00eddov\u00e9 m\u00e1slo vyroben\u00e9 z organick\u00fdch ara\u0161\u00edd\u016f a p\u0159\u00edrodn\u00edch ingredienc\u00ed.<\/li>\n<li><strong>Jak zaji\u0161\u0165ujete kvalitu?<\/strong><br \/>\nNa\u0161e p\u0159\u00edsn\u00e9 procesy kontroly kvality a certifikace, jako jsou HACCP, BRCGS a Kosher, zaru\u010duj\u00ed, \u017ee ka\u017ed\u00e1 \u0161ar\u017ee spl\u0148uje ty nejvy\u0161\u0161\u00ed standardy.<\/li>\n<li><strong>Jak\u00e9 jsou va\u0161e dodac\u00ed lh\u016fty pro v\u00fdrobu a expedici?<\/strong><br \/>\nDodac\u00ed lh\u016fty se li\u0161\u00ed podle objemu objedn\u00e1vky a m\u00edsta ur\u010den\u00ed, ale zaji\u0161\u0165ujeme efektivn\u00ed v\u00fdrobu a v\u010dasn\u00e9 dod\u00e1vky, obvykle b\u011bhem n\u011bkolika t\u00fddn\u016f.<\/li>\n<li><strong>\u0158e\u0161\u00edte mezin\u00e1rodn\u00ed export?<\/strong><br \/>\nAno, \u0159\u00edd\u00edme v\u0161echny aspekty glob\u00e1ln\u00ed p\u0159epravy a dodr\u017eov\u00e1n\u00ed p\u0159edpis\u016f, abychom zajistili hladk\u00e9 doru\u010den\u00ed.<\/li>\n<li><strong>Jak\u00e9 m\u00e1te certifikace?<\/strong><br \/>\nNa\u0161e stabilizovan\u00e9 ara\u0161\u00eddov\u00e9 m\u00e1slo je certifikov\u00e1no podle HACCP, Kosher, Halal, BRCGS a dal\u0161\u00edch p\u0159\u00edslu\u0161n\u00fdch norem, co\u017e zaji\u0161\u0165uje bezpe\u010dnost a kvalitu produkt\u016f.<\/li>\n<li><strong>M\u016f\u017eeme po\u017e\u00e1dat o vzorky p\u0159ed zad\u00e1n\u00edm \u00fapln\u00e9 objedn\u00e1vky?<\/strong><br \/>\nAno, poskytujeme vzorov\u00e9 \u0161ar\u017ee pro testov\u00e1n\u00ed, abychom zajistili, \u017ee spln\u00ed va\u0161e o\u010dek\u00e1v\u00e1n\u00ed p\u0159ed v\u011bt\u0161\u00edm z\u00e1vazkem.<\/li>\n<\/ol>\n<h3><strong>Fakta o stabilizovan\u00e9m ara\u0161\u00eddov\u00e9m m\u00e1sle\u00a0<\/strong><\/h3>\n<ol>\n<li><strong>\u017d\u00e1dn\u00e9 odd\u011blen\u00ed:<\/strong> Stabilizovan\u00e9 ara\u0161\u00eddov\u00e9 m\u00e1slo se nerozd\u011bl\u00ed na olej a pevn\u00e9 l\u00e1tky, co\u017e zaji\u0161\u0165uje konzistentn\u00ed texturu po celou dobu trvanlivosti.<\/li>\n<li><strong>Prodlou\u017een\u00e1 trvanlivost:<\/strong> M\u00e1 del\u0161\u00ed trvanlivost ve srovn\u00e1n\u00ed s tradi\u010dn\u00edm ara\u0161\u00eddov\u00fdm m\u00e1slem, co\u017e sni\u017euje pot\u0159ebu \u010dast\u00fdch v\u00fdkup\u016f a pl\u00fdtv\u00e1n\u00ed.<\/li>\n<li><strong>Pohodl\u00ed:<\/strong> Ide\u00e1ln\u00ed pro pou\u017eit\u00ed v r\u016fzn\u00fdch aplikac\u00edch, kde je rozhoduj\u00edc\u00ed stabiln\u00ed, rozt\u00edrateln\u00e1 konzistence, jako je v\u00fdroba potravin a maloobchodn\u00ed produkty.<\/li>\n<li><strong>Zadr\u017eov\u00e1n\u00ed \u017eivin:<\/strong> Navzdory sv\u00e9 stabilit\u011b si zachov\u00e1v\u00e1 nutri\u010dn\u00ed v\u00fdhody ara\u0161\u00edd\u016f, v\u010detn\u011b b\u00edlkovin, zdrav\u00fdch tuk\u016f a z\u00e1kladn\u00edch vitam\u00edn\u016f.<\/li>\n<li><strong>V\u0161estrann\u00e9 pou\u017eit\u00ed:<\/strong> Vhodn\u00e9 pro \u0159adu produkt\u016f, od pomaz\u00e1nek a p\u0159esn\u00edd\u00e1vek a\u017e po p\u0159\u00edsadov\u00e9 z\u00e1klady ve zpracovan\u00fdch potravin\u00e1ch.<\/li>\n<\/ol>\n<a href=\"mailto:globepeanut@gmail.com\" class=\"button primary is-primary is-medium\"  >\n    <span>Napi\u0161te n\u00e1m<\/span>\n  <\/a>","protected":false},"excerpt":{"rendered":"<table width=\"564\">\n<tbody>\n<tr>\n<td width=\"113\"><strong>N\u00e1zev produktu<\/strong><\/td>\n<td width=\"402\">Stabilizovan\u00e9 ara\u0161\u00eddov\u00e9 m\u00e1slo<\/td>\n<\/tr>\n<tr>\n<td width=\"113\"><strong>Specifikace<\/strong><\/td>\n<td width=\"402\">10 kg x 1, 20 kg x 1, 22 kg x 1<\/td>\n<\/tr>\n<tr>\n<td width=\"113\"><strong>Bal\u00edc\u00ed formul\u00e1\u0159<\/strong><\/td>\n<td width=\"402\">Sklenice, v\u011bdro, balen\u00ed doy, ta\u0161ka, karton, plechovka, sud, plechovka, l\u00e1hev atd<\/td>\n<\/tr>\n<tr>\n<td width=\"113\"><strong>Dodac\u00ed lh\u016fta<\/strong><\/td>\n<td width=\"402\">7~20 dn\u00ed po objedn\u00e1vce<\/td>\n<\/tr>\n<tr>\n<td width=\"113\"><strong>MOQ<\/strong><\/td>\n<td width=\"402\">Jedna tuna<\/td>\n<\/tr>\n<tr>\n<td width=\"113\"><strong>Ochutnat<\/strong><\/td>\n<td width=\"402\">Vzorek zdarma k dispozici<\/td>\n<\/tr>\n<tr>\n<td width=\"113\"><strong>OEM<\/strong><\/td>\n<td width=\"402\">\u0160t\u00edtek kupuj\u00edc\u00edho p\u0159ijat<\/td>\n<\/tr>\n<\/tbody>\n<\/table>","protected":false},"featured_media":1692,"comment_status":"open","ping_status":"closed","template":"","meta":[],"product_cat":[15],"product_tag":[],"class_list":{"0":"post-1545","1":"product","2":"type-product","3":"status-publish","4":"has-post-thumbnail","6":"product_cat-peanut-butter","8":"first","9":"instock","10":"shipping-taxable","11":"product-type-simple"},"yoast_head":"<!-- This site is optimized with the Yoast SEO plugin v24.9 - https:\/\/yoast.com\/wordpress\/plugins\/seo\/ -->\n<title>Stabilized Peanut Butter China Producer - Peanut Butter Factory<\/title>\n<meta name=\"description\" content=\"Leading stabilized peanut butter OEM private label manufacturer and exporter. High-quality and packaging customized to meet global market demands.\" \/>\n<meta name=\"robots\" content=\"index, follow, max-snippet:-1, max-image-preview:large, max-video-preview:-1\" \/>\n<link rel=\"canonical\" href=\"https:\/\/www.peanutoem.com\/cs\/manufacturer\/stabilized-peanut-butter\/\" \/>\n<meta property=\"og:locale\" content=\"cs_CZ\" \/>\n<meta property=\"og:type\" content=\"article\" \/>\n<meta property=\"og:title\" content=\"Stabilized Peanut Butter China Producer - Peanut Butter Factory\" \/>\n<meta property=\"og:description\" content=\"Leading stabilized peanut butter OEM private label manufacturer and exporter. High-quality and packaging customized to meet global market demands.\" \/>\n<meta property=\"og:url\" content=\"https:\/\/www.peanutoem.com\/cs\/manufacturer\/stabilized-peanut-butter\/\" \/>\n<meta property=\"og:site_name\" content=\"Peanut Butter Factory\" \/>\n<meta property=\"article:modified_time\" content=\"2024-09-28T05:39:23+00:00\" \/>\n<meta property=\"og:image\" content=\"https:\/\/www.peanutoem.com\/wp-content\/uploads\/2024\/09\/Stabilized-Peanut-Butter-in-Jar.webp\" \/>\n\t<meta property=\"og:image:width\" content=\"1000\" \/>\n\t<meta property=\"og:image:height\" content=\"1000\" \/>\n\t<meta property=\"og:image:type\" content=\"image\/webp\" \/>\n<meta name=\"twitter:card\" content=\"summary_large_image\" \/>\n<meta name=\"twitter:label1\" content=\"Odhadovan\u00e1 doba \u010dten\u00ed\" \/>\n\t<meta name=\"twitter:data1\" content=\"4 minuty\" \/>\n<script type=\"application\/ld+json\" class=\"yoast-schema-graph\">{\"@context\":\"https:\/\/schema.org\",\"@graph\":[{\"@type\":\"WebPage\",\"@id\":\"https:\/\/www.peanutoem.com\/manufacturer\/stabilized-peanut-butter\/\",\"url\":\"https:\/\/www.peanutoem.com\/manufacturer\/stabilized-peanut-butter\/\",\"name\":\"Stabilized Peanut Butter China Producer - Peanut Butter Factory\",\"isPartOf\":{\"@id\":\"https:\/\/www.peanutoem.com\/#website\"},\"primaryImageOfPage\":{\"@id\":\"https:\/\/www.peanutoem.com\/manufacturer\/stabilized-peanut-butter\/#primaryimage\"},\"image\":{\"@id\":\"https:\/\/www.peanutoem.com\/manufacturer\/stabilized-peanut-butter\/#primaryimage\"},\"thumbnailUrl\":\"https:\/\/www.peanutoem.com\/wp-content\/uploads\/2024\/09\/Stabilized-Peanut-Butter-in-Jar.webp\",\"datePublished\":\"2024-09-02T13:38:22+00:00\",\"dateModified\":\"2024-09-28T05:39:23+00:00\",\"description\":\"Leading stabilized peanut butter OEM private label manufacturer and exporter. High-quality and packaging customized to meet global market demands.\",\"breadcrumb\":{\"@id\":\"https:\/\/www.peanutoem.com\/manufacturer\/stabilized-peanut-butter\/#breadcrumb\"},\"inLanguage\":\"cs\",\"potentialAction\":[{\"@type\":\"ReadAction\",\"target\":[\"https:\/\/www.peanutoem.com\/manufacturer\/stabilized-peanut-butter\/\"]}]},{\"@type\":\"ImageObject\",\"inLanguage\":\"cs\",\"@id\":\"https:\/\/www.peanutoem.com\/manufacturer\/stabilized-peanut-butter\/#primaryimage\",\"url\":\"https:\/\/www.peanutoem.com\/wp-content\/uploads\/2024\/09\/Stabilized-Peanut-Butter-in-Jar.webp\",\"contentUrl\":\"https:\/\/www.peanutoem.com\/wp-content\/uploads\/2024\/09\/Stabilized-Peanut-Butter-in-Jar.webp\",\"width\":1000,\"height\":1000,\"caption\":\"Stabilized Peanut Butter in Jar\"},{\"@type\":\"BreadcrumbList\",\"@id\":\"https:\/\/www.peanutoem.com\/manufacturer\/stabilized-peanut-butter\/#breadcrumb\",\"itemListElement\":[{\"@type\":\"ListItem\",\"position\":1,\"name\":\"Home\",\"item\":\"https:\/\/www.peanutoem.com\/\"},{\"@type\":\"ListItem\",\"position\":2,\"name\":\"Products\",\"item\":\"https:\/\/www.peanutoem.com\/shop\/\"},{\"@type\":\"ListItem\",\"position\":3,\"name\":\"Stabilized Peanut Butter\"}]},{\"@type\":\"WebSite\",\"@id\":\"https:\/\/www.peanutoem.com\/#website\",\"url\":\"https:\/\/www.peanutoem.com\/\",\"name\":\"Peanut Butter Factory\",\"description\":\"Peanut Butter Manufacturer and Roast Peanut OEM Factory | Peanut Private Label China Supplier\",\"publisher\":{\"@id\":\"https:\/\/www.peanutoem.com\/#organization\"},\"alternateName\":\"Peanut Butter OEM and Wholesale\",\"potentialAction\":[{\"@type\":\"SearchAction\",\"target\":{\"@type\":\"EntryPoint\",\"urlTemplate\":\"https:\/\/www.peanutoem.com\/?s={search_term_string}\"},\"query-input\":{\"@type\":\"PropertyValueSpecification\",\"valueRequired\":true,\"valueName\":\"search_term_string\"}}],\"inLanguage\":\"cs\"},{\"@type\":\"Organization\",\"@id\":\"https:\/\/www.peanutoem.com\/#organization\",\"name\":\"Peanut Butter Factory\",\"alternateName\":\"JuFeng Group\",\"url\":\"https:\/\/www.peanutoem.com\/\",\"logo\":{\"@type\":\"ImageObject\",\"inLanguage\":\"cs\",\"@id\":\"https:\/\/www.peanutoem.com\/#\/schema\/logo\/image\/\",\"url\":\"https:\/\/www.peanutoem.com\/wp-content\/uploads\/2024\/09\/JUFENG-LOGO.png\",\"contentUrl\":\"https:\/\/www.peanutoem.com\/wp-content\/uploads\/2024\/09\/JUFENG-LOGO.png\",\"width\":600,\"height\":170,\"caption\":\"Peanut Butter Factory\"},\"image\":{\"@id\":\"https:\/\/www.peanutoem.com\/#\/schema\/logo\/image\/\"}}]}<\/script>\n<!-- \/ Yoast SEO plugin. -->","yoast_head_json":{"title":"Stabilized Peanut Butter China Producer - Peanut Butter Factory","description":"Leading stabilized peanut butter OEM private label manufacturer and exporter. High-quality and packaging customized to meet global market demands.","robots":{"index":"index","follow":"follow","max-snippet":"max-snippet:-1","max-image-preview":"max-image-preview:large","max-video-preview":"max-video-preview:-1"},"canonical":"https:\/\/www.peanutoem.com\/cs\/manufacturer\/stabilized-peanut-butter\/","og_locale":"cs_CZ","og_type":"article","og_title":"Stabilized Peanut Butter China Producer - Peanut Butter Factory","og_description":"Leading stabilized peanut butter OEM private label manufacturer and exporter. High-quality and packaging customized to meet global market demands.","og_url":"https:\/\/www.peanutoem.com\/cs\/manufacturer\/stabilized-peanut-butter\/","og_site_name":"Peanut Butter Factory","article_modified_time":"2024-09-28T05:39:23+00:00","og_image":[{"width":1000,"height":1000,"url":"https:\/\/www.peanutoem.com\/wp-content\/uploads\/2024\/09\/Stabilized-Peanut-Butter-in-Jar.webp","type":"image\/webp"}],"twitter_card":"summary_large_image","twitter_misc":{"Odhadovan\u00e1 doba \u010dten\u00ed":"4 minuty"},"schema":{"@context":"https:\/\/schema.org","@graph":[{"@type":"WebPage","@id":"https:\/\/www.peanutoem.com\/manufacturer\/stabilized-peanut-butter\/","url":"https:\/\/www.peanutoem.com\/manufacturer\/stabilized-peanut-butter\/","name":"Stabilized Peanut Butter China Producer - Peanut Butter Factory","isPartOf":{"@id":"https:\/\/www.peanutoem.com\/#website"},"primaryImageOfPage":{"@id":"https:\/\/www.peanutoem.com\/manufacturer\/stabilized-peanut-butter\/#primaryimage"},"image":{"@id":"https:\/\/www.peanutoem.com\/manufacturer\/stabilized-peanut-butter\/#primaryimage"},"thumbnailUrl":"https:\/\/www.peanutoem.com\/wp-content\/uploads\/2024\/09\/Stabilized-Peanut-Butter-in-Jar.webp","datePublished":"2024-09-02T13:38:22+00:00","dateModified":"2024-09-28T05:39:23+00:00","description":"Leading stabilized peanut butter OEM private label manufacturer and exporter. High-quality and packaging customized to meet global market demands.","breadcrumb":{"@id":"https:\/\/www.peanutoem.com\/manufacturer\/stabilized-peanut-butter\/#breadcrumb"},"inLanguage":"cs","potentialAction":[{"@type":"ReadAction","target":["https:\/\/www.peanutoem.com\/manufacturer\/stabilized-peanut-butter\/"]}]},{"@type":"ImageObject","inLanguage":"cs","@id":"https:\/\/www.peanutoem.com\/manufacturer\/stabilized-peanut-butter\/#primaryimage","url":"https:\/\/www.peanutoem.com\/wp-content\/uploads\/2024\/09\/Stabilized-Peanut-Butter-in-Jar.webp","contentUrl":"https:\/\/www.peanutoem.com\/wp-content\/uploads\/2024\/09\/Stabilized-Peanut-Butter-in-Jar.webp","width":1000,"height":1000,"caption":"Stabilized Peanut Butter in Jar"},{"@type":"BreadcrumbList","@id":"https:\/\/www.peanutoem.com\/manufacturer\/stabilized-peanut-butter\/#breadcrumb","itemListElement":[{"@type":"ListItem","position":1,"name":"Home","item":"https:\/\/www.peanutoem.com\/"},{"@type":"ListItem","position":2,"name":"Products","item":"https:\/\/www.peanutoem.com\/shop\/"},{"@type":"ListItem","position":3,"name":"Stabilized Peanut Butter"}]},{"@type":"WebSite","@id":"https:\/\/www.peanutoem.com\/#website","url":"https:\/\/www.peanutoem.com\/","name":"Peanut Butter Factory","description":"Peanut Butter Manufacturer and Roast Peanut OEM Factory | Peanut Private Label China Supplier","publisher":{"@id":"https:\/\/www.peanutoem.com\/#organization"},"alternateName":"Peanut Butter OEM and Wholesale","potentialAction":[{"@type":"SearchAction","target":{"@type":"EntryPoint","urlTemplate":"https:\/\/www.peanutoem.com\/?s={search_term_string}"},"query-input":{"@type":"PropertyValueSpecification","valueRequired":true,"valueName":"search_term_string"}}],"inLanguage":"cs"},{"@type":"Organization","@id":"https:\/\/www.peanutoem.com\/#organization","name":"Peanut Butter Factory","alternateName":"JuFeng Group","url":"https:\/\/www.peanutoem.com\/","logo":{"@type":"ImageObject","inLanguage":"cs","@id":"https:\/\/www.peanutoem.com\/#\/schema\/logo\/image\/","url":"https:\/\/www.peanutoem.com\/wp-content\/uploads\/2024\/09\/JUFENG-LOGO.png","contentUrl":"https:\/\/www.peanutoem.com\/wp-content\/uploads\/2024\/09\/JUFENG-LOGO.png","width":600,"height":170,"caption":"Peanut Butter Factory"},"image":{"@id":"https:\/\/www.peanutoem.com\/#\/schema\/logo\/image\/"}}]}},"_links":{"self":[{"href":"https:\/\/www.peanutoem.com\/cs\/wp-json\/wp\/v2\/product\/1545","targetHints":{"allow":["GET"]}}],"collection":[{"href":"https:\/\/www.peanutoem.com\/cs\/wp-json\/wp\/v2\/product"}],"about":[{"href":"https:\/\/www.peanutoem.com\/cs\/wp-json\/wp\/v2\/types\/product"}],"replies":[{"embeddable":true,"href":"https:\/\/www.peanutoem.com\/cs\/wp-json\/wp\/v2\/comments?post=1545"}],"wp:featuredmedia":[{"embeddable":true,"href":"https:\/\/www.peanutoem.com\/cs\/wp-json\/wp\/v2\/media\/1692"}],"wp:attachment":[{"href":"https:\/\/www.peanutoem.com\/cs\/wp-json\/wp\/v2\/media?parent=1545"}],"wp:term":[{"taxonomy":"product_cat","embeddable":true,"href":"https:\/\/www.peanutoem.com\/cs\/wp-json\/wp\/v2\/product_cat?post=1545"},{"taxonomy":"product_tag","embeddable":true,"href":"https:\/\/www.peanutoem.com\/cs\/wp-json\/wp\/v2\/product_tag?post=1545"}],"curies":[{"name":"wp","href":"https:\/\/api.w.org\/{rel}","templated":true}]}}