{"id":1553,"date":"2024-09-02T13:58:23","date_gmt":"2024-09-02T13:58:23","guid":{"rendered":"https:\/\/www.peanutoem.com\/?post_type=product&#038;p=1553"},"modified":"2024-09-24T15:21:33","modified_gmt":"2024-09-24T15:21:33","slug":"roasted-peanut-kernels","status":"publish","type":"product","link":"https:\/\/www.peanutoem.com\/cs\/manufacturer\/roasted-peanut-kernels\/","title":{"rendered":"Pra\u017een\u00e1 j\u00e1dra ara\u0161\u00edd\u016f"},"content":{"rendered":"<h3>Co jsou to pra\u017een\u00e1 j\u00e1dra ara\u0161\u00edd\u016f?<\/h3>\n<p>Pra\u017een\u00e1 j\u00e1dra ara\u0161\u00edd\u016f jsou jedl\u00e1 \u010d\u00e1st sko\u0159\u00e1pky ara\u0161\u00edd\u016f, kter\u00e1 byla pe\u010dliv\u011b pra\u017eena. Proces pra\u017een\u00ed v\u00fdrazn\u011b zv\u00fdraz\u0148uje chu\u0165 a chu\u0165 ara\u0161\u00edd\u016f. Dod\u00e1v\u00e1 ara\u0161\u00edd\u016fm atraktivn\u00ed o\u0159echov\u00e9 aroma a k\u0159upavou texturu, co\u017e z nich d\u011bl\u00e1 obl\u00edbenou sva\u010dinku a nepostradatelnou p\u0159\u00edsadu v mnoha potravin\u00e1ch. Tato pra\u017een\u00e1 j\u00e1dra ara\u0161\u00edd\u016f maj\u00ed \u0161irokou \u0161k\u00e1lu pou\u017eit\u00ed, od klasick\u00e9 v\u00fdroby ara\u0161\u00eddov\u00e9ho m\u00e1sla p\u0159es kreativn\u00ed kombinace v pe\u010den\u00fdch sva\u010din\u00e1ch a cukrovink\u00e1ch a\u017e po p\u0159id\u00e1n\u00ed jedine\u010dn\u00e9 chuti do slan\u00fdch pokrm\u016f.<\/p>\n<h3>Jak\u00e9 jsou dal\u0161\u00ed n\u00e1zvy pro pra\u017een\u00e1 j\u00e1dra ara\u0161\u00edd\u016f?<\/h3>\n<p>Pra\u017een\u00e1 j\u00e1dra ara\u0161\u00edd\u016f jsou n\u011bkdy ozna\u010dov\u00e1na alternativn\u00edmi n\u00e1zvy v z\u00e1vislosti na oblasti nebo jejich aplikaci. Mezi b\u011b\u017en\u00e9 n\u00e1zvy pat\u0159\u00ed:<\/p>\n<ul>\n<li><strong>Pra\u017een\u00e9 podzemnice olejn\u00e9<\/strong> (pou\u017e\u00edv\u00e1 se v n\u011bkter\u00fdch zem\u00edch)<\/li>\n<li><strong>Such\u00e9 pra\u017een\u00e9 ara\u0161\u00eddy<\/strong><\/li>\n<li><strong>Op\u00e9kan\u00e9 ara\u0161\u00eddy<\/strong><\/li>\n<li><strong>Pra\u017een\u00e1 j\u00e1dra o\u0159ech\u016f<\/strong><\/li>\n<\/ul>\n<p>Tyto variace zd\u016fraz\u0148uj\u00ed stejn\u00fd lahodn\u00fd, v\u0161estrann\u00fd produkt vyroben\u00fd z pra\u017een\u00fdch ara\u0161\u00edd\u016f, p\u0159izp\u016fsoben\u00fd r\u016fzn\u00fdm odv\u011btv\u00edm a chut\u00edm.<\/p>\n<h3>Pro\u010d si vybrat n\u00e1s jako sv\u00e9ho OEM dodavatele pra\u017een\u00fdch ara\u0161\u00eddov\u00fdch jader?<\/h3>\n<p>V\u00fdb\u011br <strong>China JuFeng Group<\/strong> znamen\u00e1 partnerstv\u00ed s jedn\u00edm z nejd\u016fv\u011bryhodn\u011bj\u0161\u00edch dodavatel\u016f pra\u017een\u00fdch ara\u0161\u00eddov\u00fdch jader a v\u00fdrobc\u016f priv\u00e1tn\u00edch zna\u010dek. Zde je d\u016fvod, pro\u010d vynik\u00e1me:<\/p>\n<ul>\n<li><strong>Nejmodern\u011bj\u0161\u00ed v\u00fdroba<\/strong>: Se dv\u011bma vysp\u011bl\u00fdmi v\u00fdrobn\u00edmi linkami dovezen\u00fdmi z USA dod\u00e1v\u00e1me trvale vysoce kvalitn\u00ed pra\u017een\u00e1 j\u00e1dra ara\u0161\u00edd\u016f ve velk\u00e9m m\u011b\u0159\u00edtku.<\/li>\n<li><strong>P\u0159izp\u016fsobiteln\u00e1 OEM \u0159e\u0161en\u00ed<\/strong>: Nab\u00edz\u00edme flexibiln\u00ed slu\u017eby OEM a soukrom\u00fdch zna\u010dek, kter\u00e9 klient\u016fm umo\u017e\u0148uj\u00ed p\u0159izp\u016fsobit specifikace produkt\u016f, balen\u00ed a dal\u0161\u00ed, aby vyhovovaly specifick\u00fdm pot\u0159eb\u00e1m trhu.<\/li>\n<li><strong>Certifikace a shoda<\/strong>: Na\u0161e produkty spl\u0148uj\u00ed glob\u00e1ln\u00ed normy bezpe\u010dnosti a kvality, certifikovan\u00e9 certifikacemi BRC, HACCP, Kosher, Halal a EU Organic.<\/li>\n<li><strong>D\u016fv\u011bryhodn\u00fd export\u00e9r<\/strong>: Jako p\u0159edn\u00ed v\u00fdvozce jsme nav\u00e1zali partnerstv\u00ed s velk\u00fdmi supermarkety a potravin\u00e1\u0159sk\u00fdmi zna\u010dkami po cel\u00e9m sv\u011bt\u011b.<\/li>\n<li><strong>Odborn\u00e9 znalosti dodavatelsk\u00e9ho \u0159et\u011bzce<\/strong>: Od zpracov\u00e1n\u00ed po skladov\u00e1n\u00ed zaji\u0161\u0165ujeme v\u010dasn\u00e9 dod\u00e1n\u00ed a kontrolu kvality pomoc\u00ed na\u0161ich vlastn\u00edch za\u0159\u00edzen\u00ed s regulovanou teplotou.<\/li>\n<\/ul>\n<h3>\u017dhav\u00e1 t\u00e9mata o pra\u017een\u00fdch ara\u0161\u00eddov\u00fdch j\u00e1drech<\/h3>\n<ul>\n<li><strong>Udr\u017eitelnost v ara\u0161\u00eddov\u00e9m zem\u011bd\u011blstv\u00ed<\/strong>: Pra\u017een\u00e1 j\u00e1dra ara\u0161\u00edd\u016f, stejn\u011b jako ostatn\u00ed produkty z ara\u0161\u00edd\u016f, maj\u00ed ve srovn\u00e1n\u00ed s jin\u00fdmi o\u0159echy n\u00edzk\u00fd dopad na \u017eivotn\u00ed prost\u0159ed\u00ed, co\u017e z nich \u010din\u00ed ekologickou volbu pro v\u00fdrobce potravin.<\/li>\n<li><strong>Zdravotn\u00ed p\u0159\u00ednosy<\/strong>: Pra\u017een\u00e9 ara\u0161\u00eddy jsou bohat\u00e9 na b\u00edlkoviny, zdrav\u00e9 tuky a vl\u00e1kninu, co\u017e spot\u0159ebitel\u016fm nab\u00edz\u00ed mo\u017enost v\u00fd\u017eivn\u00e9ho ob\u010derstven\u00ed.<\/li>\n<li><strong>Inovace ve zpracov\u00e1n\u00ed ara\u0161\u00edd\u016f<\/strong>: Pr\u016fmysl ara\u0161\u00edd\u016f se neust\u00e1le vyv\u00edj\u00ed s nov\u00fdmi technikami pra\u017een\u00ed, kter\u00e9 zv\u00fdraz\u0148uj\u00ed chu\u0165 a z\u00e1rove\u0148 zachov\u00e1vaj\u00ed \u017eiviny.<\/li>\n<\/ul>\n<h3>V\u00fdb\u011br n\u00e1s a fakta o pra\u017een\u00fdch ara\u0161\u00eddov\u00fdch j\u00e1drech<\/h3>\n<p><strong>1. Co d\u011bl\u00e1 China JuFeng Group p\u0159edn\u00edm dodavatelem pra\u017een\u00fdch ara\u0161\u00eddov\u00fdch jader?<\/strong><br \/>\nSpojujeme \u0161pi\u010dkovou technologii, rozs\u00e1hl\u00e9 zku\u0161enosti a vynikaj\u00edc\u00ed p\u0159izp\u016fsoben\u00ed produkt\u016f, abychom dod\u00e1vali vysoce kvalitn\u00ed j\u00e1dra pra\u017een\u00fdch ara\u0161\u00edd\u016f na glob\u00e1ln\u00ed trhy.<\/p>\n<p><strong>2. Nab\u00edz\u00edte slu\u017eby soukrom\u00fdch zna\u010dek pro pra\u017een\u00e1 j\u00e1dra ara\u0161\u00edd\u016f?<\/strong><br \/>\nAno, poskytujeme flexibiln\u00ed \u0159e\u0161en\u00ed priv\u00e1tn\u00edch zna\u010dek, kter\u00e1 v\u00e1m umo\u017en\u00ed p\u0159izp\u016fsobit balen\u00ed produktu, zna\u010dku a specifikace j\u00e1dra tak, aby vyhovovaly pot\u0159eb\u00e1m va\u0161\u00ed zna\u010dky.<\/p>\n<p><strong>3. Mohu si u v\u00e1s objednat pra\u017een\u00e1 j\u00e1dra ara\u0161\u00edd\u016f?<\/strong><br \/>\nRozhodn\u011b nab\u00edz\u00edme mo\u017enosti hromadn\u00e9ho n\u00e1kupu, abychom uspokojili podniky v\u0161ech velikost\u00ed, v\u010detn\u011b maloobchodn\u00edk\u016f, velkoobchodn\u00edk\u016f a v\u00fdrobc\u016f potravin.<\/p>\n<p><strong>4. Jak\u00e9 certifikace maj\u00ed va\u0161e pra\u017een\u00e1 j\u00e1dra ara\u0161\u00edd\u016f?<\/strong><br \/>\nNa\u0161e produkty spl\u0148uj\u00ed p\u0159\u00edsn\u00e9 mezin\u00e1rodn\u00ed standardy a certifikace v\u010detn\u011b HACCP, BRC, Kosher, Halal a EU Organic.<\/p>\n<p><strong>5. Jak zaji\u0161\u0165ujete kvalitu va\u0161ich pra\u017een\u00fdch ara\u0161\u00eddov\u00fdch jader?<\/strong><br \/>\nM\u00e1me vyhrazenou vlastn\u00ed laborato\u0159, kter\u00e1 prov\u00e1d\u00ed d\u016fkladn\u00e9 testov\u00e1n\u00ed a zaji\u0161\u0165uje, \u017ee ka\u017ed\u00e1 \u0161ar\u017ee spl\u0148uje vysok\u00e9 senzorick\u00e9, fyzik\u00e1ln\u00ed, chemick\u00e9 a mikrobi\u00e1ln\u00ed standardy.<\/p>\n<p><strong>6. M\u016f\u017eete upravit \u00farove\u0148 pra\u017een\u00ed ara\u0161\u00eddov\u00fdch jader?<\/strong><br \/>\nAno, nab\u00edz\u00edme p\u0159izp\u016fsobiteln\u00e9 \u00farovn\u011b pra\u017een\u00ed (sv\u011btl\u00e9, st\u0159edn\u00ed nebo tmav\u00e9 pra\u017een\u00ed) na z\u00e1klad\u011b preferenc\u00ed z\u00e1kazn\u00edka a po\u017eadavk\u016f trhu.<\/p>\n<p><strong>7. Jak jsou va\u0161e pra\u017een\u00e1 j\u00e1dra ara\u0161\u00edd\u016f skladov\u00e1na, aby byla zachov\u00e1na \u010derstvost?<\/strong><br \/>\nNa\u0161e j\u00e1dra jsou skladov\u00e1na v za\u0159\u00edzen\u00edch s \u0159\u00edzenou teplotou, kter\u00e1 zabra\u0148uj\u00ed znehodnocen\u00ed a zachov\u00e1vaj\u00ed integritu produktu b\u011bhem p\u0159epravy a manipulace.<\/p>\n<p><strong>8. Vyv\u00e1\u017e\u00edte pra\u017een\u00e1 j\u00e1dra ara\u0161\u00edd\u016f do zahrani\u010d\u00ed?<\/strong><br \/>\nAno, jsme zku\u0161en\u00fdm export\u00e9rem s glob\u00e1ln\u00ed s\u00edt\u00ed a dod\u00e1v\u00e1me pra\u017een\u00e1 j\u00e1dra ara\u0161\u00edd\u016f na r\u016fzn\u00e9 trhy nap\u0159\u00ed\u010d r\u016fzn\u00fdmi kontinenty.<\/p>\n<p><strong>9. Jsou va\u0161e pra\u017een\u00e1 j\u00e1dra ara\u0161\u00edd\u016f vhodn\u00e1 pro pou\u017eit\u00ed p\u0159i v\u00fdrob\u011b ara\u0161\u00eddov\u00e9ho m\u00e1sla?<\/strong><br \/>\nNa\u0161e pra\u017een\u00e1 j\u00e1dra ara\u0161\u00edd\u016f jsou rozhodn\u011b ide\u00e1ln\u00ed pro pou\u017eit\u00ed p\u0159i v\u00fdrob\u011b ara\u0161\u00eddov\u00e9ho m\u00e1sla a nab\u00edzej\u00ed vynikaj\u00edc\u00ed chu\u0165 a texturu.<\/p>","protected":false},"excerpt":{"rendered":"<p>Jsme v\u00fdrobcem a dodavatelem pra\u017een\u00fdch ara\u0161\u00eddov\u00fdch jader v \u010c\u00edn\u011b<\/p>\n<p>- MOQ: 1 tuna<br \/>\n\u2013 Nab\u00edzen\u00e1 slu\u017eba OEM\/ODM<br \/>\n- K dispozici bezplatn\u00fd vzorek<br \/>\n- P\u0159ijm\u011bte p\u0159izp\u016fsoben\u00ed (specifikace, barva, velikosti, balen\u00ed, design atd.)<\/p>\n<p>Pokud chcete z\u00edskat pra\u017een\u00e1 j\u00e1dra ara\u0161\u00edd\u016f, kontaktujte n\u00e1s.<\/p>","protected":false},"featured_media":1697,"comment_status":"open","ping_status":"closed","template":"","meta":[],"product_cat":[37],"product_tag":[],"class_list":{"0":"post-1553","1":"product","2":"type-product","3":"status-publish","4":"has-post-thumbnail","6":"product_cat-roasted-peanut","8":"first","9":"instock","10":"featured","11":"shipping-taxable","12":"product-type-simple"},"yoast_head":"<!-- This site is optimized with the Yoast SEO plugin v24.9 - https:\/\/yoast.com\/wordpress\/plugins\/seo\/ -->\n<title>Roasted Peanut Kernels - Peanut Butter Factory<\/title>\n<meta name=\"description\" content=\"Premium Roasted Peanut Kernels OEM supplier, private label manufacturer, and exporter. Choose us for superior quality and customizable options.\" \/>\n<meta name=\"robots\" content=\"index, follow, max-snippet:-1, max-image-preview:large, max-video-preview:-1\" \/>\n<link rel=\"canonical\" href=\"https:\/\/www.peanutoem.com\/cs\/manufacturer\/roasted-peanut-kernels\/\" \/>\n<meta property=\"og:locale\" content=\"cs_CZ\" \/>\n<meta property=\"og:type\" content=\"article\" \/>\n<meta property=\"og:title\" content=\"Roasted Peanut Kernels - Peanut Butter Factory\" \/>\n<meta property=\"og:description\" content=\"Premium Roasted Peanut Kernels OEM supplier, private label manufacturer, and exporter. Choose us for superior quality and customizable options.\" \/>\n<meta property=\"og:url\" content=\"https:\/\/www.peanutoem.com\/cs\/manufacturer\/roasted-peanut-kernels\/\" \/>\n<meta property=\"og:site_name\" content=\"Peanut Butter Factory\" \/>\n<meta property=\"article:modified_time\" content=\"2024-09-24T15:21:33+00:00\" \/>\n<meta property=\"og:image\" content=\"https:\/\/www.peanutoem.com\/wp-content\/uploads\/2024\/09\/Roasted-Peanut-Kernels-on-plate-scaled.webp\" \/>\n\t<meta property=\"og:image:width\" content=\"2560\" \/>\n\t<meta property=\"og:image:height\" content=\"1707\" \/>\n\t<meta property=\"og:image:type\" content=\"image\/webp\" \/>\n<meta name=\"twitter:card\" content=\"summary_large_image\" \/>\n<meta name=\"twitter:label1\" content=\"Odhadovan\u00e1 doba \u010dten\u00ed\" \/>\n\t<meta name=\"twitter:data1\" content=\"3 minuty\" \/>\n<script type=\"application\/ld+json\" class=\"yoast-schema-graph\">{\"@context\":\"https:\/\/schema.org\",\"@graph\":[{\"@type\":\"WebPage\",\"@id\":\"https:\/\/www.peanutoem.com\/manufacturer\/roasted-peanut-kernels\/\",\"url\":\"https:\/\/www.peanutoem.com\/manufacturer\/roasted-peanut-kernels\/\",\"name\":\"Roasted Peanut Kernels - Peanut Butter Factory\",\"isPartOf\":{\"@id\":\"https:\/\/www.peanutoem.com\/#website\"},\"primaryImageOfPage\":{\"@id\":\"https:\/\/www.peanutoem.com\/manufacturer\/roasted-peanut-kernels\/#primaryimage\"},\"image\":{\"@id\":\"https:\/\/www.peanutoem.com\/manufacturer\/roasted-peanut-kernels\/#primaryimage\"},\"thumbnailUrl\":\"https:\/\/www.peanutoem.com\/wp-content\/uploads\/2024\/09\/Roasted-Peanut-Kernels-on-plate-scaled.webp\",\"datePublished\":\"2024-09-02T13:58:23+00:00\",\"dateModified\":\"2024-09-24T15:21:33+00:00\",\"description\":\"Premium Roasted Peanut Kernels OEM supplier, private label manufacturer, and exporter. Choose us for superior quality and customizable options.\",\"breadcrumb\":{\"@id\":\"https:\/\/www.peanutoem.com\/manufacturer\/roasted-peanut-kernels\/#breadcrumb\"},\"inLanguage\":\"cs\",\"potentialAction\":[{\"@type\":\"ReadAction\",\"target\":[\"https:\/\/www.peanutoem.com\/manufacturer\/roasted-peanut-kernels\/\"]}]},{\"@type\":\"ImageObject\",\"inLanguage\":\"cs\",\"@id\":\"https:\/\/www.peanutoem.com\/manufacturer\/roasted-peanut-kernels\/#primaryimage\",\"url\":\"https:\/\/www.peanutoem.com\/wp-content\/uploads\/2024\/09\/Roasted-Peanut-Kernels-on-plate-scaled.webp\",\"contentUrl\":\"https:\/\/www.peanutoem.com\/wp-content\/uploads\/2024\/09\/Roasted-Peanut-Kernels-on-plate-scaled.webp\",\"width\":2560,\"height\":1707,\"caption\":\"Roasted Peanut Kernels on plate\"},{\"@type\":\"BreadcrumbList\",\"@id\":\"https:\/\/www.peanutoem.com\/manufacturer\/roasted-peanut-kernels\/#breadcrumb\",\"itemListElement\":[{\"@type\":\"ListItem\",\"position\":1,\"name\":\"Home\",\"item\":\"https:\/\/www.peanutoem.com\/\"},{\"@type\":\"ListItem\",\"position\":2,\"name\":\"Products\",\"item\":\"https:\/\/www.peanutoem.com\/shop\/\"},{\"@type\":\"ListItem\",\"position\":3,\"name\":\"Roasted Peanut Kernels\"}]},{\"@type\":\"WebSite\",\"@id\":\"https:\/\/www.peanutoem.com\/#website\",\"url\":\"https:\/\/www.peanutoem.com\/\",\"name\":\"Peanut Butter Factory\",\"description\":\"Peanut Butter Manufacturer and Roast Peanut OEM Factory | Peanut Private Label China Supplier\",\"publisher\":{\"@id\":\"https:\/\/www.peanutoem.com\/#organization\"},\"alternateName\":\"Peanut Butter OEM and Wholesale\",\"potentialAction\":[{\"@type\":\"SearchAction\",\"target\":{\"@type\":\"EntryPoint\",\"urlTemplate\":\"https:\/\/www.peanutoem.com\/?s={search_term_string}\"},\"query-input\":{\"@type\":\"PropertyValueSpecification\",\"valueRequired\":true,\"valueName\":\"search_term_string\"}}],\"inLanguage\":\"cs\"},{\"@type\":\"Organization\",\"@id\":\"https:\/\/www.peanutoem.com\/#organization\",\"name\":\"Peanut Butter Factory\",\"alternateName\":\"JuFeng Group\",\"url\":\"https:\/\/www.peanutoem.com\/\",\"logo\":{\"@type\":\"ImageObject\",\"inLanguage\":\"cs\",\"@id\":\"https:\/\/www.peanutoem.com\/#\/schema\/logo\/image\/\",\"url\":\"https:\/\/www.peanutoem.com\/wp-content\/uploads\/2024\/09\/JUFENG-LOGO.png\",\"contentUrl\":\"https:\/\/www.peanutoem.com\/wp-content\/uploads\/2024\/09\/JUFENG-LOGO.png\",\"width\":600,\"height\":170,\"caption\":\"Peanut Butter Factory\"},\"image\":{\"@id\":\"https:\/\/www.peanutoem.com\/#\/schema\/logo\/image\/\"}}]}<\/script>\n<!-- \/ Yoast SEO plugin. -->","yoast_head_json":{"title":"Roasted Peanut Kernels - Peanut Butter Factory","description":"Premium Roasted Peanut Kernels OEM supplier, private label manufacturer, and exporter. Choose us for superior quality and customizable options.","robots":{"index":"index","follow":"follow","max-snippet":"max-snippet:-1","max-image-preview":"max-image-preview:large","max-video-preview":"max-video-preview:-1"},"canonical":"https:\/\/www.peanutoem.com\/cs\/manufacturer\/roasted-peanut-kernels\/","og_locale":"cs_CZ","og_type":"article","og_title":"Roasted Peanut Kernels - Peanut Butter Factory","og_description":"Premium Roasted Peanut Kernels OEM supplier, private label manufacturer, and exporter. Choose us for superior quality and customizable options.","og_url":"https:\/\/www.peanutoem.com\/cs\/manufacturer\/roasted-peanut-kernels\/","og_site_name":"Peanut Butter Factory","article_modified_time":"2024-09-24T15:21:33+00:00","og_image":[{"width":2560,"height":1707,"url":"https:\/\/www.peanutoem.com\/wp-content\/uploads\/2024\/09\/Roasted-Peanut-Kernels-on-plate-scaled.webp","type":"image\/webp"}],"twitter_card":"summary_large_image","twitter_misc":{"Odhadovan\u00e1 doba \u010dten\u00ed":"3 minuty"},"schema":{"@context":"https:\/\/schema.org","@graph":[{"@type":"WebPage","@id":"https:\/\/www.peanutoem.com\/manufacturer\/roasted-peanut-kernels\/","url":"https:\/\/www.peanutoem.com\/manufacturer\/roasted-peanut-kernels\/","name":"Roasted Peanut Kernels - Peanut Butter Factory","isPartOf":{"@id":"https:\/\/www.peanutoem.com\/#website"},"primaryImageOfPage":{"@id":"https:\/\/www.peanutoem.com\/manufacturer\/roasted-peanut-kernels\/#primaryimage"},"image":{"@id":"https:\/\/www.peanutoem.com\/manufacturer\/roasted-peanut-kernels\/#primaryimage"},"thumbnailUrl":"https:\/\/www.peanutoem.com\/wp-content\/uploads\/2024\/09\/Roasted-Peanut-Kernels-on-plate-scaled.webp","datePublished":"2024-09-02T13:58:23+00:00","dateModified":"2024-09-24T15:21:33+00:00","description":"Premium Roasted Peanut Kernels OEM supplier, private label manufacturer, and exporter. Choose us for superior quality and customizable options.","breadcrumb":{"@id":"https:\/\/www.peanutoem.com\/manufacturer\/roasted-peanut-kernels\/#breadcrumb"},"inLanguage":"cs","potentialAction":[{"@type":"ReadAction","target":["https:\/\/www.peanutoem.com\/manufacturer\/roasted-peanut-kernels\/"]}]},{"@type":"ImageObject","inLanguage":"cs","@id":"https:\/\/www.peanutoem.com\/manufacturer\/roasted-peanut-kernels\/#primaryimage","url":"https:\/\/www.peanutoem.com\/wp-content\/uploads\/2024\/09\/Roasted-Peanut-Kernels-on-plate-scaled.webp","contentUrl":"https:\/\/www.peanutoem.com\/wp-content\/uploads\/2024\/09\/Roasted-Peanut-Kernels-on-plate-scaled.webp","width":2560,"height":1707,"caption":"Roasted Peanut Kernels on plate"},{"@type":"BreadcrumbList","@id":"https:\/\/www.peanutoem.com\/manufacturer\/roasted-peanut-kernels\/#breadcrumb","itemListElement":[{"@type":"ListItem","position":1,"name":"Home","item":"https:\/\/www.peanutoem.com\/"},{"@type":"ListItem","position":2,"name":"Products","item":"https:\/\/www.peanutoem.com\/shop\/"},{"@type":"ListItem","position":3,"name":"Roasted Peanut Kernels"}]},{"@type":"WebSite","@id":"https:\/\/www.peanutoem.com\/#website","url":"https:\/\/www.peanutoem.com\/","name":"Peanut Butter Factory","description":"Peanut Butter Manufacturer and Roast Peanut OEM Factory | Peanut Private Label China Supplier","publisher":{"@id":"https:\/\/www.peanutoem.com\/#organization"},"alternateName":"Peanut Butter OEM and Wholesale","potentialAction":[{"@type":"SearchAction","target":{"@type":"EntryPoint","urlTemplate":"https:\/\/www.peanutoem.com\/?s={search_term_string}"},"query-input":{"@type":"PropertyValueSpecification","valueRequired":true,"valueName":"search_term_string"}}],"inLanguage":"cs"},{"@type":"Organization","@id":"https:\/\/www.peanutoem.com\/#organization","name":"Peanut Butter Factory","alternateName":"JuFeng Group","url":"https:\/\/www.peanutoem.com\/","logo":{"@type":"ImageObject","inLanguage":"cs","@id":"https:\/\/www.peanutoem.com\/#\/schema\/logo\/image\/","url":"https:\/\/www.peanutoem.com\/wp-content\/uploads\/2024\/09\/JUFENG-LOGO.png","contentUrl":"https:\/\/www.peanutoem.com\/wp-content\/uploads\/2024\/09\/JUFENG-LOGO.png","width":600,"height":170,"caption":"Peanut Butter Factory"},"image":{"@id":"https:\/\/www.peanutoem.com\/#\/schema\/logo\/image\/"}}]}},"_links":{"self":[{"href":"https:\/\/www.peanutoem.com\/cs\/wp-json\/wp\/v2\/product\/1553","targetHints":{"allow":["GET"]}}],"collection":[{"href":"https:\/\/www.peanutoem.com\/cs\/wp-json\/wp\/v2\/product"}],"about":[{"href":"https:\/\/www.peanutoem.com\/cs\/wp-json\/wp\/v2\/types\/product"}],"replies":[{"embeddable":true,"href":"https:\/\/www.peanutoem.com\/cs\/wp-json\/wp\/v2\/comments?post=1553"}],"wp:featuredmedia":[{"embeddable":true,"href":"https:\/\/www.peanutoem.com\/cs\/wp-json\/wp\/v2\/media\/1697"}],"wp:attachment":[{"href":"https:\/\/www.peanutoem.com\/cs\/wp-json\/wp\/v2\/media?parent=1553"}],"wp:term":[{"taxonomy":"product_cat","embeddable":true,"href":"https:\/\/www.peanutoem.com\/cs\/wp-json\/wp\/v2\/product_cat?post=1553"},{"taxonomy":"product_tag","embeddable":true,"href":"https:\/\/www.peanutoem.com\/cs\/wp-json\/wp\/v2\/product_tag?post=1553"}],"curies":[{"name":"wp","href":"https:\/\/api.w.org\/{rel}","templated":true}]}}