{"id":1554,"date":"2024-09-02T13:59:01","date_gmt":"2024-09-02T13:59:01","guid":{"rendered":"https:\/\/www.peanutoem.com\/?post_type=product&#038;p=1554"},"modified":"2024-09-28T05:11:42","modified_gmt":"2024-09-28T05:11:42","slug":"roasted-blanched-peanut","status":"publish","type":"product","link":"https:\/\/www.peanutoem.com\/cs\/manufacturer\/roasted-blanched-peanut\/","title":{"rendered":"Pra\u017een\u00fd blan\u0161\u00edrovan\u00fd ara\u0161\u00edd"},"content":{"rendered":"<h3><strong>Co je pra\u017een\u00fd blan\u0161\u00edrovan\u00fd ara\u0161\u00edd?<\/strong><\/h3>\n<p>Pra\u017een\u00fd blan\u0161\u00edrovan\u00fd ara\u0161\u00edd proch\u00e1z\u00ed specifick\u00fdm dvoustup\u0148ov\u00fdm procesem. Nejprve se surov\u00e9 ara\u0161\u00eddy blan\u0161\u00edruj\u00ed, co\u017e zahrnuje odstran\u011bn\u00ed vn\u011bj\u0161\u00ed slupky zah\u0159\u00e1t\u00edm a jemn\u00fdmi mechanick\u00fdmi prost\u0159edky. N\u00e1sledn\u011b jsou pra\u017een\u00e9 k dokonalosti, v\u00fdsledkem je bohat\u00e1, o\u0159echov\u00e1 chu\u0165 a k\u0159upav\u00e1 textura. Tyto ara\u0161\u00eddy jsou ide\u00e1ln\u00ed pro r\u016fzn\u00e9 aplikace, v\u010detn\u011b v\u00fdroby snack\u016f, cukrovinek, v\u00fdroby ara\u0161\u00eddov\u00e9ho m\u00e1sla a jako p\u0159\u00edsady do slan\u00fdch j\u00eddel.<\/p>\n<p>Blan\u0161\u00edrovan\u00e9 pra\u017een\u00e9 ara\u0161\u00eddy nav\u00edc nab\u00edzej\u00ed dal\u0161\u00ed v\u00fdhodu \u010dist\u00e9ho a hladk\u00e9ho vzhledu. Tato kvalita je \u010din\u00ed vysoce \u017e\u00e1douc\u00edmi pro produkty, kde je rozhoduj\u00edc\u00ed vizu\u00e1ln\u00ed p\u0159ita\u017elivost a jednotnost.<\/p>\n<h3><strong>Jak\u00e9 jsou jin\u00e9 n\u00e1zvy pro pra\u017een\u00e9 blan\u0161\u00edrovan\u00e9 ara\u0161\u00eddy?<\/strong><\/h3>\n<p>Pra\u017een\u00e9 blan\u0161\u00edrovan\u00e9 ara\u0161\u00eddy mohou b\u00fdt ozna\u010dov\u00e1ny n\u011bkolika n\u00e1zvy v z\u00e1vislosti na region\u00e1ln\u00edch preferenc\u00edch nebo pr\u016fmyslov\u00e9m pou\u017eit\u00ed:<\/p>\n<ul>\n<li>Pra\u017een\u00e9 ara\u0161\u00eddy bez k\u016f\u017ee<\/li>\n<li>Blan\u0161\u00edrovan\u00e9 a pra\u017een\u00e9 ara\u0161\u00eddy<\/li>\n<li>Pra\u017een\u00e9 b\u00edl\u00e9 ara\u0161\u00eddy<\/li>\n<li>Blan\u0161\u00edrovan\u00e9 ara\u0161\u00eddy<\/li>\n<li>Blan\u0161\u00edrovan\u00e1 j\u00e1dra ara\u0161\u00edd\u016f<\/li>\n<li>Ara\u0161\u00eddy cel\u00e9 blan\u0161\u00edrovan\u00e9 pra\u017een\u00e9<\/li>\n<\/ul>\n<p>Tyto n\u00e1zvy odr\u00e1\u017eej\u00ed proces p\u0159\u00edpravy, kdy se p\u0159ed pra\u017een\u00edm odstran\u00ed slupky ara\u0161\u00edd\u016f, v\u00fdsledkem je hladk\u00fd a p\u0159ita\u017eliv\u00fd kone\u010dn\u00fd produkt.<\/p>\n<h3><img loading=\"lazy\" decoding=\"async\" class=\"alignnone wp-image-1702 size-full\" src=\"https:\/\/www.peanutoem.com\/wp-content\/uploads\/2024\/09\/Whole-Roasted-Blanched-Peanut-.webp\" alt=\"Cel\u00e9 pra\u017een\u00e9 blan\u0161\u00edrovan\u00e9 ara\u0161\u00eddy\" width=\"1000\" height=\"1000\" srcset=\"https:\/\/www.peanutoem.com\/wp-content\/uploads\/2024\/09\/Whole-Roasted-Blanched-Peanut-.webp 1000w, https:\/\/www.peanutoem.com\/wp-content\/uploads\/2024\/09\/Whole-Roasted-Blanched-Peanut--300x300.webp 300w, https:\/\/www.peanutoem.com\/wp-content\/uploads\/2024\/09\/Whole-Roasted-Blanched-Peanut--150x150.webp 150w, https:\/\/www.peanutoem.com\/wp-content\/uploads\/2024\/09\/Whole-Roasted-Blanched-Peanut--768x768.webp 768w, https:\/\/www.peanutoem.com\/wp-content\/uploads\/2024\/09\/Whole-Roasted-Blanched-Peanut--12x12.webp 12w, https:\/\/www.peanutoem.com\/wp-content\/uploads\/2024\/09\/Whole-Roasted-Blanched-Peanut--600x600.webp 600w, https:\/\/www.peanutoem.com\/wp-content\/uploads\/2024\/09\/Whole-Roasted-Blanched-Peanut--100x100.webp 100w\" sizes=\"auto, (max-width: 1000px) 100vw, 1000px\" \/><\/h3>\n<h3><strong>Pro\u010d si vybrat n\u00e1s jako sv\u00e9ho OEM dodavatele pra\u017een\u00fdch blan\u0161\u00edrovan\u00fdch ara\u0161\u00edd\u016f?<\/strong><\/h3>\n<p>M\u00e1me vedouc\u00ed postaven\u00ed na trhu ve v\u00fdrob\u011b pra\u017een\u00fdch blan\u0161\u00edrovan\u00fdch ara\u0161\u00edd\u016f a nab\u00edz\u00edme jak pra\u017een\u00e9 blan\u0161\u00edrovan\u00e9 ara\u0161\u00eddy cel\u00e9, tak pra\u017een\u00e9 blan\u0161\u00edrovan\u00e9 p\u016flky ara\u0161\u00edd\u016f. Zde je d\u016fvod, pro\u010d jsme va\u0161\u00edm nejlep\u0161\u00edm partnerem:<\/p>\n<ul>\n<li><strong>Odbornost v OEM \u0159e\u0161en\u00ed<\/strong>: D\u00edky na\u0161im pokro\u010dil\u00fdm v\u00fdrobn\u00edm mo\u017enostem nab\u00edz\u00edme p\u0159izp\u016fsoben\u00e9 OEM slu\u017eby, kter\u00e9 spl\u0148uj\u00ed specifikace va\u0161eho produktu, od \u00farovn\u00ed pra\u017een\u00ed a\u017e po po\u017eadavky na balen\u00ed.<\/li>\n<li><strong>V\u00fdroba soukrom\u00fdch zna\u010dek<\/strong>: Specializujeme se na v\u00fdrobu priv\u00e1tn\u00edch zna\u010dek, co\u017e zna\u010dk\u00e1m umo\u017e\u0148uje vyu\u017e\u00edt na\u0161e odborn\u00e9 znalosti p\u0159i v\u00fdvoji vlastn\u00edch odli\u0161n\u00fdch produkt\u016f.<\/li>\n<li><strong>Glob\u00e1ln\u00ed exportn\u00ed schopnosti<\/strong>: Jako zku\u0161en\u00fd v\u00fdvozce poskytujeme klient\u016fm po cel\u00e9m sv\u011bt\u011b efektivn\u00ed logistiku a konzistentn\u00ed kvalitu.<\/li>\n<li><strong>Certifikovan\u00e9 zaji\u0161t\u011bn\u00ed kvality<\/strong>: Na\u0161e produkty jsou certifikov\u00e1ny podle norem HACCP, BRCGS, Halal, Kosher a EU Organic, co\u017e zaji\u0161\u0165uje soulad s glob\u00e1ln\u00edmi p\u0159edpisy o bezpe\u010dnosti a kvalit\u011b potravin.<\/li>\n<li><strong>Udr\u017eitelnost a spolehlivost<\/strong>: Up\u0159ednost\u0148ujeme udr\u017eiteln\u00e9 v\u00fdrobn\u00ed metody a udr\u017eujeme silnou spolehlivost dodavatelsk\u00e9ho \u0159et\u011bzce, abychom vyhov\u011bli pot\u0159eb\u00e1m na\u0161ich klient\u016f po cel\u00e9m sv\u011bt\u011b.<\/li>\n<\/ul>\n<h3><strong>\u017dhav\u00e1 t\u00e9mata o pra\u017een\u00fdch blan\u0161\u00edrovan\u00fdch ara\u0161\u00eddech<\/strong><\/h3>\n<ul>\n<li><strong>Cel\u00e1 vs. poloviny<\/strong>: Pochopen\u00ed p\u0159\u00edpad\u016f pou\u017eit\u00ed pro pra\u017een\u00e9 blan\u0161\u00edrovan\u00e9 ara\u0161\u00eddy cel\u00e9 versus pra\u017een\u00e9 blan\u0161\u00edrovan\u00e9 p\u016flky ara\u0161\u00edd\u016f je pro v\u00fdrobce z\u00e1sadn\u00ed. Cel\u00e9 ara\u0161\u00eddy se \u010dasto pou\u017e\u00edvaj\u00ed v pr\u00e9miov\u00fdch sva\u010dinov\u00fdch v\u00fdrobc\u00edch, zat\u00edmco poloviny jsou preferov\u00e1ny pro v\u00fdrobu potravin, pe\u010den\u00ed a ara\u0161\u00eddov\u00e9 m\u00e1slo.<\/li>\n<li><strong>Zdravotn\u00ed p\u0159\u00ednosy pra\u017een\u00fdch blan\u0161\u00edrovan\u00fdch ara\u0161\u00edd\u016f<\/strong>: Blan\u0161\u00edrovan\u00e9 ara\u0161\u00eddy si zachov\u00e1vaj\u00ed mnoho nutri\u010dn\u00edch v\u00fdhod syrov\u00fdch ara\u0161\u00edd\u016f, v\u010detn\u011b b\u00edlkovin, zdrav\u00fdch tuk\u016f a z\u00e1kladn\u00edch vitam\u00edn\u016f a miner\u00e1l\u016f, co\u017e z nich d\u011bl\u00e1 chytrou volbu pro spot\u0159ebitele, kte\u0159\u00ed dbaj\u00ed na sv\u00e9 zdrav\u00ed.<\/li>\n<li><strong>Rostouc\u00ed popt\u00e1vka po ingredienc\u00edch Clean-Label<\/strong>: Vzhledem k tomu, \u017ee st\u00e1le v\u00edce spot\u0159ebitel\u016f hled\u00e1 produkty s minim\u00e1ln\u00edm zpracov\u00e1n\u00edm, jsou pra\u017een\u00e9 blan\u0161\u00edrovan\u00e9 ara\u0161\u00eddy vynikaj\u00edc\u00ed volbou p\u0159\u00edsad pro ob\u010derstven\u00ed a potravin\u00e1\u0159sk\u00e9 produkty uv\u00e1d\u011bn\u00e9 na trh jako \u201e\u010dist\u00e9 ozna\u010den\u00ed\u201c.<\/li>\n<li><strong>Udr\u017eitelnost ara\u0161\u00edd\u016f a dopad na \u017eivotn\u00ed prost\u0159ed\u00ed<\/strong>: Ve srovn\u00e1n\u00ed s jin\u00fdmi o\u0159echy vy\u017eaduj\u00ed ara\u0161\u00eddy, v\u010detn\u011b blan\u0161\u00edrovan\u00fdch odr\u016fd, m\u00e9n\u011b zdroj\u016f k r\u016fstu, co\u017e z nich \u010din\u00ed udr\u017eitelnou volbu pro potravin\u00e1\u0159sk\u00e9 spole\u010dnosti, kter\u00e9 cht\u011bj\u00ed sn\u00ed\u017eit svou ekologickou stopu.<\/li>\n<\/ul>\n<h3><strong>\u010casto kladen\u00e9 ot\u00e1zky o na\u0161\u00ed roli jako v\u00fdrobce pra\u017een\u00fdch blan\u0161\u00edrovan\u00fdch ara\u0161\u00edd\u016f<\/strong><\/h3>\n<ol>\n<li><strong>Jak\u00e9 jsou v\u00fdhody blan\u0161\u00edrovan\u00fdch ara\u0161\u00edd\u016f?<\/strong><br \/>\nBlan\u0161\u00edrovan\u00e9 ara\u0161\u00eddy maj\u00ed odstran\u011bn\u00e9 slupky, poskytuj\u00ed \u010dist\u0161\u00ed vzhled a konzistentn\u00ed texturu, ide\u00e1ln\u00ed pro ob\u010derstven\u00ed a vizu\u00e1ln\u011b \u0159\u00edzen\u00e9 produkty.<\/li>\n<li><strong>Poskytujete mo\u017enosti soukrom\u00fdch zna\u010dek?<\/strong><br \/>\nAno, specializujeme se na v\u00fdrobu priv\u00e1tn\u00edch zna\u010dek s \u00fapln\u00fdm p\u0159izp\u016fsoben\u00edm pro obaly a specifikace va\u0161\u00ed zna\u010dky.<\/li>\n<li><strong>Mohu p\u0159izp\u016fsobit \u00farove\u0148 pra\u017een\u00ed?<\/strong><br \/>\nAbsolutn\u011b! Nab\u00edz\u00edme mo\u017enosti pra\u017een\u00ed od sv\u011btl\u00e9ho po tmav\u00e9, p\u0159izp\u016fsoben\u00e9 va\u0161im preferenc\u00edm a pot\u0159eb\u00e1m trhu.<\/li>\n<li><strong>Jak udr\u017eujete \u010derstvost?<\/strong><br \/>\nAra\u0161\u00eddy skladujeme v za\u0159\u00edzen\u00edch s \u0159\u00edzenou teplotou, abychom zajistili, \u017ee b\u011bhem skladov\u00e1n\u00ed a p\u0159epravy z\u016fstanou \u010derstv\u00e9 a vysoce kvalitn\u00ed.<\/li>\n<li><strong>Exportujete glob\u00e1ln\u011b?<\/strong><br \/>\nAno, m\u00e1me rozs\u00e1hl\u00e9 zku\u0161enosti s exportem pra\u017een\u00fdch blan\u0161\u00edrovan\u00fdch ara\u0161\u00edd\u016f na r\u016fzn\u00e9 mezin\u00e1rodn\u00ed trhy s efektivn\u00ed logistikou.<\/li>\n<li><strong>Jak\u00e1 je trvanlivost va\u0161ich ara\u0161\u00edd\u016f?<\/strong><br \/>\nNa\u0161e pra\u017een\u00e9 blan\u0161\u00edrovan\u00e9 ara\u0161\u00eddy vydr\u017e\u00ed p\u0159i spr\u00e1vn\u00e9m skladov\u00e1n\u00ed 12 a\u017e 18 m\u011bs\u00edc\u016f, co\u017e zaji\u0161\u0165uje trvalou \u010derstvost a chu\u0165.<\/li>\n<li><strong>Jak\u00e1 jsou b\u011b\u017en\u00e1 pou\u017eit\u00ed pra\u017een\u00fdch blan\u0161\u00edrovan\u00fdch ara\u0161\u00edd\u016f?<\/strong><br \/>\nJsou obl\u00edben\u00e9 v ob\u010derstven\u00ed, cukrovink\u00e1ch, ara\u0161\u00eddov\u00e9m m\u00e1sle a jako p\u0159\u00edsady do slan\u00fdch a pe\u010den\u00fdch v\u00fdrobk\u016f.<\/li>\n<li><strong>Jak jsou na tom pra\u017een\u00e9 blan\u0161\u00edrovan\u00e9 ara\u0161\u00eddy v porovn\u00e1n\u00ed s jin\u00fdmi odr\u016fdami?<\/strong><br \/>\nPra\u017een\u00e9 blan\u0161\u00edrovan\u00e9 ara\u0161\u00eddy maj\u00ed hlad\u0161\u00ed a \u010dist\u0161\u00ed vzhled, proto\u017ee jsou odstran\u011bny slupky. D\u00edky t\u00e9to kvalit\u011b jsou ide\u00e1ln\u00ed pro pr\u00e9miov\u00e9 produkty vy\u017eaduj\u00edc\u00ed konzistentn\u00ed texturu.<\/li>\n<\/ol>\n<div class=\"flex max-w-full flex-col flex-grow\">\n<div class=\"min-h-8 text-message flex w-full flex-col items-end gap-2 whitespace-normal break-words [.text-message+&amp;]:mt-5\" dir=\"auto\" data-message-author-role=\"assistant\" data-message-id=\"31ea6229-78d6-4c3f-8f61-fea9e8392c9b\">\n<div class=\"flex w-full flex-col gap-1 empty:hidden first:pt-[3px]\">\n<div class=\"markdown prose w-full break-words dark:prose-invert dark\">\n<a href=\"mailto:globepeanut@gmail.com\" class=\"button primary is-primary is-medium\"  >\n    <span>Napi\u0161te n\u00e1m<\/span>\n  <\/a>\n\n<\/div>\n<\/div>\n<\/div>\n<\/div>\n<div class=\"mb-2 flex gap-3 empty:hidden -ml-2\">\n<div class=\"items-center justify-start rounded-xl p-1 flex\"><\/div>\n<\/div>","protected":false},"excerpt":{"rendered":"<p>Jsme v\u00fdrobcem a dodavatelem pra\u017een\u00fdch blan\u0161\u00edrovan\u00fdch ara\u0161\u00edd\u016f v \u010c\u00edn\u011b<\/p>\n<p>- MOQ: 1 tuna<br \/>\n\u2013 Nab\u00edzen\u00e1 slu\u017eba OEM\/ODM<br \/>\n- K dispozici bezplatn\u00fd vzorek<br \/>\n- P\u0159ijm\u011bte p\u0159izp\u016fsoben\u00ed (specifikace, velikosti, barva, design atd.)<br \/>\n\u2013 Typ: pra\u017een\u00e9 ara\u0161\u00eddy cel\u00e9, pra\u017een\u00e9 ara\u0161\u00eddy p\u016flky<\/p>\n<p>Pokud chcete z\u00edskat ceny pra\u017een\u00fdch blan\u0161\u00edrovan\u00fdch ara\u0161\u00edd\u016f, kontaktujte n\u00e1s.<\/p>","protected":false},"featured_media":1701,"comment_status":"open","ping_status":"closed","template":"","meta":[],"product_cat":[37],"product_tag":[],"class_list":{"0":"post-1554","1":"product","2":"type-product","3":"status-publish","4":"has-post-thumbnail","6":"product_cat-roasted-peanut","8":"first","9":"instock","10":"shipping-taxable","11":"product-type-simple"},"yoast_head":"<!-- This site is optimized with the Yoast SEO plugin v24.9 - https:\/\/yoast.com\/wordpress\/plugins\/seo\/ -->\n<title>Roasted Blanched Peanut China Wholesaler - Peanut Butter Factory<\/title>\n<meta name=\"description\" content=\"High-quality Roasted Blanched Peanut OEM supplier, private label manufacturer, and exporter. Choose us for customizable solutions and global expertise.\" \/>\n<meta name=\"robots\" content=\"index, follow, max-snippet:-1, max-image-preview:large, max-video-preview:-1\" \/>\n<link rel=\"canonical\" href=\"https:\/\/www.peanutoem.com\/cs\/manufacturer\/roasted-blanched-peanut\/\" \/>\n<meta property=\"og:locale\" content=\"cs_CZ\" \/>\n<meta property=\"og:type\" content=\"article\" \/>\n<meta property=\"og:title\" content=\"Roasted Blanched Peanut China Wholesaler - Peanut Butter Factory\" \/>\n<meta property=\"og:description\" content=\"High-quality Roasted Blanched Peanut OEM supplier, private label manufacturer, and exporter. Choose us for customizable solutions and global expertise.\" \/>\n<meta property=\"og:url\" content=\"https:\/\/www.peanutoem.com\/cs\/manufacturer\/roasted-blanched-peanut\/\" \/>\n<meta property=\"og:site_name\" content=\"Peanut Butter Factory\" \/>\n<meta property=\"article:modified_time\" content=\"2024-09-28T05:11:42+00:00\" \/>\n<meta property=\"og:image\" content=\"https:\/\/www.peanutoem.com\/wp-content\/uploads\/2024\/09\/Whole-Roast-Blanched-Peanut-.webp\" \/>\n\t<meta property=\"og:image:width\" content=\"1000\" \/>\n\t<meta property=\"og:image:height\" content=\"1000\" \/>\n\t<meta property=\"og:image:type\" content=\"image\/webp\" \/>\n<meta name=\"twitter:card\" content=\"summary_large_image\" \/>\n<meta name=\"twitter:label1\" content=\"Odhadovan\u00e1 doba \u010dten\u00ed\" \/>\n\t<meta name=\"twitter:data1\" content=\"4 minuty\" \/>\n<script type=\"application\/ld+json\" class=\"yoast-schema-graph\">{\"@context\":\"https:\/\/schema.org\",\"@graph\":[{\"@type\":\"WebPage\",\"@id\":\"https:\/\/www.peanutoem.com\/manufacturer\/roasted-blanched-peanut\/\",\"url\":\"https:\/\/www.peanutoem.com\/manufacturer\/roasted-blanched-peanut\/\",\"name\":\"Roasted Blanched Peanut China Wholesaler - Peanut Butter Factory\",\"isPartOf\":{\"@id\":\"https:\/\/www.peanutoem.com\/#website\"},\"primaryImageOfPage\":{\"@id\":\"https:\/\/www.peanutoem.com\/manufacturer\/roasted-blanched-peanut\/#primaryimage\"},\"image\":{\"@id\":\"https:\/\/www.peanutoem.com\/manufacturer\/roasted-blanched-peanut\/#primaryimage\"},\"thumbnailUrl\":\"https:\/\/www.peanutoem.com\/wp-content\/uploads\/2024\/09\/Whole-Roast-Blanched-Peanut-.webp\",\"datePublished\":\"2024-09-02T13:59:01+00:00\",\"dateModified\":\"2024-09-28T05:11:42+00:00\",\"description\":\"High-quality Roasted Blanched Peanut OEM supplier, private label manufacturer, and exporter. Choose us for customizable solutions and global expertise.\",\"breadcrumb\":{\"@id\":\"https:\/\/www.peanutoem.com\/manufacturer\/roasted-blanched-peanut\/#breadcrumb\"},\"inLanguage\":\"cs\",\"potentialAction\":[{\"@type\":\"ReadAction\",\"target\":[\"https:\/\/www.peanutoem.com\/manufacturer\/roasted-blanched-peanut\/\"]}]},{\"@type\":\"ImageObject\",\"inLanguage\":\"cs\",\"@id\":\"https:\/\/www.peanutoem.com\/manufacturer\/roasted-blanched-peanut\/#primaryimage\",\"url\":\"https:\/\/www.peanutoem.com\/wp-content\/uploads\/2024\/09\/Whole-Roast-Blanched-Peanut-.webp\",\"contentUrl\":\"https:\/\/www.peanutoem.com\/wp-content\/uploads\/2024\/09\/Whole-Roast-Blanched-Peanut-.webp\",\"width\":1000,\"height\":1000,\"caption\":\"Whole Roast Blanched Peanut\"},{\"@type\":\"BreadcrumbList\",\"@id\":\"https:\/\/www.peanutoem.com\/manufacturer\/roasted-blanched-peanut\/#breadcrumb\",\"itemListElement\":[{\"@type\":\"ListItem\",\"position\":1,\"name\":\"Home\",\"item\":\"https:\/\/www.peanutoem.com\/\"},{\"@type\":\"ListItem\",\"position\":2,\"name\":\"Products\",\"item\":\"https:\/\/www.peanutoem.com\/shop\/\"},{\"@type\":\"ListItem\",\"position\":3,\"name\":\"Roasted Blanched Peanut\"}]},{\"@type\":\"WebSite\",\"@id\":\"https:\/\/www.peanutoem.com\/#website\",\"url\":\"https:\/\/www.peanutoem.com\/\",\"name\":\"Peanut Butter Factory\",\"description\":\"Peanut Butter Manufacturer and Roast Peanut OEM Factory | Peanut Private Label China Supplier\",\"publisher\":{\"@id\":\"https:\/\/www.peanutoem.com\/#organization\"},\"alternateName\":\"Peanut Butter OEM and Wholesale\",\"potentialAction\":[{\"@type\":\"SearchAction\",\"target\":{\"@type\":\"EntryPoint\",\"urlTemplate\":\"https:\/\/www.peanutoem.com\/?s={search_term_string}\"},\"query-input\":{\"@type\":\"PropertyValueSpecification\",\"valueRequired\":true,\"valueName\":\"search_term_string\"}}],\"inLanguage\":\"cs\"},{\"@type\":\"Organization\",\"@id\":\"https:\/\/www.peanutoem.com\/#organization\",\"name\":\"Peanut Butter Factory\",\"alternateName\":\"JuFeng Group\",\"url\":\"https:\/\/www.peanutoem.com\/\",\"logo\":{\"@type\":\"ImageObject\",\"inLanguage\":\"cs\",\"@id\":\"https:\/\/www.peanutoem.com\/#\/schema\/logo\/image\/\",\"url\":\"https:\/\/www.peanutoem.com\/wp-content\/uploads\/2024\/09\/JUFENG-LOGO.png\",\"contentUrl\":\"https:\/\/www.peanutoem.com\/wp-content\/uploads\/2024\/09\/JUFENG-LOGO.png\",\"width\":600,\"height\":170,\"caption\":\"Peanut Butter Factory\"},\"image\":{\"@id\":\"https:\/\/www.peanutoem.com\/#\/schema\/logo\/image\/\"}}]}<\/script>\n<!-- \/ Yoast SEO plugin. -->","yoast_head_json":{"title":"Roasted Blanched Peanut China Wholesaler - Peanut Butter Factory","description":"High-quality Roasted Blanched Peanut OEM supplier, private label manufacturer, and exporter. Choose us for customizable solutions and global expertise.","robots":{"index":"index","follow":"follow","max-snippet":"max-snippet:-1","max-image-preview":"max-image-preview:large","max-video-preview":"max-video-preview:-1"},"canonical":"https:\/\/www.peanutoem.com\/cs\/manufacturer\/roasted-blanched-peanut\/","og_locale":"cs_CZ","og_type":"article","og_title":"Roasted Blanched Peanut China Wholesaler - Peanut Butter Factory","og_description":"High-quality Roasted Blanched Peanut OEM supplier, private label manufacturer, and exporter. Choose us for customizable solutions and global expertise.","og_url":"https:\/\/www.peanutoem.com\/cs\/manufacturer\/roasted-blanched-peanut\/","og_site_name":"Peanut Butter Factory","article_modified_time":"2024-09-28T05:11:42+00:00","og_image":[{"width":1000,"height":1000,"url":"https:\/\/www.peanutoem.com\/wp-content\/uploads\/2024\/09\/Whole-Roast-Blanched-Peanut-.webp","type":"image\/webp"}],"twitter_card":"summary_large_image","twitter_misc":{"Odhadovan\u00e1 doba \u010dten\u00ed":"4 minuty"},"schema":{"@context":"https:\/\/schema.org","@graph":[{"@type":"WebPage","@id":"https:\/\/www.peanutoem.com\/manufacturer\/roasted-blanched-peanut\/","url":"https:\/\/www.peanutoem.com\/manufacturer\/roasted-blanched-peanut\/","name":"Roasted Blanched Peanut China Wholesaler - Peanut Butter Factory","isPartOf":{"@id":"https:\/\/www.peanutoem.com\/#website"},"primaryImageOfPage":{"@id":"https:\/\/www.peanutoem.com\/manufacturer\/roasted-blanched-peanut\/#primaryimage"},"image":{"@id":"https:\/\/www.peanutoem.com\/manufacturer\/roasted-blanched-peanut\/#primaryimage"},"thumbnailUrl":"https:\/\/www.peanutoem.com\/wp-content\/uploads\/2024\/09\/Whole-Roast-Blanched-Peanut-.webp","datePublished":"2024-09-02T13:59:01+00:00","dateModified":"2024-09-28T05:11:42+00:00","description":"High-quality Roasted Blanched Peanut OEM supplier, private label manufacturer, and exporter. Choose us for customizable solutions and global expertise.","breadcrumb":{"@id":"https:\/\/www.peanutoem.com\/manufacturer\/roasted-blanched-peanut\/#breadcrumb"},"inLanguage":"cs","potentialAction":[{"@type":"ReadAction","target":["https:\/\/www.peanutoem.com\/manufacturer\/roasted-blanched-peanut\/"]}]},{"@type":"ImageObject","inLanguage":"cs","@id":"https:\/\/www.peanutoem.com\/manufacturer\/roasted-blanched-peanut\/#primaryimage","url":"https:\/\/www.peanutoem.com\/wp-content\/uploads\/2024\/09\/Whole-Roast-Blanched-Peanut-.webp","contentUrl":"https:\/\/www.peanutoem.com\/wp-content\/uploads\/2024\/09\/Whole-Roast-Blanched-Peanut-.webp","width":1000,"height":1000,"caption":"Whole Roast Blanched Peanut"},{"@type":"BreadcrumbList","@id":"https:\/\/www.peanutoem.com\/manufacturer\/roasted-blanched-peanut\/#breadcrumb","itemListElement":[{"@type":"ListItem","position":1,"name":"Home","item":"https:\/\/www.peanutoem.com\/"},{"@type":"ListItem","position":2,"name":"Products","item":"https:\/\/www.peanutoem.com\/shop\/"},{"@type":"ListItem","position":3,"name":"Roasted Blanched Peanut"}]},{"@type":"WebSite","@id":"https:\/\/www.peanutoem.com\/#website","url":"https:\/\/www.peanutoem.com\/","name":"Peanut Butter Factory","description":"Peanut Butter Manufacturer and Roast Peanut OEM Factory | Peanut Private Label China Supplier","publisher":{"@id":"https:\/\/www.peanutoem.com\/#organization"},"alternateName":"Peanut Butter OEM and Wholesale","potentialAction":[{"@type":"SearchAction","target":{"@type":"EntryPoint","urlTemplate":"https:\/\/www.peanutoem.com\/?s={search_term_string}"},"query-input":{"@type":"PropertyValueSpecification","valueRequired":true,"valueName":"search_term_string"}}],"inLanguage":"cs"},{"@type":"Organization","@id":"https:\/\/www.peanutoem.com\/#organization","name":"Peanut Butter Factory","alternateName":"JuFeng Group","url":"https:\/\/www.peanutoem.com\/","logo":{"@type":"ImageObject","inLanguage":"cs","@id":"https:\/\/www.peanutoem.com\/#\/schema\/logo\/image\/","url":"https:\/\/www.peanutoem.com\/wp-content\/uploads\/2024\/09\/JUFENG-LOGO.png","contentUrl":"https:\/\/www.peanutoem.com\/wp-content\/uploads\/2024\/09\/JUFENG-LOGO.png","width":600,"height":170,"caption":"Peanut Butter Factory"},"image":{"@id":"https:\/\/www.peanutoem.com\/#\/schema\/logo\/image\/"}}]}},"_links":{"self":[{"href":"https:\/\/www.peanutoem.com\/cs\/wp-json\/wp\/v2\/product\/1554","targetHints":{"allow":["GET"]}}],"collection":[{"href":"https:\/\/www.peanutoem.com\/cs\/wp-json\/wp\/v2\/product"}],"about":[{"href":"https:\/\/www.peanutoem.com\/cs\/wp-json\/wp\/v2\/types\/product"}],"replies":[{"embeddable":true,"href":"https:\/\/www.peanutoem.com\/cs\/wp-json\/wp\/v2\/comments?post=1554"}],"wp:featuredmedia":[{"embeddable":true,"href":"https:\/\/www.peanutoem.com\/cs\/wp-json\/wp\/v2\/media\/1701"}],"wp:attachment":[{"href":"https:\/\/www.peanutoem.com\/cs\/wp-json\/wp\/v2\/media?parent=1554"}],"wp:term":[{"taxonomy":"product_cat","embeddable":true,"href":"https:\/\/www.peanutoem.com\/cs\/wp-json\/wp\/v2\/product_cat?post=1554"},{"taxonomy":"product_tag","embeddable":true,"href":"https:\/\/www.peanutoem.com\/cs\/wp-json\/wp\/v2\/product_tag?post=1554"}],"curies":[{"name":"wp","href":"https:\/\/api.w.org\/{rel}","templated":true}]}}