{"id":1555,"date":"2024-09-02T14:00:33","date_gmt":"2024-09-02T14:00:33","guid":{"rendered":"https:\/\/www.peanutoem.com\/?post_type=product&#038;p=1555"},"modified":"2024-09-28T04:44:51","modified_gmt":"2024-09-28T04:44:51","slug":"roasted-peanut-kernels-in-split","status":"publish","type":"product","link":"https:\/\/www.peanutoem.com\/cs\/manufacturer\/roasted-peanut-kernels-in-split\/","title":{"rendered":"Pra\u017een\u00e1 j\u00e1dra ara\u0161\u00edd\u016f ve Splitu | Nakr\u00e1jen\u00e1 pra\u017een\u00e1 j\u00e1dra ara\u0161\u00edd\u016f"},"content":{"rendered":"<h3>Co jsou to pra\u017een\u00e1 j\u00e1dra ara\u0161\u00edd\u016f ve Splitu?<\/h3>\n<p>Pra\u017een\u00e1 j\u00e1dra ara\u0161\u00edd\u016f ve Splitu nebo naz\u00fdvan\u00e1 Pra\u017een\u00e1 j\u00e1dra ara\u0161\u00edd\u016f, jsou ara\u0161\u00eddy, kter\u00e9 byly pe\u010dliv\u011b upra\u017eeny k dokonalosti a pot\u00e9 pe\u010dliv\u011b rozd\u011bleny na polovinu. Jsou zn\u00e1m\u00e9 pro svou bohatou v\u016fni, k\u0159upavou chu\u0165 a \u0161irok\u00e9 uplatn\u011bn\u00ed v ob\u010derstven\u00ed, pe\u010divu a r\u016fzn\u00fdch potravin\u00e1ch. Proces pra\u017een\u00ed nejen zv\u00fdraz\u0148uje p\u0159irozenou chu\u0165 ara\u0161\u00edd\u016f, ale tak\u00e9 z nich \u010din\u00ed ide\u00e1ln\u00ed volbu pro v\u00fdrobce potravin, zna\u010dky snack\u016f a spot\u0159ebitele, kte\u0159\u00ed sleduj\u00ed zdrav\u011bj\u0161\u00ed stravu.<\/p>\n<h3>Alternativn\u00ed n\u00e1zvy pro pra\u017een\u00e1 j\u00e1dra ara\u0161\u00edd\u016f ve Splitu<\/h3>\n<p>Pra\u017een\u00e1 ara\u0161\u00eddov\u00e1 j\u00e1dra ve Splitu jsou tak\u00e9 ozna\u010dov\u00e1na jin\u00fdmi n\u00e1zvy v z\u00e1vislosti na regionu nebo trhu, v\u010detn\u011b:<\/p>\n<ul>\n<li>Rozd\u011blen\u00e9 pra\u017een\u00e9 ara\u0161\u00eddy<\/li>\n<li>Pra\u017een\u00e9 p\u016flky ara\u0161\u00edd\u016f<\/li>\n<li>Rozd\u011blen\u00e1 pra\u017een\u00e1 j\u00e1dra ara\u0161\u00edd\u016f<\/li>\n<li>Peanut Splits<\/li>\n<\/ul>\n<h3>Relevantn\u00ed aktu\u00e1ln\u00ed t\u00e9mata<\/h3>\n<ol>\n<li><strong>Zdravotn\u00ed p\u0159\u00ednosy pra\u017een\u00fdch ara\u0161\u00eddov\u00fdch jader<\/strong>: Pra\u017een\u00e1 j\u00e1dra ara\u0161\u00edd\u016f jsou bohat\u00fdm zdrojem b\u00edlkovin, zdrav\u00fdch tuk\u016f a z\u00e1kladn\u00edch vitam\u00edn\u016f. Vytv\u00e1\u0159ej\u00ed v\u00fd\u017eivnou sva\u010dinu nebo p\u0159\u00edsadu do r\u016fzn\u00fdch produkt\u016f zam\u011b\u0159en\u00fdch na zdrav\u00ed.<\/li>\n<li><strong>Rostouc\u00ed popt\u00e1vka po ob\u010derstven\u00ed na b\u00e1zi ara\u0161\u00edd\u016f:<\/strong> Pra\u017een\u00e1 j\u00e1dra ara\u0161\u00edd\u016f v d\u011blen\u00e9 form\u011b z\u00edsk\u00e1vaj\u00ed na popularit\u011b kv\u016fli n\u00e1r\u016fstu popt\u00e1vky po zdrav\u00fdch sva\u010dink\u00e1ch.<\/li>\n<li><strong>Kontrola bezpe\u010dnosti a kvality potravin p\u0159i zpracov\u00e1n\u00ed ara\u0161\u00edd\u016f:<\/strong> Udr\u017eov\u00e1n\u00ed vysok\u00fdch standard\u016f v\u00fdroby a manipulace je z\u00e1sadn\u00ed pro integritu produktu a soulad s p\u0159edpisy o bezpe\u010dnosti potravin.<\/li>\n<li><strong>Ara\u0161\u00eddov\u00e9 produkty soukrom\u00e9 zna\u010dky:<\/strong> Mnoho zna\u010dek si vyb\u00edr\u00e1 na\u0161e slu\u017eby priv\u00e1tn\u00edch zna\u010dek, aby nab\u00eddly pr\u00e9miov\u00e1 nakr\u00e1jen\u00e1 pra\u017een\u00e1 j\u00e1dra ara\u0161\u00edd\u016f pod vlastn\u00ed zna\u010dkou.<\/li>\n<\/ol>\n<p><img loading=\"lazy\" decoding=\"async\" class=\"alignnone wp-image-1720 size-large\" src=\"https:\/\/www.peanutoem.com\/wp-content\/uploads\/2024\/09\/Roasted-Peanut-Power-in-Carton-1024x908.webp\" alt=\"S\u00edla pra\u017een\u00fdch ara\u0161\u00edd\u016f v kartonu\" width=\"1020\" height=\"904\" srcset=\"https:\/\/www.peanutoem.com\/wp-content\/uploads\/2024\/09\/Roasted-Peanut-Power-in-Carton-1024x908.webp 1024w, https:\/\/www.peanutoem.com\/wp-content\/uploads\/2024\/09\/Roasted-Peanut-Power-in-Carton-300x266.webp 300w, https:\/\/www.peanutoem.com\/wp-content\/uploads\/2024\/09\/Roasted-Peanut-Power-in-Carton-768x681.webp 768w, https:\/\/www.peanutoem.com\/wp-content\/uploads\/2024\/09\/Roasted-Peanut-Power-in-Carton-1536x1362.webp 1536w, https:\/\/www.peanutoem.com\/wp-content\/uploads\/2024\/09\/Roasted-Peanut-Power-in-Carton-2048x1816.webp 2048w, https:\/\/www.peanutoem.com\/wp-content\/uploads\/2024\/09\/Roasted-Peanut-Power-in-Carton-14x12.webp 14w, https:\/\/www.peanutoem.com\/wp-content\/uploads\/2024\/09\/Roasted-Peanut-Power-in-Carton-600x532.webp 600w\" sizes=\"auto, (max-width: 1020px) 100vw, 1020px\" \/><\/p>\n<hr \/>\n<h3>Pro\u010d si vybrat n\u00e1s jako dodavatele kr\u00e1jen\u00fdch pra\u017een\u00fdch ara\u0161\u00eddov\u00fdch jader?<\/h3>\n<p>Jsme d\u016fv\u011bryhodn\u00fdm dodavatelem pra\u017een\u00fdch ara\u0161\u00eddov\u00fdch jader ve Splitu z n\u011bkolika p\u0159esv\u011bd\u010div\u00fdch d\u016fvod\u016f:<\/p>\n<ul>\n<li><strong>Pokro\u010dil\u00e1 v\u00fdrobn\u00ed za\u0159\u00edzen\u00ed:<\/strong> Na\u0161e tov\u00e1rna pou\u017e\u00edv\u00e1 \u0161pi\u010dkov\u00e9 v\u00fdrobn\u00ed linky v USA pro \u0161pi\u010dkov\u00e9 procesy pra\u017een\u00ed a \u0159ez\u00e1n\u00ed.<\/li>\n<li><strong>P\u0159\u00edsn\u00e9 zaji\u0161t\u011bn\u00ed kvality:<\/strong> V na\u0161\u00ed laborato\u0159i prov\u00e1d\u00edme komplexn\u00ed testy, abychom zajistili, \u017ee ka\u017ed\u00e1 \u0161ar\u017ee spl\u0148uje glob\u00e1ln\u00ed standardy.<\/li>\n<li><strong>Glob\u00e1ln\u00ed certifikace:<\/strong> Na\u0161e pra\u017een\u00e1 j\u00e1dra ara\u0161\u00edd\u016f jsou certifikov\u00e1na HACCP, BRCGS, Kosher, Halal a EU Organic pro kvalitu a bezpe\u010dnost.<\/li>\n<li><strong>Spolehliv\u00fd dodavatelsk\u00fd \u0159et\u011bzec:<\/strong> N\u00e1\u0161 velk\u00fd sklad s konstantn\u00ed teplotou zaru\u010duje kvalitu produkt\u016f a stabilitu dod\u00e1vek po cel\u00fd rok.<\/li>\n<li><strong>P\u0159izp\u016fsoben\u00e9 slu\u017eby:<\/strong> Poskytujeme \u0159e\u0161en\u00ed priv\u00e1tn\u00edch zna\u010dek p\u0159izp\u016fsoben\u00e1 specifick\u00fdm pot\u0159eb\u00e1m zna\u010dek a dovozc\u016f po cel\u00e9m sv\u011bt\u011b.<\/li>\n<li><strong>Udr\u017eiteln\u00fd rozvoj:<\/strong> Zam\u011b\u0159ujeme se na udr\u017eiteln\u00e9 postupy a spolupracujeme s renomovan\u00fdmi \u0159et\u011bzci supermarket\u016f pro vz\u00e1jemnou prosperitu.<\/li>\n<\/ul>\n<h3>Ot\u00e1zky a odpov\u011bdi o nakr\u00e1jen\u00fdch pra\u017een\u00fdch ara\u0161\u00eddov\u00fdch j\u00e1drech<\/h3>\n<p><strong>Ot\u00e1zka: Co z v\u00e1s d\u011bl\u00e1 p\u0159edn\u00edho dodavatele pra\u017een\u00fdch ara\u0161\u00eddov\u00fdch jader ve splitu?<\/strong><br \/>\n<strong>A:<\/strong> Na\u0161e vysp\u011bl\u00e1 v\u00fdrobn\u00ed za\u0159\u00edzen\u00ed, p\u0159\u00edsn\u00e9 zaji\u0161t\u011bn\u00ed kvality a glob\u00e1ln\u00ed certifikace zaji\u0161\u0165uj\u00ed, \u017ee dod\u00e1v\u00e1me trvale vysoce kvalitn\u00ed produkty.<\/p>\n<p><strong>Ot\u00e1zka: Mohu p\u0159izp\u016fsobit obal pod svou zna\u010dkou?<\/strong><br \/>\n<strong>A:<\/strong> Ano, poskytujeme slu\u017eby priv\u00e1tn\u00edch zna\u010dek, kter\u00e9 umo\u017e\u0148uj\u00ed pln\u00e9 p\u0159izp\u016fsoben\u00ed balen\u00ed a brandingu va\u0161im pot\u0159eb\u00e1m trhu.<\/p>\n<p><strong>Ot\u00e1zka: Jak\u00e9 certifikace maj\u00ed va\u0161e pra\u017een\u00e1 j\u00e1dra ara\u0161\u00edd\u016f?<\/strong><br \/>\n<strong>A:<\/strong> Na\u0161e produkty jsou certifikov\u00e1ny HACCP, BRC, Halal, Kosher, EU Organic a dal\u0161\u00edmi glob\u00e1ln\u00edmi normami, kter\u00e9 zaji\u0161\u0165uj\u00ed kvalitu a bezpe\u010dnost.<\/p>\n<p><strong>Ot\u00e1zka: Jak zaji\u0161\u0165ujete \u010derstvost a kvalitu?<\/strong><br \/>\n<strong>A:<\/strong> Na\u0161e velk\u00e9 skladovac\u00ed za\u0159\u00edzen\u00ed s konstantn\u00ed teplotou udr\u017euje optim\u00e1ln\u00ed podm\u00ednky a zachov\u00e1v\u00e1 \u010derstvost a kvalitu a\u017e do dod\u00e1n\u00ed.<\/p>\n<p><strong>Ot\u00e1zka: Poskytujete hromadn\u00e9 objedn\u00e1vky pro mezin\u00e1rodn\u00ed z\u00e1silku?<\/strong><br \/>\n<strong>A:<\/strong> Ano, specializujeme se na hromadn\u00e9 objedn\u00e1vky a mezin\u00e1rodn\u00ed z\u00e1silky, \u010d\u00edm\u017e zaji\u0161\u0165ujeme bezprobl\u00e9mov\u00fd dodavatelsk\u00fd \u0159et\u011bzec pro glob\u00e1ln\u00ed klienty.<\/p>\n<p><strong>Ot\u00e1zka: Jak\u00e9 jsou v\u00fdhody v\u00fdb\u011bru pra\u017een\u00fdch ara\u0161\u00eddov\u00fdch jader v d\u011blen\u00e9 form\u011b?<\/strong><br \/>\n<strong>A:<\/strong> D\u011blen\u00e1 pra\u017een\u00e1 j\u00e1dra ara\u0161\u00edd\u016f nab\u00edzej\u00ed produkt p\u0159ipraven\u00fd k pou\u017eit\u00ed s vylep\u0161enou chut\u00ed a texturou, ide\u00e1ln\u00ed pro sva\u010diny a ozdoby.<\/p>\n<p><strong>Ot\u00e1zka: Jsou ve va\u0161ich pra\u017een\u00fdch ara\u0161\u00eddov\u00fdch j\u00e1drech p\u0159\u00edsady?<\/strong><br \/>\n<strong>A:<\/strong> Ne, na\u0161e pra\u017een\u00e1 j\u00e1dra ara\u0161\u00edd\u016f jsou bez p\u0159\u00edsad a konzerva\u010dn\u00edch l\u00e1tek, co\u017e zaji\u0161\u0165uje p\u0159\u00edrodn\u00ed produkt.<\/p>\n<p><strong>Ot\u00e1zka: Mohu po\u017e\u00e1dat o konkr\u00e9tn\u00ed \u00farovn\u011b pra\u017een\u00ed?<\/strong><br \/>\n<strong>A:<\/strong> Ano, m\u016f\u017eeme upravit \u00farovn\u011b pra\u017een\u00ed podle va\u0161ich po\u017eadavk\u016f, a\u0165 u\u017e d\u00e1v\u00e1te p\u0159ednost sv\u011btl\u00e9mu, st\u0159edn\u00edmu nebo tmav\u00e9mu pe\u010den\u00ed.<\/p>\n<p><strong>Ot\u00e1zka: Jak mohu po\u017e\u00e1dat o vzorek?<\/strong><br \/>\n<strong>A:<\/strong> <a href=\"mailto:globepeanut@gmail.com\" target=\"_blank\" rel=\"noopener\">Kontakt <\/a>n\u00e1\u0161 prodejn\u00ed t\u00fdm si vy\u017e\u00e1d\u00e1 vzorek a prodiskutuje va\u0161e konkr\u00e9tn\u00ed pot\u0159eby.<\/p>\n<p><strong>Ot\u00e1zka: Na jak\u00e9 trhy dod\u00e1v\u00e1te?<\/strong><br \/>\n<strong>A:<\/strong> Pra\u017een\u00e1 j\u00e1dra ara\u0161\u00edd\u016f dod\u00e1v\u00e1me na r\u016fzn\u00e9 trhy po cel\u00e9m sv\u011bt\u011b, v\u010detn\u011b Severn\u00ed Ameriky, Evropy, Asie a St\u0159edn\u00edho v\u00fdchodu, se siln\u00fdmi pr\u016fmyslov\u00fdmi partnerstv\u00edmi.<\/p>\n<a href=\"mailto:globepeanut@gmail.com\" class=\"button primary is-primary is-medium\"  >\n    <span>Napi\u0161te n\u00e1m<\/span>\n  <\/a>","protected":false},"excerpt":{"rendered":"<p>Jsme v\u00fdrobcem a dodavatelem kr\u00e1jen\u00fdch pra\u017een\u00fdch ara\u0161\u00eddov\u00fdch jader v \u010c\u00edn\u011b<\/p>\n<p>- MOQ: 1 tuna<br \/>\n\u2013 Nab\u00edzen\u00e1 slu\u017eba OEM\/ODM<br \/>\n- K dispozici bezplatn\u00fd vzorek<br \/>\n- P\u0159ijm\u011bte p\u0159izp\u016fsoben\u00ed (specifikace, velikosti, barva, design atd.)<br \/>\n- Specifikace (3-5 mesh, 4-7 mesh, 5-8 mesh, 6-10 mesh, 8-14 mesh nebo podle va\u0161eho po\u017eadavku)<\/p>\n<p>Pokud chcete z\u00edskat pra\u017een\u00e1 j\u00e1dra ara\u0161\u00edd\u016f ve Splitu nebo nakr\u00e1jen\u00e1 pra\u017een\u00e1 j\u00e1dra ara\u0161\u00edd\u016f, kontaktujte n\u00e1s.<\/p>","protected":false},"featured_media":1712,"comment_status":"open","ping_status":"closed","template":"","meta":[],"product_cat":[37],"product_tag":[],"class_list":{"0":"post-1555","1":"product","2":"type-product","3":"status-publish","4":"has-post-thumbnail","6":"product_cat-roasted-peanut","8":"first","9":"instock","10":"shipping-taxable","11":"product-type-simple"},"yoast_head":"<!-- This site is optimized with the Yoast SEO plugin v24.9 - https:\/\/yoast.com\/wordpress\/plugins\/seo\/ -->\n<title>Roasted Peanut Kernels in Split | Sliced Roasted Peanut Kernels - Peanut Butter Factory<\/title>\n<meta name=\"description\" content=\"We are leading OEM manufacturer, supplier, and exporter of high-quality Roasted Peanut Kernels in Split. Private label services and global brands partner.\" \/>\n<meta name=\"robots\" content=\"index, follow, max-snippet:-1, max-image-preview:large, max-video-preview:-1\" \/>\n<link rel=\"canonical\" href=\"https:\/\/www.peanutoem.com\/cs\/manufacturer\/roasted-peanut-kernels-in-split\/\" \/>\n<meta property=\"og:locale\" content=\"cs_CZ\" \/>\n<meta property=\"og:type\" content=\"article\" \/>\n<meta property=\"og:title\" content=\"Roasted Peanut Kernels in Split | Sliced Roasted Peanut Kernels - Peanut Butter Factory\" \/>\n<meta property=\"og:description\" content=\"We are leading OEM manufacturer, supplier, and exporter of high-quality Roasted Peanut Kernels in Split. Private label services and global brands partner.\" \/>\n<meta property=\"og:url\" content=\"https:\/\/www.peanutoem.com\/cs\/manufacturer\/roasted-peanut-kernels-in-split\/\" \/>\n<meta property=\"og:site_name\" content=\"Peanut Butter Factory\" \/>\n<meta property=\"article:modified_time\" content=\"2024-09-28T04:44:51+00:00\" \/>\n<meta property=\"og:image\" content=\"https:\/\/www.peanutoem.com\/wp-content\/uploads\/2024\/09\/4-6mm-roasted-peanut-kernels-scaled.webp\" \/>\n\t<meta property=\"og:image:width\" content=\"1920\" \/>\n\t<meta property=\"og:image:height\" content=\"2560\" \/>\n\t<meta property=\"og:image:type\" content=\"image\/webp\" \/>\n<meta name=\"twitter:card\" content=\"summary_large_image\" \/>\n<meta name=\"twitter:label1\" content=\"Odhadovan\u00e1 doba \u010dten\u00ed\" \/>\n\t<meta name=\"twitter:data1\" content=\"4 minuty\" \/>\n<script type=\"application\/ld+json\" class=\"yoast-schema-graph\">{\"@context\":\"https:\/\/schema.org\",\"@graph\":[{\"@type\":\"WebPage\",\"@id\":\"https:\/\/www.peanutoem.com\/manufacturer\/roasted-peanut-kernels-in-split\/\",\"url\":\"https:\/\/www.peanutoem.com\/manufacturer\/roasted-peanut-kernels-in-split\/\",\"name\":\"Roasted Peanut Kernels in Split | Sliced Roasted Peanut Kernels - Peanut Butter Factory\",\"isPartOf\":{\"@id\":\"https:\/\/www.peanutoem.com\/#website\"},\"primaryImageOfPage\":{\"@id\":\"https:\/\/www.peanutoem.com\/manufacturer\/roasted-peanut-kernels-in-split\/#primaryimage\"},\"image\":{\"@id\":\"https:\/\/www.peanutoem.com\/manufacturer\/roasted-peanut-kernels-in-split\/#primaryimage\"},\"thumbnailUrl\":\"https:\/\/www.peanutoem.com\/wp-content\/uploads\/2024\/09\/4-6mm-roasted-peanut-kernels-scaled.webp\",\"datePublished\":\"2024-09-02T14:00:33+00:00\",\"dateModified\":\"2024-09-28T04:44:51+00:00\",\"description\":\"We are leading OEM manufacturer, supplier, and exporter of high-quality Roasted Peanut Kernels in Split. Private label services and global brands partner.\",\"breadcrumb\":{\"@id\":\"https:\/\/www.peanutoem.com\/manufacturer\/roasted-peanut-kernels-in-split\/#breadcrumb\"},\"inLanguage\":\"cs\",\"potentialAction\":[{\"@type\":\"ReadAction\",\"target\":[\"https:\/\/www.peanutoem.com\/manufacturer\/roasted-peanut-kernels-in-split\/\"]}]},{\"@type\":\"ImageObject\",\"inLanguage\":\"cs\",\"@id\":\"https:\/\/www.peanutoem.com\/manufacturer\/roasted-peanut-kernels-in-split\/#primaryimage\",\"url\":\"https:\/\/www.peanutoem.com\/wp-content\/uploads\/2024\/09\/4-6mm-roasted-peanut-kernels-scaled.webp\",\"contentUrl\":\"https:\/\/www.peanutoem.com\/wp-content\/uploads\/2024\/09\/4-6mm-roasted-peanut-kernels-scaled.webp\",\"width\":1920,\"height\":2560,\"caption\":\"4-6mm roasted peanut kernels\"},{\"@type\":\"BreadcrumbList\",\"@id\":\"https:\/\/www.peanutoem.com\/manufacturer\/roasted-peanut-kernels-in-split\/#breadcrumb\",\"itemListElement\":[{\"@type\":\"ListItem\",\"position\":1,\"name\":\"Home\",\"item\":\"https:\/\/www.peanutoem.com\/\"},{\"@type\":\"ListItem\",\"position\":2,\"name\":\"Products\",\"item\":\"https:\/\/www.peanutoem.com\/shop\/\"},{\"@type\":\"ListItem\",\"position\":3,\"name\":\"Roasted Peanut Kernels in Split | Sliced Roasted Peanut Kernels\"}]},{\"@type\":\"WebSite\",\"@id\":\"https:\/\/www.peanutoem.com\/#website\",\"url\":\"https:\/\/www.peanutoem.com\/\",\"name\":\"Peanut Butter Factory\",\"description\":\"Peanut Butter Manufacturer and Roast Peanut OEM Factory | Peanut Private Label China Supplier\",\"publisher\":{\"@id\":\"https:\/\/www.peanutoem.com\/#organization\"},\"alternateName\":\"Peanut Butter OEM and Wholesale\",\"potentialAction\":[{\"@type\":\"SearchAction\",\"target\":{\"@type\":\"EntryPoint\",\"urlTemplate\":\"https:\/\/www.peanutoem.com\/?s={search_term_string}\"},\"query-input\":{\"@type\":\"PropertyValueSpecification\",\"valueRequired\":true,\"valueName\":\"search_term_string\"}}],\"inLanguage\":\"cs\"},{\"@type\":\"Organization\",\"@id\":\"https:\/\/www.peanutoem.com\/#organization\",\"name\":\"Peanut Butter Factory\",\"alternateName\":\"JuFeng Group\",\"url\":\"https:\/\/www.peanutoem.com\/\",\"logo\":{\"@type\":\"ImageObject\",\"inLanguage\":\"cs\",\"@id\":\"https:\/\/www.peanutoem.com\/#\/schema\/logo\/image\/\",\"url\":\"https:\/\/www.peanutoem.com\/wp-content\/uploads\/2024\/09\/JUFENG-LOGO.png\",\"contentUrl\":\"https:\/\/www.peanutoem.com\/wp-content\/uploads\/2024\/09\/JUFENG-LOGO.png\",\"width\":600,\"height\":170,\"caption\":\"Peanut Butter Factory\"},\"image\":{\"@id\":\"https:\/\/www.peanutoem.com\/#\/schema\/logo\/image\/\"}}]}<\/script>\n<!-- \/ Yoast SEO plugin. -->","yoast_head_json":{"title":"Roasted Peanut Kernels in Split | Sliced Roasted Peanut Kernels - Peanut Butter Factory","description":"We are leading OEM manufacturer, supplier, and exporter of high-quality Roasted Peanut Kernels in Split. Private label services and global brands partner.","robots":{"index":"index","follow":"follow","max-snippet":"max-snippet:-1","max-image-preview":"max-image-preview:large","max-video-preview":"max-video-preview:-1"},"canonical":"https:\/\/www.peanutoem.com\/cs\/manufacturer\/roasted-peanut-kernels-in-split\/","og_locale":"cs_CZ","og_type":"article","og_title":"Roasted Peanut Kernels in Split | Sliced Roasted Peanut Kernels - Peanut Butter Factory","og_description":"We are leading OEM manufacturer, supplier, and exporter of high-quality Roasted Peanut Kernels in Split. Private label services and global brands partner.","og_url":"https:\/\/www.peanutoem.com\/cs\/manufacturer\/roasted-peanut-kernels-in-split\/","og_site_name":"Peanut Butter Factory","article_modified_time":"2024-09-28T04:44:51+00:00","og_image":[{"width":1920,"height":2560,"url":"https:\/\/www.peanutoem.com\/wp-content\/uploads\/2024\/09\/4-6mm-roasted-peanut-kernels-scaled.webp","type":"image\/webp"}],"twitter_card":"summary_large_image","twitter_misc":{"Odhadovan\u00e1 doba \u010dten\u00ed":"4 minuty"},"schema":{"@context":"https:\/\/schema.org","@graph":[{"@type":"WebPage","@id":"https:\/\/www.peanutoem.com\/manufacturer\/roasted-peanut-kernels-in-split\/","url":"https:\/\/www.peanutoem.com\/manufacturer\/roasted-peanut-kernels-in-split\/","name":"Roasted Peanut Kernels in Split | Sliced Roasted Peanut Kernels - Peanut Butter Factory","isPartOf":{"@id":"https:\/\/www.peanutoem.com\/#website"},"primaryImageOfPage":{"@id":"https:\/\/www.peanutoem.com\/manufacturer\/roasted-peanut-kernels-in-split\/#primaryimage"},"image":{"@id":"https:\/\/www.peanutoem.com\/manufacturer\/roasted-peanut-kernels-in-split\/#primaryimage"},"thumbnailUrl":"https:\/\/www.peanutoem.com\/wp-content\/uploads\/2024\/09\/4-6mm-roasted-peanut-kernels-scaled.webp","datePublished":"2024-09-02T14:00:33+00:00","dateModified":"2024-09-28T04:44:51+00:00","description":"We are leading OEM manufacturer, supplier, and exporter of high-quality Roasted Peanut Kernels in Split. Private label services and global brands partner.","breadcrumb":{"@id":"https:\/\/www.peanutoem.com\/manufacturer\/roasted-peanut-kernels-in-split\/#breadcrumb"},"inLanguage":"cs","potentialAction":[{"@type":"ReadAction","target":["https:\/\/www.peanutoem.com\/manufacturer\/roasted-peanut-kernels-in-split\/"]}]},{"@type":"ImageObject","inLanguage":"cs","@id":"https:\/\/www.peanutoem.com\/manufacturer\/roasted-peanut-kernels-in-split\/#primaryimage","url":"https:\/\/www.peanutoem.com\/wp-content\/uploads\/2024\/09\/4-6mm-roasted-peanut-kernels-scaled.webp","contentUrl":"https:\/\/www.peanutoem.com\/wp-content\/uploads\/2024\/09\/4-6mm-roasted-peanut-kernels-scaled.webp","width":1920,"height":2560,"caption":"4-6mm roasted peanut kernels"},{"@type":"BreadcrumbList","@id":"https:\/\/www.peanutoem.com\/manufacturer\/roasted-peanut-kernels-in-split\/#breadcrumb","itemListElement":[{"@type":"ListItem","position":1,"name":"Home","item":"https:\/\/www.peanutoem.com\/"},{"@type":"ListItem","position":2,"name":"Products","item":"https:\/\/www.peanutoem.com\/shop\/"},{"@type":"ListItem","position":3,"name":"Roasted Peanut Kernels in Split | Sliced Roasted Peanut Kernels"}]},{"@type":"WebSite","@id":"https:\/\/www.peanutoem.com\/#website","url":"https:\/\/www.peanutoem.com\/","name":"Peanut Butter Factory","description":"Peanut Butter Manufacturer and Roast Peanut OEM Factory | Peanut Private Label China Supplier","publisher":{"@id":"https:\/\/www.peanutoem.com\/#organization"},"alternateName":"Peanut Butter OEM and Wholesale","potentialAction":[{"@type":"SearchAction","target":{"@type":"EntryPoint","urlTemplate":"https:\/\/www.peanutoem.com\/?s={search_term_string}"},"query-input":{"@type":"PropertyValueSpecification","valueRequired":true,"valueName":"search_term_string"}}],"inLanguage":"cs"},{"@type":"Organization","@id":"https:\/\/www.peanutoem.com\/#organization","name":"Peanut Butter Factory","alternateName":"JuFeng Group","url":"https:\/\/www.peanutoem.com\/","logo":{"@type":"ImageObject","inLanguage":"cs","@id":"https:\/\/www.peanutoem.com\/#\/schema\/logo\/image\/","url":"https:\/\/www.peanutoem.com\/wp-content\/uploads\/2024\/09\/JUFENG-LOGO.png","contentUrl":"https:\/\/www.peanutoem.com\/wp-content\/uploads\/2024\/09\/JUFENG-LOGO.png","width":600,"height":170,"caption":"Peanut Butter Factory"},"image":{"@id":"https:\/\/www.peanutoem.com\/#\/schema\/logo\/image\/"}}]}},"_links":{"self":[{"href":"https:\/\/www.peanutoem.com\/cs\/wp-json\/wp\/v2\/product\/1555","targetHints":{"allow":["GET"]}}],"collection":[{"href":"https:\/\/www.peanutoem.com\/cs\/wp-json\/wp\/v2\/product"}],"about":[{"href":"https:\/\/www.peanutoem.com\/cs\/wp-json\/wp\/v2\/types\/product"}],"replies":[{"embeddable":true,"href":"https:\/\/www.peanutoem.com\/cs\/wp-json\/wp\/v2\/comments?post=1555"}],"wp:featuredmedia":[{"embeddable":true,"href":"https:\/\/www.peanutoem.com\/cs\/wp-json\/wp\/v2\/media\/1712"}],"wp:attachment":[{"href":"https:\/\/www.peanutoem.com\/cs\/wp-json\/wp\/v2\/media?parent=1555"}],"wp:term":[{"taxonomy":"product_cat","embeddable":true,"href":"https:\/\/www.peanutoem.com\/cs\/wp-json\/wp\/v2\/product_cat?post=1555"},{"taxonomy":"product_tag","embeddable":true,"href":"https:\/\/www.peanutoem.com\/cs\/wp-json\/wp\/v2\/product_tag?post=1555"}],"curies":[{"name":"wp","href":"https:\/\/api.w.org\/{rel}","templated":true}]}}