{"id":1556,"date":"2024-09-02T14:00:57","date_gmt":"2024-09-02T14:00:57","guid":{"rendered":"https:\/\/www.peanutoem.com\/?post_type=product&#038;p=1556"},"modified":"2024-09-28T04:23:49","modified_gmt":"2024-09-28T04:23:49","slug":"roasted-peanut-powder","status":"publish","type":"product","link":"https:\/\/www.peanutoem.com\/cs\/manufacturer\/roasted-peanut-powder\/","title":{"rendered":"Pra\u017een\u00fd ara\u0161\u00eddov\u00fd pr\u00e1\u0161ek"},"content":{"rendered":"<h3>Co je pra\u017een\u00fd ara\u0161\u00eddov\u00fd pr\u00e1\u0161ek?<\/h3>\n<p>Pra\u017een\u00fd ara\u0161\u00eddov\u00fd pr\u00e1\u0161ek se vyr\u00e1b\u00ed jemn\u00fdm mlet\u00edm ara\u0161\u00edd\u016f a zv\u00fdrazn\u011bn\u00edm jejich p\u0159irozen\u00e9 chuti prost\u0159ednictv\u00edm a <a href=\"https:\/\/en.wikipedia.org\/wiki\/Roasting\" target=\"_blank\" rel=\"noopener\">pra\u017een\u00ed<\/a> proces. Tato v\u0161estrann\u00e1 p\u0159\u00edsada je obl\u00edben\u00e1 v potravin\u00e1\u0159sk\u00e9m pr\u016fmyslu a slou\u017e\u00ed jako pr\u00e9miov\u00e1 slo\u017eka v ara\u0161\u00eddov\u00fdch sva\u010dink\u00e1ch, pe\u010divu, om\u00e1\u010dk\u00e1ch a proteinov\u00fdch pr\u00e1\u0161c\u00edch. Proces pra\u017een\u00ed v\u00fdrazn\u011b zvy\u0161uje o\u0159echov\u00e9 aroma ara\u0161\u00edd\u016f, co\u017e z nich \u010din\u00ed preferovan\u00fd materi\u00e1l pro v\u00fdrobce potravin, kte\u0159\u00ed hledaj\u00ed bohatou ara\u0161\u00eddovou chu\u0165. Jeho pr\u00e1\u0161kov\u00e1 forma umo\u017e\u0148uje snadn\u00e9 za\u010dlen\u011bn\u00ed do r\u016fzn\u00fdch recept\u016f a dod\u00e1v\u00e1 pokrm\u016fm bohatou chu\u0165 bez pot\u0159eby dal\u0161\u00ed vody.<\/p>\n<h3><img loading=\"lazy\" decoding=\"async\" class=\"alignnone wp-image-1719 size-full\" src=\"https:\/\/www.peanutoem.com\/wp-content\/uploads\/2024\/09\/Roasted-Peanut-Powder-in-Pouch.webp\" alt=\"Pra\u017een\u00fd ara\u0161\u00eddov\u00fd pr\u00e1\u0161ek v s\u00e1\u010dku\" width=\"912\" height=\"1128\" srcset=\"https:\/\/www.peanutoem.com\/wp-content\/uploads\/2024\/09\/Roasted-Peanut-Powder-in-Pouch.webp 912w, https:\/\/www.peanutoem.com\/wp-content\/uploads\/2024\/09\/Roasted-Peanut-Powder-in-Pouch-243x300.webp 243w, https:\/\/www.peanutoem.com\/wp-content\/uploads\/2024\/09\/Roasted-Peanut-Powder-in-Pouch-828x1024.webp 828w, https:\/\/www.peanutoem.com\/wp-content\/uploads\/2024\/09\/Roasted-Peanut-Powder-in-Pouch-768x950.webp 768w, https:\/\/www.peanutoem.com\/wp-content\/uploads\/2024\/09\/Roasted-Peanut-Powder-in-Pouch-10x12.webp 10w, https:\/\/www.peanutoem.com\/wp-content\/uploads\/2024\/09\/Roasted-Peanut-Powder-in-Pouch-600x742.webp 600w\" sizes=\"auto, (max-width: 912px) 100vw, 912px\" \/><\/h3>\n<h3>Alternativn\u00ed n\u00e1zvy pro pra\u017een\u00fd ara\u0161\u00eddov\u00fd pr\u00e1\u0161ek<\/h3>\n<p>Pra\u017een\u00fd ara\u0161\u00eddov\u00fd pr\u00e1\u0161ek je na trhu zn\u00e1m pod r\u016fzn\u00fdmi n\u00e1zvy. N\u011bkter\u00e9 b\u011b\u017en\u00e9 alternativy zahrnuj\u00ed:<\/p>\n<ul>\n<li>Ara\u0161\u00eddov\u00e1 mouka<\/li>\n<li>Pra\u017een\u00fd mlet\u00fd ara\u0161\u00eddov\u00fd pr\u00e1\u0161ek<\/li>\n<li>Ara\u0161\u00eddov\u00e9 j\u00eddlo<\/li>\n<li>Pra\u017een\u00fd ara\u0161\u00eddov\u00fd prach<\/li>\n<li>Odtu\u010dn\u011bn\u00fd ara\u0161\u00eddov\u00fd pr\u00e1\u0161ek<\/li>\n<\/ul>\n<div class=\"group\/conversation-turn relative flex w-full min-w-0 flex-col agent-turn\">\n<div class=\"flex-col gap-1 md:gap-3\">\n<h3>Relevantn\u00ed \u017ehav\u00e1 t\u00e9mata o pra\u017een\u00e9m ara\u0161\u00eddov\u00e9m pr\u00e1\u0161ku<\/h3>\n<ul>\n<li data-pm-slice=\"0 0 []\"><strong>Aplikace pro bezlepkov\u00e9 pe\u010den\u00ed:<\/strong> V\u00edce peka\u0159\u016f pou\u017e\u00edv\u00e1 pra\u017een\u00fd ara\u0161\u00eddov\u00fd pr\u00e1\u0161ek jako n\u00e1hra\u017eku mouky v bezlepkov\u00fdch receptech, \u010d\u00edm\u017e zlep\u0161uje chu\u0165 i v\u00fd\u017eivu.<\/li>\n<li><strong>Zdravotn\u00ed p\u0159\u00ednosy:<\/strong> Spot\u0159ebitel\u00e9 dbaj\u00edc\u00ed na zdrav\u00ed pova\u017euj\u00ed pra\u017een\u00fd ara\u0161\u00eddov\u00fd pr\u00e1\u0161ek za p\u0159ita\u017eliv\u00fd d\u00edky vysok\u00e9mu obsahu b\u00edlkovin, vl\u00e1kniny a zdrav\u00e9ho tuku.<\/li>\n<li><strong>Rostouc\u00ed popt\u00e1vka po rostlinn\u00fdch b\u00edlkovin\u00e1ch:<\/strong> S r\u016fstem rostlinn\u00e9 stravy se pra\u017een\u00fd ara\u0161\u00eddov\u00fd pr\u00e1\u0161ek st\u00e1v\u00e1 obl\u00edben\u00fdm zdrojem b\u00edlkovin pro vegany a vegetari\u00e1ny.<\/li>\n<li><strong>Aplikace pro bezlepkov\u00e9 pe\u010den\u00ed:<\/strong> Peka\u0159i st\u00e1le \u010dast\u011bji vol\u00ed pra\u017een\u00fd ara\u0161\u00eddov\u00fd pr\u00e1\u0161ek jako n\u00e1hra\u017eku mouky v bezlepkov\u00fdch receptech, \u010d\u00edm\u017e zvy\u0161uje chu\u0165 a v\u00fd\u017eivu.<\/li>\n<li><strong>Inovativn\u00ed pou\u017eit\u00ed v potravin\u00e1\u0159sk\u00e9m pr\u016fmyslu:<\/strong> Tato v\u0161estrann\u00e1 p\u0159\u00edsada zv\u00fdraz\u0148uje chu\u0165 a texturu r\u016fzn\u00fdch produkt\u016f, od energetick\u00fdch ty\u010dinek po om\u00e1\u010dky.<\/li>\n<li><strong>P\u0159\u00edle\u017eitosti soukrom\u00fdch zna\u010dek:<\/strong> Mnoho zna\u010dek vol\u00ed produkty z ara\u0161\u00edd\u016f priv\u00e1tn\u00edch zna\u010dek a nab\u00edz\u00ed s n\u00e1mi jako d\u016fv\u011bryhodn\u00fdm partnerem OEM p\u0159izp\u016fsoben\u00e1 \u0159e\u0161en\u00ed pra\u017een\u00e9ho ara\u0161\u00eddov\u00e9ho pr\u00e1\u0161ku.<\/li>\n<\/ul>\n<h3 class=\"flex max-w-full flex-col flex-grow\"><span style=\"font-size: 20.16px;\">Jako d\u016fv\u011bryhodn\u00fd l\u00eddr v pr\u016fmyslu zpracov\u00e1n\u00ed ara\u0161\u00edd\u016f nab\u00edz\u00edme pr\u00e9miov\u00fd pra\u017een\u00fd ara\u0161\u00eddov\u00fd pr\u00e1\u0161ek pro r\u016fzn\u00e9 aplikace. Zde je n\u00e1vod, jak vynik\u00e1me:<\/span><\/h3>\n<ul>\n<li><strong>Nejmodern\u011bj\u0161\u00ed v\u00fdroba:<\/strong> Na\u0161e pokro\u010dil\u00e9 v\u00fdrobn\u00ed linky zaji\u0161\u0165uj\u00ed vysoce kvalitn\u00ed pra\u017een\u00fd ara\u0161\u00eddov\u00fd pr\u00e1\u0161ek s konzistentn\u00ed velikost\u00ed \u010d\u00e1stic a chut\u00ed.<\/li>\n<li><strong>P\u0159izp\u016fsoben\u00e1 \u0159e\u0161en\u00ed:<\/strong> Jako v\u00fdrobce OEM poskytujeme slu\u017eby priv\u00e1tn\u00edch zna\u010dek, \u00farovn\u011b pra\u017een\u00ed na m\u00edru a flexibiln\u00ed mo\u017enosti balen\u00ed, kter\u00e9 spln\u00ed va\u0161e jedine\u010dn\u00e9 pot\u0159eby.<\/li>\n<li><strong>P\u0159\u00edsn\u00e1 kontrola kvality:<\/strong> Dodr\u017eujeme nejvy\u0161\u0161\u00ed standardy produkt\u016f prost\u0159ednictv\u00edm p\u0159\u00edsn\u00e9ho senzorick\u00e9ho, chemick\u00e9ho a mikrobi\u00e1ln\u00edho testov\u00e1n\u00ed v na\u0161ich nejmodern\u011bj\u0161\u00edch laborato\u0159\u00edch.<\/li>\n<li><strong>Certifikace a shoda:<\/strong> Na\u0161e certifikace \u2013 BRCGS, HACCP, Halal, Kosher a EU Organic \u2013 potvrzuj\u00ed, \u017ee dodr\u017eujeme p\u0159\u00edsn\u00e9 normy kvality a bezpe\u010dnosti.<\/li>\n<li><strong>Glob\u00e1ln\u00ed exportn\u00ed expertizy:<\/strong> D\u00edky rozs\u00e1hl\u00fdm zku\u0161enostem v mezin\u00e1rodn\u00ed logistice garantujeme hladk\u00fd a spolehliv\u00fd proces exportu na trhy po cel\u00e9m sv\u011bt\u011b.<\/li>\n<li><strong>Z\u00e1vazek udr\u017eitelnosti:<\/strong> Up\u0159ednost\u0148ujeme udr\u017eiteln\u00e9 z\u00edsk\u00e1v\u00e1n\u00ed zdroj\u016f a ekologick\u00e9 v\u00fdrobn\u00ed postupy, kter\u00e9 p\u0159isp\u00edvaj\u00ed k lep\u0161\u00ed budoucnosti ara\u0161\u00eddov\u00e9ho pr\u016fmyslu.<\/li>\n<\/ul>\n<h3>Pro\u010d si vybrat n\u00e1s?<\/h3>\n<ul>\n<li><strong>Nejlep\u0161\u00ed volba:<\/strong> Na\u0161e \u0161pi\u010dkov\u00e9 technologie, mo\u017enosti p\u0159izp\u016fsoben\u00ed a glob\u00e1ln\u00ed certifikace z n\u00e1s d\u011blaj\u00ed p\u0159edn\u00edho dodavatele.<\/li>\n<li><strong>Vlastn\u00ed balen\u00ed:<\/strong> Nab\u00edz\u00edme slu\u017eby priv\u00e1tn\u00edch zna\u010dek, abychom p\u0159izp\u016fsobili va\u0161e balen\u00ed a zna\u010dku va\u0161im specifikac\u00edm.<\/li>\n<li><strong>Zaji\u0161t\u011bn\u00ed \u010derstvosti:<\/strong> Na\u0161e skladovac\u00ed za\u0159\u00edzen\u00ed s \u0159\u00edzenou teplotou udr\u017euj\u00ed \u010derstvost produkt\u016f b\u011bhem skladov\u00e1n\u00ed a p\u0159epravy.<\/li>\n<li><strong>\u00darovn\u011b pra\u017een\u00ed:<\/strong> U\u017eijte si p\u0159izp\u016fsobiteln\u00e9 \u00farovn\u011b pra\u017een\u00ed od sv\u011btl\u00e9 po tmavou, vytvo\u0159en\u00e9 tak, aby vyhovovaly va\u0161im chu\u0165ov\u00fdm preferenc\u00edm.<\/li>\n<li><strong>Hromadn\u00e9 objedn\u00e1vky:<\/strong> Kontaktujte n\u00e1\u0161 prodejn\u00ed t\u00fdm, abyste mohli snadno projednat a splnit va\u0161e pot\u0159eby hromadn\u00e9 objedn\u00e1vky.<\/li>\n<li><strong>Pr\u016fmyslov\u00e9 aplikace:<\/strong> N\u00e1\u0161 pra\u017een\u00fd ara\u0161\u00eddov\u00fd pr\u00e1\u0161ek je obl\u00edben\u00fd p\u0159i pe\u010den\u00ed, v\u00fdrob\u011b sva\u010din, proteinov\u00fdch dopl\u0148k\u016f, om\u00e1\u010dek a dochucovadel.<\/li>\n<li><strong>Bezlepkov\u00e9:<\/strong> P\u0159irozen\u011b bez lepku, je to vynikaj\u00edc\u00ed volba pro bezlepkov\u00e9 potravin\u00e1\u0159sk\u00e9 v\u00fdrobky.<\/li>\n<li><strong>Dostupn\u00e9 vzorky:<\/strong> Potenci\u00e1ln\u00edm klient\u016fm poskytujeme vzorky k posouzen\u00ed kvality a vhodnosti na\u0161eho produktu.<\/li>\n<li><strong>Glob\u00e1ln\u00ed dosah:<\/strong> Vyv\u00e1\u017e\u00edme na trhy v Severn\u00ed Americe, Evrop\u011b, Asii a na St\u0159edn\u00edm v\u00fdchod\u011b, \u010d\u00edm\u017e zaji\u0161\u0165ujeme robustn\u00ed mezin\u00e1rodn\u00ed dodavatelskou s\u00ed\u0165.<\/li>\n<\/ul>\n<a href=\"mailto:globepeanut@gmail.com\" class=\"button primary is-primary is-medium\"  >\n    <span>Napi\u0161te n\u00e1m<\/span>\n  <\/a>\n\n<\/div>\n<\/div>","protected":false},"excerpt":{"rendered":"<p>Jsme v\u00fdrobcem a dodavatelem pra\u017een\u00e9ho ara\u0161\u00eddov\u00e9ho pr\u00e1\u0161ku v \u010c\u00edn\u011b<\/p>\n<p>- MOQ: 1 tuna<br \/>\n\u2013 Nab\u00edzen\u00e1 slu\u017eba OEM\/ODM<br \/>\n- K dispozici bezplatn\u00fd vzorek<br \/>\n- P\u0159ijm\u011bte p\u0159izp\u016fsoben\u00ed (specifikace, velikosti, barva, design atd.)<br \/>\n- Specifikace (o 14 ok men\u0161\u00ed nebo podle va\u0161eho po\u017eadavku)<\/p>\n<p>Pokud chcete z\u00edskat Pra\u017een\u00fd ara\u0161\u00eddov\u00fd pr\u00e1\u0161ek, kontaktujte n\u00e1s.<\/p>","protected":false},"featured_media":1714,"comment_status":"open","ping_status":"closed","template":"","meta":[],"product_cat":[37],"product_tag":[],"class_list":{"0":"post-1556","1":"product","2":"type-product","3":"status-publish","4":"has-post-thumbnail","6":"product_cat-roasted-peanut","8":"first","9":"instock","10":"shipping-taxable","11":"product-type-simple"},"yoast_head":"<!-- This site is optimized with the Yoast SEO plugin v24.9 - https:\/\/yoast.com\/wordpress\/plugins\/seo\/ -->\n<title>Roasted Peanut Powder Manufacturer - Peanut Butter Factory<\/title>\n<meta name=\"description\" content=\"We are a top OEM, private label manufacturer, and exporter of premium Roasted Peanut Powder, offering quality solutions globally.\" \/>\n<meta name=\"robots\" content=\"index, follow, max-snippet:-1, max-image-preview:large, max-video-preview:-1\" \/>\n<link rel=\"canonical\" href=\"https:\/\/www.peanutoem.com\/cs\/manufacturer\/roasted-peanut-powder\/\" \/>\n<meta property=\"og:locale\" content=\"cs_CZ\" \/>\n<meta property=\"og:type\" content=\"article\" \/>\n<meta property=\"og:title\" content=\"Roasted Peanut Powder Manufacturer - Peanut Butter Factory\" \/>\n<meta property=\"og:description\" content=\"We are a top OEM, private label manufacturer, and exporter of premium Roasted Peanut Powder, offering quality solutions globally.\" \/>\n<meta property=\"og:url\" content=\"https:\/\/www.peanutoem.com\/cs\/manufacturer\/roasted-peanut-powder\/\" \/>\n<meta property=\"og:site_name\" content=\"Peanut Butter Factory\" \/>\n<meta property=\"article:modified_time\" content=\"2024-09-28T04:23:49+00:00\" \/>\n<meta property=\"og:image\" content=\"https:\/\/www.peanutoem.com\/wp-content\/uploads\/2024\/09\/Roasted-Peanut-Powder.webp\" \/>\n\t<meta property=\"og:image:width\" content=\"551\" \/>\n\t<meta property=\"og:image:height\" content=\"472\" \/>\n\t<meta property=\"og:image:type\" content=\"image\/webp\" \/>\n<meta name=\"twitter:card\" content=\"summary_large_image\" \/>\n<meta name=\"twitter:label1\" content=\"Odhadovan\u00e1 doba \u010dten\u00ed\" \/>\n\t<meta name=\"twitter:data1\" content=\"3 minuty\" \/>\n<script type=\"application\/ld+json\" class=\"yoast-schema-graph\">{\"@context\":\"https:\/\/schema.org\",\"@graph\":[{\"@type\":\"WebPage\",\"@id\":\"https:\/\/www.peanutoem.com\/manufacturer\/roasted-peanut-powder\/\",\"url\":\"https:\/\/www.peanutoem.com\/manufacturer\/roasted-peanut-powder\/\",\"name\":\"Roasted Peanut Powder Manufacturer - Peanut Butter Factory\",\"isPartOf\":{\"@id\":\"https:\/\/www.peanutoem.com\/#website\"},\"primaryImageOfPage\":{\"@id\":\"https:\/\/www.peanutoem.com\/manufacturer\/roasted-peanut-powder\/#primaryimage\"},\"image\":{\"@id\":\"https:\/\/www.peanutoem.com\/manufacturer\/roasted-peanut-powder\/#primaryimage\"},\"thumbnailUrl\":\"https:\/\/www.peanutoem.com\/wp-content\/uploads\/2024\/09\/Roasted-Peanut-Powder.webp\",\"datePublished\":\"2024-09-02T14:00:57+00:00\",\"dateModified\":\"2024-09-28T04:23:49+00:00\",\"description\":\"We are a top OEM, private label manufacturer, and exporter of premium Roasted Peanut Powder, offering quality solutions globally.\",\"breadcrumb\":{\"@id\":\"https:\/\/www.peanutoem.com\/manufacturer\/roasted-peanut-powder\/#breadcrumb\"},\"inLanguage\":\"cs\",\"potentialAction\":[{\"@type\":\"ReadAction\",\"target\":[\"https:\/\/www.peanutoem.com\/manufacturer\/roasted-peanut-powder\/\"]}]},{\"@type\":\"ImageObject\",\"inLanguage\":\"cs\",\"@id\":\"https:\/\/www.peanutoem.com\/manufacturer\/roasted-peanut-powder\/#primaryimage\",\"url\":\"https:\/\/www.peanutoem.com\/wp-content\/uploads\/2024\/09\/Roasted-Peanut-Powder.webp\",\"contentUrl\":\"https:\/\/www.peanutoem.com\/wp-content\/uploads\/2024\/09\/Roasted-Peanut-Powder.webp\",\"width\":551,\"height\":472,\"caption\":\"Roasted Peanut Powder\"},{\"@type\":\"BreadcrumbList\",\"@id\":\"https:\/\/www.peanutoem.com\/manufacturer\/roasted-peanut-powder\/#breadcrumb\",\"itemListElement\":[{\"@type\":\"ListItem\",\"position\":1,\"name\":\"Home\",\"item\":\"https:\/\/www.peanutoem.com\/\"},{\"@type\":\"ListItem\",\"position\":2,\"name\":\"Products\",\"item\":\"https:\/\/www.peanutoem.com\/shop\/\"},{\"@type\":\"ListItem\",\"position\":3,\"name\":\"Roasted Peanut Powder\"}]},{\"@type\":\"WebSite\",\"@id\":\"https:\/\/www.peanutoem.com\/#website\",\"url\":\"https:\/\/www.peanutoem.com\/\",\"name\":\"Peanut Butter Factory\",\"description\":\"Peanut Butter Manufacturer and Roast Peanut OEM Factory | Peanut Private Label China Supplier\",\"publisher\":{\"@id\":\"https:\/\/www.peanutoem.com\/#organization\"},\"alternateName\":\"Peanut Butter OEM and Wholesale\",\"potentialAction\":[{\"@type\":\"SearchAction\",\"target\":{\"@type\":\"EntryPoint\",\"urlTemplate\":\"https:\/\/www.peanutoem.com\/?s={search_term_string}\"},\"query-input\":{\"@type\":\"PropertyValueSpecification\",\"valueRequired\":true,\"valueName\":\"search_term_string\"}}],\"inLanguage\":\"cs\"},{\"@type\":\"Organization\",\"@id\":\"https:\/\/www.peanutoem.com\/#organization\",\"name\":\"Peanut Butter Factory\",\"alternateName\":\"JuFeng Group\",\"url\":\"https:\/\/www.peanutoem.com\/\",\"logo\":{\"@type\":\"ImageObject\",\"inLanguage\":\"cs\",\"@id\":\"https:\/\/www.peanutoem.com\/#\/schema\/logo\/image\/\",\"url\":\"https:\/\/www.peanutoem.com\/wp-content\/uploads\/2024\/09\/JUFENG-LOGO.png\",\"contentUrl\":\"https:\/\/www.peanutoem.com\/wp-content\/uploads\/2024\/09\/JUFENG-LOGO.png\",\"width\":600,\"height\":170,\"caption\":\"Peanut Butter Factory\"},\"image\":{\"@id\":\"https:\/\/www.peanutoem.com\/#\/schema\/logo\/image\/\"}}]}<\/script>\n<!-- \/ Yoast SEO plugin. -->","yoast_head_json":{"title":"Roasted Peanut Powder Manufacturer - Peanut Butter Factory","description":"We are a top OEM, private label manufacturer, and exporter of premium Roasted Peanut Powder, offering quality solutions globally.","robots":{"index":"index","follow":"follow","max-snippet":"max-snippet:-1","max-image-preview":"max-image-preview:large","max-video-preview":"max-video-preview:-1"},"canonical":"https:\/\/www.peanutoem.com\/cs\/manufacturer\/roasted-peanut-powder\/","og_locale":"cs_CZ","og_type":"article","og_title":"Roasted Peanut Powder Manufacturer - Peanut Butter Factory","og_description":"We are a top OEM, private label manufacturer, and exporter of premium Roasted Peanut Powder, offering quality solutions globally.","og_url":"https:\/\/www.peanutoem.com\/cs\/manufacturer\/roasted-peanut-powder\/","og_site_name":"Peanut Butter Factory","article_modified_time":"2024-09-28T04:23:49+00:00","og_image":[{"width":551,"height":472,"url":"https:\/\/www.peanutoem.com\/wp-content\/uploads\/2024\/09\/Roasted-Peanut-Powder.webp","type":"image\/webp"}],"twitter_card":"summary_large_image","twitter_misc":{"Odhadovan\u00e1 doba \u010dten\u00ed":"3 minuty"},"schema":{"@context":"https:\/\/schema.org","@graph":[{"@type":"WebPage","@id":"https:\/\/www.peanutoem.com\/manufacturer\/roasted-peanut-powder\/","url":"https:\/\/www.peanutoem.com\/manufacturer\/roasted-peanut-powder\/","name":"Roasted Peanut Powder Manufacturer - Peanut Butter Factory","isPartOf":{"@id":"https:\/\/www.peanutoem.com\/#website"},"primaryImageOfPage":{"@id":"https:\/\/www.peanutoem.com\/manufacturer\/roasted-peanut-powder\/#primaryimage"},"image":{"@id":"https:\/\/www.peanutoem.com\/manufacturer\/roasted-peanut-powder\/#primaryimage"},"thumbnailUrl":"https:\/\/www.peanutoem.com\/wp-content\/uploads\/2024\/09\/Roasted-Peanut-Powder.webp","datePublished":"2024-09-02T14:00:57+00:00","dateModified":"2024-09-28T04:23:49+00:00","description":"We are a top OEM, private label manufacturer, and exporter of premium Roasted Peanut Powder, offering quality solutions globally.","breadcrumb":{"@id":"https:\/\/www.peanutoem.com\/manufacturer\/roasted-peanut-powder\/#breadcrumb"},"inLanguage":"cs","potentialAction":[{"@type":"ReadAction","target":["https:\/\/www.peanutoem.com\/manufacturer\/roasted-peanut-powder\/"]}]},{"@type":"ImageObject","inLanguage":"cs","@id":"https:\/\/www.peanutoem.com\/manufacturer\/roasted-peanut-powder\/#primaryimage","url":"https:\/\/www.peanutoem.com\/wp-content\/uploads\/2024\/09\/Roasted-Peanut-Powder.webp","contentUrl":"https:\/\/www.peanutoem.com\/wp-content\/uploads\/2024\/09\/Roasted-Peanut-Powder.webp","width":551,"height":472,"caption":"Roasted Peanut Powder"},{"@type":"BreadcrumbList","@id":"https:\/\/www.peanutoem.com\/manufacturer\/roasted-peanut-powder\/#breadcrumb","itemListElement":[{"@type":"ListItem","position":1,"name":"Home","item":"https:\/\/www.peanutoem.com\/"},{"@type":"ListItem","position":2,"name":"Products","item":"https:\/\/www.peanutoem.com\/shop\/"},{"@type":"ListItem","position":3,"name":"Roasted Peanut Powder"}]},{"@type":"WebSite","@id":"https:\/\/www.peanutoem.com\/#website","url":"https:\/\/www.peanutoem.com\/","name":"Peanut Butter Factory","description":"Peanut Butter Manufacturer and Roast Peanut OEM Factory | Peanut Private Label China Supplier","publisher":{"@id":"https:\/\/www.peanutoem.com\/#organization"},"alternateName":"Peanut Butter OEM and Wholesale","potentialAction":[{"@type":"SearchAction","target":{"@type":"EntryPoint","urlTemplate":"https:\/\/www.peanutoem.com\/?s={search_term_string}"},"query-input":{"@type":"PropertyValueSpecification","valueRequired":true,"valueName":"search_term_string"}}],"inLanguage":"cs"},{"@type":"Organization","@id":"https:\/\/www.peanutoem.com\/#organization","name":"Peanut Butter Factory","alternateName":"JuFeng Group","url":"https:\/\/www.peanutoem.com\/","logo":{"@type":"ImageObject","inLanguage":"cs","@id":"https:\/\/www.peanutoem.com\/#\/schema\/logo\/image\/","url":"https:\/\/www.peanutoem.com\/wp-content\/uploads\/2024\/09\/JUFENG-LOGO.png","contentUrl":"https:\/\/www.peanutoem.com\/wp-content\/uploads\/2024\/09\/JUFENG-LOGO.png","width":600,"height":170,"caption":"Peanut Butter Factory"},"image":{"@id":"https:\/\/www.peanutoem.com\/#\/schema\/logo\/image\/"}}]}},"_links":{"self":[{"href":"https:\/\/www.peanutoem.com\/cs\/wp-json\/wp\/v2\/product\/1556","targetHints":{"allow":["GET"]}}],"collection":[{"href":"https:\/\/www.peanutoem.com\/cs\/wp-json\/wp\/v2\/product"}],"about":[{"href":"https:\/\/www.peanutoem.com\/cs\/wp-json\/wp\/v2\/types\/product"}],"replies":[{"embeddable":true,"href":"https:\/\/www.peanutoem.com\/cs\/wp-json\/wp\/v2\/comments?post=1556"}],"wp:featuredmedia":[{"embeddable":true,"href":"https:\/\/www.peanutoem.com\/cs\/wp-json\/wp\/v2\/media\/1714"}],"wp:attachment":[{"href":"https:\/\/www.peanutoem.com\/cs\/wp-json\/wp\/v2\/media?parent=1556"}],"wp:term":[{"taxonomy":"product_cat","embeddable":true,"href":"https:\/\/www.peanutoem.com\/cs\/wp-json\/wp\/v2\/product_cat?post=1556"},{"taxonomy":"product_tag","embeddable":true,"href":"https:\/\/www.peanutoem.com\/cs\/wp-json\/wp\/v2\/product_tag?post=1556"}],"curies":[{"name":"wp","href":"https:\/\/api.w.org\/{rel}","templated":true}]}}