{"id":1638,"date":"2024-09-10T12:30:11","date_gmt":"2024-09-10T12:30:11","guid":{"rendered":"https:\/\/www.peanutoem.com\/?post_type=product&#038;p=1638"},"modified":"2024-10-06T09:55:00","modified_gmt":"2024-10-06T09:55:00","slug":"chocolate-peanut-butter","status":"publish","type":"product","link":"https:\/\/www.peanutoem.com\/cs\/manufacturer\/chocolate-peanut-butter\/","title":{"rendered":"\u010cokol\u00e1dov\u00e9 ara\u0161\u00eddov\u00e9 m\u00e1slo"},"content":{"rendered":"<h3>Co je \u010dokol\u00e1dov\u00e9 ara\u0161\u00eddov\u00e9 m\u00e1slo?<\/h3>\n<p>\u010cokol\u00e1dov\u00e9 ara\u0161\u00eddov\u00e9 m\u00e1slo je lahodnou f\u00faz\u00ed kr\u00e9mov\u00e9ho ara\u0161\u00eddov\u00e9ho m\u00e1sla <a href=\"https:\/\/en.wikipedia.org\/wiki\/Chocolate\" target=\"_blank\" rel=\"noopener\">\u010dokol\u00e1da<\/a>, vytv\u00e1\u0159\u00ed sladkou a slanou pomaz\u00e1nku, kter\u00e1 oslov\u00ed \u0161irokou \u0161k\u00e1lu chu\u0165ov\u00fdch preferenc\u00ed. Tato delik\u00e1tn\u00ed sm\u011bs je ide\u00e1ln\u00ed pro namaz\u00e1n\u00ed na chl\u00e9b, pou\u017eit\u00ed do dezert\u016f nebo prost\u011b vychutn\u00e1n\u00ed po l\u017ei\u010dk\u00e1ch. Kombinace ara\u0161\u00edd\u016f a \u010dokol\u00e1dy nab\u00edz\u00ed vyv\u00e1\u017eenou pochoutku, kter\u00e1 uspokoj\u00ed jak nad\u0161ence o\u0159echov\u00e9ho m\u00e1sla, tak milovn\u00edky \u010dokol\u00e1dy.<\/p>\n<h3>Jak\u00e9 jsou jin\u00e9 n\u00e1zvy pro \u010dokol\u00e1du v ara\u0161\u00eddov\u00e9m m\u00e1sle?<\/h3>\n<p>\u010cokol\u00e1dov\u00e9 ara\u0161\u00eddov\u00e9 m\u00e1slo je \u010dasto ozna\u010dov\u00e1no r\u016fzn\u00fdmi n\u00e1zvy podle chuti a pou\u017eit\u00ed. N\u011bkter\u00e9 alternativn\u00ed n\u00e1zvy zahrnuj\u00ed:<\/p>\n<ul>\n<li>Ara\u0161\u00eddov\u00e9 m\u00e1slo s p\u0159\u00edchut\u00ed \u010dokol\u00e1dy<\/li>\n<li>Pomaz\u00e1nka z kakaov\u00e9ho ara\u0161\u00eddov\u00e9ho m\u00e1sla<\/li>\n<li>Kakaov\u00e9 ara\u0161\u00eddov\u00e9 m\u00e1slo<\/li>\n<li>\u010coko-ara\u0161\u00eddov\u00e1 pomaz\u00e1nka<\/li>\n<li>Ara\u0161\u00eddov\u00e9 m\u00e1slo s \u010dokol\u00e1dou<\/li>\n<li>O\u0159\u00ed\u0161kov\u00e1 \u010dokol\u00e1dov\u00e1 pomaz\u00e1nka<\/li>\n<li>Ara\u0161\u00eddov\u00e9 m\u00e1slo s \u010dokol\u00e1dou<\/li>\n<li>O\u0159\u00ed\u0161kov\u00e1 \u010dokol\u00e1dov\u00e1 pomaz\u00e1nka<\/li>\n<\/ul>\n<p>Tyto n\u00e1zvy zd\u016fraz\u0148uj\u00ed n\u00e1dhernou sm\u011bs \u010dokol\u00e1dy a ara\u0161\u00eddov\u00e9ho m\u00e1sla, d\u00edky \u010demu\u017e je atraktivn\u00ed pro spot\u0159ebitele na r\u016fzn\u00fdch trz\u00edch.<\/p>\n<h3><img loading=\"lazy\" decoding=\"async\" class=\"alignnone wp-image-1682 size-full\" src=\"https:\/\/www.peanutoem.com\/wp-content\/uploads\/2024\/09\/Chocolate-Peanut-Butter-on-Bread.webp\" alt=\"\u010cokol\u00e1dov\u00e9 ara\u0161\u00eddov\u00e9 m\u00e1slo na chlebu\" width=\"912\" height=\"1144\" srcset=\"https:\/\/www.peanutoem.com\/wp-content\/uploads\/2024\/09\/Chocolate-Peanut-Butter-on-Bread.webp 912w, https:\/\/www.peanutoem.com\/wp-content\/uploads\/2024\/09\/Chocolate-Peanut-Butter-on-Bread-239x300.webp 239w, https:\/\/www.peanutoem.com\/wp-content\/uploads\/2024\/09\/Chocolate-Peanut-Butter-on-Bread-816x1024.webp 816w, https:\/\/www.peanutoem.com\/wp-content\/uploads\/2024\/09\/Chocolate-Peanut-Butter-on-Bread-768x963.webp 768w, https:\/\/www.peanutoem.com\/wp-content\/uploads\/2024\/09\/Chocolate-Peanut-Butter-on-Bread-10x12.webp 10w, https:\/\/www.peanutoem.com\/wp-content\/uploads\/2024\/09\/Chocolate-Peanut-Butter-on-Bread-600x753.webp 600w\" sizes=\"auto, (max-width: 912px) 100vw, 912px\" \/><\/h3>\n<h3>Pro\u010d si vybrat n\u00e1s jako sv\u00e9ho partnersk\u00e9ho dodavatele?<\/h3>\n<p>Jsme p\u0159edn\u00edm v\u00fdrobcem a v\u00fdvozcem \u010dokol\u00e1dov\u00e9ho ara\u0161\u00eddov\u00e9ho m\u00e1sla priv\u00e1tn\u00edch zna\u010dek OEM.<\/p>\n<ul>\n<li><strong>Odbornost na p\u0159izp\u016fsoben\u00ed:<\/strong> Nab\u00edz\u00edme pln\u011b p\u0159izp\u016fsoben\u00e9 receptury, kter\u00e9 odpov\u00eddaj\u00ed va\u0161im specifick\u00fdm po\u017eadavk\u016fm na chu\u0165, texturu a balen\u00ed.<\/li>\n<li><strong>Pr\u00e9miov\u00e9 ingredience:<\/strong> Pou\u017e\u00edvejte pouze ty nejkvalitn\u011bj\u0161\u00ed ara\u0161\u00eddy a \u010dokol\u00e1du.<\/li>\n<li><strong>Pokro\u010dil\u00e1 v\u00fdroba:<\/strong> Na\u0161e nejmodern\u011bj\u0161\u00ed za\u0159\u00edzen\u00ed jsou vybavena \u0161pi\u010dkov\u00fdmi v\u00fdrobn\u00edmi linkami z USA, kter\u00e9 zaji\u0161\u0165uj\u00ed konzistentn\u00ed kvalitu a efektivitu v ka\u017ed\u00e9 \u0161ar\u017ei.<\/li>\n<li><strong>Certifikace a zaji\u0161t\u011bn\u00ed kvality:<\/strong> Jsme dr\u017eiteli r\u016fzn\u00fdch certifikac\u00ed, v\u010detn\u011b BRCGS, Kosher, Halal a HACCP, kter\u00e9 zaru\u010duj\u00ed shodu s mezin\u00e1rodn\u00edmi standardy bezpe\u010dnosti a kvality.<\/li>\n<li><strong>Glob\u00e1ln\u00ed distribuce:<\/strong> D\u00edky rozs\u00e1hl\u00fdm zku\u0161enostem v mezin\u00e1rodn\u00edm obchodu vyv\u00e1\u017e\u00edme \u010dokol\u00e1dov\u00e9 ara\u0161\u00eddov\u00e9 m\u00e1slo na trhy po cel\u00e9m sv\u011bt\u011b, \u010d\u00edm\u017e zaji\u0161\u0165ujeme hladkou logistiku a v\u010dasn\u00e9 dod\u00e1vky.<\/li>\n<\/ul>\n<h3>\u017dhav\u00e1 t\u00e9mata<\/h3>\n<div class=\"group\/conversation-turn relative flex w-full min-w-0 flex-col agent-turn\">\n<div class=\"flex-col gap-1 md:gap-3\">\n<div class=\"flex max-w-full flex-col flex-grow\">\n<div class=\"min-h-8 text-message flex w-full flex-col items-end gap-2 whitespace-normal break-words [.text-message+&amp;]:mt-5\" dir=\"auto\" data-message-author-role=\"assistant\" data-message-id=\"61c5f9c1-377c-4081-b461-888734723e68\">\n<div class=\"flex w-full flex-col gap-1 empty:hidden first:pt-[3px]\">\n<div class=\"markdown prose w-full break-words dark:prose-invert dark\">\n<ul>\n<li><span style=\"color: #282828;\"><strong>V Dezertech<\/strong><\/span><br \/>\n<span style=\"color: #282828;\">Ara\u0161\u00eddov\u00e9 m\u00e1slo s \u010dokol\u00e1dou slou\u017e\u00ed jako v\u0161estrann\u00e1 p\u0159\u00edsada, kter\u00e1 v\u00fdrazn\u011b zvy\u0161uje kvalitu a chu\u0165 dezert\u016f, jako jsou dorty, brownies a zmrzliny. Jeho kr\u00e9mov\u00e1 textura a bohat\u00e1 chu\u0165 z n\u011bj \u010din\u00ed vynikaj\u00edc\u00edho spole\u010dn\u00edka pro pe\u010divo a cukrovinky.<\/span><\/li>\n<li><span style=\"color: #282828;\"><strong>Zdravotn\u00ed p\u0159\u00ednosy<\/strong><\/span><br \/>\n<span style=\"color: #282828;\">Krom\u011b sv\u00e9 neodolateln\u00e9 lahodnosti je tato pomaz\u00e1nka bohat\u00e1 na b\u00edlkoviny, zdrav\u00e9 tuky a vl\u00e1kninu a poskytuje t\u011blu nutri\u010dn\u00ed podporu. Kdy\u017e je vyrobena z ho\u0159k\u00e9 \u010dokol\u00e1dy, p\u0159id\u00e1v\u00e1 antioxida\u010dn\u00ed vlastnosti, co\u017e dod\u00e1v\u00e1 produktu zdravou p\u0159ita\u017elivost, kter\u00e1 p\u0159itahuje spot\u0159ebitele, kte\u0159\u00ed si uv\u011bdomuj\u00ed zdrav\u00ed.<\/span><\/li>\n<li><span style=\"color: #282828;\"><strong>Celosv\u011btov\u00e1 popularita<\/strong><\/span><br \/>\n<span style=\"color: #282828;\">Vzhledem k tomu, \u017ee spot\u0159ebitel\u00e9 st\u00e1le v\u00edce hledaj\u00ed pochutiny, kter\u00e9 uspokoj\u00ed jejich chu\u0165ov\u00e9 poh\u00e1rky a z\u00e1rove\u0148 jsou v\u00fd\u017eivn\u00e9, \u010dokol\u00e1dov\u00e9 ara\u0161\u00eddov\u00e9 m\u00e1slo si na celosv\u011btov\u00e9m trhu z\u00edskalo obrovskou popularitu. \u00dasp\u011b\u0161n\u011b kombinuje chu\u0165 a v\u00fd\u017eivu a z\u00edsk\u00e1v\u00e1 \u0161irok\u00fd obdiv d\u011bt\u00ed i dosp\u011bl\u00fdch.<\/span><\/li>\n<li><span style=\"color: #282828;\"><strong>Kreativn\u00ed vyu\u017eit\u00ed<\/strong><\/span><br \/>\n<span style=\"color: #282828;\">Krom\u011b tradi\u010dn\u00edho p\u00e1rov\u00e1n\u00ed, jako je toast nebo sendvi\u010de, lze tuto p\u0159\u00edsadu kreativn\u011b za\u010dlenit do smoothies, energetick\u00fdch ty\u010dinek nebo pou\u017e\u00edt jako n\u00e1pl\u0148 do pe\u010diva. Jeho jedine\u010dn\u00e1 p\u0159izp\u016fsobivost chuti mu umo\u017e\u0148uje zaz\u00e1\u0159it ve sladk\u00fdch i slan\u00fdch pokrmech, tak\u017ee je z\u00e1kladem mnoha dom\u00e1c\u00edch kuchyn\u00ed.<\/span><\/li>\n<\/ul>\n<\/div>\n<\/div>\n<\/div>\n<\/div>\n<\/div>\n<\/div>\n<hr \/>\n<h3><img loading=\"lazy\" decoding=\"async\" class=\"alignnone wp-image-1683 size-full\" src=\"https:\/\/www.peanutoem.com\/wp-content\/uploads\/2024\/09\/Chocolate-Peanut-Butter-Served.webp\" alt=\"\u010cokol\u00e1dov\u00e9 ara\u0161\u00eddov\u00e9 m\u00e1slo pod\u00e1van\u00e9\" width=\"896\" height=\"1152\" srcset=\"https:\/\/www.peanutoem.com\/wp-content\/uploads\/2024\/09\/Chocolate-Peanut-Butter-Served.webp 896w, https:\/\/www.peanutoem.com\/wp-content\/uploads\/2024\/09\/Chocolate-Peanut-Butter-Served-233x300.webp 233w, https:\/\/www.peanutoem.com\/wp-content\/uploads\/2024\/09\/Chocolate-Peanut-Butter-Served-796x1024.webp 796w, https:\/\/www.peanutoem.com\/wp-content\/uploads\/2024\/09\/Chocolate-Peanut-Butter-Served-768x987.webp 768w, https:\/\/www.peanutoem.com\/wp-content\/uploads\/2024\/09\/Chocolate-Peanut-Butter-Served-9x12.webp 9w, https:\/\/www.peanutoem.com\/wp-content\/uploads\/2024\/09\/Chocolate-Peanut-Butter-Served-600x771.webp 600w\" sizes=\"auto, (max-width: 896px) 100vw, 896px\" \/><\/h3>\n<h3>\u010cokol\u00e1dov\u00e9 ara\u0161\u00eddov\u00e9 m\u00e1slo FAQ<\/h3>\n<ol>\n<li><strong>Jak\u00e1 je va\u0161e hlavn\u00ed konkuren\u010dn\u00ed v\u00fdhoda jako p\u0159edn\u00edho v\u00fdrobce OEM?<\/strong><br \/>\nVynik\u00e1me t\u00edm, \u017ee nab\u00edz\u00edme r\u016fzn\u00e9 slu\u017eby p\u0159izp\u016fsoben\u00ed, vyb\u00edr\u00e1me vysoce kvalitn\u00ed ingredience a vyu\u017e\u00edv\u00e1me pokro\u010dil\u00e9 v\u00fdrobn\u00ed technologie. To zaji\u0161\u0165uje, \u017ee ka\u017ed\u00e1 \u0161ar\u017ee ara\u0161\u00eddov\u00e9ho m\u00e1sla vynik\u00e1 na trhu a spl\u0148uje jedine\u010dn\u00e9 pot\u0159eby na\u0161ich klient\u016f.<\/li>\n<li><strong>M\u016f\u017eete upravit pom\u011br \u010dokol\u00e1dy a ara\u0161\u00edd\u016f podle m\u00fdch specifikac\u00ed a vytvo\u0159it vlastn\u00ed recepturu pro mou zna\u010dku?<\/strong><br \/>\nAbsolutn\u011b! Poskytujeme komplexn\u00ed slu\u017eby p\u0159izp\u016fsoben\u00ed chuti, kter\u00e9 v\u00e1m pomohou naj\u00edt dokonalou rovnov\u00e1hu mezi \u010dokol\u00e1dou a ara\u0161\u00eddy, a z\u00e1rove\u0148 vyvineme unik\u00e1tn\u00ed recepturu, kter\u00e1 zv\u00fd\u0161\u00ed konkurenceschopnost va\u0161\u00ed zna\u010dky na trhu.<\/li>\n<li><strong>Jak\u00e9 mo\u017enosti balen\u00ed nab\u00edz\u00edte?<\/strong><br \/>\nNab\u00edz\u00edme r\u016fzn\u00e1 \u0159e\u0161en\u00ed balen\u00ed, v\u010detn\u011b elegantn\u00edch zava\u0159ovac\u00edch sklenic, pohodln\u00fdch stla\u010dovac\u00edch s\u00e1\u010dk\u016f a velkoobjemov\u00fdch n\u00e1dob vhodn\u00fdch pro skladov\u00e1n\u00ed ve velk\u00e9m m\u011b\u0159\u00edtku. V\u0161echny obaly lze p\u0159izp\u016fsobit tak, aby odr\u00e1\u017eely identitu va\u0161\u00ed zna\u010dky a marketingovou strategii.<\/li>\n<li><strong>Nab\u00edz\u00edte bio \u010dokol\u00e1dov\u00e9 ara\u0161\u00eddov\u00e9 m\u00e1slo a jak zaji\u0161\u0165ujete kvalitu produkt\u016f?<\/strong><br \/>\nAno, vyr\u00e1b\u00edme ara\u0161\u00eddov\u00e9 m\u00e1slo s bio certifikac\u00ed EU, vyroben\u00e9 z p\u0159\u00edsad, kter\u00e9 spl\u0148uj\u00ed ekologick\u00e9 normy. Krom\u011b toho jsme zavedli p\u0159\u00edsn\u00fd syst\u00e9m \u0159\u00edzen\u00ed kvality, v\u010detn\u011b intern\u00edho laboratorn\u00edho testov\u00e1n\u00ed, abychom zajistili, \u017ee ka\u017ed\u00e1 \u0161ar\u017ee spl\u0148uje nejvy\u0161\u0161\u00ed standardy chuti, textury a bezpe\u010dnosti.<\/li>\n<li><strong>Mohu po\u017e\u00e1dat o vzorky k ochutn\u00e1n\u00ed p\u0159ed proveden\u00edm velk\u00e9 objedn\u00e1vky a podporujete glob\u00e1ln\u00ed v\u00fdvoz?<\/strong><br \/>\nJist\u011b! R\u00e1di v\u00e1m poskytneme vzorov\u00e9 \u0161ar\u017ee pro va\u0161e hodnocen\u00ed p\u0159ed plnou v\u00fdrobou. Nav\u00edc m\u00e1me rozs\u00e1hl\u00e9 zku\u0161enosti s glob\u00e1ln\u00edm exportem, co\u017e zaji\u0161\u0165uje, \u017ee va\u0161e produkty doraz\u00ed bezpe\u010dn\u011b a v\u010das do cel\u00e9ho sv\u011bta.<\/li>\n<\/ol>\n<a href=\"mailto:globepeanut@gmail.com\" class=\"button primary is-primary is-medium\"  >\n    <span>Napi\u0161te n\u00e1m<\/span>\n  <\/a>","protected":false},"excerpt":{"rendered":"<table width=\"564\">\n<tbody>\n<tr>\n<td width=\"113\"><strong>N\u00e1zev produktu<\/strong><\/td>\n<td width=\"402\">\u010cokol\u00e1dov\u00e9 ara\u0161\u00eddov\u00e9 m\u00e1slo<\/td>\n<\/tr>\n<tr>\n<td width=\"113\"><strong>Specifikace<\/strong><\/td>\n<td width=\"402\">200gx36, 227gx24, 340gx12, 375gx12, 500gx12, 510gx12, 1kgx12, 10kgx1, 20kgx1, 220kgx1<\/td>\n<\/tr>\n<tr>\n<td width=\"113\"><strong>Bal\u00edc\u00ed formul\u00e1\u0159<\/strong><\/td>\n<td width=\"402\">Sklenice, v\u011bdro, balen\u00ed doy, ta\u0161ka, karton, plechovka, sud, plechovka, l\u00e1hev atd<\/td>\n<\/tr>\n<tr>\n<td width=\"113\"><strong>Dodac\u00ed lh\u016fta<\/strong><\/td>\n<td width=\"402\">7~20 dn\u00ed po objedn\u00e1vce<\/td>\n<\/tr>\n<tr>\n<td width=\"113\"><strong>MOQ<\/strong><\/td>\n<td width=\"402\">Jedna tuna<\/td>\n<\/tr>\n<tr>\n<td width=\"113\"><strong>Ochutnat<\/strong><\/td>\n<td width=\"402\">Vzorek zdarma k dispozici<\/td>\n<\/tr>\n<tr>\n<td width=\"113\"><strong>OEM<\/strong><\/td>\n<td width=\"402\">\u0160t\u00edtek kupuj\u00edc\u00edho p\u0159ijat<\/td>\n<\/tr>\n<\/tbody>\n<\/table>\n<p>&nbsp;<\/p>","protected":false},"featured_media":1671,"comment_status":"open","ping_status":"closed","template":"","meta":[],"product_cat":[15],"product_tag":[],"class_list":{"0":"post-1638","1":"product","2":"type-product","3":"status-publish","4":"has-post-thumbnail","6":"product_cat-peanut-butter","8":"first","9":"instock","10":"shipping-taxable","11":"product-type-simple"},"yoast_head":"<!-- This site is optimized with the Yoast SEO plugin v24.9 - https:\/\/yoast.com\/wordpress\/plugins\/seo\/ -->\n<title>Chocolate Peanut Butter Manufacturer OEM - China Peanut Butter Factory<\/title>\n<meta name=\"description\" content=\"Leading chocolate peanut butter OEM private label manufacturer and exporter. Discover premium, customized chocolate peanut butter from us.\" \/>\n<meta name=\"robots\" content=\"index, follow, max-snippet:-1, max-image-preview:large, max-video-preview:-1\" \/>\n<link rel=\"canonical\" href=\"https:\/\/www.peanutoem.com\/cs\/manufacturer\/chocolate-peanut-butter\/\" \/>\n<meta property=\"og:locale\" content=\"cs_CZ\" \/>\n<meta property=\"og:type\" content=\"article\" \/>\n<meta property=\"og:title\" content=\"Chocolate Peanut Butter Manufacturer OEM - China Peanut Butter Factory\" \/>\n<meta property=\"og:description\" content=\"Leading chocolate peanut butter OEM private label manufacturer and exporter. Discover premium, customized chocolate peanut butter from us.\" \/>\n<meta property=\"og:url\" content=\"https:\/\/www.peanutoem.com\/cs\/manufacturer\/chocolate-peanut-butter\/\" \/>\n<meta property=\"og:site_name\" content=\"Peanut Butter Factory\" \/>\n<meta property=\"article:modified_time\" content=\"2024-10-06T09:55:00+00:00\" \/>\n<meta property=\"og:image\" content=\"https:\/\/www.peanutoem.com\/wp-content\/uploads\/2024\/09\/Peanut-Butter-Chocolate-Flavor.webp\" \/>\n\t<meta property=\"og:image:width\" content=\"819\" \/>\n\t<meta property=\"og:image:height\" content=\"975\" \/>\n\t<meta property=\"og:image:type\" content=\"image\/webp\" \/>\n<meta name=\"twitter:card\" content=\"summary_large_image\" \/>\n<meta name=\"twitter:label1\" content=\"Odhadovan\u00e1 doba \u010dten\u00ed\" \/>\n\t<meta name=\"twitter:data1\" content=\"4 minuty\" \/>\n<script type=\"application\/ld+json\" class=\"yoast-schema-graph\">{\"@context\":\"https:\/\/schema.org\",\"@graph\":[{\"@type\":\"WebPage\",\"@id\":\"https:\/\/www.peanutoem.com\/manufacturer\/chocolate-peanut-butter\/\",\"url\":\"https:\/\/www.peanutoem.com\/manufacturer\/chocolate-peanut-butter\/\",\"name\":\"Chocolate Peanut Butter Manufacturer OEM - China Peanut Butter Factory\",\"isPartOf\":{\"@id\":\"https:\/\/www.peanutoem.com\/#website\"},\"primaryImageOfPage\":{\"@id\":\"https:\/\/www.peanutoem.com\/manufacturer\/chocolate-peanut-butter\/#primaryimage\"},\"image\":{\"@id\":\"https:\/\/www.peanutoem.com\/manufacturer\/chocolate-peanut-butter\/#primaryimage\"},\"thumbnailUrl\":\"https:\/\/www.peanutoem.com\/wp-content\/uploads\/2024\/09\/Peanut-Butter-Chocolate-Flavor.webp\",\"datePublished\":\"2024-09-10T12:30:11+00:00\",\"dateModified\":\"2024-10-06T09:55:00+00:00\",\"description\":\"Leading chocolate peanut butter OEM private label manufacturer and exporter. Discover premium, customized chocolate peanut butter from us.\",\"breadcrumb\":{\"@id\":\"https:\/\/www.peanutoem.com\/manufacturer\/chocolate-peanut-butter\/#breadcrumb\"},\"inLanguage\":\"cs\",\"potentialAction\":[{\"@type\":\"ReadAction\",\"target\":[\"https:\/\/www.peanutoem.com\/manufacturer\/chocolate-peanut-butter\/\"]}]},{\"@type\":\"ImageObject\",\"inLanguage\":\"cs\",\"@id\":\"https:\/\/www.peanutoem.com\/manufacturer\/chocolate-peanut-butter\/#primaryimage\",\"url\":\"https:\/\/www.peanutoem.com\/wp-content\/uploads\/2024\/09\/Peanut-Butter-Chocolate-Flavor.webp\",\"contentUrl\":\"https:\/\/www.peanutoem.com\/wp-content\/uploads\/2024\/09\/Peanut-Butter-Chocolate-Flavor.webp\",\"width\":819,\"height\":975,\"caption\":\"Peanut Butter Chocolate Flavor\"},{\"@type\":\"BreadcrumbList\",\"@id\":\"https:\/\/www.peanutoem.com\/manufacturer\/chocolate-peanut-butter\/#breadcrumb\",\"itemListElement\":[{\"@type\":\"ListItem\",\"position\":1,\"name\":\"Home\",\"item\":\"https:\/\/www.peanutoem.com\/\"},{\"@type\":\"ListItem\",\"position\":2,\"name\":\"Products\",\"item\":\"https:\/\/www.peanutoem.com\/shop\/\"},{\"@type\":\"ListItem\",\"position\":3,\"name\":\"Chocolate Peanut Butter\"}]},{\"@type\":\"WebSite\",\"@id\":\"https:\/\/www.peanutoem.com\/#website\",\"url\":\"https:\/\/www.peanutoem.com\/\",\"name\":\"Peanut Butter Factory\",\"description\":\"Peanut Butter Manufacturer and Roast Peanut OEM Factory | Peanut Private Label China Supplier\",\"publisher\":{\"@id\":\"https:\/\/www.peanutoem.com\/#organization\"},\"alternateName\":\"Peanut Butter OEM and Wholesale\",\"potentialAction\":[{\"@type\":\"SearchAction\",\"target\":{\"@type\":\"EntryPoint\",\"urlTemplate\":\"https:\/\/www.peanutoem.com\/?s={search_term_string}\"},\"query-input\":{\"@type\":\"PropertyValueSpecification\",\"valueRequired\":true,\"valueName\":\"search_term_string\"}}],\"inLanguage\":\"cs\"},{\"@type\":\"Organization\",\"@id\":\"https:\/\/www.peanutoem.com\/#organization\",\"name\":\"Peanut Butter Factory\",\"alternateName\":\"JuFeng Group\",\"url\":\"https:\/\/www.peanutoem.com\/\",\"logo\":{\"@type\":\"ImageObject\",\"inLanguage\":\"cs\",\"@id\":\"https:\/\/www.peanutoem.com\/#\/schema\/logo\/image\/\",\"url\":\"https:\/\/www.peanutoem.com\/wp-content\/uploads\/2024\/09\/JUFENG-LOGO.png\",\"contentUrl\":\"https:\/\/www.peanutoem.com\/wp-content\/uploads\/2024\/09\/JUFENG-LOGO.png\",\"width\":600,\"height\":170,\"caption\":\"Peanut Butter Factory\"},\"image\":{\"@id\":\"https:\/\/www.peanutoem.com\/#\/schema\/logo\/image\/\"}}]}<\/script>\n<!-- \/ Yoast SEO plugin. -->","yoast_head_json":{"title":"Chocolate Peanut Butter Manufacturer OEM - China Peanut Butter Factory","description":"Leading chocolate peanut butter OEM private label manufacturer and exporter. Discover premium, customized chocolate peanut butter from us.","robots":{"index":"index","follow":"follow","max-snippet":"max-snippet:-1","max-image-preview":"max-image-preview:large","max-video-preview":"max-video-preview:-1"},"canonical":"https:\/\/www.peanutoem.com\/cs\/manufacturer\/chocolate-peanut-butter\/","og_locale":"cs_CZ","og_type":"article","og_title":"Chocolate Peanut Butter Manufacturer OEM - China Peanut Butter Factory","og_description":"Leading chocolate peanut butter OEM private label manufacturer and exporter. Discover premium, customized chocolate peanut butter from us.","og_url":"https:\/\/www.peanutoem.com\/cs\/manufacturer\/chocolate-peanut-butter\/","og_site_name":"Peanut Butter Factory","article_modified_time":"2024-10-06T09:55:00+00:00","og_image":[{"width":819,"height":975,"url":"https:\/\/www.peanutoem.com\/wp-content\/uploads\/2024\/09\/Peanut-Butter-Chocolate-Flavor.webp","type":"image\/webp"}],"twitter_card":"summary_large_image","twitter_misc":{"Odhadovan\u00e1 doba \u010dten\u00ed":"4 minuty"},"schema":{"@context":"https:\/\/schema.org","@graph":[{"@type":"WebPage","@id":"https:\/\/www.peanutoem.com\/manufacturer\/chocolate-peanut-butter\/","url":"https:\/\/www.peanutoem.com\/manufacturer\/chocolate-peanut-butter\/","name":"Chocolate Peanut Butter Manufacturer OEM - China Peanut Butter Factory","isPartOf":{"@id":"https:\/\/www.peanutoem.com\/#website"},"primaryImageOfPage":{"@id":"https:\/\/www.peanutoem.com\/manufacturer\/chocolate-peanut-butter\/#primaryimage"},"image":{"@id":"https:\/\/www.peanutoem.com\/manufacturer\/chocolate-peanut-butter\/#primaryimage"},"thumbnailUrl":"https:\/\/www.peanutoem.com\/wp-content\/uploads\/2024\/09\/Peanut-Butter-Chocolate-Flavor.webp","datePublished":"2024-09-10T12:30:11+00:00","dateModified":"2024-10-06T09:55:00+00:00","description":"Leading chocolate peanut butter OEM private label manufacturer and exporter. Discover premium, customized chocolate peanut butter from us.","breadcrumb":{"@id":"https:\/\/www.peanutoem.com\/manufacturer\/chocolate-peanut-butter\/#breadcrumb"},"inLanguage":"cs","potentialAction":[{"@type":"ReadAction","target":["https:\/\/www.peanutoem.com\/manufacturer\/chocolate-peanut-butter\/"]}]},{"@type":"ImageObject","inLanguage":"cs","@id":"https:\/\/www.peanutoem.com\/manufacturer\/chocolate-peanut-butter\/#primaryimage","url":"https:\/\/www.peanutoem.com\/wp-content\/uploads\/2024\/09\/Peanut-Butter-Chocolate-Flavor.webp","contentUrl":"https:\/\/www.peanutoem.com\/wp-content\/uploads\/2024\/09\/Peanut-Butter-Chocolate-Flavor.webp","width":819,"height":975,"caption":"Peanut Butter Chocolate Flavor"},{"@type":"BreadcrumbList","@id":"https:\/\/www.peanutoem.com\/manufacturer\/chocolate-peanut-butter\/#breadcrumb","itemListElement":[{"@type":"ListItem","position":1,"name":"Home","item":"https:\/\/www.peanutoem.com\/"},{"@type":"ListItem","position":2,"name":"Products","item":"https:\/\/www.peanutoem.com\/shop\/"},{"@type":"ListItem","position":3,"name":"Chocolate Peanut Butter"}]},{"@type":"WebSite","@id":"https:\/\/www.peanutoem.com\/#website","url":"https:\/\/www.peanutoem.com\/","name":"Peanut Butter Factory","description":"Peanut Butter Manufacturer and Roast Peanut OEM Factory | Peanut Private Label China Supplier","publisher":{"@id":"https:\/\/www.peanutoem.com\/#organization"},"alternateName":"Peanut Butter OEM and Wholesale","potentialAction":[{"@type":"SearchAction","target":{"@type":"EntryPoint","urlTemplate":"https:\/\/www.peanutoem.com\/?s={search_term_string}"},"query-input":{"@type":"PropertyValueSpecification","valueRequired":true,"valueName":"search_term_string"}}],"inLanguage":"cs"},{"@type":"Organization","@id":"https:\/\/www.peanutoem.com\/#organization","name":"Peanut Butter Factory","alternateName":"JuFeng Group","url":"https:\/\/www.peanutoem.com\/","logo":{"@type":"ImageObject","inLanguage":"cs","@id":"https:\/\/www.peanutoem.com\/#\/schema\/logo\/image\/","url":"https:\/\/www.peanutoem.com\/wp-content\/uploads\/2024\/09\/JUFENG-LOGO.png","contentUrl":"https:\/\/www.peanutoem.com\/wp-content\/uploads\/2024\/09\/JUFENG-LOGO.png","width":600,"height":170,"caption":"Peanut Butter Factory"},"image":{"@id":"https:\/\/www.peanutoem.com\/#\/schema\/logo\/image\/"}}]}},"_links":{"self":[{"href":"https:\/\/www.peanutoem.com\/cs\/wp-json\/wp\/v2\/product\/1638","targetHints":{"allow":["GET"]}}],"collection":[{"href":"https:\/\/www.peanutoem.com\/cs\/wp-json\/wp\/v2\/product"}],"about":[{"href":"https:\/\/www.peanutoem.com\/cs\/wp-json\/wp\/v2\/types\/product"}],"replies":[{"embeddable":true,"href":"https:\/\/www.peanutoem.com\/cs\/wp-json\/wp\/v2\/comments?post=1638"}],"wp:featuredmedia":[{"embeddable":true,"href":"https:\/\/www.peanutoem.com\/cs\/wp-json\/wp\/v2\/media\/1671"}],"wp:attachment":[{"href":"https:\/\/www.peanutoem.com\/cs\/wp-json\/wp\/v2\/media?parent=1638"}],"wp:term":[{"taxonomy":"product_cat","embeddable":true,"href":"https:\/\/www.peanutoem.com\/cs\/wp-json\/wp\/v2\/product_cat?post=1638"},{"taxonomy":"product_tag","embeddable":true,"href":"https:\/\/www.peanutoem.com\/cs\/wp-json\/wp\/v2\/product_tag?post=1638"}],"curies":[{"name":"wp","href":"https:\/\/api.w.org\/{rel}","templated":true}]}}