{"id":1397,"date":"2023-06-08T07:51:40","date_gmt":"2023-06-08T07:51:40","guid":{"rendered":"https:\/\/www.peanutoem.com\/?post_type=product&#038;p=1397"},"modified":"2024-09-28T07:06:47","modified_gmt":"2024-09-28T07:06:47","slug":"creamy-peanut-butter","status":"publish","type":"product","link":"https:\/\/www.peanutoem.com\/da\/manufacturer\/creamy-peanut-butter\/","title":{"rendered":"Cremet jordn\u00f8ddesm\u00f8r | Glat jordn\u00f8ddesm\u00f8r"},"content":{"rendered":"<h3>Cremet <a href=\"https:\/\/www.peanutoem.com\/da\/Wholesale\/peanut-butter\/\" target=\"_blank\" rel=\"noopener\">Jordn\u00f8ddesm\u00f8r<\/a> | Glat jordn\u00f8ddesm\u00f8r \u2013 f\u00f8rende OEM-producent af private m\u00e6rker<\/h3>\n<p>Vi s\u00e6tter en \u00e6re i at v\u00e6re en top OEM private label producent, eksport\u00f8r og leverand\u00f8r af cremet jordn\u00f8ddesm\u00f8r og glat jordn\u00f8ddesm\u00f8r. Vores state-of-the-art produktionslinjer og h\u00f8je kvalitetsstandarder sikrer, at hver krukke jordn\u00f8ddesm\u00f8r opfylder globale krav til smag og konsistens. Bakket op af internationalt anerkendte <a href=\"https:\/\/www.peanutoem.com\/da\/certificate\/\" target=\"_blank\" rel=\"noopener\">certificeringer<\/a> Ligesom HACCP, BRCGS, ECOCERT, Halal og Kosher er vores jordn\u00f8ddesm\u00f8rprodukter en fast bestanddel for virksomheder verden over.<\/p>\n<p><img loading=\"lazy\" decoding=\"async\" class=\"alignnone wp-image-1620 size-large\" src=\"https:\/\/www.peanutoem.com\/wp-content\/uploads\/2024\/09\/Peanut-Butter-Qualifications-1024x736.webp\" alt=\"Jordn\u00f8ddesm\u00f8r OEM-processorkvalifikationer\" width=\"1020\" height=\"733\" srcset=\"https:\/\/www.peanutoem.com\/wp-content\/uploads\/2024\/09\/Peanut-Butter-Qualifications-1024x736.webp 1024w, https:\/\/www.peanutoem.com\/wp-content\/uploads\/2024\/09\/Peanut-Butter-Qualifications-300x216.webp 300w, https:\/\/www.peanutoem.com\/wp-content\/uploads\/2024\/09\/Peanut-Butter-Qualifications-768x552.webp 768w, https:\/\/www.peanutoem.com\/wp-content\/uploads\/2024\/09\/Peanut-Butter-Qualifications-18x12.webp 18w, https:\/\/www.peanutoem.com\/wp-content\/uploads\/2024\/09\/Peanut-Butter-Qualifications-600x431.webp 600w, https:\/\/www.peanutoem.com\/wp-content\/uploads\/2024\/09\/Peanut-Butter-Qualifications.webp 1341w\" sizes=\"auto, (max-width: 1020px) 100vw, 1020px\" \/><\/p>\n<h3>Hvad er cremet jordn\u00f8ddesm\u00f8r og glat jordn\u00f8ddesm\u00f8r?<\/h3>\n<p>Cremet jordn\u00f8ddesm\u00f8r og glat jordn\u00f8ddesm\u00f8r er to af de mest popul\u00e6re typer jordn\u00f8ddesm\u00f8r. Begge er lavet af fintmalede ristede jordn\u00f8dder, hvilket resulterer i en rig og glat tekstur. Cremet jordn\u00f8ddesm\u00f8r giver dog en lidt t\u00e6ttere konsistens sammenlignet med glat jordn\u00f8ddesm\u00f8r, hvilket g\u00f8r den ideel til at sm\u00f8re p\u00e5 br\u00f8d eller som ingrediens i bagning og madlavning.<\/p>\n<h3>Vores kapacitet<\/h3>\n<p>Vi opererer med avancerede forarbejdningsfaciliteter, der er i stand til at producere 30.000 tons jordn\u00f8ddesm\u00f8r \u00e5rligt. Vores veludstyrede laboratorier udf\u00f8rer strenge sensoriske, fysiske, kemiske og mikrobielle tests for at sikre kvaliteten og sikkerheden af hver batch.<\/p>\n<h3>OEM Private Label-l\u00f8sninger til jordn\u00f8ddesm\u00f8r<\/h3>\n<p>Som en p\u00e5lidelig OEM-producent og private label-leverand\u00f8r tilbyder vi skr\u00e6ddersyede l\u00f8sninger, der matcher dit brands behov. Uanset om du \u00f8nsker at levere din egen etiket med cremet jordn\u00f8ddesm\u00f8r eller glat jordn\u00f8ddesm\u00f8r, tilbyder vi fleksible muligheder i emballage og produktst\u00f8rrelse. Vores team sikrer, at dine produkter er fremstillet med omhu og i overensstemmelse med de h\u00f8jeste industristandarder.<\/p>\n<h3>Global eksport\u00f8r og leverand\u00f8r<\/h3>\n<p>Med en global tilstedev\u00e6relse fungerer vi som en p\u00e5lidelig eksport\u00f8r og leverand\u00f8r af jordn\u00f8ddesm\u00f8r, der leverer vores produkter til store f\u00f8devareforhandlere, franchiseselskaber og distribut\u00f8rer over hele verden. Vores omfattende distributionsnetv\u00e6rk og effektive logistik sikrer rettidig levering, uanset hvor din virksomhed er placeret.<\/p>\n<h3>Hvorfor v\u00e6lge os?<\/h3>\n<ul>\n<li><strong>H\u00f8j produktionskapacitet<\/strong>: 30.000 tons \u00e5rligt<\/li>\n<li><strong>Omfattende certificeringer<\/strong>: HACCP, BRCGS, Halal, Kosher, EU \u00d8kologisk<\/li>\n<li><strong>OEM &amp; Private Label Eksperter<\/strong>: Skr\u00e6ddersyede l\u00f8sninger til dit brand<\/li>\n<li><strong>Global leverand\u00f8r og eksport\u00f8r<\/strong>: Betjener kunder over hele verden med f\u00f8rsteklasses jordn\u00f8ddeprodukter<\/li>\n<\/ul>\n<p>Vi forpligter os til at levere de fineste jordn\u00f8ddesm\u00f8rprodukter, der opfylder de skiftende krav p\u00e5 det globale marked. Uanset om du har brug for en lille detailpakke eller store bulkm\u00e6ngder, leverer vi med fortr\u00e6ffelighed.<\/p>\n<a href=\"mailto:globepeanut@gmail.com\" class=\"button primary is-primary is-medium\"  >\n    <span>Email os<\/span>\n  <\/a>","protected":false},"excerpt":{"rendered":"<table style=\"height: 282px;\" width=\"564\">\n<tbody>\n<tr>\n<td width=\"113\"><strong>Produktnavn<\/strong><\/td>\n<td width=\"402\">Cremet jordn\u00f8ddesm\u00f8r | Glat jordn\u00f8ddesm\u00f8r<\/td>\n<\/tr>\n<tr>\n<td width=\"113\"><strong>Ingredienser<\/strong><\/td>\n<td width=\"402\">Udvalgte jordn\u00f8ddekerner, hvidt sukker, hydrogeneret vegetabilsk olie, salt<\/td>\n<\/tr>\n<tr>\n<td width=\"113\"><strong>Specifikationer<\/strong><\/td>\n<td width=\"402\">200gx36, 227gx24, 340gx12, 375gx12, 500gx12, 510gx12, 1kgx12, 10kgx1, 20kgx1, 220kgx1<\/td>\n<\/tr>\n<tr>\n<td width=\"113\"><strong>Pakkeformular<\/strong><\/td>\n<td width=\"402\">Krukke, spand, doy-pakke, taske, karton, d\u00e5se, t\u00f8nde, d\u00e5se, flaske osv<\/td>\n<\/tr>\n<tr>\n<td width=\"113\"><strong>Leveringstid<\/strong><\/td>\n<td width=\"402\">7 ~ 20 dage efter bestilling<\/td>\n<\/tr>\n<tr>\n<td width=\"113\"><strong>MOQ<\/strong><\/td>\n<td width=\"402\">Et ton<\/td>\n<\/tr>\n<tr>\n<td width=\"113\"><strong>Pr\u00f8ve<\/strong><\/td>\n<td width=\"402\">Gratis pr\u00f8ve tilg\u00e6ngelig<\/td>\n<\/tr>\n<tr>\n<td width=\"113\"><strong>OEM<\/strong><\/td>\n<td width=\"402\">K\u00f8bers etiket accepteret<\/td>\n<\/tr>\n<\/tbody>\n<\/table>\n<p>&nbsp;<\/p>","protected":false},"featured_media":1641,"comment_status":"open","ping_status":"closed","template":"","meta":[],"product_cat":[15],"product_tag":[],"class_list":{"0":"post-1397","1":"product","2":"type-product","3":"status-publish","4":"has-post-thumbnail","6":"product_cat-peanut-butter","8":"first","9":"instock","10":"featured","11":"shipping-taxable","12":"product-type-simple"},"yoast_head":"<!-- This site is optimized with the Yoast SEO plugin v24.9 - https:\/\/yoast.com\/wordpress\/plugins\/seo\/ -->\n<title>Creamy Peanut Butter Manufacturer- Smooth Peanut Butter OEM - Peanut Butter Factory<\/title>\n<meta name=\"description\" content=\"As a leading OEM private label manufacturer, we offer premium creamy and smooth peanut butter with flexible packaging, certified to global standards.\" \/>\n<meta name=\"robots\" content=\"index, follow, max-snippet:-1, max-image-preview:large, max-video-preview:-1\" \/>\n<link rel=\"canonical\" href=\"https:\/\/www.peanutoem.com\/da\/manufacturer\/creamy-peanut-butter\/\" \/>\n<meta property=\"og:locale\" content=\"da_DK\" \/>\n<meta property=\"og:type\" content=\"article\" \/>\n<meta property=\"og:title\" content=\"Creamy Peanut Butter Manufacturer- Smooth Peanut Butter OEM - Peanut Butter Factory\" \/>\n<meta property=\"og:description\" content=\"As a leading OEM private label manufacturer, we offer premium creamy and smooth peanut butter with flexible packaging, certified to global standards.\" \/>\n<meta property=\"og:url\" content=\"https:\/\/www.peanutoem.com\/da\/manufacturer\/creamy-peanut-butter\/\" \/>\n<meta property=\"og:site_name\" content=\"Peanut Butter Factory\" \/>\n<meta property=\"article:modified_time\" content=\"2024-09-28T07:06:47+00:00\" \/>\n<meta property=\"og:image\" content=\"https:\/\/www.peanutoem.com\/wp-content\/uploads\/2023\/06\/Creamy-Peanut-Butter-in-jar.webp\" \/>\n\t<meta property=\"og:image:width\" content=\"1000\" \/>\n\t<meta property=\"og:image:height\" content=\"1000\" \/>\n\t<meta property=\"og:image:type\" content=\"image\/webp\" \/>\n<meta name=\"twitter:card\" content=\"summary_large_image\" \/>\n<meta name=\"twitter:label1\" content=\"Estimeret l\u00e6setid\" \/>\n\t<meta name=\"twitter:data1\" content=\"3 minutter\" \/>\n<script type=\"application\/ld+json\" class=\"yoast-schema-graph\">{\"@context\":\"https:\/\/schema.org\",\"@graph\":[{\"@type\":\"WebPage\",\"@id\":\"https:\/\/www.peanutoem.com\/manufacturer\/creamy-peanut-butter\/\",\"url\":\"https:\/\/www.peanutoem.com\/manufacturer\/creamy-peanut-butter\/\",\"name\":\"Creamy Peanut Butter Manufacturer- Smooth Peanut Butter OEM - Peanut Butter Factory\",\"isPartOf\":{\"@id\":\"https:\/\/www.peanutoem.com\/#website\"},\"primaryImageOfPage\":{\"@id\":\"https:\/\/www.peanutoem.com\/manufacturer\/creamy-peanut-butter\/#primaryimage\"},\"image\":{\"@id\":\"https:\/\/www.peanutoem.com\/manufacturer\/creamy-peanut-butter\/#primaryimage\"},\"thumbnailUrl\":\"https:\/\/www.peanutoem.com\/wp-content\/uploads\/2023\/06\/Creamy-Peanut-Butter-in-jar.webp\",\"datePublished\":\"2023-06-08T07:51:40+00:00\",\"dateModified\":\"2024-09-28T07:06:47+00:00\",\"description\":\"As a leading OEM private label manufacturer, we offer premium creamy and smooth peanut butter with flexible packaging, certified to global standards.\",\"breadcrumb\":{\"@id\":\"https:\/\/www.peanutoem.com\/manufacturer\/creamy-peanut-butter\/#breadcrumb\"},\"inLanguage\":\"da-DK\",\"potentialAction\":[{\"@type\":\"ReadAction\",\"target\":[\"https:\/\/www.peanutoem.com\/manufacturer\/creamy-peanut-butter\/\"]}]},{\"@type\":\"ImageObject\",\"inLanguage\":\"da-DK\",\"@id\":\"https:\/\/www.peanutoem.com\/manufacturer\/creamy-peanut-butter\/#primaryimage\",\"url\":\"https:\/\/www.peanutoem.com\/wp-content\/uploads\/2023\/06\/Creamy-Peanut-Butter-in-jar.webp\",\"contentUrl\":\"https:\/\/www.peanutoem.com\/wp-content\/uploads\/2023\/06\/Creamy-Peanut-Butter-in-jar.webp\",\"width\":1000,\"height\":1000,\"caption\":\"Creamy Peanut Butter in jar\"},{\"@type\":\"BreadcrumbList\",\"@id\":\"https:\/\/www.peanutoem.com\/manufacturer\/creamy-peanut-butter\/#breadcrumb\",\"itemListElement\":[{\"@type\":\"ListItem\",\"position\":1,\"name\":\"Home\",\"item\":\"https:\/\/www.peanutoem.com\/\"},{\"@type\":\"ListItem\",\"position\":2,\"name\":\"Products\",\"item\":\"https:\/\/www.peanutoem.com\/shop\/\"},{\"@type\":\"ListItem\",\"position\":3,\"name\":\"Creamy Peanut Butter | Smooth Peanut Butter\"}]},{\"@type\":\"WebSite\",\"@id\":\"https:\/\/www.peanutoem.com\/#website\",\"url\":\"https:\/\/www.peanutoem.com\/\",\"name\":\"Peanut Butter Factory\",\"description\":\"Peanut Butter Manufacturer and Roast Peanut OEM Factory | Peanut Private Label China Supplier\",\"publisher\":{\"@id\":\"https:\/\/www.peanutoem.com\/#organization\"},\"alternateName\":\"Peanut Butter OEM and Wholesale\",\"potentialAction\":[{\"@type\":\"SearchAction\",\"target\":{\"@type\":\"EntryPoint\",\"urlTemplate\":\"https:\/\/www.peanutoem.com\/?s={search_term_string}\"},\"query-input\":{\"@type\":\"PropertyValueSpecification\",\"valueRequired\":true,\"valueName\":\"search_term_string\"}}],\"inLanguage\":\"da-DK\"},{\"@type\":\"Organization\",\"@id\":\"https:\/\/www.peanutoem.com\/#organization\",\"name\":\"Peanut Butter Factory\",\"alternateName\":\"JuFeng Group\",\"url\":\"https:\/\/www.peanutoem.com\/\",\"logo\":{\"@type\":\"ImageObject\",\"inLanguage\":\"da-DK\",\"@id\":\"https:\/\/www.peanutoem.com\/#\/schema\/logo\/image\/\",\"url\":\"https:\/\/www.peanutoem.com\/wp-content\/uploads\/2024\/09\/JUFENG-LOGO.png\",\"contentUrl\":\"https:\/\/www.peanutoem.com\/wp-content\/uploads\/2024\/09\/JUFENG-LOGO.png\",\"width\":600,\"height\":170,\"caption\":\"Peanut Butter Factory\"},\"image\":{\"@id\":\"https:\/\/www.peanutoem.com\/#\/schema\/logo\/image\/\"}}]}<\/script>\n<!-- \/ Yoast SEO plugin. -->","yoast_head_json":{"title":"Creamy Peanut Butter Manufacturer- Smooth Peanut Butter OEM - Peanut Butter Factory","description":"As a leading OEM private label manufacturer, we offer premium creamy and smooth peanut butter with flexible packaging, certified to global standards.","robots":{"index":"index","follow":"follow","max-snippet":"max-snippet:-1","max-image-preview":"max-image-preview:large","max-video-preview":"max-video-preview:-1"},"canonical":"https:\/\/www.peanutoem.com\/da\/manufacturer\/creamy-peanut-butter\/","og_locale":"da_DK","og_type":"article","og_title":"Creamy Peanut Butter Manufacturer- Smooth Peanut Butter OEM - Peanut Butter Factory","og_description":"As a leading OEM private label manufacturer, we offer premium creamy and smooth peanut butter with flexible packaging, certified to global standards.","og_url":"https:\/\/www.peanutoem.com\/da\/manufacturer\/creamy-peanut-butter\/","og_site_name":"Peanut Butter Factory","article_modified_time":"2024-09-28T07:06:47+00:00","og_image":[{"width":1000,"height":1000,"url":"https:\/\/www.peanutoem.com\/wp-content\/uploads\/2023\/06\/Creamy-Peanut-Butter-in-jar.webp","type":"image\/webp"}],"twitter_card":"summary_large_image","twitter_misc":{"Estimeret l\u00e6setid":"3 minutter"},"schema":{"@context":"https:\/\/schema.org","@graph":[{"@type":"WebPage","@id":"https:\/\/www.peanutoem.com\/manufacturer\/creamy-peanut-butter\/","url":"https:\/\/www.peanutoem.com\/manufacturer\/creamy-peanut-butter\/","name":"Creamy Peanut Butter Manufacturer- Smooth Peanut Butter OEM - Peanut Butter Factory","isPartOf":{"@id":"https:\/\/www.peanutoem.com\/#website"},"primaryImageOfPage":{"@id":"https:\/\/www.peanutoem.com\/manufacturer\/creamy-peanut-butter\/#primaryimage"},"image":{"@id":"https:\/\/www.peanutoem.com\/manufacturer\/creamy-peanut-butter\/#primaryimage"},"thumbnailUrl":"https:\/\/www.peanutoem.com\/wp-content\/uploads\/2023\/06\/Creamy-Peanut-Butter-in-jar.webp","datePublished":"2023-06-08T07:51:40+00:00","dateModified":"2024-09-28T07:06:47+00:00","description":"As a leading OEM private label manufacturer, we offer premium creamy and smooth peanut butter with flexible packaging, certified to global standards.","breadcrumb":{"@id":"https:\/\/www.peanutoem.com\/manufacturer\/creamy-peanut-butter\/#breadcrumb"},"inLanguage":"da-DK","potentialAction":[{"@type":"ReadAction","target":["https:\/\/www.peanutoem.com\/manufacturer\/creamy-peanut-butter\/"]}]},{"@type":"ImageObject","inLanguage":"da-DK","@id":"https:\/\/www.peanutoem.com\/manufacturer\/creamy-peanut-butter\/#primaryimage","url":"https:\/\/www.peanutoem.com\/wp-content\/uploads\/2023\/06\/Creamy-Peanut-Butter-in-jar.webp","contentUrl":"https:\/\/www.peanutoem.com\/wp-content\/uploads\/2023\/06\/Creamy-Peanut-Butter-in-jar.webp","width":1000,"height":1000,"caption":"Creamy Peanut Butter in jar"},{"@type":"BreadcrumbList","@id":"https:\/\/www.peanutoem.com\/manufacturer\/creamy-peanut-butter\/#breadcrumb","itemListElement":[{"@type":"ListItem","position":1,"name":"Home","item":"https:\/\/www.peanutoem.com\/"},{"@type":"ListItem","position":2,"name":"Products","item":"https:\/\/www.peanutoem.com\/shop\/"},{"@type":"ListItem","position":3,"name":"Creamy Peanut Butter | Smooth Peanut Butter"}]},{"@type":"WebSite","@id":"https:\/\/www.peanutoem.com\/#website","url":"https:\/\/www.peanutoem.com\/","name":"Peanut Butter Factory","description":"Peanut Butter Manufacturer and Roast Peanut OEM Factory | Peanut Private Label China Supplier","publisher":{"@id":"https:\/\/www.peanutoem.com\/#organization"},"alternateName":"Peanut Butter OEM and Wholesale","potentialAction":[{"@type":"SearchAction","target":{"@type":"EntryPoint","urlTemplate":"https:\/\/www.peanutoem.com\/?s={search_term_string}"},"query-input":{"@type":"PropertyValueSpecification","valueRequired":true,"valueName":"search_term_string"}}],"inLanguage":"da-DK"},{"@type":"Organization","@id":"https:\/\/www.peanutoem.com\/#organization","name":"Peanut Butter Factory","alternateName":"JuFeng Group","url":"https:\/\/www.peanutoem.com\/","logo":{"@type":"ImageObject","inLanguage":"da-DK","@id":"https:\/\/www.peanutoem.com\/#\/schema\/logo\/image\/","url":"https:\/\/www.peanutoem.com\/wp-content\/uploads\/2024\/09\/JUFENG-LOGO.png","contentUrl":"https:\/\/www.peanutoem.com\/wp-content\/uploads\/2024\/09\/JUFENG-LOGO.png","width":600,"height":170,"caption":"Peanut Butter Factory"},"image":{"@id":"https:\/\/www.peanutoem.com\/#\/schema\/logo\/image\/"}}]}},"_links":{"self":[{"href":"https:\/\/www.peanutoem.com\/da\/wp-json\/wp\/v2\/product\/1397","targetHints":{"allow":["GET"]}}],"collection":[{"href":"https:\/\/www.peanutoem.com\/da\/wp-json\/wp\/v2\/product"}],"about":[{"href":"https:\/\/www.peanutoem.com\/da\/wp-json\/wp\/v2\/types\/product"}],"replies":[{"embeddable":true,"href":"https:\/\/www.peanutoem.com\/da\/wp-json\/wp\/v2\/comments?post=1397"}],"wp:featuredmedia":[{"embeddable":true,"href":"https:\/\/www.peanutoem.com\/da\/wp-json\/wp\/v2\/media\/1641"}],"wp:attachment":[{"href":"https:\/\/www.peanutoem.com\/da\/wp-json\/wp\/v2\/media?parent=1397"}],"wp:term":[{"taxonomy":"product_cat","embeddable":true,"href":"https:\/\/www.peanutoem.com\/da\/wp-json\/wp\/v2\/product_cat?post=1397"},{"taxonomy":"product_tag","embeddable":true,"href":"https:\/\/www.peanutoem.com\/da\/wp-json\/wp\/v2\/product_tag?post=1397"}],"curies":[{"name":"wp","href":"https:\/\/api.w.org\/{rel}","templated":true}]}}