{"id":1543,"date":"2024-09-02T13:37:15","date_gmt":"2024-09-02T13:37:15","guid":{"rendered":"https:\/\/www.peanutoem.com\/?post_type=product&#038;p=1543"},"modified":"2024-09-28T06:03:37","modified_gmt":"2024-09-28T06:03:37","slug":"pure-peanut-butter","status":"publish","type":"product","link":"https:\/\/www.peanutoem.com\/da\/manufacturer\/pure-peanut-butter\/","title":{"rendered":"Ren jordn\u00f8ddesm\u00f8r"},"content":{"rendered":"<h3>Ren jordn\u00f8ddesm\u00f8r \u2013 f\u00f8rende OEM-leverand\u00f8r og private label-producent<\/h3>\n<p>Vi specialiserer os i at producere og levere rent jordn\u00f8ddesm\u00f8r som en p\u00e5lidelig OEM-udbyder, private label-producent og eksport\u00f8r. Vores produkter er lavet med 100% jordn\u00f8dder, der leverer uovertruffen kvalitet og autenticitet for dit brand. Med avancerede produktionskapaciteter og globale certificeringer skr\u00e6ddersyer vi vores jordn\u00f8ddesm\u00f8rl\u00f8sninger til dine specifikke krav.<\/p>\n<h3>Hvad er rent jordn\u00f8ddesm\u00f8r?<\/h3>\n<p><strong>Ren <a href=\"https:\/\/www.peanutoem.com\/da\/Wholesale\/peanut-butter\/\" target=\"_blank\" rel=\"noopener\">jordn\u00f8ddesm\u00f8r<\/a><\/strong> er lavet af 100% <a href=\"https:\/\/en.wikipedia.org\/wiki\/Peanut\" target=\"_blank\" rel=\"noopener\">jordn\u00f8dder<\/a>uden tilsat sukker, olie eller konserveringsmidler. Det giver en naturlig, uforarbejdet smag, der appellerer til sundhedsbevidste forbrugere. Denne type jordn\u00f8ddesm\u00f8r bevarer den rige smag og naturlige olier fra jordn\u00f8dderne, hvilket g\u00f8r det til et popul\u00e6rt valg for dem, der s\u00f8ger clean-label produkter.<\/p>\n<h3>Hvad er andre navne for rent jordn\u00f8ddesm\u00f8r?<\/h3>\n<p>Det er ogs\u00e5 kendt under forskellige navne p\u00e5 tv\u00e6rs af regioner og brancher. Nogle af de mest almindelige alternative navne inkluderer:<\/p>\n<ul>\n<li><strong>Naturligt jordn\u00f8ddesm\u00f8r<\/strong><\/li>\n<li><strong>Us\u00f8det jordn\u00f8ddesm\u00f8r<\/strong><\/li>\n<li><strong>Jordn\u00f8ddesm\u00f8r uden tils\u00e6tning<\/strong><\/li>\n<li><strong>100% jordn\u00f8ddesm\u00f8r<\/strong><\/li>\n<\/ul>\n<p>Disse navne understreger frav\u00e6ret af yderligere ingredienser, hvilket fremh\u00e6ver produktets renhed.<\/p>\n<h3>Hvorfor v\u00e6lge os som din leverand\u00f8r?<\/h3>\n<p>Som en f\u00f8rende OEM-udbyder og private label-producent tilbyder vi:<\/p>\n<ul>\n<li><strong>Produkter af h\u00f8j kvalitet:<\/strong> Vores rene jordn\u00f8ddesm\u00f8r indeholder 100% udvalgte jordn\u00f8dder, fri for tilsat sukker, olier eller konserveringsmidler.<\/li>\n<li><strong>Tilpassede l\u00f8sninger:<\/strong> Vi tilbyder fleksible emballagemuligheder, herunder krukker, d\u00e5ser og spande, i forskellige st\u00f8rrelser for at im\u00f8dekomme markedets krav.<\/li>\n<li><strong>Global <a href=\"https:\/\/www.peanutoem.com\/da\/certificate\/\" target=\"_blank\" rel=\"noopener\">Certificeringer<\/a>:<\/strong> Vores certificeringer, herunder HACCP, BRCGS, Halal og Kosher, sikrer produktsikkerhed og f\u00f8rsteklasses kvalitet.<\/li>\n<li><strong>Stor produktionskapacitet:<\/strong> Vi kan effektivt h\u00e5ndtere b\u00e5de sm\u00e5 og store ordrer og im\u00f8dekomme forskellige kundebehov.<\/li>\n<li><strong>Ekspertise i global eksport:<\/strong> Vi har stor erfaring med at levere jordn\u00f8ddesm\u00f8r af h\u00f8j kvalitet til kunder over hele verden.<\/li>\n<\/ul>\n<h3>Ofte stillede sp\u00f8rgsm\u00e5l om vores forretningsrolle som producent og grossist<\/h3>\n<ol>\n<li><strong>Hvorfor er du en f\u00f8rende OEM-udbyder i jordn\u00f8ddesm\u00f8rindustrien?<\/strong><br \/>\nVi fremstiller jordn\u00f8ddesm\u00f8r til m\u00e6rker under deres eget m\u00e6rke, hvilket sikrer kundetilpassede produktl\u00f8sninger.<\/li>\n<li><strong>Tilbyder du private label-tjenester?<\/strong><br \/>\nJa, vi specialiserer os i fleksible private label-l\u00f8sninger til at hj\u00e6lpe dig med at skabe dit m\u00e6rkevare-peanutbutter.<\/li>\n<li><strong>Hvilke ingredienser bruger du?<\/strong><br \/>\nVores rene jordn\u00f8ddesm\u00f8r best\u00e5r af 100% udvalgte jordn\u00f8dder, uden tilsat sukker, olier eller konserveringsmidler.<\/li>\n<li><strong>Hvordan kan jeg tilpasse min emballage?<\/strong><br \/>\nDu kan v\u00e6lge mellem forskellige emballagemuligheder og st\u00f8rrelser, skr\u00e6ddersyet til dine behov fra detailhandel til bulk.<\/li>\n<li><strong>Hvad er minimum ordrem\u00e6ngde (MOQ)?<\/strong><br \/>\nMOQ er et ton, hvilket giver fleksibilitet til b\u00e5de sm\u00e5 og store virksomheder.<\/li>\n<li><strong>Hvad f\u00e5r dit rene jordn\u00f8ddesm\u00f8r til at skille sig ud?<\/strong><br \/>\nVores forpligtelse til kvalitet, globale certificeringer og skr\u00e6ddersyede private label-l\u00f8sninger adskiller os fra konkurrenterne.<\/li>\n<li><strong>Hvor lang tid tager det at behandle en ordre?<\/strong><br \/>\nLeveringstiden varierer fra 7 til 20 dage, afh\u00e6ngig af ordrest\u00f8rrelse og emballagekrav.<\/li>\n<li><strong>Kan jeg anmode om pr\u00f8ver, f\u00f8r jeg afgiver en ordre?<\/strong><br \/>\nJa, vi tilbyder gratis pr\u00f8ver af vores rene jordn\u00f8ddesm\u00f8r til kvalitetsevaluering, f\u00f8r du afgiver en masseordre.<\/li>\n<li><strong>Eksporterer du globalt?<\/strong><br \/>\nAbsolut! Vi har erfaring med at eksportere rent jordn\u00f8ddesm\u00f8r af h\u00f8j kvalitet til kunder over hele verden.<\/li>\n<\/ol>\n<h3>Hvorfor rent jordn\u00f8ddesm\u00f8r?<\/h3>\n<p>Rent jordn\u00f8ddesm\u00f8r er den bedste mulighed for sundhedsbevidste forbrugere, der s\u00f8ger et naturligt produkt uden tils\u00e6tningsstoffer. Den er rig p\u00e5 protein, sunde fedtstoffer og essentielle n\u00e6ringsstoffer, hvilket g\u00f8r den til en alsidig ingrediens i k\u00f8kkener verden over. Efterh\u00e5nden som forbrugerne bliver mere fokuserede p\u00e5 rene etiketter, forts\u00e6tter eftersp\u00f8rgslen efter 100% jordn\u00f8ddebaserede produkter med at stige.<\/p>\n<p>Vi sikrer, at vores rene jordn\u00f8ddesm\u00f8r opfylder disse krav, og leverer et produkt, der er s\u00e5 t\u00e6t p\u00e5 naturen som muligt, samtidig med at det kan tilpasses dit brands behov. Uanset om du \u00f8nsker at udvide dit brands tilbud eller g\u00e5 ind p\u00e5 nye markeder, har vi kapaciteten, ekspertisen og certificeringerne til at f\u00e5 det til at ske.<\/p>\n<a href=\"mailto:globepeanut@gmail.com\" class=\"button primary is-primary is-medium\"  >\n    <span>Email os<\/span>\n  <\/a>","protected":false},"excerpt":{"rendered":"<table width=\"564\">\n<tbody>\n<tr>\n<td width=\"113\"><strong>Produktnavn<\/strong><\/td>\n<td width=\"402\">Ren jordn\u00f8ddesm\u00f8r<\/td>\n<\/tr>\n<tr>\n<td width=\"113\"><strong>Ingredienser<\/strong><\/td>\n<td width=\"402\">Udvalgt jordn\u00f8ddesm\u00f8r<\/td>\n<\/tr>\n<tr>\n<td width=\"113\"><strong>Specifikationer<\/strong><\/td>\n<td width=\"402\">10kgx1, 20kgx1, 22kgx1,220kgx1<\/td>\n<\/tr>\n<tr>\n<td width=\"113\"><strong>Pakkeformular<\/strong><\/td>\n<td width=\"402\">Krukke, spand, taske, karton, t\u00f8nde, flaske osv<\/td>\n<\/tr>\n<tr>\n<td width=\"113\"><strong>Leveringstid<\/strong><\/td>\n<td width=\"402\">7 ~ 20 dage efter bestilling<\/td>\n<\/tr>\n<tr>\n<td width=\"113\"><strong>MOQ<\/strong><\/td>\n<td width=\"402\">Et ton<\/td>\n<\/tr>\n<tr>\n<td width=\"113\"><strong>Pr\u00f8ve<\/strong><\/td>\n<td width=\"402\">Gratis pr\u00f8ve tilg\u00e6ngelig<\/td>\n<\/tr>\n<tr>\n<td width=\"113\"><strong>OEM<\/strong><\/td>\n<td width=\"402\">K\u00f8bers etiket accepteret<\/td>\n<\/tr>\n<\/tbody>\n<\/table>","protected":false},"featured_media":1659,"comment_status":"open","ping_status":"closed","template":"","meta":[],"product_cat":[15],"product_tag":[],"class_list":{"0":"post-1543","1":"product","2":"type-product","3":"status-publish","4":"has-post-thumbnail","6":"product_cat-peanut-butter","8":"first","9":"instock","10":"shipping-taxable","11":"product-type-simple"},"yoast_head":"<!-- This site is optimized with the Yoast SEO plugin v24.9 - https:\/\/yoast.com\/wordpress\/plugins\/seo\/ -->\n<title>Pure Peanut Butter OEM Producer - Peanut Butter Factory<\/title>\n<meta name=\"description\" content=\"As a top OEM manufacturer and exporter, we supply pure peanut butter made from 100% peanuts. Customizable private label solutions for your business needs.\" \/>\n<meta name=\"robots\" content=\"index, follow, max-snippet:-1, max-image-preview:large, max-video-preview:-1\" \/>\n<link rel=\"canonical\" href=\"https:\/\/www.peanutoem.com\/da\/manufacturer\/pure-peanut-butter\/\" \/>\n<meta property=\"og:locale\" content=\"da_DK\" \/>\n<meta property=\"og:type\" content=\"article\" \/>\n<meta property=\"og:title\" content=\"Pure Peanut Butter OEM Producer - Peanut Butter Factory\" \/>\n<meta property=\"og:description\" content=\"As a top OEM manufacturer and exporter, we supply pure peanut butter made from 100% peanuts. Customizable private label solutions for your business needs.\" \/>\n<meta property=\"og:url\" content=\"https:\/\/www.peanutoem.com\/da\/manufacturer\/pure-peanut-butter\/\" \/>\n<meta property=\"og:site_name\" content=\"Peanut Butter Factory\" \/>\n<meta property=\"article:modified_time\" content=\"2024-09-28T06:03:37+00:00\" \/>\n<meta property=\"og:image\" content=\"https:\/\/www.peanutoem.com\/wp-content\/uploads\/2024\/09\/Pure-Peanut-Butter-OEM-Supplier.webp\" \/>\n\t<meta property=\"og:image:width\" content=\"1000\" \/>\n\t<meta property=\"og:image:height\" content=\"1000\" \/>\n\t<meta property=\"og:image:type\" content=\"image\/webp\" \/>\n<meta name=\"twitter:card\" content=\"summary_large_image\" \/>\n<meta name=\"twitter:label1\" content=\"Estimeret l\u00e6setid\" \/>\n\t<meta name=\"twitter:data1\" content=\"3 minutter\" \/>\n<script type=\"application\/ld+json\" class=\"yoast-schema-graph\">{\"@context\":\"https:\/\/schema.org\",\"@graph\":[{\"@type\":\"WebPage\",\"@id\":\"https:\/\/www.peanutoem.com\/manufacturer\/pure-peanut-butter\/\",\"url\":\"https:\/\/www.peanutoem.com\/manufacturer\/pure-peanut-butter\/\",\"name\":\"Pure Peanut Butter OEM Producer - Peanut Butter Factory\",\"isPartOf\":{\"@id\":\"https:\/\/www.peanutoem.com\/#website\"},\"primaryImageOfPage\":{\"@id\":\"https:\/\/www.peanutoem.com\/manufacturer\/pure-peanut-butter\/#primaryimage\"},\"image\":{\"@id\":\"https:\/\/www.peanutoem.com\/manufacturer\/pure-peanut-butter\/#primaryimage\"},\"thumbnailUrl\":\"https:\/\/www.peanutoem.com\/wp-content\/uploads\/2024\/09\/Pure-Peanut-Butter-OEM-Supplier.webp\",\"datePublished\":\"2024-09-02T13:37:15+00:00\",\"dateModified\":\"2024-09-28T06:03:37+00:00\",\"description\":\"As a top OEM manufacturer and exporter, we supply pure peanut butter made from 100% peanuts. Customizable private label solutions for your business needs.\",\"breadcrumb\":{\"@id\":\"https:\/\/www.peanutoem.com\/manufacturer\/pure-peanut-butter\/#breadcrumb\"},\"inLanguage\":\"da-DK\",\"potentialAction\":[{\"@type\":\"ReadAction\",\"target\":[\"https:\/\/www.peanutoem.com\/manufacturer\/pure-peanut-butter\/\"]}]},{\"@type\":\"ImageObject\",\"inLanguage\":\"da-DK\",\"@id\":\"https:\/\/www.peanutoem.com\/manufacturer\/pure-peanut-butter\/#primaryimage\",\"url\":\"https:\/\/www.peanutoem.com\/wp-content\/uploads\/2024\/09\/Pure-Peanut-Butter-OEM-Supplier.webp\",\"contentUrl\":\"https:\/\/www.peanutoem.com\/wp-content\/uploads\/2024\/09\/Pure-Peanut-Butter-OEM-Supplier.webp\",\"width\":1000,\"height\":1000,\"caption\":\"Pure Peanut Butter OEM Supplier\"},{\"@type\":\"BreadcrumbList\",\"@id\":\"https:\/\/www.peanutoem.com\/manufacturer\/pure-peanut-butter\/#breadcrumb\",\"itemListElement\":[{\"@type\":\"ListItem\",\"position\":1,\"name\":\"Home\",\"item\":\"https:\/\/www.peanutoem.com\/\"},{\"@type\":\"ListItem\",\"position\":2,\"name\":\"Products\",\"item\":\"https:\/\/www.peanutoem.com\/shop\/\"},{\"@type\":\"ListItem\",\"position\":3,\"name\":\"Pure Peanut Butter\"}]},{\"@type\":\"WebSite\",\"@id\":\"https:\/\/www.peanutoem.com\/#website\",\"url\":\"https:\/\/www.peanutoem.com\/\",\"name\":\"Peanut Butter Factory\",\"description\":\"Peanut Butter Manufacturer and Roast Peanut OEM Factory | Peanut Private Label China Supplier\",\"publisher\":{\"@id\":\"https:\/\/www.peanutoem.com\/#organization\"},\"alternateName\":\"Peanut Butter OEM and Wholesale\",\"potentialAction\":[{\"@type\":\"SearchAction\",\"target\":{\"@type\":\"EntryPoint\",\"urlTemplate\":\"https:\/\/www.peanutoem.com\/?s={search_term_string}\"},\"query-input\":{\"@type\":\"PropertyValueSpecification\",\"valueRequired\":true,\"valueName\":\"search_term_string\"}}],\"inLanguage\":\"da-DK\"},{\"@type\":\"Organization\",\"@id\":\"https:\/\/www.peanutoem.com\/#organization\",\"name\":\"Peanut Butter Factory\",\"alternateName\":\"JuFeng Group\",\"url\":\"https:\/\/www.peanutoem.com\/\",\"logo\":{\"@type\":\"ImageObject\",\"inLanguage\":\"da-DK\",\"@id\":\"https:\/\/www.peanutoem.com\/#\/schema\/logo\/image\/\",\"url\":\"https:\/\/www.peanutoem.com\/wp-content\/uploads\/2024\/09\/JUFENG-LOGO.png\",\"contentUrl\":\"https:\/\/www.peanutoem.com\/wp-content\/uploads\/2024\/09\/JUFENG-LOGO.png\",\"width\":600,\"height\":170,\"caption\":\"Peanut Butter Factory\"},\"image\":{\"@id\":\"https:\/\/www.peanutoem.com\/#\/schema\/logo\/image\/\"}}]}<\/script>\n<!-- \/ Yoast SEO plugin. -->","yoast_head_json":{"title":"Pure Peanut Butter OEM Producer - Peanut Butter Factory","description":"As a top OEM manufacturer and exporter, we supply pure peanut butter made from 100% peanuts. Customizable private label solutions for your business needs.","robots":{"index":"index","follow":"follow","max-snippet":"max-snippet:-1","max-image-preview":"max-image-preview:large","max-video-preview":"max-video-preview:-1"},"canonical":"https:\/\/www.peanutoem.com\/da\/manufacturer\/pure-peanut-butter\/","og_locale":"da_DK","og_type":"article","og_title":"Pure Peanut Butter OEM Producer - Peanut Butter Factory","og_description":"As a top OEM manufacturer and exporter, we supply pure peanut butter made from 100% peanuts. Customizable private label solutions for your business needs.","og_url":"https:\/\/www.peanutoem.com\/da\/manufacturer\/pure-peanut-butter\/","og_site_name":"Peanut Butter Factory","article_modified_time":"2024-09-28T06:03:37+00:00","og_image":[{"width":1000,"height":1000,"url":"https:\/\/www.peanutoem.com\/wp-content\/uploads\/2024\/09\/Pure-Peanut-Butter-OEM-Supplier.webp","type":"image\/webp"}],"twitter_card":"summary_large_image","twitter_misc":{"Estimeret l\u00e6setid":"3 minutter"},"schema":{"@context":"https:\/\/schema.org","@graph":[{"@type":"WebPage","@id":"https:\/\/www.peanutoem.com\/manufacturer\/pure-peanut-butter\/","url":"https:\/\/www.peanutoem.com\/manufacturer\/pure-peanut-butter\/","name":"Pure Peanut Butter OEM Producer - Peanut Butter Factory","isPartOf":{"@id":"https:\/\/www.peanutoem.com\/#website"},"primaryImageOfPage":{"@id":"https:\/\/www.peanutoem.com\/manufacturer\/pure-peanut-butter\/#primaryimage"},"image":{"@id":"https:\/\/www.peanutoem.com\/manufacturer\/pure-peanut-butter\/#primaryimage"},"thumbnailUrl":"https:\/\/www.peanutoem.com\/wp-content\/uploads\/2024\/09\/Pure-Peanut-Butter-OEM-Supplier.webp","datePublished":"2024-09-02T13:37:15+00:00","dateModified":"2024-09-28T06:03:37+00:00","description":"As a top OEM manufacturer and exporter, we supply pure peanut butter made from 100% peanuts. Customizable private label solutions for your business needs.","breadcrumb":{"@id":"https:\/\/www.peanutoem.com\/manufacturer\/pure-peanut-butter\/#breadcrumb"},"inLanguage":"da-DK","potentialAction":[{"@type":"ReadAction","target":["https:\/\/www.peanutoem.com\/manufacturer\/pure-peanut-butter\/"]}]},{"@type":"ImageObject","inLanguage":"da-DK","@id":"https:\/\/www.peanutoem.com\/manufacturer\/pure-peanut-butter\/#primaryimage","url":"https:\/\/www.peanutoem.com\/wp-content\/uploads\/2024\/09\/Pure-Peanut-Butter-OEM-Supplier.webp","contentUrl":"https:\/\/www.peanutoem.com\/wp-content\/uploads\/2024\/09\/Pure-Peanut-Butter-OEM-Supplier.webp","width":1000,"height":1000,"caption":"Pure Peanut Butter OEM Supplier"},{"@type":"BreadcrumbList","@id":"https:\/\/www.peanutoem.com\/manufacturer\/pure-peanut-butter\/#breadcrumb","itemListElement":[{"@type":"ListItem","position":1,"name":"Home","item":"https:\/\/www.peanutoem.com\/"},{"@type":"ListItem","position":2,"name":"Products","item":"https:\/\/www.peanutoem.com\/shop\/"},{"@type":"ListItem","position":3,"name":"Pure Peanut Butter"}]},{"@type":"WebSite","@id":"https:\/\/www.peanutoem.com\/#website","url":"https:\/\/www.peanutoem.com\/","name":"Peanut Butter Factory","description":"Peanut Butter Manufacturer and Roast Peanut OEM Factory | Peanut Private Label China Supplier","publisher":{"@id":"https:\/\/www.peanutoem.com\/#organization"},"alternateName":"Peanut Butter OEM and Wholesale","potentialAction":[{"@type":"SearchAction","target":{"@type":"EntryPoint","urlTemplate":"https:\/\/www.peanutoem.com\/?s={search_term_string}"},"query-input":{"@type":"PropertyValueSpecification","valueRequired":true,"valueName":"search_term_string"}}],"inLanguage":"da-DK"},{"@type":"Organization","@id":"https:\/\/www.peanutoem.com\/#organization","name":"Peanut Butter Factory","alternateName":"JuFeng Group","url":"https:\/\/www.peanutoem.com\/","logo":{"@type":"ImageObject","inLanguage":"da-DK","@id":"https:\/\/www.peanutoem.com\/#\/schema\/logo\/image\/","url":"https:\/\/www.peanutoem.com\/wp-content\/uploads\/2024\/09\/JUFENG-LOGO.png","contentUrl":"https:\/\/www.peanutoem.com\/wp-content\/uploads\/2024\/09\/JUFENG-LOGO.png","width":600,"height":170,"caption":"Peanut Butter Factory"},"image":{"@id":"https:\/\/www.peanutoem.com\/#\/schema\/logo\/image\/"}}]}},"_links":{"self":[{"href":"https:\/\/www.peanutoem.com\/da\/wp-json\/wp\/v2\/product\/1543","targetHints":{"allow":["GET"]}}],"collection":[{"href":"https:\/\/www.peanutoem.com\/da\/wp-json\/wp\/v2\/product"}],"about":[{"href":"https:\/\/www.peanutoem.com\/da\/wp-json\/wp\/v2\/types\/product"}],"replies":[{"embeddable":true,"href":"https:\/\/www.peanutoem.com\/da\/wp-json\/wp\/v2\/comments?post=1543"}],"wp:featuredmedia":[{"embeddable":true,"href":"https:\/\/www.peanutoem.com\/da\/wp-json\/wp\/v2\/media\/1659"}],"wp:attachment":[{"href":"https:\/\/www.peanutoem.com\/da\/wp-json\/wp\/v2\/media?parent=1543"}],"wp:term":[{"taxonomy":"product_cat","embeddable":true,"href":"https:\/\/www.peanutoem.com\/da\/wp-json\/wp\/v2\/product_cat?post=1543"},{"taxonomy":"product_tag","embeddable":true,"href":"https:\/\/www.peanutoem.com\/da\/wp-json\/wp\/v2\/product_tag?post=1543"}],"curies":[{"name":"wp","href":"https:\/\/api.w.org\/{rel}","templated":true}]}}