{"id":1545,"date":"2024-09-02T13:38:22","date_gmt":"2024-09-02T13:38:22","guid":{"rendered":"https:\/\/www.peanutoem.com\/?post_type=product&#038;p=1545"},"modified":"2024-09-28T05:39:23","modified_gmt":"2024-09-28T05:39:23","slug":"stabilized-peanut-butter","status":"publish","type":"product","link":"https:\/\/www.peanutoem.com\/da\/manufacturer\/stabilized-peanut-butter\/","title":{"rendered":"Stabiliseret jordn\u00f8ddesm\u00f8r"},"content":{"rendered":"<h3>Hvad er stabiliseret jordn\u00f8ddesm\u00f8r?<\/h3>\n<p>Stabiliseret <a href=\"https:\/\/www.peanutoem.com\/da\/Wholesale\/peanut-butter\/\" target=\"_blank\" rel=\"noopener\">jordn\u00f8ddesm\u00f8r<\/a> er en specielt formuleret <a href=\"https:\/\/en.wikipedia.org\/wiki\/Peanut\" target=\"_blank\" rel=\"noopener\">jordn\u00f8d<\/a> sm\u00f8r, der bevarer sin silkebl\u00f8de, cremede tekstur over tid uden den olie-vand-separation, der opst\u00e5r over tid. I mods\u00e6tning til almindeligt naturligt jordn\u00f8ddesm\u00f8r, som har tendens til at adskilles naturligt i lag af jordn\u00f8ddeolie p\u00e5 toppen og faste jordn\u00f8ddekrummer p\u00e5 bunden, er stabiliseret jordn\u00f8ddesm\u00f8r blandet med naturlige stabilisatorer, s\u00e5som vegetabilske olier eller emulgatorer, for at sikre en ensartet tekstur. Denne funktion g\u00f8r den til et topvalg for forbrugere, der s\u00f8ger bekvemmelighed, da der ikke er behov for yderligere handlinger s\u00e5som omr\u00f8ring f\u00f8r brug. Stabiliseret jordn\u00f8ddesm\u00f8r er popul\u00e6r for dets ensartede kvalitet og lange holdbarhed, og er ikke kun elsket af hjemmebrugere, men er ogs\u00e5 meget brugt i f\u00f8devareindustrien.<\/p>\n<h3>Hvad er andre navne?<\/h3>\n<p>Stabiliseret jordn\u00f8ddesm\u00f8r kan henvises til ved forskellige navne, herunder:<\/p>\n<ul>\n<li>Cremet jordn\u00f8ddespread<\/li>\n<li>Cremet stabiliseret jordn\u00f8ddesm\u00f8r<\/li>\n<li>Emulgeret jordn\u00f8ddesm\u00f8r<\/li>\n<li>Homogent eller homogeniseret jordn\u00f8ddesm\u00f8r<\/li>\n<li>Langtidsholdbar jordn\u00f8ddespread<\/li>\n<li>No-Stir Peanut Butter<\/li>\n<li>Ikke-separerende jordn\u00f8ddesm\u00f8r<\/li>\n<li>Forarbejdet jordn\u00f8ddesm\u00f8r<\/li>\n<li>Holdbar jordn\u00f8ddesm\u00f8r<\/li>\n<li>Glat spredt jordn\u00f8ddesm\u00f8r<\/li>\n<li>Glat lagringsstabil jordn\u00f8ddesm\u00f8r<\/li>\n<\/ul>\n<h3><strong>Hotte emner om stabiliseret jordn\u00f8ddesm\u00f8r<\/strong><\/h3>\n<ol>\n<li><strong> Fordele: <\/strong>Stabiliseret jordn\u00f8ddesm\u00f8r byder p\u00e5 flere fordele, herunder en ensartet tekstur, der ikke kr\u00e6ver omr\u00f8ring og en l\u00e6ngere holdbarhed. Den er ideel til brug i opskrifter og som sm\u00f8rep\u00e5l\u00e6g, hvor ensartet tekstur er afg\u00f8rende.<\/li>\n<li><strong> Anvendelser i f\u00f8devarefremstilling:\u00a0<\/strong>P\u00e5 grund af dets stabilitet er det meget udbredt i f\u00f8devarefremstilling. Det fungerer som ingrediens i forskellige produkter, s\u00e5som snackbarer, saucer og bagv\u00e6rk, hvor konsistens og kvalitet er afg\u00f8rende.<\/li>\n<li><strong> Forbrugerpr\u00e6ferencer og -tendenser: <\/strong>Forbrugerne foretr\u00e6kker i stigende grad stabiliseret jordn\u00f8ddesm\u00f8r p\u00e5 grund af dets bekvemmelighed og p\u00e5lidelighed. Da livsstils\u00e6ndringer f\u00f8rer til travlere tidsplaner, vinder produkter, der tilbyder problemfri opbevaring og forberedelse, popularitet.<\/li>\n<li><strong> Ern\u00e6ringsaspekter: <\/strong>Stabiliseret jordn\u00f8ddesm\u00f8r bevarer sin ern\u00e6ringsprofil, samtidig med at det tilbyder et stabilt, ensartet produkt. Det giver essentielle n\u00e6ringsstoffer som protein, sunde fedtstoffer og vitaminer, hvilket g\u00f8r det til et sundt valg til forskellige di\u00e6ter.<\/li>\n<\/ol>\n<h3><strong>Hvorfor v\u00e6lge os som din leverand\u00f8r?<\/strong><\/h3>\n<ol>\n<li><strong>Hvorfor er du det bedste valg til stabiliseret jordn\u00f8ddesm\u00f8r OEM-tjenester?<\/strong><br \/>\nVi leverer skr\u00e6ddersyede l\u00f8sninger, produkter af h\u00f8j kvalitet og omfattende ekspertise inden for global fremstilling og eksport.<\/li>\n<li><strong>Kan du justere tekstur, konsistens og formuleringer?<\/strong><br \/>\nJa, vi kan tilpasse teksturen og udvikle unikke formuleringer for at im\u00f8dekomme dine specifikke krav og forbrugerpr\u00e6ferencer.<\/li>\n<li><strong>Hvilke emballeringsmuligheder er tilg\u00e6ngelige?<\/strong><br \/>\nVi tilbyder forskellige tilpassede emballageformater, herunder krukker, poser og bulkbeholdere, skr\u00e6ddersyet til dit brands behov.<\/li>\n<li><strong>Findes det i \u00f8kologiske muligheder?<\/strong><br \/>\nAbsolut! Vi leverer stabiliseret jordn\u00f8ddesm\u00f8r lavet med \u00f8kologiske jordn\u00f8dder og naturlige ingredienser.<\/li>\n<li><strong>Hvordan sikrer du kvaliteten?<\/strong><br \/>\nVores strenge kvalitetskontrolprocesser og certificeringer, s\u00e5som HACCP, BRCGS og Kosher, garanterer, at hver batch lever op til de h\u00f8jeste standarder.<\/li>\n<li><strong>Hvad er dine leveringstider for produktion og forsendelse?<\/strong><br \/>\nLedetider varierer efter ordrevolumen og destination, men vi sikrer effektiv produktion og rettidige leveringer, typisk inden for f\u00e5 uger.<\/li>\n<li><strong>H\u00e5ndterer du international eksport?<\/strong><br \/>\nJa, vi administrerer alle aspekter af global forsendelse og overholdelse for at sikre problemfri levering.<\/li>\n<li><strong>Hvilke certificeringer har du?<\/strong><br \/>\nVores stabiliserede jordn\u00f8ddesm\u00f8r er certificeret under HACCP, Kosher, Halal, BRCGS og andre relevante standarder, hvilket sikrer produktsikkerhed og kvalitet.<\/li>\n<li><strong>Kan vi anmode om pr\u00f8ver, f\u00f8r vi afgiver en fuld ordre?<\/strong><br \/>\nJa, vi leverer pr\u00f8vepartier til test, hvilket sikrer, at det lever op til dine forventninger f\u00f8r en st\u00f8rre forpligtelse.<\/li>\n<\/ol>\n<h3><strong>Fakta om stabiliseret jordn\u00f8ddesm\u00f8r\u00a0<\/strong><\/h3>\n<ol>\n<li><strong>Ingen adskillelse:<\/strong> Stabiliseret jordn\u00f8ddesm\u00f8r adskilles ikke i olie og faste stoffer, hvilket sikrer en ensartet tekstur gennem hele holdbarheden.<\/li>\n<li><strong>Forl\u00e6nget holdbarhed:<\/strong> Det har en l\u00e6ngere holdbarhed sammenlignet med traditionelt jordn\u00f8ddesm\u00f8r, hvilket reducerer behovet for hyppige genk\u00f8b og spild.<\/li>\n<li><strong>Bekvemmelighed:<\/strong> Ideel til brug i en r\u00e6kke applikationer, hvor en stabil, sm\u00f8rbar konsistens er afg\u00f8rende, s\u00e5som i f\u00f8devarefremstilling og detailprodukter.<\/li>\n<li><strong>Opbevaring af n\u00e6ringsstoffer:<\/strong> P\u00e5 trods af dets stabilitet bevarer det de ern\u00e6ringsm\u00e6ssige fordele ved jordn\u00f8dder, herunder protein, sunde fedtstoffer og essentielle vitaminer.<\/li>\n<li><strong>Alsidig brug:<\/strong> Velegnet til en r\u00e6kke produkter, fra sm\u00f8rep\u00e5l\u00e6g og snacks til ingrediensbaser i forarbejdede f\u00f8devarer.<\/li>\n<\/ol>\n<a href=\"mailto:globepeanut@gmail.com\" class=\"button primary is-primary is-medium\"  >\n    <span>Email os<\/span>\n  <\/a>","protected":false},"excerpt":{"rendered":"<table width=\"564\">\n<tbody>\n<tr>\n<td width=\"113\"><strong>Produktnavn<\/strong><\/td>\n<td width=\"402\">Stabiliseret jordn\u00f8ddesm\u00f8r<\/td>\n<\/tr>\n<tr>\n<td width=\"113\"><strong>Specifikationer<\/strong><\/td>\n<td width=\"402\">10kgx1, 20kgx1, 22kgx1<\/td>\n<\/tr>\n<tr>\n<td width=\"113\"><strong>Pakkeformular<\/strong><\/td>\n<td width=\"402\">Krukke, spand, doy-pakke, taske, karton, d\u00e5se, t\u00f8nde, d\u00e5se, flaske osv<\/td>\n<\/tr>\n<tr>\n<td width=\"113\"><strong>Leveringstid<\/strong><\/td>\n<td width=\"402\">7 ~ 20 dage efter bestilling<\/td>\n<\/tr>\n<tr>\n<td width=\"113\"><strong>MOQ<\/strong><\/td>\n<td width=\"402\">Et ton<\/td>\n<\/tr>\n<tr>\n<td width=\"113\"><strong>Pr\u00f8ve<\/strong><\/td>\n<td width=\"402\">Gratis pr\u00f8ve tilg\u00e6ngelig<\/td>\n<\/tr>\n<tr>\n<td width=\"113\"><strong>OEM<\/strong><\/td>\n<td width=\"402\">K\u00f8bers etiket accepteret<\/td>\n<\/tr>\n<\/tbody>\n<\/table>","protected":false},"featured_media":1692,"comment_status":"open","ping_status":"closed","template":"","meta":[],"product_cat":[15],"product_tag":[],"class_list":{"0":"post-1545","1":"product","2":"type-product","3":"status-publish","4":"has-post-thumbnail","6":"product_cat-peanut-butter","8":"first","9":"instock","10":"shipping-taxable","11":"product-type-simple"},"yoast_head":"<!-- This site is optimized with the Yoast SEO plugin v24.9 - https:\/\/yoast.com\/wordpress\/plugins\/seo\/ -->\n<title>Stabilized Peanut Butter China Producer - Peanut Butter Factory<\/title>\n<meta name=\"description\" content=\"Leading stabilized peanut butter OEM private label manufacturer and exporter. High-quality and packaging customized to meet global market demands.\" \/>\n<meta name=\"robots\" content=\"index, follow, max-snippet:-1, max-image-preview:large, max-video-preview:-1\" \/>\n<link rel=\"canonical\" href=\"https:\/\/www.peanutoem.com\/da\/manufacturer\/stabilized-peanut-butter\/\" \/>\n<meta property=\"og:locale\" content=\"da_DK\" \/>\n<meta property=\"og:type\" content=\"article\" \/>\n<meta property=\"og:title\" content=\"Stabilized Peanut Butter China Producer - Peanut Butter Factory\" \/>\n<meta property=\"og:description\" content=\"Leading stabilized peanut butter OEM private label manufacturer and exporter. High-quality and packaging customized to meet global market demands.\" \/>\n<meta property=\"og:url\" content=\"https:\/\/www.peanutoem.com\/da\/manufacturer\/stabilized-peanut-butter\/\" \/>\n<meta property=\"og:site_name\" content=\"Peanut Butter Factory\" \/>\n<meta property=\"article:modified_time\" content=\"2024-09-28T05:39:23+00:00\" \/>\n<meta property=\"og:image\" content=\"https:\/\/www.peanutoem.com\/wp-content\/uploads\/2024\/09\/Stabilized-Peanut-Butter-in-Jar.webp\" \/>\n\t<meta property=\"og:image:width\" content=\"1000\" \/>\n\t<meta property=\"og:image:height\" content=\"1000\" \/>\n\t<meta property=\"og:image:type\" content=\"image\/webp\" \/>\n<meta name=\"twitter:card\" content=\"summary_large_image\" \/>\n<meta name=\"twitter:label1\" content=\"Estimeret l\u00e6setid\" \/>\n\t<meta name=\"twitter:data1\" content=\"4 minutter\" \/>\n<script type=\"application\/ld+json\" class=\"yoast-schema-graph\">{\"@context\":\"https:\/\/schema.org\",\"@graph\":[{\"@type\":\"WebPage\",\"@id\":\"https:\/\/www.peanutoem.com\/manufacturer\/stabilized-peanut-butter\/\",\"url\":\"https:\/\/www.peanutoem.com\/manufacturer\/stabilized-peanut-butter\/\",\"name\":\"Stabilized Peanut Butter China Producer - Peanut Butter Factory\",\"isPartOf\":{\"@id\":\"https:\/\/www.peanutoem.com\/#website\"},\"primaryImageOfPage\":{\"@id\":\"https:\/\/www.peanutoem.com\/manufacturer\/stabilized-peanut-butter\/#primaryimage\"},\"image\":{\"@id\":\"https:\/\/www.peanutoem.com\/manufacturer\/stabilized-peanut-butter\/#primaryimage\"},\"thumbnailUrl\":\"https:\/\/www.peanutoem.com\/wp-content\/uploads\/2024\/09\/Stabilized-Peanut-Butter-in-Jar.webp\",\"datePublished\":\"2024-09-02T13:38:22+00:00\",\"dateModified\":\"2024-09-28T05:39:23+00:00\",\"description\":\"Leading stabilized peanut butter OEM private label manufacturer and exporter. High-quality and packaging customized to meet global market demands.\",\"breadcrumb\":{\"@id\":\"https:\/\/www.peanutoem.com\/manufacturer\/stabilized-peanut-butter\/#breadcrumb\"},\"inLanguage\":\"da-DK\",\"potentialAction\":[{\"@type\":\"ReadAction\",\"target\":[\"https:\/\/www.peanutoem.com\/manufacturer\/stabilized-peanut-butter\/\"]}]},{\"@type\":\"ImageObject\",\"inLanguage\":\"da-DK\",\"@id\":\"https:\/\/www.peanutoem.com\/manufacturer\/stabilized-peanut-butter\/#primaryimage\",\"url\":\"https:\/\/www.peanutoem.com\/wp-content\/uploads\/2024\/09\/Stabilized-Peanut-Butter-in-Jar.webp\",\"contentUrl\":\"https:\/\/www.peanutoem.com\/wp-content\/uploads\/2024\/09\/Stabilized-Peanut-Butter-in-Jar.webp\",\"width\":1000,\"height\":1000,\"caption\":\"Stabilized Peanut Butter in Jar\"},{\"@type\":\"BreadcrumbList\",\"@id\":\"https:\/\/www.peanutoem.com\/manufacturer\/stabilized-peanut-butter\/#breadcrumb\",\"itemListElement\":[{\"@type\":\"ListItem\",\"position\":1,\"name\":\"Home\",\"item\":\"https:\/\/www.peanutoem.com\/\"},{\"@type\":\"ListItem\",\"position\":2,\"name\":\"Products\",\"item\":\"https:\/\/www.peanutoem.com\/shop\/\"},{\"@type\":\"ListItem\",\"position\":3,\"name\":\"Stabilized Peanut Butter\"}]},{\"@type\":\"WebSite\",\"@id\":\"https:\/\/www.peanutoem.com\/#website\",\"url\":\"https:\/\/www.peanutoem.com\/\",\"name\":\"Peanut Butter Factory\",\"description\":\"Peanut Butter Manufacturer and Roast Peanut OEM Factory | Peanut Private Label China Supplier\",\"publisher\":{\"@id\":\"https:\/\/www.peanutoem.com\/#organization\"},\"alternateName\":\"Peanut Butter OEM and Wholesale\",\"potentialAction\":[{\"@type\":\"SearchAction\",\"target\":{\"@type\":\"EntryPoint\",\"urlTemplate\":\"https:\/\/www.peanutoem.com\/?s={search_term_string}\"},\"query-input\":{\"@type\":\"PropertyValueSpecification\",\"valueRequired\":true,\"valueName\":\"search_term_string\"}}],\"inLanguage\":\"da-DK\"},{\"@type\":\"Organization\",\"@id\":\"https:\/\/www.peanutoem.com\/#organization\",\"name\":\"Peanut Butter Factory\",\"alternateName\":\"JuFeng Group\",\"url\":\"https:\/\/www.peanutoem.com\/\",\"logo\":{\"@type\":\"ImageObject\",\"inLanguage\":\"da-DK\",\"@id\":\"https:\/\/www.peanutoem.com\/#\/schema\/logo\/image\/\",\"url\":\"https:\/\/www.peanutoem.com\/wp-content\/uploads\/2024\/09\/JUFENG-LOGO.png\",\"contentUrl\":\"https:\/\/www.peanutoem.com\/wp-content\/uploads\/2024\/09\/JUFENG-LOGO.png\",\"width\":600,\"height\":170,\"caption\":\"Peanut Butter Factory\"},\"image\":{\"@id\":\"https:\/\/www.peanutoem.com\/#\/schema\/logo\/image\/\"}}]}<\/script>\n<!-- \/ Yoast SEO plugin. -->","yoast_head_json":{"title":"Stabilized Peanut Butter China Producer - Peanut Butter Factory","description":"Leading stabilized peanut butter OEM private label manufacturer and exporter. High-quality and packaging customized to meet global market demands.","robots":{"index":"index","follow":"follow","max-snippet":"max-snippet:-1","max-image-preview":"max-image-preview:large","max-video-preview":"max-video-preview:-1"},"canonical":"https:\/\/www.peanutoem.com\/da\/manufacturer\/stabilized-peanut-butter\/","og_locale":"da_DK","og_type":"article","og_title":"Stabilized Peanut Butter China Producer - Peanut Butter Factory","og_description":"Leading stabilized peanut butter OEM private label manufacturer and exporter. High-quality and packaging customized to meet global market demands.","og_url":"https:\/\/www.peanutoem.com\/da\/manufacturer\/stabilized-peanut-butter\/","og_site_name":"Peanut Butter Factory","article_modified_time":"2024-09-28T05:39:23+00:00","og_image":[{"width":1000,"height":1000,"url":"https:\/\/www.peanutoem.com\/wp-content\/uploads\/2024\/09\/Stabilized-Peanut-Butter-in-Jar.webp","type":"image\/webp"}],"twitter_card":"summary_large_image","twitter_misc":{"Estimeret l\u00e6setid":"4 minutter"},"schema":{"@context":"https:\/\/schema.org","@graph":[{"@type":"WebPage","@id":"https:\/\/www.peanutoem.com\/manufacturer\/stabilized-peanut-butter\/","url":"https:\/\/www.peanutoem.com\/manufacturer\/stabilized-peanut-butter\/","name":"Stabilized Peanut Butter China Producer - Peanut Butter Factory","isPartOf":{"@id":"https:\/\/www.peanutoem.com\/#website"},"primaryImageOfPage":{"@id":"https:\/\/www.peanutoem.com\/manufacturer\/stabilized-peanut-butter\/#primaryimage"},"image":{"@id":"https:\/\/www.peanutoem.com\/manufacturer\/stabilized-peanut-butter\/#primaryimage"},"thumbnailUrl":"https:\/\/www.peanutoem.com\/wp-content\/uploads\/2024\/09\/Stabilized-Peanut-Butter-in-Jar.webp","datePublished":"2024-09-02T13:38:22+00:00","dateModified":"2024-09-28T05:39:23+00:00","description":"Leading stabilized peanut butter OEM private label manufacturer and exporter. High-quality and packaging customized to meet global market demands.","breadcrumb":{"@id":"https:\/\/www.peanutoem.com\/manufacturer\/stabilized-peanut-butter\/#breadcrumb"},"inLanguage":"da-DK","potentialAction":[{"@type":"ReadAction","target":["https:\/\/www.peanutoem.com\/manufacturer\/stabilized-peanut-butter\/"]}]},{"@type":"ImageObject","inLanguage":"da-DK","@id":"https:\/\/www.peanutoem.com\/manufacturer\/stabilized-peanut-butter\/#primaryimage","url":"https:\/\/www.peanutoem.com\/wp-content\/uploads\/2024\/09\/Stabilized-Peanut-Butter-in-Jar.webp","contentUrl":"https:\/\/www.peanutoem.com\/wp-content\/uploads\/2024\/09\/Stabilized-Peanut-Butter-in-Jar.webp","width":1000,"height":1000,"caption":"Stabilized Peanut Butter in Jar"},{"@type":"BreadcrumbList","@id":"https:\/\/www.peanutoem.com\/manufacturer\/stabilized-peanut-butter\/#breadcrumb","itemListElement":[{"@type":"ListItem","position":1,"name":"Home","item":"https:\/\/www.peanutoem.com\/"},{"@type":"ListItem","position":2,"name":"Products","item":"https:\/\/www.peanutoem.com\/shop\/"},{"@type":"ListItem","position":3,"name":"Stabilized Peanut Butter"}]},{"@type":"WebSite","@id":"https:\/\/www.peanutoem.com\/#website","url":"https:\/\/www.peanutoem.com\/","name":"Peanut Butter Factory","description":"Peanut Butter Manufacturer and Roast Peanut OEM Factory | Peanut Private Label China Supplier","publisher":{"@id":"https:\/\/www.peanutoem.com\/#organization"},"alternateName":"Peanut Butter OEM and Wholesale","potentialAction":[{"@type":"SearchAction","target":{"@type":"EntryPoint","urlTemplate":"https:\/\/www.peanutoem.com\/?s={search_term_string}"},"query-input":{"@type":"PropertyValueSpecification","valueRequired":true,"valueName":"search_term_string"}}],"inLanguage":"da-DK"},{"@type":"Organization","@id":"https:\/\/www.peanutoem.com\/#organization","name":"Peanut Butter Factory","alternateName":"JuFeng Group","url":"https:\/\/www.peanutoem.com\/","logo":{"@type":"ImageObject","inLanguage":"da-DK","@id":"https:\/\/www.peanutoem.com\/#\/schema\/logo\/image\/","url":"https:\/\/www.peanutoem.com\/wp-content\/uploads\/2024\/09\/JUFENG-LOGO.png","contentUrl":"https:\/\/www.peanutoem.com\/wp-content\/uploads\/2024\/09\/JUFENG-LOGO.png","width":600,"height":170,"caption":"Peanut Butter Factory"},"image":{"@id":"https:\/\/www.peanutoem.com\/#\/schema\/logo\/image\/"}}]}},"_links":{"self":[{"href":"https:\/\/www.peanutoem.com\/da\/wp-json\/wp\/v2\/product\/1545","targetHints":{"allow":["GET"]}}],"collection":[{"href":"https:\/\/www.peanutoem.com\/da\/wp-json\/wp\/v2\/product"}],"about":[{"href":"https:\/\/www.peanutoem.com\/da\/wp-json\/wp\/v2\/types\/product"}],"replies":[{"embeddable":true,"href":"https:\/\/www.peanutoem.com\/da\/wp-json\/wp\/v2\/comments?post=1545"}],"wp:featuredmedia":[{"embeddable":true,"href":"https:\/\/www.peanutoem.com\/da\/wp-json\/wp\/v2\/media\/1692"}],"wp:attachment":[{"href":"https:\/\/www.peanutoem.com\/da\/wp-json\/wp\/v2\/media?parent=1545"}],"wp:term":[{"taxonomy":"product_cat","embeddable":true,"href":"https:\/\/www.peanutoem.com\/da\/wp-json\/wp\/v2\/product_cat?post=1545"},{"taxonomy":"product_tag","embeddable":true,"href":"https:\/\/www.peanutoem.com\/da\/wp-json\/wp\/v2\/product_tag?post=1545"}],"curies":[{"name":"wp","href":"https:\/\/api.w.org\/{rel}","templated":true}]}}