{"id":1553,"date":"2024-09-02T13:58:23","date_gmt":"2024-09-02T13:58:23","guid":{"rendered":"https:\/\/www.peanutoem.com\/?post_type=product&#038;p=1553"},"modified":"2024-09-24T15:21:33","modified_gmt":"2024-09-24T15:21:33","slug":"roasted-peanut-kernels","status":"publish","type":"product","link":"https:\/\/www.peanutoem.com\/da\/manufacturer\/roasted-peanut-kernels\/","title":{"rendered":"Ristede jordn\u00f8ddekerner"},"content":{"rendered":"<h3>Hvad er ristede jordn\u00f8ddekerner?<\/h3>\n<p>Ristede jordn\u00f8ddekerner er den spiselige del af jordn\u00f8ddeskallen, der er blevet omhyggeligt ristet. Ristningsprocessen forbedrer i h\u00f8j grad smagen og smagen af jordn\u00f8dder. Det giver peanuts en attraktiv n\u00f8ddeagtig aroma og en spr\u00f8d tekstur, hvilket g\u00f8r dem til et popul\u00e6rt snackvalg og en uundv\u00e6rlig ingrediens i mange f\u00f8devarer. Disse ristede jordn\u00f8ddekerner har en bred vifte af anvendelser, fra klassisk jordn\u00f8ddesm\u00f8rfremstilling til kreative kombinationer i bagte snacks og slik, til at tilf\u00f8je en unik smag til salte retter.<\/p>\n<h3>Hvad er andre navne for ristede jordn\u00f8ddekerner?<\/h3>\n<p>Ristede jordn\u00f8ddekerner omtales nogle gange med alternative navne afh\u00e6ngigt af regionen eller deres anvendelse. Almindelige navne inkluderer:<\/p>\n<ul>\n<li><strong>Ristede jordn\u00f8dder<\/strong> (bruges i visse lande)<\/li>\n<li><strong>T\u00f8rristede jordn\u00f8dder<\/strong><\/li>\n<li><strong>Ristede jordn\u00f8dder<\/strong><\/li>\n<li><strong>Ristede n\u00f8ddekerner<\/strong><\/li>\n<\/ul>\n<p>Disse variationer understreger det samme l\u00e6kre, alsidige produkt lavet af ristede jordn\u00f8dder, skr\u00e6ddersyet til forskellige industrier og smag.<\/p>\n<h3>Hvorfor v\u00e6lge os som OEM-leverand\u00f8r af ristede jordn\u00f8ddekerner?<\/h3>\n<p>At v\u00e6lge <strong>Kina JuFeng Group<\/strong> betyder partnerskab med en af branchens mest betroede leverand\u00f8rer af ristede jordn\u00f8ddekerner og private label-producenter. Her er grunden til, at vi skiller os ud:<\/p>\n<ul>\n<li><strong>State-of-the-art produktion<\/strong>: Med to avancerede produktionslinjer importeret fra USA, leverer vi konsekvent h\u00f8jkvalitets ristede jordn\u00f8ddekerner i stor skala.<\/li>\n<li><strong>Tilpassede OEM-l\u00f8sninger<\/strong>: Vi tilbyder fleksible OEM- og private label-tjenester, der giver kunderne mulighed for at tilpasse produktspecifikationer, emballage og mere for at im\u00f8dekomme specifikke markedsbehov.<\/li>\n<li><strong>Certificeringer og overholdelse<\/strong>: Vores produkter opfylder globale sikkerheds- og kvalitetsstandarder, certificeret af BRC, HACCP, Kosher, Halal og EU Organic certificeringer.<\/li>\n<li><strong>Betroet eksport\u00f8r<\/strong>: Som en f\u00f8rende eksport\u00f8r har vi etableret partnerskaber med store supermarkeder og f\u00f8devarem\u00e6rker verden over.<\/li>\n<li><strong>Supply Chain ekspertise<\/strong>: Fra forarbejdning til opbevaring sikrer vi rettidig levering og kvalitetskontrol med vores selvbyggede temperaturkontrollerede faciliteter.<\/li>\n<\/ul>\n<h3>Hotte emner om ristede jordn\u00f8ddekerner<\/h3>\n<ul>\n<li><strong>B\u00e6redygtighed i jordn\u00f8ddeavl<\/strong>: Ristede jordn\u00f8ddekerner har ligesom andre jordn\u00f8ddeprodukter en lav milj\u00f8belastning sammenlignet med andre n\u00f8dder, hvilket g\u00f8r dem til et milj\u00f8venligt valg for f\u00f8devareproducenter.<\/li>\n<li><strong>Sundhedsm\u00e6ssige fordele<\/strong>: Ristede jordn\u00f8dder er rige p\u00e5 protein, sunde fedtstoffer og fibre, og tilbyder forbrugerne en n\u00e6rende snackmulighed.<\/li>\n<li><strong>Innovationer inden for jordn\u00f8ddeforarbejdning<\/strong>: Jordn\u00f8ddeindustrien udvikler sig konstant med nye stegeteknikker, der forbedrer smagen og samtidig bevarer n\u00e6ringsstoffer.<\/li>\n<\/ul>\n<h3>At v\u00e6lge os og fakta om ristede jordn\u00f8ddekerner<\/h3>\n<p><strong>1. Hvad g\u00f8r China JuFeng Group til en f\u00f8rende leverand\u00f8r af ristede jordn\u00f8ddekerner?<\/strong><br \/>\nVi kombinerer banebrydende teknologi, stor erfaring og overlegen produkttilpasning for at levere h\u00f8jkvalitets ristede jordn\u00f8ddekerner til globale markeder.<\/p>\n<p><strong>2. Tilbyder du private label-tjenester til ristede jordn\u00f8ddekerner?<\/strong><br \/>\nJa, vi leverer fleksible private label-l\u00f8sninger, s\u00e5 du kan skr\u00e6ddersy produktemballage, branding og kernespecifikationer, s\u00e5 de passer til dit brands behov.<\/p>\n<p><strong>3. Kan jeg bestille ristede jordn\u00f8ddekerner i l\u00f8s v\u00e6gt hos dig?<\/strong><br \/>\nAbsolut, vi tilbyder bulk indk\u00f8bsmuligheder for at im\u00f8dekomme virksomheder i alle st\u00f8rrelser, herunder detailhandlere, grossister og f\u00f8devareproducenter.<\/p>\n<p><strong>4. Hvilke certificeringer har dine ristede jordn\u00f8ddekerner?<\/strong><br \/>\nVores produkter opfylder strenge internationale standarder og certificeringer, herunder HACCP, BRC, Kosher, Halal og EU Organic.<\/p>\n<p><strong>5. Hvordan sikrer du kvaliteten af dine ristede jordn\u00f8ddekerner?<\/strong><br \/>\nVi har et dedikeret internt laboratorium til at udf\u00f8re grundige tests, der sikrer, at hver batch lever op til h\u00f8je sensoriske, fysiske, kemiske og mikrobielle standarder.<\/p>\n<p><strong>6. Kan du tilpasse stegeniveauet for jordn\u00f8ddekerner?<\/strong><br \/>\nJa, vi tilbyder tilpasselige stegeniveauer (lys, medium eller m\u00f8rk stegning) baseret p\u00e5 kundernes pr\u00e6ferencer og markedskrav.<\/p>\n<p><strong>7. Hvordan opbevares dine ristede jordn\u00f8ddekerner for at bevare friskheden?<\/strong><br \/>\nVores kerner opbevares i temperaturkontrollerede faciliteter, der forhindrer ford\u00e6rv og bevarer produktets integritet under forsendelse og h\u00e5ndtering.<\/p>\n<p><strong>8. Eksporterer du ristede jordn\u00f8ddekerner internationalt?<\/strong><br \/>\nJa, vi er en erfaren eksport\u00f8r med et globalt netv\u00e6rk, der leverer ristede jordn\u00f8ddekerner til en r\u00e6kke forskellige markeder p\u00e5 tv\u00e6rs af forskellige kontinenter.<\/p>\n<p><strong>9. Er dine ristede jordn\u00f8ddekerner velegnede til brug i jordn\u00f8ddesm\u00f8rproduktion?<\/strong><br \/>\nAbsolut, vores ristede jordn\u00f8ddekerner er ideelle til brug i jordn\u00f8ddesm\u00f8rfremstilling, og tilbyder overlegen smag og tekstur.<\/p>","protected":false},"excerpt":{"rendered":"<p>Vi er producent og leverand\u00f8r af ristede jordn\u00f8ddekerner i Kina<\/p>\n<p>\u2013 MOQ: 1 ton<br \/>\n\u2013 OEM\/ODM-service tilbydes<br \/>\n- Gratis pr\u00f8ve tilg\u00e6ngelig<br \/>\n- Accepter tilpasning (specifikationer, farve, st\u00f8rrelser, emballage, design osv.)<\/p>\n<p>Hvis du \u00f8nsker at f\u00e5 ristede jordn\u00f8ddekerner, s\u00e5 kontakt os venligst.<\/p>","protected":false},"featured_media":1697,"comment_status":"open","ping_status":"closed","template":"","meta":[],"product_cat":[37],"product_tag":[],"class_list":{"0":"post-1553","1":"product","2":"type-product","3":"status-publish","4":"has-post-thumbnail","6":"product_cat-roasted-peanut","8":"first","9":"instock","10":"featured","11":"shipping-taxable","12":"product-type-simple"},"yoast_head":"<!-- This site is optimized with the Yoast SEO plugin v24.9 - https:\/\/yoast.com\/wordpress\/plugins\/seo\/ -->\n<title>Roasted Peanut Kernels - Peanut Butter Factory<\/title>\n<meta name=\"description\" content=\"Premium Roasted Peanut Kernels OEM supplier, private label manufacturer, and exporter. Choose us for superior quality and customizable options.\" \/>\n<meta name=\"robots\" content=\"index, follow, max-snippet:-1, max-image-preview:large, max-video-preview:-1\" \/>\n<link rel=\"canonical\" href=\"https:\/\/www.peanutoem.com\/da\/manufacturer\/roasted-peanut-kernels\/\" \/>\n<meta property=\"og:locale\" content=\"da_DK\" \/>\n<meta property=\"og:type\" content=\"article\" \/>\n<meta property=\"og:title\" content=\"Roasted Peanut Kernels - Peanut Butter Factory\" \/>\n<meta property=\"og:description\" content=\"Premium Roasted Peanut Kernels OEM supplier, private label manufacturer, and exporter. Choose us for superior quality and customizable options.\" \/>\n<meta property=\"og:url\" content=\"https:\/\/www.peanutoem.com\/da\/manufacturer\/roasted-peanut-kernels\/\" \/>\n<meta property=\"og:site_name\" content=\"Peanut Butter Factory\" \/>\n<meta property=\"article:modified_time\" content=\"2024-09-24T15:21:33+00:00\" \/>\n<meta property=\"og:image\" content=\"https:\/\/www.peanutoem.com\/wp-content\/uploads\/2024\/09\/Roasted-Peanut-Kernels-on-plate-scaled.webp\" \/>\n\t<meta property=\"og:image:width\" content=\"2560\" \/>\n\t<meta property=\"og:image:height\" content=\"1707\" \/>\n\t<meta property=\"og:image:type\" content=\"image\/webp\" \/>\n<meta name=\"twitter:card\" content=\"summary_large_image\" \/>\n<meta name=\"twitter:label1\" content=\"Estimeret l\u00e6setid\" \/>\n\t<meta name=\"twitter:data1\" content=\"3 minutter\" \/>\n<script type=\"application\/ld+json\" class=\"yoast-schema-graph\">{\"@context\":\"https:\/\/schema.org\",\"@graph\":[{\"@type\":\"WebPage\",\"@id\":\"https:\/\/www.peanutoem.com\/manufacturer\/roasted-peanut-kernels\/\",\"url\":\"https:\/\/www.peanutoem.com\/manufacturer\/roasted-peanut-kernels\/\",\"name\":\"Roasted Peanut Kernels - Peanut Butter Factory\",\"isPartOf\":{\"@id\":\"https:\/\/www.peanutoem.com\/#website\"},\"primaryImageOfPage\":{\"@id\":\"https:\/\/www.peanutoem.com\/manufacturer\/roasted-peanut-kernels\/#primaryimage\"},\"image\":{\"@id\":\"https:\/\/www.peanutoem.com\/manufacturer\/roasted-peanut-kernels\/#primaryimage\"},\"thumbnailUrl\":\"https:\/\/www.peanutoem.com\/wp-content\/uploads\/2024\/09\/Roasted-Peanut-Kernels-on-plate-scaled.webp\",\"datePublished\":\"2024-09-02T13:58:23+00:00\",\"dateModified\":\"2024-09-24T15:21:33+00:00\",\"description\":\"Premium Roasted Peanut Kernels OEM supplier, private label manufacturer, and exporter. Choose us for superior quality and customizable options.\",\"breadcrumb\":{\"@id\":\"https:\/\/www.peanutoem.com\/manufacturer\/roasted-peanut-kernels\/#breadcrumb\"},\"inLanguage\":\"da-DK\",\"potentialAction\":[{\"@type\":\"ReadAction\",\"target\":[\"https:\/\/www.peanutoem.com\/manufacturer\/roasted-peanut-kernels\/\"]}]},{\"@type\":\"ImageObject\",\"inLanguage\":\"da-DK\",\"@id\":\"https:\/\/www.peanutoem.com\/manufacturer\/roasted-peanut-kernels\/#primaryimage\",\"url\":\"https:\/\/www.peanutoem.com\/wp-content\/uploads\/2024\/09\/Roasted-Peanut-Kernels-on-plate-scaled.webp\",\"contentUrl\":\"https:\/\/www.peanutoem.com\/wp-content\/uploads\/2024\/09\/Roasted-Peanut-Kernels-on-plate-scaled.webp\",\"width\":2560,\"height\":1707,\"caption\":\"Roasted Peanut Kernels on plate\"},{\"@type\":\"BreadcrumbList\",\"@id\":\"https:\/\/www.peanutoem.com\/manufacturer\/roasted-peanut-kernels\/#breadcrumb\",\"itemListElement\":[{\"@type\":\"ListItem\",\"position\":1,\"name\":\"Home\",\"item\":\"https:\/\/www.peanutoem.com\/\"},{\"@type\":\"ListItem\",\"position\":2,\"name\":\"Products\",\"item\":\"https:\/\/www.peanutoem.com\/shop\/\"},{\"@type\":\"ListItem\",\"position\":3,\"name\":\"Roasted Peanut Kernels\"}]},{\"@type\":\"WebSite\",\"@id\":\"https:\/\/www.peanutoem.com\/#website\",\"url\":\"https:\/\/www.peanutoem.com\/\",\"name\":\"Peanut Butter Factory\",\"description\":\"Peanut Butter Manufacturer and Roast Peanut OEM Factory | Peanut Private Label China Supplier\",\"publisher\":{\"@id\":\"https:\/\/www.peanutoem.com\/#organization\"},\"alternateName\":\"Peanut Butter OEM and Wholesale\",\"potentialAction\":[{\"@type\":\"SearchAction\",\"target\":{\"@type\":\"EntryPoint\",\"urlTemplate\":\"https:\/\/www.peanutoem.com\/?s={search_term_string}\"},\"query-input\":{\"@type\":\"PropertyValueSpecification\",\"valueRequired\":true,\"valueName\":\"search_term_string\"}}],\"inLanguage\":\"da-DK\"},{\"@type\":\"Organization\",\"@id\":\"https:\/\/www.peanutoem.com\/#organization\",\"name\":\"Peanut Butter Factory\",\"alternateName\":\"JuFeng Group\",\"url\":\"https:\/\/www.peanutoem.com\/\",\"logo\":{\"@type\":\"ImageObject\",\"inLanguage\":\"da-DK\",\"@id\":\"https:\/\/www.peanutoem.com\/#\/schema\/logo\/image\/\",\"url\":\"https:\/\/www.peanutoem.com\/wp-content\/uploads\/2024\/09\/JUFENG-LOGO.png\",\"contentUrl\":\"https:\/\/www.peanutoem.com\/wp-content\/uploads\/2024\/09\/JUFENG-LOGO.png\",\"width\":600,\"height\":170,\"caption\":\"Peanut Butter Factory\"},\"image\":{\"@id\":\"https:\/\/www.peanutoem.com\/#\/schema\/logo\/image\/\"}}]}<\/script>\n<!-- \/ Yoast SEO plugin. -->","yoast_head_json":{"title":"Roasted Peanut Kernels - Peanut Butter Factory","description":"Premium Roasted Peanut Kernels OEM supplier, private label manufacturer, and exporter. Choose us for superior quality and customizable options.","robots":{"index":"index","follow":"follow","max-snippet":"max-snippet:-1","max-image-preview":"max-image-preview:large","max-video-preview":"max-video-preview:-1"},"canonical":"https:\/\/www.peanutoem.com\/da\/manufacturer\/roasted-peanut-kernels\/","og_locale":"da_DK","og_type":"article","og_title":"Roasted Peanut Kernels - Peanut Butter Factory","og_description":"Premium Roasted Peanut Kernels OEM supplier, private label manufacturer, and exporter. Choose us for superior quality and customizable options.","og_url":"https:\/\/www.peanutoem.com\/da\/manufacturer\/roasted-peanut-kernels\/","og_site_name":"Peanut Butter Factory","article_modified_time":"2024-09-24T15:21:33+00:00","og_image":[{"width":2560,"height":1707,"url":"https:\/\/www.peanutoem.com\/wp-content\/uploads\/2024\/09\/Roasted-Peanut-Kernels-on-plate-scaled.webp","type":"image\/webp"}],"twitter_card":"summary_large_image","twitter_misc":{"Estimeret l\u00e6setid":"3 minutter"},"schema":{"@context":"https:\/\/schema.org","@graph":[{"@type":"WebPage","@id":"https:\/\/www.peanutoem.com\/manufacturer\/roasted-peanut-kernels\/","url":"https:\/\/www.peanutoem.com\/manufacturer\/roasted-peanut-kernels\/","name":"Roasted Peanut Kernels - Peanut Butter Factory","isPartOf":{"@id":"https:\/\/www.peanutoem.com\/#website"},"primaryImageOfPage":{"@id":"https:\/\/www.peanutoem.com\/manufacturer\/roasted-peanut-kernels\/#primaryimage"},"image":{"@id":"https:\/\/www.peanutoem.com\/manufacturer\/roasted-peanut-kernels\/#primaryimage"},"thumbnailUrl":"https:\/\/www.peanutoem.com\/wp-content\/uploads\/2024\/09\/Roasted-Peanut-Kernels-on-plate-scaled.webp","datePublished":"2024-09-02T13:58:23+00:00","dateModified":"2024-09-24T15:21:33+00:00","description":"Premium Roasted Peanut Kernels OEM supplier, private label manufacturer, and exporter. Choose us for superior quality and customizable options.","breadcrumb":{"@id":"https:\/\/www.peanutoem.com\/manufacturer\/roasted-peanut-kernels\/#breadcrumb"},"inLanguage":"da-DK","potentialAction":[{"@type":"ReadAction","target":["https:\/\/www.peanutoem.com\/manufacturer\/roasted-peanut-kernels\/"]}]},{"@type":"ImageObject","inLanguage":"da-DK","@id":"https:\/\/www.peanutoem.com\/manufacturer\/roasted-peanut-kernels\/#primaryimage","url":"https:\/\/www.peanutoem.com\/wp-content\/uploads\/2024\/09\/Roasted-Peanut-Kernels-on-plate-scaled.webp","contentUrl":"https:\/\/www.peanutoem.com\/wp-content\/uploads\/2024\/09\/Roasted-Peanut-Kernels-on-plate-scaled.webp","width":2560,"height":1707,"caption":"Roasted Peanut Kernels on plate"},{"@type":"BreadcrumbList","@id":"https:\/\/www.peanutoem.com\/manufacturer\/roasted-peanut-kernels\/#breadcrumb","itemListElement":[{"@type":"ListItem","position":1,"name":"Home","item":"https:\/\/www.peanutoem.com\/"},{"@type":"ListItem","position":2,"name":"Products","item":"https:\/\/www.peanutoem.com\/shop\/"},{"@type":"ListItem","position":3,"name":"Roasted Peanut Kernels"}]},{"@type":"WebSite","@id":"https:\/\/www.peanutoem.com\/#website","url":"https:\/\/www.peanutoem.com\/","name":"Peanut Butter Factory","description":"Peanut Butter Manufacturer and Roast Peanut OEM Factory | Peanut Private Label China Supplier","publisher":{"@id":"https:\/\/www.peanutoem.com\/#organization"},"alternateName":"Peanut Butter OEM and Wholesale","potentialAction":[{"@type":"SearchAction","target":{"@type":"EntryPoint","urlTemplate":"https:\/\/www.peanutoem.com\/?s={search_term_string}"},"query-input":{"@type":"PropertyValueSpecification","valueRequired":true,"valueName":"search_term_string"}}],"inLanguage":"da-DK"},{"@type":"Organization","@id":"https:\/\/www.peanutoem.com\/#organization","name":"Peanut Butter Factory","alternateName":"JuFeng Group","url":"https:\/\/www.peanutoem.com\/","logo":{"@type":"ImageObject","inLanguage":"da-DK","@id":"https:\/\/www.peanutoem.com\/#\/schema\/logo\/image\/","url":"https:\/\/www.peanutoem.com\/wp-content\/uploads\/2024\/09\/JUFENG-LOGO.png","contentUrl":"https:\/\/www.peanutoem.com\/wp-content\/uploads\/2024\/09\/JUFENG-LOGO.png","width":600,"height":170,"caption":"Peanut Butter Factory"},"image":{"@id":"https:\/\/www.peanutoem.com\/#\/schema\/logo\/image\/"}}]}},"_links":{"self":[{"href":"https:\/\/www.peanutoem.com\/da\/wp-json\/wp\/v2\/product\/1553","targetHints":{"allow":["GET"]}}],"collection":[{"href":"https:\/\/www.peanutoem.com\/da\/wp-json\/wp\/v2\/product"}],"about":[{"href":"https:\/\/www.peanutoem.com\/da\/wp-json\/wp\/v2\/types\/product"}],"replies":[{"embeddable":true,"href":"https:\/\/www.peanutoem.com\/da\/wp-json\/wp\/v2\/comments?post=1553"}],"wp:featuredmedia":[{"embeddable":true,"href":"https:\/\/www.peanutoem.com\/da\/wp-json\/wp\/v2\/media\/1697"}],"wp:attachment":[{"href":"https:\/\/www.peanutoem.com\/da\/wp-json\/wp\/v2\/media?parent=1553"}],"wp:term":[{"taxonomy":"product_cat","embeddable":true,"href":"https:\/\/www.peanutoem.com\/da\/wp-json\/wp\/v2\/product_cat?post=1553"},{"taxonomy":"product_tag","embeddable":true,"href":"https:\/\/www.peanutoem.com\/da\/wp-json\/wp\/v2\/product_tag?post=1553"}],"curies":[{"name":"wp","href":"https:\/\/api.w.org\/{rel}","templated":true}]}}