{"id":1554,"date":"2024-09-02T13:59:01","date_gmt":"2024-09-02T13:59:01","guid":{"rendered":"https:\/\/www.peanutoem.com\/?post_type=product&#038;p=1554"},"modified":"2024-09-28T05:11:42","modified_gmt":"2024-09-28T05:11:42","slug":"roasted-blanched-peanut","status":"publish","type":"product","link":"https:\/\/www.peanutoem.com\/da\/manufacturer\/roasted-blanched-peanut\/","title":{"rendered":"Br\u00e6ndt blancheret peanut"},"content":{"rendered":"<h3><strong>Hvad er ristede blancherede jordn\u00f8dder?<\/strong><\/h3>\n<p>Ristede blancherede jordn\u00f8dder gennemg\u00e5r en specifik to-trins proces. F\u00f8rst blancheres de r\u00e5 jordn\u00f8dder, hvilket involverer fjernelse af den ydre hud gennem opvarmning og sk\u00e5nsomme mekaniske midler. Dern\u00e6st ristes de til perfektion, hvilket resulterer i en rig, n\u00f8ddeagtig smag og spr\u00f8d tekstur. Disse jordn\u00f8dder er ideelle til forskellige anvendelser, herunder snackproduktion, konfekture, jordn\u00f8ddesm\u00f8rfremstilling og som ingredienser i salte retter.<\/p>\n<p>Desuden giver blancherede ristede jordn\u00f8dder den ekstra fordel af et rent, glat udseende. Denne kvalitet g\u00f8r dem yderst eftertragtede til produkter, hvor visuel appel og ensartethed er afg\u00f8rende.<\/p>\n<h3><strong>Hvad er andre navne for ristede blancherede jordn\u00f8dder?<\/strong><\/h3>\n<p>Ristede blancherede jordn\u00f8dder kan omtales med flere navne, afh\u00e6ngigt af regionale pr\u00e6ferencer eller industribrug:<\/p>\n<ul>\n<li>Skindfri ristede jordn\u00f8dder<\/li>\n<li>Blancherede og ristede jordn\u00f8dder<\/li>\n<li>Ristede hvide jordn\u00f8dder<\/li>\n<li>Blancherede jordn\u00f8dder<\/li>\n<li>Blancherede jordn\u00f8ddekerner<\/li>\n<li>Jordn\u00f8dder Hel blancheret ristede<\/li>\n<\/ul>\n<p>Disse navne afspejler tilberedningsprocessen, hvor jordn\u00f8ddeskallerne fjernes f\u00f8r ristning, hvilket resulterer i et glat og tiltalende slutprodukt.<\/p>\n<h3><img loading=\"lazy\" decoding=\"async\" class=\"alignnone wp-image-1702 size-full\" src=\"https:\/\/www.peanutoem.com\/wp-content\/uploads\/2024\/09\/Whole-Roasted-Blanched-Peanut-.webp\" alt=\"Helristede blancherede jordn\u00f8dder\" width=\"1000\" height=\"1000\" srcset=\"https:\/\/www.peanutoem.com\/wp-content\/uploads\/2024\/09\/Whole-Roasted-Blanched-Peanut-.webp 1000w, https:\/\/www.peanutoem.com\/wp-content\/uploads\/2024\/09\/Whole-Roasted-Blanched-Peanut--300x300.webp 300w, https:\/\/www.peanutoem.com\/wp-content\/uploads\/2024\/09\/Whole-Roasted-Blanched-Peanut--150x150.webp 150w, https:\/\/www.peanutoem.com\/wp-content\/uploads\/2024\/09\/Whole-Roasted-Blanched-Peanut--768x768.webp 768w, https:\/\/www.peanutoem.com\/wp-content\/uploads\/2024\/09\/Whole-Roasted-Blanched-Peanut--12x12.webp 12w, https:\/\/www.peanutoem.com\/wp-content\/uploads\/2024\/09\/Whole-Roasted-Blanched-Peanut--600x600.webp 600w, https:\/\/www.peanutoem.com\/wp-content\/uploads\/2024\/09\/Whole-Roasted-Blanched-Peanut--100x100.webp 100w\" sizes=\"auto, (max-width: 1000px) 100vw, 1000px\" \/><\/h3>\n<h3><strong>Hvorfor v\u00e6lge os som din OEM-leverand\u00f8r af ristede blancherede jordn\u00f8dder?<\/strong><\/h3>\n<p>Vi er f\u00f8rende p\u00e5 markedet inden for produktion af ristede blancherede jordn\u00f8dder, og tilbyder b\u00e5de ristede blancherede peanut-halvdele og ristede blancherede peanut-halvdele. Her er grunden til, at vi er din bedste partner:<\/p>\n<ul>\n<li><strong>Ekspertise i OEM-l\u00f8sninger<\/strong>: Med vores avancerede produktionskapacitet tilbyder vi skr\u00e6ddersyede OEM-tjenester, der opfylder dine produktspecifikationer, fra stegeniveauer til emballagekrav.<\/li>\n<li><strong>Private Label Fremstilling<\/strong>: Vi specialiserer os i fremstilling af private label, hvilket g\u00f8r det muligt for brands at udnytte vores ekspertise, mens de udvikler deres egne s\u00e6rskilte produkter.<\/li>\n<li><strong>Globale eksportmuligheder<\/strong>: Som en erfaren eksport\u00f8r betjener vi kunder over hele kloden med effektiv logistik og ensartet kvalitet.<\/li>\n<li><strong>Certificeret kvalitetssikring<\/strong>: Vores produkter er certificeret under HACCP, BRCGS, Halal, Kosher og EU Organic standarder, hvilket sikrer overholdelse af globale f\u00f8devaresikkerheds- og kvalitetsbestemmelser.<\/li>\n<li><strong>B\u00e6redygtighed og p\u00e5lidelighed<\/strong>: Vi prioriterer b\u00e6redygtige produktionsmetoder og opretholder en st\u00e6rk forsyningsk\u00e6dep\u00e5lidelighed for at im\u00f8dekomme behovene hos vores kunder over hele verden.<\/li>\n<\/ul>\n<h3><strong>Hotte emner om ristede blancherede jordn\u00f8dder<\/strong><\/h3>\n<ul>\n<li><strong>Hel vs. halvdele<\/strong>: Forst\u00e5else af anvendelsesmulighederne for ristede blancherede peanut-halvdele versus ristede blancherede peanut-halvdele er afg\u00f8rende for producenterne. Hele jordn\u00f8dder bruges ofte i premium snackprodukter, mens halvdele foretr\u00e6kkes til f\u00f8devareproduktion, bagning og jordn\u00f8ddesm\u00f8r.<\/li>\n<li><strong>Sundhedsm\u00e6ssige fordele ved ristede blancherede jordn\u00f8dder<\/strong>: Blancherede jordn\u00f8dder bevarer mange af de ern\u00e6ringsm\u00e6ssige fordele ved r\u00e5 jordn\u00f8dder, herunder protein, sunde fedtstoffer og essentielle vitaminer og mineraler, hvilket g\u00f8r dem til et smart valg for sundhedsbevidste forbrugere.<\/li>\n<li><strong>Stigende eftersp\u00f8rgsel efter Clean-Label-ingredienser<\/strong>: Efterh\u00e5nden som flere forbrugere s\u00f8ger produkter med minimal forarbejdning, er ristede blancherede jordn\u00f8dder et glimrende valg af ingredienser til snacks og f\u00f8devarer, der markedsf\u00f8res som &quot;clean-label&quot;.<\/li>\n<li><strong>Peanut B\u00e6redygtighed og milj\u00f8p\u00e5virkning<\/strong>: Sammenlignet med andre n\u00f8dder kr\u00e6ver jordn\u00f8dder, inklusive blancherede sorter, f\u00e6rre ressourcer at dyrke, hvilket g\u00f8r dem til et b\u00e6redygtigt valg for f\u00f8devarevirksomheder, der \u00f8nsker at reducere deres milj\u00f8m\u00e6ssige fodaftryk.<\/li>\n<\/ul>\n<h3><strong>Ofte stillede sp\u00f8rgsm\u00e5l om vores rolle som producent af ristede blancherede jordn\u00f8dder<\/strong><\/h3>\n<ol>\n<li><strong>Hvad er fordelene ved blancherede jordn\u00f8dder?<\/strong><br \/>\nBlancherede jordn\u00f8dder har fjernet skind, hvilket giver et renere udseende og ensartet tekstur, ideelt til snacks og visuelt drevne produkter.<\/li>\n<li><strong>Tilbyder du private label muligheder?<\/strong><br \/>\nJa, vi specialiserer os i fremstilling af private label med fuld tilpasning til dit brands emballage og specifikationer.<\/li>\n<li><strong>Kan jeg tilpasse stegeniveauet?<\/strong><br \/>\nAbsolut! Vi tilbyder stegemuligheder fra lys til m\u00f8rk, skr\u00e6ddersyet til dine pr\u00e6ferencer og markedsbehov.<\/li>\n<li><strong>Hvordan holder du friskheden?<\/strong><br \/>\nVi opbevarer jordn\u00f8dder i temperaturkontrollerede faciliteter for at sikre, at de forbliver friske og af h\u00f8j kvalitet under opbevaring og transport.<\/li>\n<li><strong>Eksporterer du globalt?<\/strong><br \/>\nJa, vi har stor erfaring med at eksportere ristede blancherede jordn\u00f8dder til forskellige internationale markeder med effektiv logistik.<\/li>\n<li><strong>Hvad er holdbarheden p\u00e5 dine peanuts?<\/strong><br \/>\nVores ristede blancherede jordn\u00f8dder holder 12 til 18 m\u00e5neder, n\u00e5r de opbevares korrekt, hvilket sikrer varig friskhed og smag.<\/li>\n<li><strong>Hvad er almindelige anvendelser for ristede blancherede jordn\u00f8dder?<\/strong><br \/>\nDe er popul\u00e6re i snacks, konfekture, jordn\u00f8ddesm\u00f8r og som ingredienser i salte og bagv\u00e6rk.<\/li>\n<li><strong>Hvordan er ristede blancherede jordn\u00f8dder sammenlignet med andre varianter?<\/strong><br \/>\nRistede blancherede jordn\u00f8dder har et glattere, renere udseende, fordi deres skind er fjernet. Denne kvalitet g\u00f8r dem perfekte til premiumprodukter, der har brug for ensartet tekstur.<\/li>\n<\/ol>\n<div class=\"flex max-w-full flex-col flex-grow\">\n<div class=\"min-h-8 text-message flex w-full flex-col items-end gap-2 whitespace-normal break-words [.text-message+&amp;]:mt-5\" dir=\"auto\" data-message-author-role=\"assistant\" data-message-id=\"31ea6229-78d6-4c3f-8f61-fea9e8392c9b\">\n<div class=\"flex w-full flex-col gap-1 empty:hidden first:pt-[3px]\">\n<div class=\"markdown prose w-full break-words dark:prose-invert dark\">\n<a href=\"mailto:globepeanut@gmail.com\" class=\"button primary is-primary is-medium\"  >\n    <span>Email os<\/span>\n  <\/a>\n\n<\/div>\n<\/div>\n<\/div>\n<\/div>\n<div class=\"mb-2 flex gap-3 empty:hidden -ml-2\">\n<div class=\"items-center justify-start rounded-xl p-1 flex\"><\/div>\n<\/div>","protected":false},"excerpt":{"rendered":"<p>Vi er producent og leverand\u00f8r af ristede blancherede jordn\u00f8dder i Kina<\/p>\n<p>\u2013 MOQ: 1 ton<br \/>\n\u2013 OEM\/ODM-service tilbydes<br \/>\n- Gratis pr\u00f8ve tilg\u00e6ngelig<br \/>\n- Accepter tilpasning (specifikationer, st\u00f8rrelser, farve, design osv.)<br \/>\n\u2013 Type: Br\u00e6ndt jordn\u00f8dde hele, ristet jordn\u00f8ddehalvering<\/p>\n<p>Hvis du \u00f8nsker at f\u00e5 priser p\u00e5 ristede blancherede jordn\u00f8dder, s\u00e5 kontakt os venligst.<\/p>","protected":false},"featured_media":1701,"comment_status":"open","ping_status":"closed","template":"","meta":[],"product_cat":[37],"product_tag":[],"class_list":{"0":"post-1554","1":"product","2":"type-product","3":"status-publish","4":"has-post-thumbnail","6":"product_cat-roasted-peanut","8":"first","9":"instock","10":"shipping-taxable","11":"product-type-simple"},"yoast_head":"<!-- This site is optimized with the Yoast SEO plugin v24.9 - https:\/\/yoast.com\/wordpress\/plugins\/seo\/ -->\n<title>Roasted Blanched Peanut China Wholesaler - Peanut Butter Factory<\/title>\n<meta name=\"description\" content=\"High-quality Roasted Blanched Peanut OEM supplier, private label manufacturer, and exporter. Choose us for customizable solutions and global expertise.\" \/>\n<meta name=\"robots\" content=\"index, follow, max-snippet:-1, max-image-preview:large, max-video-preview:-1\" \/>\n<link rel=\"canonical\" href=\"https:\/\/www.peanutoem.com\/da\/manufacturer\/roasted-blanched-peanut\/\" \/>\n<meta property=\"og:locale\" content=\"da_DK\" \/>\n<meta property=\"og:type\" content=\"article\" \/>\n<meta property=\"og:title\" content=\"Roasted Blanched Peanut China Wholesaler - Peanut Butter Factory\" \/>\n<meta property=\"og:description\" content=\"High-quality Roasted Blanched Peanut OEM supplier, private label manufacturer, and exporter. Choose us for customizable solutions and global expertise.\" \/>\n<meta property=\"og:url\" content=\"https:\/\/www.peanutoem.com\/da\/manufacturer\/roasted-blanched-peanut\/\" \/>\n<meta property=\"og:site_name\" content=\"Peanut Butter Factory\" \/>\n<meta property=\"article:modified_time\" content=\"2024-09-28T05:11:42+00:00\" \/>\n<meta property=\"og:image\" content=\"https:\/\/www.peanutoem.com\/wp-content\/uploads\/2024\/09\/Whole-Roast-Blanched-Peanut-.webp\" \/>\n\t<meta property=\"og:image:width\" content=\"1000\" \/>\n\t<meta property=\"og:image:height\" content=\"1000\" \/>\n\t<meta property=\"og:image:type\" content=\"image\/webp\" \/>\n<meta name=\"twitter:card\" content=\"summary_large_image\" \/>\n<meta name=\"twitter:label1\" content=\"Estimeret l\u00e6setid\" \/>\n\t<meta name=\"twitter:data1\" content=\"4 minutter\" \/>\n<script type=\"application\/ld+json\" class=\"yoast-schema-graph\">{\"@context\":\"https:\/\/schema.org\",\"@graph\":[{\"@type\":\"WebPage\",\"@id\":\"https:\/\/www.peanutoem.com\/manufacturer\/roasted-blanched-peanut\/\",\"url\":\"https:\/\/www.peanutoem.com\/manufacturer\/roasted-blanched-peanut\/\",\"name\":\"Roasted Blanched Peanut China Wholesaler - Peanut Butter Factory\",\"isPartOf\":{\"@id\":\"https:\/\/www.peanutoem.com\/#website\"},\"primaryImageOfPage\":{\"@id\":\"https:\/\/www.peanutoem.com\/manufacturer\/roasted-blanched-peanut\/#primaryimage\"},\"image\":{\"@id\":\"https:\/\/www.peanutoem.com\/manufacturer\/roasted-blanched-peanut\/#primaryimage\"},\"thumbnailUrl\":\"https:\/\/www.peanutoem.com\/wp-content\/uploads\/2024\/09\/Whole-Roast-Blanched-Peanut-.webp\",\"datePublished\":\"2024-09-02T13:59:01+00:00\",\"dateModified\":\"2024-09-28T05:11:42+00:00\",\"description\":\"High-quality Roasted Blanched Peanut OEM supplier, private label manufacturer, and exporter. Choose us for customizable solutions and global expertise.\",\"breadcrumb\":{\"@id\":\"https:\/\/www.peanutoem.com\/manufacturer\/roasted-blanched-peanut\/#breadcrumb\"},\"inLanguage\":\"da-DK\",\"potentialAction\":[{\"@type\":\"ReadAction\",\"target\":[\"https:\/\/www.peanutoem.com\/manufacturer\/roasted-blanched-peanut\/\"]}]},{\"@type\":\"ImageObject\",\"inLanguage\":\"da-DK\",\"@id\":\"https:\/\/www.peanutoem.com\/manufacturer\/roasted-blanched-peanut\/#primaryimage\",\"url\":\"https:\/\/www.peanutoem.com\/wp-content\/uploads\/2024\/09\/Whole-Roast-Blanched-Peanut-.webp\",\"contentUrl\":\"https:\/\/www.peanutoem.com\/wp-content\/uploads\/2024\/09\/Whole-Roast-Blanched-Peanut-.webp\",\"width\":1000,\"height\":1000,\"caption\":\"Whole Roast Blanched Peanut\"},{\"@type\":\"BreadcrumbList\",\"@id\":\"https:\/\/www.peanutoem.com\/manufacturer\/roasted-blanched-peanut\/#breadcrumb\",\"itemListElement\":[{\"@type\":\"ListItem\",\"position\":1,\"name\":\"Home\",\"item\":\"https:\/\/www.peanutoem.com\/\"},{\"@type\":\"ListItem\",\"position\":2,\"name\":\"Products\",\"item\":\"https:\/\/www.peanutoem.com\/shop\/\"},{\"@type\":\"ListItem\",\"position\":3,\"name\":\"Roasted Blanched Peanut\"}]},{\"@type\":\"WebSite\",\"@id\":\"https:\/\/www.peanutoem.com\/#website\",\"url\":\"https:\/\/www.peanutoem.com\/\",\"name\":\"Peanut Butter Factory\",\"description\":\"Peanut Butter Manufacturer and Roast Peanut OEM Factory | Peanut Private Label China Supplier\",\"publisher\":{\"@id\":\"https:\/\/www.peanutoem.com\/#organization\"},\"alternateName\":\"Peanut Butter OEM and Wholesale\",\"potentialAction\":[{\"@type\":\"SearchAction\",\"target\":{\"@type\":\"EntryPoint\",\"urlTemplate\":\"https:\/\/www.peanutoem.com\/?s={search_term_string}\"},\"query-input\":{\"@type\":\"PropertyValueSpecification\",\"valueRequired\":true,\"valueName\":\"search_term_string\"}}],\"inLanguage\":\"da-DK\"},{\"@type\":\"Organization\",\"@id\":\"https:\/\/www.peanutoem.com\/#organization\",\"name\":\"Peanut Butter Factory\",\"alternateName\":\"JuFeng Group\",\"url\":\"https:\/\/www.peanutoem.com\/\",\"logo\":{\"@type\":\"ImageObject\",\"inLanguage\":\"da-DK\",\"@id\":\"https:\/\/www.peanutoem.com\/#\/schema\/logo\/image\/\",\"url\":\"https:\/\/www.peanutoem.com\/wp-content\/uploads\/2024\/09\/JUFENG-LOGO.png\",\"contentUrl\":\"https:\/\/www.peanutoem.com\/wp-content\/uploads\/2024\/09\/JUFENG-LOGO.png\",\"width\":600,\"height\":170,\"caption\":\"Peanut Butter Factory\"},\"image\":{\"@id\":\"https:\/\/www.peanutoem.com\/#\/schema\/logo\/image\/\"}}]}<\/script>\n<!-- \/ Yoast SEO plugin. -->","yoast_head_json":{"title":"Roasted Blanched Peanut China Wholesaler - Peanut Butter Factory","description":"High-quality Roasted Blanched Peanut OEM supplier, private label manufacturer, and exporter. Choose us for customizable solutions and global expertise.","robots":{"index":"index","follow":"follow","max-snippet":"max-snippet:-1","max-image-preview":"max-image-preview:large","max-video-preview":"max-video-preview:-1"},"canonical":"https:\/\/www.peanutoem.com\/da\/manufacturer\/roasted-blanched-peanut\/","og_locale":"da_DK","og_type":"article","og_title":"Roasted Blanched Peanut China Wholesaler - Peanut Butter Factory","og_description":"High-quality Roasted Blanched Peanut OEM supplier, private label manufacturer, and exporter. Choose us for customizable solutions and global expertise.","og_url":"https:\/\/www.peanutoem.com\/da\/manufacturer\/roasted-blanched-peanut\/","og_site_name":"Peanut Butter Factory","article_modified_time":"2024-09-28T05:11:42+00:00","og_image":[{"width":1000,"height":1000,"url":"https:\/\/www.peanutoem.com\/wp-content\/uploads\/2024\/09\/Whole-Roast-Blanched-Peanut-.webp","type":"image\/webp"}],"twitter_card":"summary_large_image","twitter_misc":{"Estimeret l\u00e6setid":"4 minutter"},"schema":{"@context":"https:\/\/schema.org","@graph":[{"@type":"WebPage","@id":"https:\/\/www.peanutoem.com\/manufacturer\/roasted-blanched-peanut\/","url":"https:\/\/www.peanutoem.com\/manufacturer\/roasted-blanched-peanut\/","name":"Roasted Blanched Peanut China Wholesaler - Peanut Butter Factory","isPartOf":{"@id":"https:\/\/www.peanutoem.com\/#website"},"primaryImageOfPage":{"@id":"https:\/\/www.peanutoem.com\/manufacturer\/roasted-blanched-peanut\/#primaryimage"},"image":{"@id":"https:\/\/www.peanutoem.com\/manufacturer\/roasted-blanched-peanut\/#primaryimage"},"thumbnailUrl":"https:\/\/www.peanutoem.com\/wp-content\/uploads\/2024\/09\/Whole-Roast-Blanched-Peanut-.webp","datePublished":"2024-09-02T13:59:01+00:00","dateModified":"2024-09-28T05:11:42+00:00","description":"High-quality Roasted Blanched Peanut OEM supplier, private label manufacturer, and exporter. Choose us for customizable solutions and global expertise.","breadcrumb":{"@id":"https:\/\/www.peanutoem.com\/manufacturer\/roasted-blanched-peanut\/#breadcrumb"},"inLanguage":"da-DK","potentialAction":[{"@type":"ReadAction","target":["https:\/\/www.peanutoem.com\/manufacturer\/roasted-blanched-peanut\/"]}]},{"@type":"ImageObject","inLanguage":"da-DK","@id":"https:\/\/www.peanutoem.com\/manufacturer\/roasted-blanched-peanut\/#primaryimage","url":"https:\/\/www.peanutoem.com\/wp-content\/uploads\/2024\/09\/Whole-Roast-Blanched-Peanut-.webp","contentUrl":"https:\/\/www.peanutoem.com\/wp-content\/uploads\/2024\/09\/Whole-Roast-Blanched-Peanut-.webp","width":1000,"height":1000,"caption":"Whole Roast Blanched Peanut"},{"@type":"BreadcrumbList","@id":"https:\/\/www.peanutoem.com\/manufacturer\/roasted-blanched-peanut\/#breadcrumb","itemListElement":[{"@type":"ListItem","position":1,"name":"Home","item":"https:\/\/www.peanutoem.com\/"},{"@type":"ListItem","position":2,"name":"Products","item":"https:\/\/www.peanutoem.com\/shop\/"},{"@type":"ListItem","position":3,"name":"Roasted Blanched Peanut"}]},{"@type":"WebSite","@id":"https:\/\/www.peanutoem.com\/#website","url":"https:\/\/www.peanutoem.com\/","name":"Peanut Butter Factory","description":"Peanut Butter Manufacturer and Roast Peanut OEM Factory | Peanut Private Label China Supplier","publisher":{"@id":"https:\/\/www.peanutoem.com\/#organization"},"alternateName":"Peanut Butter OEM and Wholesale","potentialAction":[{"@type":"SearchAction","target":{"@type":"EntryPoint","urlTemplate":"https:\/\/www.peanutoem.com\/?s={search_term_string}"},"query-input":{"@type":"PropertyValueSpecification","valueRequired":true,"valueName":"search_term_string"}}],"inLanguage":"da-DK"},{"@type":"Organization","@id":"https:\/\/www.peanutoem.com\/#organization","name":"Peanut Butter Factory","alternateName":"JuFeng Group","url":"https:\/\/www.peanutoem.com\/","logo":{"@type":"ImageObject","inLanguage":"da-DK","@id":"https:\/\/www.peanutoem.com\/#\/schema\/logo\/image\/","url":"https:\/\/www.peanutoem.com\/wp-content\/uploads\/2024\/09\/JUFENG-LOGO.png","contentUrl":"https:\/\/www.peanutoem.com\/wp-content\/uploads\/2024\/09\/JUFENG-LOGO.png","width":600,"height":170,"caption":"Peanut Butter Factory"},"image":{"@id":"https:\/\/www.peanutoem.com\/#\/schema\/logo\/image\/"}}]}},"_links":{"self":[{"href":"https:\/\/www.peanutoem.com\/da\/wp-json\/wp\/v2\/product\/1554","targetHints":{"allow":["GET"]}}],"collection":[{"href":"https:\/\/www.peanutoem.com\/da\/wp-json\/wp\/v2\/product"}],"about":[{"href":"https:\/\/www.peanutoem.com\/da\/wp-json\/wp\/v2\/types\/product"}],"replies":[{"embeddable":true,"href":"https:\/\/www.peanutoem.com\/da\/wp-json\/wp\/v2\/comments?post=1554"}],"wp:featuredmedia":[{"embeddable":true,"href":"https:\/\/www.peanutoem.com\/da\/wp-json\/wp\/v2\/media\/1701"}],"wp:attachment":[{"href":"https:\/\/www.peanutoem.com\/da\/wp-json\/wp\/v2\/media?parent=1554"}],"wp:term":[{"taxonomy":"product_cat","embeddable":true,"href":"https:\/\/www.peanutoem.com\/da\/wp-json\/wp\/v2\/product_cat?post=1554"},{"taxonomy":"product_tag","embeddable":true,"href":"https:\/\/www.peanutoem.com\/da\/wp-json\/wp\/v2\/product_tag?post=1554"}],"curies":[{"name":"wp","href":"https:\/\/api.w.org\/{rel}","templated":true}]}}