{"id":1555,"date":"2024-09-02T14:00:33","date_gmt":"2024-09-02T14:00:33","guid":{"rendered":"https:\/\/www.peanutoem.com\/?post_type=product&#038;p=1555"},"modified":"2024-09-28T04:44:51","modified_gmt":"2024-09-28T04:44:51","slug":"roasted-peanut-kernels-in-split","status":"publish","type":"product","link":"https:\/\/www.peanutoem.com\/da\/manufacturer\/roasted-peanut-kernels-in-split\/","title":{"rendered":"Ristede jordn\u00f8ddekerner i split | Skivede ristede jordn\u00f8ddekerner"},"content":{"rendered":"<h3>Hvad er ristede jordn\u00f8ddekerner i split?<\/h3>\n<p>Ristede jordn\u00f8ddekerner i split eller kaldet de ristede splittede jordn\u00f8ddekerner, er jordn\u00f8dder, der er blevet omhyggeligt ristet til perfektion og derefter forsigtigt delt i to. De er kendt for deres rige aroma, spr\u00f8de smag og brede anvendelse i snacks, bagv\u00e6rk og en r\u00e6kke forskellige f\u00f8devarer. Ristningsprocessen forbedrer ikke kun den naturlige smag af jordn\u00f8dder, men g\u00f8r dem ogs\u00e5 til et ideelt valg for f\u00f8devareproducenter, snackm\u00e6rker og forbrugere, der f\u00f8lger en sundere kost.<\/p>\n<h3>Alternative navne til ristede jordn\u00f8ddekerner i split<\/h3>\n<p>Ristede jordn\u00f8ddekerner i Split omtales ogs\u00e5 med andre navne afh\u00e6ngigt af regionen eller markedet, herunder:<\/p>\n<ul>\n<li>Split ristede jordn\u00f8dder<\/li>\n<li>Ristede jordn\u00f8ddehalvdele<\/li>\n<li>Splittede ristede jordn\u00f8ddekerner<\/li>\n<li>Jordn\u00f8ddesplitter<\/li>\n<\/ul>\n<h3>Relevante varme emner<\/h3>\n<ol>\n<li><strong>Sundhedsm\u00e6ssige fordele ved ristede jordn\u00f8ddekerner<\/strong>: Ristede jordn\u00f8ddekerner er en rig kilde til protein, sunde fedtstoffer og essentielle vitaminer. De udg\u00f8r en n\u00e6rende snack eller ingrediens i forskellige sundhedsfokuserede produkter.<\/li>\n<li><strong>Den voksende eftersp\u00f8rgsel efter jordn\u00f8ddebaserede snacks:<\/strong> Ristede jordn\u00f8ddekerner i delt form vinder popularitet p\u00e5 grund af den stigende eftersp\u00f8rgsel efter sunde snacks.<\/li>\n<li><strong>F\u00f8devaresikkerhed og kvalitetskontrol i jordn\u00f8ddeforarbejdning:<\/strong> At opretholde h\u00f8je produktions- og h\u00e5ndteringsstandarder er afg\u00f8rende for produktets integritet og overholdelse af f\u00f8devaresikkerhedsreglerne.<\/li>\n<li><strong>Private Label jordn\u00f8ddeprodukter:<\/strong> Mange m\u00e6rker v\u00e6lger vores private label-tjenester for at tilbyde f\u00f8rsteklasses ristede jordn\u00f8ddekerner i skiver under deres eget branding.<\/li>\n<\/ol>\n<p><img loading=\"lazy\" decoding=\"async\" class=\"alignnone wp-image-1720 size-large\" src=\"https:\/\/www.peanutoem.com\/wp-content\/uploads\/2024\/09\/Roasted-Peanut-Power-in-Carton-1024x908.webp\" alt=\"Br\u00e6ndt jordn\u00f8ddekraft i karton\" width=\"1020\" height=\"904\" srcset=\"https:\/\/www.peanutoem.com\/wp-content\/uploads\/2024\/09\/Roasted-Peanut-Power-in-Carton-1024x908.webp 1024w, https:\/\/www.peanutoem.com\/wp-content\/uploads\/2024\/09\/Roasted-Peanut-Power-in-Carton-300x266.webp 300w, https:\/\/www.peanutoem.com\/wp-content\/uploads\/2024\/09\/Roasted-Peanut-Power-in-Carton-768x681.webp 768w, https:\/\/www.peanutoem.com\/wp-content\/uploads\/2024\/09\/Roasted-Peanut-Power-in-Carton-1536x1362.webp 1536w, https:\/\/www.peanutoem.com\/wp-content\/uploads\/2024\/09\/Roasted-Peanut-Power-in-Carton-2048x1816.webp 2048w, https:\/\/www.peanutoem.com\/wp-content\/uploads\/2024\/09\/Roasted-Peanut-Power-in-Carton-14x12.webp 14w, https:\/\/www.peanutoem.com\/wp-content\/uploads\/2024\/09\/Roasted-Peanut-Power-in-Carton-600x532.webp 600w\" sizes=\"auto, (max-width: 1020px) 100vw, 1020px\" \/><\/p>\n<hr \/>\n<h3>Hvorfor v\u00e6lge os som din leverand\u00f8r af ristede jordn\u00f8ddekerner i skiver?<\/h3>\n<p>Vi er en betroet leverand\u00f8r af ristede jordn\u00f8ddekerner i Split af flere tvingende \u00e5rsager:<\/p>\n<ul>\n<li><strong>Avancerede produktionsfaciliteter:<\/strong> Vores fabrik bruger banebrydende amerikanske produktionslinjer til f\u00f8rsteklasses riste- og sk\u00e6reprocesser.<\/li>\n<li><strong>Streng kvalitetssikring:<\/strong> Vi udf\u00f8rer omfattende test i vores laboratorium for at sikre, at hver batch lever op til globale standarder.<\/li>\n<li><strong>Globale certificeringer:<\/strong> Vores ristede jordn\u00f8ddekerner er certificeret af HACCP, BRCGS, Kosher, Halal og EU Organic for kvalitet og sikkerhed.<\/li>\n<li><strong>P\u00e5lidelig forsyningsk\u00e6de:<\/strong> Vores store konstanttemperaturlager garanterer produktkvalitet og forsyningsstabilitet hele \u00e5ret.<\/li>\n<li><strong>Tilpassede tjenester:<\/strong> Vi leverer private label-l\u00f8sninger, der er skr\u00e6ddersyet til at im\u00f8dekomme de specifikke behov hos brands og import\u00f8rer globalt.<\/li>\n<li><strong>B\u00e6redygtig udvikling:<\/strong> Vi fokuserer p\u00e5 b\u00e6redygtig praksis og samarbejder med anerkendte supermarkedsk\u00e6der for gensidig velstand.<\/li>\n<\/ul>\n<h3>Sp\u00f8rgsm\u00e5l og svar om ristede jordn\u00f8ddekerner i skiver<\/h3>\n<p><strong>Q: Hvad g\u00f8r dig til en f\u00f8rende leverand\u00f8r af ristede jordn\u00f8ddekerner i split?<\/strong><br \/>\n<strong>EN:<\/strong> Vores avancerede produktionsfaciliteter, strenge kvalitetssikring og globale certificeringer sikrer, at vi leverer konsekvent h\u00f8jkvalitetsprodukter.<\/p>\n<p><strong>Q: Kan jeg tilpasse emballagen under mit brand?<\/strong><br \/>\n<strong>EN:<\/strong> Ja, vi leverer private label-tjenester, hvilket tillader fuld tilpasning af emballage og branding for at im\u00f8dekomme dine markedsbehov.<\/p>\n<p><strong>Q: Hvilke certificeringer har dine ristede jordn\u00f8ddekerner?<\/strong><br \/>\n<strong>EN:<\/strong> Vores produkter er certificeret af HACCP, BRC, Halal, Kosher, EU Organic og andre globale standarder, hvilket sikrer kvalitet og sikkerhed.<\/p>\n<p><strong>Q: Hvordan sikrer du friskhed og kvalitet?<\/strong><br \/>\n<strong>EN:<\/strong> Vores store lager ved konstant temperatur opretholder optimale forhold, bevarer friskhed og kvalitet indtil levering.<\/p>\n<p><strong>Sp\u00f8rgsm\u00e5l: Leverer du bulkordrer til international forsendelse?<\/strong><br \/>\n<strong>EN:<\/strong> Ja, vi er specialiserede i bulkordrer og internationale forsendelser, hvilket sikrer en problemfri forsyningsk\u00e6de for globale kunder.<\/p>\n<p><strong>Q: Hvad er fordelene ved at v\u00e6lge ristede jordn\u00f8ddekerner i delt form?<\/strong><br \/>\n<strong>EN:<\/strong> Splittede ristede jordn\u00f8ddekerner tilbyder et brugsklart produkt med forbedret smag og tekstur, ideelt til snacks og pynt.<\/p>\n<p><strong>Q: Er der tils\u00e6tningsstoffer i dine ristede jordn\u00f8ddekerner?<\/strong><br \/>\n<strong>EN:<\/strong> Nej, vores ristede jordn\u00f8ddekerner er fri for tils\u00e6tningsstoffer og konserveringsmidler, hvilket sikrer et naturligt produkt.<\/p>\n<p><strong>Q: Kan jeg anmode om specifikke stegeniveauer?<\/strong><br \/>\n<strong>EN:<\/strong> Ja, vi kan tilpasse stegeniveauer til dine specifikationer, uanset om du foretr\u00e6kker lys, medium eller m\u00f8rk stegning.<\/p>\n<p><strong>Q: Hvordan kan jeg anmode om en pr\u00f8ve?<\/strong><br \/>\n<strong>EN:<\/strong> <a href=\"mailto:globepeanut@gmail.com\" target=\"_blank\" rel=\"noopener\">Kontakte <\/a>vores salgsteam til at anmode om en pr\u00f8ve og diskutere dine specifikke behov.<\/p>\n<p><strong>Q: Hvilke markeder leverer du til?<\/strong><br \/>\n<strong>EN:<\/strong> Vi leverer ristede jordn\u00f8ddekerner til forskellige markeder globalt, herunder Nordamerika, Europa, Asien og Mellem\u00f8sten, med st\u00e6rke industripartnerskaber.<\/p>\n<a href=\"mailto:globepeanut@gmail.com\" class=\"button primary is-primary is-medium\"  >\n    <span>Email os<\/span>\n  <\/a>","protected":false},"excerpt":{"rendered":"<p>Vi er producent og leverand\u00f8r af ristede jordn\u00f8ddekerner i skiver i Kina<\/p>\n<p>\u2013 MOQ: 1 ton<br \/>\n\u2013 OEM\/ODM-service tilbydes<br \/>\n- Gratis pr\u00f8ve tilg\u00e6ngelig<br \/>\n- Accepter tilpasning (specifikationer, st\u00f8rrelser, farve, design osv.)<br \/>\n\u2013 Specifikationer (3-5 mesh, 4-7 mesh, 5-8 mesh, 6-10 mesh, 8-14 mesh eller som dit krav)<\/p>\n<p>Hvis du \u00f8nsker at f\u00e5 ristede jordn\u00f8ddekerner i splittede eller snittede ristede jordn\u00f8ddekerner, s\u00e5 kontakt os venligst.<\/p>","protected":false},"featured_media":1712,"comment_status":"open","ping_status":"closed","template":"","meta":[],"product_cat":[37],"product_tag":[],"class_list":{"0":"post-1555","1":"product","2":"type-product","3":"status-publish","4":"has-post-thumbnail","6":"product_cat-roasted-peanut","8":"first","9":"instock","10":"shipping-taxable","11":"product-type-simple"},"yoast_head":"<!-- This site is optimized with the Yoast SEO plugin v24.9 - https:\/\/yoast.com\/wordpress\/plugins\/seo\/ -->\n<title>Roasted Peanut Kernels in Split | Sliced Roasted Peanut Kernels - Peanut Butter Factory<\/title>\n<meta name=\"description\" content=\"We are leading OEM manufacturer, supplier, and exporter of high-quality Roasted Peanut Kernels in Split. Private label services and global brands partner.\" \/>\n<meta name=\"robots\" content=\"index, follow, max-snippet:-1, max-image-preview:large, max-video-preview:-1\" \/>\n<link rel=\"canonical\" href=\"https:\/\/www.peanutoem.com\/da\/manufacturer\/roasted-peanut-kernels-in-split\/\" \/>\n<meta property=\"og:locale\" content=\"da_DK\" \/>\n<meta property=\"og:type\" content=\"article\" \/>\n<meta property=\"og:title\" content=\"Roasted Peanut Kernels in Split | Sliced Roasted Peanut Kernels - Peanut Butter Factory\" \/>\n<meta property=\"og:description\" content=\"We are leading OEM manufacturer, supplier, and exporter of high-quality Roasted Peanut Kernels in Split. Private label services and global brands partner.\" \/>\n<meta property=\"og:url\" content=\"https:\/\/www.peanutoem.com\/da\/manufacturer\/roasted-peanut-kernels-in-split\/\" \/>\n<meta property=\"og:site_name\" content=\"Peanut Butter Factory\" \/>\n<meta property=\"article:modified_time\" content=\"2024-09-28T04:44:51+00:00\" \/>\n<meta property=\"og:image\" content=\"https:\/\/www.peanutoem.com\/wp-content\/uploads\/2024\/09\/4-6mm-roasted-peanut-kernels-scaled.webp\" \/>\n\t<meta property=\"og:image:width\" content=\"1920\" \/>\n\t<meta property=\"og:image:height\" content=\"2560\" \/>\n\t<meta property=\"og:image:type\" content=\"image\/webp\" \/>\n<meta name=\"twitter:card\" content=\"summary_large_image\" \/>\n<meta name=\"twitter:label1\" content=\"Estimeret l\u00e6setid\" \/>\n\t<meta name=\"twitter:data1\" content=\"4 minutter\" \/>\n<script type=\"application\/ld+json\" class=\"yoast-schema-graph\">{\"@context\":\"https:\/\/schema.org\",\"@graph\":[{\"@type\":\"WebPage\",\"@id\":\"https:\/\/www.peanutoem.com\/manufacturer\/roasted-peanut-kernels-in-split\/\",\"url\":\"https:\/\/www.peanutoem.com\/manufacturer\/roasted-peanut-kernels-in-split\/\",\"name\":\"Roasted Peanut Kernels in Split | Sliced Roasted Peanut Kernels - Peanut Butter Factory\",\"isPartOf\":{\"@id\":\"https:\/\/www.peanutoem.com\/#website\"},\"primaryImageOfPage\":{\"@id\":\"https:\/\/www.peanutoem.com\/manufacturer\/roasted-peanut-kernels-in-split\/#primaryimage\"},\"image\":{\"@id\":\"https:\/\/www.peanutoem.com\/manufacturer\/roasted-peanut-kernels-in-split\/#primaryimage\"},\"thumbnailUrl\":\"https:\/\/www.peanutoem.com\/wp-content\/uploads\/2024\/09\/4-6mm-roasted-peanut-kernels-scaled.webp\",\"datePublished\":\"2024-09-02T14:00:33+00:00\",\"dateModified\":\"2024-09-28T04:44:51+00:00\",\"description\":\"We are leading OEM manufacturer, supplier, and exporter of high-quality Roasted Peanut Kernels in Split. Private label services and global brands partner.\",\"breadcrumb\":{\"@id\":\"https:\/\/www.peanutoem.com\/manufacturer\/roasted-peanut-kernels-in-split\/#breadcrumb\"},\"inLanguage\":\"da-DK\",\"potentialAction\":[{\"@type\":\"ReadAction\",\"target\":[\"https:\/\/www.peanutoem.com\/manufacturer\/roasted-peanut-kernels-in-split\/\"]}]},{\"@type\":\"ImageObject\",\"inLanguage\":\"da-DK\",\"@id\":\"https:\/\/www.peanutoem.com\/manufacturer\/roasted-peanut-kernels-in-split\/#primaryimage\",\"url\":\"https:\/\/www.peanutoem.com\/wp-content\/uploads\/2024\/09\/4-6mm-roasted-peanut-kernels-scaled.webp\",\"contentUrl\":\"https:\/\/www.peanutoem.com\/wp-content\/uploads\/2024\/09\/4-6mm-roasted-peanut-kernels-scaled.webp\",\"width\":1920,\"height\":2560,\"caption\":\"4-6mm roasted peanut kernels\"},{\"@type\":\"BreadcrumbList\",\"@id\":\"https:\/\/www.peanutoem.com\/manufacturer\/roasted-peanut-kernels-in-split\/#breadcrumb\",\"itemListElement\":[{\"@type\":\"ListItem\",\"position\":1,\"name\":\"Home\",\"item\":\"https:\/\/www.peanutoem.com\/\"},{\"@type\":\"ListItem\",\"position\":2,\"name\":\"Products\",\"item\":\"https:\/\/www.peanutoem.com\/shop\/\"},{\"@type\":\"ListItem\",\"position\":3,\"name\":\"Roasted Peanut Kernels in Split | Sliced Roasted Peanut Kernels\"}]},{\"@type\":\"WebSite\",\"@id\":\"https:\/\/www.peanutoem.com\/#website\",\"url\":\"https:\/\/www.peanutoem.com\/\",\"name\":\"Peanut Butter Factory\",\"description\":\"Peanut Butter Manufacturer and Roast Peanut OEM Factory | Peanut Private Label China Supplier\",\"publisher\":{\"@id\":\"https:\/\/www.peanutoem.com\/#organization\"},\"alternateName\":\"Peanut Butter OEM and Wholesale\",\"potentialAction\":[{\"@type\":\"SearchAction\",\"target\":{\"@type\":\"EntryPoint\",\"urlTemplate\":\"https:\/\/www.peanutoem.com\/?s={search_term_string}\"},\"query-input\":{\"@type\":\"PropertyValueSpecification\",\"valueRequired\":true,\"valueName\":\"search_term_string\"}}],\"inLanguage\":\"da-DK\"},{\"@type\":\"Organization\",\"@id\":\"https:\/\/www.peanutoem.com\/#organization\",\"name\":\"Peanut Butter Factory\",\"alternateName\":\"JuFeng Group\",\"url\":\"https:\/\/www.peanutoem.com\/\",\"logo\":{\"@type\":\"ImageObject\",\"inLanguage\":\"da-DK\",\"@id\":\"https:\/\/www.peanutoem.com\/#\/schema\/logo\/image\/\",\"url\":\"https:\/\/www.peanutoem.com\/wp-content\/uploads\/2024\/09\/JUFENG-LOGO.png\",\"contentUrl\":\"https:\/\/www.peanutoem.com\/wp-content\/uploads\/2024\/09\/JUFENG-LOGO.png\",\"width\":600,\"height\":170,\"caption\":\"Peanut Butter Factory\"},\"image\":{\"@id\":\"https:\/\/www.peanutoem.com\/#\/schema\/logo\/image\/\"}}]}<\/script>\n<!-- \/ Yoast SEO plugin. -->","yoast_head_json":{"title":"Roasted Peanut Kernels in Split | Sliced Roasted Peanut Kernels - Peanut Butter Factory","description":"We are leading OEM manufacturer, supplier, and exporter of high-quality Roasted Peanut Kernels in Split. Private label services and global brands partner.","robots":{"index":"index","follow":"follow","max-snippet":"max-snippet:-1","max-image-preview":"max-image-preview:large","max-video-preview":"max-video-preview:-1"},"canonical":"https:\/\/www.peanutoem.com\/da\/manufacturer\/roasted-peanut-kernels-in-split\/","og_locale":"da_DK","og_type":"article","og_title":"Roasted Peanut Kernels in Split | Sliced Roasted Peanut Kernels - Peanut Butter Factory","og_description":"We are leading OEM manufacturer, supplier, and exporter of high-quality Roasted Peanut Kernels in Split. Private label services and global brands partner.","og_url":"https:\/\/www.peanutoem.com\/da\/manufacturer\/roasted-peanut-kernels-in-split\/","og_site_name":"Peanut Butter Factory","article_modified_time":"2024-09-28T04:44:51+00:00","og_image":[{"width":1920,"height":2560,"url":"https:\/\/www.peanutoem.com\/wp-content\/uploads\/2024\/09\/4-6mm-roasted-peanut-kernels-scaled.webp","type":"image\/webp"}],"twitter_card":"summary_large_image","twitter_misc":{"Estimeret l\u00e6setid":"4 minutter"},"schema":{"@context":"https:\/\/schema.org","@graph":[{"@type":"WebPage","@id":"https:\/\/www.peanutoem.com\/manufacturer\/roasted-peanut-kernels-in-split\/","url":"https:\/\/www.peanutoem.com\/manufacturer\/roasted-peanut-kernels-in-split\/","name":"Roasted Peanut Kernels in Split | Sliced Roasted Peanut Kernels - Peanut Butter Factory","isPartOf":{"@id":"https:\/\/www.peanutoem.com\/#website"},"primaryImageOfPage":{"@id":"https:\/\/www.peanutoem.com\/manufacturer\/roasted-peanut-kernels-in-split\/#primaryimage"},"image":{"@id":"https:\/\/www.peanutoem.com\/manufacturer\/roasted-peanut-kernels-in-split\/#primaryimage"},"thumbnailUrl":"https:\/\/www.peanutoem.com\/wp-content\/uploads\/2024\/09\/4-6mm-roasted-peanut-kernels-scaled.webp","datePublished":"2024-09-02T14:00:33+00:00","dateModified":"2024-09-28T04:44:51+00:00","description":"We are leading OEM manufacturer, supplier, and exporter of high-quality Roasted Peanut Kernels in Split. Private label services and global brands partner.","breadcrumb":{"@id":"https:\/\/www.peanutoem.com\/manufacturer\/roasted-peanut-kernels-in-split\/#breadcrumb"},"inLanguage":"da-DK","potentialAction":[{"@type":"ReadAction","target":["https:\/\/www.peanutoem.com\/manufacturer\/roasted-peanut-kernels-in-split\/"]}]},{"@type":"ImageObject","inLanguage":"da-DK","@id":"https:\/\/www.peanutoem.com\/manufacturer\/roasted-peanut-kernels-in-split\/#primaryimage","url":"https:\/\/www.peanutoem.com\/wp-content\/uploads\/2024\/09\/4-6mm-roasted-peanut-kernels-scaled.webp","contentUrl":"https:\/\/www.peanutoem.com\/wp-content\/uploads\/2024\/09\/4-6mm-roasted-peanut-kernels-scaled.webp","width":1920,"height":2560,"caption":"4-6mm roasted peanut kernels"},{"@type":"BreadcrumbList","@id":"https:\/\/www.peanutoem.com\/manufacturer\/roasted-peanut-kernels-in-split\/#breadcrumb","itemListElement":[{"@type":"ListItem","position":1,"name":"Home","item":"https:\/\/www.peanutoem.com\/"},{"@type":"ListItem","position":2,"name":"Products","item":"https:\/\/www.peanutoem.com\/shop\/"},{"@type":"ListItem","position":3,"name":"Roasted Peanut Kernels in Split | Sliced Roasted Peanut Kernels"}]},{"@type":"WebSite","@id":"https:\/\/www.peanutoem.com\/#website","url":"https:\/\/www.peanutoem.com\/","name":"Peanut Butter Factory","description":"Peanut Butter Manufacturer and Roast Peanut OEM Factory | Peanut Private Label China Supplier","publisher":{"@id":"https:\/\/www.peanutoem.com\/#organization"},"alternateName":"Peanut Butter OEM and Wholesale","potentialAction":[{"@type":"SearchAction","target":{"@type":"EntryPoint","urlTemplate":"https:\/\/www.peanutoem.com\/?s={search_term_string}"},"query-input":{"@type":"PropertyValueSpecification","valueRequired":true,"valueName":"search_term_string"}}],"inLanguage":"da-DK"},{"@type":"Organization","@id":"https:\/\/www.peanutoem.com\/#organization","name":"Peanut Butter Factory","alternateName":"JuFeng Group","url":"https:\/\/www.peanutoem.com\/","logo":{"@type":"ImageObject","inLanguage":"da-DK","@id":"https:\/\/www.peanutoem.com\/#\/schema\/logo\/image\/","url":"https:\/\/www.peanutoem.com\/wp-content\/uploads\/2024\/09\/JUFENG-LOGO.png","contentUrl":"https:\/\/www.peanutoem.com\/wp-content\/uploads\/2024\/09\/JUFENG-LOGO.png","width":600,"height":170,"caption":"Peanut Butter Factory"},"image":{"@id":"https:\/\/www.peanutoem.com\/#\/schema\/logo\/image\/"}}]}},"_links":{"self":[{"href":"https:\/\/www.peanutoem.com\/da\/wp-json\/wp\/v2\/product\/1555","targetHints":{"allow":["GET"]}}],"collection":[{"href":"https:\/\/www.peanutoem.com\/da\/wp-json\/wp\/v2\/product"}],"about":[{"href":"https:\/\/www.peanutoem.com\/da\/wp-json\/wp\/v2\/types\/product"}],"replies":[{"embeddable":true,"href":"https:\/\/www.peanutoem.com\/da\/wp-json\/wp\/v2\/comments?post=1555"}],"wp:featuredmedia":[{"embeddable":true,"href":"https:\/\/www.peanutoem.com\/da\/wp-json\/wp\/v2\/media\/1712"}],"wp:attachment":[{"href":"https:\/\/www.peanutoem.com\/da\/wp-json\/wp\/v2\/media?parent=1555"}],"wp:term":[{"taxonomy":"product_cat","embeddable":true,"href":"https:\/\/www.peanutoem.com\/da\/wp-json\/wp\/v2\/product_cat?post=1555"},{"taxonomy":"product_tag","embeddable":true,"href":"https:\/\/www.peanutoem.com\/da\/wp-json\/wp\/v2\/product_tag?post=1555"}],"curies":[{"name":"wp","href":"https:\/\/api.w.org\/{rel}","templated":true}]}}