{"id":1556,"date":"2024-09-02T14:00:57","date_gmt":"2024-09-02T14:00:57","guid":{"rendered":"https:\/\/www.peanutoem.com\/?post_type=product&#038;p=1556"},"modified":"2024-09-28T04:23:49","modified_gmt":"2024-09-28T04:23:49","slug":"roasted-peanut-powder","status":"publish","type":"product","link":"https:\/\/www.peanutoem.com\/da\/manufacturer\/roasted-peanut-powder\/","title":{"rendered":"Br\u00e6ndt jordn\u00f8ddepulver"},"content":{"rendered":"<h3>Hvad er ristet jordn\u00f8ddepulver?<\/h3>\n<p>Ristet jordn\u00f8ddepulver fremstilles ved at finmale jordn\u00f8dder og forst\u00e6rke deres naturlige smag gennem en <a href=\"https:\/\/en.wikipedia.org\/wiki\/Roasting\" target=\"_blank\" rel=\"noopener\">stegning<\/a> behandle. Denne alsidige ingrediens er popul\u00e6r i f\u00f8devareindustrien og fungerer som en f\u00f8rsteklasses komponent i jordn\u00f8ddesnacks, bagv\u00e6rk, saucer og proteinpulvere. Ristningsprocessen forbedrer markant n\u00f8ddearomaen af jordn\u00f8dder, hvilket g\u00f8r dem til et foretrukket materiale for f\u00f8devareproducenter, der s\u00f8ger en rig jordn\u00f8ddesmag. Dens pulverform g\u00f8r den let at inkorporere i en r\u00e6kke forskellige opskrifter, hvilket bringer rig smag til f\u00f8devarer uden behov for yderligere vand.<\/p>\n<h3><img loading=\"lazy\" decoding=\"async\" class=\"alignnone wp-image-1719 size-full\" src=\"https:\/\/www.peanutoem.com\/wp-content\/uploads\/2024\/09\/Roasted-Peanut-Powder-in-Pouch.webp\" alt=\"Br\u00e6ndt jordn\u00f8ddepulver i pose\" width=\"912\" height=\"1128\" srcset=\"https:\/\/www.peanutoem.com\/wp-content\/uploads\/2024\/09\/Roasted-Peanut-Powder-in-Pouch.webp 912w, https:\/\/www.peanutoem.com\/wp-content\/uploads\/2024\/09\/Roasted-Peanut-Powder-in-Pouch-243x300.webp 243w, https:\/\/www.peanutoem.com\/wp-content\/uploads\/2024\/09\/Roasted-Peanut-Powder-in-Pouch-828x1024.webp 828w, https:\/\/www.peanutoem.com\/wp-content\/uploads\/2024\/09\/Roasted-Peanut-Powder-in-Pouch-768x950.webp 768w, https:\/\/www.peanutoem.com\/wp-content\/uploads\/2024\/09\/Roasted-Peanut-Powder-in-Pouch-10x12.webp 10w, https:\/\/www.peanutoem.com\/wp-content\/uploads\/2024\/09\/Roasted-Peanut-Powder-in-Pouch-600x742.webp 600w\" sizes=\"auto, (max-width: 912px) 100vw, 912px\" \/><\/h3>\n<h3>Alternative navne til ristet jordn\u00f8ddepulver<\/h3>\n<p>Roasted Peanut Powder er kendt under forskellige navne p\u00e5 markedet. Nogle almindelige alternativer omfatter:<\/p>\n<ul>\n<li>Jordn\u00f8ddemel<\/li>\n<li>Br\u00e6ndt jordn\u00f8ddepulver<\/li>\n<li>Jordn\u00f8ddem\u00e5ltid<\/li>\n<li>Br\u00e6ndt jordn\u00f8ddest\u00f8v<\/li>\n<li>Affedtet jordn\u00f8ddepulver<\/li>\n<\/ul>\n<div class=\"group\/conversation-turn relative flex w-full min-w-0 flex-col agent-turn\">\n<div class=\"flex-col gap-1 md:gap-3\">\n<h3>Relevante varme emner om ristet jordn\u00f8ddepulver<\/h3>\n<ul>\n<li data-pm-slice=\"0 0 []\"><strong>Glutenfri bageapplikationer:<\/strong> Flere bagere bruger ristet jordn\u00f8ddepulver som melerstatning i glutenfrie opskrifter, hvilket forbedrer b\u00e5de smag og ern\u00e6ring.<\/li>\n<li><strong>Sundhedsm\u00e6ssige fordele:<\/strong> Sundhedsbevidste forbrugere finder ristet jordn\u00f8ddepulver tiltalende p\u00e5 grund af dets h\u00f8je protein-, fiber- og sunde fedtindhold.<\/li>\n<li><strong>Stigende eftersp\u00f8rgsel efter plantebaseret protein:<\/strong> Efterh\u00e5nden som plantebaseret kost vokser, bliver ristet jordn\u00f8ddepulver en yndet proteinkilde for veganere og vegetarer.<\/li>\n<li><strong>Glutenfri bageapplikationer:<\/strong> Bagere v\u00e6lger i stigende grad ristet jordn\u00f8ddepulver som melerstatning i glutenfrie opskrifter, hvilket booster smag og ern\u00e6ring.<\/li>\n<li><strong>Anvendelser i innovativ f\u00f8devareindustri:<\/strong> Denne alsidige ingrediens forbedrer smagen og teksturen af forskellige produkter, fra energibarer til saucer.<\/li>\n<li><strong>Private Label muligheder:<\/strong> Mange m\u00e6rker v\u00e6lger private label jordn\u00f8ddeprodukter og tilbyder skr\u00e6ddersyede ristede jordn\u00f8ddepulverl\u00f8sninger med os som en p\u00e5lidelig OEM-partner.<\/li>\n<\/ul>\n<h3 class=\"flex max-w-full flex-col flex-grow\"><span style=\"font-size: 20.16px;\">Som en betroet leder inden for jordn\u00f8ddeforarbejdningsindustrien tilbyder vi premium ristet jordn\u00f8ddepulver til forskellige anvendelser. S\u00e5dan skiller vi os ud:<\/span><\/h3>\n<ul>\n<li><strong>State-of-the-art produktion:<\/strong> Vores avancerede produktionslinjer sikrer ristet jordn\u00f8ddepulver af h\u00f8j kvalitet med ensartet partikelst\u00f8rrelse og smag.<\/li>\n<li><strong>Skr\u00e6ddersyede l\u00f8sninger:<\/strong> Som OEM-producent leverer vi private label-tjenester, skr\u00e6ddersyede stegeniveauer og fleksible emballagemuligheder for at im\u00f8dekomme dine unikke behov.<\/li>\n<li><strong>Strenge kvalitetskontrol:<\/strong> Vi opretholder de h\u00f8jeste produktstandarder gennem strenge sensoriske, kemiske og mikrobielle tests i vores state-of-the-art laboratorier.<\/li>\n<li><strong>Certificeringer og overholdelse:<\/strong> Vores certificeringer \u2013 BRCGS, HACCP, Halal, Kosher og EU Organic \u2013 bekr\u00e6fter, at vi overholder strenge kvalitets- og sikkerhedsstandarder.<\/li>\n<li><strong>Global eksportekspertise:<\/strong> Med stor erfaring inden for international logistik garanterer vi en smidig og p\u00e5lidelig eksportproces til markeder verden over.<\/li>\n<li><strong>B\u00e6redygtighedsforpligtelse:<\/strong> Vi prioriterer b\u00e6redygtig indk\u00f8b og milj\u00f8venlig produktionspraksis, hvilket bidrager til en bedre fremtid for jordn\u00f8ddeindustrien.<\/li>\n<\/ul>\n<h3>Hvorfor v\u00e6lge os?<\/h3>\n<ul>\n<li><strong>Topvalg:<\/strong> Vores banebrydende teknologi, tilpasningsmuligheder og globale certificeringer g\u00f8r os til en f\u00f8rende leverand\u00f8r.<\/li>\n<li><strong>Brugerdefineret emballage:<\/strong> Vi tilbyder private label-tjenester for at skr\u00e6ddersy din emballage og branding til dine specifikationer.<\/li>\n<li><strong>Friskhedsforsikring:<\/strong> Vores temperaturkontrollerede lagerfaciliteter opretholder produktets friskhed under opbevaring og forsendelse.<\/li>\n<li><strong>Stegeniveauer:<\/strong> Nyd tilpasselige stegeniveauer fra lys til m\u00f8rk, udformet til at passe til dine smagspr\u00e6ferencer.<\/li>\n<li><strong>Masseordrer:<\/strong> Kontakt vores salgsteam for nemt at diskutere og opfylde dine behov for masseordre.<\/li>\n<li><strong>Industriapplikationer:<\/strong> Vores ristede jordn\u00f8ddepulver er popul\u00e6rt i bagning, snackfremstilling, proteintilskud, saucer og smagsstoffer.<\/li>\n<li><strong>Glutenfri:<\/strong> Naturligvis glutenfri, det er et glimrende valg til glutenfri f\u00f8devarer.<\/li>\n<li><strong>Tilg\u00e6ngelige pr\u00f8ver:<\/strong> Vi leverer pr\u00f8ver til potentielle kunder for at evaluere kvaliteten og egnetheden af vores produkt.<\/li>\n<li><strong>Global r\u00e6kkevidde:<\/strong> Vi eksporterer til markeder i Nordamerika, Europa, Asien og Mellem\u00f8sten, hvilket sikrer et robust internationalt forsyningsnetv\u00e6rk.<\/li>\n<\/ul>\n<a href=\"mailto:globepeanut@gmail.com\" class=\"button primary is-primary is-medium\"  >\n    <span>Email os<\/span>\n  <\/a>\n\n<\/div>\n<\/div>","protected":false},"excerpt":{"rendered":"<p>Vi er producent og leverand\u00f8r af br\u00e6ndt jordn\u00f8ddepulver i Kina<\/p>\n<p>\u2013 MOQ: 1 ton<br \/>\n\u2013 OEM\/ODM-service tilbydes<br \/>\n- Gratis pr\u00f8ve tilg\u00e6ngelig<br \/>\n- Accepter tilpasning (specifikationer, st\u00f8rrelser, farve, design osv.)<br \/>\n\u2013 Specifikationer (14 mesh mindre, eller som dit krav)<\/p>\n<p>Hvis du \u00f8nsker at f\u00e5 ristet jordn\u00f8ddepulver, s\u00e5 kontakt os venligst.<\/p>","protected":false},"featured_media":1714,"comment_status":"open","ping_status":"closed","template":"","meta":[],"product_cat":[37],"product_tag":[],"class_list":{"0":"post-1556","1":"product","2":"type-product","3":"status-publish","4":"has-post-thumbnail","6":"product_cat-roasted-peanut","8":"first","9":"instock","10":"shipping-taxable","11":"product-type-simple"},"yoast_head":"<!-- This site is optimized with the Yoast SEO plugin v24.9 - https:\/\/yoast.com\/wordpress\/plugins\/seo\/ -->\n<title>Roasted Peanut Powder Manufacturer - Peanut Butter Factory<\/title>\n<meta name=\"description\" content=\"We are a top OEM, private label manufacturer, and exporter of premium Roasted Peanut Powder, offering quality solutions globally.\" \/>\n<meta name=\"robots\" content=\"index, follow, max-snippet:-1, max-image-preview:large, max-video-preview:-1\" \/>\n<link rel=\"canonical\" href=\"https:\/\/www.peanutoem.com\/da\/manufacturer\/roasted-peanut-powder\/\" \/>\n<meta property=\"og:locale\" content=\"da_DK\" \/>\n<meta property=\"og:type\" content=\"article\" \/>\n<meta property=\"og:title\" content=\"Roasted Peanut Powder Manufacturer - Peanut Butter Factory\" \/>\n<meta property=\"og:description\" content=\"We are a top OEM, private label manufacturer, and exporter of premium Roasted Peanut Powder, offering quality solutions globally.\" \/>\n<meta property=\"og:url\" content=\"https:\/\/www.peanutoem.com\/da\/manufacturer\/roasted-peanut-powder\/\" \/>\n<meta property=\"og:site_name\" content=\"Peanut Butter Factory\" \/>\n<meta property=\"article:modified_time\" content=\"2024-09-28T04:23:49+00:00\" \/>\n<meta property=\"og:image\" content=\"https:\/\/www.peanutoem.com\/wp-content\/uploads\/2024\/09\/Roasted-Peanut-Powder.webp\" \/>\n\t<meta property=\"og:image:width\" content=\"551\" \/>\n\t<meta property=\"og:image:height\" content=\"472\" \/>\n\t<meta property=\"og:image:type\" content=\"image\/webp\" \/>\n<meta name=\"twitter:card\" content=\"summary_large_image\" \/>\n<meta name=\"twitter:label1\" content=\"Estimeret l\u00e6setid\" \/>\n\t<meta name=\"twitter:data1\" content=\"3 minutter\" \/>\n<script type=\"application\/ld+json\" class=\"yoast-schema-graph\">{\"@context\":\"https:\/\/schema.org\",\"@graph\":[{\"@type\":\"WebPage\",\"@id\":\"https:\/\/www.peanutoem.com\/manufacturer\/roasted-peanut-powder\/\",\"url\":\"https:\/\/www.peanutoem.com\/manufacturer\/roasted-peanut-powder\/\",\"name\":\"Roasted Peanut Powder Manufacturer - Peanut Butter Factory\",\"isPartOf\":{\"@id\":\"https:\/\/www.peanutoem.com\/#website\"},\"primaryImageOfPage\":{\"@id\":\"https:\/\/www.peanutoem.com\/manufacturer\/roasted-peanut-powder\/#primaryimage\"},\"image\":{\"@id\":\"https:\/\/www.peanutoem.com\/manufacturer\/roasted-peanut-powder\/#primaryimage\"},\"thumbnailUrl\":\"https:\/\/www.peanutoem.com\/wp-content\/uploads\/2024\/09\/Roasted-Peanut-Powder.webp\",\"datePublished\":\"2024-09-02T14:00:57+00:00\",\"dateModified\":\"2024-09-28T04:23:49+00:00\",\"description\":\"We are a top OEM, private label manufacturer, and exporter of premium Roasted Peanut Powder, offering quality solutions globally.\",\"breadcrumb\":{\"@id\":\"https:\/\/www.peanutoem.com\/manufacturer\/roasted-peanut-powder\/#breadcrumb\"},\"inLanguage\":\"da-DK\",\"potentialAction\":[{\"@type\":\"ReadAction\",\"target\":[\"https:\/\/www.peanutoem.com\/manufacturer\/roasted-peanut-powder\/\"]}]},{\"@type\":\"ImageObject\",\"inLanguage\":\"da-DK\",\"@id\":\"https:\/\/www.peanutoem.com\/manufacturer\/roasted-peanut-powder\/#primaryimage\",\"url\":\"https:\/\/www.peanutoem.com\/wp-content\/uploads\/2024\/09\/Roasted-Peanut-Powder.webp\",\"contentUrl\":\"https:\/\/www.peanutoem.com\/wp-content\/uploads\/2024\/09\/Roasted-Peanut-Powder.webp\",\"width\":551,\"height\":472,\"caption\":\"Roasted Peanut Powder\"},{\"@type\":\"BreadcrumbList\",\"@id\":\"https:\/\/www.peanutoem.com\/manufacturer\/roasted-peanut-powder\/#breadcrumb\",\"itemListElement\":[{\"@type\":\"ListItem\",\"position\":1,\"name\":\"Home\",\"item\":\"https:\/\/www.peanutoem.com\/\"},{\"@type\":\"ListItem\",\"position\":2,\"name\":\"Products\",\"item\":\"https:\/\/www.peanutoem.com\/shop\/\"},{\"@type\":\"ListItem\",\"position\":3,\"name\":\"Roasted Peanut Powder\"}]},{\"@type\":\"WebSite\",\"@id\":\"https:\/\/www.peanutoem.com\/#website\",\"url\":\"https:\/\/www.peanutoem.com\/\",\"name\":\"Peanut Butter Factory\",\"description\":\"Peanut Butter Manufacturer and Roast Peanut OEM Factory | Peanut Private Label China Supplier\",\"publisher\":{\"@id\":\"https:\/\/www.peanutoem.com\/#organization\"},\"alternateName\":\"Peanut Butter OEM and Wholesale\",\"potentialAction\":[{\"@type\":\"SearchAction\",\"target\":{\"@type\":\"EntryPoint\",\"urlTemplate\":\"https:\/\/www.peanutoem.com\/?s={search_term_string}\"},\"query-input\":{\"@type\":\"PropertyValueSpecification\",\"valueRequired\":true,\"valueName\":\"search_term_string\"}}],\"inLanguage\":\"da-DK\"},{\"@type\":\"Organization\",\"@id\":\"https:\/\/www.peanutoem.com\/#organization\",\"name\":\"Peanut Butter Factory\",\"alternateName\":\"JuFeng Group\",\"url\":\"https:\/\/www.peanutoem.com\/\",\"logo\":{\"@type\":\"ImageObject\",\"inLanguage\":\"da-DK\",\"@id\":\"https:\/\/www.peanutoem.com\/#\/schema\/logo\/image\/\",\"url\":\"https:\/\/www.peanutoem.com\/wp-content\/uploads\/2024\/09\/JUFENG-LOGO.png\",\"contentUrl\":\"https:\/\/www.peanutoem.com\/wp-content\/uploads\/2024\/09\/JUFENG-LOGO.png\",\"width\":600,\"height\":170,\"caption\":\"Peanut Butter Factory\"},\"image\":{\"@id\":\"https:\/\/www.peanutoem.com\/#\/schema\/logo\/image\/\"}}]}<\/script>\n<!-- \/ Yoast SEO plugin. -->","yoast_head_json":{"title":"Roasted Peanut Powder Manufacturer - Peanut Butter Factory","description":"We are a top OEM, private label manufacturer, and exporter of premium Roasted Peanut Powder, offering quality solutions globally.","robots":{"index":"index","follow":"follow","max-snippet":"max-snippet:-1","max-image-preview":"max-image-preview:large","max-video-preview":"max-video-preview:-1"},"canonical":"https:\/\/www.peanutoem.com\/da\/manufacturer\/roasted-peanut-powder\/","og_locale":"da_DK","og_type":"article","og_title":"Roasted Peanut Powder Manufacturer - Peanut Butter Factory","og_description":"We are a top OEM, private label manufacturer, and exporter of premium Roasted Peanut Powder, offering quality solutions globally.","og_url":"https:\/\/www.peanutoem.com\/da\/manufacturer\/roasted-peanut-powder\/","og_site_name":"Peanut Butter Factory","article_modified_time":"2024-09-28T04:23:49+00:00","og_image":[{"width":551,"height":472,"url":"https:\/\/www.peanutoem.com\/wp-content\/uploads\/2024\/09\/Roasted-Peanut-Powder.webp","type":"image\/webp"}],"twitter_card":"summary_large_image","twitter_misc":{"Estimeret l\u00e6setid":"3 minutter"},"schema":{"@context":"https:\/\/schema.org","@graph":[{"@type":"WebPage","@id":"https:\/\/www.peanutoem.com\/manufacturer\/roasted-peanut-powder\/","url":"https:\/\/www.peanutoem.com\/manufacturer\/roasted-peanut-powder\/","name":"Roasted Peanut Powder Manufacturer - Peanut Butter Factory","isPartOf":{"@id":"https:\/\/www.peanutoem.com\/#website"},"primaryImageOfPage":{"@id":"https:\/\/www.peanutoem.com\/manufacturer\/roasted-peanut-powder\/#primaryimage"},"image":{"@id":"https:\/\/www.peanutoem.com\/manufacturer\/roasted-peanut-powder\/#primaryimage"},"thumbnailUrl":"https:\/\/www.peanutoem.com\/wp-content\/uploads\/2024\/09\/Roasted-Peanut-Powder.webp","datePublished":"2024-09-02T14:00:57+00:00","dateModified":"2024-09-28T04:23:49+00:00","description":"We are a top OEM, private label manufacturer, and exporter of premium Roasted Peanut Powder, offering quality solutions globally.","breadcrumb":{"@id":"https:\/\/www.peanutoem.com\/manufacturer\/roasted-peanut-powder\/#breadcrumb"},"inLanguage":"da-DK","potentialAction":[{"@type":"ReadAction","target":["https:\/\/www.peanutoem.com\/manufacturer\/roasted-peanut-powder\/"]}]},{"@type":"ImageObject","inLanguage":"da-DK","@id":"https:\/\/www.peanutoem.com\/manufacturer\/roasted-peanut-powder\/#primaryimage","url":"https:\/\/www.peanutoem.com\/wp-content\/uploads\/2024\/09\/Roasted-Peanut-Powder.webp","contentUrl":"https:\/\/www.peanutoem.com\/wp-content\/uploads\/2024\/09\/Roasted-Peanut-Powder.webp","width":551,"height":472,"caption":"Roasted Peanut Powder"},{"@type":"BreadcrumbList","@id":"https:\/\/www.peanutoem.com\/manufacturer\/roasted-peanut-powder\/#breadcrumb","itemListElement":[{"@type":"ListItem","position":1,"name":"Home","item":"https:\/\/www.peanutoem.com\/"},{"@type":"ListItem","position":2,"name":"Products","item":"https:\/\/www.peanutoem.com\/shop\/"},{"@type":"ListItem","position":3,"name":"Roasted Peanut Powder"}]},{"@type":"WebSite","@id":"https:\/\/www.peanutoem.com\/#website","url":"https:\/\/www.peanutoem.com\/","name":"Peanut Butter Factory","description":"Peanut Butter Manufacturer and Roast Peanut OEM Factory | Peanut Private Label China Supplier","publisher":{"@id":"https:\/\/www.peanutoem.com\/#organization"},"alternateName":"Peanut Butter OEM and Wholesale","potentialAction":[{"@type":"SearchAction","target":{"@type":"EntryPoint","urlTemplate":"https:\/\/www.peanutoem.com\/?s={search_term_string}"},"query-input":{"@type":"PropertyValueSpecification","valueRequired":true,"valueName":"search_term_string"}}],"inLanguage":"da-DK"},{"@type":"Organization","@id":"https:\/\/www.peanutoem.com\/#organization","name":"Peanut Butter Factory","alternateName":"JuFeng Group","url":"https:\/\/www.peanutoem.com\/","logo":{"@type":"ImageObject","inLanguage":"da-DK","@id":"https:\/\/www.peanutoem.com\/#\/schema\/logo\/image\/","url":"https:\/\/www.peanutoem.com\/wp-content\/uploads\/2024\/09\/JUFENG-LOGO.png","contentUrl":"https:\/\/www.peanutoem.com\/wp-content\/uploads\/2024\/09\/JUFENG-LOGO.png","width":600,"height":170,"caption":"Peanut Butter Factory"},"image":{"@id":"https:\/\/www.peanutoem.com\/#\/schema\/logo\/image\/"}}]}},"_links":{"self":[{"href":"https:\/\/www.peanutoem.com\/da\/wp-json\/wp\/v2\/product\/1556","targetHints":{"allow":["GET"]}}],"collection":[{"href":"https:\/\/www.peanutoem.com\/da\/wp-json\/wp\/v2\/product"}],"about":[{"href":"https:\/\/www.peanutoem.com\/da\/wp-json\/wp\/v2\/types\/product"}],"replies":[{"embeddable":true,"href":"https:\/\/www.peanutoem.com\/da\/wp-json\/wp\/v2\/comments?post=1556"}],"wp:featuredmedia":[{"embeddable":true,"href":"https:\/\/www.peanutoem.com\/da\/wp-json\/wp\/v2\/media\/1714"}],"wp:attachment":[{"href":"https:\/\/www.peanutoem.com\/da\/wp-json\/wp\/v2\/media?parent=1556"}],"wp:term":[{"taxonomy":"product_cat","embeddable":true,"href":"https:\/\/www.peanutoem.com\/da\/wp-json\/wp\/v2\/product_cat?post=1556"},{"taxonomy":"product_tag","embeddable":true,"href":"https:\/\/www.peanutoem.com\/da\/wp-json\/wp\/v2\/product_tag?post=1556"}],"curies":[{"name":"wp","href":"https:\/\/api.w.org\/{rel}","templated":true}]}}