{"id":1638,"date":"2024-09-10T12:30:11","date_gmt":"2024-09-10T12:30:11","guid":{"rendered":"https:\/\/www.peanutoem.com\/?post_type=product&#038;p=1638"},"modified":"2024-10-06T09:55:00","modified_gmt":"2024-10-06T09:55:00","slug":"chocolate-peanut-butter","status":"publish","type":"product","link":"https:\/\/www.peanutoem.com\/da\/manufacturer\/chocolate-peanut-butter\/","title":{"rendered":"Chokolade jordn\u00f8ddesm\u00f8r"},"content":{"rendered":"<h3>Hvad er Chokolade Peanut Butter?<\/h3>\n<p>Chokolade jordn\u00f8ddesm\u00f8r er en l\u00e6kker fusion af cremet jordn\u00f8ddesm\u00f8r og rig <a href=\"https:\/\/en.wikipedia.org\/wiki\/Chocolate\" target=\"_blank\" rel=\"noopener\">chokolade<\/a>, hvilket skaber et s\u00f8dt og krydret sm\u00f8rep\u00e5l\u00e6g, der appellerer til en lang r\u00e6kke smagspr\u00e6ferencer. Denne l\u00e6kre blanding er perfekt til at sm\u00f8re p\u00e5 br\u00f8d, bruge i desserter eller blot nydes med en skefuld. Kombinationen af jordn\u00f8dder og chokolade tilbyder en afbalanceret l\u00e6kkerbisken, der tilfredsstiller b\u00e5de n\u00f8ddesm\u00f8r-entusiaster og chokoladeelskere.<\/p>\n<h3>Hvad er andre navne for chokolade i jordn\u00f8ddesm\u00f8r?<\/h3>\n<p>Chokolade jordn\u00f8ddesm\u00f8r omtales ofte med forskellige navne baseret p\u00e5 dets smag og brug. Nogle alternative navne inkluderer:<\/p>\n<ul>\n<li>Jordn\u00f8ddesm\u00f8r med chokoladesmag<\/li>\n<li>Kakao jordn\u00f8ddesm\u00f8r p\u00e5l\u00e6g<\/li>\n<li>Kakao jordn\u00f8ddesm\u00f8r<\/li>\n<li>Choko-jordn\u00f8ddep\u00e5l\u00e6g<\/li>\n<li>Jordn\u00f8ddesm\u00f8r med chokolade<\/li>\n<li>N\u00f8ddeagtig chokoladep\u00e5l\u00e6g<\/li>\n<li>Chokolade-infunderet jordn\u00f8ddesm\u00f8r<\/li>\n<li>N\u00f8ddeagtig chokoladep\u00e5l\u00e6g<\/li>\n<\/ul>\n<p>Disse navne fremh\u00e6ver den dejlige blanding af chokolade og jordn\u00f8ddesm\u00f8r, hvilket g\u00f8r den tiltalende for forbrugere p\u00e5 tv\u00e6rs af forskellige markeder.<\/p>\n<h3><img loading=\"lazy\" decoding=\"async\" class=\"alignnone wp-image-1682 size-full\" src=\"https:\/\/www.peanutoem.com\/wp-content\/uploads\/2024\/09\/Chocolate-Peanut-Butter-on-Bread.webp\" alt=\"Chokolade jordn\u00f8ddesm\u00f8r p\u00e5 br\u00f8d\" width=\"912\" height=\"1144\" srcset=\"https:\/\/www.peanutoem.com\/wp-content\/uploads\/2024\/09\/Chocolate-Peanut-Butter-on-Bread.webp 912w, https:\/\/www.peanutoem.com\/wp-content\/uploads\/2024\/09\/Chocolate-Peanut-Butter-on-Bread-239x300.webp 239w, https:\/\/www.peanutoem.com\/wp-content\/uploads\/2024\/09\/Chocolate-Peanut-Butter-on-Bread-816x1024.webp 816w, https:\/\/www.peanutoem.com\/wp-content\/uploads\/2024\/09\/Chocolate-Peanut-Butter-on-Bread-768x963.webp 768w, https:\/\/www.peanutoem.com\/wp-content\/uploads\/2024\/09\/Chocolate-Peanut-Butter-on-Bread-10x12.webp 10w, https:\/\/www.peanutoem.com\/wp-content\/uploads\/2024\/09\/Chocolate-Peanut-Butter-on-Bread-600x753.webp 600w\" sizes=\"auto, (max-width: 912px) 100vw, 912px\" \/><\/h3>\n<h3>Hvorfor v\u00e6lge os som din partnerleverand\u00f8r?<\/h3>\n<p>Vi er den f\u00f8rende OEM private label producent og eksport\u00f8r af chokolade jordn\u00f8ddesm\u00f8r.<\/p>\n<ul>\n<li><strong>Tilpasningsekspertise:<\/strong> Vi tilbyder fuldt skr\u00e6ddersyede formuleringer, der matcher dine specifikke smags-, tekstur- og emballagekrav.<\/li>\n<li><strong>Premium ingredienser:<\/strong> Bruger kun jordn\u00f8dder og chokolade af fineste kvalitet.<\/li>\n<li><strong>Avanceret fremstilling:<\/strong> Vores state-of-the-art faciliteter er udstyret med avancerede produktionslinjer fra USA, hvilket sikrer ensartet kvalitet og effektivitet i hver batch.<\/li>\n<li><strong>Certificeringer og kvalitetssikring:<\/strong> Vi har en r\u00e6kke certificeringer, herunder BRCGS, Kosher, Halal og HACCP, der garanterer overholdelse af internationale sikkerheds- og kvalitetsstandarder.<\/li>\n<li><strong>Global distribution:<\/strong> Med stor erfaring i international handel eksporterer vi chokolade-jordn\u00f8ddesm\u00f8r til markeder over hele verden, hvilket sikrer smidig logistik og rettidig levering.<\/li>\n<\/ul>\n<h3>Hotte emner<\/h3>\n<div class=\"group\/conversation-turn relative flex w-full min-w-0 flex-col agent-turn\">\n<div class=\"flex-col gap-1 md:gap-3\">\n<div class=\"flex max-w-full flex-col flex-grow\">\n<div class=\"min-h-8 text-message flex w-full flex-col items-end gap-2 whitespace-normal break-words [.text-message+&amp;]:mt-5\" dir=\"auto\" data-message-author-role=\"assistant\" data-message-id=\"61c5f9c1-377c-4081-b461-888734723e68\">\n<div class=\"flex w-full flex-col gap-1 empty:hidden first:pt-[3px]\">\n<div class=\"markdown prose w-full break-words dark:prose-invert dark\">\n<ul>\n<li><span style=\"color: #282828;\"><strong>I desserter<\/strong><\/span><br \/>\n<span style=\"color: #282828;\">Jordn\u00f8ddesm\u00f8r med chokolade fungerer som en alsidig ingrediens, der markant forbedrer kvaliteten og smagen af desserter som kager, brownies og is. Dens cremede tekstur og rige smag g\u00f8r den til en fremragende ledsager til bagv\u00e6rk og konfekture.<\/span><\/li>\n<li><span style=\"color: #282828;\"><strong>Sundhedsm\u00e6ssige fordele<\/strong><\/span><br \/>\n<span style=\"color: #282828;\">Ud over dens uimodst\u00e5elige l\u00e6kkerhed er dette sm\u00f8rep\u00e5l\u00e6g rig p\u00e5 protein, sunde fedtstoffer og fibre, hvilket giver ern\u00e6ringsm\u00e6ssig st\u00f8tte til kroppen. N\u00e5r den er fremstillet med m\u00f8rk chokolade, tilf\u00f8jer den antioxidantegenskaber, hvilket giver produktet en sund appel, der tiltr\u00e6kker sundhedsbevidste forbrugere.<\/span><\/li>\n<li><span style=\"color: #282828;\"><strong>Global popularitet<\/strong><\/span><br \/>\n<span style=\"color: #282828;\">Efterh\u00e5nden som forbrugerne i stigende grad s\u00f8ger snacks, der tilfredsstiller deres smagsl\u00f8g og samtidig er n\u00e6rende, har chokolade-jordn\u00f8ddesm\u00f8r vundet enorm popularitet p\u00e5 det globale marked. Den kombinerer med succes smag og ern\u00e6ring, og opn\u00e5r udbredt beundring fra b\u00e5de b\u00f8rn og voksne.<\/span><\/li>\n<li><span style=\"color: #282828;\"><strong>Kreative anvendelser<\/strong><\/span><br \/>\n<span style=\"color: #282828;\">Ud over traditionelle kombinationer som toast eller sandwich, kan denne ingrediens kreativt inkorporeres i smoothies, energibarer eller bruges som fyld til kager. Dens unikke smagstilpasningsevne g\u00f8r, at den kan skinne i b\u00e5de s\u00f8de og salte retter, hvilket g\u00f8r den til en fast bestanddel i mange hjemmek\u00f8kkener.<\/span><\/li>\n<\/ul>\n<\/div>\n<\/div>\n<\/div>\n<\/div>\n<\/div>\n<\/div>\n<hr \/>\n<h3><img loading=\"lazy\" decoding=\"async\" class=\"alignnone wp-image-1683 size-full\" src=\"https:\/\/www.peanutoem.com\/wp-content\/uploads\/2024\/09\/Chocolate-Peanut-Butter-Served.webp\" alt=\"Chokolade jordn\u00f8ddesm\u00f8r serveret\" width=\"896\" height=\"1152\" srcset=\"https:\/\/www.peanutoem.com\/wp-content\/uploads\/2024\/09\/Chocolate-Peanut-Butter-Served.webp 896w, https:\/\/www.peanutoem.com\/wp-content\/uploads\/2024\/09\/Chocolate-Peanut-Butter-Served-233x300.webp 233w, https:\/\/www.peanutoem.com\/wp-content\/uploads\/2024\/09\/Chocolate-Peanut-Butter-Served-796x1024.webp 796w, https:\/\/www.peanutoem.com\/wp-content\/uploads\/2024\/09\/Chocolate-Peanut-Butter-Served-768x987.webp 768w, https:\/\/www.peanutoem.com\/wp-content\/uploads\/2024\/09\/Chocolate-Peanut-Butter-Served-9x12.webp 9w, https:\/\/www.peanutoem.com\/wp-content\/uploads\/2024\/09\/Chocolate-Peanut-Butter-Served-600x771.webp 600w\" sizes=\"auto, (max-width: 896px) 100vw, 896px\" \/><\/h3>\n<h3>Ofte stillede sp\u00f8rgsm\u00e5l om chokolade jordn\u00f8ddesm\u00f8r<\/h3>\n<ol>\n<li><strong>Som en f\u00f8rende OEM-producent, hvad er din kernekonkurrencefordel?<\/strong><br \/>\nVi skiller os ud, fordi vi tilbyder forskellige tilpasningstjenester, v\u00e6lger ingredienser af h\u00f8j kvalitet og bruger avanceret produktionsteknologi. Dette sikrer, at hvert parti jordn\u00f8ddesm\u00f8r udm\u00e6rker sig p\u00e5 markedet og opfylder vores kunders unikke behov.<\/li>\n<li><strong>Kan du justere forholdet mellem chokolade og jordn\u00f8dde i henhold til mine specifikationer og oprette en tilpasset formel til mit brand?<\/strong><br \/>\nAbsolut! Vi leverer omfattende smagstilpasningstjenester for at hj\u00e6lpe dig med at finde den perfekte balance mellem chokolade og jordn\u00f8dder, samtidig med at vi udvikler en unik formel, der forbedrer dit brands konkurrenceevne p\u00e5 markedet.<\/li>\n<li><strong>Hvilke emballagemuligheder tilbyder du?<\/strong><br \/>\nVi tilbyder en r\u00e6kke forskellige emballagel\u00f8sninger, herunder elegante krukker, praktiske squeeze-poser og bulkbeholdere, der egner sig til stor opbevaring. Al emballage kan personligg\u00f8res for at afspejle dit brands identitet og marketingstrategi.<\/li>\n<li><strong>Tilbyder du \u00f8kologisk chokolade-peanutbutter, og hvordan sikrer du produktkvaliteten?<\/strong><br \/>\nJa, vi producerer EU Organic Certified Peanut Butter, lavet med ingredienser, der opfylder \u00f8kologiske standarder. Derudover har vi etableret et strengt kvalitetsstyringssystem, inklusive interne laboratorietests, for at sikre, at hver batch lever op til de h\u00f8jeste standarder for smag, tekstur og sikkerhed.<\/li>\n<li><strong>Kan jeg anmode om pr\u00f8ver til smagning, f\u00f8r jeg foretager en stor ordre, og st\u00f8tter du global eksport?<\/strong><br \/>\nSikkert! Vi leverer gerne pr\u00f8vepartier til din evaluering f\u00f8r fuld produktion. Desuden har vi stor erfaring med global eksport, der sikrer, at dine produkter kommer sikkert og til tiden rundt om i verden.<\/li>\n<\/ol>\n<a href=\"mailto:globepeanut@gmail.com\" class=\"button primary is-primary is-medium\"  >\n    <span>Email os<\/span>\n  <\/a>","protected":false},"excerpt":{"rendered":"<table width=\"564\">\n<tbody>\n<tr>\n<td width=\"113\"><strong>Produktnavn<\/strong><\/td>\n<td width=\"402\">Chokolade jordn\u00f8ddesm\u00f8r<\/td>\n<\/tr>\n<tr>\n<td width=\"113\"><strong>Specifikationer<\/strong><\/td>\n<td width=\"402\">200gx36, 227gx24, 340gx12, 375gx12, 500gx12, 510gx12, 1kgx12, 10kgx1, 20kgx1, 220kgx1<\/td>\n<\/tr>\n<tr>\n<td width=\"113\"><strong>Pakkeformular<\/strong><\/td>\n<td width=\"402\">Krukke, spand, doy-pakke, taske, karton, d\u00e5se, t\u00f8nde, d\u00e5se, flaske osv<\/td>\n<\/tr>\n<tr>\n<td width=\"113\"><strong>Leveringstid<\/strong><\/td>\n<td width=\"402\">7 ~ 20 dage efter bestilling<\/td>\n<\/tr>\n<tr>\n<td width=\"113\"><strong>MOQ<\/strong><\/td>\n<td width=\"402\">Et ton<\/td>\n<\/tr>\n<tr>\n<td width=\"113\"><strong>Pr\u00f8ve<\/strong><\/td>\n<td width=\"402\">Gratis pr\u00f8ve tilg\u00e6ngelig<\/td>\n<\/tr>\n<tr>\n<td width=\"113\"><strong>OEM<\/strong><\/td>\n<td width=\"402\">K\u00f8bers etiket accepteret<\/td>\n<\/tr>\n<\/tbody>\n<\/table>\n<p>&nbsp;<\/p>","protected":false},"featured_media":1671,"comment_status":"open","ping_status":"closed","template":"","meta":[],"product_cat":[15],"product_tag":[],"class_list":{"0":"post-1638","1":"product","2":"type-product","3":"status-publish","4":"has-post-thumbnail","6":"product_cat-peanut-butter","8":"first","9":"instock","10":"shipping-taxable","11":"product-type-simple"},"yoast_head":"<!-- This site is optimized with the Yoast SEO plugin v24.9 - https:\/\/yoast.com\/wordpress\/plugins\/seo\/ -->\n<title>Chocolate Peanut Butter Manufacturer OEM - China Peanut Butter Factory<\/title>\n<meta name=\"description\" content=\"Leading chocolate peanut butter OEM private label manufacturer and exporter. Discover premium, customized chocolate peanut butter from us.\" \/>\n<meta name=\"robots\" content=\"index, follow, max-snippet:-1, max-image-preview:large, max-video-preview:-1\" \/>\n<link rel=\"canonical\" href=\"https:\/\/www.peanutoem.com\/da\/manufacturer\/chocolate-peanut-butter\/\" \/>\n<meta property=\"og:locale\" content=\"da_DK\" \/>\n<meta property=\"og:type\" content=\"article\" \/>\n<meta property=\"og:title\" content=\"Chocolate Peanut Butter Manufacturer OEM - China Peanut Butter Factory\" \/>\n<meta property=\"og:description\" content=\"Leading chocolate peanut butter OEM private label manufacturer and exporter. Discover premium, customized chocolate peanut butter from us.\" \/>\n<meta property=\"og:url\" content=\"https:\/\/www.peanutoem.com\/da\/manufacturer\/chocolate-peanut-butter\/\" \/>\n<meta property=\"og:site_name\" content=\"Peanut Butter Factory\" \/>\n<meta property=\"article:modified_time\" content=\"2024-10-06T09:55:00+00:00\" \/>\n<meta property=\"og:image\" content=\"https:\/\/www.peanutoem.com\/wp-content\/uploads\/2024\/09\/Peanut-Butter-Chocolate-Flavor.webp\" \/>\n\t<meta property=\"og:image:width\" content=\"819\" \/>\n\t<meta property=\"og:image:height\" content=\"975\" \/>\n\t<meta property=\"og:image:type\" content=\"image\/webp\" \/>\n<meta name=\"twitter:card\" content=\"summary_large_image\" \/>\n<meta name=\"twitter:label1\" content=\"Estimeret l\u00e6setid\" \/>\n\t<meta name=\"twitter:data1\" content=\"4 minutter\" \/>\n<script type=\"application\/ld+json\" class=\"yoast-schema-graph\">{\"@context\":\"https:\/\/schema.org\",\"@graph\":[{\"@type\":\"WebPage\",\"@id\":\"https:\/\/www.peanutoem.com\/manufacturer\/chocolate-peanut-butter\/\",\"url\":\"https:\/\/www.peanutoem.com\/manufacturer\/chocolate-peanut-butter\/\",\"name\":\"Chocolate Peanut Butter Manufacturer OEM - China Peanut Butter Factory\",\"isPartOf\":{\"@id\":\"https:\/\/www.peanutoem.com\/#website\"},\"primaryImageOfPage\":{\"@id\":\"https:\/\/www.peanutoem.com\/manufacturer\/chocolate-peanut-butter\/#primaryimage\"},\"image\":{\"@id\":\"https:\/\/www.peanutoem.com\/manufacturer\/chocolate-peanut-butter\/#primaryimage\"},\"thumbnailUrl\":\"https:\/\/www.peanutoem.com\/wp-content\/uploads\/2024\/09\/Peanut-Butter-Chocolate-Flavor.webp\",\"datePublished\":\"2024-09-10T12:30:11+00:00\",\"dateModified\":\"2024-10-06T09:55:00+00:00\",\"description\":\"Leading chocolate peanut butter OEM private label manufacturer and exporter. Discover premium, customized chocolate peanut butter from us.\",\"breadcrumb\":{\"@id\":\"https:\/\/www.peanutoem.com\/manufacturer\/chocolate-peanut-butter\/#breadcrumb\"},\"inLanguage\":\"da-DK\",\"potentialAction\":[{\"@type\":\"ReadAction\",\"target\":[\"https:\/\/www.peanutoem.com\/manufacturer\/chocolate-peanut-butter\/\"]}]},{\"@type\":\"ImageObject\",\"inLanguage\":\"da-DK\",\"@id\":\"https:\/\/www.peanutoem.com\/manufacturer\/chocolate-peanut-butter\/#primaryimage\",\"url\":\"https:\/\/www.peanutoem.com\/wp-content\/uploads\/2024\/09\/Peanut-Butter-Chocolate-Flavor.webp\",\"contentUrl\":\"https:\/\/www.peanutoem.com\/wp-content\/uploads\/2024\/09\/Peanut-Butter-Chocolate-Flavor.webp\",\"width\":819,\"height\":975,\"caption\":\"Peanut Butter Chocolate Flavor\"},{\"@type\":\"BreadcrumbList\",\"@id\":\"https:\/\/www.peanutoem.com\/manufacturer\/chocolate-peanut-butter\/#breadcrumb\",\"itemListElement\":[{\"@type\":\"ListItem\",\"position\":1,\"name\":\"Home\",\"item\":\"https:\/\/www.peanutoem.com\/\"},{\"@type\":\"ListItem\",\"position\":2,\"name\":\"Products\",\"item\":\"https:\/\/www.peanutoem.com\/shop\/\"},{\"@type\":\"ListItem\",\"position\":3,\"name\":\"Chocolate Peanut Butter\"}]},{\"@type\":\"WebSite\",\"@id\":\"https:\/\/www.peanutoem.com\/#website\",\"url\":\"https:\/\/www.peanutoem.com\/\",\"name\":\"Peanut Butter Factory\",\"description\":\"Peanut Butter Manufacturer and Roast Peanut OEM Factory | Peanut Private Label China Supplier\",\"publisher\":{\"@id\":\"https:\/\/www.peanutoem.com\/#organization\"},\"alternateName\":\"Peanut Butter OEM and Wholesale\",\"potentialAction\":[{\"@type\":\"SearchAction\",\"target\":{\"@type\":\"EntryPoint\",\"urlTemplate\":\"https:\/\/www.peanutoem.com\/?s={search_term_string}\"},\"query-input\":{\"@type\":\"PropertyValueSpecification\",\"valueRequired\":true,\"valueName\":\"search_term_string\"}}],\"inLanguage\":\"da-DK\"},{\"@type\":\"Organization\",\"@id\":\"https:\/\/www.peanutoem.com\/#organization\",\"name\":\"Peanut Butter Factory\",\"alternateName\":\"JuFeng Group\",\"url\":\"https:\/\/www.peanutoem.com\/\",\"logo\":{\"@type\":\"ImageObject\",\"inLanguage\":\"da-DK\",\"@id\":\"https:\/\/www.peanutoem.com\/#\/schema\/logo\/image\/\",\"url\":\"https:\/\/www.peanutoem.com\/wp-content\/uploads\/2024\/09\/JUFENG-LOGO.png\",\"contentUrl\":\"https:\/\/www.peanutoem.com\/wp-content\/uploads\/2024\/09\/JUFENG-LOGO.png\",\"width\":600,\"height\":170,\"caption\":\"Peanut Butter Factory\"},\"image\":{\"@id\":\"https:\/\/www.peanutoem.com\/#\/schema\/logo\/image\/\"}}]}<\/script>\n<!-- \/ Yoast SEO plugin. -->","yoast_head_json":{"title":"Chocolate Peanut Butter Manufacturer OEM - China Peanut Butter Factory","description":"Leading chocolate peanut butter OEM private label manufacturer and exporter. Discover premium, customized chocolate peanut butter from us.","robots":{"index":"index","follow":"follow","max-snippet":"max-snippet:-1","max-image-preview":"max-image-preview:large","max-video-preview":"max-video-preview:-1"},"canonical":"https:\/\/www.peanutoem.com\/da\/manufacturer\/chocolate-peanut-butter\/","og_locale":"da_DK","og_type":"article","og_title":"Chocolate Peanut Butter Manufacturer OEM - China Peanut Butter Factory","og_description":"Leading chocolate peanut butter OEM private label manufacturer and exporter. Discover premium, customized chocolate peanut butter from us.","og_url":"https:\/\/www.peanutoem.com\/da\/manufacturer\/chocolate-peanut-butter\/","og_site_name":"Peanut Butter Factory","article_modified_time":"2024-10-06T09:55:00+00:00","og_image":[{"width":819,"height":975,"url":"https:\/\/www.peanutoem.com\/wp-content\/uploads\/2024\/09\/Peanut-Butter-Chocolate-Flavor.webp","type":"image\/webp"}],"twitter_card":"summary_large_image","twitter_misc":{"Estimeret l\u00e6setid":"4 minutter"},"schema":{"@context":"https:\/\/schema.org","@graph":[{"@type":"WebPage","@id":"https:\/\/www.peanutoem.com\/manufacturer\/chocolate-peanut-butter\/","url":"https:\/\/www.peanutoem.com\/manufacturer\/chocolate-peanut-butter\/","name":"Chocolate Peanut Butter Manufacturer OEM - China Peanut Butter Factory","isPartOf":{"@id":"https:\/\/www.peanutoem.com\/#website"},"primaryImageOfPage":{"@id":"https:\/\/www.peanutoem.com\/manufacturer\/chocolate-peanut-butter\/#primaryimage"},"image":{"@id":"https:\/\/www.peanutoem.com\/manufacturer\/chocolate-peanut-butter\/#primaryimage"},"thumbnailUrl":"https:\/\/www.peanutoem.com\/wp-content\/uploads\/2024\/09\/Peanut-Butter-Chocolate-Flavor.webp","datePublished":"2024-09-10T12:30:11+00:00","dateModified":"2024-10-06T09:55:00+00:00","description":"Leading chocolate peanut butter OEM private label manufacturer and exporter. Discover premium, customized chocolate peanut butter from us.","breadcrumb":{"@id":"https:\/\/www.peanutoem.com\/manufacturer\/chocolate-peanut-butter\/#breadcrumb"},"inLanguage":"da-DK","potentialAction":[{"@type":"ReadAction","target":["https:\/\/www.peanutoem.com\/manufacturer\/chocolate-peanut-butter\/"]}]},{"@type":"ImageObject","inLanguage":"da-DK","@id":"https:\/\/www.peanutoem.com\/manufacturer\/chocolate-peanut-butter\/#primaryimage","url":"https:\/\/www.peanutoem.com\/wp-content\/uploads\/2024\/09\/Peanut-Butter-Chocolate-Flavor.webp","contentUrl":"https:\/\/www.peanutoem.com\/wp-content\/uploads\/2024\/09\/Peanut-Butter-Chocolate-Flavor.webp","width":819,"height":975,"caption":"Peanut Butter Chocolate Flavor"},{"@type":"BreadcrumbList","@id":"https:\/\/www.peanutoem.com\/manufacturer\/chocolate-peanut-butter\/#breadcrumb","itemListElement":[{"@type":"ListItem","position":1,"name":"Home","item":"https:\/\/www.peanutoem.com\/"},{"@type":"ListItem","position":2,"name":"Products","item":"https:\/\/www.peanutoem.com\/shop\/"},{"@type":"ListItem","position":3,"name":"Chocolate Peanut Butter"}]},{"@type":"WebSite","@id":"https:\/\/www.peanutoem.com\/#website","url":"https:\/\/www.peanutoem.com\/","name":"Peanut Butter Factory","description":"Peanut Butter Manufacturer and Roast Peanut OEM Factory | Peanut Private Label China Supplier","publisher":{"@id":"https:\/\/www.peanutoem.com\/#organization"},"alternateName":"Peanut Butter OEM and Wholesale","potentialAction":[{"@type":"SearchAction","target":{"@type":"EntryPoint","urlTemplate":"https:\/\/www.peanutoem.com\/?s={search_term_string}"},"query-input":{"@type":"PropertyValueSpecification","valueRequired":true,"valueName":"search_term_string"}}],"inLanguage":"da-DK"},{"@type":"Organization","@id":"https:\/\/www.peanutoem.com\/#organization","name":"Peanut Butter Factory","alternateName":"JuFeng Group","url":"https:\/\/www.peanutoem.com\/","logo":{"@type":"ImageObject","inLanguage":"da-DK","@id":"https:\/\/www.peanutoem.com\/#\/schema\/logo\/image\/","url":"https:\/\/www.peanutoem.com\/wp-content\/uploads\/2024\/09\/JUFENG-LOGO.png","contentUrl":"https:\/\/www.peanutoem.com\/wp-content\/uploads\/2024\/09\/JUFENG-LOGO.png","width":600,"height":170,"caption":"Peanut Butter Factory"},"image":{"@id":"https:\/\/www.peanutoem.com\/#\/schema\/logo\/image\/"}}]}},"_links":{"self":[{"href":"https:\/\/www.peanutoem.com\/da\/wp-json\/wp\/v2\/product\/1638","targetHints":{"allow":["GET"]}}],"collection":[{"href":"https:\/\/www.peanutoem.com\/da\/wp-json\/wp\/v2\/product"}],"about":[{"href":"https:\/\/www.peanutoem.com\/da\/wp-json\/wp\/v2\/types\/product"}],"replies":[{"embeddable":true,"href":"https:\/\/www.peanutoem.com\/da\/wp-json\/wp\/v2\/comments?post=1638"}],"wp:featuredmedia":[{"embeddable":true,"href":"https:\/\/www.peanutoem.com\/da\/wp-json\/wp\/v2\/media\/1671"}],"wp:attachment":[{"href":"https:\/\/www.peanutoem.com\/da\/wp-json\/wp\/v2\/media?parent=1638"}],"wp:term":[{"taxonomy":"product_cat","embeddable":true,"href":"https:\/\/www.peanutoem.com\/da\/wp-json\/wp\/v2\/product_cat?post=1638"},{"taxonomy":"product_tag","embeddable":true,"href":"https:\/\/www.peanutoem.com\/da\/wp-json\/wp\/v2\/product_tag?post=1638"}],"curies":[{"name":"wp","href":"https:\/\/api.w.org\/{rel}","templated":true}]}}