{"id":1397,"date":"2023-06-08T07:51:40","date_gmt":"2023-06-08T07:51:40","guid":{"rendered":"https:\/\/www.peanutoem.com\/?post_type=product&#038;p=1397"},"modified":"2024-09-28T07:06:47","modified_gmt":"2024-09-28T07:06:47","slug":"creamy-peanut-butter","status":"publish","type":"product","link":"https:\/\/www.peanutoem.com\/de\/manufacturer\/creamy-peanut-butter\/","title":{"rendered":"Cremige Erdnussbutter | Sanfte Erdnussbutter"},"content":{"rendered":"<h3>Cremig <a href=\"https:\/\/www.peanutoem.com\/de\/Wholesale\/peanut-butter\/\" target=\"_blank\" rel=\"noopener\">Erdnussbutter<\/a> | Zarte Erdnussbutter \u2013 F\u00fchrender OEM-Hersteller von Eigenmarken<\/h3>\n<p>Wir sind stolz darauf, ein f\u00fchrender OEM-Hersteller, Exporteur und Lieferant von cremiger Erdnussbutter und geschmeidiger Erdnussbutter zu sein. Unsere hochmodernen Produktionslinien und hohen Qualit\u00e4tsstandards stellen sicher, dass jedes Glas Erdnussbutter den weltweiten Anforderungen an Geschmack und Konsistenz entspricht. Unterst\u00fctzt von international anerkannten <a href=\"https:\/\/www.peanutoem.com\/de\/certificate\/\" target=\"_blank\" rel=\"noopener\">Zertifizierungen<\/a> wie HACCP, BRCGS, ECOCERT, Halal und Kosher sind unsere Erdnussbutterprodukte ein Grundnahrungsmittel f\u00fcr Unternehmen weltweit.<\/p>\n<p><img loading=\"lazy\" decoding=\"async\" class=\"alignnone wp-image-1620 size-large\" src=\"https:\/\/www.peanutoem.com\/wp-content\/uploads\/2024\/09\/Peanut-Butter-Qualifications-1024x736.webp\" alt=\"Qualifikationen f\u00fcr OEM-Verarbeiter von Erdnussbutter\" width=\"1020\" height=\"733\" srcset=\"https:\/\/www.peanutoem.com\/wp-content\/uploads\/2024\/09\/Peanut-Butter-Qualifications-1024x736.webp 1024w, https:\/\/www.peanutoem.com\/wp-content\/uploads\/2024\/09\/Peanut-Butter-Qualifications-300x216.webp 300w, https:\/\/www.peanutoem.com\/wp-content\/uploads\/2024\/09\/Peanut-Butter-Qualifications-768x552.webp 768w, https:\/\/www.peanutoem.com\/wp-content\/uploads\/2024\/09\/Peanut-Butter-Qualifications-18x12.webp 18w, https:\/\/www.peanutoem.com\/wp-content\/uploads\/2024\/09\/Peanut-Butter-Qualifications-600x431.webp 600w, https:\/\/www.peanutoem.com\/wp-content\/uploads\/2024\/09\/Peanut-Butter-Qualifications.webp 1341w\" sizes=\"auto, (max-width: 1020px) 100vw, 1020px\" \/><\/p>\n<h3>Was ist cremige Erdnussbutter und geschmeidige Erdnussbutter?<\/h3>\n<p>Cremige Erdnussbutter und glatte Erdnussbutter sind zwei der beliebtesten Arten von Erdnussaufstrichen. Beide werden aus fein gemahlenen ger\u00f6steten Erdn\u00fcssen hergestellt, was zu einer reichhaltigen und glatten Textur f\u00fchrt. Cremige Erdnussbutter hat jedoch im Vergleich zu glatter Erdnussbutter eine etwas dichtere Textur, was sie ideal zum Aufstreichen auf Brot oder als Zutat beim Backen und Kochen macht.<\/p>\n<h3>Unsere Kapazit\u00e4t<\/h3>\n<p>Wir verf\u00fcgen \u00fcber hochmoderne Verarbeitungsanlagen, die j\u00e4hrlich 30.000 Tonnen Erdnussbutter produzieren k\u00f6nnen. Unsere gut ausgestatteten Labore f\u00fchren strenge sensorische, physikalische, chemische und mikrobielle Tests durch, um die Qualit\u00e4t und Sicherheit jeder Charge zu gew\u00e4hrleisten.<\/p>\n<h3>OEM Private Label-L\u00f6sungen f\u00fcr Erdnussbutter<\/h3>\n<p>Als vertrauensw\u00fcrdiger OEM-Hersteller und Private-Label-Lieferant bieten wir ma\u00dfgeschneiderte L\u00f6sungen, die den Anforderungen Ihrer Marke entsprechen. Egal, ob Sie cremige Erdnussbutter oder geschmeidige Erdnussbutter unter Ihrer eigenen Marke anbieten m\u00f6chten, wir bieten flexible Optionen f\u00fcr Verpackung und Produktgr\u00f6\u00dfe. Unser Team stellt sicher, dass Ihre Produkte mit Sorgfalt und gem\u00e4\u00df den h\u00f6chsten Industriestandards hergestellt werden.<\/p>\n<h3>Globaler Exporteur und Lieferant<\/h3>\n<p>Mit unserer globalen Pr\u00e4senz sind wir ein zuverl\u00e4ssiger Exporteur und Lieferant von Erdnussbutter und beliefern gro\u00dfe Lebensmitteleinzelh\u00e4ndler, Franchiseunternehmen und Gro\u00dfh\u00e4ndler auf der ganzen Welt mit unseren Produkten. Unser umfangreiches Vertriebsnetz und unsere effiziente Logistik gew\u00e4hrleisten eine p\u00fcnktliche Lieferung, egal wo sich Ihr Unternehmen befindet.<\/p>\n<h3>Warum uns w\u00e4hlen?<\/h3>\n<ul>\n<li><strong>Hohe Produktionskapazit\u00e4t<\/strong>: 30.000 Tonnen j\u00e4hrlich<\/li>\n<li><strong>Umfassende Zertifizierungen<\/strong>: HACCP, BRCGS, Halal, Koscher, EU-Bio<\/li>\n<li><strong>OEM- und Private-Label-Experten<\/strong>: Ma\u00dfgeschneiderte L\u00f6sungen f\u00fcr Ihre Marke<\/li>\n<li><strong>Globaler Lieferant und Exporteur<\/strong>: Wir beliefern Kunden weltweit mit erstklassigen Erdnussprodukten<\/li>\n<\/ul>\n<p>Wir verpflichten uns, die besten Erdnussbutterprodukte zu liefern, die den steigenden Anforderungen des globalen Marktes gerecht werden. Egal, ob Sie eine kleine Einzelhandelspackung oder gro\u00dfe Mengen ben\u00f6tigen, wir liefern mit Spitzenqualit\u00e4t.<\/p>\n<a href=\"mailto:globepeanut@gmail.com\" class=\"button primary is-primary is-medium\"  >\n    <span>Eine Kopie der Kopie an mich senden.<\/span>\n  <\/a>","protected":false},"excerpt":{"rendered":"<table style=\"height: 282px;\" width=\"564\">\n<tbody>\n<tr>\n<td width=\"113\"><strong>Produktname<\/strong><\/td>\n<td width=\"402\">Cremige Erdnussbutter | Sanfte Erdnussbutter<\/td>\n<\/tr>\n<tr>\n<td width=\"113\"><strong>Zutaten<\/strong><\/td>\n<td width=\"402\">Ausgew\u00e4hlte Erdnusskerne, wei\u00dfer Zucker, geh\u00e4rtetes Pflanzen\u00f6l, Salz<\/td>\n<\/tr>\n<tr>\n<td width=\"113\"><strong>Technische Daten<\/strong><\/td>\n<td width=\"402\">200 g x 36, 227 g x 24, 340 g x 12, 375 g x 12, 500 g x 12, 510 g x 12, 1 kg x 12, 10 kg x 1, 20 kg x 1, 220 kg x 1<\/td>\n<\/tr>\n<tr>\n<td width=\"113\"><strong>Verpackungsform<\/strong><\/td>\n<td width=\"402\">Glas, Eimer, Doypack, Beutel, Karton, Dose, Fass, Dose, Flasche usw.<\/td>\n<\/tr>\n<tr>\n<td width=\"113\"><strong>Lieferzeit<\/strong><\/td>\n<td width=\"402\">7 ~ 20 Tage nach Bestellung<\/td>\n<\/tr>\n<tr>\n<td width=\"113\"><strong>Mindestbestellmenge<\/strong><\/td>\n<td width=\"402\">Eine Tonne<\/td>\n<\/tr>\n<tr>\n<td width=\"113\"><strong>Probe<\/strong><\/td>\n<td width=\"402\">Kostenlose Probe verf\u00fcgbar<\/td>\n<\/tr>\n<tr>\n<td width=\"113\"><strong>OEM<\/strong><\/td>\n<td width=\"402\">Etikett des K\u00e4ufers akzeptiert<\/td>\n<\/tr>\n<\/tbody>\n<\/table>\n<p>&nbsp;<\/p>","protected":false},"featured_media":1641,"comment_status":"open","ping_status":"closed","template":"","meta":[],"product_cat":[15],"product_tag":[],"class_list":{"0":"post-1397","1":"product","2":"type-product","3":"status-publish","4":"has-post-thumbnail","6":"product_cat-peanut-butter","8":"first","9":"instock","10":"featured","11":"shipping-taxable","12":"product-type-simple"},"yoast_head":"<!-- This site is optimized with the Yoast SEO plugin v24.9 - https:\/\/yoast.com\/wordpress\/plugins\/seo\/ -->\n<title>Creamy Peanut Butter Manufacturer- Smooth Peanut Butter OEM - Peanut Butter Factory<\/title>\n<meta name=\"description\" content=\"As a leading OEM private label manufacturer, we offer premium creamy and smooth peanut butter with flexible packaging, certified to global standards.\" \/>\n<meta name=\"robots\" content=\"index, follow, max-snippet:-1, max-image-preview:large, max-video-preview:-1\" \/>\n<link rel=\"canonical\" href=\"https:\/\/www.peanutoem.com\/de\/manufacturer\/creamy-peanut-butter\/\" \/>\n<meta property=\"og:locale\" content=\"de_DE\" \/>\n<meta property=\"og:type\" content=\"article\" \/>\n<meta property=\"og:title\" content=\"Creamy Peanut Butter Manufacturer- Smooth Peanut Butter OEM - Peanut Butter Factory\" \/>\n<meta property=\"og:description\" content=\"As a leading OEM private label manufacturer, we offer premium creamy and smooth peanut butter with flexible packaging, certified to global standards.\" \/>\n<meta property=\"og:url\" content=\"https:\/\/www.peanutoem.com\/de\/manufacturer\/creamy-peanut-butter\/\" \/>\n<meta property=\"og:site_name\" content=\"Peanut Butter Factory\" \/>\n<meta property=\"article:modified_time\" content=\"2024-09-28T07:06:47+00:00\" \/>\n<meta property=\"og:image\" content=\"https:\/\/www.peanutoem.com\/wp-content\/uploads\/2023\/06\/Creamy-Peanut-Butter-in-jar.webp\" \/>\n\t<meta property=\"og:image:width\" content=\"1000\" \/>\n\t<meta property=\"og:image:height\" content=\"1000\" \/>\n\t<meta property=\"og:image:type\" content=\"image\/webp\" \/>\n<meta name=\"twitter:card\" content=\"summary_large_image\" \/>\n<meta name=\"twitter:label1\" content=\"Gesch\u00e4tzte Lesezeit\" \/>\n\t<meta name=\"twitter:data1\" content=\"3\u00a0Minuten\" \/>\n<script type=\"application\/ld+json\" class=\"yoast-schema-graph\">{\"@context\":\"https:\/\/schema.org\",\"@graph\":[{\"@type\":\"WebPage\",\"@id\":\"https:\/\/www.peanutoem.com\/manufacturer\/creamy-peanut-butter\/\",\"url\":\"https:\/\/www.peanutoem.com\/manufacturer\/creamy-peanut-butter\/\",\"name\":\"Creamy Peanut Butter Manufacturer- Smooth Peanut Butter OEM - Peanut Butter Factory\",\"isPartOf\":{\"@id\":\"https:\/\/www.peanutoem.com\/#website\"},\"primaryImageOfPage\":{\"@id\":\"https:\/\/www.peanutoem.com\/manufacturer\/creamy-peanut-butter\/#primaryimage\"},\"image\":{\"@id\":\"https:\/\/www.peanutoem.com\/manufacturer\/creamy-peanut-butter\/#primaryimage\"},\"thumbnailUrl\":\"https:\/\/www.peanutoem.com\/wp-content\/uploads\/2023\/06\/Creamy-Peanut-Butter-in-jar.webp\",\"datePublished\":\"2023-06-08T07:51:40+00:00\",\"dateModified\":\"2024-09-28T07:06:47+00:00\",\"description\":\"As a leading OEM private label manufacturer, we offer premium creamy and smooth peanut butter with flexible packaging, certified to global standards.\",\"breadcrumb\":{\"@id\":\"https:\/\/www.peanutoem.com\/manufacturer\/creamy-peanut-butter\/#breadcrumb\"},\"inLanguage\":\"de\",\"potentialAction\":[{\"@type\":\"ReadAction\",\"target\":[\"https:\/\/www.peanutoem.com\/manufacturer\/creamy-peanut-butter\/\"]}]},{\"@type\":\"ImageObject\",\"inLanguage\":\"de\",\"@id\":\"https:\/\/www.peanutoem.com\/manufacturer\/creamy-peanut-butter\/#primaryimage\",\"url\":\"https:\/\/www.peanutoem.com\/wp-content\/uploads\/2023\/06\/Creamy-Peanut-Butter-in-jar.webp\",\"contentUrl\":\"https:\/\/www.peanutoem.com\/wp-content\/uploads\/2023\/06\/Creamy-Peanut-Butter-in-jar.webp\",\"width\":1000,\"height\":1000,\"caption\":\"Creamy Peanut Butter in jar\"},{\"@type\":\"BreadcrumbList\",\"@id\":\"https:\/\/www.peanutoem.com\/manufacturer\/creamy-peanut-butter\/#breadcrumb\",\"itemListElement\":[{\"@type\":\"ListItem\",\"position\":1,\"name\":\"Home\",\"item\":\"https:\/\/www.peanutoem.com\/\"},{\"@type\":\"ListItem\",\"position\":2,\"name\":\"Products\",\"item\":\"https:\/\/www.peanutoem.com\/shop\/\"},{\"@type\":\"ListItem\",\"position\":3,\"name\":\"Creamy Peanut Butter | Smooth Peanut Butter\"}]},{\"@type\":\"WebSite\",\"@id\":\"https:\/\/www.peanutoem.com\/#website\",\"url\":\"https:\/\/www.peanutoem.com\/\",\"name\":\"Peanut Butter Factory\",\"description\":\"Peanut Butter Manufacturer and Roast Peanut OEM Factory | Peanut Private Label China Supplier\",\"publisher\":{\"@id\":\"https:\/\/www.peanutoem.com\/#organization\"},\"alternateName\":\"Peanut Butter OEM and Wholesale\",\"potentialAction\":[{\"@type\":\"SearchAction\",\"target\":{\"@type\":\"EntryPoint\",\"urlTemplate\":\"https:\/\/www.peanutoem.com\/?s={search_term_string}\"},\"query-input\":{\"@type\":\"PropertyValueSpecification\",\"valueRequired\":true,\"valueName\":\"search_term_string\"}}],\"inLanguage\":\"de\"},{\"@type\":\"Organization\",\"@id\":\"https:\/\/www.peanutoem.com\/#organization\",\"name\":\"Peanut Butter Factory\",\"alternateName\":\"JuFeng Group\",\"url\":\"https:\/\/www.peanutoem.com\/\",\"logo\":{\"@type\":\"ImageObject\",\"inLanguage\":\"de\",\"@id\":\"https:\/\/www.peanutoem.com\/#\/schema\/logo\/image\/\",\"url\":\"https:\/\/www.peanutoem.com\/wp-content\/uploads\/2024\/09\/JUFENG-LOGO.png\",\"contentUrl\":\"https:\/\/www.peanutoem.com\/wp-content\/uploads\/2024\/09\/JUFENG-LOGO.png\",\"width\":600,\"height\":170,\"caption\":\"Peanut Butter Factory\"},\"image\":{\"@id\":\"https:\/\/www.peanutoem.com\/#\/schema\/logo\/image\/\"}}]}<\/script>\n<!-- \/ Yoast SEO plugin. -->","yoast_head_json":{"title":"Creamy Peanut Butter Manufacturer- Smooth Peanut Butter OEM - Peanut Butter Factory","description":"As a leading OEM private label manufacturer, we offer premium creamy and smooth peanut butter with flexible packaging, certified to global standards.","robots":{"index":"index","follow":"follow","max-snippet":"max-snippet:-1","max-image-preview":"max-image-preview:large","max-video-preview":"max-video-preview:-1"},"canonical":"https:\/\/www.peanutoem.com\/de\/manufacturer\/creamy-peanut-butter\/","og_locale":"de_DE","og_type":"article","og_title":"Creamy Peanut Butter Manufacturer- Smooth Peanut Butter OEM - Peanut Butter Factory","og_description":"As a leading OEM private label manufacturer, we offer premium creamy and smooth peanut butter with flexible packaging, certified to global standards.","og_url":"https:\/\/www.peanutoem.com\/de\/manufacturer\/creamy-peanut-butter\/","og_site_name":"Peanut Butter Factory","article_modified_time":"2024-09-28T07:06:47+00:00","og_image":[{"width":1000,"height":1000,"url":"https:\/\/www.peanutoem.com\/wp-content\/uploads\/2023\/06\/Creamy-Peanut-Butter-in-jar.webp","type":"image\/webp"}],"twitter_card":"summary_large_image","twitter_misc":{"Gesch\u00e4tzte Lesezeit":"3\u00a0Minuten"},"schema":{"@context":"https:\/\/schema.org","@graph":[{"@type":"WebPage","@id":"https:\/\/www.peanutoem.com\/manufacturer\/creamy-peanut-butter\/","url":"https:\/\/www.peanutoem.com\/manufacturer\/creamy-peanut-butter\/","name":"Creamy Peanut Butter Manufacturer- Smooth Peanut Butter OEM - Peanut Butter Factory","isPartOf":{"@id":"https:\/\/www.peanutoem.com\/#website"},"primaryImageOfPage":{"@id":"https:\/\/www.peanutoem.com\/manufacturer\/creamy-peanut-butter\/#primaryimage"},"image":{"@id":"https:\/\/www.peanutoem.com\/manufacturer\/creamy-peanut-butter\/#primaryimage"},"thumbnailUrl":"https:\/\/www.peanutoem.com\/wp-content\/uploads\/2023\/06\/Creamy-Peanut-Butter-in-jar.webp","datePublished":"2023-06-08T07:51:40+00:00","dateModified":"2024-09-28T07:06:47+00:00","description":"As a leading OEM private label manufacturer, we offer premium creamy and smooth peanut butter with flexible packaging, certified to global standards.","breadcrumb":{"@id":"https:\/\/www.peanutoem.com\/manufacturer\/creamy-peanut-butter\/#breadcrumb"},"inLanguage":"de","potentialAction":[{"@type":"ReadAction","target":["https:\/\/www.peanutoem.com\/manufacturer\/creamy-peanut-butter\/"]}]},{"@type":"ImageObject","inLanguage":"de","@id":"https:\/\/www.peanutoem.com\/manufacturer\/creamy-peanut-butter\/#primaryimage","url":"https:\/\/www.peanutoem.com\/wp-content\/uploads\/2023\/06\/Creamy-Peanut-Butter-in-jar.webp","contentUrl":"https:\/\/www.peanutoem.com\/wp-content\/uploads\/2023\/06\/Creamy-Peanut-Butter-in-jar.webp","width":1000,"height":1000,"caption":"Creamy Peanut Butter in jar"},{"@type":"BreadcrumbList","@id":"https:\/\/www.peanutoem.com\/manufacturer\/creamy-peanut-butter\/#breadcrumb","itemListElement":[{"@type":"ListItem","position":1,"name":"Home","item":"https:\/\/www.peanutoem.com\/"},{"@type":"ListItem","position":2,"name":"Products","item":"https:\/\/www.peanutoem.com\/shop\/"},{"@type":"ListItem","position":3,"name":"Creamy Peanut Butter | Smooth Peanut Butter"}]},{"@type":"WebSite","@id":"https:\/\/www.peanutoem.com\/#website","url":"https:\/\/www.peanutoem.com\/","name":"Peanut Butter Factory","description":"Peanut Butter Manufacturer and Roast Peanut OEM Factory | Peanut Private Label China Supplier","publisher":{"@id":"https:\/\/www.peanutoem.com\/#organization"},"alternateName":"Peanut Butter OEM and Wholesale","potentialAction":[{"@type":"SearchAction","target":{"@type":"EntryPoint","urlTemplate":"https:\/\/www.peanutoem.com\/?s={search_term_string}"},"query-input":{"@type":"PropertyValueSpecification","valueRequired":true,"valueName":"search_term_string"}}],"inLanguage":"de"},{"@type":"Organization","@id":"https:\/\/www.peanutoem.com\/#organization","name":"Peanut Butter Factory","alternateName":"JuFeng Group","url":"https:\/\/www.peanutoem.com\/","logo":{"@type":"ImageObject","inLanguage":"de","@id":"https:\/\/www.peanutoem.com\/#\/schema\/logo\/image\/","url":"https:\/\/www.peanutoem.com\/wp-content\/uploads\/2024\/09\/JUFENG-LOGO.png","contentUrl":"https:\/\/www.peanutoem.com\/wp-content\/uploads\/2024\/09\/JUFENG-LOGO.png","width":600,"height":170,"caption":"Peanut Butter Factory"},"image":{"@id":"https:\/\/www.peanutoem.com\/#\/schema\/logo\/image\/"}}]}},"_links":{"self":[{"href":"https:\/\/www.peanutoem.com\/de\/wp-json\/wp\/v2\/product\/1397","targetHints":{"allow":["GET"]}}],"collection":[{"href":"https:\/\/www.peanutoem.com\/de\/wp-json\/wp\/v2\/product"}],"about":[{"href":"https:\/\/www.peanutoem.com\/de\/wp-json\/wp\/v2\/types\/product"}],"replies":[{"embeddable":true,"href":"https:\/\/www.peanutoem.com\/de\/wp-json\/wp\/v2\/comments?post=1397"}],"wp:featuredmedia":[{"embeddable":true,"href":"https:\/\/www.peanutoem.com\/de\/wp-json\/wp\/v2\/media\/1641"}],"wp:attachment":[{"href":"https:\/\/www.peanutoem.com\/de\/wp-json\/wp\/v2\/media?parent=1397"}],"wp:term":[{"taxonomy":"product_cat","embeddable":true,"href":"https:\/\/www.peanutoem.com\/de\/wp-json\/wp\/v2\/product_cat?post=1397"},{"taxonomy":"product_tag","embeddable":true,"href":"https:\/\/www.peanutoem.com\/de\/wp-json\/wp\/v2\/product_tag?post=1397"}],"curies":[{"name":"wp","href":"https:\/\/api.w.org\/{rel}","templated":true}]}}