{"id":1543,"date":"2024-09-02T13:37:15","date_gmt":"2024-09-02T13:37:15","guid":{"rendered":"https:\/\/www.peanutoem.com\/?post_type=product&#038;p=1543"},"modified":"2024-09-28T06:03:37","modified_gmt":"2024-09-28T06:03:37","slug":"pure-peanut-butter","status":"publish","type":"product","link":"https:\/\/www.peanutoem.com\/de\/manufacturer\/pure-peanut-butter\/","title":{"rendered":"Reine Erdnussbutter"},"content":{"rendered":"<h3>Reine Erdnussbutter \u2013 F\u00fchrender OEM-Anbieter und Private-Label-Hersteller<\/h3>\n<p>Wir sind spezialisiert auf die Herstellung und Lieferung von reiner Erdnussbutter als vertrauensw\u00fcrdiger OEM-Anbieter, Eigenmarkenhersteller und Exporteur. Unsere Produkte werden aus 100%-Erdn\u00fcssen hergestellt und bieten un\u00fcbertroffene Qualit\u00e4t und Authentizit\u00e4t f\u00fcr Ihre Marke. Mit fortschrittlichen Produktionskapazit\u00e4ten und globalen Zertifizierungen passen wir unsere Erdnussbutterl\u00f6sungen an Ihre spezifischen Anforderungen an.<\/p>\n<h3>Was ist reine Erdnussbutter?<\/h3>\n<p><strong>Rein <a href=\"https:\/\/www.peanutoem.com\/de\/Wholesale\/peanut-butter\/\" target=\"_blank\" rel=\"noopener\">Erdnussbutter<\/a><\/strong> besteht aus 100% <a href=\"https:\/\/en.wikipedia.org\/wiki\/Peanut\" target=\"_blank\" rel=\"noopener\">Erdn\u00fcsse<\/a>, ohne Zusatz von Zucker, \u00d6len oder Konservierungsstoffen. Es bietet einen nat\u00fcrlichen, unverarbeiteten Geschmack, der gesundheitsbewusste Verbraucher anspricht. Diese Art von Erdnussbutter beh\u00e4lt den reichen Geschmack und die nat\u00fcrlichen \u00d6le der Erdn\u00fcsse und ist daher eine beliebte Wahl f\u00fcr diejenigen, die nach Clean-Label-Produkten suchen.<\/p>\n<h3>Welche anderen Namen gibt es f\u00fcr reine Erdnussbutter?<\/h3>\n<p>Es ist auch unter verschiedenen Namen in verschiedenen Regionen und Branchen bekannt. Einige der gebr\u00e4uchlichsten alternativen Namen sind:<\/p>\n<ul>\n<li><strong>Nat\u00fcrliche Erdnussbutter<\/strong><\/li>\n<li><strong>Unges\u00fc\u00dfte Erdnussbutter<\/strong><\/li>\n<li><strong>Erdnussbutter ohne Zusatzstoffe<\/strong><\/li>\n<li><strong>100% Erdnussbutter<\/strong><\/li>\n<\/ul>\n<p>Diese Namen betonen das Fehlen zus\u00e4tzlicher Inhaltsstoffe und heben die Reinheit des Produkts hervor.<\/p>\n<h3>Warum sollten Sie uns als Ihren Lieferanten w\u00e4hlen?<\/h3>\n<p>Als f\u00fchrender OEM-Anbieter und Private-Label-Hersteller bieten wir:<\/p>\n<ul>\n<li><strong>Hochwertige Produkte:<\/strong> Unsere reine Erdnussbutter enth\u00e4lt 100% ausgew\u00e4hlte Erdn\u00fcsse, frei von zugesetztem Zucker, \u00d6l oder Konservierungsstoffen.<\/li>\n<li><strong>Anpassbare L\u00f6sungen:<\/strong> Wir bieten flexible Verpackungsoptionen, darunter Gl\u00e4ser, Dosen und Eimer in verschiedenen Gr\u00f6\u00dfen, um den Marktanforderungen gerecht zu werden.<\/li>\n<li><strong>Allgemein <a href=\"https:\/\/www.peanutoem.com\/de\/certificate\/\" target=\"_blank\" rel=\"noopener\">Zertifizierungen<\/a>:<\/strong> Unsere Zertifizierungen, darunter HACCP, BRCGS, Halal und Koscher, gew\u00e4hrleisten Produktsicherheit und Premiumqualit\u00e4t.<\/li>\n<li><strong>Gro\u00dfe Produktionskapazit\u00e4t:<\/strong> Wir k\u00f6nnen sowohl kleine als auch Gro\u00dfauftr\u00e4ge effizient abwickeln und auf die unterschiedlichen Bed\u00fcrfnisse unserer Kunden eingehen.<\/li>\n<li><strong>Expertise im weltweiten Export:<\/strong> Wir verf\u00fcgen \u00fcber umfangreiche Erfahrung in der Lieferung hochwertiger Erdnussbutter an Kunden weltweit.<\/li>\n<\/ul>\n<h3>FAQ zu unserer Gesch\u00e4ftst\u00e4tigkeit als Produzent und Gro\u00dfh\u00e4ndler<\/h3>\n<ol>\n<li><strong>Warum sind Sie ein f\u00fchrender OEM-Anbieter in der Erdnussbutterbranche?<\/strong><br \/>\nWir produzieren Erdnussbutter f\u00fcr Marken unter ihrem eigenen Label und gew\u00e4hrleisten so ma\u00dfgeschneiderte Produktl\u00f6sungen.<\/li>\n<li><strong>Bieten Sie Private-Label-Dienste an?<\/strong><br \/>\nJa, wir sind auf flexible Private-Label-L\u00f6sungen spezialisiert, die Sie bei der Herstellung Ihrer Marken-Erdnussbutter unterst\u00fctzen.<\/li>\n<li><strong>Welche Zutaten verwenden Sie?<\/strong><br \/>\nUnsere reine Erdnussbutter besteht aus 100% ausgew\u00e4hlten Erdn\u00fcssen, ohne Zusatz von Zucker, \u00d6l oder Konservierungsstoffen.<\/li>\n<li><strong>Wie kann ich meine Verpackung individuell gestalten?<\/strong><br \/>\nSie haben die Wahl zwischen verschiedenen Verpackungsoptionen und -gr\u00f6\u00dfen, abgestimmt auf Ihren Bedarf, vom Einzelhandel bis zur Gro\u00dfpackung.<\/li>\n<li><strong>Wie hoch ist die Mindestbestellmenge (MOQ)?<\/strong><br \/>\nDie Mindestbestellmenge betr\u00e4gt eine Tonne und bietet Flexibilit\u00e4t f\u00fcr kleine und gro\u00dfe Unternehmen.<\/li>\n<li><strong>Was macht Ihre reine Erdnussbutter so besonders?<\/strong><br \/>\nUnser Engagement f\u00fcr Qualit\u00e4t, unsere weltweiten Zertifizierungen und unsere ma\u00dfgeschneiderten Eigenmarkenl\u00f6sungen heben uns von unseren Mitbewerbern ab.<\/li>\n<li><strong>Wie lange dauert die Bearbeitung einer Bestellung?<\/strong><br \/>\nDie Lieferzeit betr\u00e4gt je nach Bestellgr\u00f6\u00dfe und Verpackungsanforderungen 7 bis 20 Tage.<\/li>\n<li><strong>Kann ich vor der Bestellung Muster anfordern?<\/strong><br \/>\nJa, wir bieten kostenlose Proben unserer reinen Erdnussbutter zur Qualit\u00e4tsbewertung an, bevor Sie eine Gro\u00dfbestellung aufgeben.<\/li>\n<li><strong>Exportieren Sie weltweit?<\/strong><br \/>\nAuf jeden Fall! Wir haben Erfahrung im Export hochwertiger, reiner Erdnussbutter an Kunden auf der ganzen Welt.<\/li>\n<\/ol>\n<h3>Warum reine Erdnussbutter?<\/h3>\n<p>Reine Erdnussbutter ist die erste Wahl f\u00fcr gesundheitsbewusste Verbraucher, die ein nat\u00fcrliches Produkt ohne Zusatzstoffe suchen. Sie ist reich an Proteinen, gesunden Fetten und wichtigen N\u00e4hrstoffen und damit eine vielseitige Zutat in K\u00fcchen auf der ganzen Welt. Da Verbraucher immer mehr Wert auf saubere Etiketten legen, steigt die Nachfrage nach 100%-Erdnussprodukten weiter an.<\/p>\n<p>Wir stellen sicher, dass unsere reine Erdnussbutter diese Anforderungen erf\u00fcllt und ein Produkt liefert, das so naturnah wie m\u00f6glich ist und gleichzeitig vollst\u00e4ndig an die Bed\u00fcrfnisse Ihrer Marke angepasst werden kann. Ganz gleich, ob Sie das Angebot Ihrer Marke erweitern oder neue M\u00e4rkte erschlie\u00dfen m\u00f6chten, wir verf\u00fcgen \u00fcber die Kapazit\u00e4t, das Fachwissen und die Zertifizierungen, um dies zu erm\u00f6glichen.<\/p>\n<a href=\"mailto:globepeanut@gmail.com\" class=\"button primary is-primary is-medium\"  >\n    <span>Eine Kopie der Kopie an mich senden.<\/span>\n  <\/a>","protected":false},"excerpt":{"rendered":"<table width=\"564\">\n<tbody>\n<tr>\n<td width=\"113\"><strong>Produktname<\/strong><\/td>\n<td width=\"402\">Reine Erdnussbutter<\/td>\n<\/tr>\n<tr>\n<td width=\"113\"><strong>Zutaten<\/strong><\/td>\n<td width=\"402\">Ausgew\u00e4hlte Erdnussbutter<\/td>\n<\/tr>\n<tr>\n<td width=\"113\"><strong>Technische Daten<\/strong><\/td>\n<td width=\"402\">10kgx1, 20kgx1, 22kgx1,220kgx1<\/td>\n<\/tr>\n<tr>\n<td width=\"113\"><strong>Verpackungsform<\/strong><\/td>\n<td width=\"402\">Glas, Eimer, Tasche, Karton, Fass, Flasche usw.<\/td>\n<\/tr>\n<tr>\n<td width=\"113\"><strong>Lieferzeit<\/strong><\/td>\n<td width=\"402\">7 ~ 20 Tage nach Bestellung<\/td>\n<\/tr>\n<tr>\n<td width=\"113\"><strong>Mindestbestellmenge<\/strong><\/td>\n<td width=\"402\">Eine Tonne<\/td>\n<\/tr>\n<tr>\n<td width=\"113\"><strong>Probe<\/strong><\/td>\n<td width=\"402\">Kostenlose Probe verf\u00fcgbar<\/td>\n<\/tr>\n<tr>\n<td width=\"113\"><strong>OEM<\/strong><\/td>\n<td width=\"402\">Etikett des K\u00e4ufers akzeptiert<\/td>\n<\/tr>\n<\/tbody>\n<\/table>","protected":false},"featured_media":1659,"comment_status":"open","ping_status":"closed","template":"","meta":[],"product_cat":[15],"product_tag":[],"class_list":{"0":"post-1543","1":"product","2":"type-product","3":"status-publish","4":"has-post-thumbnail","6":"product_cat-peanut-butter","8":"first","9":"instock","10":"shipping-taxable","11":"product-type-simple"},"yoast_head":"<!-- This site is optimized with the Yoast SEO plugin v24.9 - https:\/\/yoast.com\/wordpress\/plugins\/seo\/ -->\n<title>Pure Peanut Butter OEM Producer - Peanut Butter Factory<\/title>\n<meta name=\"description\" content=\"As a top OEM manufacturer and exporter, we supply pure peanut butter made from 100% peanuts. Customizable private label solutions for your business needs.\" \/>\n<meta name=\"robots\" content=\"index, follow, max-snippet:-1, max-image-preview:large, max-video-preview:-1\" \/>\n<link rel=\"canonical\" href=\"https:\/\/www.peanutoem.com\/de\/manufacturer\/pure-peanut-butter\/\" \/>\n<meta property=\"og:locale\" content=\"de_DE\" \/>\n<meta property=\"og:type\" content=\"article\" \/>\n<meta property=\"og:title\" content=\"Pure Peanut Butter OEM Producer - Peanut Butter Factory\" \/>\n<meta property=\"og:description\" content=\"As a top OEM manufacturer and exporter, we supply pure peanut butter made from 100% peanuts. Customizable private label solutions for your business needs.\" \/>\n<meta property=\"og:url\" content=\"https:\/\/www.peanutoem.com\/de\/manufacturer\/pure-peanut-butter\/\" \/>\n<meta property=\"og:site_name\" content=\"Peanut Butter Factory\" \/>\n<meta property=\"article:modified_time\" content=\"2024-09-28T06:03:37+00:00\" \/>\n<meta property=\"og:image\" content=\"https:\/\/www.peanutoem.com\/wp-content\/uploads\/2024\/09\/Pure-Peanut-Butter-OEM-Supplier.webp\" \/>\n\t<meta property=\"og:image:width\" content=\"1000\" \/>\n\t<meta property=\"og:image:height\" content=\"1000\" \/>\n\t<meta property=\"og:image:type\" content=\"image\/webp\" \/>\n<meta name=\"twitter:card\" content=\"summary_large_image\" \/>\n<meta name=\"twitter:label1\" content=\"Gesch\u00e4tzte Lesezeit\" \/>\n\t<meta name=\"twitter:data1\" content=\"3\u00a0Minuten\" \/>\n<script type=\"application\/ld+json\" class=\"yoast-schema-graph\">{\"@context\":\"https:\/\/schema.org\",\"@graph\":[{\"@type\":\"WebPage\",\"@id\":\"https:\/\/www.peanutoem.com\/manufacturer\/pure-peanut-butter\/\",\"url\":\"https:\/\/www.peanutoem.com\/manufacturer\/pure-peanut-butter\/\",\"name\":\"Pure Peanut Butter OEM Producer - Peanut Butter Factory\",\"isPartOf\":{\"@id\":\"https:\/\/www.peanutoem.com\/#website\"},\"primaryImageOfPage\":{\"@id\":\"https:\/\/www.peanutoem.com\/manufacturer\/pure-peanut-butter\/#primaryimage\"},\"image\":{\"@id\":\"https:\/\/www.peanutoem.com\/manufacturer\/pure-peanut-butter\/#primaryimage\"},\"thumbnailUrl\":\"https:\/\/www.peanutoem.com\/wp-content\/uploads\/2024\/09\/Pure-Peanut-Butter-OEM-Supplier.webp\",\"datePublished\":\"2024-09-02T13:37:15+00:00\",\"dateModified\":\"2024-09-28T06:03:37+00:00\",\"description\":\"As a top OEM manufacturer and exporter, we supply pure peanut butter made from 100% peanuts. Customizable private label solutions for your business needs.\",\"breadcrumb\":{\"@id\":\"https:\/\/www.peanutoem.com\/manufacturer\/pure-peanut-butter\/#breadcrumb\"},\"inLanguage\":\"de\",\"potentialAction\":[{\"@type\":\"ReadAction\",\"target\":[\"https:\/\/www.peanutoem.com\/manufacturer\/pure-peanut-butter\/\"]}]},{\"@type\":\"ImageObject\",\"inLanguage\":\"de\",\"@id\":\"https:\/\/www.peanutoem.com\/manufacturer\/pure-peanut-butter\/#primaryimage\",\"url\":\"https:\/\/www.peanutoem.com\/wp-content\/uploads\/2024\/09\/Pure-Peanut-Butter-OEM-Supplier.webp\",\"contentUrl\":\"https:\/\/www.peanutoem.com\/wp-content\/uploads\/2024\/09\/Pure-Peanut-Butter-OEM-Supplier.webp\",\"width\":1000,\"height\":1000,\"caption\":\"Pure Peanut Butter OEM Supplier\"},{\"@type\":\"BreadcrumbList\",\"@id\":\"https:\/\/www.peanutoem.com\/manufacturer\/pure-peanut-butter\/#breadcrumb\",\"itemListElement\":[{\"@type\":\"ListItem\",\"position\":1,\"name\":\"Home\",\"item\":\"https:\/\/www.peanutoem.com\/\"},{\"@type\":\"ListItem\",\"position\":2,\"name\":\"Products\",\"item\":\"https:\/\/www.peanutoem.com\/shop\/\"},{\"@type\":\"ListItem\",\"position\":3,\"name\":\"Pure Peanut Butter\"}]},{\"@type\":\"WebSite\",\"@id\":\"https:\/\/www.peanutoem.com\/#website\",\"url\":\"https:\/\/www.peanutoem.com\/\",\"name\":\"Peanut Butter Factory\",\"description\":\"Peanut Butter Manufacturer and Roast Peanut OEM Factory | Peanut Private Label China Supplier\",\"publisher\":{\"@id\":\"https:\/\/www.peanutoem.com\/#organization\"},\"alternateName\":\"Peanut Butter OEM and Wholesale\",\"potentialAction\":[{\"@type\":\"SearchAction\",\"target\":{\"@type\":\"EntryPoint\",\"urlTemplate\":\"https:\/\/www.peanutoem.com\/?s={search_term_string}\"},\"query-input\":{\"@type\":\"PropertyValueSpecification\",\"valueRequired\":true,\"valueName\":\"search_term_string\"}}],\"inLanguage\":\"de\"},{\"@type\":\"Organization\",\"@id\":\"https:\/\/www.peanutoem.com\/#organization\",\"name\":\"Peanut Butter Factory\",\"alternateName\":\"JuFeng Group\",\"url\":\"https:\/\/www.peanutoem.com\/\",\"logo\":{\"@type\":\"ImageObject\",\"inLanguage\":\"de\",\"@id\":\"https:\/\/www.peanutoem.com\/#\/schema\/logo\/image\/\",\"url\":\"https:\/\/www.peanutoem.com\/wp-content\/uploads\/2024\/09\/JUFENG-LOGO.png\",\"contentUrl\":\"https:\/\/www.peanutoem.com\/wp-content\/uploads\/2024\/09\/JUFENG-LOGO.png\",\"width\":600,\"height\":170,\"caption\":\"Peanut Butter Factory\"},\"image\":{\"@id\":\"https:\/\/www.peanutoem.com\/#\/schema\/logo\/image\/\"}}]}<\/script>\n<!-- \/ Yoast SEO plugin. -->","yoast_head_json":{"title":"Pure Peanut Butter OEM Producer - Peanut Butter Factory","description":"As a top OEM manufacturer and exporter, we supply pure peanut butter made from 100% peanuts. Customizable private label solutions for your business needs.","robots":{"index":"index","follow":"follow","max-snippet":"max-snippet:-1","max-image-preview":"max-image-preview:large","max-video-preview":"max-video-preview:-1"},"canonical":"https:\/\/www.peanutoem.com\/de\/manufacturer\/pure-peanut-butter\/","og_locale":"de_DE","og_type":"article","og_title":"Pure Peanut Butter OEM Producer - Peanut Butter Factory","og_description":"As a top OEM manufacturer and exporter, we supply pure peanut butter made from 100% peanuts. Customizable private label solutions for your business needs.","og_url":"https:\/\/www.peanutoem.com\/de\/manufacturer\/pure-peanut-butter\/","og_site_name":"Peanut Butter Factory","article_modified_time":"2024-09-28T06:03:37+00:00","og_image":[{"width":1000,"height":1000,"url":"https:\/\/www.peanutoem.com\/wp-content\/uploads\/2024\/09\/Pure-Peanut-Butter-OEM-Supplier.webp","type":"image\/webp"}],"twitter_card":"summary_large_image","twitter_misc":{"Gesch\u00e4tzte Lesezeit":"3\u00a0Minuten"},"schema":{"@context":"https:\/\/schema.org","@graph":[{"@type":"WebPage","@id":"https:\/\/www.peanutoem.com\/manufacturer\/pure-peanut-butter\/","url":"https:\/\/www.peanutoem.com\/manufacturer\/pure-peanut-butter\/","name":"Pure Peanut Butter OEM Producer - Peanut Butter Factory","isPartOf":{"@id":"https:\/\/www.peanutoem.com\/#website"},"primaryImageOfPage":{"@id":"https:\/\/www.peanutoem.com\/manufacturer\/pure-peanut-butter\/#primaryimage"},"image":{"@id":"https:\/\/www.peanutoem.com\/manufacturer\/pure-peanut-butter\/#primaryimage"},"thumbnailUrl":"https:\/\/www.peanutoem.com\/wp-content\/uploads\/2024\/09\/Pure-Peanut-Butter-OEM-Supplier.webp","datePublished":"2024-09-02T13:37:15+00:00","dateModified":"2024-09-28T06:03:37+00:00","description":"As a top OEM manufacturer and exporter, we supply pure peanut butter made from 100% peanuts. Customizable private label solutions for your business needs.","breadcrumb":{"@id":"https:\/\/www.peanutoem.com\/manufacturer\/pure-peanut-butter\/#breadcrumb"},"inLanguage":"de","potentialAction":[{"@type":"ReadAction","target":["https:\/\/www.peanutoem.com\/manufacturer\/pure-peanut-butter\/"]}]},{"@type":"ImageObject","inLanguage":"de","@id":"https:\/\/www.peanutoem.com\/manufacturer\/pure-peanut-butter\/#primaryimage","url":"https:\/\/www.peanutoem.com\/wp-content\/uploads\/2024\/09\/Pure-Peanut-Butter-OEM-Supplier.webp","contentUrl":"https:\/\/www.peanutoem.com\/wp-content\/uploads\/2024\/09\/Pure-Peanut-Butter-OEM-Supplier.webp","width":1000,"height":1000,"caption":"Pure Peanut Butter OEM Supplier"},{"@type":"BreadcrumbList","@id":"https:\/\/www.peanutoem.com\/manufacturer\/pure-peanut-butter\/#breadcrumb","itemListElement":[{"@type":"ListItem","position":1,"name":"Home","item":"https:\/\/www.peanutoem.com\/"},{"@type":"ListItem","position":2,"name":"Products","item":"https:\/\/www.peanutoem.com\/shop\/"},{"@type":"ListItem","position":3,"name":"Pure Peanut Butter"}]},{"@type":"WebSite","@id":"https:\/\/www.peanutoem.com\/#website","url":"https:\/\/www.peanutoem.com\/","name":"Peanut Butter Factory","description":"Peanut Butter Manufacturer and Roast Peanut OEM Factory | Peanut Private Label China Supplier","publisher":{"@id":"https:\/\/www.peanutoem.com\/#organization"},"alternateName":"Peanut Butter OEM and Wholesale","potentialAction":[{"@type":"SearchAction","target":{"@type":"EntryPoint","urlTemplate":"https:\/\/www.peanutoem.com\/?s={search_term_string}"},"query-input":{"@type":"PropertyValueSpecification","valueRequired":true,"valueName":"search_term_string"}}],"inLanguage":"de"},{"@type":"Organization","@id":"https:\/\/www.peanutoem.com\/#organization","name":"Peanut Butter Factory","alternateName":"JuFeng Group","url":"https:\/\/www.peanutoem.com\/","logo":{"@type":"ImageObject","inLanguage":"de","@id":"https:\/\/www.peanutoem.com\/#\/schema\/logo\/image\/","url":"https:\/\/www.peanutoem.com\/wp-content\/uploads\/2024\/09\/JUFENG-LOGO.png","contentUrl":"https:\/\/www.peanutoem.com\/wp-content\/uploads\/2024\/09\/JUFENG-LOGO.png","width":600,"height":170,"caption":"Peanut Butter Factory"},"image":{"@id":"https:\/\/www.peanutoem.com\/#\/schema\/logo\/image\/"}}]}},"_links":{"self":[{"href":"https:\/\/www.peanutoem.com\/de\/wp-json\/wp\/v2\/product\/1543","targetHints":{"allow":["GET"]}}],"collection":[{"href":"https:\/\/www.peanutoem.com\/de\/wp-json\/wp\/v2\/product"}],"about":[{"href":"https:\/\/www.peanutoem.com\/de\/wp-json\/wp\/v2\/types\/product"}],"replies":[{"embeddable":true,"href":"https:\/\/www.peanutoem.com\/de\/wp-json\/wp\/v2\/comments?post=1543"}],"wp:featuredmedia":[{"embeddable":true,"href":"https:\/\/www.peanutoem.com\/de\/wp-json\/wp\/v2\/media\/1659"}],"wp:attachment":[{"href":"https:\/\/www.peanutoem.com\/de\/wp-json\/wp\/v2\/media?parent=1543"}],"wp:term":[{"taxonomy":"product_cat","embeddable":true,"href":"https:\/\/www.peanutoem.com\/de\/wp-json\/wp\/v2\/product_cat?post=1543"},{"taxonomy":"product_tag","embeddable":true,"href":"https:\/\/www.peanutoem.com\/de\/wp-json\/wp\/v2\/product_tag?post=1543"}],"curies":[{"name":"wp","href":"https:\/\/api.w.org\/{rel}","templated":true}]}}