{"id":1545,"date":"2024-09-02T13:38:22","date_gmt":"2024-09-02T13:38:22","guid":{"rendered":"https:\/\/www.peanutoem.com\/?post_type=product&#038;p=1545"},"modified":"2024-09-28T05:39:23","modified_gmt":"2024-09-28T05:39:23","slug":"stabilized-peanut-butter","status":"publish","type":"product","link":"https:\/\/www.peanutoem.com\/de\/manufacturer\/stabilized-peanut-butter\/","title":{"rendered":"Stabilisierte Erdnussbutter"},"content":{"rendered":"<h3>Was ist stabilisierte Erdnussbutter?<\/h3>\n<p>Stabilisiert <a href=\"https:\/\/www.peanutoem.com\/de\/Wholesale\/peanut-butter\/\" target=\"_blank\" rel=\"noopener\">Erdnussbutter<\/a> ist ein speziell formuliertes <a href=\"https:\/\/en.wikipedia.org\/wiki\/Peanut\" target=\"_blank\" rel=\"noopener\">Erdnuss<\/a> Butter, die ihre seidige, cremige Textur im Laufe der Zeit beh\u00e4lt, ohne dass es zu einer \u00d6l-Wasser-Trennung kommt, die mit der Zeit auftritt. Anders als gew\u00f6hnliche nat\u00fcrliche Erdnussbutter, die dazu neigt, sich auf nat\u00fcrliche Weise in Erdnuss\u00f6lschichten oben und feste Erdnusskr\u00fcmel unten zu trennen, wird stabilisierte Erdnussbutter geschickt mit nat\u00fcrlichen Stabilisatoren wie Pflanzen\u00f6len oder Emulgatoren vermischt, um eine gleichm\u00e4\u00dfige Textur zu gew\u00e4hrleisten. Diese Eigenschaft macht sie zur ersten Wahl f\u00fcr Verbraucher, die Wert auf Bequemlichkeit legen, da keine zus\u00e4tzlichen Schritte wie Umr\u00fchren vor der Verwendung erforderlich sind. Stabilisierte Erdnussbutter ist wegen ihrer gleichbleibenden Qualit\u00e4t und langen Haltbarkeit beliebt und wird nicht nur von Privatanwendern geliebt, sondern auch h\u00e4ufig in der Lebensmittelindustrie verwendet.<\/p>\n<h3>Was sind andere Namen?<\/h3>\n<p>Stabilisierte Erdnussbutter kann verschiedene Namen haben, darunter:<\/p>\n<ul>\n<li>Cremiger Erdnussaufstrich<\/li>\n<li>Cremige stabilisierte Erdnussbutter<\/li>\n<li>Emulgierte Erdnussbutter<\/li>\n<li>Homogene oder homogenisierte Erdnussbutter<\/li>\n<li>Langlebiger Erdnussaufstrich<\/li>\n<li>Erdnussbutter ohne R\u00fchren<\/li>\n<li>Nicht trennende Erdnussbutter<\/li>\n<li>Verarbeitete Erdnussbutter<\/li>\n<li>Haltbare Erdnussbutter<\/li>\n<li>Glatte Erdnussbutter zum Aufstreichen<\/li>\n<li>Glatte, haltbare Erdnussbutter<\/li>\n<\/ul>\n<h3><strong>Aktuelle Themen zu stabilisierter Erdnussbutter<\/strong><\/h3>\n<ol>\n<li><strong> Vorteile: <\/strong>Stabilisierte Erdnussbutter bietet mehrere Vorteile, darunter eine gleichm\u00e4\u00dfige Konsistenz, die kein R\u00fchren erfordert, und eine l\u00e4ngere Haltbarkeit. Sie eignet sich ideal f\u00fcr die Verwendung in Rezepten und als Brotaufstrich, bei denen eine gleichm\u00e4\u00dfige Konsistenz entscheidend ist.<\/li>\n<li><strong> Anwendungen in der Lebensmittelherstellung:\u00a0<\/strong>Aufgrund seiner Stabilit\u00e4t wird es h\u00e4ufig in der Lebensmittelherstellung verwendet. Es dient als Zutat in verschiedenen Produkten wie Snackriegeln, Saucen und Backwaren, bei denen Konsistenz und Qualit\u00e4t von entscheidender Bedeutung sind.<\/li>\n<li><strong> Verbraucherpr\u00e4ferenzen und Trends: <\/strong>Verbraucher bevorzugen stabilisierte Erdnussbutter zunehmend aufgrund ihrer Bequemlichkeit und Zuverl\u00e4ssigkeit. Da sich der Lebensstil \u00e4ndert und wir immer vollere Terminkalender haben, werden Produkte, die sich problemlos lagern und zubereiten lassen, immer beliebter.<\/li>\n<li><strong> Ern\u00e4hrungsaspekte: <\/strong>Stabilisierte Erdnussbutter beh\u00e4lt ihr N\u00e4hrwertprofil und bietet gleichzeitig ein stabiles, konsistentes Produkt. Sie liefert wichtige N\u00e4hrstoffe wie Protein, gesunde Fette und Vitamine und ist somit eine gesunde Wahl f\u00fcr verschiedene Di\u00e4ten.<\/li>\n<\/ol>\n<h3><strong>Warum sollten Sie uns als Ihren Lieferanten w\u00e4hlen?<\/strong><\/h3>\n<ol>\n<li><strong>Warum sind Sie die beste Wahl f\u00fcr OEM-Dienste f\u00fcr stabilisierte Erdnussbutter?<\/strong><br \/>\nWir bieten ma\u00dfgeschneiderte L\u00f6sungen, qualitativ hochwertige Produkte und umfassende Fachkenntnisse in der weltweiten Herstellung und im Export.<\/li>\n<li><strong>K\u00f6nnen Sie Textur, Konsistenz und Formulierungen anpassen?<\/strong><br \/>\nJa, wir k\u00f6nnen die Textur anpassen und einzigartige Formeln entwickeln, um Ihren spezifischen Anforderungen und Verbraucherpr\u00e4ferenzen gerecht zu werden.<\/li>\n<li><strong>Welche Verpackungsoptionen gibt es?<\/strong><br \/>\nWir bieten verschiedene anpassbare Verpackungsformate an, darunter Gl\u00e4ser, Beutel und Gro\u00dfbeh\u00e4lter, die auf die Bed\u00fcrfnisse Ihrer Marke zugeschnitten sind.<\/li>\n<li><strong>Ist es in Bio-Varianten erh\u00e4ltlich?<\/strong><br \/>\nAuf jeden Fall! Wir bieten stabilisierte Erdnussbutter aus Bio-Erdn\u00fcssen und nat\u00fcrlichen Zutaten.<\/li>\n<li><strong>Wie stellen Sie die Qualit\u00e4t sicher?<\/strong><br \/>\nUnsere strengen Qualit\u00e4tskontrollprozesse und Zertifizierungen wie HACCP, BRCGS und Kosher garantieren, dass jede Charge den h\u00f6chsten Standards entspricht.<\/li>\n<li><strong>Wie lange dauern die Produktion und der Versand?<\/strong><br \/>\nDie Lieferzeiten variieren je nach Bestellvolumen und Zielort, wir gew\u00e4hrleisten jedoch eine effiziente Produktion und p\u00fcnktliche Lieferungen, normalerweise innerhalb weniger Wochen.<\/li>\n<li><strong>K\u00fcmmern Sie sich um internationale Exporte?<\/strong><br \/>\nJa, wir k\u00fcmmern uns um alle Aspekte des weltweiten Versands und der Einhaltung von Vorschriften, um eine reibungslose Lieferung zu gew\u00e4hrleisten.<\/li>\n<li><strong>Welche Zertifizierungen haben Sie?<\/strong><br \/>\nUnsere stabilisierte Erdnussbutter ist nach HACCP, Koscher, Halal, BRCGS und anderen relevanten Standards zertifiziert, was Produktsicherheit und -qualit\u00e4t gew\u00e4hrleistet.<\/li>\n<li><strong>K\u00f6nnen wir Muster anfordern, bevor wir eine vollst\u00e4ndige Bestellung aufgeben?<\/strong><br \/>\nJa, wir stellen Musterchargen zum Testen bereit, um sicherzustellen, dass sie Ihren Erwartungen entsprechen, bevor Sie eine gr\u00f6\u00dfere Verpflichtung eingehen.<\/li>\n<\/ol>\n<h3><strong>Fakten \u00fcber stabilisierte Erdnussbutter\u00a0<\/strong><\/h3>\n<ol>\n<li><strong>Keine Trennung:<\/strong> Stabilisierte Erdnussbutter trennt sich nicht in \u00d6l und Feststoffe, sodass die Konsistenz w\u00e4hrend der gesamten Haltbarkeitsdauer gleich bleibt.<\/li>\n<li><strong>Verl\u00e4ngerte Haltbarkeit:<\/strong> Im Vergleich zu herk\u00f6mmlicher Erdnussbutter ist es l\u00e4nger haltbar, sodass es nicht so oft nachgekauft werden muss und weniger Abfall entsteht.<\/li>\n<li><strong>Bequemlichkeit:<\/strong> Ideal f\u00fcr den Einsatz in zahlreichen Anwendungen, bei denen es auf eine stabile, streichf\u00e4hige Konsistenz ankommt, wie etwa bei der Lebensmittelherstellung und im Einzelhandel.<\/li>\n<li><strong>N\u00e4hrstoffspeicherung:<\/strong> Trotz seiner Stabilit\u00e4t bleiben die N\u00e4hrstoffe der Erdn\u00fcsse, darunter Proteine, gesunde Fette und wichtige Vitamine, erhalten.<\/li>\n<li><strong>Vielseitig einsetzbar:<\/strong> Geeignet f\u00fcr zahlreiche Produkte, von Brotaufstrichen und Snacks bis hin zu Grundzutaten in verarbeiteten Lebensmitteln.<\/li>\n<\/ol>\n<a href=\"mailto:globepeanut@gmail.com\" class=\"button primary is-primary is-medium\"  >\n    <span>Eine Kopie der Kopie an mich senden.<\/span>\n  <\/a>","protected":false},"excerpt":{"rendered":"<table width=\"564\">\n<tbody>\n<tr>\n<td width=\"113\"><strong>Produktname<\/strong><\/td>\n<td width=\"402\">Stabilisierte Erdnussbutter<\/td>\n<\/tr>\n<tr>\n<td width=\"113\"><strong>Technische Daten<\/strong><\/td>\n<td width=\"402\">10kg x 1, 20kg x 1, 22kg x 1<\/td>\n<\/tr>\n<tr>\n<td width=\"113\"><strong>Verpackungsform<\/strong><\/td>\n<td width=\"402\">Glas, Eimer, Doypack, Beutel, Karton, Dose, Fass, Dose, Flasche usw.<\/td>\n<\/tr>\n<tr>\n<td width=\"113\"><strong>Lieferzeit<\/strong><\/td>\n<td width=\"402\">7 ~ 20 Tage nach Bestellung<\/td>\n<\/tr>\n<tr>\n<td width=\"113\"><strong>Mindestbestellmenge<\/strong><\/td>\n<td width=\"402\">Eine Tonne<\/td>\n<\/tr>\n<tr>\n<td width=\"113\"><strong>Probe<\/strong><\/td>\n<td width=\"402\">Kostenlose Probe verf\u00fcgbar<\/td>\n<\/tr>\n<tr>\n<td width=\"113\"><strong>OEM<\/strong><\/td>\n<td width=\"402\">Etikett des K\u00e4ufers akzeptiert<\/td>\n<\/tr>\n<\/tbody>\n<\/table>","protected":false},"featured_media":1692,"comment_status":"open","ping_status":"closed","template":"","meta":[],"product_cat":[15],"product_tag":[],"class_list":{"0":"post-1545","1":"product","2":"type-product","3":"status-publish","4":"has-post-thumbnail","6":"product_cat-peanut-butter","8":"first","9":"instock","10":"shipping-taxable","11":"product-type-simple"},"yoast_head":"<!-- This site is optimized with the Yoast SEO plugin v24.9 - https:\/\/yoast.com\/wordpress\/plugins\/seo\/ -->\n<title>Stabilized Peanut Butter China Producer - Peanut Butter Factory<\/title>\n<meta name=\"description\" content=\"Leading stabilized peanut butter OEM private label manufacturer and exporter. High-quality and packaging customized to meet global market demands.\" \/>\n<meta name=\"robots\" content=\"index, follow, max-snippet:-1, max-image-preview:large, max-video-preview:-1\" \/>\n<link rel=\"canonical\" href=\"https:\/\/www.peanutoem.com\/de\/manufacturer\/stabilized-peanut-butter\/\" \/>\n<meta property=\"og:locale\" content=\"de_DE\" \/>\n<meta property=\"og:type\" content=\"article\" \/>\n<meta property=\"og:title\" content=\"Stabilized Peanut Butter China Producer - Peanut Butter Factory\" \/>\n<meta property=\"og:description\" content=\"Leading stabilized peanut butter OEM private label manufacturer and exporter. High-quality and packaging customized to meet global market demands.\" \/>\n<meta property=\"og:url\" content=\"https:\/\/www.peanutoem.com\/de\/manufacturer\/stabilized-peanut-butter\/\" \/>\n<meta property=\"og:site_name\" content=\"Peanut Butter Factory\" \/>\n<meta property=\"article:modified_time\" content=\"2024-09-28T05:39:23+00:00\" \/>\n<meta property=\"og:image\" content=\"https:\/\/www.peanutoem.com\/wp-content\/uploads\/2024\/09\/Stabilized-Peanut-Butter-in-Jar.webp\" \/>\n\t<meta property=\"og:image:width\" content=\"1000\" \/>\n\t<meta property=\"og:image:height\" content=\"1000\" \/>\n\t<meta property=\"og:image:type\" content=\"image\/webp\" \/>\n<meta name=\"twitter:card\" content=\"summary_large_image\" \/>\n<meta name=\"twitter:label1\" content=\"Gesch\u00e4tzte Lesezeit\" \/>\n\t<meta name=\"twitter:data1\" content=\"4\u00a0Minuten\" \/>\n<script type=\"application\/ld+json\" class=\"yoast-schema-graph\">{\"@context\":\"https:\/\/schema.org\",\"@graph\":[{\"@type\":\"WebPage\",\"@id\":\"https:\/\/www.peanutoem.com\/manufacturer\/stabilized-peanut-butter\/\",\"url\":\"https:\/\/www.peanutoem.com\/manufacturer\/stabilized-peanut-butter\/\",\"name\":\"Stabilized Peanut Butter China Producer - Peanut Butter Factory\",\"isPartOf\":{\"@id\":\"https:\/\/www.peanutoem.com\/#website\"},\"primaryImageOfPage\":{\"@id\":\"https:\/\/www.peanutoem.com\/manufacturer\/stabilized-peanut-butter\/#primaryimage\"},\"image\":{\"@id\":\"https:\/\/www.peanutoem.com\/manufacturer\/stabilized-peanut-butter\/#primaryimage\"},\"thumbnailUrl\":\"https:\/\/www.peanutoem.com\/wp-content\/uploads\/2024\/09\/Stabilized-Peanut-Butter-in-Jar.webp\",\"datePublished\":\"2024-09-02T13:38:22+00:00\",\"dateModified\":\"2024-09-28T05:39:23+00:00\",\"description\":\"Leading stabilized peanut butter OEM private label manufacturer and exporter. High-quality and packaging customized to meet global market demands.\",\"breadcrumb\":{\"@id\":\"https:\/\/www.peanutoem.com\/manufacturer\/stabilized-peanut-butter\/#breadcrumb\"},\"inLanguage\":\"de\",\"potentialAction\":[{\"@type\":\"ReadAction\",\"target\":[\"https:\/\/www.peanutoem.com\/manufacturer\/stabilized-peanut-butter\/\"]}]},{\"@type\":\"ImageObject\",\"inLanguage\":\"de\",\"@id\":\"https:\/\/www.peanutoem.com\/manufacturer\/stabilized-peanut-butter\/#primaryimage\",\"url\":\"https:\/\/www.peanutoem.com\/wp-content\/uploads\/2024\/09\/Stabilized-Peanut-Butter-in-Jar.webp\",\"contentUrl\":\"https:\/\/www.peanutoem.com\/wp-content\/uploads\/2024\/09\/Stabilized-Peanut-Butter-in-Jar.webp\",\"width\":1000,\"height\":1000,\"caption\":\"Stabilized Peanut Butter in Jar\"},{\"@type\":\"BreadcrumbList\",\"@id\":\"https:\/\/www.peanutoem.com\/manufacturer\/stabilized-peanut-butter\/#breadcrumb\",\"itemListElement\":[{\"@type\":\"ListItem\",\"position\":1,\"name\":\"Home\",\"item\":\"https:\/\/www.peanutoem.com\/\"},{\"@type\":\"ListItem\",\"position\":2,\"name\":\"Products\",\"item\":\"https:\/\/www.peanutoem.com\/shop\/\"},{\"@type\":\"ListItem\",\"position\":3,\"name\":\"Stabilized Peanut Butter\"}]},{\"@type\":\"WebSite\",\"@id\":\"https:\/\/www.peanutoem.com\/#website\",\"url\":\"https:\/\/www.peanutoem.com\/\",\"name\":\"Peanut Butter Factory\",\"description\":\"Peanut Butter Manufacturer and Roast Peanut OEM Factory | Peanut Private Label China Supplier\",\"publisher\":{\"@id\":\"https:\/\/www.peanutoem.com\/#organization\"},\"alternateName\":\"Peanut Butter OEM and Wholesale\",\"potentialAction\":[{\"@type\":\"SearchAction\",\"target\":{\"@type\":\"EntryPoint\",\"urlTemplate\":\"https:\/\/www.peanutoem.com\/?s={search_term_string}\"},\"query-input\":{\"@type\":\"PropertyValueSpecification\",\"valueRequired\":true,\"valueName\":\"search_term_string\"}}],\"inLanguage\":\"de\"},{\"@type\":\"Organization\",\"@id\":\"https:\/\/www.peanutoem.com\/#organization\",\"name\":\"Peanut Butter Factory\",\"alternateName\":\"JuFeng Group\",\"url\":\"https:\/\/www.peanutoem.com\/\",\"logo\":{\"@type\":\"ImageObject\",\"inLanguage\":\"de\",\"@id\":\"https:\/\/www.peanutoem.com\/#\/schema\/logo\/image\/\",\"url\":\"https:\/\/www.peanutoem.com\/wp-content\/uploads\/2024\/09\/JUFENG-LOGO.png\",\"contentUrl\":\"https:\/\/www.peanutoem.com\/wp-content\/uploads\/2024\/09\/JUFENG-LOGO.png\",\"width\":600,\"height\":170,\"caption\":\"Peanut Butter Factory\"},\"image\":{\"@id\":\"https:\/\/www.peanutoem.com\/#\/schema\/logo\/image\/\"}}]}<\/script>\n<!-- \/ Yoast SEO plugin. -->","yoast_head_json":{"title":"Stabilized Peanut Butter China Producer - Peanut Butter Factory","description":"Leading stabilized peanut butter OEM private label manufacturer and exporter. High-quality and packaging customized to meet global market demands.","robots":{"index":"index","follow":"follow","max-snippet":"max-snippet:-1","max-image-preview":"max-image-preview:large","max-video-preview":"max-video-preview:-1"},"canonical":"https:\/\/www.peanutoem.com\/de\/manufacturer\/stabilized-peanut-butter\/","og_locale":"de_DE","og_type":"article","og_title":"Stabilized Peanut Butter China Producer - Peanut Butter Factory","og_description":"Leading stabilized peanut butter OEM private label manufacturer and exporter. High-quality and packaging customized to meet global market demands.","og_url":"https:\/\/www.peanutoem.com\/de\/manufacturer\/stabilized-peanut-butter\/","og_site_name":"Peanut Butter Factory","article_modified_time":"2024-09-28T05:39:23+00:00","og_image":[{"width":1000,"height":1000,"url":"https:\/\/www.peanutoem.com\/wp-content\/uploads\/2024\/09\/Stabilized-Peanut-Butter-in-Jar.webp","type":"image\/webp"}],"twitter_card":"summary_large_image","twitter_misc":{"Gesch\u00e4tzte Lesezeit":"4\u00a0Minuten"},"schema":{"@context":"https:\/\/schema.org","@graph":[{"@type":"WebPage","@id":"https:\/\/www.peanutoem.com\/manufacturer\/stabilized-peanut-butter\/","url":"https:\/\/www.peanutoem.com\/manufacturer\/stabilized-peanut-butter\/","name":"Stabilized Peanut Butter China Producer - Peanut Butter Factory","isPartOf":{"@id":"https:\/\/www.peanutoem.com\/#website"},"primaryImageOfPage":{"@id":"https:\/\/www.peanutoem.com\/manufacturer\/stabilized-peanut-butter\/#primaryimage"},"image":{"@id":"https:\/\/www.peanutoem.com\/manufacturer\/stabilized-peanut-butter\/#primaryimage"},"thumbnailUrl":"https:\/\/www.peanutoem.com\/wp-content\/uploads\/2024\/09\/Stabilized-Peanut-Butter-in-Jar.webp","datePublished":"2024-09-02T13:38:22+00:00","dateModified":"2024-09-28T05:39:23+00:00","description":"Leading stabilized peanut butter OEM private label manufacturer and exporter. High-quality and packaging customized to meet global market demands.","breadcrumb":{"@id":"https:\/\/www.peanutoem.com\/manufacturer\/stabilized-peanut-butter\/#breadcrumb"},"inLanguage":"de","potentialAction":[{"@type":"ReadAction","target":["https:\/\/www.peanutoem.com\/manufacturer\/stabilized-peanut-butter\/"]}]},{"@type":"ImageObject","inLanguage":"de","@id":"https:\/\/www.peanutoem.com\/manufacturer\/stabilized-peanut-butter\/#primaryimage","url":"https:\/\/www.peanutoem.com\/wp-content\/uploads\/2024\/09\/Stabilized-Peanut-Butter-in-Jar.webp","contentUrl":"https:\/\/www.peanutoem.com\/wp-content\/uploads\/2024\/09\/Stabilized-Peanut-Butter-in-Jar.webp","width":1000,"height":1000,"caption":"Stabilized Peanut Butter in Jar"},{"@type":"BreadcrumbList","@id":"https:\/\/www.peanutoem.com\/manufacturer\/stabilized-peanut-butter\/#breadcrumb","itemListElement":[{"@type":"ListItem","position":1,"name":"Home","item":"https:\/\/www.peanutoem.com\/"},{"@type":"ListItem","position":2,"name":"Products","item":"https:\/\/www.peanutoem.com\/shop\/"},{"@type":"ListItem","position":3,"name":"Stabilized Peanut Butter"}]},{"@type":"WebSite","@id":"https:\/\/www.peanutoem.com\/#website","url":"https:\/\/www.peanutoem.com\/","name":"Peanut Butter Factory","description":"Peanut Butter Manufacturer and Roast Peanut OEM Factory | Peanut Private Label China Supplier","publisher":{"@id":"https:\/\/www.peanutoem.com\/#organization"},"alternateName":"Peanut Butter OEM and Wholesale","potentialAction":[{"@type":"SearchAction","target":{"@type":"EntryPoint","urlTemplate":"https:\/\/www.peanutoem.com\/?s={search_term_string}"},"query-input":{"@type":"PropertyValueSpecification","valueRequired":true,"valueName":"search_term_string"}}],"inLanguage":"de"},{"@type":"Organization","@id":"https:\/\/www.peanutoem.com\/#organization","name":"Peanut Butter Factory","alternateName":"JuFeng Group","url":"https:\/\/www.peanutoem.com\/","logo":{"@type":"ImageObject","inLanguage":"de","@id":"https:\/\/www.peanutoem.com\/#\/schema\/logo\/image\/","url":"https:\/\/www.peanutoem.com\/wp-content\/uploads\/2024\/09\/JUFENG-LOGO.png","contentUrl":"https:\/\/www.peanutoem.com\/wp-content\/uploads\/2024\/09\/JUFENG-LOGO.png","width":600,"height":170,"caption":"Peanut Butter Factory"},"image":{"@id":"https:\/\/www.peanutoem.com\/#\/schema\/logo\/image\/"}}]}},"_links":{"self":[{"href":"https:\/\/www.peanutoem.com\/de\/wp-json\/wp\/v2\/product\/1545","targetHints":{"allow":["GET"]}}],"collection":[{"href":"https:\/\/www.peanutoem.com\/de\/wp-json\/wp\/v2\/product"}],"about":[{"href":"https:\/\/www.peanutoem.com\/de\/wp-json\/wp\/v2\/types\/product"}],"replies":[{"embeddable":true,"href":"https:\/\/www.peanutoem.com\/de\/wp-json\/wp\/v2\/comments?post=1545"}],"wp:featuredmedia":[{"embeddable":true,"href":"https:\/\/www.peanutoem.com\/de\/wp-json\/wp\/v2\/media\/1692"}],"wp:attachment":[{"href":"https:\/\/www.peanutoem.com\/de\/wp-json\/wp\/v2\/media?parent=1545"}],"wp:term":[{"taxonomy":"product_cat","embeddable":true,"href":"https:\/\/www.peanutoem.com\/de\/wp-json\/wp\/v2\/product_cat?post=1545"},{"taxonomy":"product_tag","embeddable":true,"href":"https:\/\/www.peanutoem.com\/de\/wp-json\/wp\/v2\/product_tag?post=1545"}],"curies":[{"name":"wp","href":"https:\/\/api.w.org\/{rel}","templated":true}]}}