{"id":1553,"date":"2024-09-02T13:58:23","date_gmt":"2024-09-02T13:58:23","guid":{"rendered":"https:\/\/www.peanutoem.com\/?post_type=product&#038;p=1553"},"modified":"2024-09-24T15:21:33","modified_gmt":"2024-09-24T15:21:33","slug":"roasted-peanut-kernels","status":"publish","type":"product","link":"https:\/\/www.peanutoem.com\/de\/manufacturer\/roasted-peanut-kernels\/","title":{"rendered":"Ger\u00f6stete Erdnusskerne"},"content":{"rendered":"<h3>Was sind ger\u00f6stete Erdnusskerne?<\/h3>\n<p>Ger\u00f6stete Erdnusskerne sind der essbare Teil der Erdnussschale, der sorgf\u00e4ltig ger\u00f6stet wurde. Der R\u00f6stvorgang verbessert das Aroma und den Geschmack der Erdn\u00fcsse erheblich. Er verleiht Erdn\u00fcssen ein attraktives nussiges Aroma und eine knusprige Textur, was sie zu einer beliebten Snack-Wahl und einer unverzichtbaren Zutat in vielen Lebensmitteln macht. Diese ger\u00f6steten Erdnusskerne haben ein breites Anwendungsspektrum, von der klassischen Erdnussbutterherstellung \u00fcber kreative Kombinationen in gebackenen Snacks und S\u00fc\u00dfigkeiten bis hin zum Hinzuf\u00fcgen eines einzigartigen Geschmacks zu herzhaften Gerichten.<\/p>\n<h3>Welche anderen Namen gibt es f\u00fcr ger\u00f6stete Erdnusskerne?<\/h3>\n<p>Ger\u00f6stete Erdnusskerne werden je nach Region oder Anwendung manchmal mit anderen Namen bezeichnet. Gebr\u00e4uchliche Namen sind:<\/p>\n<ul>\n<li><strong>Ger\u00f6stete Erdn\u00fcsse<\/strong> (in bestimmten L\u00e4ndern verwendet)<\/li>\n<li><strong>Trocken ger\u00f6stete Erdn\u00fcsse<\/strong><\/li>\n<li><strong>Ger\u00f6stete Erdn\u00fcsse<\/strong><\/li>\n<li><strong>Ger\u00f6stete Nusskerne<\/strong><\/li>\n<\/ul>\n<p>Diese Variationen betonen dasselbe k\u00f6stliche, vielseitige Produkt aus ger\u00f6steten Erdn\u00fcssen, das auf unterschiedliche Branchen und Geschm\u00e4cker zugeschnitten ist.<\/p>\n<h3>Warum sollten Sie uns als Ihren OEM-Lieferanten f\u00fcr ger\u00f6stete Erdnusskerne w\u00e4hlen?<\/h3>\n<p>Ausw\u00e4hlen <strong>China JuFeng Gruppe<\/strong> bedeutet eine Partnerschaft mit einem der vertrauensw\u00fcrdigsten Lieferanten f\u00fcr ger\u00f6stete Erdnusskerne und Eigenmarkenhersteller der Branche. Hier erfahren Sie, warum wir uns von anderen abheben:<\/p>\n<ul>\n<li><strong>Modernste Produktion<\/strong>: Mit zwei modernen, aus den USA importierten Produktionslinien liefern wir ger\u00f6stete Erdnusskerne in gleichbleibend hoher Qualit\u00e4t in gro\u00dfem Ma\u00dfstab.<\/li>\n<li><strong>Anpassbare OEM-L\u00f6sungen<\/strong>: Wir bieten flexible OEM- und Private-Label-Services, die es Kunden erm\u00f6glichen, Produktspezifikationen, Verpackungen und mehr anzupassen, um den spezifischen Marktanforderungen gerecht zu werden.<\/li>\n<li><strong>Zertifizierungen und Compliance<\/strong>: Unsere Produkte erf\u00fcllen globale Sicherheits- und Qualit\u00e4tsstandards und sind durch BRC, HACCP, Koscher, Halal und die EU-Bio-Zertifizierungen zertifiziert.<\/li>\n<li><strong>Vertrauensw\u00fcrdiger Exporteur<\/strong>: Als f\u00fchrender Exporteur haben wir Partnerschaften mit gro\u00dfen Superm\u00e4rkten und Lebensmittelmarken weltweit aufgebaut.<\/li>\n<li><strong>Lieferketten-Expertise<\/strong>: Von der Verarbeitung bis zur Lagerung gew\u00e4hrleisten wir mit unseren selbstgebauten temperaturgeregelten Anlagen eine p\u00fcnktliche Lieferung und Qualit\u00e4tskontrolle.<\/li>\n<\/ul>\n<h3>Aktuelle Themen zu ger\u00f6steten Erdnusskernen<\/h3>\n<ul>\n<li><strong>Nachhaltigkeit im Erdnussanbau<\/strong>: Ger\u00f6stete Erdnusskerne haben wie andere Erdnussprodukte im Vergleich zu anderen N\u00fcssen eine geringere Umweltbelastung und sind daher f\u00fcr Lebensmittelhersteller eine umweltfreundliche Wahl.<\/li>\n<li><strong>Gesundheitliche Vorteile<\/strong>: Ger\u00f6stete Erdn\u00fcsse sind reich an Proteinen, gesunden Fetten und Ballaststoffen und bieten Verbrauchern eine nahrhafte Snack-Option.<\/li>\n<li><strong>Innovationen in der Erdnussverarbeitung<\/strong>: Die Erdnussindustrie entwickelt sich st\u00e4ndig weiter und bietet neue R\u00f6sttechniken, die den Geschmack verbessern und gleichzeitig die N\u00e4hrstoffe bewahren.<\/li>\n<\/ul>\n<h3>Ihre Wahl und Fakten zu ger\u00f6steten Erdnusskernen<\/h3>\n<p><strong>1. Was macht die China JuFeng Group zu einem f\u00fchrenden Anbieter von ger\u00f6steten Erdnusskernen?<\/strong><br \/>\nWir kombinieren Spitzentechnologie, umfassende Erfahrung und \u00fcberlegene Produktanpassung, um den globalen Markt mit qualitativ hochwertigen ger\u00f6steten Erdnusskernen zu versorgen.<\/p>\n<p><strong>2. Bieten Sie Private-Label-Services f\u00fcr ger\u00f6stete Erdnusskerne an?<\/strong><br \/>\nJa, wir bieten flexible Private-Label-L\u00f6sungen, mit denen Sie Produktverpackung, Branding und Kernspezifikationen an die Anforderungen Ihrer Marke anpassen k\u00f6nnen.<\/p>\n<p><strong>3. Kann ich bei Ihnen ger\u00f6stete Erdnusskerne in gro\u00dfen Mengen bestellen?<\/strong><br \/>\nAuf jeden Fall. Wir bieten Gro\u00dfeinkaufsoptionen f\u00fcr Unternehmen jeder Gr\u00f6\u00dfe an, darunter Einzelh\u00e4ndler, Gro\u00dfh\u00e4ndler und Lebensmittelhersteller.<\/p>\n<p><strong>4. Welche Zertifizierungen haben Ihre ger\u00f6steten Erdnusskerne?<\/strong><br \/>\nUnsere Produkte erf\u00fcllen strenge internationale Standards und Zertifizierungen, darunter HACCP, BRC, Koscher, Halal und EU-Bio.<\/p>\n<p><strong>5. Wie stellen Sie die Qualit\u00e4t Ihrer ger\u00f6steten Erdnusskerne sicher?<\/strong><br \/>\nWir verf\u00fcgen \u00fcber ein eigenes Labor, in dem wir gr\u00fcndliche Tests durchf\u00fchren und so sicherstellen, dass jede Charge hohe sensorische, physikalische, chemische und mikrobielle Standards erf\u00fcllt.<\/p>\n<p><strong>6. Kann der R\u00f6stgrad der Erdnusskerne individuell angepasst werden?<\/strong><br \/>\nJa, wir bieten anpassbare R\u00f6stgrade (helle, mittlere oder dunkle R\u00f6stung) basierend auf Kundenpr\u00e4ferenzen und Marktanforderungen.<\/p>\n<p><strong>7. Wie werden Ihre ger\u00f6steten Erdnusskerne gelagert, damit sie frisch bleiben?<\/strong><br \/>\nUnsere Maisk\u00f6rner werden in temperaturgeregelten Anlagen gelagert, die ein Verderben verhindern und die Produktintegrit\u00e4t w\u00e4hrend des Transports und der Handhabung gew\u00e4hrleisten.<\/p>\n<p><strong>8. Exportieren Sie ger\u00f6stete Erdnusskerne international?<\/strong><br \/>\nJa, wir sind ein erfahrener Exporteur mit einem globalen Netzwerk und beliefern zahlreiche M\u00e4rkte auf verschiedenen Kontinenten mit ger\u00f6steten Erdnusskernen.<\/p>\n<p><strong>9. Sind Ihre ger\u00f6steten Erdnusskerne f\u00fcr die Herstellung von Erdnussbutter geeignet?<\/strong><br \/>\nAuf jeden Fall. Unsere ger\u00f6steten Erdnusskerne eignen sich ideal zur Herstellung von Erdnussbutter und bieten hervorragenden Geschmack und eine tolle Konsistenz.<\/p>","protected":false},"excerpt":{"rendered":"<p>Wir sind Hersteller und Lieferant von ger\u00f6steten Erdnusskernen in China<\/p>\n<p>\u2013 Mindestbestellmenge: 1 Tonne<br \/>\n\u2013 OEM\/ODM-Service angeboten<br \/>\n\u2013 Kostenlose Probe erh\u00e4ltlich<br \/>\n\u2013 Anpassungen akzeptieren (Spezifikationen, Farbe, Gr\u00f6\u00dfen, Verpackung, Design usw.)<\/p>\n<p>Wenn Sie ger\u00f6stete Erdnusskerne erwerben m\u00f6chten, nehmen Sie bitte Kontakt mit uns auf.<\/p>","protected":false},"featured_media":1697,"comment_status":"open","ping_status":"closed","template":"","meta":[],"product_cat":[37],"product_tag":[],"class_list":{"0":"post-1553","1":"product","2":"type-product","3":"status-publish","4":"has-post-thumbnail","6":"product_cat-roasted-peanut","8":"first","9":"instock","10":"featured","11":"shipping-taxable","12":"product-type-simple"},"yoast_head":"<!-- This site is optimized with the Yoast SEO plugin v24.9 - https:\/\/yoast.com\/wordpress\/plugins\/seo\/ -->\n<title>Roasted Peanut Kernels - Peanut Butter Factory<\/title>\n<meta name=\"description\" content=\"Premium Roasted Peanut Kernels OEM supplier, private label manufacturer, and exporter. Choose us for superior quality and customizable options.\" \/>\n<meta name=\"robots\" content=\"index, follow, max-snippet:-1, max-image-preview:large, max-video-preview:-1\" \/>\n<link rel=\"canonical\" href=\"https:\/\/www.peanutoem.com\/de\/manufacturer\/roasted-peanut-kernels\/\" \/>\n<meta property=\"og:locale\" content=\"de_DE\" \/>\n<meta property=\"og:type\" content=\"article\" \/>\n<meta property=\"og:title\" content=\"Roasted Peanut Kernels - Peanut Butter Factory\" \/>\n<meta property=\"og:description\" content=\"Premium Roasted Peanut Kernels OEM supplier, private label manufacturer, and exporter. Choose us for superior quality and customizable options.\" \/>\n<meta property=\"og:url\" content=\"https:\/\/www.peanutoem.com\/de\/manufacturer\/roasted-peanut-kernels\/\" \/>\n<meta property=\"og:site_name\" content=\"Peanut Butter Factory\" \/>\n<meta property=\"article:modified_time\" content=\"2024-09-24T15:21:33+00:00\" \/>\n<meta property=\"og:image\" content=\"https:\/\/www.peanutoem.com\/wp-content\/uploads\/2024\/09\/Roasted-Peanut-Kernels-on-plate-scaled.webp\" \/>\n\t<meta property=\"og:image:width\" content=\"2560\" \/>\n\t<meta property=\"og:image:height\" content=\"1707\" \/>\n\t<meta property=\"og:image:type\" content=\"image\/webp\" \/>\n<meta name=\"twitter:card\" content=\"summary_large_image\" \/>\n<meta name=\"twitter:label1\" content=\"Gesch\u00e4tzte Lesezeit\" \/>\n\t<meta name=\"twitter:data1\" content=\"3\u00a0Minuten\" \/>\n<script type=\"application\/ld+json\" class=\"yoast-schema-graph\">{\"@context\":\"https:\/\/schema.org\",\"@graph\":[{\"@type\":\"WebPage\",\"@id\":\"https:\/\/www.peanutoem.com\/manufacturer\/roasted-peanut-kernels\/\",\"url\":\"https:\/\/www.peanutoem.com\/manufacturer\/roasted-peanut-kernels\/\",\"name\":\"Roasted Peanut Kernels - Peanut Butter Factory\",\"isPartOf\":{\"@id\":\"https:\/\/www.peanutoem.com\/#website\"},\"primaryImageOfPage\":{\"@id\":\"https:\/\/www.peanutoem.com\/manufacturer\/roasted-peanut-kernels\/#primaryimage\"},\"image\":{\"@id\":\"https:\/\/www.peanutoem.com\/manufacturer\/roasted-peanut-kernels\/#primaryimage\"},\"thumbnailUrl\":\"https:\/\/www.peanutoem.com\/wp-content\/uploads\/2024\/09\/Roasted-Peanut-Kernels-on-plate-scaled.webp\",\"datePublished\":\"2024-09-02T13:58:23+00:00\",\"dateModified\":\"2024-09-24T15:21:33+00:00\",\"description\":\"Premium Roasted Peanut Kernels OEM supplier, private label manufacturer, and exporter. Choose us for superior quality and customizable options.\",\"breadcrumb\":{\"@id\":\"https:\/\/www.peanutoem.com\/manufacturer\/roasted-peanut-kernels\/#breadcrumb\"},\"inLanguage\":\"de\",\"potentialAction\":[{\"@type\":\"ReadAction\",\"target\":[\"https:\/\/www.peanutoem.com\/manufacturer\/roasted-peanut-kernels\/\"]}]},{\"@type\":\"ImageObject\",\"inLanguage\":\"de\",\"@id\":\"https:\/\/www.peanutoem.com\/manufacturer\/roasted-peanut-kernels\/#primaryimage\",\"url\":\"https:\/\/www.peanutoem.com\/wp-content\/uploads\/2024\/09\/Roasted-Peanut-Kernels-on-plate-scaled.webp\",\"contentUrl\":\"https:\/\/www.peanutoem.com\/wp-content\/uploads\/2024\/09\/Roasted-Peanut-Kernels-on-plate-scaled.webp\",\"width\":2560,\"height\":1707,\"caption\":\"Roasted Peanut Kernels on plate\"},{\"@type\":\"BreadcrumbList\",\"@id\":\"https:\/\/www.peanutoem.com\/manufacturer\/roasted-peanut-kernels\/#breadcrumb\",\"itemListElement\":[{\"@type\":\"ListItem\",\"position\":1,\"name\":\"Home\",\"item\":\"https:\/\/www.peanutoem.com\/\"},{\"@type\":\"ListItem\",\"position\":2,\"name\":\"Products\",\"item\":\"https:\/\/www.peanutoem.com\/shop\/\"},{\"@type\":\"ListItem\",\"position\":3,\"name\":\"Roasted Peanut Kernels\"}]},{\"@type\":\"WebSite\",\"@id\":\"https:\/\/www.peanutoem.com\/#website\",\"url\":\"https:\/\/www.peanutoem.com\/\",\"name\":\"Peanut Butter Factory\",\"description\":\"Peanut Butter Manufacturer and Roast Peanut OEM Factory | Peanut Private Label China Supplier\",\"publisher\":{\"@id\":\"https:\/\/www.peanutoem.com\/#organization\"},\"alternateName\":\"Peanut Butter OEM and Wholesale\",\"potentialAction\":[{\"@type\":\"SearchAction\",\"target\":{\"@type\":\"EntryPoint\",\"urlTemplate\":\"https:\/\/www.peanutoem.com\/?s={search_term_string}\"},\"query-input\":{\"@type\":\"PropertyValueSpecification\",\"valueRequired\":true,\"valueName\":\"search_term_string\"}}],\"inLanguage\":\"de\"},{\"@type\":\"Organization\",\"@id\":\"https:\/\/www.peanutoem.com\/#organization\",\"name\":\"Peanut Butter Factory\",\"alternateName\":\"JuFeng Group\",\"url\":\"https:\/\/www.peanutoem.com\/\",\"logo\":{\"@type\":\"ImageObject\",\"inLanguage\":\"de\",\"@id\":\"https:\/\/www.peanutoem.com\/#\/schema\/logo\/image\/\",\"url\":\"https:\/\/www.peanutoem.com\/wp-content\/uploads\/2024\/09\/JUFENG-LOGO.png\",\"contentUrl\":\"https:\/\/www.peanutoem.com\/wp-content\/uploads\/2024\/09\/JUFENG-LOGO.png\",\"width\":600,\"height\":170,\"caption\":\"Peanut Butter Factory\"},\"image\":{\"@id\":\"https:\/\/www.peanutoem.com\/#\/schema\/logo\/image\/\"}}]}<\/script>\n<!-- \/ Yoast SEO plugin. -->","yoast_head_json":{"title":"Roasted Peanut Kernels - Peanut Butter Factory","description":"Premium Roasted Peanut Kernels OEM supplier, private label manufacturer, and exporter. Choose us for superior quality and customizable options.","robots":{"index":"index","follow":"follow","max-snippet":"max-snippet:-1","max-image-preview":"max-image-preview:large","max-video-preview":"max-video-preview:-1"},"canonical":"https:\/\/www.peanutoem.com\/de\/manufacturer\/roasted-peanut-kernels\/","og_locale":"de_DE","og_type":"article","og_title":"Roasted Peanut Kernels - Peanut Butter Factory","og_description":"Premium Roasted Peanut Kernels OEM supplier, private label manufacturer, and exporter. Choose us for superior quality and customizable options.","og_url":"https:\/\/www.peanutoem.com\/de\/manufacturer\/roasted-peanut-kernels\/","og_site_name":"Peanut Butter Factory","article_modified_time":"2024-09-24T15:21:33+00:00","og_image":[{"width":2560,"height":1707,"url":"https:\/\/www.peanutoem.com\/wp-content\/uploads\/2024\/09\/Roasted-Peanut-Kernels-on-plate-scaled.webp","type":"image\/webp"}],"twitter_card":"summary_large_image","twitter_misc":{"Gesch\u00e4tzte Lesezeit":"3\u00a0Minuten"},"schema":{"@context":"https:\/\/schema.org","@graph":[{"@type":"WebPage","@id":"https:\/\/www.peanutoem.com\/manufacturer\/roasted-peanut-kernels\/","url":"https:\/\/www.peanutoem.com\/manufacturer\/roasted-peanut-kernels\/","name":"Roasted Peanut Kernels - Peanut Butter Factory","isPartOf":{"@id":"https:\/\/www.peanutoem.com\/#website"},"primaryImageOfPage":{"@id":"https:\/\/www.peanutoem.com\/manufacturer\/roasted-peanut-kernels\/#primaryimage"},"image":{"@id":"https:\/\/www.peanutoem.com\/manufacturer\/roasted-peanut-kernels\/#primaryimage"},"thumbnailUrl":"https:\/\/www.peanutoem.com\/wp-content\/uploads\/2024\/09\/Roasted-Peanut-Kernels-on-plate-scaled.webp","datePublished":"2024-09-02T13:58:23+00:00","dateModified":"2024-09-24T15:21:33+00:00","description":"Premium Roasted Peanut Kernels OEM supplier, private label manufacturer, and exporter. Choose us for superior quality and customizable options.","breadcrumb":{"@id":"https:\/\/www.peanutoem.com\/manufacturer\/roasted-peanut-kernels\/#breadcrumb"},"inLanguage":"de","potentialAction":[{"@type":"ReadAction","target":["https:\/\/www.peanutoem.com\/manufacturer\/roasted-peanut-kernels\/"]}]},{"@type":"ImageObject","inLanguage":"de","@id":"https:\/\/www.peanutoem.com\/manufacturer\/roasted-peanut-kernels\/#primaryimage","url":"https:\/\/www.peanutoem.com\/wp-content\/uploads\/2024\/09\/Roasted-Peanut-Kernels-on-plate-scaled.webp","contentUrl":"https:\/\/www.peanutoem.com\/wp-content\/uploads\/2024\/09\/Roasted-Peanut-Kernels-on-plate-scaled.webp","width":2560,"height":1707,"caption":"Roasted Peanut Kernels on plate"},{"@type":"BreadcrumbList","@id":"https:\/\/www.peanutoem.com\/manufacturer\/roasted-peanut-kernels\/#breadcrumb","itemListElement":[{"@type":"ListItem","position":1,"name":"Home","item":"https:\/\/www.peanutoem.com\/"},{"@type":"ListItem","position":2,"name":"Products","item":"https:\/\/www.peanutoem.com\/shop\/"},{"@type":"ListItem","position":3,"name":"Roasted Peanut Kernels"}]},{"@type":"WebSite","@id":"https:\/\/www.peanutoem.com\/#website","url":"https:\/\/www.peanutoem.com\/","name":"Peanut Butter Factory","description":"Peanut Butter Manufacturer and Roast Peanut OEM Factory | Peanut Private Label China Supplier","publisher":{"@id":"https:\/\/www.peanutoem.com\/#organization"},"alternateName":"Peanut Butter OEM and Wholesale","potentialAction":[{"@type":"SearchAction","target":{"@type":"EntryPoint","urlTemplate":"https:\/\/www.peanutoem.com\/?s={search_term_string}"},"query-input":{"@type":"PropertyValueSpecification","valueRequired":true,"valueName":"search_term_string"}}],"inLanguage":"de"},{"@type":"Organization","@id":"https:\/\/www.peanutoem.com\/#organization","name":"Peanut Butter Factory","alternateName":"JuFeng Group","url":"https:\/\/www.peanutoem.com\/","logo":{"@type":"ImageObject","inLanguage":"de","@id":"https:\/\/www.peanutoem.com\/#\/schema\/logo\/image\/","url":"https:\/\/www.peanutoem.com\/wp-content\/uploads\/2024\/09\/JUFENG-LOGO.png","contentUrl":"https:\/\/www.peanutoem.com\/wp-content\/uploads\/2024\/09\/JUFENG-LOGO.png","width":600,"height":170,"caption":"Peanut Butter Factory"},"image":{"@id":"https:\/\/www.peanutoem.com\/#\/schema\/logo\/image\/"}}]}},"_links":{"self":[{"href":"https:\/\/www.peanutoem.com\/de\/wp-json\/wp\/v2\/product\/1553","targetHints":{"allow":["GET"]}}],"collection":[{"href":"https:\/\/www.peanutoem.com\/de\/wp-json\/wp\/v2\/product"}],"about":[{"href":"https:\/\/www.peanutoem.com\/de\/wp-json\/wp\/v2\/types\/product"}],"replies":[{"embeddable":true,"href":"https:\/\/www.peanutoem.com\/de\/wp-json\/wp\/v2\/comments?post=1553"}],"wp:featuredmedia":[{"embeddable":true,"href":"https:\/\/www.peanutoem.com\/de\/wp-json\/wp\/v2\/media\/1697"}],"wp:attachment":[{"href":"https:\/\/www.peanutoem.com\/de\/wp-json\/wp\/v2\/media?parent=1553"}],"wp:term":[{"taxonomy":"product_cat","embeddable":true,"href":"https:\/\/www.peanutoem.com\/de\/wp-json\/wp\/v2\/product_cat?post=1553"},{"taxonomy":"product_tag","embeddable":true,"href":"https:\/\/www.peanutoem.com\/de\/wp-json\/wp\/v2\/product_tag?post=1553"}],"curies":[{"name":"wp","href":"https:\/\/api.w.org\/{rel}","templated":true}]}}