{"id":1555,"date":"2024-09-02T14:00:33","date_gmt":"2024-09-02T14:00:33","guid":{"rendered":"https:\/\/www.peanutoem.com\/?post_type=product&#038;p=1555"},"modified":"2024-09-28T04:44:51","modified_gmt":"2024-09-28T04:44:51","slug":"roasted-peanut-kernels-in-split","status":"publish","type":"product","link":"https:\/\/www.peanutoem.com\/de\/manufacturer\/roasted-peanut-kernels-in-split\/","title":{"rendered":"Ger\u00f6stete Erdnusskerne in Spalten | Ger\u00f6stete Erdnusskerne in Scheiben"},"content":{"rendered":"<h3>Was sind ger\u00f6stete Erdnusskerne in Split?<\/h3>\n<p>Ger\u00f6stete Erdnusskerne in gespaltener Form oder ger\u00f6stete gespaltene Erdnusskerne sind Erdn\u00fcsse, die sorgf\u00e4ltig bis zur Perfektion ger\u00f6stet und dann vorsichtig in zwei H\u00e4lften geteilt wurden. Sie sind bekannt f\u00fcr ihr reichhaltiges Aroma, ihren knusprigen Geschmack und ihre breite Verwendung in Snacks, Backwaren und einer Vielzahl von Lebensmitteln. Der R\u00f6stprozess verbessert nicht nur den nat\u00fcrlichen Geschmack der Erdn\u00fcsse, sondern macht sie auch zu einer idealen Wahl f\u00fcr Lebensmittelhersteller, Snackmarken und Verbraucher, die eine ges\u00fcndere Ern\u00e4hrung anstreben.<\/p>\n<h3>Alternative Namen f\u00fcr ger\u00f6stete Erdnusskerne in Split<\/h3>\n<p>Je nach Region oder Markt haben ger\u00f6stete Erdnusskerne in Split auch andere Namen, darunter:<\/p>\n<ul>\n<li>Ger\u00f6stete Erdn\u00fcsse<\/li>\n<li>Ger\u00f6stete Erdnussh\u00e4lften<\/li>\n<li>Ger\u00f6stete Erdnusskerne<\/li>\n<li>Erdnusssplits<\/li>\n<\/ul>\n<h3>Relevante aktuelle Themen<\/h3>\n<ol>\n<li><strong>Gesundheitliche Vorteile von ger\u00f6steten Erdnusskernen<\/strong>: Ger\u00f6stete Erdnusskerne sind eine reichhaltige Quelle f\u00fcr Proteine, gesunde Fette und wichtige Vitamine. Sie eignen sich als nahrhafter Snack oder als Zutat in verschiedenen gesundheitsf\u00f6rdernden Produkten.<\/li>\n<li><strong>Die wachsende Nachfrage nach Snacks auf Erdnussbasis:<\/strong> Ger\u00f6stete Erdnusskerne in gespaltener Form erfreuen sich aufgrund der steigenden Nachfrage nach gesunden Snacks zunehmender Beliebtheit.<\/li>\n<li><strong>Lebensmittelsicherheit und Qualit\u00e4tskontrolle bei der Erdnussverarbeitung:<\/strong> Die Einhaltung hoher Produktions- und Handhabungsstandards ist f\u00fcr die Produktintegrit\u00e4t und die Einhaltung der Lebensmittelsicherheitsvorschriften von entscheidender Bedeutung.<\/li>\n<li><strong>Erdnussprodukte mit Eigenmarke:<\/strong> Viele Marken entscheiden sich f\u00fcr unseren Private-Label-Service, um hochwertige, geschnittene ger\u00f6stete Erdnusskerne unter ihrem eigenen Branding anzubieten.<\/li>\n<\/ol>\n<p><img loading=\"lazy\" decoding=\"async\" class=\"alignnone wp-image-1720 size-large\" src=\"https:\/\/www.peanutoem.com\/wp-content\/uploads\/2024\/09\/Roasted-Peanut-Power-in-Carton-1024x908.webp\" alt=\"Ger\u00f6stetes Erdnuss-Power im Karton\" width=\"1020\" height=\"904\" srcset=\"https:\/\/www.peanutoem.com\/wp-content\/uploads\/2024\/09\/Roasted-Peanut-Power-in-Carton-1024x908.webp 1024w, https:\/\/www.peanutoem.com\/wp-content\/uploads\/2024\/09\/Roasted-Peanut-Power-in-Carton-300x266.webp 300w, https:\/\/www.peanutoem.com\/wp-content\/uploads\/2024\/09\/Roasted-Peanut-Power-in-Carton-768x681.webp 768w, https:\/\/www.peanutoem.com\/wp-content\/uploads\/2024\/09\/Roasted-Peanut-Power-in-Carton-1536x1362.webp 1536w, https:\/\/www.peanutoem.com\/wp-content\/uploads\/2024\/09\/Roasted-Peanut-Power-in-Carton-2048x1816.webp 2048w, https:\/\/www.peanutoem.com\/wp-content\/uploads\/2024\/09\/Roasted-Peanut-Power-in-Carton-14x12.webp 14w, https:\/\/www.peanutoem.com\/wp-content\/uploads\/2024\/09\/Roasted-Peanut-Power-in-Carton-600x532.webp 600w\" sizes=\"auto, (max-width: 1020px) 100vw, 1020px\" \/><\/p>\n<hr \/>\n<h3>Warum sollten Sie uns als Ihren Lieferanten f\u00fcr geschnittene ger\u00f6stete Erdnusskerne w\u00e4hlen?<\/h3>\n<p>Wir sind aus mehreren \u00fcberzeugenden Gr\u00fcnden ein vertrauensw\u00fcrdiger Lieferant von ger\u00f6steten Erdnusskernen in Split:<\/p>\n<ul>\n<li><strong>Moderne Produktionsanlagen:<\/strong> Unsere Fabrik nutzt hochmoderne US-Produktionslinien f\u00fcr R\u00f6st- und Schneideprozesse der Spitzenklasse.<\/li>\n<li><strong>Strenge Qualit\u00e4tssicherung:<\/strong> Wir f\u00fchren in unserem Labor umfassende Tests durch, um sicherzustellen, dass jede Charge den globalen Standards entspricht.<\/li>\n<li><strong>Globale Zertifizierungen:<\/strong> Unsere ger\u00f6steten Erdnusskerne sind hinsichtlich Qualit\u00e4t und Sicherheit nach HACCP, BRCGS, koscher, halal und EU-Bio zertifiziert.<\/li>\n<li><strong>Zuverl\u00e4ssige Lieferkette:<\/strong> Unser gro\u00dfes Lager mit konstanter Temperatur garantiert das ganze Jahr \u00fcber Produktqualit\u00e4t und Versorgungsstabilit\u00e4t.<\/li>\n<li><strong>Ma\u00dfgeschneiderte Services:<\/strong> Wir bieten ma\u00dfgeschneiderte Private-Label-L\u00f6sungen, die auf die spezifischen Bed\u00fcrfnisse von Marken und Importeuren weltweit zugeschnitten sind.<\/li>\n<li><strong>Nachhaltige Entwicklung:<\/strong> Wir konzentrieren uns auf nachhaltige Praktiken und arbeiten zum gegenseitigen Nutzen mit renommierten Supermarktketten zusammen.<\/li>\n<\/ul>\n<h3>Fragen und Antworten zu ger\u00f6steten Erdnusskernen in Scheiben<\/h3>\n<p><strong>F: Was macht Sie zu einem f\u00fchrenden Lieferanten f\u00fcr ger\u00f6stete Erdnusskerne in gespaltener Form?<\/strong><br \/>\n<strong>A:<\/strong> Unsere hochmodernen Produktionsanlagen, unsere strenge Qualit\u00e4tssicherung und unsere weltweiten Zertifizierungen gew\u00e4hrleisten, dass wir stets qualitativ hochwertige Produkte liefern.<\/p>\n<p><strong>F: Kann ich die Verpackung an meine Marke anpassen?<\/strong><br \/>\n<strong>A:<\/strong> Ja, wir bieten Private-Label-Dienste an, die eine vollst\u00e4ndige Anpassung der Verpackung und des Brandings an Ihre Marktanforderungen erm\u00f6glichen.<\/p>\n<p><strong>F: Welche Zertifizierungen haben Ihre ger\u00f6steten Erdnusskerne?<\/strong><br \/>\n<strong>A:<\/strong> Unsere Produkte sind nach HACCP, BRC, Halal, Koscher, EU-Bio und anderen globalen Standards zertifiziert, um Qualit\u00e4t und Sicherheit zu gew\u00e4hrleisten.<\/p>\n<p><strong>F: Wie stellen Sie Frische und Qualit\u00e4t sicher?<\/strong><br \/>\n<strong>A:<\/strong> In unserem gro\u00dfen Lager mit konstanter Temperatur herrschen optimale Bedingungen, sodass Frische und Qualit\u00e4t bis zur Lieferung erhalten bleiben.<\/p>\n<p><strong>F: Bieten Sie Gro\u00dfbestellungen f\u00fcr den internationalen Versand an?<\/strong><br \/>\n<strong>A:<\/strong> Ja, wir sind auf Gro\u00dfbestellungen und internationale Sendungen spezialisiert und gew\u00e4hrleisten eine nahtlose Lieferkette f\u00fcr globale Kunden.<\/p>\n<p><strong>F: Welche Vorteile bietet die Wahl ger\u00f6steter Erdnusskerne in gespaltener Form?<\/strong><br \/>\n<strong>A:<\/strong> Ger\u00f6stete Erdnusskerne sind ein gebrauchsfertiges Produkt mit verbessertem Geschmack und besserer Konsistenz, ideal f\u00fcr Snacks und als Garnierung.<\/p>\n<p><strong>F: Sind in Ihren ger\u00f6steten Erdnusskernen Zusatzstoffe enthalten?<\/strong><br \/>\n<strong>A:<\/strong> Nein, unsere ger\u00f6steten Erdnusskerne sind frei von Zusatz- und Konservierungsstoffen und garantieren somit ein nat\u00fcrliches Produkt.<\/p>\n<p><strong>F: Kann ich bestimmte R\u00f6stgrade anfordern?<\/strong><br \/>\n<strong>A:<\/strong> Ja, wir k\u00f6nnen den R\u00f6stgrad Ihren W\u00fcnschen entsprechend anpassen, egal ob Sie helle, mittlere oder dunkle R\u00f6stung bevorzugen.<\/p>\n<p><strong>F: Wie kann ich ein Muster anfordern?<\/strong><br \/>\n<strong>A:<\/strong> <a href=\"mailto:globepeanut@gmail.com\" target=\"_blank\" rel=\"noopener\">Kontakt <\/a>Kontaktieren Sie unser Verkaufsteam, um ein Muster anzufordern und Ihre spezifischen Anforderungen zu besprechen.<\/p>\n<p><strong>F: Welche M\u00e4rkte beliefern Sie?<\/strong><br \/>\n<strong>A:<\/strong> Dank unserer starken Branchenpartnerschaften beliefern wir unterschiedliche M\u00e4rkte weltweit mit ger\u00f6steten Erdnusskernen, darunter Nordamerika, Europa, Asien und der Nahe Osten.<\/p>\n<a href=\"mailto:globepeanut@gmail.com\" class=\"button primary is-primary is-medium\"  >\n    <span>Eine Kopie der Kopie an mich senden.<\/span>\n  <\/a>","protected":false},"excerpt":{"rendered":"<p>Wir sind Hersteller und Lieferant von ger\u00f6steten Erdnusskernen in Scheiben in China<\/p>\n<p>\u2013 Mindestbestellmenge: 1 Tonne<br \/>\n\u2013 OEM\/ODM-Service angeboten<br \/>\n\u2013 Kostenlose Probe erh\u00e4ltlich<br \/>\n\u2013 Anpassungen akzeptieren (Spezifikationen, Gr\u00f6\u00dfen, Farbe, Design usw.)<br \/>\n\u2013 Spezifikationen (3\u20135 Maschen, 4\u20137 Maschen, 5\u20138 Maschen, 6\u201310 Maschen, 8\u201314 Maschen oder nach Ihren Anforderungen)<\/p>\n<p>Wenn Sie ger\u00f6stete Erdnusskerne in gespaltener oder geschnittener Form erhalten m\u00f6chten, nehmen Sie bitte Kontakt mit uns auf.<\/p>","protected":false},"featured_media":1712,"comment_status":"open","ping_status":"closed","template":"","meta":[],"product_cat":[37],"product_tag":[],"class_list":{"0":"post-1555","1":"product","2":"type-product","3":"status-publish","4":"has-post-thumbnail","6":"product_cat-roasted-peanut","8":"first","9":"instock","10":"shipping-taxable","11":"product-type-simple"},"yoast_head":"<!-- This site is optimized with the Yoast SEO plugin v24.9 - https:\/\/yoast.com\/wordpress\/plugins\/seo\/ -->\n<title>Roasted Peanut Kernels in Split | Sliced Roasted Peanut Kernels - Peanut Butter Factory<\/title>\n<meta name=\"description\" content=\"We are leading OEM manufacturer, supplier, and exporter of high-quality Roasted Peanut Kernels in Split. Private label services and global brands partner.\" \/>\n<meta name=\"robots\" content=\"index, follow, max-snippet:-1, max-image-preview:large, max-video-preview:-1\" \/>\n<link rel=\"canonical\" href=\"https:\/\/www.peanutoem.com\/de\/manufacturer\/roasted-peanut-kernels-in-split\/\" \/>\n<meta property=\"og:locale\" content=\"de_DE\" \/>\n<meta property=\"og:type\" content=\"article\" \/>\n<meta property=\"og:title\" content=\"Roasted Peanut Kernels in Split | Sliced Roasted Peanut Kernels - Peanut Butter Factory\" \/>\n<meta property=\"og:description\" content=\"We are leading OEM manufacturer, supplier, and exporter of high-quality Roasted Peanut Kernels in Split. Private label services and global brands partner.\" \/>\n<meta property=\"og:url\" content=\"https:\/\/www.peanutoem.com\/de\/manufacturer\/roasted-peanut-kernels-in-split\/\" \/>\n<meta property=\"og:site_name\" content=\"Peanut Butter Factory\" \/>\n<meta property=\"article:modified_time\" content=\"2024-09-28T04:44:51+00:00\" \/>\n<meta property=\"og:image\" content=\"https:\/\/www.peanutoem.com\/wp-content\/uploads\/2024\/09\/4-6mm-roasted-peanut-kernels-scaled.webp\" \/>\n\t<meta property=\"og:image:width\" content=\"1920\" \/>\n\t<meta property=\"og:image:height\" content=\"2560\" \/>\n\t<meta property=\"og:image:type\" content=\"image\/webp\" \/>\n<meta name=\"twitter:card\" content=\"summary_large_image\" \/>\n<meta name=\"twitter:label1\" content=\"Gesch\u00e4tzte Lesezeit\" \/>\n\t<meta name=\"twitter:data1\" content=\"4\u00a0Minuten\" \/>\n<script type=\"application\/ld+json\" class=\"yoast-schema-graph\">{\"@context\":\"https:\/\/schema.org\",\"@graph\":[{\"@type\":\"WebPage\",\"@id\":\"https:\/\/www.peanutoem.com\/manufacturer\/roasted-peanut-kernels-in-split\/\",\"url\":\"https:\/\/www.peanutoem.com\/manufacturer\/roasted-peanut-kernels-in-split\/\",\"name\":\"Roasted Peanut Kernels in Split | Sliced Roasted Peanut Kernels - Peanut Butter Factory\",\"isPartOf\":{\"@id\":\"https:\/\/www.peanutoem.com\/#website\"},\"primaryImageOfPage\":{\"@id\":\"https:\/\/www.peanutoem.com\/manufacturer\/roasted-peanut-kernels-in-split\/#primaryimage\"},\"image\":{\"@id\":\"https:\/\/www.peanutoem.com\/manufacturer\/roasted-peanut-kernels-in-split\/#primaryimage\"},\"thumbnailUrl\":\"https:\/\/www.peanutoem.com\/wp-content\/uploads\/2024\/09\/4-6mm-roasted-peanut-kernels-scaled.webp\",\"datePublished\":\"2024-09-02T14:00:33+00:00\",\"dateModified\":\"2024-09-28T04:44:51+00:00\",\"description\":\"We are leading OEM manufacturer, supplier, and exporter of high-quality Roasted Peanut Kernels in Split. Private label services and global brands partner.\",\"breadcrumb\":{\"@id\":\"https:\/\/www.peanutoem.com\/manufacturer\/roasted-peanut-kernels-in-split\/#breadcrumb\"},\"inLanguage\":\"de\",\"potentialAction\":[{\"@type\":\"ReadAction\",\"target\":[\"https:\/\/www.peanutoem.com\/manufacturer\/roasted-peanut-kernels-in-split\/\"]}]},{\"@type\":\"ImageObject\",\"inLanguage\":\"de\",\"@id\":\"https:\/\/www.peanutoem.com\/manufacturer\/roasted-peanut-kernels-in-split\/#primaryimage\",\"url\":\"https:\/\/www.peanutoem.com\/wp-content\/uploads\/2024\/09\/4-6mm-roasted-peanut-kernels-scaled.webp\",\"contentUrl\":\"https:\/\/www.peanutoem.com\/wp-content\/uploads\/2024\/09\/4-6mm-roasted-peanut-kernels-scaled.webp\",\"width\":1920,\"height\":2560,\"caption\":\"4-6mm roasted peanut kernels\"},{\"@type\":\"BreadcrumbList\",\"@id\":\"https:\/\/www.peanutoem.com\/manufacturer\/roasted-peanut-kernels-in-split\/#breadcrumb\",\"itemListElement\":[{\"@type\":\"ListItem\",\"position\":1,\"name\":\"Home\",\"item\":\"https:\/\/www.peanutoem.com\/\"},{\"@type\":\"ListItem\",\"position\":2,\"name\":\"Products\",\"item\":\"https:\/\/www.peanutoem.com\/shop\/\"},{\"@type\":\"ListItem\",\"position\":3,\"name\":\"Roasted Peanut Kernels in Split | Sliced Roasted Peanut Kernels\"}]},{\"@type\":\"WebSite\",\"@id\":\"https:\/\/www.peanutoem.com\/#website\",\"url\":\"https:\/\/www.peanutoem.com\/\",\"name\":\"Peanut Butter Factory\",\"description\":\"Peanut Butter Manufacturer and Roast Peanut OEM Factory | Peanut Private Label China Supplier\",\"publisher\":{\"@id\":\"https:\/\/www.peanutoem.com\/#organization\"},\"alternateName\":\"Peanut Butter OEM and Wholesale\",\"potentialAction\":[{\"@type\":\"SearchAction\",\"target\":{\"@type\":\"EntryPoint\",\"urlTemplate\":\"https:\/\/www.peanutoem.com\/?s={search_term_string}\"},\"query-input\":{\"@type\":\"PropertyValueSpecification\",\"valueRequired\":true,\"valueName\":\"search_term_string\"}}],\"inLanguage\":\"de\"},{\"@type\":\"Organization\",\"@id\":\"https:\/\/www.peanutoem.com\/#organization\",\"name\":\"Peanut Butter Factory\",\"alternateName\":\"JuFeng Group\",\"url\":\"https:\/\/www.peanutoem.com\/\",\"logo\":{\"@type\":\"ImageObject\",\"inLanguage\":\"de\",\"@id\":\"https:\/\/www.peanutoem.com\/#\/schema\/logo\/image\/\",\"url\":\"https:\/\/www.peanutoem.com\/wp-content\/uploads\/2024\/09\/JUFENG-LOGO.png\",\"contentUrl\":\"https:\/\/www.peanutoem.com\/wp-content\/uploads\/2024\/09\/JUFENG-LOGO.png\",\"width\":600,\"height\":170,\"caption\":\"Peanut Butter Factory\"},\"image\":{\"@id\":\"https:\/\/www.peanutoem.com\/#\/schema\/logo\/image\/\"}}]}<\/script>\n<!-- \/ Yoast SEO plugin. -->","yoast_head_json":{"title":"Roasted Peanut Kernels in Split | Sliced Roasted Peanut Kernels - Peanut Butter Factory","description":"We are leading OEM manufacturer, supplier, and exporter of high-quality Roasted Peanut Kernels in Split. Private label services and global brands partner.","robots":{"index":"index","follow":"follow","max-snippet":"max-snippet:-1","max-image-preview":"max-image-preview:large","max-video-preview":"max-video-preview:-1"},"canonical":"https:\/\/www.peanutoem.com\/de\/manufacturer\/roasted-peanut-kernels-in-split\/","og_locale":"de_DE","og_type":"article","og_title":"Roasted Peanut Kernels in Split | Sliced Roasted Peanut Kernels - Peanut Butter Factory","og_description":"We are leading OEM manufacturer, supplier, and exporter of high-quality Roasted Peanut Kernels in Split. Private label services and global brands partner.","og_url":"https:\/\/www.peanutoem.com\/de\/manufacturer\/roasted-peanut-kernels-in-split\/","og_site_name":"Peanut Butter Factory","article_modified_time":"2024-09-28T04:44:51+00:00","og_image":[{"width":1920,"height":2560,"url":"https:\/\/www.peanutoem.com\/wp-content\/uploads\/2024\/09\/4-6mm-roasted-peanut-kernels-scaled.webp","type":"image\/webp"}],"twitter_card":"summary_large_image","twitter_misc":{"Gesch\u00e4tzte Lesezeit":"4\u00a0Minuten"},"schema":{"@context":"https:\/\/schema.org","@graph":[{"@type":"WebPage","@id":"https:\/\/www.peanutoem.com\/manufacturer\/roasted-peanut-kernels-in-split\/","url":"https:\/\/www.peanutoem.com\/manufacturer\/roasted-peanut-kernels-in-split\/","name":"Roasted Peanut Kernels in Split | Sliced Roasted Peanut Kernels - Peanut Butter Factory","isPartOf":{"@id":"https:\/\/www.peanutoem.com\/#website"},"primaryImageOfPage":{"@id":"https:\/\/www.peanutoem.com\/manufacturer\/roasted-peanut-kernels-in-split\/#primaryimage"},"image":{"@id":"https:\/\/www.peanutoem.com\/manufacturer\/roasted-peanut-kernels-in-split\/#primaryimage"},"thumbnailUrl":"https:\/\/www.peanutoem.com\/wp-content\/uploads\/2024\/09\/4-6mm-roasted-peanut-kernels-scaled.webp","datePublished":"2024-09-02T14:00:33+00:00","dateModified":"2024-09-28T04:44:51+00:00","description":"We are leading OEM manufacturer, supplier, and exporter of high-quality Roasted Peanut Kernels in Split. Private label services and global brands partner.","breadcrumb":{"@id":"https:\/\/www.peanutoem.com\/manufacturer\/roasted-peanut-kernels-in-split\/#breadcrumb"},"inLanguage":"de","potentialAction":[{"@type":"ReadAction","target":["https:\/\/www.peanutoem.com\/manufacturer\/roasted-peanut-kernels-in-split\/"]}]},{"@type":"ImageObject","inLanguage":"de","@id":"https:\/\/www.peanutoem.com\/manufacturer\/roasted-peanut-kernels-in-split\/#primaryimage","url":"https:\/\/www.peanutoem.com\/wp-content\/uploads\/2024\/09\/4-6mm-roasted-peanut-kernels-scaled.webp","contentUrl":"https:\/\/www.peanutoem.com\/wp-content\/uploads\/2024\/09\/4-6mm-roasted-peanut-kernels-scaled.webp","width":1920,"height":2560,"caption":"4-6mm roasted peanut kernels"},{"@type":"BreadcrumbList","@id":"https:\/\/www.peanutoem.com\/manufacturer\/roasted-peanut-kernels-in-split\/#breadcrumb","itemListElement":[{"@type":"ListItem","position":1,"name":"Home","item":"https:\/\/www.peanutoem.com\/"},{"@type":"ListItem","position":2,"name":"Products","item":"https:\/\/www.peanutoem.com\/shop\/"},{"@type":"ListItem","position":3,"name":"Roasted Peanut Kernels in Split | Sliced Roasted Peanut Kernels"}]},{"@type":"WebSite","@id":"https:\/\/www.peanutoem.com\/#website","url":"https:\/\/www.peanutoem.com\/","name":"Peanut Butter Factory","description":"Peanut Butter Manufacturer and Roast Peanut OEM Factory | Peanut Private Label China Supplier","publisher":{"@id":"https:\/\/www.peanutoem.com\/#organization"},"alternateName":"Peanut Butter OEM and Wholesale","potentialAction":[{"@type":"SearchAction","target":{"@type":"EntryPoint","urlTemplate":"https:\/\/www.peanutoem.com\/?s={search_term_string}"},"query-input":{"@type":"PropertyValueSpecification","valueRequired":true,"valueName":"search_term_string"}}],"inLanguage":"de"},{"@type":"Organization","@id":"https:\/\/www.peanutoem.com\/#organization","name":"Peanut Butter Factory","alternateName":"JuFeng Group","url":"https:\/\/www.peanutoem.com\/","logo":{"@type":"ImageObject","inLanguage":"de","@id":"https:\/\/www.peanutoem.com\/#\/schema\/logo\/image\/","url":"https:\/\/www.peanutoem.com\/wp-content\/uploads\/2024\/09\/JUFENG-LOGO.png","contentUrl":"https:\/\/www.peanutoem.com\/wp-content\/uploads\/2024\/09\/JUFENG-LOGO.png","width":600,"height":170,"caption":"Peanut Butter Factory"},"image":{"@id":"https:\/\/www.peanutoem.com\/#\/schema\/logo\/image\/"}}]}},"_links":{"self":[{"href":"https:\/\/www.peanutoem.com\/de\/wp-json\/wp\/v2\/product\/1555","targetHints":{"allow":["GET"]}}],"collection":[{"href":"https:\/\/www.peanutoem.com\/de\/wp-json\/wp\/v2\/product"}],"about":[{"href":"https:\/\/www.peanutoem.com\/de\/wp-json\/wp\/v2\/types\/product"}],"replies":[{"embeddable":true,"href":"https:\/\/www.peanutoem.com\/de\/wp-json\/wp\/v2\/comments?post=1555"}],"wp:featuredmedia":[{"embeddable":true,"href":"https:\/\/www.peanutoem.com\/de\/wp-json\/wp\/v2\/media\/1712"}],"wp:attachment":[{"href":"https:\/\/www.peanutoem.com\/de\/wp-json\/wp\/v2\/media?parent=1555"}],"wp:term":[{"taxonomy":"product_cat","embeddable":true,"href":"https:\/\/www.peanutoem.com\/de\/wp-json\/wp\/v2\/product_cat?post=1555"},{"taxonomy":"product_tag","embeddable":true,"href":"https:\/\/www.peanutoem.com\/de\/wp-json\/wp\/v2\/product_tag?post=1555"}],"curies":[{"name":"wp","href":"https:\/\/api.w.org\/{rel}","templated":true}]}}