{"id":1556,"date":"2024-09-02T14:00:57","date_gmt":"2024-09-02T14:00:57","guid":{"rendered":"https:\/\/www.peanutoem.com\/?post_type=product&#038;p=1556"},"modified":"2024-09-28T04:23:49","modified_gmt":"2024-09-28T04:23:49","slug":"roasted-peanut-powder","status":"publish","type":"product","link":"https:\/\/www.peanutoem.com\/de\/manufacturer\/roasted-peanut-powder\/","title":{"rendered":"Ger\u00f6stetes Erdnusspulver"},"content":{"rendered":"<h3>Was ist ger\u00f6stetes Erdnusspulver?<\/h3>\n<p>Ger\u00f6stetes Erdnusspulver wird durch feines Mahlen von Erdn\u00fcssen hergestellt und verst\u00e4rkt ihren nat\u00fcrlichen Geschmack durch eine <a href=\"https:\/\/en.wikipedia.org\/wiki\/Roasting\" target=\"_blank\" rel=\"noopener\">Braten<\/a> Prozess. Diese vielseitige Zutat ist in der Lebensmittelindustrie beliebt und dient als hochwertige Komponente in Erdnusssnacks, Backwaren, So\u00dfen und Proteinpulvern. Der R\u00f6stprozess verst\u00e4rkt das nussige Aroma der Erdn\u00fcsse deutlich, was sie zu einem bevorzugten Material f\u00fcr Lebensmittelhersteller macht, die einen reichen Erdnussgeschmack suchen. Durch die Pulverform l\u00e4sst sie sich leicht in eine Vielzahl von Rezepten integrieren und verleiht Lebensmitteln einen reichen Geschmack, ohne dass zus\u00e4tzliches Wasser erforderlich ist.<\/p>\n<h3><img loading=\"lazy\" decoding=\"async\" class=\"alignnone wp-image-1719 size-full\" src=\"https:\/\/www.peanutoem.com\/wp-content\/uploads\/2024\/09\/Roasted-Peanut-Powder-in-Pouch.webp\" alt=\"Ger\u00f6stetes Erdnusspulver im Beutel\" width=\"912\" height=\"1128\" srcset=\"https:\/\/www.peanutoem.com\/wp-content\/uploads\/2024\/09\/Roasted-Peanut-Powder-in-Pouch.webp 912w, https:\/\/www.peanutoem.com\/wp-content\/uploads\/2024\/09\/Roasted-Peanut-Powder-in-Pouch-243x300.webp 243w, https:\/\/www.peanutoem.com\/wp-content\/uploads\/2024\/09\/Roasted-Peanut-Powder-in-Pouch-828x1024.webp 828w, https:\/\/www.peanutoem.com\/wp-content\/uploads\/2024\/09\/Roasted-Peanut-Powder-in-Pouch-768x950.webp 768w, https:\/\/www.peanutoem.com\/wp-content\/uploads\/2024\/09\/Roasted-Peanut-Powder-in-Pouch-10x12.webp 10w, https:\/\/www.peanutoem.com\/wp-content\/uploads\/2024\/09\/Roasted-Peanut-Powder-in-Pouch-600x742.webp 600w\" sizes=\"auto, (max-width: 912px) 100vw, 912px\" \/><\/h3>\n<h3>Alternative Namen f\u00fcr ger\u00f6stetes Erdnusspulver<\/h3>\n<p>Ger\u00f6stetes Erdnusspulver ist auf dem Markt unter verschiedenen Namen bekannt. Einige g\u00e4ngige Alternativen sind:<\/p>\n<ul>\n<li>Erdnussmehl<\/li>\n<li>Ger\u00f6stetes gemahlenes Erdnusspulver<\/li>\n<li>Erdnussmehl<\/li>\n<li>Ger\u00f6stetes Erdnusspulver<\/li>\n<li>Entfettetes Erdnusspulver<\/li>\n<\/ul>\n<div class=\"group\/conversation-turn relative flex w-full min-w-0 flex-col agent-turn\">\n<div class=\"flex-col gap-1 md:gap-3\">\n<h3>Relevante aktuelle Themen zu ger\u00f6stetem Erdnusspulver<\/h3>\n<ul>\n<li data-pm-slice=\"0 0 []\"><strong>Glutenfreie Backanwendungen:<\/strong> Immer mehr B\u00e4cker verwenden ger\u00f6stetes Erdnusspulver als Mehlersatz in glutenfreien Rezepten und verbessern so sowohl den Geschmack als auch den N\u00e4hrwert.<\/li>\n<li><strong>Gesundheitliche Vorteile:<\/strong> Gesundheitsbewusste Verbraucher finden ger\u00f6stetes Erdnusspulver aufgrund seines hohen Protein-, Ballaststoff- und gesunden Fettgehalts attraktiv.<\/li>\n<li><strong>Wachsende Nachfrage nach pflanzlichem Protein:<\/strong> Da die pflanzliche Ern\u00e4hrung immer beliebter wird, wird ger\u00f6stetes Erdnusspulver zu einer beliebten Proteinquelle f\u00fcr Veganer und Vegetarier.<\/li>\n<li><strong>Glutenfreie Backanwendungen:<\/strong> Immer mehr B\u00e4cker entscheiden sich f\u00fcr ger\u00f6stetes Erdnusspulver als Mehlersatz in glutenfreien Rezepten, um Geschmack und N\u00e4hrwert zu verbessern.<\/li>\n<li><strong>Innovative Anwendungen in der Lebensmittelindustrie:<\/strong> Diese vielseitige Zutat verbessert den Geschmack und die Textur verschiedener Produkte, von Energieriegeln bis hin zu So\u00dfen.<\/li>\n<li><strong>Private-Label-M\u00f6glichkeiten:<\/strong> Viele Marken entscheiden sich f\u00fcr Erdnussprodukte unter Eigenmarken und bieten mit uns als vertrauensw\u00fcrdigem OEM-Partner ma\u00dfgeschneiderte L\u00f6sungen f\u00fcr ger\u00f6stetes Erdnusspulver an.<\/li>\n<\/ul>\n<h3 class=\"flex max-w-full flex-col flex-grow\"><span style=\"font-size: 20.16px;\">Als vertrauensw\u00fcrdiger Marktf\u00fchrer in der Erdnussverarbeitungsindustrie bieten wir hochwertiges ger\u00f6stetes Erdnusspulver f\u00fcr verschiedene Anwendungen. So heben wir uns ab:<\/span><\/h3>\n<ul>\n<li><strong>Modernste Produktion:<\/strong> Unsere hochmodernen Produktionslinien gew\u00e4hrleisten hochwertiges ger\u00f6stetes Erdnusspulver mit gleichbleibender Partikelgr\u00f6\u00dfe und gleichbleibendem Geschmack.<\/li>\n<li><strong>Ma\u00dfgeschneiderte L\u00f6sungen:<\/strong> Als OEM-Hersteller liefern wir Private-Label-Services, ma\u00dfgeschneiderte R\u00f6stgrade und flexible Verpackungsoptionen, um Ihre individuellen Anforderungen zu erf\u00fcllen.<\/li>\n<li><strong>Strenge Qualit\u00e4tskontrolle:<\/strong> Durch strenge sensorische, chemische und mikrobielle Tests in unseren hochmodernen Labors gew\u00e4hrleisten wir die Einhaltung h\u00f6chster Produktstandards.<\/li>\n<li><strong>Zertifizierungen und Konformit\u00e4t:<\/strong> Unsere Zertifizierungen \u2013 BRCGS, HACCP, Halal, Koscher und EU-Bio \u2013 best\u00e4tigen, dass wir strenge Qualit\u00e4ts- und Sicherheitsstandards einhalten.<\/li>\n<li><strong>Globale Exportkompetenz:<\/strong> Mit umfassender Erfahrung in der internationalen Logistik garantieren wir einen reibungslosen und zuverl\u00e4ssigen Exportprozess in M\u00e4rkte weltweit.<\/li>\n<li><strong>Nachhaltigkeits-Engagement:<\/strong> Wir legen Wert auf nachhaltige Beschaffung und umweltfreundliche Produktionspraktiken und tragen so zu einer besseren Zukunft der Erdnussindustrie bei.<\/li>\n<\/ul>\n<h3>Warum uns w\u00e4hlen?<\/h3>\n<ul>\n<li><strong>Beste Wahl:<\/strong> Unsere Spitzentechnologie, Anpassungsoptionen und globalen Zertifizierungen machen uns zu einem f\u00fchrenden Anbieter.<\/li>\n<li><strong>Kundenspezifische Verpackung:<\/strong> Wir bieten Private-Label-Dienste an, um Ihre Verpackung und Ihr Branding an Ihre Vorgaben anzupassen.<\/li>\n<li><strong>Frischegarantie:<\/strong> Unsere temperaturgeregelten Lagereinrichtungen bewahren die Frische der Produkte w\u00e4hrend der Lagerung und des Versands.<\/li>\n<li><strong>R\u00f6stgrade:<\/strong> Genie\u00dfen Sie individuell anpassbare R\u00f6stgrade von hell bis dunkel, ganz nach Ihren Geschmacksvorlieben.<\/li>\n<li><strong>Gro\u00dfbestellungen:<\/strong> Kontaktieren Sie unser Vertriebsteam, um Ihren Bedarf an Gro\u00dfbestellungen einfach zu besprechen und zu erf\u00fcllen.<\/li>\n<li><strong>Industrieanwendungen:<\/strong> Unser ger\u00f6stetes Erdnusspulver ist beliebt zum Backen, zur Herstellung von Snacks, als Proteinpr\u00e4parat, in Saucen und Aromen.<\/li>\n<li><strong>Glutenfrei:<\/strong> Da es von Natur aus glutenfrei ist, ist es eine ausgezeichnete Wahl f\u00fcr glutenfreie Lebensmittel.<\/li>\n<li><strong>Verf\u00fcgbare Beispiele:<\/strong> Wir stellen potenziellen Kunden Muster zur Verf\u00fcgung, damit sie die Qualit\u00e4t und Eignung unseres Produkts beurteilen k\u00f6nnen.<\/li>\n<li><strong>Globale Reichweite:<\/strong> Wir exportieren in M\u00e4rkte in Nordamerika, Europa, Asien und dem Nahen Osten und sorgen so f\u00fcr ein robustes internationales Versorgungsnetzwerk.<\/li>\n<\/ul>\n<a href=\"mailto:globepeanut@gmail.com\" class=\"button primary is-primary is-medium\"  >\n    <span>Eine Kopie der Kopie an mich senden.<\/span>\n  <\/a>\n\n<\/div>\n<\/div>","protected":false},"excerpt":{"rendered":"<p>Wir sind Hersteller und Lieferant von ger\u00f6stetem Erdnusspulver in China<\/p>\n<p>\u2013 Mindestbestellmenge: 1 Tonne<br \/>\n\u2013 OEM\/ODM-Service angeboten<br \/>\n\u2013 Kostenlose Probe erh\u00e4ltlich<br \/>\n\u2013 Anpassungen akzeptieren (Spezifikationen, Gr\u00f6\u00dfen, Farbe, Design usw.)<br \/>\n\u2013 Spezifikationen (14 Maschen kleiner oder nach Ihren Anforderungen)<\/p>\n<p>Wenn Sie ger\u00f6stetes Erdnusspulver erwerben m\u00f6chten, nehmen Sie bitte Kontakt mit uns auf.<\/p>","protected":false},"featured_media":1714,"comment_status":"open","ping_status":"closed","template":"","meta":[],"product_cat":[37],"product_tag":[],"class_list":{"0":"post-1556","1":"product","2":"type-product","3":"status-publish","4":"has-post-thumbnail","6":"product_cat-roasted-peanut","8":"first","9":"instock","10":"shipping-taxable","11":"product-type-simple"},"yoast_head":"<!-- This site is optimized with the Yoast SEO plugin v24.9 - https:\/\/yoast.com\/wordpress\/plugins\/seo\/ -->\n<title>Roasted Peanut Powder Manufacturer - Peanut Butter Factory<\/title>\n<meta name=\"description\" content=\"We are a top OEM, private label manufacturer, and exporter of premium Roasted Peanut Powder, offering quality solutions globally.\" \/>\n<meta name=\"robots\" content=\"index, follow, max-snippet:-1, max-image-preview:large, max-video-preview:-1\" \/>\n<link rel=\"canonical\" href=\"https:\/\/www.peanutoem.com\/de\/manufacturer\/roasted-peanut-powder\/\" \/>\n<meta property=\"og:locale\" content=\"de_DE\" \/>\n<meta property=\"og:type\" content=\"article\" \/>\n<meta property=\"og:title\" content=\"Roasted Peanut Powder Manufacturer - Peanut Butter Factory\" \/>\n<meta property=\"og:description\" content=\"We are a top OEM, private label manufacturer, and exporter of premium Roasted Peanut Powder, offering quality solutions globally.\" \/>\n<meta property=\"og:url\" content=\"https:\/\/www.peanutoem.com\/de\/manufacturer\/roasted-peanut-powder\/\" \/>\n<meta property=\"og:site_name\" content=\"Peanut Butter Factory\" \/>\n<meta property=\"article:modified_time\" content=\"2024-09-28T04:23:49+00:00\" \/>\n<meta property=\"og:image\" content=\"https:\/\/www.peanutoem.com\/wp-content\/uploads\/2024\/09\/Roasted-Peanut-Powder.webp\" \/>\n\t<meta property=\"og:image:width\" content=\"551\" \/>\n\t<meta property=\"og:image:height\" content=\"472\" \/>\n\t<meta property=\"og:image:type\" content=\"image\/webp\" \/>\n<meta name=\"twitter:card\" content=\"summary_large_image\" \/>\n<meta name=\"twitter:label1\" content=\"Gesch\u00e4tzte Lesezeit\" \/>\n\t<meta name=\"twitter:data1\" content=\"3\u00a0Minuten\" \/>\n<script type=\"application\/ld+json\" class=\"yoast-schema-graph\">{\"@context\":\"https:\/\/schema.org\",\"@graph\":[{\"@type\":\"WebPage\",\"@id\":\"https:\/\/www.peanutoem.com\/manufacturer\/roasted-peanut-powder\/\",\"url\":\"https:\/\/www.peanutoem.com\/manufacturer\/roasted-peanut-powder\/\",\"name\":\"Roasted Peanut Powder Manufacturer - Peanut Butter Factory\",\"isPartOf\":{\"@id\":\"https:\/\/www.peanutoem.com\/#website\"},\"primaryImageOfPage\":{\"@id\":\"https:\/\/www.peanutoem.com\/manufacturer\/roasted-peanut-powder\/#primaryimage\"},\"image\":{\"@id\":\"https:\/\/www.peanutoem.com\/manufacturer\/roasted-peanut-powder\/#primaryimage\"},\"thumbnailUrl\":\"https:\/\/www.peanutoem.com\/wp-content\/uploads\/2024\/09\/Roasted-Peanut-Powder.webp\",\"datePublished\":\"2024-09-02T14:00:57+00:00\",\"dateModified\":\"2024-09-28T04:23:49+00:00\",\"description\":\"We are a top OEM, private label manufacturer, and exporter of premium Roasted Peanut Powder, offering quality solutions globally.\",\"breadcrumb\":{\"@id\":\"https:\/\/www.peanutoem.com\/manufacturer\/roasted-peanut-powder\/#breadcrumb\"},\"inLanguage\":\"de\",\"potentialAction\":[{\"@type\":\"ReadAction\",\"target\":[\"https:\/\/www.peanutoem.com\/manufacturer\/roasted-peanut-powder\/\"]}]},{\"@type\":\"ImageObject\",\"inLanguage\":\"de\",\"@id\":\"https:\/\/www.peanutoem.com\/manufacturer\/roasted-peanut-powder\/#primaryimage\",\"url\":\"https:\/\/www.peanutoem.com\/wp-content\/uploads\/2024\/09\/Roasted-Peanut-Powder.webp\",\"contentUrl\":\"https:\/\/www.peanutoem.com\/wp-content\/uploads\/2024\/09\/Roasted-Peanut-Powder.webp\",\"width\":551,\"height\":472,\"caption\":\"Roasted Peanut Powder\"},{\"@type\":\"BreadcrumbList\",\"@id\":\"https:\/\/www.peanutoem.com\/manufacturer\/roasted-peanut-powder\/#breadcrumb\",\"itemListElement\":[{\"@type\":\"ListItem\",\"position\":1,\"name\":\"Home\",\"item\":\"https:\/\/www.peanutoem.com\/\"},{\"@type\":\"ListItem\",\"position\":2,\"name\":\"Products\",\"item\":\"https:\/\/www.peanutoem.com\/shop\/\"},{\"@type\":\"ListItem\",\"position\":3,\"name\":\"Roasted Peanut Powder\"}]},{\"@type\":\"WebSite\",\"@id\":\"https:\/\/www.peanutoem.com\/#website\",\"url\":\"https:\/\/www.peanutoem.com\/\",\"name\":\"Peanut Butter Factory\",\"description\":\"Peanut Butter Manufacturer and Roast Peanut OEM Factory | Peanut Private Label China Supplier\",\"publisher\":{\"@id\":\"https:\/\/www.peanutoem.com\/#organization\"},\"alternateName\":\"Peanut Butter OEM and Wholesale\",\"potentialAction\":[{\"@type\":\"SearchAction\",\"target\":{\"@type\":\"EntryPoint\",\"urlTemplate\":\"https:\/\/www.peanutoem.com\/?s={search_term_string}\"},\"query-input\":{\"@type\":\"PropertyValueSpecification\",\"valueRequired\":true,\"valueName\":\"search_term_string\"}}],\"inLanguage\":\"de\"},{\"@type\":\"Organization\",\"@id\":\"https:\/\/www.peanutoem.com\/#organization\",\"name\":\"Peanut Butter Factory\",\"alternateName\":\"JuFeng Group\",\"url\":\"https:\/\/www.peanutoem.com\/\",\"logo\":{\"@type\":\"ImageObject\",\"inLanguage\":\"de\",\"@id\":\"https:\/\/www.peanutoem.com\/#\/schema\/logo\/image\/\",\"url\":\"https:\/\/www.peanutoem.com\/wp-content\/uploads\/2024\/09\/JUFENG-LOGO.png\",\"contentUrl\":\"https:\/\/www.peanutoem.com\/wp-content\/uploads\/2024\/09\/JUFENG-LOGO.png\",\"width\":600,\"height\":170,\"caption\":\"Peanut Butter Factory\"},\"image\":{\"@id\":\"https:\/\/www.peanutoem.com\/#\/schema\/logo\/image\/\"}}]}<\/script>\n<!-- \/ Yoast SEO plugin. -->","yoast_head_json":{"title":"Roasted Peanut Powder Manufacturer - Peanut Butter Factory","description":"We are a top OEM, private label manufacturer, and exporter of premium Roasted Peanut Powder, offering quality solutions globally.","robots":{"index":"index","follow":"follow","max-snippet":"max-snippet:-1","max-image-preview":"max-image-preview:large","max-video-preview":"max-video-preview:-1"},"canonical":"https:\/\/www.peanutoem.com\/de\/manufacturer\/roasted-peanut-powder\/","og_locale":"de_DE","og_type":"article","og_title":"Roasted Peanut Powder Manufacturer - Peanut Butter Factory","og_description":"We are a top OEM, private label manufacturer, and exporter of premium Roasted Peanut Powder, offering quality solutions globally.","og_url":"https:\/\/www.peanutoem.com\/de\/manufacturer\/roasted-peanut-powder\/","og_site_name":"Peanut Butter Factory","article_modified_time":"2024-09-28T04:23:49+00:00","og_image":[{"width":551,"height":472,"url":"https:\/\/www.peanutoem.com\/wp-content\/uploads\/2024\/09\/Roasted-Peanut-Powder.webp","type":"image\/webp"}],"twitter_card":"summary_large_image","twitter_misc":{"Gesch\u00e4tzte Lesezeit":"3\u00a0Minuten"},"schema":{"@context":"https:\/\/schema.org","@graph":[{"@type":"WebPage","@id":"https:\/\/www.peanutoem.com\/manufacturer\/roasted-peanut-powder\/","url":"https:\/\/www.peanutoem.com\/manufacturer\/roasted-peanut-powder\/","name":"Roasted Peanut Powder Manufacturer - Peanut Butter Factory","isPartOf":{"@id":"https:\/\/www.peanutoem.com\/#website"},"primaryImageOfPage":{"@id":"https:\/\/www.peanutoem.com\/manufacturer\/roasted-peanut-powder\/#primaryimage"},"image":{"@id":"https:\/\/www.peanutoem.com\/manufacturer\/roasted-peanut-powder\/#primaryimage"},"thumbnailUrl":"https:\/\/www.peanutoem.com\/wp-content\/uploads\/2024\/09\/Roasted-Peanut-Powder.webp","datePublished":"2024-09-02T14:00:57+00:00","dateModified":"2024-09-28T04:23:49+00:00","description":"We are a top OEM, private label manufacturer, and exporter of premium Roasted Peanut Powder, offering quality solutions globally.","breadcrumb":{"@id":"https:\/\/www.peanutoem.com\/manufacturer\/roasted-peanut-powder\/#breadcrumb"},"inLanguage":"de","potentialAction":[{"@type":"ReadAction","target":["https:\/\/www.peanutoem.com\/manufacturer\/roasted-peanut-powder\/"]}]},{"@type":"ImageObject","inLanguage":"de","@id":"https:\/\/www.peanutoem.com\/manufacturer\/roasted-peanut-powder\/#primaryimage","url":"https:\/\/www.peanutoem.com\/wp-content\/uploads\/2024\/09\/Roasted-Peanut-Powder.webp","contentUrl":"https:\/\/www.peanutoem.com\/wp-content\/uploads\/2024\/09\/Roasted-Peanut-Powder.webp","width":551,"height":472,"caption":"Roasted Peanut Powder"},{"@type":"BreadcrumbList","@id":"https:\/\/www.peanutoem.com\/manufacturer\/roasted-peanut-powder\/#breadcrumb","itemListElement":[{"@type":"ListItem","position":1,"name":"Home","item":"https:\/\/www.peanutoem.com\/"},{"@type":"ListItem","position":2,"name":"Products","item":"https:\/\/www.peanutoem.com\/shop\/"},{"@type":"ListItem","position":3,"name":"Roasted Peanut Powder"}]},{"@type":"WebSite","@id":"https:\/\/www.peanutoem.com\/#website","url":"https:\/\/www.peanutoem.com\/","name":"Peanut Butter Factory","description":"Peanut Butter Manufacturer and Roast Peanut OEM Factory | Peanut Private Label China Supplier","publisher":{"@id":"https:\/\/www.peanutoem.com\/#organization"},"alternateName":"Peanut Butter OEM and Wholesale","potentialAction":[{"@type":"SearchAction","target":{"@type":"EntryPoint","urlTemplate":"https:\/\/www.peanutoem.com\/?s={search_term_string}"},"query-input":{"@type":"PropertyValueSpecification","valueRequired":true,"valueName":"search_term_string"}}],"inLanguage":"de"},{"@type":"Organization","@id":"https:\/\/www.peanutoem.com\/#organization","name":"Peanut Butter Factory","alternateName":"JuFeng Group","url":"https:\/\/www.peanutoem.com\/","logo":{"@type":"ImageObject","inLanguage":"de","@id":"https:\/\/www.peanutoem.com\/#\/schema\/logo\/image\/","url":"https:\/\/www.peanutoem.com\/wp-content\/uploads\/2024\/09\/JUFENG-LOGO.png","contentUrl":"https:\/\/www.peanutoem.com\/wp-content\/uploads\/2024\/09\/JUFENG-LOGO.png","width":600,"height":170,"caption":"Peanut Butter Factory"},"image":{"@id":"https:\/\/www.peanutoem.com\/#\/schema\/logo\/image\/"}}]}},"_links":{"self":[{"href":"https:\/\/www.peanutoem.com\/de\/wp-json\/wp\/v2\/product\/1556","targetHints":{"allow":["GET"]}}],"collection":[{"href":"https:\/\/www.peanutoem.com\/de\/wp-json\/wp\/v2\/product"}],"about":[{"href":"https:\/\/www.peanutoem.com\/de\/wp-json\/wp\/v2\/types\/product"}],"replies":[{"embeddable":true,"href":"https:\/\/www.peanutoem.com\/de\/wp-json\/wp\/v2\/comments?post=1556"}],"wp:featuredmedia":[{"embeddable":true,"href":"https:\/\/www.peanutoem.com\/de\/wp-json\/wp\/v2\/media\/1714"}],"wp:attachment":[{"href":"https:\/\/www.peanutoem.com\/de\/wp-json\/wp\/v2\/media?parent=1556"}],"wp:term":[{"taxonomy":"product_cat","embeddable":true,"href":"https:\/\/www.peanutoem.com\/de\/wp-json\/wp\/v2\/product_cat?post=1556"},{"taxonomy":"product_tag","embeddable":true,"href":"https:\/\/www.peanutoem.com\/de\/wp-json\/wp\/v2\/product_tag?post=1556"}],"curies":[{"name":"wp","href":"https:\/\/api.w.org\/{rel}","templated":true}]}}