{"id":1637,"date":"2024-09-10T12:28:30","date_gmt":"2024-09-10T12:28:30","guid":{"rendered":"https:\/\/www.peanutoem.com\/?post_type=product&#038;p=1637"},"modified":"2024-10-06T09:58:03","modified_gmt":"2024-10-06T09:58:03","slug":"spicy-peanut-butter","status":"publish","type":"product","link":"https:\/\/www.peanutoem.com\/de\/manufacturer\/spicy-peanut-butter\/","title":{"rendered":"W\u00fcrzige Erdnussbutter"},"content":{"rendered":"<h3>Was ist w\u00fcrzige Erdnussbutter?<\/h3>\n<p>W\u00fcrzige Erdnussbutter ist eine geschmackvolle Variante der traditionellen Erdnussbutter und kombiniert die cremige oder knusprige Textur von Erdn\u00fcssen mit einem Kick Sch\u00e4rfe von Gew\u00fcrzen wie <a href=\"https:\/\/en.wikipedia.org\/wiki\/Chili\" target=\"_blank\" rel=\"noopener\">Chili<\/a>, Paprika oder Cayennepfeffer. Es ist perfekt f\u00fcr alle, die gerne s\u00fc\u00dfe und w\u00fcrzige Aromen mischen und Snacks, Sandwiches und Rezepte aufpeppen. Ob als Dip, Brotaufstrich oder Zutat \u2013 w\u00fcrzige Erdnussbutter wird bei Feinschmeckern immer beliebter.<\/p>\n<p><img loading=\"lazy\" decoding=\"async\" class=\"alignnone wp-image-1675 size-full\" src=\"https:\/\/www.peanutoem.com\/wp-content\/uploads\/2024\/09\/Spicy-Peanut-Butter-on-Table.webp\" alt=\"W\u00fcrzige Erdnussbutter auf dem Tisch\" width=\"912\" height=\"1144\" srcset=\"https:\/\/www.peanutoem.com\/wp-content\/uploads\/2024\/09\/Spicy-Peanut-Butter-on-Table.webp 912w, https:\/\/www.peanutoem.com\/wp-content\/uploads\/2024\/09\/Spicy-Peanut-Butter-on-Table-239x300.webp 239w, https:\/\/www.peanutoem.com\/wp-content\/uploads\/2024\/09\/Spicy-Peanut-Butter-on-Table-816x1024.webp 816w, https:\/\/www.peanutoem.com\/wp-content\/uploads\/2024\/09\/Spicy-Peanut-Butter-on-Table-768x963.webp 768w, https:\/\/www.peanutoem.com\/wp-content\/uploads\/2024\/09\/Spicy-Peanut-Butter-on-Table-10x12.webp 10w, https:\/\/www.peanutoem.com\/wp-content\/uploads\/2024\/09\/Spicy-Peanut-Butter-on-Table-600x753.webp 600w\" sizes=\"auto, (max-width: 912px) 100vw, 912px\" \/><\/p>\n<h3>Welche anderen Namen gibt es f\u00fcr w\u00fcrzige Erdnussbutter?<\/h3>\n<p>Scharfe Erdnussbutter kann je nach Region und Geschmacksprofil verschiedene Namen haben. Diese Namen betonen die Sch\u00e4rfekomponente und machen es den Verbrauchern auf der ganzen Welt leichter, ihre besondere Anziehungskraft zu verstehen. Einige alternative Namen sind:<\/p>\n<ul>\n<li>Hei\u00dfe Erdnussbutter<\/li>\n<li>Mit Chili angereicherte Erdnussbutter<\/li>\n<li>Feuriger Erdnussbutteraufstrich<\/li>\n<li>W\u00fcrzige Nussbutter<\/li>\n<li>Gew\u00fcrzter Erdnussaufstrich<\/li>\n<\/ul>\n<p><span style=\"font-size: 20.16px;\">Hei\u00dfe Themen<\/span><\/p>\n<ul>\n<li><strong>Entdecken Sie w\u00fcrzige Erdnussbutterrezepte<\/strong><br \/>\nScharfe Erdnussbutter ist ein kreatives Kraftpaket in der K\u00fcche, das nicht nur als w\u00fcrzige Sauce dient, sondern auch in vielen Gerichten gl\u00e4nzt. Sie verleiht asiatischen Pfannengerichten eine feurige Note, verbessert den Geschmack von frittierten Speisen und gegrilltem Fleisch und dient als Marinade, die den Zutaten k\u00f6stliche \u00dcberraschungen verleiht. Vom pikanten Toast zum Fr\u00fchst\u00fcck bis zu herzhaften Nudeln zum Abendessen verspr\u00fcht jedes Gericht dank dieser Zutat einen einzigartigen Charme.<\/li>\n<li><strong>Die gesundheitlichen Vorteile hinter dem Geschmack<\/strong><br \/>\nDieser k\u00f6stliche Brotaufstrich ist auch eine wahre Fundgrube an N\u00e4hrstoffen. Sein hoher Proteingehalt und seine gesunden Fette versorgen den K\u00f6rper mit Energie, w\u00e4hrend Capsaicin den Gaumen stimuliert und die Verdauung unterst\u00fctzt. Dar\u00fcber hinaus unterst\u00fctzt es den Stoffwechsel und die Herzgesundheit und verbindet so Geschmack und Wohlbefinden.<\/li>\n<li><strong>Integrieren Sie es in die t\u00e4glichen Mahlzeiten<\/strong><br \/>\nDie Integration w\u00fcrziger Erdnussbutter in Ihre t\u00e4gliche Ern\u00e4hrung ist einfach und angenehm. Sie passt perfekt zum Fr\u00fchst\u00fcckstoast, verleiht Smoothies am Nachmittag Geschmack und verfeinert Burritos am Abend, wodurch sie jeder Mahlzeit eine frische Note verleiht.<\/li>\n<li><strong>Ein globaler Trend auf dem Vormarsch<\/strong><br \/>\nPikante Erdnussbutter entwickelt sich schnell zu einem grenz\u00fcberschreitenden Star. Da die Geschm\u00e4cker der G\u00e4ste vielf\u00e4ltiger werden, \u00fcberwindet sie regionale Grenzen und begeistert Fans auf der ganzen Welt. Dieser Brotaufstrich ist f\u00fchrend in der Geschmacksforschung und zieht abenteuerlustige Esser an, die gerne etwas Neues ausprobieren.<\/li>\n<\/ul>\n<hr \/>\n<h3>H\u00e4ufig gestellte Fragen zu w\u00fcrziger Erdnussbutter<\/h3>\n<ol>\n<li><strong>Warum sollten Sie uns f\u00fcr Ihren Bedarf an w\u00fcrziger Erdnussbutter w\u00e4hlen?<\/strong><br \/>\nWir bieten umfassende OEM-Dienste mit vollst\u00e4ndigen Anpassungsoptionen und stellen sicher, dass jedes Produkt perfekt zur Vision Ihrer Marke und den Marktanforderungen passt.<\/li>\n<li><strong>K\u00f6nnen Sie den Sch\u00e4rfegrad anpassen und eine eigene Formel erstellen?<\/strong><br \/>\nAuf jeden Fall! Wir k\u00f6nnen die Sch\u00e4rfe von mild bis extra scharf ma\u00dfschneidern und einzigartige Rezepturen exklusiv f\u00fcr Ihre Marke entwickeln.<\/li>\n<li><strong>Welche Verpackungs- und Zertifizierungsoptionen bieten Sie an?<\/strong><br \/>\nWir bieten eine breite Palette an Verpackungsl\u00f6sungen \u2013 Gl\u00e4ser, Flaschen, Kartons, F\u00e4sser, Eimer, Quetschbeutel und Gro\u00dfbeh\u00e4lter \u2013 alle individuell anpassbar, um zu Ihrer Marke zu passen. Dar\u00fcber hinaus verf\u00fcgen wir \u00fcber Zertifizierungen wie HACCP, Kosher, Halal und BRCGS, wodurch sichergestellt wird, dass unsere Produkte internationalen Standards entsprechen.<\/li>\n<li><strong>Bieten Sie w\u00fcrzige Bio-Erdnussbutter und Probechargen an?<\/strong><br \/>\nJa, wir produzieren w\u00fcrzige Erdnussbutter mit EU-Bio-Zertifikat aus nat\u00fcrlichen Zutaten f\u00fcr gesundheitsbewusste Verbraucher. Au\u00dferdem bieten wir Probechargen an, damit Sie das Produkt testen k\u00f6nnen, bevor Sie eine gro\u00dfe Bestellung aufgeben.<\/li>\n<li><strong>Wie stellen Sie die Qualit\u00e4t sicher und wie sind Ihre Vorlaufzeiten?<\/strong><br \/>\nUnsere strengen Tests in unserem hauseigenen Labor und unsere effiziente Logistik garantieren gleichbleibende Qualit\u00e4t. Dar\u00fcber hinaus gew\u00e4hrleisten wir schnelle Bearbeitungszeiten je nach Auftragsvolumen und Zielort.<\/li>\n<li><strong>Exportieren Sie weltweit?<\/strong><br \/>\nJa, wir verf\u00fcgen \u00fcber umfassende Erfahrung im weltweiten Export und k\u00fcmmern uns um alle notwendigen Formalit\u00e4ten und Vorschriften, um eine reibungslose Lieferung zu gew\u00e4hrleisten.<\/li>\n<\/ol>\n<hr \/>\n<h3><img loading=\"lazy\" decoding=\"async\" class=\"alignnone wp-image-1677 size-full\" src=\"https:\/\/www.peanutoem.com\/wp-content\/uploads\/2024\/09\/Spicy-Peanut-Butter-Spread-on-Food.webp\" alt=\"Pikanter Erdnussbutteraufstrich auf Lebensmitteln\" width=\"896\" height=\"1152\" srcset=\"https:\/\/www.peanutoem.com\/wp-content\/uploads\/2024\/09\/Spicy-Peanut-Butter-Spread-on-Food.webp 896w, https:\/\/www.peanutoem.com\/wp-content\/uploads\/2024\/09\/Spicy-Peanut-Butter-Spread-on-Food-233x300.webp 233w, https:\/\/www.peanutoem.com\/wp-content\/uploads\/2024\/09\/Spicy-Peanut-Butter-Spread-on-Food-796x1024.webp 796w, https:\/\/www.peanutoem.com\/wp-content\/uploads\/2024\/09\/Spicy-Peanut-Butter-Spread-on-Food-768x987.webp 768w, https:\/\/www.peanutoem.com\/wp-content\/uploads\/2024\/09\/Spicy-Peanut-Butter-Spread-on-Food-9x12.webp 9w, https:\/\/www.peanutoem.com\/wp-content\/uploads\/2024\/09\/Spicy-Peanut-Butter-Spread-on-Food-600x771.webp 600w\" sizes=\"auto, (max-width: 896px) 100vw, 896px\" \/><\/h3>\n<a href=\"mailto:globepeanut@gmail.com\" class=\"button primary is-primary is-medium\"  >\n    <span>Eine Kopie der Kopie an mich senden.<\/span>\n  <\/a>","protected":false},"excerpt":{"rendered":"<table width=\"564\">\n<tbody>\n<tr>\n<td width=\"113\"><strong>Produktname<\/strong><\/td>\n<td width=\"402\">W\u00fcrzige Erdnussbutter<\/td>\n<\/tr>\n<tr>\n<td width=\"113\"><strong>Technische Daten<\/strong><\/td>\n<td width=\"402\">200 g x 36, 227 g x 24, 340 g x 12, 375 g x 12, 500 g x 12, 510 g x 12, 1 kg x 12, 10 kg x 1, 20 kg x 1, 220 kg x 1<\/td>\n<\/tr>\n<tr>\n<td width=\"113\"><strong>Verpackungsform<\/strong><\/td>\n<td width=\"402\">Glas, Eimer, Doypack, Beutel, Karton, Dose, Fass, Dose, Flasche usw.<\/td>\n<\/tr>\n<tr>\n<td width=\"113\"><strong>Lieferzeit<\/strong><\/td>\n<td width=\"402\">7 ~ 20 Tage nach Bestellung<\/td>\n<\/tr>\n<tr>\n<td width=\"113\"><strong>Mindestbestellmenge<\/strong><\/td>\n<td width=\"402\">Eine Tonne<\/td>\n<\/tr>\n<tr>\n<td width=\"113\"><strong>Probe<\/strong><\/td>\n<td width=\"402\">Kostenlose Probe verf\u00fcgbar<\/td>\n<\/tr>\n<tr>\n<td width=\"113\"><strong>OEM<\/strong><\/td>\n<td width=\"402\">Etikett des K\u00e4ufers akzeptiert<\/td>\n<\/tr>\n<\/tbody>\n<\/table>","protected":false},"featured_media":1668,"comment_status":"open","ping_status":"closed","template":"","meta":[],"product_cat":[15],"product_tag":[],"class_list":{"0":"post-1637","1":"product","2":"type-product","3":"status-publish","4":"has-post-thumbnail","6":"product_cat-peanut-butter","8":"first","9":"instock","10":"shipping-taxable","11":"product-type-simple"},"yoast_head":"<!-- This site is optimized with the Yoast SEO plugin v24.9 - https:\/\/yoast.com\/wordpress\/plugins\/seo\/ -->\n<title>Spicy Peanut Butter China Manufacturer OEM - Peanut Butter Factory<\/title>\n<meta name=\"description\" content=\"Leading spicy peanut butter OEM private label manufacturer and exporter. Order your premium quality, custom-made spicy peanut butter.\" \/>\n<meta name=\"robots\" content=\"index, follow, max-snippet:-1, max-image-preview:large, max-video-preview:-1\" \/>\n<link rel=\"canonical\" href=\"https:\/\/www.peanutoem.com\/de\/manufacturer\/spicy-peanut-butter\/\" \/>\n<meta property=\"og:locale\" content=\"de_DE\" \/>\n<meta property=\"og:type\" content=\"article\" \/>\n<meta property=\"og:title\" content=\"Spicy Peanut Butter China Manufacturer OEM - Peanut Butter Factory\" \/>\n<meta property=\"og:description\" content=\"Leading spicy peanut butter OEM private label manufacturer and exporter. Order your premium quality, custom-made spicy peanut butter.\" \/>\n<meta property=\"og:url\" content=\"https:\/\/www.peanutoem.com\/de\/manufacturer\/spicy-peanut-butter\/\" \/>\n<meta property=\"og:site_name\" content=\"Peanut Butter Factory\" \/>\n<meta property=\"article:modified_time\" content=\"2024-10-06T09:58:03+00:00\" \/>\n<meta property=\"og:image\" content=\"https:\/\/www.peanutoem.com\/wp-content\/uploads\/2024\/09\/Spicy-Peanut-Butter.webp\" \/>\n\t<meta property=\"og:image:width\" content=\"1000\" \/>\n\t<meta property=\"og:image:height\" content=\"1000\" \/>\n\t<meta property=\"og:image:type\" content=\"image\/webp\" \/>\n<meta name=\"twitter:card\" content=\"summary_large_image\" \/>\n<meta name=\"twitter:label1\" content=\"Gesch\u00e4tzte Lesezeit\" \/>\n\t<meta name=\"twitter:data1\" content=\"4\u00a0Minuten\" \/>\n<script type=\"application\/ld+json\" class=\"yoast-schema-graph\">{\"@context\":\"https:\/\/schema.org\",\"@graph\":[{\"@type\":\"WebPage\",\"@id\":\"https:\/\/www.peanutoem.com\/manufacturer\/spicy-peanut-butter\/\",\"url\":\"https:\/\/www.peanutoem.com\/manufacturer\/spicy-peanut-butter\/\",\"name\":\"Spicy Peanut Butter China Manufacturer OEM - Peanut Butter Factory\",\"isPartOf\":{\"@id\":\"https:\/\/www.peanutoem.com\/#website\"},\"primaryImageOfPage\":{\"@id\":\"https:\/\/www.peanutoem.com\/manufacturer\/spicy-peanut-butter\/#primaryimage\"},\"image\":{\"@id\":\"https:\/\/www.peanutoem.com\/manufacturer\/spicy-peanut-butter\/#primaryimage\"},\"thumbnailUrl\":\"https:\/\/www.peanutoem.com\/wp-content\/uploads\/2024\/09\/Spicy-Peanut-Butter.webp\",\"datePublished\":\"2024-09-10T12:28:30+00:00\",\"dateModified\":\"2024-10-06T09:58:03+00:00\",\"description\":\"Leading spicy peanut butter OEM private label manufacturer and exporter. Order your premium quality, custom-made spicy peanut butter.\",\"breadcrumb\":{\"@id\":\"https:\/\/www.peanutoem.com\/manufacturer\/spicy-peanut-butter\/#breadcrumb\"},\"inLanguage\":\"de\",\"potentialAction\":[{\"@type\":\"ReadAction\",\"target\":[\"https:\/\/www.peanutoem.com\/manufacturer\/spicy-peanut-butter\/\"]}]},{\"@type\":\"ImageObject\",\"inLanguage\":\"de\",\"@id\":\"https:\/\/www.peanutoem.com\/manufacturer\/spicy-peanut-butter\/#primaryimage\",\"url\":\"https:\/\/www.peanutoem.com\/wp-content\/uploads\/2024\/09\/Spicy-Peanut-Butter.webp\",\"contentUrl\":\"https:\/\/www.peanutoem.com\/wp-content\/uploads\/2024\/09\/Spicy-Peanut-Butter.webp\",\"width\":1000,\"height\":1000,\"caption\":\"Spicy Peanut Butter\"},{\"@type\":\"BreadcrumbList\",\"@id\":\"https:\/\/www.peanutoem.com\/manufacturer\/spicy-peanut-butter\/#breadcrumb\",\"itemListElement\":[{\"@type\":\"ListItem\",\"position\":1,\"name\":\"Home\",\"item\":\"https:\/\/www.peanutoem.com\/\"},{\"@type\":\"ListItem\",\"position\":2,\"name\":\"Products\",\"item\":\"https:\/\/www.peanutoem.com\/shop\/\"},{\"@type\":\"ListItem\",\"position\":3,\"name\":\"Spicy Peanut Butter\"}]},{\"@type\":\"WebSite\",\"@id\":\"https:\/\/www.peanutoem.com\/#website\",\"url\":\"https:\/\/www.peanutoem.com\/\",\"name\":\"Peanut Butter Factory\",\"description\":\"Peanut Butter Manufacturer and Roast Peanut OEM Factory | Peanut Private Label China Supplier\",\"publisher\":{\"@id\":\"https:\/\/www.peanutoem.com\/#organization\"},\"alternateName\":\"Peanut Butter OEM and Wholesale\",\"potentialAction\":[{\"@type\":\"SearchAction\",\"target\":{\"@type\":\"EntryPoint\",\"urlTemplate\":\"https:\/\/www.peanutoem.com\/?s={search_term_string}\"},\"query-input\":{\"@type\":\"PropertyValueSpecification\",\"valueRequired\":true,\"valueName\":\"search_term_string\"}}],\"inLanguage\":\"de\"},{\"@type\":\"Organization\",\"@id\":\"https:\/\/www.peanutoem.com\/#organization\",\"name\":\"Peanut Butter Factory\",\"alternateName\":\"JuFeng Group\",\"url\":\"https:\/\/www.peanutoem.com\/\",\"logo\":{\"@type\":\"ImageObject\",\"inLanguage\":\"de\",\"@id\":\"https:\/\/www.peanutoem.com\/#\/schema\/logo\/image\/\",\"url\":\"https:\/\/www.peanutoem.com\/wp-content\/uploads\/2024\/09\/JUFENG-LOGO.png\",\"contentUrl\":\"https:\/\/www.peanutoem.com\/wp-content\/uploads\/2024\/09\/JUFENG-LOGO.png\",\"width\":600,\"height\":170,\"caption\":\"Peanut Butter Factory\"},\"image\":{\"@id\":\"https:\/\/www.peanutoem.com\/#\/schema\/logo\/image\/\"}}]}<\/script>\n<!-- \/ Yoast SEO plugin. -->","yoast_head_json":{"title":"Spicy Peanut Butter China Manufacturer OEM - Peanut Butter Factory","description":"Leading spicy peanut butter OEM private label manufacturer and exporter. Order your premium quality, custom-made spicy peanut butter.","robots":{"index":"index","follow":"follow","max-snippet":"max-snippet:-1","max-image-preview":"max-image-preview:large","max-video-preview":"max-video-preview:-1"},"canonical":"https:\/\/www.peanutoem.com\/de\/manufacturer\/spicy-peanut-butter\/","og_locale":"de_DE","og_type":"article","og_title":"Spicy Peanut Butter China Manufacturer OEM - Peanut Butter Factory","og_description":"Leading spicy peanut butter OEM private label manufacturer and exporter. Order your premium quality, custom-made spicy peanut butter.","og_url":"https:\/\/www.peanutoem.com\/de\/manufacturer\/spicy-peanut-butter\/","og_site_name":"Peanut Butter Factory","article_modified_time":"2024-10-06T09:58:03+00:00","og_image":[{"width":1000,"height":1000,"url":"https:\/\/www.peanutoem.com\/wp-content\/uploads\/2024\/09\/Spicy-Peanut-Butter.webp","type":"image\/webp"}],"twitter_card":"summary_large_image","twitter_misc":{"Gesch\u00e4tzte Lesezeit":"4\u00a0Minuten"},"schema":{"@context":"https:\/\/schema.org","@graph":[{"@type":"WebPage","@id":"https:\/\/www.peanutoem.com\/manufacturer\/spicy-peanut-butter\/","url":"https:\/\/www.peanutoem.com\/manufacturer\/spicy-peanut-butter\/","name":"Spicy Peanut Butter China Manufacturer OEM - Peanut Butter Factory","isPartOf":{"@id":"https:\/\/www.peanutoem.com\/#website"},"primaryImageOfPage":{"@id":"https:\/\/www.peanutoem.com\/manufacturer\/spicy-peanut-butter\/#primaryimage"},"image":{"@id":"https:\/\/www.peanutoem.com\/manufacturer\/spicy-peanut-butter\/#primaryimage"},"thumbnailUrl":"https:\/\/www.peanutoem.com\/wp-content\/uploads\/2024\/09\/Spicy-Peanut-Butter.webp","datePublished":"2024-09-10T12:28:30+00:00","dateModified":"2024-10-06T09:58:03+00:00","description":"Leading spicy peanut butter OEM private label manufacturer and exporter. Order your premium quality, custom-made spicy peanut butter.","breadcrumb":{"@id":"https:\/\/www.peanutoem.com\/manufacturer\/spicy-peanut-butter\/#breadcrumb"},"inLanguage":"de","potentialAction":[{"@type":"ReadAction","target":["https:\/\/www.peanutoem.com\/manufacturer\/spicy-peanut-butter\/"]}]},{"@type":"ImageObject","inLanguage":"de","@id":"https:\/\/www.peanutoem.com\/manufacturer\/spicy-peanut-butter\/#primaryimage","url":"https:\/\/www.peanutoem.com\/wp-content\/uploads\/2024\/09\/Spicy-Peanut-Butter.webp","contentUrl":"https:\/\/www.peanutoem.com\/wp-content\/uploads\/2024\/09\/Spicy-Peanut-Butter.webp","width":1000,"height":1000,"caption":"Spicy Peanut Butter"},{"@type":"BreadcrumbList","@id":"https:\/\/www.peanutoem.com\/manufacturer\/spicy-peanut-butter\/#breadcrumb","itemListElement":[{"@type":"ListItem","position":1,"name":"Home","item":"https:\/\/www.peanutoem.com\/"},{"@type":"ListItem","position":2,"name":"Products","item":"https:\/\/www.peanutoem.com\/shop\/"},{"@type":"ListItem","position":3,"name":"Spicy Peanut Butter"}]},{"@type":"WebSite","@id":"https:\/\/www.peanutoem.com\/#website","url":"https:\/\/www.peanutoem.com\/","name":"Peanut Butter Factory","description":"Peanut Butter Manufacturer and Roast Peanut OEM Factory | Peanut Private Label China Supplier","publisher":{"@id":"https:\/\/www.peanutoem.com\/#organization"},"alternateName":"Peanut Butter OEM and Wholesale","potentialAction":[{"@type":"SearchAction","target":{"@type":"EntryPoint","urlTemplate":"https:\/\/www.peanutoem.com\/?s={search_term_string}"},"query-input":{"@type":"PropertyValueSpecification","valueRequired":true,"valueName":"search_term_string"}}],"inLanguage":"de"},{"@type":"Organization","@id":"https:\/\/www.peanutoem.com\/#organization","name":"Peanut Butter Factory","alternateName":"JuFeng Group","url":"https:\/\/www.peanutoem.com\/","logo":{"@type":"ImageObject","inLanguage":"de","@id":"https:\/\/www.peanutoem.com\/#\/schema\/logo\/image\/","url":"https:\/\/www.peanutoem.com\/wp-content\/uploads\/2024\/09\/JUFENG-LOGO.png","contentUrl":"https:\/\/www.peanutoem.com\/wp-content\/uploads\/2024\/09\/JUFENG-LOGO.png","width":600,"height":170,"caption":"Peanut Butter Factory"},"image":{"@id":"https:\/\/www.peanutoem.com\/#\/schema\/logo\/image\/"}}]}},"_links":{"self":[{"href":"https:\/\/www.peanutoem.com\/de\/wp-json\/wp\/v2\/product\/1637","targetHints":{"allow":["GET"]}}],"collection":[{"href":"https:\/\/www.peanutoem.com\/de\/wp-json\/wp\/v2\/product"}],"about":[{"href":"https:\/\/www.peanutoem.com\/de\/wp-json\/wp\/v2\/types\/product"}],"replies":[{"embeddable":true,"href":"https:\/\/www.peanutoem.com\/de\/wp-json\/wp\/v2\/comments?post=1637"}],"wp:featuredmedia":[{"embeddable":true,"href":"https:\/\/www.peanutoem.com\/de\/wp-json\/wp\/v2\/media\/1668"}],"wp:attachment":[{"href":"https:\/\/www.peanutoem.com\/de\/wp-json\/wp\/v2\/media?parent=1637"}],"wp:term":[{"taxonomy":"product_cat","embeddable":true,"href":"https:\/\/www.peanutoem.com\/de\/wp-json\/wp\/v2\/product_cat?post=1637"},{"taxonomy":"product_tag","embeddable":true,"href":"https:\/\/www.peanutoem.com\/de\/wp-json\/wp\/v2\/product_tag?post=1637"}],"curies":[{"name":"wp","href":"https:\/\/api.w.org\/{rel}","templated":true}]}}