{"id":1638,"date":"2024-09-10T12:30:11","date_gmt":"2024-09-10T12:30:11","guid":{"rendered":"https:\/\/www.peanutoem.com\/?post_type=product&#038;p=1638"},"modified":"2024-10-06T09:55:00","modified_gmt":"2024-10-06T09:55:00","slug":"chocolate-peanut-butter","status":"publish","type":"product","link":"https:\/\/www.peanutoem.com\/de\/manufacturer\/chocolate-peanut-butter\/","title":{"rendered":"Schokoladen-Erdnussbutter"},"content":{"rendered":"<h3>Was ist Schokoladen-Erdnussbutter?<\/h3>\n<p>Schokoladen-Erdnussbutter ist eine k\u00f6stliche Mischung aus cremiger Erdnussbutter und reichhaltigem <a href=\"https:\/\/en.wikipedia.org\/wiki\/Chocolate\" target=\"_blank\" rel=\"noopener\">Schokolade<\/a>, wodurch ein s\u00fc\u00dfer und herzhafter Brotaufstrich entsteht, der viele verschiedene Geschmacksvorlieben anspricht. Diese k\u00f6stliche Mischung eignet sich perfekt zum Brotaufstrich, f\u00fcr Desserts oder einfach zum Genie\u00dfen l\u00f6ffelweise. Die Kombination aus Erdn\u00fcssen und Schokolade bietet einen ausgewogenen Leckerbissen, der sowohl Nussbutter-Enthusiasten als auch Schokoladenliebhaber zufriedenstellt.<\/p>\n<h3>Welche anderen Namen gibt es f\u00fcr Schokolade in Erdnussbutter?<\/h3>\n<p>Schokoladen-Erdnussbutter wird je nach Geschmack und Verwendung oft mit unterschiedlichen Namen bezeichnet. Einige alternative Namen sind:<\/p>\n<ul>\n<li>Erdnussbutter mit Schokoladengeschmack<\/li>\n<li>Kakao-Erdnussbutter-Aufstrich<\/li>\n<li>Kakao-Erdnussbutter<\/li>\n<li>Schoko-Erdnuss-Aufstrich<\/li>\n<li>Erdnussbutter mit Schokolade<\/li>\n<li>Nussiger Schokoaufstrich<\/li>\n<li>Mit Schokolade angereicherte Erdnussbutter<\/li>\n<li>Nussiger Schokoaufstrich<\/li>\n<\/ul>\n<p>Diese Namen heben die k\u00f6stliche Mischung aus Schokolade und Erdnussbutter hervor und machen sie f\u00fcr Verbraucher auf verschiedenen M\u00e4rkten attraktiv.<\/p>\n<h3><img loading=\"lazy\" decoding=\"async\" class=\"alignnone wp-image-1682 size-full\" src=\"https:\/\/www.peanutoem.com\/wp-content\/uploads\/2024\/09\/Chocolate-Peanut-Butter-on-Bread.webp\" alt=\"Schokoladen-Erdnussbutter-Brot\" width=\"912\" height=\"1144\" srcset=\"https:\/\/www.peanutoem.com\/wp-content\/uploads\/2024\/09\/Chocolate-Peanut-Butter-on-Bread.webp 912w, https:\/\/www.peanutoem.com\/wp-content\/uploads\/2024\/09\/Chocolate-Peanut-Butter-on-Bread-239x300.webp 239w, https:\/\/www.peanutoem.com\/wp-content\/uploads\/2024\/09\/Chocolate-Peanut-Butter-on-Bread-816x1024.webp 816w, https:\/\/www.peanutoem.com\/wp-content\/uploads\/2024\/09\/Chocolate-Peanut-Butter-on-Bread-768x963.webp 768w, https:\/\/www.peanutoem.com\/wp-content\/uploads\/2024\/09\/Chocolate-Peanut-Butter-on-Bread-10x12.webp 10w, https:\/\/www.peanutoem.com\/wp-content\/uploads\/2024\/09\/Chocolate-Peanut-Butter-on-Bread-600x753.webp 600w\" sizes=\"auto, (max-width: 912px) 100vw, 912px\" \/><\/h3>\n<h3>Warum sollten Sie uns als Ihren Partnerlieferanten w\u00e4hlen?<\/h3>\n<p>Wir sind der f\u00fchrende OEM-Hersteller und Exporteur von Eigenmarken f\u00fcr Schokoladen-Erdnussbutter.<\/p>\n<ul>\n<li><strong>Fachwissen zur Anpassung:<\/strong> Wir bieten vollst\u00e4ndig ma\u00dfgeschneiderte Rezepturen, die Ihren spezifischen Anforderungen hinsichtlich Geschmack, Textur und Verpackung entsprechen.<\/li>\n<li><strong>Premium Zutaten:<\/strong> Es werden nur Erdn\u00fcsse und Schokolade von h\u00f6chster Qualit\u00e4t verwendet.<\/li>\n<li><strong>Fortschrittliche Fertigung:<\/strong> Unsere hochmodernen Anlagen sind mit hochmodernen Produktionslinien aus den USA ausgestattet und gew\u00e4hrleisten eine gleichbleibende Qualit\u00e4t und Effizienz in jeder Charge.<\/li>\n<li><strong>Zertifizierungen und Qualit\u00e4tssicherung:<\/strong> Wir verf\u00fcgen \u00fcber zahlreiche Zertifizierungen, darunter BRCGS, Kosher, Halal und HACCP, und garantieren so die Einhaltung internationaler Sicherheits- und Qualit\u00e4tsstandards.<\/li>\n<li><strong>Weltweite Verbreitung:<\/strong> Dank unserer umfassenden Erfahrung im internationalen Handel exportieren wir Schokoladen-Erdnussbutter in M\u00e4rkte auf der ganzen Welt und sorgen f\u00fcr eine reibungslose Logistik und p\u00fcnktliche Lieferungen.<\/li>\n<\/ul>\n<h3>Hei\u00dfe Themen<\/h3>\n<div class=\"group\/conversation-turn relative flex w-full min-w-0 flex-col agent-turn\">\n<div class=\"flex-col gap-1 md:gap-3\">\n<div class=\"flex max-w-full flex-col flex-grow\">\n<div class=\"min-h-8 text-message flex w-full flex-col items-end gap-2 whitespace-normal break-words [.text-message+&amp;]:mt-5\" dir=\"auto\" data-message-author-role=\"assistant\" data-message-id=\"61c5f9c1-377c-4081-b461-888734723e68\">\n<div class=\"flex w-full flex-col gap-1 empty:hidden first:pt-[3px]\">\n<div class=\"markdown prose w-full break-words dark:prose-invert dark\">\n<ul>\n<li><span style=\"color: #282828;\"><strong>In Desserts<\/strong><\/span><br \/>\n<span style=\"color: #282828;\">Erdnussbutter mit Schokolade ist eine vielseitige Zutat, die die Qualit\u00e4t und den Geschmack von Desserts wie Kuchen, Brownies und Eiscreme deutlich verbessert. Ihre cremige Textur und ihr reichhaltiger Geschmack machen sie zu einer hervorragenden Erg\u00e4nzung f\u00fcr Backwaren und S\u00fc\u00dfwaren.<\/span><\/li>\n<li><span style=\"color: #282828;\"><strong>Gesundheitliche Vorteile<\/strong><\/span><br \/>\n<span style=\"color: #282828;\">Dieser Brotaufstrich ist nicht nur unwiderstehlich lecker, sondern auch reich an Proteinen, gesunden Fetten und Ballaststoffen und versorgt den K\u00f6rper mit N\u00e4hrstoffen. In Kombination mit dunkler Schokolade werden antioxidative Eigenschaften hinzugef\u00fcgt, was dem Produkt einen gesunden Reiz verleiht, der gesundheitsbewusste Verbraucher anspricht.<\/span><\/li>\n<li><span style=\"color: #282828;\"><strong>Weltweite Popularit\u00e4t<\/strong><\/span><br \/>\n<span style=\"color: #282828;\">Da Verbraucher zunehmend nach Snacks suchen, die ihren Gaumen erfreuen und gleichzeitig nahrhaft sind, hat Schokoladen-Erdnussbutter auf dem Weltmarkt enorm an Popularit\u00e4t gewonnen. Sie vereint erfolgreich Geschmack und N\u00e4hrwert und wird sowohl von Kindern als auch von Erwachsenen gleicherma\u00dfen bewundert.<\/span><\/li>\n<li><span style=\"color: #282828;\"><strong>Kreative Verwendung<\/strong><\/span><br \/>\n<span style=\"color: #282828;\">Au\u00dfer in traditionellen Kombinationen wie Toast oder Sandwiches kann diese Zutat kreativ in Smoothies, Energieriegel oder als F\u00fcllung f\u00fcr Geb\u00e4ck verwendet werden. Dank seiner einzigartigen Geschmacksanpassungsf\u00e4higkeit eignet es sich sowohl f\u00fcr s\u00fc\u00dfe als auch f\u00fcr herzhafte Gerichte und ist daher in vielen K\u00fcchen zu Hause ein Grundnahrungsmittel.<\/span><\/li>\n<\/ul>\n<\/div>\n<\/div>\n<\/div>\n<\/div>\n<\/div>\n<\/div>\n<hr \/>\n<h3><img loading=\"lazy\" decoding=\"async\" class=\"alignnone wp-image-1683 size-full\" src=\"https:\/\/www.peanutoem.com\/wp-content\/uploads\/2024\/09\/Chocolate-Peanut-Butter-Served.webp\" alt=\"Schokoladen-Erdnussbutter serviert\" width=\"896\" height=\"1152\" srcset=\"https:\/\/www.peanutoem.com\/wp-content\/uploads\/2024\/09\/Chocolate-Peanut-Butter-Served.webp 896w, https:\/\/www.peanutoem.com\/wp-content\/uploads\/2024\/09\/Chocolate-Peanut-Butter-Served-233x300.webp 233w, https:\/\/www.peanutoem.com\/wp-content\/uploads\/2024\/09\/Chocolate-Peanut-Butter-Served-796x1024.webp 796w, https:\/\/www.peanutoem.com\/wp-content\/uploads\/2024\/09\/Chocolate-Peanut-Butter-Served-768x987.webp 768w, https:\/\/www.peanutoem.com\/wp-content\/uploads\/2024\/09\/Chocolate-Peanut-Butter-Served-9x12.webp 9w, https:\/\/www.peanutoem.com\/wp-content\/uploads\/2024\/09\/Chocolate-Peanut-Butter-Served-600x771.webp 600w\" sizes=\"auto, (max-width: 896px) 100vw, 896px\" \/><\/h3>\n<h3>FAQ zu Schokoladen-Erdnussbutter<\/h3>\n<ol>\n<li><strong>Was ist Ihr zentraler Wettbewerbsvorteil als f\u00fchrender OEM-Hersteller?<\/strong><br \/>\nWir heben uns dadurch ab, dass wir vielf\u00e4ltige kundenspezifische Dienstleistungen anbieten, hochwertige Zutaten ausw\u00e4hlen und moderne Produktionstechnologien einsetzen. So stellen wir sicher, dass jede Charge Erdnussbutter auf dem Markt hervorsticht und den individuellen Anforderungen unserer Kunden entspricht.<\/li>\n<li><strong>K\u00f6nnen Sie das Verh\u00e4ltnis von Schokolade zu Erdn\u00fcssen meinen Vorgaben entsprechend anpassen und eine individuelle Formel f\u00fcr meine Marke erstellen?<\/strong><br \/>\nAuf jeden Fall! Wir bieten umfassende Dienstleistungen zur individuellen Geschmacksgestaltung, damit Sie die perfekte Balance zwischen Schokolade und Erdn\u00fcssen finden. Gleichzeitig entwickeln wir eine einzigartige Formel, die die Wettbewerbsf\u00e4higkeit Ihrer Marke auf dem Markt steigert.<\/li>\n<li><strong>Welche Verpackungsm\u00f6glichkeiten bieten Sie an?<\/strong><br \/>\nWir bieten eine Vielzahl von Verpackungsl\u00f6sungen an, darunter elegante Gl\u00e4ser, praktische Quetschbeutel und Gro\u00dfbeh\u00e4lter, die sich f\u00fcr die Lagerung gro\u00dfer Mengen eignen. Alle Verpackungen k\u00f6nnen personalisiert werden, um die Identit\u00e4t und Marketingstrategie Ihrer Marke widerzuspiegeln.<\/li>\n<li><strong>Bieten Sie Bio-Schoko-Erdnussbutter an und wie stellen Sie die Produktqualit\u00e4t sicher?<\/strong><br \/>\nJa, wir produzieren EU-Bio-zertifizierte Erdnussbutter aus Zutaten, die den Bio-Standards entsprechen. Dar\u00fcber hinaus haben wir ein strenges Qualit\u00e4tsmanagementsystem mit internen Labortests eingef\u00fchrt, um sicherzustellen, dass jede Charge den h\u00f6chsten Standards in Bezug auf Geschmack, Textur und Sicherheit entspricht.<\/li>\n<li><strong>Kann ich vor einer Gro\u00dfbestellung Proben zum Verkosten anfordern und unterst\u00fctzen Sie den weltweiten Export?<\/strong><br \/>\nNat\u00fcrlich! Gerne stellen wir Ihnen vor der Serienproduktion Musterchargen zur Verf\u00fcgung, damit Sie diese beurteilen k\u00f6nnen. Dar\u00fcber hinaus verf\u00fcgen wir \u00fcber umfangreiche Erfahrung im weltweiten Export und stellen sicher, dass Ihre Produkte sicher und p\u00fcnktlich \u00fcberall auf der Welt ankommen.<\/li>\n<\/ol>\n<a href=\"mailto:globepeanut@gmail.com\" class=\"button primary is-primary is-medium\"  >\n    <span>Eine Kopie der Kopie an mich senden.<\/span>\n  <\/a>","protected":false},"excerpt":{"rendered":"<table width=\"564\">\n<tbody>\n<tr>\n<td width=\"113\"><strong>Produktname<\/strong><\/td>\n<td width=\"402\">Schokoladen-Erdnussbutter<\/td>\n<\/tr>\n<tr>\n<td width=\"113\"><strong>Technische Daten<\/strong><\/td>\n<td width=\"402\">200 g x 36, 227 g x 24, 340 g x 12, 375 g x 12, 500 g x 12, 510 g x 12, 1 kg x 12, 10 kg x 1, 20 kg x 1, 220 kg x 1<\/td>\n<\/tr>\n<tr>\n<td width=\"113\"><strong>Verpackungsform<\/strong><\/td>\n<td width=\"402\">Glas, Eimer, Doypack, Beutel, Karton, Dose, Fass, Dose, Flasche usw.<\/td>\n<\/tr>\n<tr>\n<td width=\"113\"><strong>Lieferzeit<\/strong><\/td>\n<td width=\"402\">7 ~ 20 Tage nach Bestellung<\/td>\n<\/tr>\n<tr>\n<td width=\"113\"><strong>Mindestbestellmenge<\/strong><\/td>\n<td width=\"402\">Eine Tonne<\/td>\n<\/tr>\n<tr>\n<td width=\"113\"><strong>Probe<\/strong><\/td>\n<td width=\"402\">Kostenlose Probe verf\u00fcgbar<\/td>\n<\/tr>\n<tr>\n<td width=\"113\"><strong>OEM<\/strong><\/td>\n<td width=\"402\">Etikett des K\u00e4ufers akzeptiert<\/td>\n<\/tr>\n<\/tbody>\n<\/table>\n<p>&nbsp;<\/p>","protected":false},"featured_media":1671,"comment_status":"open","ping_status":"closed","template":"","meta":[],"product_cat":[15],"product_tag":[],"class_list":{"0":"post-1638","1":"product","2":"type-product","3":"status-publish","4":"has-post-thumbnail","6":"product_cat-peanut-butter","8":"first","9":"instock","10":"shipping-taxable","11":"product-type-simple"},"yoast_head":"<!-- This site is optimized with the Yoast SEO plugin v24.9 - https:\/\/yoast.com\/wordpress\/plugins\/seo\/ -->\n<title>Chocolate Peanut Butter Manufacturer OEM - China Peanut Butter Factory<\/title>\n<meta name=\"description\" content=\"Leading chocolate peanut butter OEM private label manufacturer and exporter. Discover premium, customized chocolate peanut butter from us.\" \/>\n<meta name=\"robots\" content=\"index, follow, max-snippet:-1, max-image-preview:large, max-video-preview:-1\" \/>\n<link rel=\"canonical\" href=\"https:\/\/www.peanutoem.com\/de\/manufacturer\/chocolate-peanut-butter\/\" \/>\n<meta property=\"og:locale\" content=\"de_DE\" \/>\n<meta property=\"og:type\" content=\"article\" \/>\n<meta property=\"og:title\" content=\"Chocolate Peanut Butter Manufacturer OEM - China Peanut Butter Factory\" \/>\n<meta property=\"og:description\" content=\"Leading chocolate peanut butter OEM private label manufacturer and exporter. Discover premium, customized chocolate peanut butter from us.\" \/>\n<meta property=\"og:url\" content=\"https:\/\/www.peanutoem.com\/de\/manufacturer\/chocolate-peanut-butter\/\" \/>\n<meta property=\"og:site_name\" content=\"Peanut Butter Factory\" \/>\n<meta property=\"article:modified_time\" content=\"2024-10-06T09:55:00+00:00\" \/>\n<meta property=\"og:image\" content=\"https:\/\/www.peanutoem.com\/wp-content\/uploads\/2024\/09\/Peanut-Butter-Chocolate-Flavor.webp\" \/>\n\t<meta property=\"og:image:width\" content=\"819\" \/>\n\t<meta property=\"og:image:height\" content=\"975\" \/>\n\t<meta property=\"og:image:type\" content=\"image\/webp\" \/>\n<meta name=\"twitter:card\" content=\"summary_large_image\" \/>\n<meta name=\"twitter:label1\" content=\"Gesch\u00e4tzte Lesezeit\" \/>\n\t<meta name=\"twitter:data1\" content=\"4\u00a0Minuten\" \/>\n<script type=\"application\/ld+json\" class=\"yoast-schema-graph\">{\"@context\":\"https:\/\/schema.org\",\"@graph\":[{\"@type\":\"WebPage\",\"@id\":\"https:\/\/www.peanutoem.com\/manufacturer\/chocolate-peanut-butter\/\",\"url\":\"https:\/\/www.peanutoem.com\/manufacturer\/chocolate-peanut-butter\/\",\"name\":\"Chocolate Peanut Butter Manufacturer OEM - China Peanut Butter Factory\",\"isPartOf\":{\"@id\":\"https:\/\/www.peanutoem.com\/#website\"},\"primaryImageOfPage\":{\"@id\":\"https:\/\/www.peanutoem.com\/manufacturer\/chocolate-peanut-butter\/#primaryimage\"},\"image\":{\"@id\":\"https:\/\/www.peanutoem.com\/manufacturer\/chocolate-peanut-butter\/#primaryimage\"},\"thumbnailUrl\":\"https:\/\/www.peanutoem.com\/wp-content\/uploads\/2024\/09\/Peanut-Butter-Chocolate-Flavor.webp\",\"datePublished\":\"2024-09-10T12:30:11+00:00\",\"dateModified\":\"2024-10-06T09:55:00+00:00\",\"description\":\"Leading chocolate peanut butter OEM private label manufacturer and exporter. Discover premium, customized chocolate peanut butter from us.\",\"breadcrumb\":{\"@id\":\"https:\/\/www.peanutoem.com\/manufacturer\/chocolate-peanut-butter\/#breadcrumb\"},\"inLanguage\":\"de\",\"potentialAction\":[{\"@type\":\"ReadAction\",\"target\":[\"https:\/\/www.peanutoem.com\/manufacturer\/chocolate-peanut-butter\/\"]}]},{\"@type\":\"ImageObject\",\"inLanguage\":\"de\",\"@id\":\"https:\/\/www.peanutoem.com\/manufacturer\/chocolate-peanut-butter\/#primaryimage\",\"url\":\"https:\/\/www.peanutoem.com\/wp-content\/uploads\/2024\/09\/Peanut-Butter-Chocolate-Flavor.webp\",\"contentUrl\":\"https:\/\/www.peanutoem.com\/wp-content\/uploads\/2024\/09\/Peanut-Butter-Chocolate-Flavor.webp\",\"width\":819,\"height\":975,\"caption\":\"Peanut Butter Chocolate Flavor\"},{\"@type\":\"BreadcrumbList\",\"@id\":\"https:\/\/www.peanutoem.com\/manufacturer\/chocolate-peanut-butter\/#breadcrumb\",\"itemListElement\":[{\"@type\":\"ListItem\",\"position\":1,\"name\":\"Home\",\"item\":\"https:\/\/www.peanutoem.com\/\"},{\"@type\":\"ListItem\",\"position\":2,\"name\":\"Products\",\"item\":\"https:\/\/www.peanutoem.com\/shop\/\"},{\"@type\":\"ListItem\",\"position\":3,\"name\":\"Chocolate Peanut Butter\"}]},{\"@type\":\"WebSite\",\"@id\":\"https:\/\/www.peanutoem.com\/#website\",\"url\":\"https:\/\/www.peanutoem.com\/\",\"name\":\"Peanut Butter Factory\",\"description\":\"Peanut Butter Manufacturer and Roast Peanut OEM Factory | Peanut Private Label China Supplier\",\"publisher\":{\"@id\":\"https:\/\/www.peanutoem.com\/#organization\"},\"alternateName\":\"Peanut Butter OEM and Wholesale\",\"potentialAction\":[{\"@type\":\"SearchAction\",\"target\":{\"@type\":\"EntryPoint\",\"urlTemplate\":\"https:\/\/www.peanutoem.com\/?s={search_term_string}\"},\"query-input\":{\"@type\":\"PropertyValueSpecification\",\"valueRequired\":true,\"valueName\":\"search_term_string\"}}],\"inLanguage\":\"de\"},{\"@type\":\"Organization\",\"@id\":\"https:\/\/www.peanutoem.com\/#organization\",\"name\":\"Peanut Butter Factory\",\"alternateName\":\"JuFeng Group\",\"url\":\"https:\/\/www.peanutoem.com\/\",\"logo\":{\"@type\":\"ImageObject\",\"inLanguage\":\"de\",\"@id\":\"https:\/\/www.peanutoem.com\/#\/schema\/logo\/image\/\",\"url\":\"https:\/\/www.peanutoem.com\/wp-content\/uploads\/2024\/09\/JUFENG-LOGO.png\",\"contentUrl\":\"https:\/\/www.peanutoem.com\/wp-content\/uploads\/2024\/09\/JUFENG-LOGO.png\",\"width\":600,\"height\":170,\"caption\":\"Peanut Butter Factory\"},\"image\":{\"@id\":\"https:\/\/www.peanutoem.com\/#\/schema\/logo\/image\/\"}}]}<\/script>\n<!-- \/ Yoast SEO plugin. -->","yoast_head_json":{"title":"Chocolate Peanut Butter Manufacturer OEM - China Peanut Butter Factory","description":"Leading chocolate peanut butter OEM private label manufacturer and exporter. Discover premium, customized chocolate peanut butter from us.","robots":{"index":"index","follow":"follow","max-snippet":"max-snippet:-1","max-image-preview":"max-image-preview:large","max-video-preview":"max-video-preview:-1"},"canonical":"https:\/\/www.peanutoem.com\/de\/manufacturer\/chocolate-peanut-butter\/","og_locale":"de_DE","og_type":"article","og_title":"Chocolate Peanut Butter Manufacturer OEM - China Peanut Butter Factory","og_description":"Leading chocolate peanut butter OEM private label manufacturer and exporter. Discover premium, customized chocolate peanut butter from us.","og_url":"https:\/\/www.peanutoem.com\/de\/manufacturer\/chocolate-peanut-butter\/","og_site_name":"Peanut Butter Factory","article_modified_time":"2024-10-06T09:55:00+00:00","og_image":[{"width":819,"height":975,"url":"https:\/\/www.peanutoem.com\/wp-content\/uploads\/2024\/09\/Peanut-Butter-Chocolate-Flavor.webp","type":"image\/webp"}],"twitter_card":"summary_large_image","twitter_misc":{"Gesch\u00e4tzte Lesezeit":"4\u00a0Minuten"},"schema":{"@context":"https:\/\/schema.org","@graph":[{"@type":"WebPage","@id":"https:\/\/www.peanutoem.com\/manufacturer\/chocolate-peanut-butter\/","url":"https:\/\/www.peanutoem.com\/manufacturer\/chocolate-peanut-butter\/","name":"Chocolate Peanut Butter Manufacturer OEM - China Peanut Butter Factory","isPartOf":{"@id":"https:\/\/www.peanutoem.com\/#website"},"primaryImageOfPage":{"@id":"https:\/\/www.peanutoem.com\/manufacturer\/chocolate-peanut-butter\/#primaryimage"},"image":{"@id":"https:\/\/www.peanutoem.com\/manufacturer\/chocolate-peanut-butter\/#primaryimage"},"thumbnailUrl":"https:\/\/www.peanutoem.com\/wp-content\/uploads\/2024\/09\/Peanut-Butter-Chocolate-Flavor.webp","datePublished":"2024-09-10T12:30:11+00:00","dateModified":"2024-10-06T09:55:00+00:00","description":"Leading chocolate peanut butter OEM private label manufacturer and exporter. Discover premium, customized chocolate peanut butter from us.","breadcrumb":{"@id":"https:\/\/www.peanutoem.com\/manufacturer\/chocolate-peanut-butter\/#breadcrumb"},"inLanguage":"de","potentialAction":[{"@type":"ReadAction","target":["https:\/\/www.peanutoem.com\/manufacturer\/chocolate-peanut-butter\/"]}]},{"@type":"ImageObject","inLanguage":"de","@id":"https:\/\/www.peanutoem.com\/manufacturer\/chocolate-peanut-butter\/#primaryimage","url":"https:\/\/www.peanutoem.com\/wp-content\/uploads\/2024\/09\/Peanut-Butter-Chocolate-Flavor.webp","contentUrl":"https:\/\/www.peanutoem.com\/wp-content\/uploads\/2024\/09\/Peanut-Butter-Chocolate-Flavor.webp","width":819,"height":975,"caption":"Peanut Butter Chocolate Flavor"},{"@type":"BreadcrumbList","@id":"https:\/\/www.peanutoem.com\/manufacturer\/chocolate-peanut-butter\/#breadcrumb","itemListElement":[{"@type":"ListItem","position":1,"name":"Home","item":"https:\/\/www.peanutoem.com\/"},{"@type":"ListItem","position":2,"name":"Products","item":"https:\/\/www.peanutoem.com\/shop\/"},{"@type":"ListItem","position":3,"name":"Chocolate Peanut Butter"}]},{"@type":"WebSite","@id":"https:\/\/www.peanutoem.com\/#website","url":"https:\/\/www.peanutoem.com\/","name":"Peanut Butter Factory","description":"Peanut Butter Manufacturer and Roast Peanut OEM Factory | Peanut Private Label China Supplier","publisher":{"@id":"https:\/\/www.peanutoem.com\/#organization"},"alternateName":"Peanut Butter OEM and Wholesale","potentialAction":[{"@type":"SearchAction","target":{"@type":"EntryPoint","urlTemplate":"https:\/\/www.peanutoem.com\/?s={search_term_string}"},"query-input":{"@type":"PropertyValueSpecification","valueRequired":true,"valueName":"search_term_string"}}],"inLanguage":"de"},{"@type":"Organization","@id":"https:\/\/www.peanutoem.com\/#organization","name":"Peanut Butter Factory","alternateName":"JuFeng Group","url":"https:\/\/www.peanutoem.com\/","logo":{"@type":"ImageObject","inLanguage":"de","@id":"https:\/\/www.peanutoem.com\/#\/schema\/logo\/image\/","url":"https:\/\/www.peanutoem.com\/wp-content\/uploads\/2024\/09\/JUFENG-LOGO.png","contentUrl":"https:\/\/www.peanutoem.com\/wp-content\/uploads\/2024\/09\/JUFENG-LOGO.png","width":600,"height":170,"caption":"Peanut Butter Factory"},"image":{"@id":"https:\/\/www.peanutoem.com\/#\/schema\/logo\/image\/"}}]}},"_links":{"self":[{"href":"https:\/\/www.peanutoem.com\/de\/wp-json\/wp\/v2\/product\/1638","targetHints":{"allow":["GET"]}}],"collection":[{"href":"https:\/\/www.peanutoem.com\/de\/wp-json\/wp\/v2\/product"}],"about":[{"href":"https:\/\/www.peanutoem.com\/de\/wp-json\/wp\/v2\/types\/product"}],"replies":[{"embeddable":true,"href":"https:\/\/www.peanutoem.com\/de\/wp-json\/wp\/v2\/comments?post=1638"}],"wp:featuredmedia":[{"embeddable":true,"href":"https:\/\/www.peanutoem.com\/de\/wp-json\/wp\/v2\/media\/1671"}],"wp:attachment":[{"href":"https:\/\/www.peanutoem.com\/de\/wp-json\/wp\/v2\/media?parent=1638"}],"wp:term":[{"taxonomy":"product_cat","embeddable":true,"href":"https:\/\/www.peanutoem.com\/de\/wp-json\/wp\/v2\/product_cat?post=1638"},{"taxonomy":"product_tag","embeddable":true,"href":"https:\/\/www.peanutoem.com\/de\/wp-json\/wp\/v2\/product_tag?post=1638"}],"curies":[{"name":"wp","href":"https:\/\/api.w.org\/{rel}","templated":true}]}}