{"id":1402,"date":"2023-06-08T08:15:42","date_gmt":"2023-06-08T08:15:42","guid":{"rendered":"https:\/\/www.peanutoem.com\/?post_type=product&#038;p=1402"},"modified":"2024-09-28T06:53:33","modified_gmt":"2024-09-28T06:53:33","slug":"crunchy-peanut-butter","status":"publish","type":"product","link":"https:\/\/www.peanutoem.com\/es\/manufacturer\/crunchy-peanut-butter\/","title":{"rendered":"Mantequilla de man\u00ed crujiente | Mantequilla de man\u00ed crujiente personalizada"},"content":{"rendered":"<h3>Crujiente <a href=\"https:\/\/www.peanutoem.com\/es\/Wholesale\/peanut-butter\/\" target=\"_blank\" rel=\"noopener\">Manteca de cacahuete<\/a> \u2013 Fabricante de marca privada OEM de primera calidad<\/h3>\n<p>Estamos orgullosos de ser un fabricante, exportador y proveedor l\u00edder de marcas privadas OEM de mantequilla de man\u00ed crujiente de alta calidad, que ofrece una textura satisfactoria, perfecta tanto para uso minorista como industrial. Nuestras capacidades de fabricaci\u00f3n, combinadas con opciones personalizables, nos permiten satisfacer las necesidades \u00fanicas de marcas de todo el mundo.<\/p>\n<h3>Producci\u00f3n avanzada y <a href=\"https:\/\/www.peanutoem.com\/es\/certificate\/\" target=\"_blank\" rel=\"noopener\">Certificaciones<\/a><\/h3>\n<p>Nuestras modernas instalaciones est\u00e1n equipadas para manejar producciones a gran escala manteniendo un estricto control de calidad. Con certificaciones como HACCP, BRCGS, Halal, Kosher y EU Organic, garantizamos que nuestra mantequilla de man\u00ed crujiente cumple con los est\u00e1ndares globales m\u00e1s altos. Esto nos convierte en el socio preferido para las empresas que buscan soluciones confiables de OEM y marcas blancas.<\/p>\n<h3>\u00bfQu\u00e9 es la mantequilla de man\u00ed crujiente?<\/h3>\n<p>La mantequilla de man\u00ed crujiente contiene peque\u00f1os gr\u00e1nulos de man\u00ed, que le dan una textura agradable y un rico sabor a man\u00ed. Esta variedad es perfecta para los consumidores que disfrutan de una experiencia de mantequilla de man\u00ed m\u00e1s sustancial en comparaci\u00f3n con las opciones suaves o cremosas. Nuestra mantequilla de man\u00ed en gr\u00e1nulos se elabora con los mejores man\u00edes, lo que garantiza la consistencia en cada frasco.<\/p>\n<p>La mantequilla de man\u00ed crujiente tambi\u00e9n se conoce con otros nombres, seg\u00fan la regi\u00f3n o la preferencia de comercializaci\u00f3n. Algunos nombres alternativos incluyen:<\/p>\n<ol>\n<li><strong>Mantequilla de man\u00ed con trozos<\/strong> \u2013 Este es un t\u00e9rmino com\u00fan, especialmente en los EE. UU., que se refiere a la misma variedad texturizada.<\/li>\n<li><strong>Mantequilla de man\u00ed en gr\u00e1nulos<\/strong> \u2013 Describe su textura granulada, a menudo utilizada en un contexto m\u00e1s t\u00e9cnico o industrial.<\/li>\n<li><strong>Mantequilla de man\u00ed texturizada<\/strong> \u2013 Resaltar la textura de los trozos de man\u00ed.<\/li>\n<li><strong>Mantequilla de man\u00ed con sabor a nuez<\/strong> \u2013 A veces se utiliza para enfatizar los trozos de man\u00ed dentro de la pasta.<\/li>\n<\/ol>\n<p>Estos nombres a menudo son intercambiables y transmiten la idea de que la mantequilla de man\u00ed contiene peque\u00f1os trozos o gr\u00e1nulos de man\u00ed.<\/p>\n<h3>Soluciones de marca privada personalizadas para mantequilla de man\u00ed crujiente<\/h3>\n<p>Como fabricante OEM destacado, ofrecemos servicios de marca privada personalizados para mantequilla de man\u00ed crocante. Ya sea que necesite un empaque exclusivo o tama\u00f1os espec\u00edficos, ofrecemos opciones flexibles que se adaptan a las necesidades de su marca. Nuestro equipo trabaja en estrecha colaboraci\u00f3n con usted para desarrollar un producto que se ajuste a su identidad de marca y a los requisitos del mercado.<\/p>\n<h3>Exportador y proveedor mundial de mantequilla de man\u00ed granulada<\/h3>\n<p>Con una amplia red de exportaci\u00f3n, atendemos a clientes de todo el mundo, lo que nos convierte en un exportador y proveedor confiable de mantequilla de man\u00ed en gr\u00e1nulos. Nuestra log\u00edstica eficiente garantiza la entrega oportuna, ya sea que necesite lotes peque\u00f1os o pedidos al por mayor. Entendemos la importancia de la consistencia y la confiabilidad en los mercados internacionales.<\/p>\n<h3>\u00bfPor qu\u00e9 elegirnos?<\/h3>\n<ul>\n<li><strong>Amplia capacidad de producci\u00f3n<\/strong>:Producci\u00f3n a gran escala adaptada a tu marca<\/li>\n<li><strong>Global <a href=\"https:\/\/www.peanutoem.com\/es\/certificate\/\" target=\"_blank\" rel=\"noopener\">Certificaciones<\/a><\/strong>:Incluye HACCP, BRCGS, Halal, Kosher y m\u00e1s<\/li>\n<li><strong>Opciones flexibles de OEM y marca privada<\/strong>:Personalizable seg\u00fan sus especificaciones<\/li>\n<li><strong>Exportador y proveedor de confianza<\/strong>:Atendemos mercados de todo el mundo con una calidad constante<\/li>\n<\/ul>\n<p>Estamos preparados para ofrecer lo mejor en mantequilla de man\u00ed crocante a trav\u00e9s de nuestras soluciones flexibles de OEM y de marca privada. Perm\u00edtanos ayudarlo a llevar mantequilla de man\u00ed granulada de primera calidad a sus clientes, con un enfoque en la calidad y la personalizaci\u00f3n.<\/p>\n<a href=\"mailto:globepeanut@gmail.com\" class=\"button primary is-primary is-medium\"  >\n    <span>Env\u00edenos un correo electr\u00f3nico<\/span>\n  <\/a>","protected":false},"excerpt":{"rendered":"<table width=\"564\">\n<tbody>\n<tr>\n<td width=\"113\"><strong>Nombre del producto<\/strong><\/td>\n<td width=\"402\">Mantequilla de man\u00ed crujiente<\/td>\n<\/tr>\n<tr>\n<td width=\"113\"><strong>Ingredientes<\/strong><\/td>\n<td width=\"402\">Granos de man\u00ed seleccionados, az\u00facar blanca, aceite vegetal hidrogenado, sal<\/td>\n<\/tr>\n<tr>\n<td width=\"113\"><strong>Presupuesto<\/strong><\/td>\n<td width=\"402\">200 g x 36, 227 g x 24, 340 g x 12, 375 g x 12, 500 g x 12, 510 g x 12, 1 kg x 12, 10 kg x 1, 20 kg x 1, 220 kg x 1<\/td>\n<\/tr>\n<tr>\n<td width=\"113\"><strong>Forma de embalaje<\/strong><\/td>\n<td width=\"402\">Tarro, balde, envase tipo doy, bolsa, cart\u00f3n, lata, barril, lata, botella, etc.<\/td>\n<\/tr>\n<tr>\n<td width=\"113\"><strong>El tiempo de entrega<\/strong><\/td>\n<td width=\"402\">7~20 d\u00edas despu\u00e9s del pedido<\/td>\n<\/tr>\n<tr>\n<td width=\"113\"><strong>Cantidad m\u00ednima de pedido<\/strong><\/td>\n<td width=\"402\">Una tonelada<\/td>\n<\/tr>\n<tr>\n<td width=\"113\"><strong>Muestra<\/strong><\/td>\n<td width=\"402\">Muestra gratuita disponible<\/td>\n<\/tr>\n<tr>\n<td width=\"113\"><strong>Fabricante de equipos originales (OEM)<\/strong><\/td>\n<td width=\"402\">Se acepta etiqueta del comprador<\/td>\n<\/tr>\n<\/tbody>\n<\/table>","protected":false},"featured_media":1652,"comment_status":"open","ping_status":"closed","template":"","meta":[],"product_cat":[15],"product_tag":[],"class_list":{"0":"post-1402","1":"product","2":"type-product","3":"status-publish","4":"has-post-thumbnail","6":"product_cat-peanut-butter","8":"first","9":"instock","10":"featured","11":"shipping-taxable","12":"product-type-simple"},"yoast_head":"<!-- This site is optimized with the Yoast SEO plugin v24.9 - https:\/\/yoast.com\/wordpress\/plugins\/seo\/ -->\n<title>Crunchy Peanut Butter | Custom Crunchy Peanut Butter OEM - Peanut Butter Factory<\/title>\n<meta name=\"description\" content=\"As a leading private label manufacturer, Our crunchy peanut butter is made with delightful granule texture and customizable packaging.\" \/>\n<meta name=\"robots\" content=\"index, follow, max-snippet:-1, max-image-preview:large, max-video-preview:-1\" \/>\n<link rel=\"canonical\" href=\"https:\/\/www.peanutoem.com\/es\/manufacturer\/crunchy-peanut-butter\/\" \/>\n<meta property=\"og:locale\" content=\"es_ES\" \/>\n<meta property=\"og:type\" content=\"article\" \/>\n<meta property=\"og:title\" content=\"Crunchy Peanut Butter | Custom Crunchy Peanut Butter OEM - Peanut Butter Factory\" \/>\n<meta property=\"og:description\" content=\"As a leading private label manufacturer, Our crunchy peanut butter is made with delightful granule texture and customizable packaging.\" \/>\n<meta property=\"og:url\" content=\"https:\/\/www.peanutoem.com\/es\/manufacturer\/crunchy-peanut-butter\/\" \/>\n<meta property=\"og:site_name\" content=\"Peanut Butter Factory\" \/>\n<meta property=\"article:modified_time\" content=\"2024-09-28T06:53:33+00:00\" \/>\n<meta property=\"og:image\" content=\"https:\/\/www.peanutoem.com\/wp-content\/uploads\/2023\/06\/Crunchy-Type-Peanut-Butter-340g.webp\" \/>\n\t<meta property=\"og:image:width\" content=\"1000\" \/>\n\t<meta property=\"og:image:height\" content=\"1000\" \/>\n\t<meta property=\"og:image:type\" content=\"image\/webp\" \/>\n<meta name=\"twitter:card\" content=\"summary_large_image\" \/>\n<meta name=\"twitter:label1\" content=\"Tiempo de lectura\" \/>\n\t<meta name=\"twitter:data1\" content=\"3 minutos\" \/>\n<script type=\"application\/ld+json\" class=\"yoast-schema-graph\">{\"@context\":\"https:\/\/schema.org\",\"@graph\":[{\"@type\":\"WebPage\",\"@id\":\"https:\/\/www.peanutoem.com\/manufacturer\/crunchy-peanut-butter\/\",\"url\":\"https:\/\/www.peanutoem.com\/manufacturer\/crunchy-peanut-butter\/\",\"name\":\"Crunchy Peanut Butter | Custom Crunchy Peanut Butter OEM - Peanut Butter Factory\",\"isPartOf\":{\"@id\":\"https:\/\/www.peanutoem.com\/#website\"},\"primaryImageOfPage\":{\"@id\":\"https:\/\/www.peanutoem.com\/manufacturer\/crunchy-peanut-butter\/#primaryimage\"},\"image\":{\"@id\":\"https:\/\/www.peanutoem.com\/manufacturer\/crunchy-peanut-butter\/#primaryimage\"},\"thumbnailUrl\":\"https:\/\/www.peanutoem.com\/wp-content\/uploads\/2023\/06\/Crunchy-Type-Peanut-Butter-340g.webp\",\"datePublished\":\"2023-06-08T08:15:42+00:00\",\"dateModified\":\"2024-09-28T06:53:33+00:00\",\"description\":\"As a leading private label manufacturer, Our crunchy peanut butter is made with delightful granule texture and customizable packaging.\",\"breadcrumb\":{\"@id\":\"https:\/\/www.peanutoem.com\/manufacturer\/crunchy-peanut-butter\/#breadcrumb\"},\"inLanguage\":\"es\",\"potentialAction\":[{\"@type\":\"ReadAction\",\"target\":[\"https:\/\/www.peanutoem.com\/manufacturer\/crunchy-peanut-butter\/\"]}]},{\"@type\":\"ImageObject\",\"inLanguage\":\"es\",\"@id\":\"https:\/\/www.peanutoem.com\/manufacturer\/crunchy-peanut-butter\/#primaryimage\",\"url\":\"https:\/\/www.peanutoem.com\/wp-content\/uploads\/2023\/06\/Crunchy-Type-Peanut-Butter-340g.webp\",\"contentUrl\":\"https:\/\/www.peanutoem.com\/wp-content\/uploads\/2023\/06\/Crunchy-Type-Peanut-Butter-340g.webp\",\"width\":1000,\"height\":1000,\"caption\":\"Crunchy Type Peanut Butter 340g\"},{\"@type\":\"BreadcrumbList\",\"@id\":\"https:\/\/www.peanutoem.com\/manufacturer\/crunchy-peanut-butter\/#breadcrumb\",\"itemListElement\":[{\"@type\":\"ListItem\",\"position\":1,\"name\":\"Home\",\"item\":\"https:\/\/www.peanutoem.com\/\"},{\"@type\":\"ListItem\",\"position\":2,\"name\":\"Products\",\"item\":\"https:\/\/www.peanutoem.com\/shop\/\"},{\"@type\":\"ListItem\",\"position\":3,\"name\":\"Crunchy Peanut Butter | Custom Crunchy Peanut Butter\"}]},{\"@type\":\"WebSite\",\"@id\":\"https:\/\/www.peanutoem.com\/#website\",\"url\":\"https:\/\/www.peanutoem.com\/\",\"name\":\"Peanut Butter Factory\",\"description\":\"Peanut Butter Manufacturer and Roast Peanut OEM Factory | Peanut Private Label China Supplier\",\"publisher\":{\"@id\":\"https:\/\/www.peanutoem.com\/#organization\"},\"alternateName\":\"Peanut Butter OEM and Wholesale\",\"potentialAction\":[{\"@type\":\"SearchAction\",\"target\":{\"@type\":\"EntryPoint\",\"urlTemplate\":\"https:\/\/www.peanutoem.com\/?s={search_term_string}\"},\"query-input\":{\"@type\":\"PropertyValueSpecification\",\"valueRequired\":true,\"valueName\":\"search_term_string\"}}],\"inLanguage\":\"es\"},{\"@type\":\"Organization\",\"@id\":\"https:\/\/www.peanutoem.com\/#organization\",\"name\":\"Peanut Butter Factory\",\"alternateName\":\"JuFeng Group\",\"url\":\"https:\/\/www.peanutoem.com\/\",\"logo\":{\"@type\":\"ImageObject\",\"inLanguage\":\"es\",\"@id\":\"https:\/\/www.peanutoem.com\/#\/schema\/logo\/image\/\",\"url\":\"https:\/\/www.peanutoem.com\/wp-content\/uploads\/2024\/09\/JUFENG-LOGO.png\",\"contentUrl\":\"https:\/\/www.peanutoem.com\/wp-content\/uploads\/2024\/09\/JUFENG-LOGO.png\",\"width\":600,\"height\":170,\"caption\":\"Peanut Butter Factory\"},\"image\":{\"@id\":\"https:\/\/www.peanutoem.com\/#\/schema\/logo\/image\/\"}}]}<\/script>\n<!-- \/ Yoast SEO plugin. -->","yoast_head_json":{"title":"Crunchy Peanut Butter | Custom Crunchy Peanut Butter OEM - Peanut Butter Factory","description":"As a leading private label manufacturer, Our crunchy peanut butter is made with delightful granule texture and customizable packaging.","robots":{"index":"index","follow":"follow","max-snippet":"max-snippet:-1","max-image-preview":"max-image-preview:large","max-video-preview":"max-video-preview:-1"},"canonical":"https:\/\/www.peanutoem.com\/es\/manufacturer\/crunchy-peanut-butter\/","og_locale":"es_ES","og_type":"article","og_title":"Crunchy Peanut Butter | Custom Crunchy Peanut Butter OEM - Peanut Butter Factory","og_description":"As a leading private label manufacturer, Our crunchy peanut butter is made with delightful granule texture and customizable packaging.","og_url":"https:\/\/www.peanutoem.com\/es\/manufacturer\/crunchy-peanut-butter\/","og_site_name":"Peanut Butter Factory","article_modified_time":"2024-09-28T06:53:33+00:00","og_image":[{"width":1000,"height":1000,"url":"https:\/\/www.peanutoem.com\/wp-content\/uploads\/2023\/06\/Crunchy-Type-Peanut-Butter-340g.webp","type":"image\/webp"}],"twitter_card":"summary_large_image","twitter_misc":{"Tiempo de lectura":"3 minutos"},"schema":{"@context":"https:\/\/schema.org","@graph":[{"@type":"WebPage","@id":"https:\/\/www.peanutoem.com\/manufacturer\/crunchy-peanut-butter\/","url":"https:\/\/www.peanutoem.com\/manufacturer\/crunchy-peanut-butter\/","name":"Crunchy Peanut Butter | Custom Crunchy Peanut Butter OEM - Peanut Butter Factory","isPartOf":{"@id":"https:\/\/www.peanutoem.com\/#website"},"primaryImageOfPage":{"@id":"https:\/\/www.peanutoem.com\/manufacturer\/crunchy-peanut-butter\/#primaryimage"},"image":{"@id":"https:\/\/www.peanutoem.com\/manufacturer\/crunchy-peanut-butter\/#primaryimage"},"thumbnailUrl":"https:\/\/www.peanutoem.com\/wp-content\/uploads\/2023\/06\/Crunchy-Type-Peanut-Butter-340g.webp","datePublished":"2023-06-08T08:15:42+00:00","dateModified":"2024-09-28T06:53:33+00:00","description":"As a leading private label manufacturer, Our crunchy peanut butter is made with delightful granule texture and customizable packaging.","breadcrumb":{"@id":"https:\/\/www.peanutoem.com\/manufacturer\/crunchy-peanut-butter\/#breadcrumb"},"inLanguage":"es","potentialAction":[{"@type":"ReadAction","target":["https:\/\/www.peanutoem.com\/manufacturer\/crunchy-peanut-butter\/"]}]},{"@type":"ImageObject","inLanguage":"es","@id":"https:\/\/www.peanutoem.com\/manufacturer\/crunchy-peanut-butter\/#primaryimage","url":"https:\/\/www.peanutoem.com\/wp-content\/uploads\/2023\/06\/Crunchy-Type-Peanut-Butter-340g.webp","contentUrl":"https:\/\/www.peanutoem.com\/wp-content\/uploads\/2023\/06\/Crunchy-Type-Peanut-Butter-340g.webp","width":1000,"height":1000,"caption":"Crunchy Type Peanut Butter 340g"},{"@type":"BreadcrumbList","@id":"https:\/\/www.peanutoem.com\/manufacturer\/crunchy-peanut-butter\/#breadcrumb","itemListElement":[{"@type":"ListItem","position":1,"name":"Home","item":"https:\/\/www.peanutoem.com\/"},{"@type":"ListItem","position":2,"name":"Products","item":"https:\/\/www.peanutoem.com\/shop\/"},{"@type":"ListItem","position":3,"name":"Crunchy Peanut Butter | Custom Crunchy Peanut Butter"}]},{"@type":"WebSite","@id":"https:\/\/www.peanutoem.com\/#website","url":"https:\/\/www.peanutoem.com\/","name":"Peanut Butter Factory","description":"Peanut Butter Manufacturer and Roast Peanut OEM Factory | Peanut Private Label China Supplier","publisher":{"@id":"https:\/\/www.peanutoem.com\/#organization"},"alternateName":"Peanut Butter OEM and Wholesale","potentialAction":[{"@type":"SearchAction","target":{"@type":"EntryPoint","urlTemplate":"https:\/\/www.peanutoem.com\/?s={search_term_string}"},"query-input":{"@type":"PropertyValueSpecification","valueRequired":true,"valueName":"search_term_string"}}],"inLanguage":"es"},{"@type":"Organization","@id":"https:\/\/www.peanutoem.com\/#organization","name":"Peanut Butter Factory","alternateName":"JuFeng Group","url":"https:\/\/www.peanutoem.com\/","logo":{"@type":"ImageObject","inLanguage":"es","@id":"https:\/\/www.peanutoem.com\/#\/schema\/logo\/image\/","url":"https:\/\/www.peanutoem.com\/wp-content\/uploads\/2024\/09\/JUFENG-LOGO.png","contentUrl":"https:\/\/www.peanutoem.com\/wp-content\/uploads\/2024\/09\/JUFENG-LOGO.png","width":600,"height":170,"caption":"Peanut Butter Factory"},"image":{"@id":"https:\/\/www.peanutoem.com\/#\/schema\/logo\/image\/"}}]}},"_links":{"self":[{"href":"https:\/\/www.peanutoem.com\/es\/wp-json\/wp\/v2\/product\/1402","targetHints":{"allow":["GET"]}}],"collection":[{"href":"https:\/\/www.peanutoem.com\/es\/wp-json\/wp\/v2\/product"}],"about":[{"href":"https:\/\/www.peanutoem.com\/es\/wp-json\/wp\/v2\/types\/product"}],"replies":[{"embeddable":true,"href":"https:\/\/www.peanutoem.com\/es\/wp-json\/wp\/v2\/comments?post=1402"}],"wp:featuredmedia":[{"embeddable":true,"href":"https:\/\/www.peanutoem.com\/es\/wp-json\/wp\/v2\/media\/1652"}],"wp:attachment":[{"href":"https:\/\/www.peanutoem.com\/es\/wp-json\/wp\/v2\/media?parent=1402"}],"wp:term":[{"taxonomy":"product_cat","embeddable":true,"href":"https:\/\/www.peanutoem.com\/es\/wp-json\/wp\/v2\/product_cat?post=1402"},{"taxonomy":"product_tag","embeddable":true,"href":"https:\/\/www.peanutoem.com\/es\/wp-json\/wp\/v2\/product_tag?post=1402"}],"curies":[{"name":"wp","href":"https:\/\/api.w.org\/{rel}","templated":true}]}}