{"id":1545,"date":"2024-09-02T13:38:22","date_gmt":"2024-09-02T13:38:22","guid":{"rendered":"https:\/\/www.peanutoem.com\/?post_type=product&#038;p=1545"},"modified":"2024-09-28T05:39:23","modified_gmt":"2024-09-28T05:39:23","slug":"stabilized-peanut-butter","status":"publish","type":"product","link":"https:\/\/www.peanutoem.com\/es\/manufacturer\/stabilized-peanut-butter\/","title":{"rendered":"Mantequilla de man\u00ed estabilizada"},"content":{"rendered":"<h3>\u00bfQu\u00e9 es la mantequilla de man\u00ed estabilizada?<\/h3>\n<p>Estabilizado <a href=\"https:\/\/www.peanutoem.com\/es\/Wholesale\/peanut-butter\/\" target=\"_blank\" rel=\"noopener\">manteca de cacahuete<\/a> Es una f\u00f3rmula especial <a href=\"https:\/\/en.wikipedia.org\/wiki\/Peanut\" target=\"_blank\" rel=\"noopener\">man\u00ed<\/a> Mantequilla que conserva su textura sedosa y cremosa con el tiempo sin la separaci\u00f3n de aceite y agua que se produce con el tiempo. A diferencia de la mantequilla de man\u00ed natural com\u00fan, que tiende a separarse naturalmente en capas de aceite de man\u00ed en la parte superior y migas s\u00f3lidas de man\u00ed en la parte inferior, la mantequilla de man\u00ed estabilizada se mezcla inteligentemente con estabilizadores naturales, como aceites vegetales o emulsionantes, para garantizar una textura uniforme. Esta caracter\u00edstica la convierte en una excelente opci\u00f3n para los consumidores que buscan comodidad, ya que no es necesario realizar operaciones adicionales como revolver antes de usar. La mantequilla de man\u00ed estabilizada es popular por su calidad constante y su larga vida \u00fatil, y no solo es amada por los usuarios dom\u00e9sticos, sino que tambi\u00e9n se usa ampliamente en la industria alimentaria.<\/p>\n<h3>\u00bfCuales son otros nombres?<\/h3>\n<p>La mantequilla de man\u00ed estabilizada puede tener varios nombres, entre ellos:<\/p>\n<ul>\n<li>Crema de cacahuete para untar<\/li>\n<li>Mantequilla de man\u00ed cremosa estabilizada<\/li>\n<li>Mantequilla de man\u00ed emulsionada<\/li>\n<li>Mantequilla de man\u00ed homog\u00e9nea u homogeneizada<\/li>\n<li>Crema de man\u00ed duradera<\/li>\n<li>Mantequilla de man\u00ed sin revolver<\/li>\n<li>Mantequilla de man\u00ed que no se separa<\/li>\n<li>Mantequilla de man\u00ed procesada<\/li>\n<li>Mantequilla de man\u00ed estable<\/li>\n<li>Mantequilla de man\u00ed untable suave<\/li>\n<li>Mantequilla de man\u00ed suave y estable<\/li>\n<\/ul>\n<h3><strong>Temas de actualidad sobre la mantequilla de man\u00ed estabilizada<\/strong><\/h3>\n<ol>\n<li><strong> Beneficios: <\/strong>La mantequilla de man\u00ed estabilizada ofrece varias ventajas, entre ellas, una textura uniforme que no requiere ser revuelta y una vida \u00fatil m\u00e1s prolongada. Es ideal para usar en recetas y como untable donde la textura consistente es crucial.<\/li>\n<li><strong> Aplicaciones en la fabricaci\u00f3n de alimentos:\u00a0<\/strong>Debido a su estabilidad, se utiliza ampliamente en la fabricaci\u00f3n de alimentos. Sirve como ingrediente en diversos productos, como barras de snack, salsas y productos horneados, donde la consistencia y la calidad son esenciales.<\/li>\n<li><strong> Preferencias y tendencias de los consumidores: <\/strong>Los consumidores prefieren cada vez m\u00e1s la mantequilla de man\u00ed estabilizada por su comodidad y fiabilidad. A medida que los cambios en el estilo de vida provocan agendas m\u00e1s apretadas, los productos que ofrecen un almacenamiento y una preparaci\u00f3n sin complicaciones est\u00e1n ganando popularidad.<\/li>\n<li><strong> Aspectos nutricionales: <\/strong>La mantequilla de man\u00ed estabilizada mantiene su perfil nutricional y ofrece un producto estable y consistente. Aporta nutrientes esenciales como prote\u00ednas, grasas saludables y vitaminas, lo que la convierte en una opci\u00f3n saludable para diversas dietas.<\/li>\n<\/ol>\n<h3><strong>\u00bfPor qu\u00e9 elegirnos como su proveedor?<\/strong><\/h3>\n<ol>\n<li><strong>\u00bfPor qu\u00e9 es usted la mejor opci\u00f3n para los servicios OEM de mantequilla de man\u00ed estabilizada?<\/strong><br \/>\nOfrecemos soluciones personalizadas, productos de alta calidad y una amplia experiencia en fabricaci\u00f3n y exportaci\u00f3n global.<\/li>\n<li><strong>\u00bfPuedes ajustar la textura, la consistencia y las formulaciones?<\/strong><br \/>\nS\u00ed, podemos personalizar la textura y desarrollar formulaciones \u00fanicas para satisfacer sus requisitos espec\u00edficos y preferencias del consumidor.<\/li>\n<li><strong>\u00bfQu\u00e9 opciones de embalaje est\u00e1n disponibles?<\/strong><br \/>\nOfrecemos varios formatos de embalaje personalizables, incluidos frascos, bolsas y contenedores a granel, adaptados a las necesidades de su marca.<\/li>\n<li><strong>\u00bfEst\u00e1 disponible en opciones org\u00e1nicas?<\/strong><br \/>\n\u00a1Por supuesto! Ofrecemos mantequilla de man\u00ed estabilizada elaborada con man\u00ed org\u00e1nico e ingredientes naturales.<\/li>\n<li><strong>\u00bfC\u00f3mo se garantiza la calidad?<\/strong><br \/>\nNuestros rigurosos procesos de control de calidad y certificaciones, como HACCP, BRCGS y Kosher, garantizan que cada lote cumpla con los m\u00e1s altos est\u00e1ndares.<\/li>\n<li><strong>\u00bfCu\u00e1les son sus plazos de producci\u00f3n y env\u00edo?<\/strong><br \/>\nLos plazos de entrega var\u00edan seg\u00fan el volumen del pedido y el destino, pero garantizamos una producci\u00f3n eficiente y entregas puntuales, generalmente en unas pocas semanas.<\/li>\n<li><strong>\u00bfManeja usted exportaciones internacionales?<\/strong><br \/>\nS\u00ed, gestionamos todos los aspectos del env\u00edo global y el cumplimiento para garantizar una entrega sin problemas.<\/li>\n<li><strong>\u00bfQu\u00e9 certificaciones tienes?<\/strong><br \/>\nNuestra mantequilla de man\u00ed estabilizada est\u00e1 certificada bajo HACCP, Kosher, Halal, BRCGS y otros est\u00e1ndares relevantes, lo que garantiza la seguridad y la calidad del producto.<\/li>\n<li><strong>\u00bfPodemos solicitar muestras antes de realizar un pedido completo?<\/strong><br \/>\nS\u00ed, proporcionamos lotes de muestra para realizar pruebas, asegur\u00e1ndonos de que cumplan con sus expectativas antes de asumir un compromiso mayor.<\/li>\n<\/ol>\n<h3><strong>Datos sobre la mantequilla de man\u00ed estabilizada\u00a0<\/strong><\/h3>\n<ol>\n<li><strong>Sin separaci\u00f3n:<\/strong> La mantequilla de man\u00ed estabilizada no se separa en aceite y s\u00f3lidos, lo que garantiza una textura consistente durante toda su vida \u00fatil.<\/li>\n<li><strong>Vida \u00fatil prolongada:<\/strong> Tiene una vida \u00fatil m\u00e1s larga en comparaci\u00f3n con la mantequilla de man\u00ed tradicional, lo que reduce la necesidad de recompras frecuentes y el desperdicio.<\/li>\n<li><strong>Conveniencia:<\/strong> Ideal para usar en una variedad de aplicaciones donde una consistencia estable y untable es crucial, como en la fabricaci\u00f3n de alimentos y productos minoristas.<\/li>\n<li><strong>Retenci\u00f3n de nutrientes:<\/strong> A pesar de su estabilidad, conserva los beneficios nutricionales del man\u00ed, incluidas prote\u00ednas, grasas saludables y vitaminas esenciales.<\/li>\n<li><strong>Uso vers\u00e1til:<\/strong> Adecuado para una amplia gama de productos, desde productos para untar y snacks hasta bases de ingredientes en alimentos procesados.<\/li>\n<\/ol>\n<a href=\"mailto:globepeanut@gmail.com\" class=\"button primary is-primary is-medium\"  >\n    <span>Env\u00edenos un correo electr\u00f3nico<\/span>\n  <\/a>","protected":false},"excerpt":{"rendered":"<table width=\"564\">\n<tbody>\n<tr>\n<td width=\"113\"><strong>Nombre del producto<\/strong><\/td>\n<td width=\"402\">Mantequilla de man\u00ed estabilizada<\/td>\n<\/tr>\n<tr>\n<td width=\"113\"><strong>Presupuesto<\/strong><\/td>\n<td width=\"402\">10 kg x 1, 20 kg x 1, 22 kg x 1<\/td>\n<\/tr>\n<tr>\n<td width=\"113\"><strong>Forma de embalaje<\/strong><\/td>\n<td width=\"402\">Tarro, balde, envase tipo doy, bolsa, cart\u00f3n, lata, barril, lata, botella, etc.<\/td>\n<\/tr>\n<tr>\n<td width=\"113\"><strong>El tiempo de entrega<\/strong><\/td>\n<td width=\"402\">7~20 d\u00edas despu\u00e9s del pedido<\/td>\n<\/tr>\n<tr>\n<td width=\"113\"><strong>Cantidad m\u00ednima de pedido<\/strong><\/td>\n<td width=\"402\">Una tonelada<\/td>\n<\/tr>\n<tr>\n<td width=\"113\"><strong>Muestra<\/strong><\/td>\n<td width=\"402\">Muestra gratuita disponible<\/td>\n<\/tr>\n<tr>\n<td width=\"113\"><strong>Fabricante de equipos originales (OEM)<\/strong><\/td>\n<td width=\"402\">Se acepta etiqueta del comprador<\/td>\n<\/tr>\n<\/tbody>\n<\/table>","protected":false},"featured_media":1692,"comment_status":"open","ping_status":"closed","template":"","meta":[],"product_cat":[15],"product_tag":[],"class_list":{"0":"post-1545","1":"product","2":"type-product","3":"status-publish","4":"has-post-thumbnail","6":"product_cat-peanut-butter","8":"first","9":"instock","10":"shipping-taxable","11":"product-type-simple"},"yoast_head":"<!-- This site is optimized with the Yoast SEO plugin v24.9 - https:\/\/yoast.com\/wordpress\/plugins\/seo\/ -->\n<title>Stabilized Peanut Butter China Producer - Peanut Butter Factory<\/title>\n<meta name=\"description\" content=\"Leading stabilized peanut butter OEM private label manufacturer and exporter. High-quality and packaging customized to meet global market demands.\" \/>\n<meta name=\"robots\" content=\"index, follow, max-snippet:-1, max-image-preview:large, max-video-preview:-1\" \/>\n<link rel=\"canonical\" href=\"https:\/\/www.peanutoem.com\/es\/manufacturer\/stabilized-peanut-butter\/\" \/>\n<meta property=\"og:locale\" content=\"es_ES\" \/>\n<meta property=\"og:type\" content=\"article\" \/>\n<meta property=\"og:title\" content=\"Stabilized Peanut Butter China Producer - Peanut Butter Factory\" \/>\n<meta property=\"og:description\" content=\"Leading stabilized peanut butter OEM private label manufacturer and exporter. High-quality and packaging customized to meet global market demands.\" \/>\n<meta property=\"og:url\" content=\"https:\/\/www.peanutoem.com\/es\/manufacturer\/stabilized-peanut-butter\/\" \/>\n<meta property=\"og:site_name\" content=\"Peanut Butter Factory\" \/>\n<meta property=\"article:modified_time\" content=\"2024-09-28T05:39:23+00:00\" \/>\n<meta property=\"og:image\" content=\"https:\/\/www.peanutoem.com\/wp-content\/uploads\/2024\/09\/Stabilized-Peanut-Butter-in-Jar.webp\" \/>\n\t<meta property=\"og:image:width\" content=\"1000\" \/>\n\t<meta property=\"og:image:height\" content=\"1000\" \/>\n\t<meta property=\"og:image:type\" content=\"image\/webp\" \/>\n<meta name=\"twitter:card\" content=\"summary_large_image\" \/>\n<meta name=\"twitter:label1\" content=\"Tiempo de lectura\" \/>\n\t<meta name=\"twitter:data1\" content=\"4 minutos\" \/>\n<script type=\"application\/ld+json\" class=\"yoast-schema-graph\">{\"@context\":\"https:\/\/schema.org\",\"@graph\":[{\"@type\":\"WebPage\",\"@id\":\"https:\/\/www.peanutoem.com\/manufacturer\/stabilized-peanut-butter\/\",\"url\":\"https:\/\/www.peanutoem.com\/manufacturer\/stabilized-peanut-butter\/\",\"name\":\"Stabilized Peanut Butter China Producer - Peanut Butter Factory\",\"isPartOf\":{\"@id\":\"https:\/\/www.peanutoem.com\/#website\"},\"primaryImageOfPage\":{\"@id\":\"https:\/\/www.peanutoem.com\/manufacturer\/stabilized-peanut-butter\/#primaryimage\"},\"image\":{\"@id\":\"https:\/\/www.peanutoem.com\/manufacturer\/stabilized-peanut-butter\/#primaryimage\"},\"thumbnailUrl\":\"https:\/\/www.peanutoem.com\/wp-content\/uploads\/2024\/09\/Stabilized-Peanut-Butter-in-Jar.webp\",\"datePublished\":\"2024-09-02T13:38:22+00:00\",\"dateModified\":\"2024-09-28T05:39:23+00:00\",\"description\":\"Leading stabilized peanut butter OEM private label manufacturer and exporter. High-quality and packaging customized to meet global market demands.\",\"breadcrumb\":{\"@id\":\"https:\/\/www.peanutoem.com\/manufacturer\/stabilized-peanut-butter\/#breadcrumb\"},\"inLanguage\":\"es\",\"potentialAction\":[{\"@type\":\"ReadAction\",\"target\":[\"https:\/\/www.peanutoem.com\/manufacturer\/stabilized-peanut-butter\/\"]}]},{\"@type\":\"ImageObject\",\"inLanguage\":\"es\",\"@id\":\"https:\/\/www.peanutoem.com\/manufacturer\/stabilized-peanut-butter\/#primaryimage\",\"url\":\"https:\/\/www.peanutoem.com\/wp-content\/uploads\/2024\/09\/Stabilized-Peanut-Butter-in-Jar.webp\",\"contentUrl\":\"https:\/\/www.peanutoem.com\/wp-content\/uploads\/2024\/09\/Stabilized-Peanut-Butter-in-Jar.webp\",\"width\":1000,\"height\":1000,\"caption\":\"Stabilized Peanut Butter in Jar\"},{\"@type\":\"BreadcrumbList\",\"@id\":\"https:\/\/www.peanutoem.com\/manufacturer\/stabilized-peanut-butter\/#breadcrumb\",\"itemListElement\":[{\"@type\":\"ListItem\",\"position\":1,\"name\":\"Home\",\"item\":\"https:\/\/www.peanutoem.com\/\"},{\"@type\":\"ListItem\",\"position\":2,\"name\":\"Products\",\"item\":\"https:\/\/www.peanutoem.com\/shop\/\"},{\"@type\":\"ListItem\",\"position\":3,\"name\":\"Stabilized Peanut Butter\"}]},{\"@type\":\"WebSite\",\"@id\":\"https:\/\/www.peanutoem.com\/#website\",\"url\":\"https:\/\/www.peanutoem.com\/\",\"name\":\"Peanut Butter Factory\",\"description\":\"Peanut Butter Manufacturer and Roast Peanut OEM Factory | Peanut Private Label China Supplier\",\"publisher\":{\"@id\":\"https:\/\/www.peanutoem.com\/#organization\"},\"alternateName\":\"Peanut Butter OEM and Wholesale\",\"potentialAction\":[{\"@type\":\"SearchAction\",\"target\":{\"@type\":\"EntryPoint\",\"urlTemplate\":\"https:\/\/www.peanutoem.com\/?s={search_term_string}\"},\"query-input\":{\"@type\":\"PropertyValueSpecification\",\"valueRequired\":true,\"valueName\":\"search_term_string\"}}],\"inLanguage\":\"es\"},{\"@type\":\"Organization\",\"@id\":\"https:\/\/www.peanutoem.com\/#organization\",\"name\":\"Peanut Butter Factory\",\"alternateName\":\"JuFeng Group\",\"url\":\"https:\/\/www.peanutoem.com\/\",\"logo\":{\"@type\":\"ImageObject\",\"inLanguage\":\"es\",\"@id\":\"https:\/\/www.peanutoem.com\/#\/schema\/logo\/image\/\",\"url\":\"https:\/\/www.peanutoem.com\/wp-content\/uploads\/2024\/09\/JUFENG-LOGO.png\",\"contentUrl\":\"https:\/\/www.peanutoem.com\/wp-content\/uploads\/2024\/09\/JUFENG-LOGO.png\",\"width\":600,\"height\":170,\"caption\":\"Peanut Butter Factory\"},\"image\":{\"@id\":\"https:\/\/www.peanutoem.com\/#\/schema\/logo\/image\/\"}}]}<\/script>\n<!-- \/ Yoast SEO plugin. -->","yoast_head_json":{"title":"Stabilized Peanut Butter China Producer - Peanut Butter Factory","description":"Leading stabilized peanut butter OEM private label manufacturer and exporter. High-quality and packaging customized to meet global market demands.","robots":{"index":"index","follow":"follow","max-snippet":"max-snippet:-1","max-image-preview":"max-image-preview:large","max-video-preview":"max-video-preview:-1"},"canonical":"https:\/\/www.peanutoem.com\/es\/manufacturer\/stabilized-peanut-butter\/","og_locale":"es_ES","og_type":"article","og_title":"Stabilized Peanut Butter China Producer - Peanut Butter Factory","og_description":"Leading stabilized peanut butter OEM private label manufacturer and exporter. High-quality and packaging customized to meet global market demands.","og_url":"https:\/\/www.peanutoem.com\/es\/manufacturer\/stabilized-peanut-butter\/","og_site_name":"Peanut Butter Factory","article_modified_time":"2024-09-28T05:39:23+00:00","og_image":[{"width":1000,"height":1000,"url":"https:\/\/www.peanutoem.com\/wp-content\/uploads\/2024\/09\/Stabilized-Peanut-Butter-in-Jar.webp","type":"image\/webp"}],"twitter_card":"summary_large_image","twitter_misc":{"Tiempo de lectura":"4 minutos"},"schema":{"@context":"https:\/\/schema.org","@graph":[{"@type":"WebPage","@id":"https:\/\/www.peanutoem.com\/manufacturer\/stabilized-peanut-butter\/","url":"https:\/\/www.peanutoem.com\/manufacturer\/stabilized-peanut-butter\/","name":"Stabilized Peanut Butter China Producer - Peanut Butter Factory","isPartOf":{"@id":"https:\/\/www.peanutoem.com\/#website"},"primaryImageOfPage":{"@id":"https:\/\/www.peanutoem.com\/manufacturer\/stabilized-peanut-butter\/#primaryimage"},"image":{"@id":"https:\/\/www.peanutoem.com\/manufacturer\/stabilized-peanut-butter\/#primaryimage"},"thumbnailUrl":"https:\/\/www.peanutoem.com\/wp-content\/uploads\/2024\/09\/Stabilized-Peanut-Butter-in-Jar.webp","datePublished":"2024-09-02T13:38:22+00:00","dateModified":"2024-09-28T05:39:23+00:00","description":"Leading stabilized peanut butter OEM private label manufacturer and exporter. High-quality and packaging customized to meet global market demands.","breadcrumb":{"@id":"https:\/\/www.peanutoem.com\/manufacturer\/stabilized-peanut-butter\/#breadcrumb"},"inLanguage":"es","potentialAction":[{"@type":"ReadAction","target":["https:\/\/www.peanutoem.com\/manufacturer\/stabilized-peanut-butter\/"]}]},{"@type":"ImageObject","inLanguage":"es","@id":"https:\/\/www.peanutoem.com\/manufacturer\/stabilized-peanut-butter\/#primaryimage","url":"https:\/\/www.peanutoem.com\/wp-content\/uploads\/2024\/09\/Stabilized-Peanut-Butter-in-Jar.webp","contentUrl":"https:\/\/www.peanutoem.com\/wp-content\/uploads\/2024\/09\/Stabilized-Peanut-Butter-in-Jar.webp","width":1000,"height":1000,"caption":"Stabilized Peanut Butter in Jar"},{"@type":"BreadcrumbList","@id":"https:\/\/www.peanutoem.com\/manufacturer\/stabilized-peanut-butter\/#breadcrumb","itemListElement":[{"@type":"ListItem","position":1,"name":"Home","item":"https:\/\/www.peanutoem.com\/"},{"@type":"ListItem","position":2,"name":"Products","item":"https:\/\/www.peanutoem.com\/shop\/"},{"@type":"ListItem","position":3,"name":"Stabilized Peanut Butter"}]},{"@type":"WebSite","@id":"https:\/\/www.peanutoem.com\/#website","url":"https:\/\/www.peanutoem.com\/","name":"Peanut Butter Factory","description":"Peanut Butter Manufacturer and Roast Peanut OEM Factory | Peanut Private Label China Supplier","publisher":{"@id":"https:\/\/www.peanutoem.com\/#organization"},"alternateName":"Peanut Butter OEM and Wholesale","potentialAction":[{"@type":"SearchAction","target":{"@type":"EntryPoint","urlTemplate":"https:\/\/www.peanutoem.com\/?s={search_term_string}"},"query-input":{"@type":"PropertyValueSpecification","valueRequired":true,"valueName":"search_term_string"}}],"inLanguage":"es"},{"@type":"Organization","@id":"https:\/\/www.peanutoem.com\/#organization","name":"Peanut Butter Factory","alternateName":"JuFeng Group","url":"https:\/\/www.peanutoem.com\/","logo":{"@type":"ImageObject","inLanguage":"es","@id":"https:\/\/www.peanutoem.com\/#\/schema\/logo\/image\/","url":"https:\/\/www.peanutoem.com\/wp-content\/uploads\/2024\/09\/JUFENG-LOGO.png","contentUrl":"https:\/\/www.peanutoem.com\/wp-content\/uploads\/2024\/09\/JUFENG-LOGO.png","width":600,"height":170,"caption":"Peanut Butter Factory"},"image":{"@id":"https:\/\/www.peanutoem.com\/#\/schema\/logo\/image\/"}}]}},"_links":{"self":[{"href":"https:\/\/www.peanutoem.com\/es\/wp-json\/wp\/v2\/product\/1545","targetHints":{"allow":["GET"]}}],"collection":[{"href":"https:\/\/www.peanutoem.com\/es\/wp-json\/wp\/v2\/product"}],"about":[{"href":"https:\/\/www.peanutoem.com\/es\/wp-json\/wp\/v2\/types\/product"}],"replies":[{"embeddable":true,"href":"https:\/\/www.peanutoem.com\/es\/wp-json\/wp\/v2\/comments?post=1545"}],"wp:featuredmedia":[{"embeddable":true,"href":"https:\/\/www.peanutoem.com\/es\/wp-json\/wp\/v2\/media\/1692"}],"wp:attachment":[{"href":"https:\/\/www.peanutoem.com\/es\/wp-json\/wp\/v2\/media?parent=1545"}],"wp:term":[{"taxonomy":"product_cat","embeddable":true,"href":"https:\/\/www.peanutoem.com\/es\/wp-json\/wp\/v2\/product_cat?post=1545"},{"taxonomy":"product_tag","embeddable":true,"href":"https:\/\/www.peanutoem.com\/es\/wp-json\/wp\/v2\/product_tag?post=1545"}],"curies":[{"name":"wp","href":"https:\/\/api.w.org\/{rel}","templated":true}]}}