{"id":1553,"date":"2024-09-02T13:58:23","date_gmt":"2024-09-02T13:58:23","guid":{"rendered":"https:\/\/www.peanutoem.com\/?post_type=product&#038;p=1553"},"modified":"2024-09-24T15:21:33","modified_gmt":"2024-09-24T15:21:33","slug":"roasted-peanut-kernels","status":"publish","type":"product","link":"https:\/\/www.peanutoem.com\/es\/manufacturer\/roasted-peanut-kernels\/","title":{"rendered":"Granos de man\u00ed tostados"},"content":{"rendered":"<h3>\u00bfQu\u00e9 son los granos de man\u00ed tostados?<\/h3>\n<p>Los granos de man\u00ed tostados son la parte comestible de la c\u00e1scara del man\u00ed que se ha tostado cuidadosamente. El proceso de tostado realza enormemente el sabor y el gusto del man\u00ed. Le da al man\u00ed un atractivo aroma a nuez y una textura crujiente, lo que lo convierte en una opci\u00f3n popular para bocadillos y un ingrediente indispensable en muchos alimentos. Estos granos de man\u00ed tostados tienen una amplia gama de usos, desde la elaboraci\u00f3n de la cl\u00e1sica mantequilla de man\u00ed hasta combinaciones creativas en bocadillos horneados y dulces, o para agregar un sabor \u00fanico a platos salados.<\/p>\n<h3>\u00bfCu\u00e1les son otros nombres para los granos de man\u00ed tostados?<\/h3>\n<p>Los granos de man\u00ed tostados a veces reciben otros nombres seg\u00fan la regi\u00f3n o su aplicaci\u00f3n. Los nombres comunes incluyen:<\/p>\n<ul>\n<li><strong>Cacahuetes tostados<\/strong> (usado en ciertos pa\u00edses)<\/li>\n<li><strong>Cacahuetes tostados secos<\/strong><\/li>\n<li><strong>Cacahuetes tostados<\/strong><\/li>\n<li><strong>Granos de nueces tostadas<\/strong><\/li>\n<\/ul>\n<p>Estas variaciones enfatizan el mismo producto delicioso y vers\u00e1til elaborado con man\u00ed tostado, adaptado a diferentes industrias y gustos.<\/p>\n<h3>\u00bfPor qu\u00e9 elegirnos como su proveedor OEM de granos de man\u00ed tostados?<\/h3>\n<p>Elecci\u00f3n <strong>Grupo chino JuFeng<\/strong> Significa asociarse con uno de los proveedores de granos de man\u00ed tostado y fabricantes de marcas blancas m\u00e1s confiables de la industria. Estas son las razones por las que nos destacamos:<\/p>\n<ul>\n<li><strong>Producci\u00f3n de vanguardia<\/strong>:Con dos l\u00edneas de producci\u00f3n avanzadas importadas de EE. UU., entregamos granos de man\u00ed tostados de alta calidad de manera constante y a gran escala.<\/li>\n<li><strong>Soluciones OEM personalizables<\/strong>Ofrecemos servicios flexibles de OEM y marca privada, lo que permite a los clientes personalizar las especificaciones del producto, el embalaje y m\u00e1s para satisfacer las necesidades espec\u00edficas del mercado.<\/li>\n<li><strong>Certificaciones y cumplimiento<\/strong>:Nuestros productos cumplen con los est\u00e1ndares mundiales de seguridad y calidad, certificados por las certificaciones BRC, HACCP, Kosher, Halal y EU Organic.<\/li>\n<li><strong>Exportador de confianza<\/strong>:Como exportador l\u00edder, hemos establecido asociaciones con los principales supermercados y marcas de alimentos de todo el mundo.<\/li>\n<li><strong>Experiencia en la cadena de suministro<\/strong>Desde el procesamiento hasta el almacenamiento, garantizamos una entrega oportuna y un control de calidad con nuestras instalaciones de temperatura controlada construidas por nosotros.<\/li>\n<\/ul>\n<h3>Temas de actualidad sobre los granos de man\u00ed tostados<\/h3>\n<ul>\n<li><strong>Sostenibilidad en el cultivo del man\u00ed<\/strong>:Los granos de man\u00ed tostados, al igual que otros productos de man\u00ed, tienen un impacto ambiental bajo en comparaci\u00f3n con otros frutos secos, lo que los convierte en una opci\u00f3n ecol\u00f3gica para los fabricantes de alimentos.<\/li>\n<li><strong>Beneficios para la salud<\/strong>Los man\u00edes tostados son ricos en prote\u00ednas, grasas saludables y fibra, y ofrecen a los consumidores una opci\u00f3n de refrigerio nutritivo.<\/li>\n<li><strong>Innovaciones en el procesamiento del man\u00ed<\/strong>:La industria del man\u00ed est\u00e1 en continua evoluci\u00f3n con nuevas t\u00e9cnicas de tostado que mejoran el sabor y preservan los nutrientes.<\/li>\n<\/ul>\n<h3>Elegirnos y datos sobre los granos de man\u00ed tostados<\/h3>\n<p><strong>1. \u00bfQu\u00e9 hace que China JuFeng Group sea un proveedor l\u00edder de granos de man\u00ed tostados?<\/strong><br \/>\nCombinamos tecnolog\u00eda de vanguardia, amplia experiencia y personalizaci\u00f3n superior de productos para ofrecer granos de man\u00ed tostados de alta calidad a los mercados globales.<\/p>\n<p><strong>2. \u00bfOfrecen servicios de marca privada para granos de man\u00ed tostados?<\/strong><br \/>\nS\u00ed, ofrecemos soluciones de marca privada flexibles, que le permiten adaptar el empaque del producto, la marca y las especificaciones del n\u00facleo para satisfacer las necesidades de su marca.<\/p>\n<p><strong>3. \u00bfPuedo pedirles granos de man\u00ed tostados al por mayor?<\/strong><br \/>\nPor supuesto, ofrecemos opciones de compra al por mayor para atender a empresas de todos los tama\u00f1os, incluidos minoristas, mayoristas y fabricantes de alimentos.<\/p>\n<p><strong>4. \u00bfQu\u00e9 certificaciones tienen sus granos de man\u00ed tostado?<\/strong><br \/>\nNuestros productos cumplen estrictos est\u00e1ndares y certificaciones internacionales, incluidos HACCP, BRC, Kosher, Halal y EU Organic.<\/p>\n<p><strong>5. \u00bfC\u00f3mo garantiza la calidad de sus granos de man\u00ed tostados?<\/strong><br \/>\nContamos con un laboratorio interno dedicado a realizar pruebas exhaustivas, garantizando que cada lote cumpla con altos est\u00e1ndares sensoriales, f\u00edsicos, qu\u00edmicos y microbianos.<\/p>\n<p><strong>6. \u00bfSe puede personalizar el nivel de tostado de los granos de man\u00ed?<\/strong><br \/>\nS\u00ed, ofrecemos niveles de tueste personalizables (tueste claro, medio u oscuro) seg\u00fan las preferencias del cliente y los requisitos del mercado.<\/p>\n<p><strong>7. \u00bfC\u00f3mo se almacenan los granos de man\u00ed tostados para mantener su frescura?<\/strong><br \/>\nNuestros granos se almacenan en instalaciones con temperatura controlada que evitan el deterioro y mantienen la integridad del producto durante el env\u00edo y la manipulaci\u00f3n.<\/p>\n<p><strong>8. \u00bfExportan granos de man\u00ed tostado a nivel internacional?<\/strong><br \/>\nS\u00ed, somos un exportador experimentado con una red global que suministra granos de man\u00ed tostados a una variedad de mercados en diferentes continentes.<\/p>\n<p><strong>9. \u00bfSus granos de man\u00ed tostados son adecuados para su uso en la producci\u00f3n de mantequilla de man\u00ed?<\/strong><br \/>\nPor supuesto, nuestros granos de man\u00ed tostados son ideales para usar en la fabricaci\u00f3n de mantequilla de man\u00ed, ya que ofrecen un sabor y una textura superiores.<\/p>","protected":false},"excerpt":{"rendered":"<p>Somos fabricantes y proveedores de granos de man\u00ed tostado en China<\/p>\n<p>\u2013 Cantidad m\u00ednima de pedido: 1 tonelada<br \/>\n\u2013 Servicio OEM\/ODM ofrecido<br \/>\n\u2013 Muestra gratuita disponible<br \/>\n\u2013 Aceptar personalizaci\u00f3n (especificaciones, color, tama\u00f1os, embalaje, dise\u00f1o, etc.)<\/p>\n<p>Si desea obtener granos de man\u00ed tostados, p\u00f3ngase en contacto con nosotros.<\/p>","protected":false},"featured_media":1697,"comment_status":"open","ping_status":"closed","template":"","meta":[],"product_cat":[37],"product_tag":[],"class_list":{"0":"post-1553","1":"product","2":"type-product","3":"status-publish","4":"has-post-thumbnail","6":"product_cat-roasted-peanut","8":"first","9":"instock","10":"featured","11":"shipping-taxable","12":"product-type-simple"},"yoast_head":"<!-- This site is optimized with the Yoast SEO plugin v24.9 - https:\/\/yoast.com\/wordpress\/plugins\/seo\/ -->\n<title>Roasted Peanut Kernels - Peanut Butter Factory<\/title>\n<meta name=\"description\" content=\"Premium Roasted Peanut Kernels OEM supplier, private label manufacturer, and exporter. Choose us for superior quality and customizable options.\" \/>\n<meta name=\"robots\" content=\"index, follow, max-snippet:-1, max-image-preview:large, max-video-preview:-1\" \/>\n<link rel=\"canonical\" href=\"https:\/\/www.peanutoem.com\/es\/manufacturer\/roasted-peanut-kernels\/\" \/>\n<meta property=\"og:locale\" content=\"es_ES\" \/>\n<meta property=\"og:type\" content=\"article\" \/>\n<meta property=\"og:title\" content=\"Roasted Peanut Kernels - Peanut Butter Factory\" \/>\n<meta property=\"og:description\" content=\"Premium Roasted Peanut Kernels OEM supplier, private label manufacturer, and exporter. Choose us for superior quality and customizable options.\" \/>\n<meta property=\"og:url\" content=\"https:\/\/www.peanutoem.com\/es\/manufacturer\/roasted-peanut-kernels\/\" \/>\n<meta property=\"og:site_name\" content=\"Peanut Butter Factory\" \/>\n<meta property=\"article:modified_time\" content=\"2024-09-24T15:21:33+00:00\" \/>\n<meta property=\"og:image\" content=\"https:\/\/www.peanutoem.com\/wp-content\/uploads\/2024\/09\/Roasted-Peanut-Kernels-on-plate-scaled.webp\" \/>\n\t<meta property=\"og:image:width\" content=\"2560\" \/>\n\t<meta property=\"og:image:height\" content=\"1707\" \/>\n\t<meta property=\"og:image:type\" content=\"image\/webp\" \/>\n<meta name=\"twitter:card\" content=\"summary_large_image\" \/>\n<meta name=\"twitter:label1\" content=\"Tiempo de lectura\" \/>\n\t<meta name=\"twitter:data1\" content=\"3 minutos\" \/>\n<script type=\"application\/ld+json\" class=\"yoast-schema-graph\">{\"@context\":\"https:\/\/schema.org\",\"@graph\":[{\"@type\":\"WebPage\",\"@id\":\"https:\/\/www.peanutoem.com\/manufacturer\/roasted-peanut-kernels\/\",\"url\":\"https:\/\/www.peanutoem.com\/manufacturer\/roasted-peanut-kernels\/\",\"name\":\"Roasted Peanut Kernels - Peanut Butter Factory\",\"isPartOf\":{\"@id\":\"https:\/\/www.peanutoem.com\/#website\"},\"primaryImageOfPage\":{\"@id\":\"https:\/\/www.peanutoem.com\/manufacturer\/roasted-peanut-kernels\/#primaryimage\"},\"image\":{\"@id\":\"https:\/\/www.peanutoem.com\/manufacturer\/roasted-peanut-kernels\/#primaryimage\"},\"thumbnailUrl\":\"https:\/\/www.peanutoem.com\/wp-content\/uploads\/2024\/09\/Roasted-Peanut-Kernels-on-plate-scaled.webp\",\"datePublished\":\"2024-09-02T13:58:23+00:00\",\"dateModified\":\"2024-09-24T15:21:33+00:00\",\"description\":\"Premium Roasted Peanut Kernels OEM supplier, private label manufacturer, and exporter. Choose us for superior quality and customizable options.\",\"breadcrumb\":{\"@id\":\"https:\/\/www.peanutoem.com\/manufacturer\/roasted-peanut-kernels\/#breadcrumb\"},\"inLanguage\":\"es\",\"potentialAction\":[{\"@type\":\"ReadAction\",\"target\":[\"https:\/\/www.peanutoem.com\/manufacturer\/roasted-peanut-kernels\/\"]}]},{\"@type\":\"ImageObject\",\"inLanguage\":\"es\",\"@id\":\"https:\/\/www.peanutoem.com\/manufacturer\/roasted-peanut-kernels\/#primaryimage\",\"url\":\"https:\/\/www.peanutoem.com\/wp-content\/uploads\/2024\/09\/Roasted-Peanut-Kernels-on-plate-scaled.webp\",\"contentUrl\":\"https:\/\/www.peanutoem.com\/wp-content\/uploads\/2024\/09\/Roasted-Peanut-Kernels-on-plate-scaled.webp\",\"width\":2560,\"height\":1707,\"caption\":\"Roasted Peanut Kernels on plate\"},{\"@type\":\"BreadcrumbList\",\"@id\":\"https:\/\/www.peanutoem.com\/manufacturer\/roasted-peanut-kernels\/#breadcrumb\",\"itemListElement\":[{\"@type\":\"ListItem\",\"position\":1,\"name\":\"Home\",\"item\":\"https:\/\/www.peanutoem.com\/\"},{\"@type\":\"ListItem\",\"position\":2,\"name\":\"Products\",\"item\":\"https:\/\/www.peanutoem.com\/shop\/\"},{\"@type\":\"ListItem\",\"position\":3,\"name\":\"Roasted Peanut Kernels\"}]},{\"@type\":\"WebSite\",\"@id\":\"https:\/\/www.peanutoem.com\/#website\",\"url\":\"https:\/\/www.peanutoem.com\/\",\"name\":\"Peanut Butter Factory\",\"description\":\"Peanut Butter Manufacturer and Roast Peanut OEM Factory | Peanut Private Label China Supplier\",\"publisher\":{\"@id\":\"https:\/\/www.peanutoem.com\/#organization\"},\"alternateName\":\"Peanut Butter OEM and Wholesale\",\"potentialAction\":[{\"@type\":\"SearchAction\",\"target\":{\"@type\":\"EntryPoint\",\"urlTemplate\":\"https:\/\/www.peanutoem.com\/?s={search_term_string}\"},\"query-input\":{\"@type\":\"PropertyValueSpecification\",\"valueRequired\":true,\"valueName\":\"search_term_string\"}}],\"inLanguage\":\"es\"},{\"@type\":\"Organization\",\"@id\":\"https:\/\/www.peanutoem.com\/#organization\",\"name\":\"Peanut Butter Factory\",\"alternateName\":\"JuFeng Group\",\"url\":\"https:\/\/www.peanutoem.com\/\",\"logo\":{\"@type\":\"ImageObject\",\"inLanguage\":\"es\",\"@id\":\"https:\/\/www.peanutoem.com\/#\/schema\/logo\/image\/\",\"url\":\"https:\/\/www.peanutoem.com\/wp-content\/uploads\/2024\/09\/JUFENG-LOGO.png\",\"contentUrl\":\"https:\/\/www.peanutoem.com\/wp-content\/uploads\/2024\/09\/JUFENG-LOGO.png\",\"width\":600,\"height\":170,\"caption\":\"Peanut Butter Factory\"},\"image\":{\"@id\":\"https:\/\/www.peanutoem.com\/#\/schema\/logo\/image\/\"}}]}<\/script>\n<!-- \/ Yoast SEO plugin. -->","yoast_head_json":{"title":"Roasted Peanut Kernels - Peanut Butter Factory","description":"Premium Roasted Peanut Kernels OEM supplier, private label manufacturer, and exporter. Choose us for superior quality and customizable options.","robots":{"index":"index","follow":"follow","max-snippet":"max-snippet:-1","max-image-preview":"max-image-preview:large","max-video-preview":"max-video-preview:-1"},"canonical":"https:\/\/www.peanutoem.com\/es\/manufacturer\/roasted-peanut-kernels\/","og_locale":"es_ES","og_type":"article","og_title":"Roasted Peanut Kernels - Peanut Butter Factory","og_description":"Premium Roasted Peanut Kernels OEM supplier, private label manufacturer, and exporter. Choose us for superior quality and customizable options.","og_url":"https:\/\/www.peanutoem.com\/es\/manufacturer\/roasted-peanut-kernels\/","og_site_name":"Peanut Butter Factory","article_modified_time":"2024-09-24T15:21:33+00:00","og_image":[{"width":2560,"height":1707,"url":"https:\/\/www.peanutoem.com\/wp-content\/uploads\/2024\/09\/Roasted-Peanut-Kernels-on-plate-scaled.webp","type":"image\/webp"}],"twitter_card":"summary_large_image","twitter_misc":{"Tiempo de lectura":"3 minutos"},"schema":{"@context":"https:\/\/schema.org","@graph":[{"@type":"WebPage","@id":"https:\/\/www.peanutoem.com\/manufacturer\/roasted-peanut-kernels\/","url":"https:\/\/www.peanutoem.com\/manufacturer\/roasted-peanut-kernels\/","name":"Roasted Peanut Kernels - Peanut Butter Factory","isPartOf":{"@id":"https:\/\/www.peanutoem.com\/#website"},"primaryImageOfPage":{"@id":"https:\/\/www.peanutoem.com\/manufacturer\/roasted-peanut-kernels\/#primaryimage"},"image":{"@id":"https:\/\/www.peanutoem.com\/manufacturer\/roasted-peanut-kernels\/#primaryimage"},"thumbnailUrl":"https:\/\/www.peanutoem.com\/wp-content\/uploads\/2024\/09\/Roasted-Peanut-Kernels-on-plate-scaled.webp","datePublished":"2024-09-02T13:58:23+00:00","dateModified":"2024-09-24T15:21:33+00:00","description":"Premium Roasted Peanut Kernels OEM supplier, private label manufacturer, and exporter. Choose us for superior quality and customizable options.","breadcrumb":{"@id":"https:\/\/www.peanutoem.com\/manufacturer\/roasted-peanut-kernels\/#breadcrumb"},"inLanguage":"es","potentialAction":[{"@type":"ReadAction","target":["https:\/\/www.peanutoem.com\/manufacturer\/roasted-peanut-kernels\/"]}]},{"@type":"ImageObject","inLanguage":"es","@id":"https:\/\/www.peanutoem.com\/manufacturer\/roasted-peanut-kernels\/#primaryimage","url":"https:\/\/www.peanutoem.com\/wp-content\/uploads\/2024\/09\/Roasted-Peanut-Kernels-on-plate-scaled.webp","contentUrl":"https:\/\/www.peanutoem.com\/wp-content\/uploads\/2024\/09\/Roasted-Peanut-Kernels-on-plate-scaled.webp","width":2560,"height":1707,"caption":"Roasted Peanut Kernels on plate"},{"@type":"BreadcrumbList","@id":"https:\/\/www.peanutoem.com\/manufacturer\/roasted-peanut-kernels\/#breadcrumb","itemListElement":[{"@type":"ListItem","position":1,"name":"Home","item":"https:\/\/www.peanutoem.com\/"},{"@type":"ListItem","position":2,"name":"Products","item":"https:\/\/www.peanutoem.com\/shop\/"},{"@type":"ListItem","position":3,"name":"Roasted Peanut Kernels"}]},{"@type":"WebSite","@id":"https:\/\/www.peanutoem.com\/#website","url":"https:\/\/www.peanutoem.com\/","name":"Peanut Butter Factory","description":"Peanut Butter Manufacturer and Roast Peanut OEM Factory | Peanut Private Label China Supplier","publisher":{"@id":"https:\/\/www.peanutoem.com\/#organization"},"alternateName":"Peanut Butter OEM and Wholesale","potentialAction":[{"@type":"SearchAction","target":{"@type":"EntryPoint","urlTemplate":"https:\/\/www.peanutoem.com\/?s={search_term_string}"},"query-input":{"@type":"PropertyValueSpecification","valueRequired":true,"valueName":"search_term_string"}}],"inLanguage":"es"},{"@type":"Organization","@id":"https:\/\/www.peanutoem.com\/#organization","name":"Peanut Butter Factory","alternateName":"JuFeng Group","url":"https:\/\/www.peanutoem.com\/","logo":{"@type":"ImageObject","inLanguage":"es","@id":"https:\/\/www.peanutoem.com\/#\/schema\/logo\/image\/","url":"https:\/\/www.peanutoem.com\/wp-content\/uploads\/2024\/09\/JUFENG-LOGO.png","contentUrl":"https:\/\/www.peanutoem.com\/wp-content\/uploads\/2024\/09\/JUFENG-LOGO.png","width":600,"height":170,"caption":"Peanut Butter Factory"},"image":{"@id":"https:\/\/www.peanutoem.com\/#\/schema\/logo\/image\/"}}]}},"_links":{"self":[{"href":"https:\/\/www.peanutoem.com\/es\/wp-json\/wp\/v2\/product\/1553","targetHints":{"allow":["GET"]}}],"collection":[{"href":"https:\/\/www.peanutoem.com\/es\/wp-json\/wp\/v2\/product"}],"about":[{"href":"https:\/\/www.peanutoem.com\/es\/wp-json\/wp\/v2\/types\/product"}],"replies":[{"embeddable":true,"href":"https:\/\/www.peanutoem.com\/es\/wp-json\/wp\/v2\/comments?post=1553"}],"wp:featuredmedia":[{"embeddable":true,"href":"https:\/\/www.peanutoem.com\/es\/wp-json\/wp\/v2\/media\/1697"}],"wp:attachment":[{"href":"https:\/\/www.peanutoem.com\/es\/wp-json\/wp\/v2\/media?parent=1553"}],"wp:term":[{"taxonomy":"product_cat","embeddable":true,"href":"https:\/\/www.peanutoem.com\/es\/wp-json\/wp\/v2\/product_cat?post=1553"},{"taxonomy":"product_tag","embeddable":true,"href":"https:\/\/www.peanutoem.com\/es\/wp-json\/wp\/v2\/product_tag?post=1553"}],"curies":[{"name":"wp","href":"https:\/\/api.w.org\/{rel}","templated":true}]}}