{"id":1555,"date":"2024-09-02T14:00:33","date_gmt":"2024-09-02T14:00:33","guid":{"rendered":"https:\/\/www.peanutoem.com\/?post_type=product&#038;p=1555"},"modified":"2024-09-28T04:44:51","modified_gmt":"2024-09-28T04:44:51","slug":"roasted-peanut-kernels-in-split","status":"publish","type":"product","link":"https:\/\/www.peanutoem.com\/es\/manufacturer\/roasted-peanut-kernels-in-split\/","title":{"rendered":"Granos de man\u00ed tostados partidos | Granos de man\u00ed tostados en rodajas"},"content":{"rendered":"<h3>\u00bfQu\u00e9 son los granos de man\u00ed tostados partidos?<\/h3>\n<p>Los granos de man\u00ed tostados partidos o llamados granos de man\u00ed tostados partidos, son man\u00edes que han sido tostados cuidadosamente hasta la perfecci\u00f3n y luego partidos cuidadosamente por la mitad. Son conocidos por su rico aroma, sabor crujiente y amplia aplicaci\u00f3n en bocadillos, productos horneados y una variedad de alimentos. El proceso de tostado no solo realza el sabor natural de los man\u00edes, sino que tambi\u00e9n los convierte en una opci\u00f3n ideal para los fabricantes de alimentos, marcas de bocadillos y consumidores que buscan una dieta m\u00e1s saludable.<\/p>\n<h3>Nombres alternativos para los granos de man\u00ed tostados partidos<\/h3>\n<p>Los granos de man\u00ed tostados partidos tambi\u00e9n se conocen con otros nombres seg\u00fan la regi\u00f3n o el mercado, entre ellos:<\/p>\n<ul>\n<li>Man\u00ed tostado partido<\/li>\n<li>Mitades de man\u00ed tostado<\/li>\n<li>Granos de man\u00ed tostados partidos<\/li>\n<li>Trozos de man\u00ed<\/li>\n<\/ul>\n<h3>Temas de actualidad relevantes<\/h3>\n<ol>\n<li><strong>Beneficios para la salud de los granos de man\u00ed tostados<\/strong>Los granos de man\u00ed tostados son una fuente rica de prote\u00ednas, grasas saludables y vitaminas esenciales. Son un refrigerio nutritivo o un ingrediente en diversos productos saludables.<\/li>\n<li><strong>La creciente demanda de snacks a base de man\u00ed:<\/strong> Los granos de man\u00ed tostados partidos est\u00e1n ganando popularidad debido a la creciente demanda de refrigerios saludables.<\/li>\n<li><strong>Seguridad alimentaria y control de calidad en el procesamiento del man\u00ed:<\/strong> Mantener altos est\u00e1ndares de producci\u00f3n y manipulaci\u00f3n es crucial para la integridad del producto y el cumplimiento de las regulaciones de seguridad alimentaria.<\/li>\n<li><strong>Productos de man\u00ed de marca privada:<\/strong> Muchas marcas eligen nuestros servicios de marca privada para ofrecer granos de man\u00ed tostados y rebanados de primera calidad bajo su propia marca.<\/li>\n<\/ol>\n<p><img loading=\"lazy\" decoding=\"async\" class=\"alignnone wp-image-1720 size-large\" src=\"https:\/\/www.peanutoem.com\/wp-content\/uploads\/2024\/09\/Roasted-Peanut-Power-in-Carton-1024x908.webp\" alt=\"Cacahuete tostado en polvo en cart\u00f3n\" width=\"1020\" height=\"904\" srcset=\"https:\/\/www.peanutoem.com\/wp-content\/uploads\/2024\/09\/Roasted-Peanut-Power-in-Carton-1024x908.webp 1024w, https:\/\/www.peanutoem.com\/wp-content\/uploads\/2024\/09\/Roasted-Peanut-Power-in-Carton-300x266.webp 300w, https:\/\/www.peanutoem.com\/wp-content\/uploads\/2024\/09\/Roasted-Peanut-Power-in-Carton-768x681.webp 768w, https:\/\/www.peanutoem.com\/wp-content\/uploads\/2024\/09\/Roasted-Peanut-Power-in-Carton-1536x1362.webp 1536w, https:\/\/www.peanutoem.com\/wp-content\/uploads\/2024\/09\/Roasted-Peanut-Power-in-Carton-2048x1816.webp 2048w, https:\/\/www.peanutoem.com\/wp-content\/uploads\/2024\/09\/Roasted-Peanut-Power-in-Carton-14x12.webp 14w, https:\/\/www.peanutoem.com\/wp-content\/uploads\/2024\/09\/Roasted-Peanut-Power-in-Carton-600x532.webp 600w\" sizes=\"auto, (max-width: 1020px) 100vw, 1020px\" \/><\/p>\n<hr \/>\n<h3>\u00bfPor qu\u00e9 elegirnos como su proveedor de granos de man\u00ed tostados en rodajas?<\/h3>\n<p>Somos un proveedor confiable de granos de man\u00ed tostados en Split por varias razones convincentes:<\/p>\n<ul>\n<li><strong>Instalaciones de producci\u00f3n avanzadas:<\/strong> Nuestra f\u00e1brica utiliza l\u00edneas de producci\u00f3n estadounidenses de \u00faltima generaci\u00f3n para procesos de tostado y corte de primer nivel.<\/li>\n<li><strong>Garant\u00eda de calidad estricta:<\/strong> Realizamos pruebas exhaustivas en nuestro laboratorio para garantizar que cada lote cumpla con los est\u00e1ndares mundiales.<\/li>\n<li><strong>Certificaciones globales:<\/strong> Nuestros granos de man\u00ed tostados est\u00e1n certificados por HACCP, BRCGS, Kosher, Halal y EU Organic por su calidad y seguridad.<\/li>\n<li><strong>Cadena de suministro confiable:<\/strong> Nuestro gran almac\u00e9n de temperatura constante garantiza la calidad del producto y la estabilidad del suministro durante todo el a\u00f1o.<\/li>\n<li><strong>Servicios personalizados:<\/strong> Ofrecemos soluciones de marca privada dise\u00f1adas para satisfacer las necesidades espec\u00edficas de marcas e importadores a nivel mundial.<\/li>\n<li><strong>Desarrollo sostenible:<\/strong> Nos centramos en pr\u00e1cticas sostenibles y nos asociamos con reconocidas cadenas de supermercados para lograr prosperidad mutua.<\/li>\n<\/ul>\n<h3>Preguntas y respuestas sobre los granos de man\u00ed tostados en rodajas<\/h3>\n<p><strong>P: \u00bfQu\u00e9 le convierte en un proveedor l\u00edder de granos de man\u00ed tostados partidos?<\/strong><br \/>\n<strong>A:<\/strong> Nuestras avanzadas instalaciones de producci\u00f3n, riguroso control de calidad y certificaciones globales garantizan que entregamos constantemente productos de alta calidad.<\/p>\n<p><strong>P: \u00bfPuedo personalizar el embalaje con mi marca?<\/strong><br \/>\n<strong>A:<\/strong> S\u00ed, ofrecemos servicios de marca privada, lo que permite la personalizaci\u00f3n completa del embalaje y la marca para satisfacer las necesidades de su mercado.<\/p>\n<p><strong>P: \u00bfQu\u00e9 certificaciones tienen sus granos de man\u00ed tostado?<\/strong><br \/>\n<strong>A:<\/strong> Nuestros productos est\u00e1n certificados por HACCP, BRC, Halal, Kosher, EU Organic y otros est\u00e1ndares globales, lo que garantiza la calidad y la seguridad.<\/p>\n<p><strong>P: \u00bfC\u00f3mo se garantiza la frescura y la calidad?<\/strong><br \/>\n<strong>A:<\/strong> Nuestras grandes instalaciones de almacenamiento a temperatura constante mantienen condiciones \u00f3ptimas, preservando la frescura y la calidad hasta la entrega.<\/p>\n<p><strong>P: \u00bfOfrecen pedidos al por mayor para env\u00edos internacionales?<\/strong><br \/>\n<strong>A:<\/strong> S\u00ed, nos especializamos en pedidos al por mayor y env\u00edos internacionales, garantizando una cadena de suministro perfecta para clientes globales.<\/p>\n<p><strong>P: \u00bfCu\u00e1les son los beneficios de elegir granos de man\u00ed tostados y partidos?<\/strong><br \/>\n<strong>A:<\/strong> Los granos de man\u00ed tostados partidos ofrecen un producto listo para usar con sabor y textura mejorados, ideal para bocadillos y guarniciones.<\/p>\n<p><strong>P: \u00bfHay aditivos en sus granos de man\u00ed tostados?<\/strong><br \/>\n<strong>A:<\/strong> No, nuestros granos de man\u00ed tostados est\u00e1n libres de aditivos y conservantes, lo que garantiza un producto natural.<\/p>\n<p><strong>P: \u00bfPuedo solicitar niveles de tueste espec\u00edficos?<\/strong><br \/>\n<strong>A:<\/strong> S\u00ed, podemos personalizar los niveles de tueste seg\u00fan sus especificaciones, ya sea que prefiera un tueste claro, medio u oscuro.<\/p>\n<p><strong>P: \u00bfC\u00f3mo puedo solicitar una muestra?<\/strong><br \/>\n<strong>A:<\/strong> <a href=\"mailto:globepeanut@gmail.com\" target=\"_blank\" rel=\"noopener\">Contacto <\/a>Nuestro equipo de ventas solicitar\u00e1 una muestra y analizar\u00e1 sus necesidades espec\u00edficas.<\/p>\n<p><strong>P: \u00bfA qu\u00e9 mercados abastec\u00e9is?<\/strong><br \/>\n<strong>A:<\/strong> Suministramos granos de man\u00ed tostados a diversos mercados a nivel mundial, incluidos Am\u00e9rica del Norte, Europa, Asia y Medio Oriente, con s\u00f3lidas asociaciones industriales.<\/p>\n<a href=\"mailto:globepeanut@gmail.com\" class=\"button primary is-primary is-medium\"  >\n    <span>Env\u00edenos un correo electr\u00f3nico<\/span>\n  <\/a>","protected":false},"excerpt":{"rendered":"<p>Somos fabricantes y proveedores de granos de man\u00ed tostados en rodajas en China<\/p>\n<p>\u2013 Cantidad m\u00ednima de pedido: 1 tonelada<br \/>\n\u2013 Servicio OEM\/ODM ofrecido<br \/>\n\u2013 Muestra gratuita disponible<br \/>\n\u2013 Aceptar personalizaci\u00f3n (especificaciones, tama\u00f1os, color, dise\u00f1o, etc.)<br \/>\n\u2013 Especificaciones (malla 3-5, malla 4-7, malla 5-8, malla 6-10, malla 8-14 o seg\u00fan sus necesidades)<\/p>\n<p>Si desea obtener granos de man\u00ed tostados partidos o en rodajas, comun\u00edquese con nosotros.<\/p>","protected":false},"featured_media":1712,"comment_status":"open","ping_status":"closed","template":"","meta":[],"product_cat":[37],"product_tag":[],"class_list":{"0":"post-1555","1":"product","2":"type-product","3":"status-publish","4":"has-post-thumbnail","6":"product_cat-roasted-peanut","8":"first","9":"instock","10":"shipping-taxable","11":"product-type-simple"},"yoast_head":"<!-- This site is optimized with the Yoast SEO plugin v24.9 - https:\/\/yoast.com\/wordpress\/plugins\/seo\/ -->\n<title>Roasted Peanut Kernels in Split | Sliced Roasted Peanut Kernels - Peanut Butter Factory<\/title>\n<meta name=\"description\" content=\"We are leading OEM manufacturer, supplier, and exporter of high-quality Roasted Peanut Kernels in Split. Private label services and global brands partner.\" \/>\n<meta name=\"robots\" content=\"index, follow, max-snippet:-1, max-image-preview:large, max-video-preview:-1\" \/>\n<link rel=\"canonical\" href=\"https:\/\/www.peanutoem.com\/es\/manufacturer\/roasted-peanut-kernels-in-split\/\" \/>\n<meta property=\"og:locale\" content=\"es_ES\" \/>\n<meta property=\"og:type\" content=\"article\" \/>\n<meta property=\"og:title\" content=\"Roasted Peanut Kernels in Split | Sliced Roasted Peanut Kernels - Peanut Butter Factory\" \/>\n<meta property=\"og:description\" content=\"We are leading OEM manufacturer, supplier, and exporter of high-quality Roasted Peanut Kernels in Split. Private label services and global brands partner.\" \/>\n<meta property=\"og:url\" content=\"https:\/\/www.peanutoem.com\/es\/manufacturer\/roasted-peanut-kernels-in-split\/\" \/>\n<meta property=\"og:site_name\" content=\"Peanut Butter Factory\" \/>\n<meta property=\"article:modified_time\" content=\"2024-09-28T04:44:51+00:00\" \/>\n<meta property=\"og:image\" content=\"https:\/\/www.peanutoem.com\/wp-content\/uploads\/2024\/09\/4-6mm-roasted-peanut-kernels-scaled.webp\" \/>\n\t<meta property=\"og:image:width\" content=\"1920\" \/>\n\t<meta property=\"og:image:height\" content=\"2560\" \/>\n\t<meta property=\"og:image:type\" content=\"image\/webp\" \/>\n<meta name=\"twitter:card\" content=\"summary_large_image\" \/>\n<meta name=\"twitter:label1\" content=\"Tiempo de lectura\" \/>\n\t<meta name=\"twitter:data1\" content=\"4 minutos\" \/>\n<script type=\"application\/ld+json\" class=\"yoast-schema-graph\">{\"@context\":\"https:\/\/schema.org\",\"@graph\":[{\"@type\":\"WebPage\",\"@id\":\"https:\/\/www.peanutoem.com\/manufacturer\/roasted-peanut-kernels-in-split\/\",\"url\":\"https:\/\/www.peanutoem.com\/manufacturer\/roasted-peanut-kernels-in-split\/\",\"name\":\"Roasted Peanut Kernels in Split | Sliced Roasted Peanut Kernels - Peanut Butter Factory\",\"isPartOf\":{\"@id\":\"https:\/\/www.peanutoem.com\/#website\"},\"primaryImageOfPage\":{\"@id\":\"https:\/\/www.peanutoem.com\/manufacturer\/roasted-peanut-kernels-in-split\/#primaryimage\"},\"image\":{\"@id\":\"https:\/\/www.peanutoem.com\/manufacturer\/roasted-peanut-kernels-in-split\/#primaryimage\"},\"thumbnailUrl\":\"https:\/\/www.peanutoem.com\/wp-content\/uploads\/2024\/09\/4-6mm-roasted-peanut-kernels-scaled.webp\",\"datePublished\":\"2024-09-02T14:00:33+00:00\",\"dateModified\":\"2024-09-28T04:44:51+00:00\",\"description\":\"We are leading OEM manufacturer, supplier, and exporter of high-quality Roasted Peanut Kernels in Split. Private label services and global brands partner.\",\"breadcrumb\":{\"@id\":\"https:\/\/www.peanutoem.com\/manufacturer\/roasted-peanut-kernels-in-split\/#breadcrumb\"},\"inLanguage\":\"es\",\"potentialAction\":[{\"@type\":\"ReadAction\",\"target\":[\"https:\/\/www.peanutoem.com\/manufacturer\/roasted-peanut-kernels-in-split\/\"]}]},{\"@type\":\"ImageObject\",\"inLanguage\":\"es\",\"@id\":\"https:\/\/www.peanutoem.com\/manufacturer\/roasted-peanut-kernels-in-split\/#primaryimage\",\"url\":\"https:\/\/www.peanutoem.com\/wp-content\/uploads\/2024\/09\/4-6mm-roasted-peanut-kernels-scaled.webp\",\"contentUrl\":\"https:\/\/www.peanutoem.com\/wp-content\/uploads\/2024\/09\/4-6mm-roasted-peanut-kernels-scaled.webp\",\"width\":1920,\"height\":2560,\"caption\":\"4-6mm roasted peanut kernels\"},{\"@type\":\"BreadcrumbList\",\"@id\":\"https:\/\/www.peanutoem.com\/manufacturer\/roasted-peanut-kernels-in-split\/#breadcrumb\",\"itemListElement\":[{\"@type\":\"ListItem\",\"position\":1,\"name\":\"Home\",\"item\":\"https:\/\/www.peanutoem.com\/\"},{\"@type\":\"ListItem\",\"position\":2,\"name\":\"Products\",\"item\":\"https:\/\/www.peanutoem.com\/shop\/\"},{\"@type\":\"ListItem\",\"position\":3,\"name\":\"Roasted Peanut Kernels in Split | Sliced Roasted Peanut Kernels\"}]},{\"@type\":\"WebSite\",\"@id\":\"https:\/\/www.peanutoem.com\/#website\",\"url\":\"https:\/\/www.peanutoem.com\/\",\"name\":\"Peanut Butter Factory\",\"description\":\"Peanut Butter Manufacturer and Roast Peanut OEM Factory | Peanut Private Label China Supplier\",\"publisher\":{\"@id\":\"https:\/\/www.peanutoem.com\/#organization\"},\"alternateName\":\"Peanut Butter OEM and Wholesale\",\"potentialAction\":[{\"@type\":\"SearchAction\",\"target\":{\"@type\":\"EntryPoint\",\"urlTemplate\":\"https:\/\/www.peanutoem.com\/?s={search_term_string}\"},\"query-input\":{\"@type\":\"PropertyValueSpecification\",\"valueRequired\":true,\"valueName\":\"search_term_string\"}}],\"inLanguage\":\"es\"},{\"@type\":\"Organization\",\"@id\":\"https:\/\/www.peanutoem.com\/#organization\",\"name\":\"Peanut Butter Factory\",\"alternateName\":\"JuFeng Group\",\"url\":\"https:\/\/www.peanutoem.com\/\",\"logo\":{\"@type\":\"ImageObject\",\"inLanguage\":\"es\",\"@id\":\"https:\/\/www.peanutoem.com\/#\/schema\/logo\/image\/\",\"url\":\"https:\/\/www.peanutoem.com\/wp-content\/uploads\/2024\/09\/JUFENG-LOGO.png\",\"contentUrl\":\"https:\/\/www.peanutoem.com\/wp-content\/uploads\/2024\/09\/JUFENG-LOGO.png\",\"width\":600,\"height\":170,\"caption\":\"Peanut Butter Factory\"},\"image\":{\"@id\":\"https:\/\/www.peanutoem.com\/#\/schema\/logo\/image\/\"}}]}<\/script>\n<!-- \/ Yoast SEO plugin. -->","yoast_head_json":{"title":"Roasted Peanut Kernels in Split | Sliced Roasted Peanut Kernels - Peanut Butter Factory","description":"We are leading OEM manufacturer, supplier, and exporter of high-quality Roasted Peanut Kernels in Split. Private label services and global brands partner.","robots":{"index":"index","follow":"follow","max-snippet":"max-snippet:-1","max-image-preview":"max-image-preview:large","max-video-preview":"max-video-preview:-1"},"canonical":"https:\/\/www.peanutoem.com\/es\/manufacturer\/roasted-peanut-kernels-in-split\/","og_locale":"es_ES","og_type":"article","og_title":"Roasted Peanut Kernels in Split | Sliced Roasted Peanut Kernels - Peanut Butter Factory","og_description":"We are leading OEM manufacturer, supplier, and exporter of high-quality Roasted Peanut Kernels in Split. Private label services and global brands partner.","og_url":"https:\/\/www.peanutoem.com\/es\/manufacturer\/roasted-peanut-kernels-in-split\/","og_site_name":"Peanut Butter Factory","article_modified_time":"2024-09-28T04:44:51+00:00","og_image":[{"width":1920,"height":2560,"url":"https:\/\/www.peanutoem.com\/wp-content\/uploads\/2024\/09\/4-6mm-roasted-peanut-kernels-scaled.webp","type":"image\/webp"}],"twitter_card":"summary_large_image","twitter_misc":{"Tiempo de lectura":"4 minutos"},"schema":{"@context":"https:\/\/schema.org","@graph":[{"@type":"WebPage","@id":"https:\/\/www.peanutoem.com\/manufacturer\/roasted-peanut-kernels-in-split\/","url":"https:\/\/www.peanutoem.com\/manufacturer\/roasted-peanut-kernels-in-split\/","name":"Roasted Peanut Kernels in Split | Sliced Roasted Peanut Kernels - Peanut Butter Factory","isPartOf":{"@id":"https:\/\/www.peanutoem.com\/#website"},"primaryImageOfPage":{"@id":"https:\/\/www.peanutoem.com\/manufacturer\/roasted-peanut-kernels-in-split\/#primaryimage"},"image":{"@id":"https:\/\/www.peanutoem.com\/manufacturer\/roasted-peanut-kernels-in-split\/#primaryimage"},"thumbnailUrl":"https:\/\/www.peanutoem.com\/wp-content\/uploads\/2024\/09\/4-6mm-roasted-peanut-kernels-scaled.webp","datePublished":"2024-09-02T14:00:33+00:00","dateModified":"2024-09-28T04:44:51+00:00","description":"We are leading OEM manufacturer, supplier, and exporter of high-quality Roasted Peanut Kernels in Split. Private label services and global brands partner.","breadcrumb":{"@id":"https:\/\/www.peanutoem.com\/manufacturer\/roasted-peanut-kernels-in-split\/#breadcrumb"},"inLanguage":"es","potentialAction":[{"@type":"ReadAction","target":["https:\/\/www.peanutoem.com\/manufacturer\/roasted-peanut-kernels-in-split\/"]}]},{"@type":"ImageObject","inLanguage":"es","@id":"https:\/\/www.peanutoem.com\/manufacturer\/roasted-peanut-kernels-in-split\/#primaryimage","url":"https:\/\/www.peanutoem.com\/wp-content\/uploads\/2024\/09\/4-6mm-roasted-peanut-kernels-scaled.webp","contentUrl":"https:\/\/www.peanutoem.com\/wp-content\/uploads\/2024\/09\/4-6mm-roasted-peanut-kernels-scaled.webp","width":1920,"height":2560,"caption":"4-6mm roasted peanut kernels"},{"@type":"BreadcrumbList","@id":"https:\/\/www.peanutoem.com\/manufacturer\/roasted-peanut-kernels-in-split\/#breadcrumb","itemListElement":[{"@type":"ListItem","position":1,"name":"Home","item":"https:\/\/www.peanutoem.com\/"},{"@type":"ListItem","position":2,"name":"Products","item":"https:\/\/www.peanutoem.com\/shop\/"},{"@type":"ListItem","position":3,"name":"Roasted Peanut Kernels in Split | Sliced Roasted Peanut Kernels"}]},{"@type":"WebSite","@id":"https:\/\/www.peanutoem.com\/#website","url":"https:\/\/www.peanutoem.com\/","name":"Peanut Butter Factory","description":"Peanut Butter Manufacturer and Roast Peanut OEM Factory | Peanut Private Label China Supplier","publisher":{"@id":"https:\/\/www.peanutoem.com\/#organization"},"alternateName":"Peanut Butter OEM and Wholesale","potentialAction":[{"@type":"SearchAction","target":{"@type":"EntryPoint","urlTemplate":"https:\/\/www.peanutoem.com\/?s={search_term_string}"},"query-input":{"@type":"PropertyValueSpecification","valueRequired":true,"valueName":"search_term_string"}}],"inLanguage":"es"},{"@type":"Organization","@id":"https:\/\/www.peanutoem.com\/#organization","name":"Peanut Butter Factory","alternateName":"JuFeng Group","url":"https:\/\/www.peanutoem.com\/","logo":{"@type":"ImageObject","inLanguage":"es","@id":"https:\/\/www.peanutoem.com\/#\/schema\/logo\/image\/","url":"https:\/\/www.peanutoem.com\/wp-content\/uploads\/2024\/09\/JUFENG-LOGO.png","contentUrl":"https:\/\/www.peanutoem.com\/wp-content\/uploads\/2024\/09\/JUFENG-LOGO.png","width":600,"height":170,"caption":"Peanut Butter Factory"},"image":{"@id":"https:\/\/www.peanutoem.com\/#\/schema\/logo\/image\/"}}]}},"_links":{"self":[{"href":"https:\/\/www.peanutoem.com\/es\/wp-json\/wp\/v2\/product\/1555","targetHints":{"allow":["GET"]}}],"collection":[{"href":"https:\/\/www.peanutoem.com\/es\/wp-json\/wp\/v2\/product"}],"about":[{"href":"https:\/\/www.peanutoem.com\/es\/wp-json\/wp\/v2\/types\/product"}],"replies":[{"embeddable":true,"href":"https:\/\/www.peanutoem.com\/es\/wp-json\/wp\/v2\/comments?post=1555"}],"wp:featuredmedia":[{"embeddable":true,"href":"https:\/\/www.peanutoem.com\/es\/wp-json\/wp\/v2\/media\/1712"}],"wp:attachment":[{"href":"https:\/\/www.peanutoem.com\/es\/wp-json\/wp\/v2\/media?parent=1555"}],"wp:term":[{"taxonomy":"product_cat","embeddable":true,"href":"https:\/\/www.peanutoem.com\/es\/wp-json\/wp\/v2\/product_cat?post=1555"},{"taxonomy":"product_tag","embeddable":true,"href":"https:\/\/www.peanutoem.com\/es\/wp-json\/wp\/v2\/product_tag?post=1555"}],"curies":[{"name":"wp","href":"https:\/\/api.w.org\/{rel}","templated":true}]}}