{"id":1393,"date":"2023-06-08T07:38:38","date_gmt":"2023-06-08T07:38:38","guid":{"rendered":"https:\/\/www.peanutoem.com\/?post_type=product&#038;p=1393"},"modified":"2024-10-09T12:10:08","modified_gmt":"2024-10-09T12:10:08","slug":"salty-peanut-butter","status":"publish","type":"product","link":"https:\/\/www.peanutoem.com\/es_co\/manufacturer\/salty-peanut-butter\/","title":{"rendered":"Mantequilla de man\u00ed salada"},"content":{"rendered":"<h3>Proveedor l\u00edder de OEM y fabricante de marca privada de Salty <a href=\"https:\/\/www.peanutoem.com\/es_co\/Wholesale\/peanut-butter\/\" target=\"_blank\" rel=\"noopener\">Manteca de cacahuete<\/a><\/h3>\n<p>Estamos orgullosos de ofrecer mantequilla de man\u00ed salada de primera calidad como proveedor OEM de confianza, fabricante de marca privada y exportador global. Elaborada con un equilibrio perfecto de man\u00ed tostado y <a href=\"https:\/\/en.wikipedia.org\/wiki\/Salt\" target=\"_blank\" rel=\"noopener\">sal<\/a>Ofrece un sabor sabroso ideal para aperitivos y para cocinar. Nuestras soluciones de producci\u00f3n totalmente personalizables permiten a las marcas crear variaciones \u00fanicas con envases y tama\u00f1os de pedido flexibles.<\/p>\n<h3>\u00bfQu\u00e9 es la mantequilla de man\u00ed salada?<\/h3>\n<p>La mantequilla de man\u00ed salada es una variante sabrosa de la mantequilla de man\u00ed tradicional, que ofrece un toque salado con sal a\u00f1adida. Este tipo de mantequilla de man\u00ed atrae a los consumidores que buscan una opci\u00f3n m\u00e1s atrevida y menos dulce. La sal realza el sabor natural de los cacahuetes, lo que la convierte en una de las favoritas para recetas saladas, untables y aperitivos.<\/p>\n<p><img loading=\"lazy\" decoding=\"async\" class=\"alignnone wp-image-1970 size-large\" src=\"https:\/\/www.peanutoem.com\/wp-content\/uploads\/2023\/06\/Seasalt-Peanut-Butter-200g-1-1024x461.webp\" alt=\"Mantequilla de man\u00ed con sal marina 200 g\" width=\"1020\" height=\"459\" srcset=\"https:\/\/www.peanutoem.com\/wp-content\/uploads\/2023\/06\/Seasalt-Peanut-Butter-200g-1-1024x461.webp 1024w, https:\/\/www.peanutoem.com\/wp-content\/uploads\/2023\/06\/Seasalt-Peanut-Butter-200g-1-300x135.webp 300w, https:\/\/www.peanutoem.com\/wp-content\/uploads\/2023\/06\/Seasalt-Peanut-Butter-200g-1-768x346.webp 768w, https:\/\/www.peanutoem.com\/wp-content\/uploads\/2023\/06\/Seasalt-Peanut-Butter-200g-1-1536x691.webp 1536w, https:\/\/www.peanutoem.com\/wp-content\/uploads\/2023\/06\/Seasalt-Peanut-Butter-200g-1-2048x922.webp 2048w, https:\/\/www.peanutoem.com\/wp-content\/uploads\/2023\/06\/Seasalt-Peanut-Butter-200g-1-18x8.webp 18w, https:\/\/www.peanutoem.com\/wp-content\/uploads\/2023\/06\/Seasalt-Peanut-Butter-200g-1-600x270.webp 600w\" sizes=\"auto, (max-width: 1020px) 100vw, 1020px\" \/><\/p>\n<h3>\u00bfCuales son otros nombres?<\/h3>\n<p>La mantequilla de man\u00ed salada tambi\u00e9n se puede denominar:<\/p>\n<ul>\n<li><strong>Mantequilla de man\u00ed sabrosa<\/strong><\/li>\n<li><strong>Mantequilla de man\u00ed salada<\/strong><\/li>\n<li><strong>Mantequilla de man\u00ed con sal<\/strong><\/li>\n<li><strong>Mantequilla de man\u00ed con infusi\u00f3n de sal<\/strong><\/li>\n<\/ul>\n<p>Estos nombres enfatizan el distintivo elemento sabroso que hace de la mantequilla de man\u00ed salada un producto \u00fanico y popular.<\/p>\n<h3>\u00bfPor qu\u00e9 elegirnos como su proveedor?<\/h3>\n<p>Como proveedor OEM de confianza y fabricante de marcas privadas, ofrecemos:<\/p>\n<ul>\n<li><strong>Mantequilla de man\u00ed salada personalizable<\/strong>:Productos personalizados para alinearse con su marca.<\/li>\n<li><strong>Global <a href=\"https:\/\/www.peanutoem.com\/es_co\/certificate\/\" target=\"_blank\" rel=\"noopener\">Certificaciones<\/a><\/strong>:Nuestros est\u00e1ndares incluyen HACCP, BRCGS, Halal, Kosher y EU Organic, lo que garantiza la m\u00e1xima calidad.<\/li>\n<li><strong>Opciones de embalaje vers\u00e1tiles<\/strong>:Producimos varios tama\u00f1os, desde frascos para venta al por menor hasta contenedores a granel.<\/li>\n<li><strong>Experiencia en exportaci\u00f3n global<\/strong>Suministramos de forma fiable a los mercados internacionales.<\/li>\n<\/ul>\n<h3>Preguntas frecuentes sobre la mantequilla de man\u00ed con sal<\/h3>\n<ol>\n<li><strong>\u00bfQu\u00e9 es lo que distingue a tu mantequilla de man\u00ed salada?<\/strong><br \/>\nEntregamos mantequilla de man\u00ed con sal de primera calidad y consistente, con opciones personalizables para la producci\u00f3n de marcas privadas.<\/li>\n<li><strong>\u00bfQu\u00e9 ingredientes utilizas?<\/strong><br \/>\nNuestra mantequilla de man\u00ed salada contiene man\u00ed tostado de alta calidad y sal medida con precisi\u00f3n, sin aditivos.<\/li>\n<li><strong>\u00bfPuedo ajustar el contenido de sal?<\/strong><br \/>\nS\u00ed, ofrecemos flexibilidad en los niveles de sal para que coincidan con el perfil de sabor de su marca.<\/li>\n<li><strong>\u00bfQu\u00e9 opciones de embalaje est\u00e1n disponibles?<\/strong><br \/>\nProporcionamos frascos, baldes y bolsitas en tama\u00f1os adecuados tanto para la distribuci\u00f3n minorista como a granel.<\/li>\n<li><strong>\u00bfCuanto tiempo es el tiempo de entrega?<\/strong><br \/>\nLa entrega normalmente demora entre 7 y 20 d\u00edas, dependiendo del tama\u00f1o y las especificaciones del pedido.<\/li>\n<li><strong>\u00bfOfrecen servicios de marca privada?<\/strong><br \/>\nS\u00ed, nos especializamos en servicios de marca privada con personalizaci\u00f3n completa de marca y empaque.<\/li>\n<li><strong>\u00bfCu\u00e1l es la cantidad m\u00ednima de pedido (MOQ)?<\/strong><br \/>\nNuestro MOQ es de una tonelada, lo que se adapta tanto a empresas grandes como a peque\u00f1as.<\/li>\n<\/ol>\n<h3>Descubra la versatilidad de nuestros productos personalizables<\/h3>\n<p>La mantequilla de man\u00ed salada es una opci\u00f3n vers\u00e1til para quienes buscan una alternativa sabrosa a las variedades dulces. Su sabor \u00fanico mejora la preparaci\u00f3n de bocadillos y comidas, lo que la hace perfecta para untar, aderezos y salsas. Satisfacemos la creciente demanda de opciones sabrosas y de alta calidad, al mismo tiempo que ofrecemos una personalizaci\u00f3n completa para satisfacer sus necesidades.<\/p>\n<p>Como su socio confiable de OEM y marca privada, ofrecemos opciones personalizables de alta calidad con capacidades de exportaci\u00f3n global, lo que garantiza la excelencia en cada frasco.<\/p>\n<a href=\"mailto:globepeanut@gmail.com\" class=\"button primary is-primary is-medium\"  >\n    <span>Env\u00edenos un correo electr\u00f3nico<\/span>\n  <\/a>","protected":false},"excerpt":{"rendered":"<table width=\"564\">\n<tbody>\n<tr>\n<td width=\"113\"><strong>Nombre del producto<\/strong><\/td>\n<td width=\"402\">Mantequilla de man\u00ed salada<\/td>\n<\/tr>\n<tr>\n<td width=\"113\"><strong>Ingredientes<\/strong><\/td>\n<td width=\"402\">Granos de man\u00ed seleccionados, sal<\/td>\n<\/tr>\n<tr>\n<td width=\"113\"><strong>Presupuesto<\/strong><\/td>\n<td width=\"402\">227 g x 24, 340 g x 12, 375 g x 12, 500 g x 12, 510 g x 12, 1 kg x 12, 10 kg x 1, 20 kg x 1, 220 kg x 1<\/td>\n<\/tr>\n<tr>\n<td width=\"113\"><strong>Forma de embalaje<\/strong><\/td>\n<td width=\"402\">Tarro, balde, envase tipo doy, bolsa, cart\u00f3n, lata, barril, lata, botella, etc.<\/td>\n<\/tr>\n<tr>\n<td width=\"113\"><strong>El tiempo de entrega<\/strong><\/td>\n<td width=\"402\">7~20 d\u00edas despu\u00e9s del pedido<\/td>\n<\/tr>\n<tr>\n<td width=\"113\"><strong>Cantidad m\u00ednima de pedido<\/strong><\/td>\n<td width=\"402\">Una tonelada<\/td>\n<\/tr>\n<tr>\n<td width=\"113\"><strong>Muestra<\/strong><\/td>\n<td width=\"402\">Muestra gratuita disponible<\/td>\n<\/tr>\n<tr>\n<td width=\"113\"><strong>Fabricante de equipos originales (OEM)<\/strong><\/td>\n<td width=\"402\">Se acepta etiqueta del comprador<\/td>\n<\/tr>\n<\/tbody>\n<\/table>","protected":false},"featured_media":1968,"comment_status":"open","ping_status":"closed","template":"","meta":[],"product_cat":[15],"product_tag":[],"class_list":{"0":"post-1393","1":"product","2":"type-product","3":"status-publish","4":"has-post-thumbnail","6":"product_cat-peanut-butter","8":"first","9":"instock","10":"shipping-taxable","11":"product-type-simple"},"yoast_head":"<!-- This site is optimized with the Yoast SEO plugin v24.9 - https:\/\/yoast.com\/wordpress\/plugins\/seo\/ -->\n<title>Salty Peanut Butter China Exporter OEM - Peanut Butter Factory<\/title>\n<meta name=\"description\" content=\"Discover premium salty peanut butter OEM service. Your trusted private label manufacturer. Enjoy customizable production, various packaging.\" \/>\n<meta name=\"robots\" content=\"index, follow, max-snippet:-1, max-image-preview:large, max-video-preview:-1\" \/>\n<link rel=\"canonical\" href=\"https:\/\/www.peanutoem.com\/es_co\/manufacturer\/salty-peanut-butter\/\" \/>\n<meta property=\"og:locale\" content=\"es_ES\" \/>\n<meta property=\"og:type\" content=\"article\" \/>\n<meta property=\"og:title\" content=\"Salty Peanut Butter China Exporter OEM - Peanut Butter Factory\" \/>\n<meta property=\"og:description\" content=\"Discover premium salty peanut butter OEM service. Your trusted private label manufacturer. Enjoy customizable production, various packaging.\" \/>\n<meta property=\"og:url\" content=\"https:\/\/www.peanutoem.com\/es_co\/manufacturer\/salty-peanut-butter\/\" \/>\n<meta property=\"og:site_name\" content=\"Peanut Butter Factory\" \/>\n<meta property=\"article:modified_time\" content=\"2024-10-09T12:10:08+00:00\" \/>\n<meta property=\"og:image\" content=\"https:\/\/www.peanutoem.com\/wp-content\/uploads\/2023\/06\/200g-seasalt-peanut-butter-1-scaled.webp\" \/>\n\t<meta property=\"og:image:width\" content=\"2560\" \/>\n\t<meta property=\"og:image:height\" content=\"1152\" \/>\n\t<meta property=\"og:image:type\" content=\"image\/webp\" \/>\n<meta name=\"twitter:card\" content=\"summary_large_image\" \/>\n<meta name=\"twitter:label1\" content=\"Tiempo de lectura\" \/>\n\t<meta name=\"twitter:data1\" content=\"3 minutos\" \/>\n<script type=\"application\/ld+json\" class=\"yoast-schema-graph\">{\"@context\":\"https:\/\/schema.org\",\"@graph\":[{\"@type\":\"WebPage\",\"@id\":\"https:\/\/www.peanutoem.com\/manufacturer\/salty-peanut-butter\/\",\"url\":\"https:\/\/www.peanutoem.com\/manufacturer\/salty-peanut-butter\/\",\"name\":\"Salty Peanut Butter China Exporter OEM - Peanut Butter Factory\",\"isPartOf\":{\"@id\":\"https:\/\/www.peanutoem.com\/#website\"},\"primaryImageOfPage\":{\"@id\":\"https:\/\/www.peanutoem.com\/manufacturer\/salty-peanut-butter\/#primaryimage\"},\"image\":{\"@id\":\"https:\/\/www.peanutoem.com\/manufacturer\/salty-peanut-butter\/#primaryimage\"},\"thumbnailUrl\":\"https:\/\/www.peanutoem.com\/wp-content\/uploads\/2023\/06\/200g-seasalt-peanut-butter-1-scaled.webp\",\"datePublished\":\"2023-06-08T07:38:38+00:00\",\"dateModified\":\"2024-10-09T12:10:08+00:00\",\"description\":\"Discover premium salty peanut butter OEM service. Your trusted private label manufacturer. Enjoy customizable production, various packaging.\",\"breadcrumb\":{\"@id\":\"https:\/\/www.peanutoem.com\/manufacturer\/salty-peanut-butter\/#breadcrumb\"},\"inLanguage\":\"es-CO\",\"potentialAction\":[{\"@type\":\"ReadAction\",\"target\":[\"https:\/\/www.peanutoem.com\/manufacturer\/salty-peanut-butter\/\"]}]},{\"@type\":\"ImageObject\",\"inLanguage\":\"es-CO\",\"@id\":\"https:\/\/www.peanutoem.com\/manufacturer\/salty-peanut-butter\/#primaryimage\",\"url\":\"https:\/\/www.peanutoem.com\/wp-content\/uploads\/2023\/06\/200g-seasalt-peanut-butter-1-scaled.webp\",\"contentUrl\":\"https:\/\/www.peanutoem.com\/wp-content\/uploads\/2023\/06\/200g-seasalt-peanut-butter-1-scaled.webp\",\"width\":2560,\"height\":1152,\"caption\":\"200g seasalt peanut butter\"},{\"@type\":\"BreadcrumbList\",\"@id\":\"https:\/\/www.peanutoem.com\/manufacturer\/salty-peanut-butter\/#breadcrumb\",\"itemListElement\":[{\"@type\":\"ListItem\",\"position\":1,\"name\":\"Home\",\"item\":\"https:\/\/www.peanutoem.com\/\"},{\"@type\":\"ListItem\",\"position\":2,\"name\":\"Products\",\"item\":\"https:\/\/www.peanutoem.com\/shop\/\"},{\"@type\":\"ListItem\",\"position\":3,\"name\":\"Salty Peanut Butter\"}]},{\"@type\":\"WebSite\",\"@id\":\"https:\/\/www.peanutoem.com\/#website\",\"url\":\"https:\/\/www.peanutoem.com\/\",\"name\":\"Peanut Butter Factory\",\"description\":\"Peanut Butter Manufacturer and Roast Peanut OEM Factory | Peanut Private Label China Supplier\",\"publisher\":{\"@id\":\"https:\/\/www.peanutoem.com\/#organization\"},\"alternateName\":\"Peanut Butter OEM and Wholesale\",\"potentialAction\":[{\"@type\":\"SearchAction\",\"target\":{\"@type\":\"EntryPoint\",\"urlTemplate\":\"https:\/\/www.peanutoem.com\/?s={search_term_string}\"},\"query-input\":{\"@type\":\"PropertyValueSpecification\",\"valueRequired\":true,\"valueName\":\"search_term_string\"}}],\"inLanguage\":\"es-CO\"},{\"@type\":\"Organization\",\"@id\":\"https:\/\/www.peanutoem.com\/#organization\",\"name\":\"Peanut Butter Factory\",\"alternateName\":\"JuFeng Group\",\"url\":\"https:\/\/www.peanutoem.com\/\",\"logo\":{\"@type\":\"ImageObject\",\"inLanguage\":\"es-CO\",\"@id\":\"https:\/\/www.peanutoem.com\/#\/schema\/logo\/image\/\",\"url\":\"https:\/\/www.peanutoem.com\/wp-content\/uploads\/2024\/09\/JUFENG-LOGO.png\",\"contentUrl\":\"https:\/\/www.peanutoem.com\/wp-content\/uploads\/2024\/09\/JUFENG-LOGO.png\",\"width\":600,\"height\":170,\"caption\":\"Peanut Butter Factory\"},\"image\":{\"@id\":\"https:\/\/www.peanutoem.com\/#\/schema\/logo\/image\/\"}}]}<\/script>\n<!-- \/ Yoast SEO plugin. -->","yoast_head_json":{"title":"Salty Peanut Butter China Exporter OEM - Peanut Butter Factory","description":"Discover premium salty peanut butter OEM service. Your trusted private label manufacturer. Enjoy customizable production, various packaging.","robots":{"index":"index","follow":"follow","max-snippet":"max-snippet:-1","max-image-preview":"max-image-preview:large","max-video-preview":"max-video-preview:-1"},"canonical":"https:\/\/www.peanutoem.com\/es_co\/manufacturer\/salty-peanut-butter\/","og_locale":"es_ES","og_type":"article","og_title":"Salty Peanut Butter China Exporter OEM - Peanut Butter Factory","og_description":"Discover premium salty peanut butter OEM service. Your trusted private label manufacturer. Enjoy customizable production, various packaging.","og_url":"https:\/\/www.peanutoem.com\/es_co\/manufacturer\/salty-peanut-butter\/","og_site_name":"Peanut Butter Factory","article_modified_time":"2024-10-09T12:10:08+00:00","og_image":[{"width":2560,"height":1152,"url":"https:\/\/www.peanutoem.com\/wp-content\/uploads\/2023\/06\/200g-seasalt-peanut-butter-1-scaled.webp","type":"image\/webp"}],"twitter_card":"summary_large_image","twitter_misc":{"Tiempo de lectura":"3 minutos"},"schema":{"@context":"https:\/\/schema.org","@graph":[{"@type":"WebPage","@id":"https:\/\/www.peanutoem.com\/manufacturer\/salty-peanut-butter\/","url":"https:\/\/www.peanutoem.com\/manufacturer\/salty-peanut-butter\/","name":"Salty Peanut Butter China Exporter OEM - Peanut Butter Factory","isPartOf":{"@id":"https:\/\/www.peanutoem.com\/#website"},"primaryImageOfPage":{"@id":"https:\/\/www.peanutoem.com\/manufacturer\/salty-peanut-butter\/#primaryimage"},"image":{"@id":"https:\/\/www.peanutoem.com\/manufacturer\/salty-peanut-butter\/#primaryimage"},"thumbnailUrl":"https:\/\/www.peanutoem.com\/wp-content\/uploads\/2023\/06\/200g-seasalt-peanut-butter-1-scaled.webp","datePublished":"2023-06-08T07:38:38+00:00","dateModified":"2024-10-09T12:10:08+00:00","description":"Discover premium salty peanut butter OEM service. Your trusted private label manufacturer. Enjoy customizable production, various packaging.","breadcrumb":{"@id":"https:\/\/www.peanutoem.com\/manufacturer\/salty-peanut-butter\/#breadcrumb"},"inLanguage":"es-CO","potentialAction":[{"@type":"ReadAction","target":["https:\/\/www.peanutoem.com\/manufacturer\/salty-peanut-butter\/"]}]},{"@type":"ImageObject","inLanguage":"es-CO","@id":"https:\/\/www.peanutoem.com\/manufacturer\/salty-peanut-butter\/#primaryimage","url":"https:\/\/www.peanutoem.com\/wp-content\/uploads\/2023\/06\/200g-seasalt-peanut-butter-1-scaled.webp","contentUrl":"https:\/\/www.peanutoem.com\/wp-content\/uploads\/2023\/06\/200g-seasalt-peanut-butter-1-scaled.webp","width":2560,"height":1152,"caption":"200g seasalt peanut butter"},{"@type":"BreadcrumbList","@id":"https:\/\/www.peanutoem.com\/manufacturer\/salty-peanut-butter\/#breadcrumb","itemListElement":[{"@type":"ListItem","position":1,"name":"Home","item":"https:\/\/www.peanutoem.com\/"},{"@type":"ListItem","position":2,"name":"Products","item":"https:\/\/www.peanutoem.com\/shop\/"},{"@type":"ListItem","position":3,"name":"Salty Peanut Butter"}]},{"@type":"WebSite","@id":"https:\/\/www.peanutoem.com\/#website","url":"https:\/\/www.peanutoem.com\/","name":"Peanut Butter Factory","description":"Peanut Butter Manufacturer and Roast Peanut OEM Factory | Peanut Private Label China Supplier","publisher":{"@id":"https:\/\/www.peanutoem.com\/#organization"},"alternateName":"Peanut Butter OEM and Wholesale","potentialAction":[{"@type":"SearchAction","target":{"@type":"EntryPoint","urlTemplate":"https:\/\/www.peanutoem.com\/?s={search_term_string}"},"query-input":{"@type":"PropertyValueSpecification","valueRequired":true,"valueName":"search_term_string"}}],"inLanguage":"es-CO"},{"@type":"Organization","@id":"https:\/\/www.peanutoem.com\/#organization","name":"Peanut Butter Factory","alternateName":"JuFeng Group","url":"https:\/\/www.peanutoem.com\/","logo":{"@type":"ImageObject","inLanguage":"es-CO","@id":"https:\/\/www.peanutoem.com\/#\/schema\/logo\/image\/","url":"https:\/\/www.peanutoem.com\/wp-content\/uploads\/2024\/09\/JUFENG-LOGO.png","contentUrl":"https:\/\/www.peanutoem.com\/wp-content\/uploads\/2024\/09\/JUFENG-LOGO.png","width":600,"height":170,"caption":"Peanut Butter Factory"},"image":{"@id":"https:\/\/www.peanutoem.com\/#\/schema\/logo\/image\/"}}]}},"_links":{"self":[{"href":"https:\/\/www.peanutoem.com\/es_co\/wp-json\/wp\/v2\/product\/1393","targetHints":{"allow":["GET"]}}],"collection":[{"href":"https:\/\/www.peanutoem.com\/es_co\/wp-json\/wp\/v2\/product"}],"about":[{"href":"https:\/\/www.peanutoem.com\/es_co\/wp-json\/wp\/v2\/types\/product"}],"replies":[{"embeddable":true,"href":"https:\/\/www.peanutoem.com\/es_co\/wp-json\/wp\/v2\/comments?post=1393"}],"wp:featuredmedia":[{"embeddable":true,"href":"https:\/\/www.peanutoem.com\/es_co\/wp-json\/wp\/v2\/media\/1968"}],"wp:attachment":[{"href":"https:\/\/www.peanutoem.com\/es_co\/wp-json\/wp\/v2\/media?parent=1393"}],"wp:term":[{"taxonomy":"product_cat","embeddable":true,"href":"https:\/\/www.peanutoem.com\/es_co\/wp-json\/wp\/v2\/product_cat?post=1393"},{"taxonomy":"product_tag","embeddable":true,"href":"https:\/\/www.peanutoem.com\/es_co\/wp-json\/wp\/v2\/product_tag?post=1393"}],"curies":[{"name":"wp","href":"https:\/\/api.w.org\/{rel}","templated":true}]}}