{"id":1554,"date":"2024-09-02T13:59:01","date_gmt":"2024-09-02T13:59:01","guid":{"rendered":"https:\/\/www.peanutoem.com\/?post_type=product&#038;p=1554"},"modified":"2024-09-28T05:11:42","modified_gmt":"2024-09-28T05:11:42","slug":"roasted-blanched-peanut","status":"publish","type":"product","link":"https:\/\/www.peanutoem.com\/es_co\/manufacturer\/roasted-blanched-peanut\/","title":{"rendered":"Man\u00ed tostado blanqueado"},"content":{"rendered":"<h3><strong>\u00bfQu\u00e9 es el man\u00ed tostado blanqueado?<\/strong><\/h3>\n<p>El man\u00ed tostado blanqueado se somete a un proceso espec\u00edfico de dos pasos. Primero, se blanquea el man\u00ed crudo, lo que implica quitarle la piel exterior mediante calor y medios mec\u00e1nicos suaves. Luego, se tuesta a la perfecci\u00f3n, lo que da como resultado un rico sabor a nuez y una textura crujiente. Estos man\u00edes son ideales para diversas aplicaciones, incluida la producci\u00f3n de bocadillos, confiter\u00eda, fabricaci\u00f3n de mantequilla de man\u00ed y como ingrediente en platos salados.<\/p>\n<p>Adem\u00e1s, los cacahuetes tostados blanqueados ofrecen el beneficio adicional de una apariencia limpia y suave. Esta cualidad los hace muy deseables para productos donde el atractivo visual y la uniformidad son cruciales.<\/p>\n<h3><strong>\u00bfCu\u00e1les son otros nombres para los cacahuetes tostados blanqueados?<\/strong><\/h3>\n<p>Los cacahuetes tostados blanqueados pueden tener varios nombres, seg\u00fan las preferencias regionales o el uso de la industria:<\/p>\n<ul>\n<li>Cacahuetes tostados sin piel<\/li>\n<li>Cacahuetes blanqueados y tostados<\/li>\n<li>Cacahuetes blancos tostados<\/li>\n<li>Cacahuetes blanqueados<\/li>\n<li>Granos de man\u00ed blanqueados<\/li>\n<li>Man\u00ed entero blanqueado tostado<\/li>\n<\/ul>\n<p>Estos nombres reflejan el proceso de preparaci\u00f3n, donde se quitan las c\u00e1scaras del man\u00ed antes de tostarlo, dando como resultado un producto final suave y atractivo.<\/p>\n<h3><img loading=\"lazy\" decoding=\"async\" class=\"alignnone wp-image-1702 size-full\" src=\"https:\/\/www.peanutoem.com\/wp-content\/uploads\/2024\/09\/Whole-Roasted-Blanched-Peanut-.webp\" alt=\"Man\u00ed entero tostado y blanqueado\" width=\"1000\" height=\"1000\" srcset=\"https:\/\/www.peanutoem.com\/wp-content\/uploads\/2024\/09\/Whole-Roasted-Blanched-Peanut-.webp 1000w, https:\/\/www.peanutoem.com\/wp-content\/uploads\/2024\/09\/Whole-Roasted-Blanched-Peanut--300x300.webp 300w, https:\/\/www.peanutoem.com\/wp-content\/uploads\/2024\/09\/Whole-Roasted-Blanched-Peanut--150x150.webp 150w, https:\/\/www.peanutoem.com\/wp-content\/uploads\/2024\/09\/Whole-Roasted-Blanched-Peanut--768x768.webp 768w, https:\/\/www.peanutoem.com\/wp-content\/uploads\/2024\/09\/Whole-Roasted-Blanched-Peanut--12x12.webp 12w, https:\/\/www.peanutoem.com\/wp-content\/uploads\/2024\/09\/Whole-Roasted-Blanched-Peanut--600x600.webp 600w, https:\/\/www.peanutoem.com\/wp-content\/uploads\/2024\/09\/Whole-Roasted-Blanched-Peanut--100x100.webp 100w\" sizes=\"auto, (max-width: 1000px) 100vw, 1000px\" \/><\/h3>\n<h3><strong>\u00bfPor qu\u00e9 elegirnos como su proveedor OEM de man\u00ed tostado blanqueado?<\/strong><\/h3>\n<p>Somos l\u00edderes en el mercado de producci\u00f3n de man\u00ed tostado blanqueado, y ofrecemos tanto man\u00ed tostado blanqueado entero como mitades de man\u00ed tostado blanqueado. Estas son las razones por las que somos su mejor socio:<\/p>\n<ul>\n<li><strong>Experiencia en soluciones OEM<\/strong>:Con nuestras capacidades de producci\u00f3n avanzadas, ofrecemos servicios OEM personalizados que cumplen con las especificaciones de su producto, desde los niveles de tostado hasta los requisitos de envasado.<\/li>\n<li><strong>Fabricaci\u00f3n de marcas privadas<\/strong>Nos especializamos en la fabricaci\u00f3n de marcas privadas, lo que permite a las marcas aprovechar nuestra experiencia mientras desarrollan sus propios productos distintivos.<\/li>\n<li><strong>Capacidades de exportaci\u00f3n globales<\/strong>:Como exportador experimentado, atendemos a clientes de todo el mundo con una log\u00edstica eficiente y una calidad constante.<\/li>\n<li><strong>Garant\u00eda de calidad certificada<\/strong>:Nuestros productos est\u00e1n certificados bajo los est\u00e1ndares HACCP, BRCGS, Halal, Kosher y EU Organic, lo que garantiza el cumplimiento de las regulaciones mundiales de seguridad y calidad alimentaria.<\/li>\n<li><strong>Sostenibilidad y fiabilidad<\/strong>Priorizamos m\u00e9todos de producci\u00f3n sostenibles y mantenemos una s\u00f3lida confiabilidad en la cadena de suministro para satisfacer las necesidades de nuestros clientes en todo el mundo.<\/li>\n<\/ul>\n<h3><strong>Temas de actualidad sobre los cacahuetes tostados blanqueados<\/strong><\/h3>\n<ul>\n<li><strong>Entero vs. Mitades<\/strong>:Entender los casos de uso de los man\u00edes tostados blanqueados enteros en comparaci\u00f3n con los man\u00edes tostados blanqueados en mitades es fundamental para los fabricantes. Los man\u00edes enteros se utilizan a menudo en productos de aperitivos de primera calidad, mientras que las mitades se prefieren para la producci\u00f3n de alimentos, la reposter\u00eda y la mantequilla de man\u00ed.<\/li>\n<li><strong>Beneficios para la salud de los cacahuetes tostados blanqueados<\/strong>Los cacahuetes blanqueados conservan muchos de los beneficios nutricionales de los cacahuetes crudos, incluidas prote\u00ednas, grasas saludables y vitaminas y minerales esenciales, lo que los convierte en una opci\u00f3n inteligente para los consumidores preocupados por la salud.<\/li>\n<li><strong>Demanda creciente de ingredientes de etiqueta limpia<\/strong>:A medida que m\u00e1s consumidores buscan productos con un procesamiento m\u00ednimo, los man\u00edes tostados y blanqueados son una excelente opci\u00f3n de ingrediente para bocadillos y productos alimenticios comercializados como \u201cetiqueta limpia\u201d.<\/li>\n<li><strong>Sostenibilidad del man\u00ed e impacto ambiental<\/strong>:En comparaci\u00f3n con otros frutos secos, los cacahuetes, incluidas las variedades blanqueadas, requieren menos recursos para su cultivo, lo que los convierte en una opci\u00f3n sostenible para las empresas de alimentos que buscan reducir su huella ambiental.<\/li>\n<\/ul>\n<h3><strong>Preguntas frecuentes sobre nuestro papel como fabricante de man\u00ed tostado blanqueado<\/strong><\/h3>\n<ol>\n<li><strong>\u00bfCu\u00e1les son los beneficios del man\u00ed blanqueado?<\/strong><br \/>\nA los cacahuetes blanqueados se les quita la piel, lo que proporciona un aspecto m\u00e1s limpio y una textura consistente, ideal para snacks y productos visualmente atractivos.<\/li>\n<li><strong>\u00bfOfrecen opciones de marca privada?<\/strong><br \/>\nS\u00ed, nos especializamos en la fabricaci\u00f3n de marcas privadas con personalizaci\u00f3n total para el empaque y las especificaciones de su marca.<\/li>\n<li><strong>\u00bfPuedo personalizar el nivel de tostado?<\/strong><br \/>\n\u00a1Por supuesto! Ofrecemos opciones de tueste desde claro hasta oscuro, adaptadas a sus preferencias y necesidades del mercado.<\/li>\n<li><strong>\u00bfC\u00f3mo mantener la frescura?<\/strong><br \/>\nAlmacenamos los cacahuetes en instalaciones con temperatura controlada para garantizar que se mantengan frescos y de alta calidad durante el almacenamiento y el transporte.<\/li>\n<li><strong>\u00bfExportas a nivel mundial?<\/strong><br \/>\nS\u00ed, contamos con una amplia experiencia exportando man\u00ed tostado blanqueado a diversos mercados internacionales con una log\u00edstica eficiente.<\/li>\n<li><strong>\u00bfCu\u00e1l es la vida \u00fatil de sus cacahuetes?<\/strong><br \/>\nNuestros man\u00edes tostados y blanqueados duran de 12 a 18 meses cuando se almacenan adecuadamente, lo que garantiza una frescura y un sabor duraderos.<\/li>\n<li><strong>\u00bfCu\u00e1les son los usos comunes de los cacahuetes tostados y blanqueados?<\/strong><br \/>\nSon populares en bocadillos, dulces, mantequilla de man\u00ed y como ingredientes en productos salados y horneados.<\/li>\n<li><strong>\u00bfC\u00f3mo se comparan los cacahuetes tostados blanqueados con otras variedades?<\/strong><br \/>\nLos cacahuetes tostados blanqueados tienen un aspecto m\u00e1s suave y limpio porque se les ha quitado la piel. Esta cualidad los hace perfectos para productos de primera calidad que necesitan una textura consistente.<\/li>\n<\/ol>\n<div class=\"flex max-w-full flex-col flex-grow\">\n<div class=\"min-h-8 text-message flex w-full flex-col items-end gap-2 whitespace-normal break-words [.text-message+&amp;]:mt-5\" dir=\"auto\" data-message-author-role=\"assistant\" data-message-id=\"31ea6229-78d6-4c3f-8f61-fea9e8392c9b\">\n<div class=\"flex w-full flex-col gap-1 empty:hidden first:pt-[3px]\">\n<div class=\"markdown prose w-full break-words dark:prose-invert dark\">\n<a href=\"mailto:globepeanut@gmail.com\" class=\"button primary is-primary is-medium\"  >\n    <span>Env\u00edenos un correo electr\u00f3nico<\/span>\n  <\/a>\n\n<\/div>\n<\/div>\n<\/div>\n<\/div>\n<div class=\"mb-2 flex gap-3 empty:hidden -ml-2\">\n<div class=\"items-center justify-start rounded-xl p-1 flex\"><\/div>\n<\/div>","protected":false},"excerpt":{"rendered":"<p>Somos fabricante y proveedor de man\u00ed tostado blanqueado en China<\/p>\n<p>\u2013 Cantidad m\u00ednima de pedido: 1 tonelada<br \/>\n\u2013 Servicio OEM\/ODM ofrecido<br \/>\n\u2013 Muestra gratuita disponible<br \/>\n\u2013 Aceptar personalizaci\u00f3n (especificaciones, tama\u00f1os, color, dise\u00f1o, etc.)<br \/>\n\u2013 Tipo: Man\u00ed tostado entero, Man\u00ed tostado en mitades<\/p>\n<p>Si desea obtener precios de man\u00ed tostado blanqueado, p\u00f3ngase en contacto con nosotros.<\/p>","protected":false},"featured_media":1701,"comment_status":"open","ping_status":"closed","template":"","meta":[],"product_cat":[37],"product_tag":[],"class_list":{"0":"post-1554","1":"product","2":"type-product","3":"status-publish","4":"has-post-thumbnail","6":"product_cat-roasted-peanut","8":"first","9":"instock","10":"shipping-taxable","11":"product-type-simple"},"yoast_head":"<!-- This site is optimized with the Yoast SEO plugin v24.9 - https:\/\/yoast.com\/wordpress\/plugins\/seo\/ -->\n<title>Roasted Blanched Peanut China Wholesaler - Peanut Butter Factory<\/title>\n<meta name=\"description\" content=\"High-quality Roasted Blanched Peanut OEM supplier, private label manufacturer, and exporter. Choose us for customizable solutions and global expertise.\" \/>\n<meta name=\"robots\" content=\"index, follow, max-snippet:-1, max-image-preview:large, max-video-preview:-1\" \/>\n<link rel=\"canonical\" href=\"https:\/\/www.peanutoem.com\/es_co\/manufacturer\/roasted-blanched-peanut\/\" \/>\n<meta property=\"og:locale\" content=\"es_ES\" \/>\n<meta property=\"og:type\" content=\"article\" \/>\n<meta property=\"og:title\" content=\"Roasted Blanched Peanut China Wholesaler - Peanut Butter Factory\" \/>\n<meta property=\"og:description\" content=\"High-quality Roasted Blanched Peanut OEM supplier, private label manufacturer, and exporter. Choose us for customizable solutions and global expertise.\" \/>\n<meta property=\"og:url\" content=\"https:\/\/www.peanutoem.com\/es_co\/manufacturer\/roasted-blanched-peanut\/\" \/>\n<meta property=\"og:site_name\" content=\"Peanut Butter Factory\" \/>\n<meta property=\"article:modified_time\" content=\"2024-09-28T05:11:42+00:00\" \/>\n<meta property=\"og:image\" content=\"https:\/\/www.peanutoem.com\/wp-content\/uploads\/2024\/09\/Whole-Roast-Blanched-Peanut-.webp\" \/>\n\t<meta property=\"og:image:width\" content=\"1000\" \/>\n\t<meta property=\"og:image:height\" content=\"1000\" \/>\n\t<meta property=\"og:image:type\" content=\"image\/webp\" \/>\n<meta name=\"twitter:card\" content=\"summary_large_image\" \/>\n<meta name=\"twitter:label1\" content=\"Tiempo de lectura\" \/>\n\t<meta name=\"twitter:data1\" content=\"4 minutos\" \/>\n<script type=\"application\/ld+json\" class=\"yoast-schema-graph\">{\"@context\":\"https:\/\/schema.org\",\"@graph\":[{\"@type\":\"WebPage\",\"@id\":\"https:\/\/www.peanutoem.com\/manufacturer\/roasted-blanched-peanut\/\",\"url\":\"https:\/\/www.peanutoem.com\/manufacturer\/roasted-blanched-peanut\/\",\"name\":\"Roasted Blanched Peanut China Wholesaler - Peanut Butter Factory\",\"isPartOf\":{\"@id\":\"https:\/\/www.peanutoem.com\/#website\"},\"primaryImageOfPage\":{\"@id\":\"https:\/\/www.peanutoem.com\/manufacturer\/roasted-blanched-peanut\/#primaryimage\"},\"image\":{\"@id\":\"https:\/\/www.peanutoem.com\/manufacturer\/roasted-blanched-peanut\/#primaryimage\"},\"thumbnailUrl\":\"https:\/\/www.peanutoem.com\/wp-content\/uploads\/2024\/09\/Whole-Roast-Blanched-Peanut-.webp\",\"datePublished\":\"2024-09-02T13:59:01+00:00\",\"dateModified\":\"2024-09-28T05:11:42+00:00\",\"description\":\"High-quality Roasted Blanched Peanut OEM supplier, private label manufacturer, and exporter. Choose us for customizable solutions and global expertise.\",\"breadcrumb\":{\"@id\":\"https:\/\/www.peanutoem.com\/manufacturer\/roasted-blanched-peanut\/#breadcrumb\"},\"inLanguage\":\"es-CO\",\"potentialAction\":[{\"@type\":\"ReadAction\",\"target\":[\"https:\/\/www.peanutoem.com\/manufacturer\/roasted-blanched-peanut\/\"]}]},{\"@type\":\"ImageObject\",\"inLanguage\":\"es-CO\",\"@id\":\"https:\/\/www.peanutoem.com\/manufacturer\/roasted-blanched-peanut\/#primaryimage\",\"url\":\"https:\/\/www.peanutoem.com\/wp-content\/uploads\/2024\/09\/Whole-Roast-Blanched-Peanut-.webp\",\"contentUrl\":\"https:\/\/www.peanutoem.com\/wp-content\/uploads\/2024\/09\/Whole-Roast-Blanched-Peanut-.webp\",\"width\":1000,\"height\":1000,\"caption\":\"Whole Roast Blanched Peanut\"},{\"@type\":\"BreadcrumbList\",\"@id\":\"https:\/\/www.peanutoem.com\/manufacturer\/roasted-blanched-peanut\/#breadcrumb\",\"itemListElement\":[{\"@type\":\"ListItem\",\"position\":1,\"name\":\"Home\",\"item\":\"https:\/\/www.peanutoem.com\/\"},{\"@type\":\"ListItem\",\"position\":2,\"name\":\"Products\",\"item\":\"https:\/\/www.peanutoem.com\/shop\/\"},{\"@type\":\"ListItem\",\"position\":3,\"name\":\"Roasted Blanched Peanut\"}]},{\"@type\":\"WebSite\",\"@id\":\"https:\/\/www.peanutoem.com\/#website\",\"url\":\"https:\/\/www.peanutoem.com\/\",\"name\":\"Peanut Butter Factory\",\"description\":\"Peanut Butter Manufacturer and Roast Peanut OEM Factory | Peanut Private Label China Supplier\",\"publisher\":{\"@id\":\"https:\/\/www.peanutoem.com\/#organization\"},\"alternateName\":\"Peanut Butter OEM and Wholesale\",\"potentialAction\":[{\"@type\":\"SearchAction\",\"target\":{\"@type\":\"EntryPoint\",\"urlTemplate\":\"https:\/\/www.peanutoem.com\/?s={search_term_string}\"},\"query-input\":{\"@type\":\"PropertyValueSpecification\",\"valueRequired\":true,\"valueName\":\"search_term_string\"}}],\"inLanguage\":\"es-CO\"},{\"@type\":\"Organization\",\"@id\":\"https:\/\/www.peanutoem.com\/#organization\",\"name\":\"Peanut Butter Factory\",\"alternateName\":\"JuFeng Group\",\"url\":\"https:\/\/www.peanutoem.com\/\",\"logo\":{\"@type\":\"ImageObject\",\"inLanguage\":\"es-CO\",\"@id\":\"https:\/\/www.peanutoem.com\/#\/schema\/logo\/image\/\",\"url\":\"https:\/\/www.peanutoem.com\/wp-content\/uploads\/2024\/09\/JUFENG-LOGO.png\",\"contentUrl\":\"https:\/\/www.peanutoem.com\/wp-content\/uploads\/2024\/09\/JUFENG-LOGO.png\",\"width\":600,\"height\":170,\"caption\":\"Peanut Butter Factory\"},\"image\":{\"@id\":\"https:\/\/www.peanutoem.com\/#\/schema\/logo\/image\/\"}}]}<\/script>\n<!-- \/ Yoast SEO plugin. -->","yoast_head_json":{"title":"Roasted Blanched Peanut China Wholesaler - Peanut Butter Factory","description":"High-quality Roasted Blanched Peanut OEM supplier, private label manufacturer, and exporter. Choose us for customizable solutions and global expertise.","robots":{"index":"index","follow":"follow","max-snippet":"max-snippet:-1","max-image-preview":"max-image-preview:large","max-video-preview":"max-video-preview:-1"},"canonical":"https:\/\/www.peanutoem.com\/es_co\/manufacturer\/roasted-blanched-peanut\/","og_locale":"es_ES","og_type":"article","og_title":"Roasted Blanched Peanut China Wholesaler - Peanut Butter Factory","og_description":"High-quality Roasted Blanched Peanut OEM supplier, private label manufacturer, and exporter. Choose us for customizable solutions and global expertise.","og_url":"https:\/\/www.peanutoem.com\/es_co\/manufacturer\/roasted-blanched-peanut\/","og_site_name":"Peanut Butter Factory","article_modified_time":"2024-09-28T05:11:42+00:00","og_image":[{"width":1000,"height":1000,"url":"https:\/\/www.peanutoem.com\/wp-content\/uploads\/2024\/09\/Whole-Roast-Blanched-Peanut-.webp","type":"image\/webp"}],"twitter_card":"summary_large_image","twitter_misc":{"Tiempo de lectura":"4 minutos"},"schema":{"@context":"https:\/\/schema.org","@graph":[{"@type":"WebPage","@id":"https:\/\/www.peanutoem.com\/manufacturer\/roasted-blanched-peanut\/","url":"https:\/\/www.peanutoem.com\/manufacturer\/roasted-blanched-peanut\/","name":"Roasted Blanched Peanut China Wholesaler - Peanut Butter Factory","isPartOf":{"@id":"https:\/\/www.peanutoem.com\/#website"},"primaryImageOfPage":{"@id":"https:\/\/www.peanutoem.com\/manufacturer\/roasted-blanched-peanut\/#primaryimage"},"image":{"@id":"https:\/\/www.peanutoem.com\/manufacturer\/roasted-blanched-peanut\/#primaryimage"},"thumbnailUrl":"https:\/\/www.peanutoem.com\/wp-content\/uploads\/2024\/09\/Whole-Roast-Blanched-Peanut-.webp","datePublished":"2024-09-02T13:59:01+00:00","dateModified":"2024-09-28T05:11:42+00:00","description":"High-quality Roasted Blanched Peanut OEM supplier, private label manufacturer, and exporter. Choose us for customizable solutions and global expertise.","breadcrumb":{"@id":"https:\/\/www.peanutoem.com\/manufacturer\/roasted-blanched-peanut\/#breadcrumb"},"inLanguage":"es-CO","potentialAction":[{"@type":"ReadAction","target":["https:\/\/www.peanutoem.com\/manufacturer\/roasted-blanched-peanut\/"]}]},{"@type":"ImageObject","inLanguage":"es-CO","@id":"https:\/\/www.peanutoem.com\/manufacturer\/roasted-blanched-peanut\/#primaryimage","url":"https:\/\/www.peanutoem.com\/wp-content\/uploads\/2024\/09\/Whole-Roast-Blanched-Peanut-.webp","contentUrl":"https:\/\/www.peanutoem.com\/wp-content\/uploads\/2024\/09\/Whole-Roast-Blanched-Peanut-.webp","width":1000,"height":1000,"caption":"Whole Roast Blanched Peanut"},{"@type":"BreadcrumbList","@id":"https:\/\/www.peanutoem.com\/manufacturer\/roasted-blanched-peanut\/#breadcrumb","itemListElement":[{"@type":"ListItem","position":1,"name":"Home","item":"https:\/\/www.peanutoem.com\/"},{"@type":"ListItem","position":2,"name":"Products","item":"https:\/\/www.peanutoem.com\/shop\/"},{"@type":"ListItem","position":3,"name":"Roasted Blanched Peanut"}]},{"@type":"WebSite","@id":"https:\/\/www.peanutoem.com\/#website","url":"https:\/\/www.peanutoem.com\/","name":"Peanut Butter Factory","description":"Peanut Butter Manufacturer and Roast Peanut OEM Factory | Peanut Private Label China Supplier","publisher":{"@id":"https:\/\/www.peanutoem.com\/#organization"},"alternateName":"Peanut Butter OEM and Wholesale","potentialAction":[{"@type":"SearchAction","target":{"@type":"EntryPoint","urlTemplate":"https:\/\/www.peanutoem.com\/?s={search_term_string}"},"query-input":{"@type":"PropertyValueSpecification","valueRequired":true,"valueName":"search_term_string"}}],"inLanguage":"es-CO"},{"@type":"Organization","@id":"https:\/\/www.peanutoem.com\/#organization","name":"Peanut Butter Factory","alternateName":"JuFeng Group","url":"https:\/\/www.peanutoem.com\/","logo":{"@type":"ImageObject","inLanguage":"es-CO","@id":"https:\/\/www.peanutoem.com\/#\/schema\/logo\/image\/","url":"https:\/\/www.peanutoem.com\/wp-content\/uploads\/2024\/09\/JUFENG-LOGO.png","contentUrl":"https:\/\/www.peanutoem.com\/wp-content\/uploads\/2024\/09\/JUFENG-LOGO.png","width":600,"height":170,"caption":"Peanut Butter Factory"},"image":{"@id":"https:\/\/www.peanutoem.com\/#\/schema\/logo\/image\/"}}]}},"_links":{"self":[{"href":"https:\/\/www.peanutoem.com\/es_co\/wp-json\/wp\/v2\/product\/1554","targetHints":{"allow":["GET"]}}],"collection":[{"href":"https:\/\/www.peanutoem.com\/es_co\/wp-json\/wp\/v2\/product"}],"about":[{"href":"https:\/\/www.peanutoem.com\/es_co\/wp-json\/wp\/v2\/types\/product"}],"replies":[{"embeddable":true,"href":"https:\/\/www.peanutoem.com\/es_co\/wp-json\/wp\/v2\/comments?post=1554"}],"wp:featuredmedia":[{"embeddable":true,"href":"https:\/\/www.peanutoem.com\/es_co\/wp-json\/wp\/v2\/media\/1701"}],"wp:attachment":[{"href":"https:\/\/www.peanutoem.com\/es_co\/wp-json\/wp\/v2\/media?parent=1554"}],"wp:term":[{"taxonomy":"product_cat","embeddable":true,"href":"https:\/\/www.peanutoem.com\/es_co\/wp-json\/wp\/v2\/product_cat?post=1554"},{"taxonomy":"product_tag","embeddable":true,"href":"https:\/\/www.peanutoem.com\/es_co\/wp-json\/wp\/v2\/product_tag?post=1554"}],"curies":[{"name":"wp","href":"https:\/\/api.w.org\/{rel}","templated":true}]}}