{"id":1556,"date":"2024-09-02T14:00:57","date_gmt":"2024-09-02T14:00:57","guid":{"rendered":"https:\/\/www.peanutoem.com\/?post_type=product&#038;p=1556"},"modified":"2024-09-28T04:23:49","modified_gmt":"2024-09-28T04:23:49","slug":"roasted-peanut-powder","status":"publish","type":"product","link":"https:\/\/www.peanutoem.com\/es_co\/manufacturer\/roasted-peanut-powder\/","title":{"rendered":"Polvo de man\u00ed tostado"},"content":{"rendered":"<h3>\u00bfQu\u00e9 es el polvo de man\u00ed tostado?<\/h3>\n<p>El polvo de man\u00ed tostado se elabora moliendo finamente el man\u00ed y mejorando su sabor natural a trav\u00e9s de un <a href=\"https:\/\/en.wikipedia.org\/wiki\/Roasting\" target=\"_blank\" rel=\"noopener\">asado<\/a> Este vers\u00e1til ingrediente es popular en la industria alimentaria y se utiliza como componente de primera calidad en bocadillos de man\u00ed, productos horneados, salsas y polvos de prote\u00edna. El proceso de tostado mejora significativamente el aroma a nuez del man\u00ed, lo que lo convierte en un material preferido por los fabricantes de alimentos que buscan un rico sabor a man\u00ed. Su forma en polvo hace que sea f\u00e1cil de incorporar en una variedad de recetas, aportando un rico sabor a los alimentos sin la necesidad de agua adicional.<\/p>\n<h3><img loading=\"lazy\" decoding=\"async\" class=\"alignnone wp-image-1719 size-full\" src=\"https:\/\/www.peanutoem.com\/wp-content\/uploads\/2024\/09\/Roasted-Peanut-Powder-in-Pouch.webp\" alt=\"Polvo de man\u00ed tostado en bolsa\" width=\"912\" height=\"1128\" srcset=\"https:\/\/www.peanutoem.com\/wp-content\/uploads\/2024\/09\/Roasted-Peanut-Powder-in-Pouch.webp 912w, https:\/\/www.peanutoem.com\/wp-content\/uploads\/2024\/09\/Roasted-Peanut-Powder-in-Pouch-243x300.webp 243w, https:\/\/www.peanutoem.com\/wp-content\/uploads\/2024\/09\/Roasted-Peanut-Powder-in-Pouch-828x1024.webp 828w, https:\/\/www.peanutoem.com\/wp-content\/uploads\/2024\/09\/Roasted-Peanut-Powder-in-Pouch-768x950.webp 768w, https:\/\/www.peanutoem.com\/wp-content\/uploads\/2024\/09\/Roasted-Peanut-Powder-in-Pouch-10x12.webp 10w, https:\/\/www.peanutoem.com\/wp-content\/uploads\/2024\/09\/Roasted-Peanut-Powder-in-Pouch-600x742.webp 600w\" sizes=\"auto, (max-width: 912px) 100vw, 912px\" \/><\/h3>\n<h3>Nombres alternativos para el polvo de man\u00ed tostado<\/h3>\n<p>El polvo de man\u00ed tostado se conoce con distintos nombres en el mercado. Algunas alternativas comunes incluyen:<\/p>\n<ul>\n<li>Harina de man\u00ed<\/li>\n<li>Polvo de man\u00ed tostado molido<\/li>\n<li>Harina de man\u00ed<\/li>\n<li>Polvo de man\u00ed tostado<\/li>\n<li>Polvo de man\u00ed desgrasado<\/li>\n<\/ul>\n<div class=\"group\/conversation-turn relative flex w-full min-w-0 flex-col agent-turn\">\n<div class=\"flex-col gap-1 md:gap-3\">\n<h3>Temas de actualidad relevantes sobre el polvo de man\u00ed tostado<\/h3>\n<ul>\n<li data-pm-slice=\"0 0 []\"><strong>Aplicaciones para hornear sin gluten:<\/strong> Cada vez m\u00e1s panaderos utilizan polvo de man\u00ed tostado como sustituto de la harina en recetas sin gluten, mejorando tanto el sabor como la nutrici\u00f3n.<\/li>\n<li><strong>Beneficios para la salud:<\/strong> Los consumidores preocupados por la salud encuentran atractivo el polvo de man\u00ed tostado debido a su alto contenido de prote\u00ednas, fibra y grasas saludables.<\/li>\n<li><strong>Demanda creciente de prote\u00ednas de origen vegetal:<\/strong> A medida que crecen las dietas basadas en plantas, el polvo de man\u00ed tostado se convierte en una fuente de prote\u00edna preferida por veganos y vegetarianos.<\/li>\n<li><strong>Aplicaciones para hornear sin gluten:<\/strong> Los panaderos eligen cada vez m\u00e1s el polvo de man\u00ed tostado como sustituto de la harina en recetas sin gluten, potenciando el sabor y la nutrici\u00f3n.<\/li>\n<li><strong>Usos innovadores en la industria alimentaria:<\/strong> Este ingrediente vers\u00e1til mejora el sabor y la textura de diversos productos, desde barras energ\u00e9ticas hasta salsas.<\/li>\n<li><strong>Oportunidades de marca privada:<\/strong> Muchas marcas est\u00e1n optando por productos de man\u00ed de marca privada, ofreciendo soluciones personalizadas de polvo de man\u00ed tostado con nosotros como socio OEM de confianza.<\/li>\n<\/ul>\n<h3 class=\"flex max-w-full flex-col flex-grow\"><span style=\"font-size: 20.16px;\">Como l\u00edder de confianza en la industria de procesamiento de man\u00ed, ofrecemos polvo de man\u00ed tostado de primera calidad para diversas aplicaciones. As\u00ed es como nos destacamos:<\/span><\/h3>\n<ul>\n<li><strong>Producci\u00f3n de \u00faltima generaci\u00f3n:<\/strong> Nuestras l\u00edneas de producci\u00f3n avanzadas garantizan un polvo de man\u00ed tostado de alta calidad con tama\u00f1o de part\u00edcula y sabor consistentes.<\/li>\n<li><strong>Soluciones personalizadas:<\/strong> Como fabricante OEM, ofrecemos servicios de marca privada, niveles de tostado personalizados y opciones de empaque flexibles para satisfacer sus necesidades \u00fanicas.<\/li>\n<li><strong>Control de calidad estricto:<\/strong> Defendemos los m\u00e1s altos est\u00e1ndares de productos a trav\u00e9s de rigurosas pruebas sensoriales, qu\u00edmicas y microbianas en nuestros laboratorios de \u00faltima generaci\u00f3n.<\/li>\n<li><strong>Certificaciones y Cumplimiento:<\/strong> Nuestras certificaciones (BRCGS, HACCP, Halal, Kosher y EU Organic) validan que cumplimos con estrictos est\u00e1ndares de calidad y seguridad.<\/li>\n<li><strong>Experiencia en exportaci\u00f3n global:<\/strong> Con amplia experiencia en log\u00edstica internacional, garantizamos un proceso de exportaci\u00f3n fluido y confiable a los mercados de todo el mundo.<\/li>\n<li><strong>Compromiso de sostenibilidad:<\/strong> Priorizamos el abastecimiento sostenible y las pr\u00e1cticas de producci\u00f3n ecol\u00f3gicas, contribuyendo a un mejor futuro para la industria del man\u00ed.<\/li>\n<\/ul>\n<h3>\u00bfPor qu\u00e9 elegirnos?<\/h3>\n<ul>\n<li><strong>Primera opci\u00f3n:<\/strong> Nuestra tecnolog\u00eda de vanguardia, opciones de personalizaci\u00f3n y certificaciones globales nos convierten en un proveedor l\u00edder.<\/li>\n<li><strong>Embalaje personalizado:<\/strong> Ofrecemos servicios de marca privada para adaptar su embalaje y marca a sus especificaciones.<\/li>\n<li><strong>Garant\u00eda de frescura:<\/strong> Nuestras instalaciones de almacenamiento con temperatura controlada mantienen la frescura del producto durante el almacenamiento y el env\u00edo.<\/li>\n<li><strong>Niveles de tostado:<\/strong> Disfrute de niveles de tostado personalizables, de claro a oscuro, dise\u00f1ados para adaptarse a sus preferencias de sabor.<\/li>\n<li><strong>Pedidos al por mayor:<\/strong> Comun\u00edquese con nuestro equipo de ventas para discutir y satisfacer f\u00e1cilmente sus necesidades de pedidos al por mayor.<\/li>\n<li><strong>Aplicaciones industriales:<\/strong> Nuestro polvo de man\u00ed tostado es popular en panader\u00eda, fabricaci\u00f3n de snacks, suplementos proteicos, salsas y saborizantes.<\/li>\n<li><strong>Sin gluten:<\/strong> Naturalmente libre de gluten, es una excelente opci\u00f3n para productos alimenticios sin gluten.<\/li>\n<li><strong>Muestras disponibles:<\/strong> Proporcionamos muestras a posibles clientes para que puedan evaluar la calidad e idoneidad de nuestro producto.<\/li>\n<li><strong>Alcance global:<\/strong> Exportamos a mercados de Am\u00e9rica del Norte, Europa, Asia y Medio Oriente, lo que garantiza una s\u00f3lida red de suministro internacional.<\/li>\n<\/ul>\n<a href=\"mailto:globepeanut@gmail.com\" class=\"button primary is-primary is-medium\"  >\n    <span>Env\u00edenos un correo electr\u00f3nico<\/span>\n  <\/a>\n\n<\/div>\n<\/div>","protected":false},"excerpt":{"rendered":"<p>Somos fabricante y proveedor de polvo de man\u00ed tostado en China<\/p>\n<p>\u2013 Cantidad m\u00ednima de pedido: 1 tonelada<br \/>\n\u2013 Servicio OEM\/ODM ofrecido<br \/>\n\u2013 Muestra gratuita disponible<br \/>\n\u2013 Aceptar personalizaci\u00f3n (especificaciones, tama\u00f1os, color, dise\u00f1o, etc.)<br \/>\n\u2013 Especificaciones (14 mallas m\u00e1s peque\u00f1as o seg\u00fan sus necesidades)<\/p>\n<p>Si desea obtener polvo de man\u00ed tostado, p\u00f3ngase en contacto con nosotros.<\/p>","protected":false},"featured_media":1714,"comment_status":"open","ping_status":"closed","template":"","meta":[],"product_cat":[37],"product_tag":[],"class_list":{"0":"post-1556","1":"product","2":"type-product","3":"status-publish","4":"has-post-thumbnail","6":"product_cat-roasted-peanut","8":"first","9":"instock","10":"shipping-taxable","11":"product-type-simple"},"yoast_head":"<!-- This site is optimized with the Yoast SEO plugin v24.9 - https:\/\/yoast.com\/wordpress\/plugins\/seo\/ -->\n<title>Roasted Peanut Powder Manufacturer - Peanut Butter Factory<\/title>\n<meta name=\"description\" content=\"We are a top OEM, private label manufacturer, and exporter of premium Roasted Peanut Powder, offering quality solutions globally.\" \/>\n<meta name=\"robots\" content=\"index, follow, max-snippet:-1, max-image-preview:large, max-video-preview:-1\" \/>\n<link rel=\"canonical\" href=\"https:\/\/www.peanutoem.com\/es_co\/manufacturer\/roasted-peanut-powder\/\" \/>\n<meta property=\"og:locale\" content=\"es_ES\" \/>\n<meta property=\"og:type\" content=\"article\" \/>\n<meta property=\"og:title\" content=\"Roasted Peanut Powder Manufacturer - Peanut Butter Factory\" \/>\n<meta property=\"og:description\" content=\"We are a top OEM, private label manufacturer, and exporter of premium Roasted Peanut Powder, offering quality solutions globally.\" \/>\n<meta property=\"og:url\" content=\"https:\/\/www.peanutoem.com\/es_co\/manufacturer\/roasted-peanut-powder\/\" \/>\n<meta property=\"og:site_name\" content=\"Peanut Butter Factory\" \/>\n<meta property=\"article:modified_time\" content=\"2024-09-28T04:23:49+00:00\" \/>\n<meta property=\"og:image\" content=\"https:\/\/www.peanutoem.com\/wp-content\/uploads\/2024\/09\/Roasted-Peanut-Powder.webp\" \/>\n\t<meta property=\"og:image:width\" content=\"551\" \/>\n\t<meta property=\"og:image:height\" content=\"472\" \/>\n\t<meta property=\"og:image:type\" content=\"image\/webp\" \/>\n<meta name=\"twitter:card\" content=\"summary_large_image\" \/>\n<meta name=\"twitter:label1\" content=\"Tiempo de lectura\" \/>\n\t<meta name=\"twitter:data1\" content=\"3 minutos\" \/>\n<script type=\"application\/ld+json\" class=\"yoast-schema-graph\">{\"@context\":\"https:\/\/schema.org\",\"@graph\":[{\"@type\":\"WebPage\",\"@id\":\"https:\/\/www.peanutoem.com\/manufacturer\/roasted-peanut-powder\/\",\"url\":\"https:\/\/www.peanutoem.com\/manufacturer\/roasted-peanut-powder\/\",\"name\":\"Roasted Peanut Powder Manufacturer - Peanut Butter Factory\",\"isPartOf\":{\"@id\":\"https:\/\/www.peanutoem.com\/#website\"},\"primaryImageOfPage\":{\"@id\":\"https:\/\/www.peanutoem.com\/manufacturer\/roasted-peanut-powder\/#primaryimage\"},\"image\":{\"@id\":\"https:\/\/www.peanutoem.com\/manufacturer\/roasted-peanut-powder\/#primaryimage\"},\"thumbnailUrl\":\"https:\/\/www.peanutoem.com\/wp-content\/uploads\/2024\/09\/Roasted-Peanut-Powder.webp\",\"datePublished\":\"2024-09-02T14:00:57+00:00\",\"dateModified\":\"2024-09-28T04:23:49+00:00\",\"description\":\"We are a top OEM, private label manufacturer, and exporter of premium Roasted Peanut Powder, offering quality solutions globally.\",\"breadcrumb\":{\"@id\":\"https:\/\/www.peanutoem.com\/manufacturer\/roasted-peanut-powder\/#breadcrumb\"},\"inLanguage\":\"es-CO\",\"potentialAction\":[{\"@type\":\"ReadAction\",\"target\":[\"https:\/\/www.peanutoem.com\/manufacturer\/roasted-peanut-powder\/\"]}]},{\"@type\":\"ImageObject\",\"inLanguage\":\"es-CO\",\"@id\":\"https:\/\/www.peanutoem.com\/manufacturer\/roasted-peanut-powder\/#primaryimage\",\"url\":\"https:\/\/www.peanutoem.com\/wp-content\/uploads\/2024\/09\/Roasted-Peanut-Powder.webp\",\"contentUrl\":\"https:\/\/www.peanutoem.com\/wp-content\/uploads\/2024\/09\/Roasted-Peanut-Powder.webp\",\"width\":551,\"height\":472,\"caption\":\"Roasted Peanut Powder\"},{\"@type\":\"BreadcrumbList\",\"@id\":\"https:\/\/www.peanutoem.com\/manufacturer\/roasted-peanut-powder\/#breadcrumb\",\"itemListElement\":[{\"@type\":\"ListItem\",\"position\":1,\"name\":\"Home\",\"item\":\"https:\/\/www.peanutoem.com\/\"},{\"@type\":\"ListItem\",\"position\":2,\"name\":\"Products\",\"item\":\"https:\/\/www.peanutoem.com\/shop\/\"},{\"@type\":\"ListItem\",\"position\":3,\"name\":\"Roasted Peanut Powder\"}]},{\"@type\":\"WebSite\",\"@id\":\"https:\/\/www.peanutoem.com\/#website\",\"url\":\"https:\/\/www.peanutoem.com\/\",\"name\":\"Peanut Butter Factory\",\"description\":\"Peanut Butter Manufacturer and Roast Peanut OEM Factory | Peanut Private Label China Supplier\",\"publisher\":{\"@id\":\"https:\/\/www.peanutoem.com\/#organization\"},\"alternateName\":\"Peanut Butter OEM and Wholesale\",\"potentialAction\":[{\"@type\":\"SearchAction\",\"target\":{\"@type\":\"EntryPoint\",\"urlTemplate\":\"https:\/\/www.peanutoem.com\/?s={search_term_string}\"},\"query-input\":{\"@type\":\"PropertyValueSpecification\",\"valueRequired\":true,\"valueName\":\"search_term_string\"}}],\"inLanguage\":\"es-CO\"},{\"@type\":\"Organization\",\"@id\":\"https:\/\/www.peanutoem.com\/#organization\",\"name\":\"Peanut Butter Factory\",\"alternateName\":\"JuFeng Group\",\"url\":\"https:\/\/www.peanutoem.com\/\",\"logo\":{\"@type\":\"ImageObject\",\"inLanguage\":\"es-CO\",\"@id\":\"https:\/\/www.peanutoem.com\/#\/schema\/logo\/image\/\",\"url\":\"https:\/\/www.peanutoem.com\/wp-content\/uploads\/2024\/09\/JUFENG-LOGO.png\",\"contentUrl\":\"https:\/\/www.peanutoem.com\/wp-content\/uploads\/2024\/09\/JUFENG-LOGO.png\",\"width\":600,\"height\":170,\"caption\":\"Peanut Butter Factory\"},\"image\":{\"@id\":\"https:\/\/www.peanutoem.com\/#\/schema\/logo\/image\/\"}}]}<\/script>\n<!-- \/ Yoast SEO plugin. -->","yoast_head_json":{"title":"Roasted Peanut Powder Manufacturer - Peanut Butter Factory","description":"We are a top OEM, private label manufacturer, and exporter of premium Roasted Peanut Powder, offering quality solutions globally.","robots":{"index":"index","follow":"follow","max-snippet":"max-snippet:-1","max-image-preview":"max-image-preview:large","max-video-preview":"max-video-preview:-1"},"canonical":"https:\/\/www.peanutoem.com\/es_co\/manufacturer\/roasted-peanut-powder\/","og_locale":"es_ES","og_type":"article","og_title":"Roasted Peanut Powder Manufacturer - Peanut Butter Factory","og_description":"We are a top OEM, private label manufacturer, and exporter of premium Roasted Peanut Powder, offering quality solutions globally.","og_url":"https:\/\/www.peanutoem.com\/es_co\/manufacturer\/roasted-peanut-powder\/","og_site_name":"Peanut Butter Factory","article_modified_time":"2024-09-28T04:23:49+00:00","og_image":[{"width":551,"height":472,"url":"https:\/\/www.peanutoem.com\/wp-content\/uploads\/2024\/09\/Roasted-Peanut-Powder.webp","type":"image\/webp"}],"twitter_card":"summary_large_image","twitter_misc":{"Tiempo de lectura":"3 minutos"},"schema":{"@context":"https:\/\/schema.org","@graph":[{"@type":"WebPage","@id":"https:\/\/www.peanutoem.com\/manufacturer\/roasted-peanut-powder\/","url":"https:\/\/www.peanutoem.com\/manufacturer\/roasted-peanut-powder\/","name":"Roasted Peanut Powder Manufacturer - Peanut Butter Factory","isPartOf":{"@id":"https:\/\/www.peanutoem.com\/#website"},"primaryImageOfPage":{"@id":"https:\/\/www.peanutoem.com\/manufacturer\/roasted-peanut-powder\/#primaryimage"},"image":{"@id":"https:\/\/www.peanutoem.com\/manufacturer\/roasted-peanut-powder\/#primaryimage"},"thumbnailUrl":"https:\/\/www.peanutoem.com\/wp-content\/uploads\/2024\/09\/Roasted-Peanut-Powder.webp","datePublished":"2024-09-02T14:00:57+00:00","dateModified":"2024-09-28T04:23:49+00:00","description":"We are a top OEM, private label manufacturer, and exporter of premium Roasted Peanut Powder, offering quality solutions globally.","breadcrumb":{"@id":"https:\/\/www.peanutoem.com\/manufacturer\/roasted-peanut-powder\/#breadcrumb"},"inLanguage":"es-CO","potentialAction":[{"@type":"ReadAction","target":["https:\/\/www.peanutoem.com\/manufacturer\/roasted-peanut-powder\/"]}]},{"@type":"ImageObject","inLanguage":"es-CO","@id":"https:\/\/www.peanutoem.com\/manufacturer\/roasted-peanut-powder\/#primaryimage","url":"https:\/\/www.peanutoem.com\/wp-content\/uploads\/2024\/09\/Roasted-Peanut-Powder.webp","contentUrl":"https:\/\/www.peanutoem.com\/wp-content\/uploads\/2024\/09\/Roasted-Peanut-Powder.webp","width":551,"height":472,"caption":"Roasted Peanut Powder"},{"@type":"BreadcrumbList","@id":"https:\/\/www.peanutoem.com\/manufacturer\/roasted-peanut-powder\/#breadcrumb","itemListElement":[{"@type":"ListItem","position":1,"name":"Home","item":"https:\/\/www.peanutoem.com\/"},{"@type":"ListItem","position":2,"name":"Products","item":"https:\/\/www.peanutoem.com\/shop\/"},{"@type":"ListItem","position":3,"name":"Roasted Peanut Powder"}]},{"@type":"WebSite","@id":"https:\/\/www.peanutoem.com\/#website","url":"https:\/\/www.peanutoem.com\/","name":"Peanut Butter Factory","description":"Peanut Butter Manufacturer and Roast Peanut OEM Factory | Peanut Private Label China Supplier","publisher":{"@id":"https:\/\/www.peanutoem.com\/#organization"},"alternateName":"Peanut Butter OEM and Wholesale","potentialAction":[{"@type":"SearchAction","target":{"@type":"EntryPoint","urlTemplate":"https:\/\/www.peanutoem.com\/?s={search_term_string}"},"query-input":{"@type":"PropertyValueSpecification","valueRequired":true,"valueName":"search_term_string"}}],"inLanguage":"es-CO"},{"@type":"Organization","@id":"https:\/\/www.peanutoem.com\/#organization","name":"Peanut Butter Factory","alternateName":"JuFeng Group","url":"https:\/\/www.peanutoem.com\/","logo":{"@type":"ImageObject","inLanguage":"es-CO","@id":"https:\/\/www.peanutoem.com\/#\/schema\/logo\/image\/","url":"https:\/\/www.peanutoem.com\/wp-content\/uploads\/2024\/09\/JUFENG-LOGO.png","contentUrl":"https:\/\/www.peanutoem.com\/wp-content\/uploads\/2024\/09\/JUFENG-LOGO.png","width":600,"height":170,"caption":"Peanut Butter Factory"},"image":{"@id":"https:\/\/www.peanutoem.com\/#\/schema\/logo\/image\/"}}]}},"_links":{"self":[{"href":"https:\/\/www.peanutoem.com\/es_co\/wp-json\/wp\/v2\/product\/1556","targetHints":{"allow":["GET"]}}],"collection":[{"href":"https:\/\/www.peanutoem.com\/es_co\/wp-json\/wp\/v2\/product"}],"about":[{"href":"https:\/\/www.peanutoem.com\/es_co\/wp-json\/wp\/v2\/types\/product"}],"replies":[{"embeddable":true,"href":"https:\/\/www.peanutoem.com\/es_co\/wp-json\/wp\/v2\/comments?post=1556"}],"wp:featuredmedia":[{"embeddable":true,"href":"https:\/\/www.peanutoem.com\/es_co\/wp-json\/wp\/v2\/media\/1714"}],"wp:attachment":[{"href":"https:\/\/www.peanutoem.com\/es_co\/wp-json\/wp\/v2\/media?parent=1556"}],"wp:term":[{"taxonomy":"product_cat","embeddable":true,"href":"https:\/\/www.peanutoem.com\/es_co\/wp-json\/wp\/v2\/product_cat?post=1556"},{"taxonomy":"product_tag","embeddable":true,"href":"https:\/\/www.peanutoem.com\/es_co\/wp-json\/wp\/v2\/product_tag?post=1556"}],"curies":[{"name":"wp","href":"https:\/\/api.w.org\/{rel}","templated":true}]}}