{"id":1638,"date":"2024-09-10T12:30:11","date_gmt":"2024-09-10T12:30:11","guid":{"rendered":"https:\/\/www.peanutoem.com\/?post_type=product&#038;p=1638"},"modified":"2024-10-06T09:55:00","modified_gmt":"2024-10-06T09:55:00","slug":"chocolate-peanut-butter","status":"publish","type":"product","link":"https:\/\/www.peanutoem.com\/es_co\/manufacturer\/chocolate-peanut-butter\/","title":{"rendered":"Mantequilla de man\u00ed con chocolate"},"content":{"rendered":"<h3>\u00bfQu\u00e9 es la mantequilla de man\u00ed con chocolate?<\/h3>\n<p>La mantequilla de man\u00ed con chocolate es una deliciosa fusi\u00f3n de mantequilla de man\u00ed cremosa y rica <a href=\"https:\/\/en.wikipedia.org\/wiki\/Chocolate\" target=\"_blank\" rel=\"noopener\">chocolate<\/a>, creando una pasta dulce y sabrosa que satisface una amplia gama de preferencias de gustos. Esta deliciosa mezcla es perfecta para untar en pan, usar en postres o simplemente disfrutarla a cucharadas. La combinaci\u00f3n de man\u00ed y chocolate ofrece un bocadillo equilibrado que satisface tanto a los entusiastas de la mantequilla de nueces como a los amantes del chocolate.<\/p>\n<h3>\u00bfCu\u00e1les son otros nombres para el chocolate en la mantequilla de man\u00ed?<\/h3>\n<p>La mantequilla de man\u00ed con chocolate suele recibir distintos nombres seg\u00fan su sabor y uso. Algunos nombres alternativos son:<\/p>\n<ul>\n<li>Mantequilla de man\u00ed con sabor a chocolate<\/li>\n<li>Crema de manteca de man\u00ed y cacao<\/li>\n<li>Mantequilla de man\u00ed y cacao<\/li>\n<li>Crema de chocolate y man\u00ed<\/li>\n<li>Mantequilla de man\u00ed con chocolate<\/li>\n<li>Crema de chocolate y nueces<\/li>\n<li>Mantequilla de man\u00ed con infusi\u00f3n de chocolate<\/li>\n<li>Crema de chocolate y nueces<\/li>\n<\/ul>\n<p>Estos nombres resaltan la deliciosa mezcla de chocolate y mantequilla de man\u00ed, haci\u00e9ndolo atractivo para los consumidores de varios mercados.<\/p>\n<h3><img loading=\"lazy\" decoding=\"async\" class=\"alignnone wp-image-1682 size-full\" src=\"https:\/\/www.peanutoem.com\/wp-content\/uploads\/2024\/09\/Chocolate-Peanut-Butter-on-Bread.webp\" alt=\"Pan con mantequilla de man\u00ed y chocolate\" width=\"912\" height=\"1144\" srcset=\"https:\/\/www.peanutoem.com\/wp-content\/uploads\/2024\/09\/Chocolate-Peanut-Butter-on-Bread.webp 912w, https:\/\/www.peanutoem.com\/wp-content\/uploads\/2024\/09\/Chocolate-Peanut-Butter-on-Bread-239x300.webp 239w, https:\/\/www.peanutoem.com\/wp-content\/uploads\/2024\/09\/Chocolate-Peanut-Butter-on-Bread-816x1024.webp 816w, https:\/\/www.peanutoem.com\/wp-content\/uploads\/2024\/09\/Chocolate-Peanut-Butter-on-Bread-768x963.webp 768w, https:\/\/www.peanutoem.com\/wp-content\/uploads\/2024\/09\/Chocolate-Peanut-Butter-on-Bread-10x12.webp 10w, https:\/\/www.peanutoem.com\/wp-content\/uploads\/2024\/09\/Chocolate-Peanut-Butter-on-Bread-600x753.webp 600w\" sizes=\"auto, (max-width: 912px) 100vw, 912px\" \/><\/h3>\n<h3>\u00bfPor qu\u00e9 elegirnos como su proveedor asociado?<\/h3>\n<p>Somos el principal fabricante y exportador de marcas privadas OEM de mantequilla de man\u00ed con chocolate.<\/p>\n<ul>\n<li><strong>Experiencia en personalizaci\u00f3n:<\/strong> Ofrecemos formulaciones totalmente personalizadas para adaptarse a sus requisitos espec\u00edficos de sabor, textura y envasado.<\/li>\n<li><strong>Ingredientes Premium:<\/strong> Utilizando \u00fanicamente cacahuetes y chocolate de la mejor calidad.<\/li>\n<li><strong>Fabricaci\u00f3n avanzada:<\/strong> Nuestras instalaciones de \u00faltima generaci\u00f3n est\u00e1n equipadas con l\u00edneas de producci\u00f3n modernas de EE. UU., lo que garantiza una calidad y eficiencia constantes en cada lote.<\/li>\n<li><strong>Certificaciones y Garant\u00eda de Calidad:<\/strong> Contamos con una variedad de certificaciones, incluidas BRCGS, Kosher, Halal y HACCP, garantizando el cumplimiento de los est\u00e1ndares internacionales de seguridad y calidad.<\/li>\n<li><strong>Distribuci\u00f3n global:<\/strong> Con una amplia experiencia en comercio internacional, exportamos mantequilla de man\u00ed con chocolate a mercados de todo el mundo, garantizando una log\u00edstica fluida y entregas oportunas.<\/li>\n<\/ul>\n<h3>Temas de actualidad<\/h3>\n<div class=\"group\/conversation-turn relative flex w-full min-w-0 flex-col agent-turn\">\n<div class=\"flex-col gap-1 md:gap-3\">\n<div class=\"flex max-w-full flex-col flex-grow\">\n<div class=\"min-h-8 text-message flex w-full flex-col items-end gap-2 whitespace-normal break-words [.text-message+&amp;]:mt-5\" dir=\"auto\" data-message-author-role=\"assistant\" data-message-id=\"61c5f9c1-377c-4081-b461-888734723e68\">\n<div class=\"flex w-full flex-col gap-1 empty:hidden first:pt-[3px]\">\n<div class=\"markdown prose w-full break-words dark:prose-invert dark\">\n<ul>\n<li><span style=\"color: #282828;\"><strong>En postres<\/strong><\/span><br \/>\n<span style=\"color: #282828;\">La mantequilla de man\u00ed con chocolate es un ingrediente vers\u00e1til que mejora significativamente la calidad y el sabor de postres como tortas, brownies y helados. Su textura cremosa y rico sabor la convierten en un excelente acompa\u00f1ante para productos horneados y dulces.<\/span><\/li>\n<li><span style=\"color: #282828;\"><strong>Beneficios para la salud<\/strong><\/span><br \/>\n<span style=\"color: #282828;\">Adem\u00e1s de su irresistible exquisitez, esta crema para untar es rica en prote\u00ednas, grasas saludables y fibra, lo que aporta un aporte nutricional al organismo. Al estar elaborada con chocolate negro, le aporta propiedades antioxidantes, lo que le da al producto un atractivo saludable que atrae a los consumidores preocupados por su salud.<\/span><\/li>\n<li><span style=\"color: #282828;\"><strong>Popularidad mundial<\/strong><\/span><br \/>\n<span style=\"color: #282828;\">A medida que los consumidores buscan cada vez m\u00e1s snacks que satisfagan sus papilas gustativas y que, al mismo tiempo, sean nutritivos, la mantequilla de man\u00ed con chocolate ha ganado una inmensa popularidad en el mercado global. Combina con \u00e9xito sabor y nutrici\u00f3n, gan\u00e1ndose la admiraci\u00f3n generalizada tanto de ni\u00f1os como de adultos.<\/span><\/li>\n<li><span style=\"color: #282828;\"><strong>Usos creativos<\/strong><\/span><br \/>\n<span style=\"color: #282828;\">M\u00e1s all\u00e1 de las combinaciones tradicionales como tostadas o s\u00e1ndwiches, este ingrediente se puede incorporar de forma creativa en batidos, barras energ\u00e9ticas o usarse como relleno para pasteles. Su singular adaptabilidad de sabor le permite brillar tanto en platos dulces como salados, lo que lo convierte en un b\u00e1sico en muchas cocinas dom\u00e9sticas.<\/span><\/li>\n<\/ul>\n<\/div>\n<\/div>\n<\/div>\n<\/div>\n<\/div>\n<\/div>\n<hr \/>\n<h3><img loading=\"lazy\" decoding=\"async\" class=\"alignnone wp-image-1683 size-full\" src=\"https:\/\/www.peanutoem.com\/wp-content\/uploads\/2024\/09\/Chocolate-Peanut-Butter-Served.webp\" alt=\"Mantequilla de man\u00ed con chocolate servida\" width=\"896\" height=\"1152\" srcset=\"https:\/\/www.peanutoem.com\/wp-content\/uploads\/2024\/09\/Chocolate-Peanut-Butter-Served.webp 896w, https:\/\/www.peanutoem.com\/wp-content\/uploads\/2024\/09\/Chocolate-Peanut-Butter-Served-233x300.webp 233w, https:\/\/www.peanutoem.com\/wp-content\/uploads\/2024\/09\/Chocolate-Peanut-Butter-Served-796x1024.webp 796w, https:\/\/www.peanutoem.com\/wp-content\/uploads\/2024\/09\/Chocolate-Peanut-Butter-Served-768x987.webp 768w, https:\/\/www.peanutoem.com\/wp-content\/uploads\/2024\/09\/Chocolate-Peanut-Butter-Served-9x12.webp 9w, https:\/\/www.peanutoem.com\/wp-content\/uploads\/2024\/09\/Chocolate-Peanut-Butter-Served-600x771.webp 600w\" sizes=\"auto, (max-width: 896px) 100vw, 896px\" \/><\/h3>\n<h3>Preguntas frecuentes sobre mantequilla de man\u00ed y chocolate<\/h3>\n<ol>\n<li><strong>Como fabricante OEM l\u00edder, \u00bfcu\u00e1l es su principal ventaja competitiva?<\/strong><br \/>\nNos destacamos porque ofrecemos diversos servicios de personalizaci\u00f3n, seleccionamos ingredientes de alta calidad y utilizamos tecnolog\u00eda de producci\u00f3n avanzada. Esto garantiza que cada lote de mantequilla de man\u00ed se destaque en el mercado y satisfaga las necesidades \u00fanicas de nuestros clientes.<\/li>\n<li><strong>\u00bfPuedes ajustar la proporci\u00f3n de chocolate y man\u00ed seg\u00fan mis especificaciones y crear una f\u00f3rmula personalizada para mi marca?<\/strong><br \/>\n\u00a1Por supuesto! Ofrecemos servicios integrales de personalizaci\u00f3n de sabores para ayudarlo a encontrar el equilibrio perfecto entre chocolate y man\u00ed, y al mismo tiempo desarrollar una f\u00f3rmula \u00fanica que mejore la competitividad de su marca en el mercado.<\/li>\n<li><strong>\u00bfQu\u00e9 opciones de embalaje ofrecen?<\/strong><br \/>\nOfrecemos una variedad de soluciones de embalaje, incluidos elegantes frascos, pr\u00e1cticas bolsas exprimibles y contenedores a granel adecuados para el almacenamiento a gran escala. Todos los embalajes se pueden personalizar para reflejar la identidad de su marca y su estrategia de marketing.<\/li>\n<li><strong>\u00bfOfrecen mantequilla de man\u00ed con chocolate org\u00e1nico y c\u00f3mo garantizan la calidad del producto?<\/strong><br \/>\nS\u00ed, producimos mantequilla de man\u00ed con certificaci\u00f3n org\u00e1nica de la UE, elaborada con ingredientes que cumplen con los est\u00e1ndares org\u00e1nicos. Adem\u00e1s, hemos establecido un riguroso sistema de gesti\u00f3n de calidad, que incluye pruebas de laboratorio internas, para garantizar que cada lote cumpla con los m\u00e1s altos est\u00e1ndares de sabor, textura y seguridad.<\/li>\n<li><strong>\u00bfPuedo solicitar muestras para degustaci\u00f3n antes de realizar un pedido grande? \u00bfApoyan las exportaciones globales?<\/strong><br \/>\n\u00a1Por supuesto! Nos complace proporcionarle lotes de muestra para que los eval\u00fae antes de la producci\u00f3n completa. Adem\u00e1s, contamos con una amplia experiencia en exportaciones globales, lo que garantiza que sus productos lleguen de manera segura y a tiempo a cualquier parte del mundo.<\/li>\n<\/ol>\n<a href=\"mailto:globepeanut@gmail.com\" class=\"button primary is-primary is-medium\"  >\n    <span>Env\u00edenos un correo electr\u00f3nico<\/span>\n  <\/a>","protected":false},"excerpt":{"rendered":"<table width=\"564\">\n<tbody>\n<tr>\n<td width=\"113\"><strong>Nombre del producto<\/strong><\/td>\n<td width=\"402\">Mantequilla de man\u00ed con chocolate<\/td>\n<\/tr>\n<tr>\n<td width=\"113\"><strong>Presupuesto<\/strong><\/td>\n<td width=\"402\">200 g x 36, 227 g x 24, 340 g x 12, 375 g x 12, 500 g x 12, 510 g x 12, 1 kg x 12, 10 kg x 1, 20 kg x 1, 220 kg x 1<\/td>\n<\/tr>\n<tr>\n<td width=\"113\"><strong>Forma de embalaje<\/strong><\/td>\n<td width=\"402\">Tarro, balde, envase tipo doy, bolsa, cart\u00f3n, lata, barril, lata, botella, etc.<\/td>\n<\/tr>\n<tr>\n<td width=\"113\"><strong>El tiempo de entrega<\/strong><\/td>\n<td width=\"402\">7~20 d\u00edas despu\u00e9s del pedido<\/td>\n<\/tr>\n<tr>\n<td width=\"113\"><strong>Cantidad m\u00ednima de pedido<\/strong><\/td>\n<td width=\"402\">Una tonelada<\/td>\n<\/tr>\n<tr>\n<td width=\"113\"><strong>Muestra<\/strong><\/td>\n<td width=\"402\">Muestra gratuita disponible<\/td>\n<\/tr>\n<tr>\n<td width=\"113\"><strong>Fabricante de equipos originales (OEM)<\/strong><\/td>\n<td width=\"402\">Se acepta etiqueta del comprador<\/td>\n<\/tr>\n<\/tbody>\n<\/table>\n<p>&nbsp;<\/p>","protected":false},"featured_media":1671,"comment_status":"open","ping_status":"closed","template":"","meta":[],"product_cat":[15],"product_tag":[],"class_list":{"0":"post-1638","1":"product","2":"type-product","3":"status-publish","4":"has-post-thumbnail","6":"product_cat-peanut-butter","8":"first","9":"instock","10":"shipping-taxable","11":"product-type-simple"},"yoast_head":"<!-- This site is optimized with the Yoast SEO plugin v24.9 - https:\/\/yoast.com\/wordpress\/plugins\/seo\/ -->\n<title>Chocolate Peanut Butter Manufacturer OEM - China Peanut Butter Factory<\/title>\n<meta name=\"description\" content=\"Leading chocolate peanut butter OEM private label manufacturer and exporter. Discover premium, customized chocolate peanut butter from us.\" \/>\n<meta name=\"robots\" content=\"index, follow, max-snippet:-1, max-image-preview:large, max-video-preview:-1\" \/>\n<link rel=\"canonical\" href=\"https:\/\/www.peanutoem.com\/es_co\/manufacturer\/chocolate-peanut-butter\/\" \/>\n<meta property=\"og:locale\" content=\"es_ES\" \/>\n<meta property=\"og:type\" content=\"article\" \/>\n<meta property=\"og:title\" content=\"Chocolate Peanut Butter Manufacturer OEM - China Peanut Butter Factory\" \/>\n<meta property=\"og:description\" content=\"Leading chocolate peanut butter OEM private label manufacturer and exporter. Discover premium, customized chocolate peanut butter from us.\" \/>\n<meta property=\"og:url\" content=\"https:\/\/www.peanutoem.com\/es_co\/manufacturer\/chocolate-peanut-butter\/\" \/>\n<meta property=\"og:site_name\" content=\"Peanut Butter Factory\" \/>\n<meta property=\"article:modified_time\" content=\"2024-10-06T09:55:00+00:00\" \/>\n<meta property=\"og:image\" content=\"https:\/\/www.peanutoem.com\/wp-content\/uploads\/2024\/09\/Peanut-Butter-Chocolate-Flavor.webp\" \/>\n\t<meta property=\"og:image:width\" content=\"819\" \/>\n\t<meta property=\"og:image:height\" content=\"975\" \/>\n\t<meta property=\"og:image:type\" content=\"image\/webp\" \/>\n<meta name=\"twitter:card\" content=\"summary_large_image\" \/>\n<meta name=\"twitter:label1\" content=\"Tiempo de lectura\" \/>\n\t<meta name=\"twitter:data1\" content=\"4 minutos\" \/>\n<script type=\"application\/ld+json\" class=\"yoast-schema-graph\">{\"@context\":\"https:\/\/schema.org\",\"@graph\":[{\"@type\":\"WebPage\",\"@id\":\"https:\/\/www.peanutoem.com\/manufacturer\/chocolate-peanut-butter\/\",\"url\":\"https:\/\/www.peanutoem.com\/manufacturer\/chocolate-peanut-butter\/\",\"name\":\"Chocolate Peanut Butter Manufacturer OEM - China Peanut Butter Factory\",\"isPartOf\":{\"@id\":\"https:\/\/www.peanutoem.com\/#website\"},\"primaryImageOfPage\":{\"@id\":\"https:\/\/www.peanutoem.com\/manufacturer\/chocolate-peanut-butter\/#primaryimage\"},\"image\":{\"@id\":\"https:\/\/www.peanutoem.com\/manufacturer\/chocolate-peanut-butter\/#primaryimage\"},\"thumbnailUrl\":\"https:\/\/www.peanutoem.com\/wp-content\/uploads\/2024\/09\/Peanut-Butter-Chocolate-Flavor.webp\",\"datePublished\":\"2024-09-10T12:30:11+00:00\",\"dateModified\":\"2024-10-06T09:55:00+00:00\",\"description\":\"Leading chocolate peanut butter OEM private label manufacturer and exporter. Discover premium, customized chocolate peanut butter from us.\",\"breadcrumb\":{\"@id\":\"https:\/\/www.peanutoem.com\/manufacturer\/chocolate-peanut-butter\/#breadcrumb\"},\"inLanguage\":\"es-CO\",\"potentialAction\":[{\"@type\":\"ReadAction\",\"target\":[\"https:\/\/www.peanutoem.com\/manufacturer\/chocolate-peanut-butter\/\"]}]},{\"@type\":\"ImageObject\",\"inLanguage\":\"es-CO\",\"@id\":\"https:\/\/www.peanutoem.com\/manufacturer\/chocolate-peanut-butter\/#primaryimage\",\"url\":\"https:\/\/www.peanutoem.com\/wp-content\/uploads\/2024\/09\/Peanut-Butter-Chocolate-Flavor.webp\",\"contentUrl\":\"https:\/\/www.peanutoem.com\/wp-content\/uploads\/2024\/09\/Peanut-Butter-Chocolate-Flavor.webp\",\"width\":819,\"height\":975,\"caption\":\"Peanut Butter Chocolate Flavor\"},{\"@type\":\"BreadcrumbList\",\"@id\":\"https:\/\/www.peanutoem.com\/manufacturer\/chocolate-peanut-butter\/#breadcrumb\",\"itemListElement\":[{\"@type\":\"ListItem\",\"position\":1,\"name\":\"Home\",\"item\":\"https:\/\/www.peanutoem.com\/\"},{\"@type\":\"ListItem\",\"position\":2,\"name\":\"Products\",\"item\":\"https:\/\/www.peanutoem.com\/shop\/\"},{\"@type\":\"ListItem\",\"position\":3,\"name\":\"Chocolate Peanut Butter\"}]},{\"@type\":\"WebSite\",\"@id\":\"https:\/\/www.peanutoem.com\/#website\",\"url\":\"https:\/\/www.peanutoem.com\/\",\"name\":\"Peanut Butter Factory\",\"description\":\"Peanut Butter Manufacturer and Roast Peanut OEM Factory | Peanut Private Label China Supplier\",\"publisher\":{\"@id\":\"https:\/\/www.peanutoem.com\/#organization\"},\"alternateName\":\"Peanut Butter OEM and Wholesale\",\"potentialAction\":[{\"@type\":\"SearchAction\",\"target\":{\"@type\":\"EntryPoint\",\"urlTemplate\":\"https:\/\/www.peanutoem.com\/?s={search_term_string}\"},\"query-input\":{\"@type\":\"PropertyValueSpecification\",\"valueRequired\":true,\"valueName\":\"search_term_string\"}}],\"inLanguage\":\"es-CO\"},{\"@type\":\"Organization\",\"@id\":\"https:\/\/www.peanutoem.com\/#organization\",\"name\":\"Peanut Butter Factory\",\"alternateName\":\"JuFeng Group\",\"url\":\"https:\/\/www.peanutoem.com\/\",\"logo\":{\"@type\":\"ImageObject\",\"inLanguage\":\"es-CO\",\"@id\":\"https:\/\/www.peanutoem.com\/#\/schema\/logo\/image\/\",\"url\":\"https:\/\/www.peanutoem.com\/wp-content\/uploads\/2024\/09\/JUFENG-LOGO.png\",\"contentUrl\":\"https:\/\/www.peanutoem.com\/wp-content\/uploads\/2024\/09\/JUFENG-LOGO.png\",\"width\":600,\"height\":170,\"caption\":\"Peanut Butter Factory\"},\"image\":{\"@id\":\"https:\/\/www.peanutoem.com\/#\/schema\/logo\/image\/\"}}]}<\/script>\n<!-- \/ Yoast SEO plugin. -->","yoast_head_json":{"title":"Chocolate Peanut Butter Manufacturer OEM - China Peanut Butter Factory","description":"Leading chocolate peanut butter OEM private label manufacturer and exporter. Discover premium, customized chocolate peanut butter from us.","robots":{"index":"index","follow":"follow","max-snippet":"max-snippet:-1","max-image-preview":"max-image-preview:large","max-video-preview":"max-video-preview:-1"},"canonical":"https:\/\/www.peanutoem.com\/es_co\/manufacturer\/chocolate-peanut-butter\/","og_locale":"es_ES","og_type":"article","og_title":"Chocolate Peanut Butter Manufacturer OEM - China Peanut Butter Factory","og_description":"Leading chocolate peanut butter OEM private label manufacturer and exporter. Discover premium, customized chocolate peanut butter from us.","og_url":"https:\/\/www.peanutoem.com\/es_co\/manufacturer\/chocolate-peanut-butter\/","og_site_name":"Peanut Butter Factory","article_modified_time":"2024-10-06T09:55:00+00:00","og_image":[{"width":819,"height":975,"url":"https:\/\/www.peanutoem.com\/wp-content\/uploads\/2024\/09\/Peanut-Butter-Chocolate-Flavor.webp","type":"image\/webp"}],"twitter_card":"summary_large_image","twitter_misc":{"Tiempo de lectura":"4 minutos"},"schema":{"@context":"https:\/\/schema.org","@graph":[{"@type":"WebPage","@id":"https:\/\/www.peanutoem.com\/manufacturer\/chocolate-peanut-butter\/","url":"https:\/\/www.peanutoem.com\/manufacturer\/chocolate-peanut-butter\/","name":"Chocolate Peanut Butter Manufacturer OEM - China Peanut Butter Factory","isPartOf":{"@id":"https:\/\/www.peanutoem.com\/#website"},"primaryImageOfPage":{"@id":"https:\/\/www.peanutoem.com\/manufacturer\/chocolate-peanut-butter\/#primaryimage"},"image":{"@id":"https:\/\/www.peanutoem.com\/manufacturer\/chocolate-peanut-butter\/#primaryimage"},"thumbnailUrl":"https:\/\/www.peanutoem.com\/wp-content\/uploads\/2024\/09\/Peanut-Butter-Chocolate-Flavor.webp","datePublished":"2024-09-10T12:30:11+00:00","dateModified":"2024-10-06T09:55:00+00:00","description":"Leading chocolate peanut butter OEM private label manufacturer and exporter. Discover premium, customized chocolate peanut butter from us.","breadcrumb":{"@id":"https:\/\/www.peanutoem.com\/manufacturer\/chocolate-peanut-butter\/#breadcrumb"},"inLanguage":"es-CO","potentialAction":[{"@type":"ReadAction","target":["https:\/\/www.peanutoem.com\/manufacturer\/chocolate-peanut-butter\/"]}]},{"@type":"ImageObject","inLanguage":"es-CO","@id":"https:\/\/www.peanutoem.com\/manufacturer\/chocolate-peanut-butter\/#primaryimage","url":"https:\/\/www.peanutoem.com\/wp-content\/uploads\/2024\/09\/Peanut-Butter-Chocolate-Flavor.webp","contentUrl":"https:\/\/www.peanutoem.com\/wp-content\/uploads\/2024\/09\/Peanut-Butter-Chocolate-Flavor.webp","width":819,"height":975,"caption":"Peanut Butter Chocolate Flavor"},{"@type":"BreadcrumbList","@id":"https:\/\/www.peanutoem.com\/manufacturer\/chocolate-peanut-butter\/#breadcrumb","itemListElement":[{"@type":"ListItem","position":1,"name":"Home","item":"https:\/\/www.peanutoem.com\/"},{"@type":"ListItem","position":2,"name":"Products","item":"https:\/\/www.peanutoem.com\/shop\/"},{"@type":"ListItem","position":3,"name":"Chocolate Peanut Butter"}]},{"@type":"WebSite","@id":"https:\/\/www.peanutoem.com\/#website","url":"https:\/\/www.peanutoem.com\/","name":"Peanut Butter Factory","description":"Peanut Butter Manufacturer and Roast Peanut OEM Factory | Peanut Private Label China Supplier","publisher":{"@id":"https:\/\/www.peanutoem.com\/#organization"},"alternateName":"Peanut Butter OEM and Wholesale","potentialAction":[{"@type":"SearchAction","target":{"@type":"EntryPoint","urlTemplate":"https:\/\/www.peanutoem.com\/?s={search_term_string}"},"query-input":{"@type":"PropertyValueSpecification","valueRequired":true,"valueName":"search_term_string"}}],"inLanguage":"es-CO"},{"@type":"Organization","@id":"https:\/\/www.peanutoem.com\/#organization","name":"Peanut Butter Factory","alternateName":"JuFeng Group","url":"https:\/\/www.peanutoem.com\/","logo":{"@type":"ImageObject","inLanguage":"es-CO","@id":"https:\/\/www.peanutoem.com\/#\/schema\/logo\/image\/","url":"https:\/\/www.peanutoem.com\/wp-content\/uploads\/2024\/09\/JUFENG-LOGO.png","contentUrl":"https:\/\/www.peanutoem.com\/wp-content\/uploads\/2024\/09\/JUFENG-LOGO.png","width":600,"height":170,"caption":"Peanut Butter Factory"},"image":{"@id":"https:\/\/www.peanutoem.com\/#\/schema\/logo\/image\/"}}]}},"_links":{"self":[{"href":"https:\/\/www.peanutoem.com\/es_co\/wp-json\/wp\/v2\/product\/1638","targetHints":{"allow":["GET"]}}],"collection":[{"href":"https:\/\/www.peanutoem.com\/es_co\/wp-json\/wp\/v2\/product"}],"about":[{"href":"https:\/\/www.peanutoem.com\/es_co\/wp-json\/wp\/v2\/types\/product"}],"replies":[{"embeddable":true,"href":"https:\/\/www.peanutoem.com\/es_co\/wp-json\/wp\/v2\/comments?post=1638"}],"wp:featuredmedia":[{"embeddable":true,"href":"https:\/\/www.peanutoem.com\/es_co\/wp-json\/wp\/v2\/media\/1671"}],"wp:attachment":[{"href":"https:\/\/www.peanutoem.com\/es_co\/wp-json\/wp\/v2\/media?parent=1638"}],"wp:term":[{"taxonomy":"product_cat","embeddable":true,"href":"https:\/\/www.peanutoem.com\/es_co\/wp-json\/wp\/v2\/product_cat?post=1638"},{"taxonomy":"product_tag","embeddable":true,"href":"https:\/\/www.peanutoem.com\/es_co\/wp-json\/wp\/v2\/product_tag?post=1638"}],"curies":[{"name":"wp","href":"https:\/\/api.w.org\/{rel}","templated":true}]}}