{"id":1543,"date":"2024-09-02T13:37:15","date_gmt":"2024-09-02T13:37:15","guid":{"rendered":"https:\/\/www.peanutoem.com\/?post_type=product&#038;p=1543"},"modified":"2024-09-28T06:03:37","modified_gmt":"2024-09-28T06:03:37","slug":"pure-peanut-butter","status":"publish","type":"product","link":"https:\/\/www.peanutoem.com\/es_mx\/manufacturer\/pure-peanut-butter\/","title":{"rendered":"Mantequilla de man\u00ed pura"},"content":{"rendered":"<h3>Mantequilla de man\u00ed pura: proveedor l\u00edder de equipos originales y fabricante de marcas blancas<\/h3>\n<p>Nos especializamos en la producci\u00f3n y el suministro de mantequilla de man\u00ed pura como proveedor OEM de confianza, fabricante de marcas privadas y exportador. Nuestros productos est\u00e1n elaborados con man\u00ed 100%, lo que brinda una calidad y autenticidad inigualables para su marca. Con capacidades de producci\u00f3n avanzadas y certificaciones globales, adaptamos nuestras soluciones de mantequilla de man\u00ed a sus requisitos espec\u00edficos.<\/p>\n<h3>\u00bfQu\u00e9 es la mantequilla de man\u00ed pura?<\/h3>\n<p><strong>Puro <a href=\"https:\/\/www.peanutoem.com\/es_mx\/Wholesale\/peanut-butter\/\" target=\"_blank\" rel=\"noopener\">manteca de cacahuete<\/a><\/strong> Est\u00e1 hecho de 100% <a href=\"https:\/\/en.wikipedia.org\/wiki\/Peanut\" target=\"_blank\" rel=\"noopener\">miseria<\/a>, sin az\u00facares, aceites ni conservantes a\u00f1adidos. Ofrece un sabor natural y sin procesar que atrae a los consumidores preocupados por la salud. Este tipo de mantequilla de man\u00ed conserva el rico sabor y los aceites naturales del man\u00ed, lo que la convierte en una opci\u00f3n popular para quienes buscan productos de etiqueta limpia.<\/p>\n<h3>\u00bfCu\u00e1les son otros nombres para la mantequilla de man\u00ed pura?<\/h3>\n<p>Tambi\u00e9n se lo conoce con distintos nombres en distintas regiones e industrias. Algunos de los nombres alternativos m\u00e1s comunes incluyen:<\/p>\n<ul>\n<li><strong>Mantequilla de man\u00ed natural<\/strong><\/li>\n<li><strong>Mantequilla de man\u00ed sin az\u00facar<\/strong><\/li>\n<li><strong>Mantequilla de man\u00ed sin aditivos<\/strong><\/li>\n<li><strong>100% mantequilla de man\u00ed<\/strong><\/li>\n<\/ul>\n<p>Estos nombres enfatizan la ausencia de ingredientes adicionales, resaltando la pureza del producto.<\/p>\n<h3>\u00bfPor qu\u00e9 elegirnos como su proveedor?<\/h3>\n<p>Como proveedor l\u00edder de equipos originales (OEM) y fabricante de marcas privadas, ofrecemos:<\/p>\n<ul>\n<li><strong>Productos de alta calidad:<\/strong> Nuestra mantequilla de man\u00ed pura contiene man\u00ed seleccionado 100%, libre de az\u00facares, aceites o conservantes a\u00f1adidos.<\/li>\n<li><strong>Soluciones personalizables:<\/strong> Ofrecemos opciones de embalaje flexibles, que incluyen frascos, latas y baldes, en varios tama\u00f1os para satisfacer las demandas del mercado.<\/li>\n<li><strong>Global <a href=\"https:\/\/www.peanutoem.com\/es_mx\/certificate\/\" target=\"_blank\" rel=\"noopener\">Certificaciones<\/a>:<\/strong> Nuestras certificaciones, incluidas HACCP, BRCGS, Halal y Kosher, garantizan la seguridad del producto y una calidad superior.<\/li>\n<li><strong>Gran capacidad de producci\u00f3n:<\/strong> Podemos gestionar de forma eficiente pedidos peque\u00f1os y al por mayor, satisfaciendo las diversas necesidades de los clientes.<\/li>\n<li><strong>Experiencia en Exportaciones Globales:<\/strong> Contamos con una amplia experiencia en la entrega de mantequilla de man\u00ed de alta calidad a clientes de todo el mundo.<\/li>\n<\/ul>\n<h3>Preguntas frecuentes sobre nuestra funci\u00f3n comercial como productores y mayoristas<\/h3>\n<ol>\n<li><strong>\u00bfPor qu\u00e9 es usted un proveedor OEM l\u00edder en la industria de la mantequilla de man\u00ed?<\/strong><br \/>\nFabricamos mantequilla de man\u00ed para marcas bajo su propia etiqueta, garantizando soluciones de producto personalizadas.<\/li>\n<li><strong>\u00bfOfrecen servicios de marca privada?<\/strong><br \/>\nS\u00ed, nos especializamos en soluciones flexibles de marca privada para ayudarlo a crear su mantequilla de man\u00ed de marca.<\/li>\n<li><strong>\u00bfQu\u00e9 ingredientes utilizas?<\/strong><br \/>\nNuestra mantequilla de man\u00ed pura se compone de man\u00ed seleccionado 100%, sin az\u00facares, aceites ni conservantes a\u00f1adidos.<\/li>\n<li><strong>\u00bfC\u00f3mo puedo personalizar mi packaging?<\/strong><br \/>\nPuede elegir entre varias opciones de embalaje y tama\u00f1os, adaptados a sus necesidades, desde venta minorista hasta venta al por mayor.<\/li>\n<li><strong>\u00bfCu\u00e1l es la cantidad m\u00ednima de pedido (MOQ)?<\/strong><br \/>\nEl MOQ es de una tonelada, lo que proporciona flexibilidad tanto para empresas peque\u00f1as como grandes.<\/li>\n<li><strong>\u00bfQu\u00e9 hace que su mantequilla de man\u00ed pura se destaque?<\/strong><br \/>\nNuestro compromiso con la calidad, las certificaciones globales y las soluciones de marca privada personalizadas nos diferencian de la competencia.<\/li>\n<li><strong>\u00bfCu\u00e1nto tiempo se tarda en procesar un pedido?<\/strong><br \/>\nLos tiempos de entrega var\u00edan de 7 a 20 d\u00edas, dependiendo del tama\u00f1o del pedido y los requisitos de embalaje.<\/li>\n<li><strong>\u00bfPuedo solicitar muestras antes de realizar un pedido?<\/strong><br \/>\nS\u00ed, ofrecemos muestras gratuitas de nuestra mantequilla de man\u00ed pura para evaluar la calidad antes de realizar un pedido al por mayor.<\/li>\n<li><strong>\u00bfExportas a nivel mundial?<\/strong><br \/>\n\u00a1Por supuesto! Tenemos experiencia en la exportaci\u00f3n de mantequilla de man\u00ed pura de alta calidad a clientes de todo el mundo.<\/li>\n<\/ol>\n<h3>\u00bfPor qu\u00e9 mantequilla de man\u00ed pura?<\/h3>\n<p>La mantequilla de man\u00ed pura es la opci\u00f3n preferida de los consumidores preocupados por su salud que buscan un producto natural sin aditivos. Es rica en prote\u00ednas, grasas saludables y nutrientes esenciales, lo que la convierte en un ingrediente vers\u00e1til en las cocinas de todo el mundo. A medida que los consumidores se centran m\u00e1s en las etiquetas limpias, la demanda de productos a base de man\u00ed 100% sigue aumentando.<\/p>\n<p>Nos aseguramos de que nuestra mantequilla de man\u00ed pura cumpla con estas exigencias, brindando un producto lo m\u00e1s cercano posible a la naturaleza y que sea totalmente personalizable seg\u00fan las necesidades de su marca. Ya sea que est\u00e9 buscando expandir la oferta de su marca o ingresar a nuevos mercados, tenemos la capacidad, la experiencia y las certificaciones para lograrlo.<\/p>\n<a href=\"mailto:globepeanut@gmail.com\" class=\"button primary is-primary is-medium\"  >\n    <span>Env\u00edenos un correo electr\u00f3nico<\/span>\n  <\/a>","protected":false},"excerpt":{"rendered":"<table width=\"564\">\n<tbody>\n<tr>\n<td width=\"113\"><strong>Nombre del producto<\/strong><\/td>\n<td width=\"402\">Mantequilla de man\u00ed pura<\/td>\n<\/tr>\n<tr>\n<td width=\"113\"><strong>Ingredientes<\/strong><\/td>\n<td width=\"402\">Mantequilla de man\u00ed seleccionada<\/td>\n<\/tr>\n<tr>\n<td width=\"113\"><strong>Presupuesto<\/strong><\/td>\n<td width=\"402\">10 kg x 1, 20 kg x 1, 22 kg x 1, 220 kg x 1<\/td>\n<\/tr>\n<tr>\n<td width=\"113\"><strong>Forma de embalaje<\/strong><\/td>\n<td width=\"402\">Tarro, cubo, bolsa, cart\u00f3n, barril, botella, etc.<\/td>\n<\/tr>\n<tr>\n<td width=\"113\"><strong>El tiempo de entrega<\/strong><\/td>\n<td width=\"402\">7~20 d\u00edas despu\u00e9s del pedido<\/td>\n<\/tr>\n<tr>\n<td width=\"113\"><strong>Cantidad m\u00ednima de pedido<\/strong><\/td>\n<td width=\"402\">Una tonelada<\/td>\n<\/tr>\n<tr>\n<td width=\"113\"><strong>Muestra<\/strong><\/td>\n<td width=\"402\">Muestra gratuita disponible<\/td>\n<\/tr>\n<tr>\n<td width=\"113\"><strong>Fabricante de equipos originales (OEM)<\/strong><\/td>\n<td width=\"402\">Se acepta etiqueta del comprador<\/td>\n<\/tr>\n<\/tbody>\n<\/table>","protected":false},"featured_media":1659,"comment_status":"open","ping_status":"closed","template":"","meta":[],"product_cat":[15],"product_tag":[],"class_list":{"0":"post-1543","1":"product","2":"type-product","3":"status-publish","4":"has-post-thumbnail","6":"product_cat-peanut-butter","8":"first","9":"instock","10":"shipping-taxable","11":"product-type-simple"},"yoast_head":"<!-- This site is optimized with the Yoast SEO plugin v24.9 - https:\/\/yoast.com\/wordpress\/plugins\/seo\/ -->\n<title>Pure Peanut Butter OEM Producer - Peanut Butter Factory<\/title>\n<meta name=\"description\" content=\"As a top OEM manufacturer and exporter, we supply pure peanut butter made from 100% peanuts. Customizable private label solutions for your business needs.\" \/>\n<meta name=\"robots\" content=\"index, follow, max-snippet:-1, max-image-preview:large, max-video-preview:-1\" \/>\n<link rel=\"canonical\" href=\"https:\/\/www.peanutoem.com\/es_mx\/manufacturer\/pure-peanut-butter\/\" \/>\n<meta property=\"og:locale\" content=\"es_MX\" \/>\n<meta property=\"og:type\" content=\"article\" \/>\n<meta property=\"og:title\" content=\"Pure Peanut Butter OEM Producer - Peanut Butter Factory\" \/>\n<meta property=\"og:description\" content=\"As a top OEM manufacturer and exporter, we supply pure peanut butter made from 100% peanuts. Customizable private label solutions for your business needs.\" \/>\n<meta property=\"og:url\" content=\"https:\/\/www.peanutoem.com\/es_mx\/manufacturer\/pure-peanut-butter\/\" \/>\n<meta property=\"og:site_name\" content=\"Peanut Butter Factory\" \/>\n<meta property=\"article:modified_time\" content=\"2024-09-28T06:03:37+00:00\" \/>\n<meta property=\"og:image\" content=\"https:\/\/www.peanutoem.com\/wp-content\/uploads\/2024\/09\/Pure-Peanut-Butter-OEM-Supplier.webp\" \/>\n\t<meta property=\"og:image:width\" content=\"1000\" \/>\n\t<meta property=\"og:image:height\" content=\"1000\" \/>\n\t<meta property=\"og:image:type\" content=\"image\/webp\" \/>\n<meta name=\"twitter:card\" content=\"summary_large_image\" \/>\n<meta name=\"twitter:label1\" content=\"Tiempo de lectura\" \/>\n\t<meta name=\"twitter:data1\" content=\"3 minutos\" \/>\n<script type=\"application\/ld+json\" class=\"yoast-schema-graph\">{\"@context\":\"https:\/\/schema.org\",\"@graph\":[{\"@type\":\"WebPage\",\"@id\":\"https:\/\/www.peanutoem.com\/manufacturer\/pure-peanut-butter\/\",\"url\":\"https:\/\/www.peanutoem.com\/manufacturer\/pure-peanut-butter\/\",\"name\":\"Pure Peanut Butter OEM Producer - Peanut Butter Factory\",\"isPartOf\":{\"@id\":\"https:\/\/www.peanutoem.com\/#website\"},\"primaryImageOfPage\":{\"@id\":\"https:\/\/www.peanutoem.com\/manufacturer\/pure-peanut-butter\/#primaryimage\"},\"image\":{\"@id\":\"https:\/\/www.peanutoem.com\/manufacturer\/pure-peanut-butter\/#primaryimage\"},\"thumbnailUrl\":\"https:\/\/www.peanutoem.com\/wp-content\/uploads\/2024\/09\/Pure-Peanut-Butter-OEM-Supplier.webp\",\"datePublished\":\"2024-09-02T13:37:15+00:00\",\"dateModified\":\"2024-09-28T06:03:37+00:00\",\"description\":\"As a top OEM manufacturer and exporter, we supply pure peanut butter made from 100% peanuts. Customizable private label solutions for your business needs.\",\"breadcrumb\":{\"@id\":\"https:\/\/www.peanutoem.com\/manufacturer\/pure-peanut-butter\/#breadcrumb\"},\"inLanguage\":\"es\",\"potentialAction\":[{\"@type\":\"ReadAction\",\"target\":[\"https:\/\/www.peanutoem.com\/manufacturer\/pure-peanut-butter\/\"]}]},{\"@type\":\"ImageObject\",\"inLanguage\":\"es\",\"@id\":\"https:\/\/www.peanutoem.com\/manufacturer\/pure-peanut-butter\/#primaryimage\",\"url\":\"https:\/\/www.peanutoem.com\/wp-content\/uploads\/2024\/09\/Pure-Peanut-Butter-OEM-Supplier.webp\",\"contentUrl\":\"https:\/\/www.peanutoem.com\/wp-content\/uploads\/2024\/09\/Pure-Peanut-Butter-OEM-Supplier.webp\",\"width\":1000,\"height\":1000,\"caption\":\"Pure Peanut Butter OEM Supplier\"},{\"@type\":\"BreadcrumbList\",\"@id\":\"https:\/\/www.peanutoem.com\/manufacturer\/pure-peanut-butter\/#breadcrumb\",\"itemListElement\":[{\"@type\":\"ListItem\",\"position\":1,\"name\":\"Home\",\"item\":\"https:\/\/www.peanutoem.com\/\"},{\"@type\":\"ListItem\",\"position\":2,\"name\":\"Products\",\"item\":\"https:\/\/www.peanutoem.com\/shop\/\"},{\"@type\":\"ListItem\",\"position\":3,\"name\":\"Pure Peanut Butter\"}]},{\"@type\":\"WebSite\",\"@id\":\"https:\/\/www.peanutoem.com\/#website\",\"url\":\"https:\/\/www.peanutoem.com\/\",\"name\":\"Peanut Butter Factory\",\"description\":\"Peanut Butter Manufacturer and Roast Peanut OEM Factory | Peanut Private Label China Supplier\",\"publisher\":{\"@id\":\"https:\/\/www.peanutoem.com\/#organization\"},\"alternateName\":\"Peanut Butter OEM and Wholesale\",\"potentialAction\":[{\"@type\":\"SearchAction\",\"target\":{\"@type\":\"EntryPoint\",\"urlTemplate\":\"https:\/\/www.peanutoem.com\/?s={search_term_string}\"},\"query-input\":{\"@type\":\"PropertyValueSpecification\",\"valueRequired\":true,\"valueName\":\"search_term_string\"}}],\"inLanguage\":\"es\"},{\"@type\":\"Organization\",\"@id\":\"https:\/\/www.peanutoem.com\/#organization\",\"name\":\"Peanut Butter Factory\",\"alternateName\":\"JuFeng Group\",\"url\":\"https:\/\/www.peanutoem.com\/\",\"logo\":{\"@type\":\"ImageObject\",\"inLanguage\":\"es\",\"@id\":\"https:\/\/www.peanutoem.com\/#\/schema\/logo\/image\/\",\"url\":\"https:\/\/www.peanutoem.com\/wp-content\/uploads\/2024\/09\/JUFENG-LOGO.png\",\"contentUrl\":\"https:\/\/www.peanutoem.com\/wp-content\/uploads\/2024\/09\/JUFENG-LOGO.png\",\"width\":600,\"height\":170,\"caption\":\"Peanut Butter Factory\"},\"image\":{\"@id\":\"https:\/\/www.peanutoem.com\/#\/schema\/logo\/image\/\"}}]}<\/script>\n<!-- \/ Yoast SEO plugin. -->","yoast_head_json":{"title":"Pure Peanut Butter OEM Producer - Peanut Butter Factory","description":"As a top OEM manufacturer and exporter, we supply pure peanut butter made from 100% peanuts. Customizable private label solutions for your business needs.","robots":{"index":"index","follow":"follow","max-snippet":"max-snippet:-1","max-image-preview":"max-image-preview:large","max-video-preview":"max-video-preview:-1"},"canonical":"https:\/\/www.peanutoem.com\/es_mx\/manufacturer\/pure-peanut-butter\/","og_locale":"es_MX","og_type":"article","og_title":"Pure Peanut Butter OEM Producer - Peanut Butter Factory","og_description":"As a top OEM manufacturer and exporter, we supply pure peanut butter made from 100% peanuts. Customizable private label solutions for your business needs.","og_url":"https:\/\/www.peanutoem.com\/es_mx\/manufacturer\/pure-peanut-butter\/","og_site_name":"Peanut Butter Factory","article_modified_time":"2024-09-28T06:03:37+00:00","og_image":[{"width":1000,"height":1000,"url":"https:\/\/www.peanutoem.com\/wp-content\/uploads\/2024\/09\/Pure-Peanut-Butter-OEM-Supplier.webp","type":"image\/webp"}],"twitter_card":"summary_large_image","twitter_misc":{"Tiempo de lectura":"3 minutos"},"schema":{"@context":"https:\/\/schema.org","@graph":[{"@type":"WebPage","@id":"https:\/\/www.peanutoem.com\/manufacturer\/pure-peanut-butter\/","url":"https:\/\/www.peanutoem.com\/manufacturer\/pure-peanut-butter\/","name":"Pure Peanut Butter OEM Producer - Peanut Butter Factory","isPartOf":{"@id":"https:\/\/www.peanutoem.com\/#website"},"primaryImageOfPage":{"@id":"https:\/\/www.peanutoem.com\/manufacturer\/pure-peanut-butter\/#primaryimage"},"image":{"@id":"https:\/\/www.peanutoem.com\/manufacturer\/pure-peanut-butter\/#primaryimage"},"thumbnailUrl":"https:\/\/www.peanutoem.com\/wp-content\/uploads\/2024\/09\/Pure-Peanut-Butter-OEM-Supplier.webp","datePublished":"2024-09-02T13:37:15+00:00","dateModified":"2024-09-28T06:03:37+00:00","description":"As a top OEM manufacturer and exporter, we supply pure peanut butter made from 100% peanuts. Customizable private label solutions for your business needs.","breadcrumb":{"@id":"https:\/\/www.peanutoem.com\/manufacturer\/pure-peanut-butter\/#breadcrumb"},"inLanguage":"es","potentialAction":[{"@type":"ReadAction","target":["https:\/\/www.peanutoem.com\/manufacturer\/pure-peanut-butter\/"]}]},{"@type":"ImageObject","inLanguage":"es","@id":"https:\/\/www.peanutoem.com\/manufacturer\/pure-peanut-butter\/#primaryimage","url":"https:\/\/www.peanutoem.com\/wp-content\/uploads\/2024\/09\/Pure-Peanut-Butter-OEM-Supplier.webp","contentUrl":"https:\/\/www.peanutoem.com\/wp-content\/uploads\/2024\/09\/Pure-Peanut-Butter-OEM-Supplier.webp","width":1000,"height":1000,"caption":"Pure Peanut Butter OEM Supplier"},{"@type":"BreadcrumbList","@id":"https:\/\/www.peanutoem.com\/manufacturer\/pure-peanut-butter\/#breadcrumb","itemListElement":[{"@type":"ListItem","position":1,"name":"Home","item":"https:\/\/www.peanutoem.com\/"},{"@type":"ListItem","position":2,"name":"Products","item":"https:\/\/www.peanutoem.com\/shop\/"},{"@type":"ListItem","position":3,"name":"Pure Peanut Butter"}]},{"@type":"WebSite","@id":"https:\/\/www.peanutoem.com\/#website","url":"https:\/\/www.peanutoem.com\/","name":"Peanut Butter Factory","description":"Peanut Butter Manufacturer and Roast Peanut OEM Factory | Peanut Private Label China Supplier","publisher":{"@id":"https:\/\/www.peanutoem.com\/#organization"},"alternateName":"Peanut Butter OEM and Wholesale","potentialAction":[{"@type":"SearchAction","target":{"@type":"EntryPoint","urlTemplate":"https:\/\/www.peanutoem.com\/?s={search_term_string}"},"query-input":{"@type":"PropertyValueSpecification","valueRequired":true,"valueName":"search_term_string"}}],"inLanguage":"es"},{"@type":"Organization","@id":"https:\/\/www.peanutoem.com\/#organization","name":"Peanut Butter Factory","alternateName":"JuFeng Group","url":"https:\/\/www.peanutoem.com\/","logo":{"@type":"ImageObject","inLanguage":"es","@id":"https:\/\/www.peanutoem.com\/#\/schema\/logo\/image\/","url":"https:\/\/www.peanutoem.com\/wp-content\/uploads\/2024\/09\/JUFENG-LOGO.png","contentUrl":"https:\/\/www.peanutoem.com\/wp-content\/uploads\/2024\/09\/JUFENG-LOGO.png","width":600,"height":170,"caption":"Peanut Butter Factory"},"image":{"@id":"https:\/\/www.peanutoem.com\/#\/schema\/logo\/image\/"}}]}},"_links":{"self":[{"href":"https:\/\/www.peanutoem.com\/es_mx\/wp-json\/wp\/v2\/product\/1543","targetHints":{"allow":["GET"]}}],"collection":[{"href":"https:\/\/www.peanutoem.com\/es_mx\/wp-json\/wp\/v2\/product"}],"about":[{"href":"https:\/\/www.peanutoem.com\/es_mx\/wp-json\/wp\/v2\/types\/product"}],"replies":[{"embeddable":true,"href":"https:\/\/www.peanutoem.com\/es_mx\/wp-json\/wp\/v2\/comments?post=1543"}],"wp:featuredmedia":[{"embeddable":true,"href":"https:\/\/www.peanutoem.com\/es_mx\/wp-json\/wp\/v2\/media\/1659"}],"wp:attachment":[{"href":"https:\/\/www.peanutoem.com\/es_mx\/wp-json\/wp\/v2\/media?parent=1543"}],"wp:term":[{"taxonomy":"product_cat","embeddable":true,"href":"https:\/\/www.peanutoem.com\/es_mx\/wp-json\/wp\/v2\/product_cat?post=1543"},{"taxonomy":"product_tag","embeddable":true,"href":"https:\/\/www.peanutoem.com\/es_mx\/wp-json\/wp\/v2\/product_tag?post=1543"}],"curies":[{"name":"wp","href":"https:\/\/api.w.org\/{rel}","templated":true}]}}