{"id":1397,"date":"2023-06-08T07:51:40","date_gmt":"2023-06-08T07:51:40","guid":{"rendered":"https:\/\/www.peanutoem.com\/?post_type=product&#038;p=1397"},"modified":"2024-09-28T07:06:47","modified_gmt":"2024-09-28T07:06:47","slug":"creamy-peanut-butter","status":"publish","type":"product","link":"https:\/\/www.peanutoem.com\/et\/manufacturer\/creamy-peanut-butter\/","title":{"rendered":"Kreemjas maap\u00e4hkliv\u00f5i | Sile maap\u00e4hkliv\u00f5i"},"content":{"rendered":"<h3>Kreemjas <a href=\"https:\/\/www.peanutoem.com\/et\/Wholesale\/peanut-butter\/\" target=\"_blank\" rel=\"noopener\">Maap\u00e4hkliv\u00f5i<\/a> | Smooth Peanut Butter \u2013 juhtiv OEM-i privaatsete kaubam\u00e4rkide tootja<\/h3>\n<p>Oleme uhked selle \u00fcle, et oleme kreemja maap\u00e4hkliv\u00f5i ja sileda maap\u00e4hkliv\u00f5i parimad originaaltootjate kaubam\u00e4rgid, tootjad, eksportijad ja tarnijad. Meie tipptasemel tootmisliinid ja k\u00f5rged kvaliteedistandardid tagavad, et iga maap\u00e4hkliv\u00f5i purk vastab \u00fclemaailmsetele maitse ja konsistentsi n\u00f5udmistele. Toetatud rahvusvaheliselt tunnustatud <a href=\"https:\/\/www.peanutoem.com\/et\/certificate\/\" target=\"_blank\" rel=\"noopener\">sertifikaadid<\/a> nagu HACCP, BRCGS, ECOCERT, Halal ja Kosher, on meie maap\u00e4hkliv\u00f5itooted ettev\u00f5tete jaoks kogu maailmas esmatarbekaubad.<\/p>\n<p><img loading=\"lazy\" decoding=\"async\" class=\"alignnone wp-image-1620 size-large\" src=\"https:\/\/www.peanutoem.com\/wp-content\/uploads\/2024\/09\/Peanut-Butter-Qualifications-1024x736.webp\" alt=\"Maap\u00e4hkliv\u00f5i OEM-protsessori kvalifikatsioon\" width=\"1020\" height=\"733\" srcset=\"https:\/\/www.peanutoem.com\/wp-content\/uploads\/2024\/09\/Peanut-Butter-Qualifications-1024x736.webp 1024w, https:\/\/www.peanutoem.com\/wp-content\/uploads\/2024\/09\/Peanut-Butter-Qualifications-300x216.webp 300w, https:\/\/www.peanutoem.com\/wp-content\/uploads\/2024\/09\/Peanut-Butter-Qualifications-768x552.webp 768w, https:\/\/www.peanutoem.com\/wp-content\/uploads\/2024\/09\/Peanut-Butter-Qualifications-18x12.webp 18w, https:\/\/www.peanutoem.com\/wp-content\/uploads\/2024\/09\/Peanut-Butter-Qualifications-600x431.webp 600w, https:\/\/www.peanutoem.com\/wp-content\/uploads\/2024\/09\/Peanut-Butter-Qualifications.webp 1341w\" sizes=\"auto, (max-width: 1020px) 100vw, 1020px\" \/><\/p>\n<h3>Mis on kreemjas maap\u00e4hkliv\u00f5i ja sile maap\u00e4hkliv\u00f5i?<\/h3>\n<p>Kreemjas maap\u00e4hkliv\u00f5i ja sile maap\u00e4hkliv\u00f5i on kaks k\u00f5ige populaarsemat maap\u00e4hkliv\u00f5ide t\u00fc\u00fcpi. M\u00f5lemad on valmistatud peeneks jahvatatud r\u00f6stitud maap\u00e4hklitest, mille tulemuseks on rikkalik ja sile tekstuur. Kreemjas maap\u00e4hkliv\u00f5i pakub aga sileda maap\u00e4hkliv\u00f5iga v\u00f5rreldes veidi tihedamat tekstuuri, mist\u00f5ttu on see ideaalne leivale m\u00e4\u00e4rimiseks v\u00f5i k\u00fcpsetamise ja toiduvalmistamise koostisosana.<\/p>\n<h3>Meie suutlikkus<\/h3>\n<p>Tegutseme t\u00e4iustatud t\u00f6\u00f6tlemisrajatistega, mis suudavad aastas toota 30 000 tonni maap\u00e4hkliv\u00f5id. Meie h\u00e4sti varustatud laborid viivad l\u00e4bi rangeid sensoorseid, f\u00fc\u00fcsikalisi, keemilisi ja mikroobseid teste, et tagada iga partii kvaliteet ja ohutus.<\/p>\n<h3>OEM-i eram\u00e4rgistuse lahendused maap\u00e4hkliv\u00f5i jaoks<\/h3>\n<p>Usaldusv\u00e4\u00e4rse OEM-tootja ja eram\u00e4rgise tarnijana pakume kohandatud lahendusi, mis vastavad teie br\u00e4ndi vajadustele. \u00dcksk\u00f5ik, kas soovite tarnida oma kreemja maap\u00e4hkliv\u00f5i v\u00f5i sileda maap\u00e4hkliv\u00f5i etiketti, pakume paindlikke valikuid pakendi ja toote suuruse osas. Meie meeskond tagab, et teie tooted on valmistatud hoolikalt ja vastavalt t\u00f6\u00f6stusharu k\u00f5rgeimatele standarditele.<\/p>\n<h3>\u00dclemaailmne eksportija ja tarnija<\/h3>\n<p>\u00dclemaailmse kohalolekuga oleme usaldusv\u00e4\u00e4rne maap\u00e4hkliv\u00f5i eksportija ja tarnija, kes tarnib oma tooteid suurematele toiduainete jaem\u00fc\u00fcjatele, frantsiisidele ja edasim\u00fc\u00fcjatele \u00fcle kogu maailma. Meie ulatuslik turustusv\u00f5rk ja t\u00f5hus logistika tagavad \u00f5igeaegse kohaletoimetamise, olenemata teie ettev\u00f5tte asukohast.<\/p>\n<h3>Miks valida meid?<\/h3>\n<ul>\n<li><strong>K\u00f5rge tootmisv\u00f5imsus<\/strong>: 30 000 tonni aastas<\/li>\n<li><strong>P\u00f5hjalikud sertifikaadid<\/strong>: HACCP, BRCGS, Halal, Kosher, EL orgaaniline<\/li>\n<li><strong>OEM- ja eram\u00e4rgistuse eksperdid<\/strong>: Teie kaubam\u00e4rgile kohandatud lahendused<\/li>\n<li><strong>\u00dclemaailmne tarnija ja eksportija<\/strong>: Klientide teenindamine kogu maailmas esmaklassiliste maap\u00e4hklitoodetega<\/li>\n<\/ul>\n<p>Me kohustume tarnima parimaid maap\u00e4hkliv\u00f5itooteid, mis vastavad maailmaturu muutuvatele n\u00f5udmistele. \u00dcksk\u00f5ik, kas vajate v\u00e4ikest jaem\u00fc\u00fcgipakki v\u00f5i suuri hulgikoguseid, tarnime suurep\u00e4raselt.<\/p>\n<a href=\"mailto:globepeanut@gmail.com\" class=\"button primary is-primary is-medium\"  >\n    <span>Saatke meile e-kiri<\/span>\n  <\/a>","protected":false},"excerpt":{"rendered":"<table style=\"height: 282px;\" width=\"564\">\n<tbody>\n<tr>\n<td width=\"113\"><strong>Toote nimi<\/strong><\/td>\n<td width=\"402\">Kreemjas maap\u00e4hkliv\u00f5i | Sile maap\u00e4hkliv\u00f5i<\/td>\n<\/tr>\n<tr>\n<td width=\"113\"><strong>Koostisained<\/strong><\/td>\n<td width=\"402\">Valitud maap\u00e4hklituumad, valge suhkur, h\u00fcdrogeenitud taime\u00f5li, sool<\/td>\n<\/tr>\n<tr>\n<td width=\"113\"><strong>Tehnilised andmed<\/strong><\/td>\n<td width=\"402\">200 g x 36, 227 g x 24, 340 g x 12, 375 g x 12, 500 g x 12, 510 g x 12, 1 kg x 12, 10 kg x 1, 20 kg x 1, 220 kg x 1<\/td>\n<\/tr>\n<tr>\n<td width=\"113\"><strong>Pakkimisvorm<\/strong><\/td>\n<td width=\"402\">Purk, \u00e4mber, doy pakk, kott, karp, plekk, t\u00fcnn, purk, pudel jne<\/td>\n<\/tr>\n<tr>\n<td width=\"113\"><strong>Tarneaeg<\/strong><\/td>\n<td width=\"402\">7-20 p\u00e4eva p\u00e4rast tellimust<\/td>\n<\/tr>\n<tr>\n<td width=\"113\"><strong>MOQ<\/strong><\/td>\n<td width=\"402\">\u00dcks tonn<\/td>\n<\/tr>\n<tr>\n<td width=\"113\"><strong>N\u00e4idis<\/strong><\/td>\n<td width=\"402\">Saadaval tasuta n\u00e4idis<\/td>\n<\/tr>\n<tr>\n<td width=\"113\"><strong>OEM<\/strong><\/td>\n<td width=\"402\">Ostja silt aktsepteeritud<\/td>\n<\/tr>\n<\/tbody>\n<\/table>\n<p>&nbsp;<\/p>","protected":false},"featured_media":1641,"comment_status":"open","ping_status":"closed","template":"","meta":[],"product_cat":[15],"product_tag":[],"class_list":{"0":"post-1397","1":"product","2":"type-product","3":"status-publish","4":"has-post-thumbnail","6":"product_cat-peanut-butter","8":"first","9":"instock","10":"featured","11":"shipping-taxable","12":"product-type-simple"},"yoast_head":"<!-- This site is optimized with the Yoast SEO plugin v24.9 - https:\/\/yoast.com\/wordpress\/plugins\/seo\/ -->\n<title>Creamy Peanut Butter Manufacturer- Smooth Peanut Butter OEM - Peanut Butter Factory<\/title>\n<meta name=\"description\" content=\"As a leading OEM private label manufacturer, we offer premium creamy and smooth peanut butter with flexible packaging, certified to global standards.\" \/>\n<meta name=\"robots\" content=\"index, follow, max-snippet:-1, max-image-preview:large, max-video-preview:-1\" \/>\n<link rel=\"canonical\" href=\"https:\/\/www.peanutoem.com\/et\/manufacturer\/creamy-peanut-butter\/\" \/>\n<meta property=\"og:locale\" content=\"et_EE\" \/>\n<meta property=\"og:type\" content=\"article\" \/>\n<meta property=\"og:title\" content=\"Creamy Peanut Butter Manufacturer- Smooth Peanut Butter OEM - Peanut Butter Factory\" \/>\n<meta property=\"og:description\" content=\"As a leading OEM private label manufacturer, we offer premium creamy and smooth peanut butter with flexible packaging, certified to global standards.\" \/>\n<meta property=\"og:url\" content=\"https:\/\/www.peanutoem.com\/et\/manufacturer\/creamy-peanut-butter\/\" \/>\n<meta property=\"og:site_name\" content=\"Peanut Butter Factory\" \/>\n<meta property=\"article:modified_time\" content=\"2024-09-28T07:06:47+00:00\" \/>\n<meta property=\"og:image\" content=\"https:\/\/www.peanutoem.com\/wp-content\/uploads\/2023\/06\/Creamy-Peanut-Butter-in-jar.webp\" \/>\n\t<meta property=\"og:image:width\" content=\"1000\" \/>\n\t<meta property=\"og:image:height\" content=\"1000\" \/>\n\t<meta property=\"og:image:type\" content=\"image\/webp\" \/>\n<meta name=\"twitter:card\" content=\"summary_large_image\" \/>\n<meta name=\"twitter:label1\" content=\"Est. reading time\" \/>\n\t<meta name=\"twitter:data1\" content=\"3 minutit\" \/>\n<script type=\"application\/ld+json\" class=\"yoast-schema-graph\">{\"@context\":\"https:\/\/schema.org\",\"@graph\":[{\"@type\":\"WebPage\",\"@id\":\"https:\/\/www.peanutoem.com\/manufacturer\/creamy-peanut-butter\/\",\"url\":\"https:\/\/www.peanutoem.com\/manufacturer\/creamy-peanut-butter\/\",\"name\":\"Creamy Peanut Butter Manufacturer- Smooth Peanut Butter OEM - Peanut Butter Factory\",\"isPartOf\":{\"@id\":\"https:\/\/www.peanutoem.com\/#website\"},\"primaryImageOfPage\":{\"@id\":\"https:\/\/www.peanutoem.com\/manufacturer\/creamy-peanut-butter\/#primaryimage\"},\"image\":{\"@id\":\"https:\/\/www.peanutoem.com\/manufacturer\/creamy-peanut-butter\/#primaryimage\"},\"thumbnailUrl\":\"https:\/\/www.peanutoem.com\/wp-content\/uploads\/2023\/06\/Creamy-Peanut-Butter-in-jar.webp\",\"datePublished\":\"2023-06-08T07:51:40+00:00\",\"dateModified\":\"2024-09-28T07:06:47+00:00\",\"description\":\"As a leading OEM private label manufacturer, we offer premium creamy and smooth peanut butter with flexible packaging, certified to global standards.\",\"breadcrumb\":{\"@id\":\"https:\/\/www.peanutoem.com\/manufacturer\/creamy-peanut-butter\/#breadcrumb\"},\"inLanguage\":\"et\",\"potentialAction\":[{\"@type\":\"ReadAction\",\"target\":[\"https:\/\/www.peanutoem.com\/manufacturer\/creamy-peanut-butter\/\"]}]},{\"@type\":\"ImageObject\",\"inLanguage\":\"et\",\"@id\":\"https:\/\/www.peanutoem.com\/manufacturer\/creamy-peanut-butter\/#primaryimage\",\"url\":\"https:\/\/www.peanutoem.com\/wp-content\/uploads\/2023\/06\/Creamy-Peanut-Butter-in-jar.webp\",\"contentUrl\":\"https:\/\/www.peanutoem.com\/wp-content\/uploads\/2023\/06\/Creamy-Peanut-Butter-in-jar.webp\",\"width\":1000,\"height\":1000,\"caption\":\"Creamy Peanut Butter in jar\"},{\"@type\":\"BreadcrumbList\",\"@id\":\"https:\/\/www.peanutoem.com\/manufacturer\/creamy-peanut-butter\/#breadcrumb\",\"itemListElement\":[{\"@type\":\"ListItem\",\"position\":1,\"name\":\"Home\",\"item\":\"https:\/\/www.peanutoem.com\/\"},{\"@type\":\"ListItem\",\"position\":2,\"name\":\"Products\",\"item\":\"https:\/\/www.peanutoem.com\/shop\/\"},{\"@type\":\"ListItem\",\"position\":3,\"name\":\"Creamy Peanut Butter | Smooth Peanut Butter\"}]},{\"@type\":\"WebSite\",\"@id\":\"https:\/\/www.peanutoem.com\/#website\",\"url\":\"https:\/\/www.peanutoem.com\/\",\"name\":\"Peanut Butter Factory\",\"description\":\"Peanut Butter Manufacturer and Roast Peanut OEM Factory | Peanut Private Label China Supplier\",\"publisher\":{\"@id\":\"https:\/\/www.peanutoem.com\/#organization\"},\"alternateName\":\"Peanut Butter OEM and Wholesale\",\"potentialAction\":[{\"@type\":\"SearchAction\",\"target\":{\"@type\":\"EntryPoint\",\"urlTemplate\":\"https:\/\/www.peanutoem.com\/?s={search_term_string}\"},\"query-input\":{\"@type\":\"PropertyValueSpecification\",\"valueRequired\":true,\"valueName\":\"search_term_string\"}}],\"inLanguage\":\"et\"},{\"@type\":\"Organization\",\"@id\":\"https:\/\/www.peanutoem.com\/#organization\",\"name\":\"Peanut Butter Factory\",\"alternateName\":\"JuFeng Group\",\"url\":\"https:\/\/www.peanutoem.com\/\",\"logo\":{\"@type\":\"ImageObject\",\"inLanguage\":\"et\",\"@id\":\"https:\/\/www.peanutoem.com\/#\/schema\/logo\/image\/\",\"url\":\"https:\/\/www.peanutoem.com\/wp-content\/uploads\/2024\/09\/JUFENG-LOGO.png\",\"contentUrl\":\"https:\/\/www.peanutoem.com\/wp-content\/uploads\/2024\/09\/JUFENG-LOGO.png\",\"width\":600,\"height\":170,\"caption\":\"Peanut Butter Factory\"},\"image\":{\"@id\":\"https:\/\/www.peanutoem.com\/#\/schema\/logo\/image\/\"}}]}<\/script>\n<!-- \/ Yoast SEO plugin. -->","yoast_head_json":{"title":"Creamy Peanut Butter Manufacturer- Smooth Peanut Butter OEM - Peanut Butter Factory","description":"As a leading OEM private label manufacturer, we offer premium creamy and smooth peanut butter with flexible packaging, certified to global standards.","robots":{"index":"index","follow":"follow","max-snippet":"max-snippet:-1","max-image-preview":"max-image-preview:large","max-video-preview":"max-video-preview:-1"},"canonical":"https:\/\/www.peanutoem.com\/et\/manufacturer\/creamy-peanut-butter\/","og_locale":"et_EE","og_type":"article","og_title":"Creamy Peanut Butter Manufacturer- Smooth Peanut Butter OEM - Peanut Butter Factory","og_description":"As a leading OEM private label manufacturer, we offer premium creamy and smooth peanut butter with flexible packaging, certified to global standards.","og_url":"https:\/\/www.peanutoem.com\/et\/manufacturer\/creamy-peanut-butter\/","og_site_name":"Peanut Butter Factory","article_modified_time":"2024-09-28T07:06:47+00:00","og_image":[{"width":1000,"height":1000,"url":"https:\/\/www.peanutoem.com\/wp-content\/uploads\/2023\/06\/Creamy-Peanut-Butter-in-jar.webp","type":"image\/webp"}],"twitter_card":"summary_large_image","twitter_misc":{"Est. reading time":"3 minutit"},"schema":{"@context":"https:\/\/schema.org","@graph":[{"@type":"WebPage","@id":"https:\/\/www.peanutoem.com\/manufacturer\/creamy-peanut-butter\/","url":"https:\/\/www.peanutoem.com\/manufacturer\/creamy-peanut-butter\/","name":"Creamy Peanut Butter Manufacturer- Smooth Peanut Butter OEM - Peanut Butter Factory","isPartOf":{"@id":"https:\/\/www.peanutoem.com\/#website"},"primaryImageOfPage":{"@id":"https:\/\/www.peanutoem.com\/manufacturer\/creamy-peanut-butter\/#primaryimage"},"image":{"@id":"https:\/\/www.peanutoem.com\/manufacturer\/creamy-peanut-butter\/#primaryimage"},"thumbnailUrl":"https:\/\/www.peanutoem.com\/wp-content\/uploads\/2023\/06\/Creamy-Peanut-Butter-in-jar.webp","datePublished":"2023-06-08T07:51:40+00:00","dateModified":"2024-09-28T07:06:47+00:00","description":"As a leading OEM private label manufacturer, we offer premium creamy and smooth peanut butter with flexible packaging, certified to global standards.","breadcrumb":{"@id":"https:\/\/www.peanutoem.com\/manufacturer\/creamy-peanut-butter\/#breadcrumb"},"inLanguage":"et","potentialAction":[{"@type":"ReadAction","target":["https:\/\/www.peanutoem.com\/manufacturer\/creamy-peanut-butter\/"]}]},{"@type":"ImageObject","inLanguage":"et","@id":"https:\/\/www.peanutoem.com\/manufacturer\/creamy-peanut-butter\/#primaryimage","url":"https:\/\/www.peanutoem.com\/wp-content\/uploads\/2023\/06\/Creamy-Peanut-Butter-in-jar.webp","contentUrl":"https:\/\/www.peanutoem.com\/wp-content\/uploads\/2023\/06\/Creamy-Peanut-Butter-in-jar.webp","width":1000,"height":1000,"caption":"Creamy Peanut Butter in jar"},{"@type":"BreadcrumbList","@id":"https:\/\/www.peanutoem.com\/manufacturer\/creamy-peanut-butter\/#breadcrumb","itemListElement":[{"@type":"ListItem","position":1,"name":"Home","item":"https:\/\/www.peanutoem.com\/"},{"@type":"ListItem","position":2,"name":"Products","item":"https:\/\/www.peanutoem.com\/shop\/"},{"@type":"ListItem","position":3,"name":"Creamy Peanut Butter | Smooth Peanut Butter"}]},{"@type":"WebSite","@id":"https:\/\/www.peanutoem.com\/#website","url":"https:\/\/www.peanutoem.com\/","name":"Peanut Butter Factory","description":"Peanut Butter Manufacturer and Roast Peanut OEM Factory | Peanut Private Label China Supplier","publisher":{"@id":"https:\/\/www.peanutoem.com\/#organization"},"alternateName":"Peanut Butter OEM and Wholesale","potentialAction":[{"@type":"SearchAction","target":{"@type":"EntryPoint","urlTemplate":"https:\/\/www.peanutoem.com\/?s={search_term_string}"},"query-input":{"@type":"PropertyValueSpecification","valueRequired":true,"valueName":"search_term_string"}}],"inLanguage":"et"},{"@type":"Organization","@id":"https:\/\/www.peanutoem.com\/#organization","name":"Peanut Butter Factory","alternateName":"JuFeng Group","url":"https:\/\/www.peanutoem.com\/","logo":{"@type":"ImageObject","inLanguage":"et","@id":"https:\/\/www.peanutoem.com\/#\/schema\/logo\/image\/","url":"https:\/\/www.peanutoem.com\/wp-content\/uploads\/2024\/09\/JUFENG-LOGO.png","contentUrl":"https:\/\/www.peanutoem.com\/wp-content\/uploads\/2024\/09\/JUFENG-LOGO.png","width":600,"height":170,"caption":"Peanut Butter Factory"},"image":{"@id":"https:\/\/www.peanutoem.com\/#\/schema\/logo\/image\/"}}]}},"_links":{"self":[{"href":"https:\/\/www.peanutoem.com\/et\/wp-json\/wp\/v2\/product\/1397","targetHints":{"allow":["GET"]}}],"collection":[{"href":"https:\/\/www.peanutoem.com\/et\/wp-json\/wp\/v2\/product"}],"about":[{"href":"https:\/\/www.peanutoem.com\/et\/wp-json\/wp\/v2\/types\/product"}],"replies":[{"embeddable":true,"href":"https:\/\/www.peanutoem.com\/et\/wp-json\/wp\/v2\/comments?post=1397"}],"wp:featuredmedia":[{"embeddable":true,"href":"https:\/\/www.peanutoem.com\/et\/wp-json\/wp\/v2\/media\/1641"}],"wp:attachment":[{"href":"https:\/\/www.peanutoem.com\/et\/wp-json\/wp\/v2\/media?parent=1397"}],"wp:term":[{"taxonomy":"product_cat","embeddable":true,"href":"https:\/\/www.peanutoem.com\/et\/wp-json\/wp\/v2\/product_cat?post=1397"},{"taxonomy":"product_tag","embeddable":true,"href":"https:\/\/www.peanutoem.com\/et\/wp-json\/wp\/v2\/product_tag?post=1397"}],"curies":[{"name":"wp","href":"https:\/\/api.w.org\/{rel}","templated":true}]}}