{"id":1402,"date":"2023-06-08T08:15:42","date_gmt":"2023-06-08T08:15:42","guid":{"rendered":"https:\/\/www.peanutoem.com\/?post_type=product&#038;p=1402"},"modified":"2024-09-28T06:53:33","modified_gmt":"2024-09-28T06:53:33","slug":"crunchy-peanut-butter","status":"publish","type":"product","link":"https:\/\/www.peanutoem.com\/et\/manufacturer\/crunchy-peanut-butter\/","title":{"rendered":"Kr\u00f5mpsuv maap\u00e4hkliv\u00f5i | Kohandatud kr\u00f5mpsuv maap\u00e4hkliv\u00f5i"},"content":{"rendered":"<h3>Kr\u00f5mpsuv <a href=\"https:\/\/www.peanutoem.com\/et\/Wholesale\/peanut-butter\/\" target=\"_blank\" rel=\"noopener\">Maap\u00e4hkliv\u00f5i<\/a> - Premium OEM Private Label Manufacturer<\/h3>\n<p>Oleme uhked, et oleme juhtiv OEM-i omam\u00e4rgise tootja, eksportija ja kvaliteetse kr\u00f5mpsuva maap\u00e4hkliv\u00f5i tarnija, mis pakub rahuldavat tekstuuri ja sobib suurep\u00e4raselt nii jaem\u00fc\u00fcgiks kui ka t\u00f6\u00f6stuslikuks kasutamiseks. Meie tootmisv\u00f5imalused koos kohandatavate v\u00f5imalustega v\u00f5imaldavad meil rahuldada kaubam\u00e4rkide ainulaadseid vajadusi kogu maailmas.<\/p>\n<h3>T\u00e4iustatud tootmine ja <a href=\"https:\/\/www.peanutoem.com\/et\/certificate\/\" target=\"_blank\" rel=\"noopener\">Sertifikaadid<\/a><\/h3>\n<p>Meie kaasaegsed rajatised on varustatud suuremahulise tootmisega tegelemiseks, s\u00e4ilitades samal ajal range kvaliteedikontrolli. Sertifikaatidega, nagu HACCP, BRCGS, Halal, Kosher ja EU Organic, tagame, et meie kr\u00f5mpsuv maap\u00e4hkliv\u00f5i vastab k\u00f5rgeimatele \u00fclemaailmsetele standarditele. See teeb meist eelistatud partneri ettev\u00f5tetele, kes otsivad usaldusv\u00e4\u00e4rseid originaalseadmete tootjate ja privaatsete kaubam\u00e4rkide lahendusi.<\/p>\n<h3>Mis on kr\u00f5mpsuv maap\u00e4hkliv\u00f5i?<\/h3>\n<p>Kr\u00f5mpsuv maap\u00e4hkliv\u00f5i sisaldab v\u00e4ikeseid maap\u00e4hkligraanuleid, pakkudes tekstureeritud hammustust ja rikkalikku maap\u00e4hkli maitset. See sort sobib suurep\u00e4raselt tarbijatele, kes naudivad suuremat maitset maap\u00e4hkliv\u00f5iga v\u00f5rreldes pehmete v\u00f5i kreemjatega. Meie graanulit\u00fc\u00fcpi maap\u00e4hkliv\u00f5i on valmistatud parimatest maap\u00e4hklitest, tagades iga purgi konsistentsi.<\/p>\n<p>Kr\u00f5mpsuvale maap\u00e4hkliv\u00f5ile v\u00f5ib olenevalt piirkonnast v\u00f5i turunduseelistusest viidata ka m\u00f5ne muu nimega. M\u00f5ned alternatiivsed nimed h\u00f5lmavad j\u00e4rgmist:<\/p>\n<ol>\n<li><strong>Paks maap\u00e4hkliv\u00f5i<\/strong> \u2013 See on levinud termin, eriti USA-s, mis viitab samale tekstureeritud sordile.<\/li>\n<li><strong>Graanulit\u00fc\u00fcpi maap\u00e4hkliv\u00f5i<\/strong> \u2013 selle granuleeritud tekstuuri kirjeldamine, mida kasutatakse sageli rohkem tehnilises v\u00f5i t\u00f6\u00f6stuslikus kontekstis.<\/li>\n<li><strong>Tekstureeritud maap\u00e4hkliv\u00f5i<\/strong> \u2013 Maap\u00e4hklit\u00fckkide tekstuuri esilet\u00f5stmine.<\/li>\n<li><strong>P\u00e4hkliline maap\u00e4hkliv\u00f5i<\/strong> \u2013 M\u00f5nikord kasutatakse m\u00e4\u00e4rdeosas olevate maap\u00e4hklit\u00fckkide r\u00f5hutamiseks.<\/li>\n<\/ol>\n<p>Need nimetused on sageli omavahel asendatavad ja annavad edasi ideed, et maap\u00e4hkliv\u00f5i sisaldab v\u00e4ikseid maap\u00e4hklit\u00fckke v\u00f5i graanuleid.<\/p>\n<h3>Kohandatud eram\u00e4rgistuse lahendused kr\u00f5mpsuva maap\u00e4hkliv\u00f5i jaoks<\/h3>\n<p>Silmapaistva OEM-tootjana pakume kr\u00f5mpsuva maap\u00e4hkliv\u00f5i jaoks kohandatud jaem\u00fc\u00fcgiteenuseid. Olenemata sellest, kas vajate ainulaadset pakendit v\u00f5i kindlaid suurusi, pakume teie br\u00e4ndi vajadustele vastavaid paindlikke valikuid. Meie meeskond teeb teiega tihedat koost\u00f6\u00f6d, et t\u00f6\u00f6tada v\u00e4lja toode, mis sobib teie kaubam\u00e4rgi identiteedi ja turun\u00f5uetega.<\/p>\n<h3>\u00dclemaailmne graanulit\u00fc\u00fcpi maap\u00e4hkliv\u00f5i eksportija ja tarnija<\/h3>\n<p>Laia ekspordiv\u00f5rgustikuga teenindame kliente kogu maailmas, muutes meid usaldusv\u00e4\u00e4rseks graanulit\u00fc\u00fcpi maap\u00e4hkliv\u00f5i eksportijaks ja tarnijaks. Meie t\u00f5hus logistika tagab \u00f5igeaegse kohaletoimetamise, olenemata sellest, kas vajate v\u00e4ikepartiisid v\u00f5i hulgitellimusi. M\u00f5istame j\u00e4rjepidevuse ja usaldusv\u00e4\u00e4rsuse t\u00e4htsust rahvusvahelistel turgudel.<\/p>\n<h3>Miks valida meid?<\/h3>\n<ul>\n<li><strong>Ulatuslik tootmisv\u00f5imsus<\/strong>: teie kaubam\u00e4rgile kohandatud suuremahuline tootmine<\/li>\n<li><strong>Globaalne <a href=\"https:\/\/www.peanutoem.com\/et\/certificate\/\" target=\"_blank\" rel=\"noopener\">Sertifikaadid<\/a><\/strong>: sealhulgas HACCP, BRCGS, Halal, Kosher ja palju muud<\/li>\n<li><strong>Paindlikud originaalseadmete tootjate ja privaatsete m\u00e4rgiste valikud<\/strong>: kohandatav vastavalt teie spetsifikatsioonidele<\/li>\n<li><strong>Usaldusv\u00e4\u00e4rne eksportija ja tarnija<\/strong>: teenindab kogu maailma turge \u00fchtlase kvaliteediga<\/li>\n<\/ul>\n<p>Oleme valmis pakkuma parimat kr\u00f5mpsuvat maap\u00e4hkliv\u00f5id oma paindlike originaalseadmete tootjate ja omam\u00e4rgiste lahenduste kaudu. Aitame teil tuua oma klientideni esmaklassilist graanulit\u00fc\u00fcpi maap\u00e4hkliv\u00f5id, keskendudes kvaliteedile ja kohandamisele.<\/p>\n<a href=\"mailto:globepeanut@gmail.com\" class=\"button primary is-primary is-medium\"  >\n    <span>Saatke meile e-kiri<\/span>\n  <\/a>","protected":false},"excerpt":{"rendered":"<table width=\"564\">\n<tbody>\n<tr>\n<td width=\"113\"><strong>Toote nimi<\/strong><\/td>\n<td width=\"402\">Kr\u00f5mpsuv maap\u00e4hkliv\u00f5i<\/td>\n<\/tr>\n<tr>\n<td width=\"113\"><strong>Koostisained<\/strong><\/td>\n<td width=\"402\">Valitud maap\u00e4hklituumad, valge suhkur, h\u00fcdrogeenitud taime\u00f5li, sool<\/td>\n<\/tr>\n<tr>\n<td width=\"113\"><strong>Tehnilised andmed<\/strong><\/td>\n<td width=\"402\">200 g x 36, 227 g x 24, 340 g x 12, 375 g x 12, 500 g x 12, 510 g x 12, 1 kg x 12, 10 kg x 1, 20 kg x 1, 220 kg x 1<\/td>\n<\/tr>\n<tr>\n<td width=\"113\"><strong>Pakkimisvorm<\/strong><\/td>\n<td width=\"402\">Purk, \u00e4mber, doy pakk, kott, karp, plekk, t\u00fcnn, purk, pudel jne<\/td>\n<\/tr>\n<tr>\n<td width=\"113\"><strong>Tarneaeg<\/strong><\/td>\n<td width=\"402\">7-20 p\u00e4eva p\u00e4rast tellimust<\/td>\n<\/tr>\n<tr>\n<td width=\"113\"><strong>MOQ<\/strong><\/td>\n<td width=\"402\">\u00dcks tonn<\/td>\n<\/tr>\n<tr>\n<td width=\"113\"><strong>N\u00e4idis<\/strong><\/td>\n<td width=\"402\">Saadaval tasuta n\u00e4idis<\/td>\n<\/tr>\n<tr>\n<td width=\"113\"><strong>OEM<\/strong><\/td>\n<td width=\"402\">Ostja silt aktsepteeritud<\/td>\n<\/tr>\n<\/tbody>\n<\/table>","protected":false},"featured_media":1652,"comment_status":"open","ping_status":"closed","template":"","meta":[],"product_cat":[15],"product_tag":[],"class_list":{"0":"post-1402","1":"product","2":"type-product","3":"status-publish","4":"has-post-thumbnail","6":"product_cat-peanut-butter","8":"first","9":"instock","10":"featured","11":"shipping-taxable","12":"product-type-simple"},"yoast_head":"<!-- This site is optimized with the Yoast SEO plugin v24.9 - https:\/\/yoast.com\/wordpress\/plugins\/seo\/ -->\n<title>Crunchy Peanut Butter | Custom Crunchy Peanut Butter OEM - Peanut Butter Factory<\/title>\n<meta name=\"description\" content=\"As a leading private label manufacturer, Our crunchy peanut butter is made with delightful granule texture and customizable packaging.\" \/>\n<meta name=\"robots\" content=\"index, follow, max-snippet:-1, max-image-preview:large, max-video-preview:-1\" \/>\n<link rel=\"canonical\" href=\"https:\/\/www.peanutoem.com\/et\/manufacturer\/crunchy-peanut-butter\/\" \/>\n<meta property=\"og:locale\" content=\"et_EE\" \/>\n<meta property=\"og:type\" content=\"article\" \/>\n<meta property=\"og:title\" content=\"Crunchy Peanut Butter | Custom Crunchy Peanut Butter OEM - Peanut Butter Factory\" \/>\n<meta property=\"og:description\" content=\"As a leading private label manufacturer, Our crunchy peanut butter is made with delightful granule texture and customizable packaging.\" \/>\n<meta property=\"og:url\" content=\"https:\/\/www.peanutoem.com\/et\/manufacturer\/crunchy-peanut-butter\/\" \/>\n<meta property=\"og:site_name\" content=\"Peanut Butter Factory\" \/>\n<meta property=\"article:modified_time\" content=\"2024-09-28T06:53:33+00:00\" \/>\n<meta property=\"og:image\" content=\"https:\/\/www.peanutoem.com\/wp-content\/uploads\/2023\/06\/Crunchy-Type-Peanut-Butter-340g.webp\" \/>\n\t<meta property=\"og:image:width\" content=\"1000\" \/>\n\t<meta property=\"og:image:height\" content=\"1000\" \/>\n\t<meta property=\"og:image:type\" content=\"image\/webp\" \/>\n<meta name=\"twitter:card\" content=\"summary_large_image\" \/>\n<meta name=\"twitter:label1\" content=\"Est. reading time\" \/>\n\t<meta name=\"twitter:data1\" content=\"3 minutit\" \/>\n<script type=\"application\/ld+json\" class=\"yoast-schema-graph\">{\"@context\":\"https:\/\/schema.org\",\"@graph\":[{\"@type\":\"WebPage\",\"@id\":\"https:\/\/www.peanutoem.com\/manufacturer\/crunchy-peanut-butter\/\",\"url\":\"https:\/\/www.peanutoem.com\/manufacturer\/crunchy-peanut-butter\/\",\"name\":\"Crunchy Peanut Butter | Custom Crunchy Peanut Butter OEM - Peanut Butter Factory\",\"isPartOf\":{\"@id\":\"https:\/\/www.peanutoem.com\/#website\"},\"primaryImageOfPage\":{\"@id\":\"https:\/\/www.peanutoem.com\/manufacturer\/crunchy-peanut-butter\/#primaryimage\"},\"image\":{\"@id\":\"https:\/\/www.peanutoem.com\/manufacturer\/crunchy-peanut-butter\/#primaryimage\"},\"thumbnailUrl\":\"https:\/\/www.peanutoem.com\/wp-content\/uploads\/2023\/06\/Crunchy-Type-Peanut-Butter-340g.webp\",\"datePublished\":\"2023-06-08T08:15:42+00:00\",\"dateModified\":\"2024-09-28T06:53:33+00:00\",\"description\":\"As a leading private label manufacturer, Our crunchy peanut butter is made with delightful granule texture and customizable packaging.\",\"breadcrumb\":{\"@id\":\"https:\/\/www.peanutoem.com\/manufacturer\/crunchy-peanut-butter\/#breadcrumb\"},\"inLanguage\":\"et\",\"potentialAction\":[{\"@type\":\"ReadAction\",\"target\":[\"https:\/\/www.peanutoem.com\/manufacturer\/crunchy-peanut-butter\/\"]}]},{\"@type\":\"ImageObject\",\"inLanguage\":\"et\",\"@id\":\"https:\/\/www.peanutoem.com\/manufacturer\/crunchy-peanut-butter\/#primaryimage\",\"url\":\"https:\/\/www.peanutoem.com\/wp-content\/uploads\/2023\/06\/Crunchy-Type-Peanut-Butter-340g.webp\",\"contentUrl\":\"https:\/\/www.peanutoem.com\/wp-content\/uploads\/2023\/06\/Crunchy-Type-Peanut-Butter-340g.webp\",\"width\":1000,\"height\":1000,\"caption\":\"Crunchy Type Peanut Butter 340g\"},{\"@type\":\"BreadcrumbList\",\"@id\":\"https:\/\/www.peanutoem.com\/manufacturer\/crunchy-peanut-butter\/#breadcrumb\",\"itemListElement\":[{\"@type\":\"ListItem\",\"position\":1,\"name\":\"Home\",\"item\":\"https:\/\/www.peanutoem.com\/\"},{\"@type\":\"ListItem\",\"position\":2,\"name\":\"Products\",\"item\":\"https:\/\/www.peanutoem.com\/shop\/\"},{\"@type\":\"ListItem\",\"position\":3,\"name\":\"Crunchy Peanut Butter | Custom Crunchy Peanut Butter\"}]},{\"@type\":\"WebSite\",\"@id\":\"https:\/\/www.peanutoem.com\/#website\",\"url\":\"https:\/\/www.peanutoem.com\/\",\"name\":\"Peanut Butter Factory\",\"description\":\"Peanut Butter Manufacturer and Roast Peanut OEM Factory | Peanut Private Label China Supplier\",\"publisher\":{\"@id\":\"https:\/\/www.peanutoem.com\/#organization\"},\"alternateName\":\"Peanut Butter OEM and Wholesale\",\"potentialAction\":[{\"@type\":\"SearchAction\",\"target\":{\"@type\":\"EntryPoint\",\"urlTemplate\":\"https:\/\/www.peanutoem.com\/?s={search_term_string}\"},\"query-input\":{\"@type\":\"PropertyValueSpecification\",\"valueRequired\":true,\"valueName\":\"search_term_string\"}}],\"inLanguage\":\"et\"},{\"@type\":\"Organization\",\"@id\":\"https:\/\/www.peanutoem.com\/#organization\",\"name\":\"Peanut Butter Factory\",\"alternateName\":\"JuFeng Group\",\"url\":\"https:\/\/www.peanutoem.com\/\",\"logo\":{\"@type\":\"ImageObject\",\"inLanguage\":\"et\",\"@id\":\"https:\/\/www.peanutoem.com\/#\/schema\/logo\/image\/\",\"url\":\"https:\/\/www.peanutoem.com\/wp-content\/uploads\/2024\/09\/JUFENG-LOGO.png\",\"contentUrl\":\"https:\/\/www.peanutoem.com\/wp-content\/uploads\/2024\/09\/JUFENG-LOGO.png\",\"width\":600,\"height\":170,\"caption\":\"Peanut Butter Factory\"},\"image\":{\"@id\":\"https:\/\/www.peanutoem.com\/#\/schema\/logo\/image\/\"}}]}<\/script>\n<!-- \/ Yoast SEO plugin. -->","yoast_head_json":{"title":"Crunchy Peanut Butter | Custom Crunchy Peanut Butter OEM - Peanut Butter Factory","description":"As a leading private label manufacturer, Our crunchy peanut butter is made with delightful granule texture and customizable packaging.","robots":{"index":"index","follow":"follow","max-snippet":"max-snippet:-1","max-image-preview":"max-image-preview:large","max-video-preview":"max-video-preview:-1"},"canonical":"https:\/\/www.peanutoem.com\/et\/manufacturer\/crunchy-peanut-butter\/","og_locale":"et_EE","og_type":"article","og_title":"Crunchy Peanut Butter | Custom Crunchy Peanut Butter OEM - Peanut Butter Factory","og_description":"As a leading private label manufacturer, Our crunchy peanut butter is made with delightful granule texture and customizable packaging.","og_url":"https:\/\/www.peanutoem.com\/et\/manufacturer\/crunchy-peanut-butter\/","og_site_name":"Peanut Butter Factory","article_modified_time":"2024-09-28T06:53:33+00:00","og_image":[{"width":1000,"height":1000,"url":"https:\/\/www.peanutoem.com\/wp-content\/uploads\/2023\/06\/Crunchy-Type-Peanut-Butter-340g.webp","type":"image\/webp"}],"twitter_card":"summary_large_image","twitter_misc":{"Est. reading time":"3 minutit"},"schema":{"@context":"https:\/\/schema.org","@graph":[{"@type":"WebPage","@id":"https:\/\/www.peanutoem.com\/manufacturer\/crunchy-peanut-butter\/","url":"https:\/\/www.peanutoem.com\/manufacturer\/crunchy-peanut-butter\/","name":"Crunchy Peanut Butter | Custom Crunchy Peanut Butter OEM - Peanut Butter Factory","isPartOf":{"@id":"https:\/\/www.peanutoem.com\/#website"},"primaryImageOfPage":{"@id":"https:\/\/www.peanutoem.com\/manufacturer\/crunchy-peanut-butter\/#primaryimage"},"image":{"@id":"https:\/\/www.peanutoem.com\/manufacturer\/crunchy-peanut-butter\/#primaryimage"},"thumbnailUrl":"https:\/\/www.peanutoem.com\/wp-content\/uploads\/2023\/06\/Crunchy-Type-Peanut-Butter-340g.webp","datePublished":"2023-06-08T08:15:42+00:00","dateModified":"2024-09-28T06:53:33+00:00","description":"As a leading private label manufacturer, Our crunchy peanut butter is made with delightful granule texture and customizable packaging.","breadcrumb":{"@id":"https:\/\/www.peanutoem.com\/manufacturer\/crunchy-peanut-butter\/#breadcrumb"},"inLanguage":"et","potentialAction":[{"@type":"ReadAction","target":["https:\/\/www.peanutoem.com\/manufacturer\/crunchy-peanut-butter\/"]}]},{"@type":"ImageObject","inLanguage":"et","@id":"https:\/\/www.peanutoem.com\/manufacturer\/crunchy-peanut-butter\/#primaryimage","url":"https:\/\/www.peanutoem.com\/wp-content\/uploads\/2023\/06\/Crunchy-Type-Peanut-Butter-340g.webp","contentUrl":"https:\/\/www.peanutoem.com\/wp-content\/uploads\/2023\/06\/Crunchy-Type-Peanut-Butter-340g.webp","width":1000,"height":1000,"caption":"Crunchy Type Peanut Butter 340g"},{"@type":"BreadcrumbList","@id":"https:\/\/www.peanutoem.com\/manufacturer\/crunchy-peanut-butter\/#breadcrumb","itemListElement":[{"@type":"ListItem","position":1,"name":"Home","item":"https:\/\/www.peanutoem.com\/"},{"@type":"ListItem","position":2,"name":"Products","item":"https:\/\/www.peanutoem.com\/shop\/"},{"@type":"ListItem","position":3,"name":"Crunchy Peanut Butter | Custom Crunchy Peanut Butter"}]},{"@type":"WebSite","@id":"https:\/\/www.peanutoem.com\/#website","url":"https:\/\/www.peanutoem.com\/","name":"Peanut Butter Factory","description":"Peanut Butter Manufacturer and Roast Peanut OEM Factory | Peanut Private Label China Supplier","publisher":{"@id":"https:\/\/www.peanutoem.com\/#organization"},"alternateName":"Peanut Butter OEM and Wholesale","potentialAction":[{"@type":"SearchAction","target":{"@type":"EntryPoint","urlTemplate":"https:\/\/www.peanutoem.com\/?s={search_term_string}"},"query-input":{"@type":"PropertyValueSpecification","valueRequired":true,"valueName":"search_term_string"}}],"inLanguage":"et"},{"@type":"Organization","@id":"https:\/\/www.peanutoem.com\/#organization","name":"Peanut Butter Factory","alternateName":"JuFeng Group","url":"https:\/\/www.peanutoem.com\/","logo":{"@type":"ImageObject","inLanguage":"et","@id":"https:\/\/www.peanutoem.com\/#\/schema\/logo\/image\/","url":"https:\/\/www.peanutoem.com\/wp-content\/uploads\/2024\/09\/JUFENG-LOGO.png","contentUrl":"https:\/\/www.peanutoem.com\/wp-content\/uploads\/2024\/09\/JUFENG-LOGO.png","width":600,"height":170,"caption":"Peanut Butter Factory"},"image":{"@id":"https:\/\/www.peanutoem.com\/#\/schema\/logo\/image\/"}}]}},"_links":{"self":[{"href":"https:\/\/www.peanutoem.com\/et\/wp-json\/wp\/v2\/product\/1402","targetHints":{"allow":["GET"]}}],"collection":[{"href":"https:\/\/www.peanutoem.com\/et\/wp-json\/wp\/v2\/product"}],"about":[{"href":"https:\/\/www.peanutoem.com\/et\/wp-json\/wp\/v2\/types\/product"}],"replies":[{"embeddable":true,"href":"https:\/\/www.peanutoem.com\/et\/wp-json\/wp\/v2\/comments?post=1402"}],"wp:featuredmedia":[{"embeddable":true,"href":"https:\/\/www.peanutoem.com\/et\/wp-json\/wp\/v2\/media\/1652"}],"wp:attachment":[{"href":"https:\/\/www.peanutoem.com\/et\/wp-json\/wp\/v2\/media?parent=1402"}],"wp:term":[{"taxonomy":"product_cat","embeddable":true,"href":"https:\/\/www.peanutoem.com\/et\/wp-json\/wp\/v2\/product_cat?post=1402"},{"taxonomy":"product_tag","embeddable":true,"href":"https:\/\/www.peanutoem.com\/et\/wp-json\/wp\/v2\/product_tag?post=1402"}],"curies":[{"name":"wp","href":"https:\/\/api.w.org\/{rel}","templated":true}]}}