{"id":1543,"date":"2024-09-02T13:37:15","date_gmt":"2024-09-02T13:37:15","guid":{"rendered":"https:\/\/www.peanutoem.com\/?post_type=product&#038;p=1543"},"modified":"2024-09-28T06:03:37","modified_gmt":"2024-09-28T06:03:37","slug":"pure-peanut-butter","status":"publish","type":"product","link":"https:\/\/www.peanutoem.com\/et\/manufacturer\/pure-peanut-butter\/","title":{"rendered":"Puhas maap\u00e4hkliv\u00f5i"},"content":{"rendered":"<h3>Puhas maap\u00e4hkliv\u00f5i \u2013 juhtiv OEM-i pakkuja ja privaatsete kaubam\u00e4rkide tootja<\/h3>\n<p>Oleme spetsialiseerunud puhta maap\u00e4hkliv\u00f5i tootmisele ja tarnimisele usaldusv\u00e4\u00e4rse OEM-i pakkuja, eram\u00e4rgise tootja ja eksportijana. Meie tooted on valmistatud 100% maap\u00e4hklitest, pakkudes teie kaubam\u00e4rgile v\u00f5rreldamatut kvaliteeti ja autentsust. T\u00e4iustatud tootmisv\u00f5imaluste ja \u00fclemaailmsete sertifikaatidega kohandame oma maap\u00e4hkliv\u00f5i lahendused teie konkreetsetele vajadustele.<\/p>\n<h3>Mis on puhas maap\u00e4hkliv\u00f5i?<\/h3>\n<p><strong>Puhas <a href=\"https:\/\/www.peanutoem.com\/et\/Wholesale\/peanut-butter\/\" target=\"_blank\" rel=\"noopener\">maap\u00e4hkliv\u00f5i<\/a><\/strong> on valmistatud 100%-st <a href=\"https:\/\/en.wikipedia.org\/wiki\/Peanut\" target=\"_blank\" rel=\"noopener\">maap\u00e4hklid<\/a>, ilma lisatud suhkrute, \u00f5lide v\u00f5i s\u00e4ilitusaineteta. See pakub looduslikku t\u00f6\u00f6tlemata maitset, mis meeldib terviseteadlikele tarbijatele. Seda t\u00fc\u00fcpi maap\u00e4hkliv\u00f5i s\u00e4ilitab maap\u00e4hklite rikkaliku maitse ja looduslikud \u00f5lid, muutes selle populaarseks valikuks neile, kes otsivad puhta m\u00e4rgistusega tooteid.<\/p>\n<h3>Millised on puhta maap\u00e4hkliv\u00f5i muud nimed?<\/h3>\n<p>Seda tuntakse ka piirkondades ja t\u00f6\u00f6stusharudes erinevate nimede all. M\u00f5ned levinumad alternatiivsed nimed on j\u00e4rgmised:<\/p>\n<ul>\n<li><strong>Naturaalne maap\u00e4hkliv\u00f5i<\/strong><\/li>\n<li><strong>Magustamata maap\u00e4hkliv\u00f5i<\/strong><\/li>\n<li><strong>Lisanditeta maap\u00e4hkliv\u00f5i<\/strong><\/li>\n<li><strong>100% maap\u00e4hkliv\u00f5i<\/strong><\/li>\n<\/ul>\n<p>Need nimetused r\u00f5hutavad t\u00e4iendavate koostisosade puudumist, r\u00f5hutades toote puhtust.<\/p>\n<h3>Miks valida meid oma tarnijaks?<\/h3>\n<p>Juhtiva OEM-i pakkujana ja eram\u00e4rgise tootjana pakume:<\/p>\n<ul>\n<li><strong>Kvaliteetsed tooted:<\/strong> Meie puhas maap\u00e4hkliv\u00f5i sisaldab 100% valitud maap\u00e4hkleid, mis ei sisalda lisatud suhkruid, \u00f5lisid ega s\u00e4ilitusaineid.<\/li>\n<li><strong>Kohandatavad lahendused:<\/strong> Pakume turu n\u00f5udmistele vastavaks erinevas suuruses paindlikke pakendamisv\u00f5imalusi, sealhulgas purke, konservikarpe ja \u00e4mbreid.<\/li>\n<li><strong>Globaalne <a href=\"https:\/\/www.peanutoem.com\/et\/certificate\/\" target=\"_blank\" rel=\"noopener\">Sertifikaadid<\/a>:<\/strong> Meie sertifikaadid, sealhulgas HACCP, BRCGS, Halal ja Kosher, tagavad tooteohutuse ja esmaklassilise kvaliteedi.<\/li>\n<li><strong>Suur tootmisv\u00f5imsus:<\/strong> Suudame t\u00f5husalt k\u00e4sitleda nii v\u00e4ike- kui ka hulgitellimusi, rahuldades klientide erinevaid vajadusi.<\/li>\n<li><strong>Globaalse ekspordi ekspertteadmised:<\/strong> Meil on laialdased kogemused kvaliteetse maap\u00e4hkliv\u00f5i tarnimisel klientidele \u00fcle maailma.<\/li>\n<\/ul>\n<h3>KKK meie ettev\u00f5tte rolli kohta tootja ja hulgim\u00fc\u00fcjana<\/h3>\n<ol>\n<li><strong>Miks olete maap\u00e4hkliv\u00f5it\u00f6\u00f6stuse juhtiv originaalseadmete tootjate pakkuja?<\/strong><br \/>\nToodame maap\u00e4hkliv\u00f5id kaubam\u00e4rkidele nende oma sildi all, tagades kohandatud tootelahendused.<\/li>\n<li><strong>Kas pakute oma kaubam\u00e4rgi teenuseid?<\/strong><br \/>\nJah, me oleme spetsialiseerunud paindlikele omam\u00e4rgilahendustele, mis aitavad teil luua oma kaubam\u00e4rgiga maap\u00e4hkliv\u00f5id.<\/li>\n<li><strong>Milliseid koostisosi kasutate?<\/strong><br \/>\nMeie puhas maap\u00e4hkliv\u00f5i koosneb 100% valitud maap\u00e4hklitest, millele pole lisatud suhkruid, \u00f5lisid ega s\u00e4ilitusaineid.<\/li>\n<li><strong>Kuidas ma saan oma pakendit kohandada?<\/strong><br \/>\nSaate valida erinevate pakendivalikute ja suuruste vahel, mis on kohandatud teie vajadustele alates jaem\u00fc\u00fcgist kuni hulgim\u00fc\u00fcgini.<\/li>\n<li><strong>Mis on minimaalne tellimuse kogus (MOQ)?<\/strong><br \/>\nMOQ on \u00fcks tonn, pakkudes paindlikkust nii v\u00e4ikestele kui ka suurtele ettev\u00f5tetele.<\/li>\n<li><strong>Mille poolest teie puhas maap\u00e4hkliv\u00f5i silma paistab?<\/strong><br \/>\nMeie p\u00fchendumus kvaliteedile, globaalsed sertifikaadid ja kohandatud jaem\u00fc\u00fcgim\u00e4rgilahendused eristavad meid konkurentidest.<\/li>\n<li><strong>Kui kaua v\u00f5tab tellimuse t\u00f6\u00f6tlemine aega?<\/strong><br \/>\nTarneaeg on 7 kuni 20 p\u00e4eva, olenevalt tellimuse suurusest ja pakendin\u00f5uetest.<\/li>\n<li><strong>Kas ma saan enne tellimuse esitamist n\u00f5uda n\u00e4idiseid?<\/strong><br \/>\nJah, pakume oma puhta maap\u00e4hkliv\u00f5i tasuta proove kvaliteedi hindamiseks enne hulgitellimuse esitamist.<\/li>\n<li><strong>Kas ekspordite \u00fclemaailmselt?<\/strong><br \/>\nAbsoluutselt! Meil on kogemusi kvaliteetse puhta maap\u00e4hkliv\u00f5i eksportimisel klientidele kogu maailmas.<\/li>\n<\/ol>\n<h3>Miks puhas maap\u00e4hkliv\u00f5i?<\/h3>\n<p>Puhas maap\u00e4hkliv\u00f5i on hea valik terviseteadlikele tarbijatele, kes otsivad looduslikku toodet ilma lisanditeta. See on rikas valkude, tervislike rasvade ja oluliste toitainete poolest, mist\u00f5ttu on see mitmek\u00fclgne koostisosa k\u00f6\u00f6kides kogu maailmas. Kuna tarbijad keskenduvad rohkem puhastele etikettidele, kasvab n\u00f5udlus 100% maap\u00e4hklip\u00f5histe toodete j\u00e4rele j\u00e4tkuvalt.<\/p>\n<p>Tagame, et meie puhas maap\u00e4hkliv\u00f5i vastab nendele n\u00f5udmistele, pakkudes toodet, mis on v\u00f5imalikult loodusl\u00e4hedane, kuid on t\u00e4ielikult kohandatav vastavalt teie br\u00e4ndi vajadustele. Olenemata sellest, kas soovite oma br\u00e4ndi pakkumisi laiendada v\u00f5i siseneda uutele turgudele, meil on selleks v\u00f5imsus, teadmised ja sertifikaadid.<\/p>\n<a href=\"mailto:globepeanut@gmail.com\" class=\"button primary is-primary is-medium\"  >\n    <span>Saatke meile e-kiri<\/span>\n  <\/a>","protected":false},"excerpt":{"rendered":"<table width=\"564\">\n<tbody>\n<tr>\n<td width=\"113\"><strong>Toote nimi<\/strong><\/td>\n<td width=\"402\">Puhas maap\u00e4hkliv\u00f5i<\/td>\n<\/tr>\n<tr>\n<td width=\"113\"><strong>Koostisained<\/strong><\/td>\n<td width=\"402\">Valitud maap\u00e4hkliv\u00f5i<\/td>\n<\/tr>\n<tr>\n<td width=\"113\"><strong>Tehnilised andmed<\/strong><\/td>\n<td width=\"402\">10 kg x 1, 20 kg x 1, 22 kg x 1 220 kg x 1<\/td>\n<\/tr>\n<tr>\n<td width=\"113\"><strong>Pakkimisvorm<\/strong><\/td>\n<td width=\"402\">Purk, \u00e4mber, kott, karp, t\u00fcnn, pudel jne<\/td>\n<\/tr>\n<tr>\n<td width=\"113\"><strong>Tarneaeg<\/strong><\/td>\n<td width=\"402\">7-20 p\u00e4eva p\u00e4rast tellimust<\/td>\n<\/tr>\n<tr>\n<td width=\"113\"><strong>MOQ<\/strong><\/td>\n<td width=\"402\">\u00dcks tonn<\/td>\n<\/tr>\n<tr>\n<td width=\"113\"><strong>N\u00e4idis<\/strong><\/td>\n<td width=\"402\">Saadaval tasuta n\u00e4idis<\/td>\n<\/tr>\n<tr>\n<td width=\"113\"><strong>OEM<\/strong><\/td>\n<td width=\"402\">Ostja silt aktsepteeritud<\/td>\n<\/tr>\n<\/tbody>\n<\/table>","protected":false},"featured_media":1659,"comment_status":"open","ping_status":"closed","template":"","meta":[],"product_cat":[15],"product_tag":[],"class_list":{"0":"post-1543","1":"product","2":"type-product","3":"status-publish","4":"has-post-thumbnail","6":"product_cat-peanut-butter","8":"first","9":"instock","10":"shipping-taxable","11":"product-type-simple"},"yoast_head":"<!-- This site is optimized with the Yoast SEO plugin v24.9 - https:\/\/yoast.com\/wordpress\/plugins\/seo\/ -->\n<title>Pure Peanut Butter OEM Producer - Peanut Butter Factory<\/title>\n<meta name=\"description\" content=\"As a top OEM manufacturer and exporter, we supply pure peanut butter made from 100% peanuts. Customizable private label solutions for your business needs.\" \/>\n<meta name=\"robots\" content=\"index, follow, max-snippet:-1, max-image-preview:large, max-video-preview:-1\" \/>\n<link rel=\"canonical\" href=\"https:\/\/www.peanutoem.com\/et\/manufacturer\/pure-peanut-butter\/\" \/>\n<meta property=\"og:locale\" content=\"et_EE\" \/>\n<meta property=\"og:type\" content=\"article\" \/>\n<meta property=\"og:title\" content=\"Pure Peanut Butter OEM Producer - Peanut Butter Factory\" \/>\n<meta property=\"og:description\" content=\"As a top OEM manufacturer and exporter, we supply pure peanut butter made from 100% peanuts. Customizable private label solutions for your business needs.\" \/>\n<meta property=\"og:url\" content=\"https:\/\/www.peanutoem.com\/et\/manufacturer\/pure-peanut-butter\/\" \/>\n<meta property=\"og:site_name\" content=\"Peanut Butter Factory\" \/>\n<meta property=\"article:modified_time\" content=\"2024-09-28T06:03:37+00:00\" \/>\n<meta property=\"og:image\" content=\"https:\/\/www.peanutoem.com\/wp-content\/uploads\/2024\/09\/Pure-Peanut-Butter-OEM-Supplier.webp\" \/>\n\t<meta property=\"og:image:width\" content=\"1000\" \/>\n\t<meta property=\"og:image:height\" content=\"1000\" \/>\n\t<meta property=\"og:image:type\" content=\"image\/webp\" \/>\n<meta name=\"twitter:card\" content=\"summary_large_image\" \/>\n<meta name=\"twitter:label1\" content=\"Est. reading time\" \/>\n\t<meta name=\"twitter:data1\" content=\"3 minutit\" \/>\n<script type=\"application\/ld+json\" class=\"yoast-schema-graph\">{\"@context\":\"https:\/\/schema.org\",\"@graph\":[{\"@type\":\"WebPage\",\"@id\":\"https:\/\/www.peanutoem.com\/manufacturer\/pure-peanut-butter\/\",\"url\":\"https:\/\/www.peanutoem.com\/manufacturer\/pure-peanut-butter\/\",\"name\":\"Pure Peanut Butter OEM Producer - Peanut Butter Factory\",\"isPartOf\":{\"@id\":\"https:\/\/www.peanutoem.com\/#website\"},\"primaryImageOfPage\":{\"@id\":\"https:\/\/www.peanutoem.com\/manufacturer\/pure-peanut-butter\/#primaryimage\"},\"image\":{\"@id\":\"https:\/\/www.peanutoem.com\/manufacturer\/pure-peanut-butter\/#primaryimage\"},\"thumbnailUrl\":\"https:\/\/www.peanutoem.com\/wp-content\/uploads\/2024\/09\/Pure-Peanut-Butter-OEM-Supplier.webp\",\"datePublished\":\"2024-09-02T13:37:15+00:00\",\"dateModified\":\"2024-09-28T06:03:37+00:00\",\"description\":\"As a top OEM manufacturer and exporter, we supply pure peanut butter made from 100% peanuts. Customizable private label solutions for your business needs.\",\"breadcrumb\":{\"@id\":\"https:\/\/www.peanutoem.com\/manufacturer\/pure-peanut-butter\/#breadcrumb\"},\"inLanguage\":\"et\",\"potentialAction\":[{\"@type\":\"ReadAction\",\"target\":[\"https:\/\/www.peanutoem.com\/manufacturer\/pure-peanut-butter\/\"]}]},{\"@type\":\"ImageObject\",\"inLanguage\":\"et\",\"@id\":\"https:\/\/www.peanutoem.com\/manufacturer\/pure-peanut-butter\/#primaryimage\",\"url\":\"https:\/\/www.peanutoem.com\/wp-content\/uploads\/2024\/09\/Pure-Peanut-Butter-OEM-Supplier.webp\",\"contentUrl\":\"https:\/\/www.peanutoem.com\/wp-content\/uploads\/2024\/09\/Pure-Peanut-Butter-OEM-Supplier.webp\",\"width\":1000,\"height\":1000,\"caption\":\"Pure Peanut Butter OEM Supplier\"},{\"@type\":\"BreadcrumbList\",\"@id\":\"https:\/\/www.peanutoem.com\/manufacturer\/pure-peanut-butter\/#breadcrumb\",\"itemListElement\":[{\"@type\":\"ListItem\",\"position\":1,\"name\":\"Home\",\"item\":\"https:\/\/www.peanutoem.com\/\"},{\"@type\":\"ListItem\",\"position\":2,\"name\":\"Products\",\"item\":\"https:\/\/www.peanutoem.com\/shop\/\"},{\"@type\":\"ListItem\",\"position\":3,\"name\":\"Pure Peanut Butter\"}]},{\"@type\":\"WebSite\",\"@id\":\"https:\/\/www.peanutoem.com\/#website\",\"url\":\"https:\/\/www.peanutoem.com\/\",\"name\":\"Peanut Butter Factory\",\"description\":\"Peanut Butter Manufacturer and Roast Peanut OEM Factory | Peanut Private Label China Supplier\",\"publisher\":{\"@id\":\"https:\/\/www.peanutoem.com\/#organization\"},\"alternateName\":\"Peanut Butter OEM and Wholesale\",\"potentialAction\":[{\"@type\":\"SearchAction\",\"target\":{\"@type\":\"EntryPoint\",\"urlTemplate\":\"https:\/\/www.peanutoem.com\/?s={search_term_string}\"},\"query-input\":{\"@type\":\"PropertyValueSpecification\",\"valueRequired\":true,\"valueName\":\"search_term_string\"}}],\"inLanguage\":\"et\"},{\"@type\":\"Organization\",\"@id\":\"https:\/\/www.peanutoem.com\/#organization\",\"name\":\"Peanut Butter Factory\",\"alternateName\":\"JuFeng Group\",\"url\":\"https:\/\/www.peanutoem.com\/\",\"logo\":{\"@type\":\"ImageObject\",\"inLanguage\":\"et\",\"@id\":\"https:\/\/www.peanutoem.com\/#\/schema\/logo\/image\/\",\"url\":\"https:\/\/www.peanutoem.com\/wp-content\/uploads\/2024\/09\/JUFENG-LOGO.png\",\"contentUrl\":\"https:\/\/www.peanutoem.com\/wp-content\/uploads\/2024\/09\/JUFENG-LOGO.png\",\"width\":600,\"height\":170,\"caption\":\"Peanut Butter Factory\"},\"image\":{\"@id\":\"https:\/\/www.peanutoem.com\/#\/schema\/logo\/image\/\"}}]}<\/script>\n<!-- \/ Yoast SEO plugin. -->","yoast_head_json":{"title":"Pure Peanut Butter OEM Producer - Peanut Butter Factory","description":"As a top OEM manufacturer and exporter, we supply pure peanut butter made from 100% peanuts. Customizable private label solutions for your business needs.","robots":{"index":"index","follow":"follow","max-snippet":"max-snippet:-1","max-image-preview":"max-image-preview:large","max-video-preview":"max-video-preview:-1"},"canonical":"https:\/\/www.peanutoem.com\/et\/manufacturer\/pure-peanut-butter\/","og_locale":"et_EE","og_type":"article","og_title":"Pure Peanut Butter OEM Producer - Peanut Butter Factory","og_description":"As a top OEM manufacturer and exporter, we supply pure peanut butter made from 100% peanuts. Customizable private label solutions for your business needs.","og_url":"https:\/\/www.peanutoem.com\/et\/manufacturer\/pure-peanut-butter\/","og_site_name":"Peanut Butter Factory","article_modified_time":"2024-09-28T06:03:37+00:00","og_image":[{"width":1000,"height":1000,"url":"https:\/\/www.peanutoem.com\/wp-content\/uploads\/2024\/09\/Pure-Peanut-Butter-OEM-Supplier.webp","type":"image\/webp"}],"twitter_card":"summary_large_image","twitter_misc":{"Est. reading time":"3 minutit"},"schema":{"@context":"https:\/\/schema.org","@graph":[{"@type":"WebPage","@id":"https:\/\/www.peanutoem.com\/manufacturer\/pure-peanut-butter\/","url":"https:\/\/www.peanutoem.com\/manufacturer\/pure-peanut-butter\/","name":"Pure Peanut Butter OEM Producer - Peanut Butter Factory","isPartOf":{"@id":"https:\/\/www.peanutoem.com\/#website"},"primaryImageOfPage":{"@id":"https:\/\/www.peanutoem.com\/manufacturer\/pure-peanut-butter\/#primaryimage"},"image":{"@id":"https:\/\/www.peanutoem.com\/manufacturer\/pure-peanut-butter\/#primaryimage"},"thumbnailUrl":"https:\/\/www.peanutoem.com\/wp-content\/uploads\/2024\/09\/Pure-Peanut-Butter-OEM-Supplier.webp","datePublished":"2024-09-02T13:37:15+00:00","dateModified":"2024-09-28T06:03:37+00:00","description":"As a top OEM manufacturer and exporter, we supply pure peanut butter made from 100% peanuts. Customizable private label solutions for your business needs.","breadcrumb":{"@id":"https:\/\/www.peanutoem.com\/manufacturer\/pure-peanut-butter\/#breadcrumb"},"inLanguage":"et","potentialAction":[{"@type":"ReadAction","target":["https:\/\/www.peanutoem.com\/manufacturer\/pure-peanut-butter\/"]}]},{"@type":"ImageObject","inLanguage":"et","@id":"https:\/\/www.peanutoem.com\/manufacturer\/pure-peanut-butter\/#primaryimage","url":"https:\/\/www.peanutoem.com\/wp-content\/uploads\/2024\/09\/Pure-Peanut-Butter-OEM-Supplier.webp","contentUrl":"https:\/\/www.peanutoem.com\/wp-content\/uploads\/2024\/09\/Pure-Peanut-Butter-OEM-Supplier.webp","width":1000,"height":1000,"caption":"Pure Peanut Butter OEM Supplier"},{"@type":"BreadcrumbList","@id":"https:\/\/www.peanutoem.com\/manufacturer\/pure-peanut-butter\/#breadcrumb","itemListElement":[{"@type":"ListItem","position":1,"name":"Home","item":"https:\/\/www.peanutoem.com\/"},{"@type":"ListItem","position":2,"name":"Products","item":"https:\/\/www.peanutoem.com\/shop\/"},{"@type":"ListItem","position":3,"name":"Pure Peanut Butter"}]},{"@type":"WebSite","@id":"https:\/\/www.peanutoem.com\/#website","url":"https:\/\/www.peanutoem.com\/","name":"Peanut Butter Factory","description":"Peanut Butter Manufacturer and Roast Peanut OEM Factory | Peanut Private Label China Supplier","publisher":{"@id":"https:\/\/www.peanutoem.com\/#organization"},"alternateName":"Peanut Butter OEM and Wholesale","potentialAction":[{"@type":"SearchAction","target":{"@type":"EntryPoint","urlTemplate":"https:\/\/www.peanutoem.com\/?s={search_term_string}"},"query-input":{"@type":"PropertyValueSpecification","valueRequired":true,"valueName":"search_term_string"}}],"inLanguage":"et"},{"@type":"Organization","@id":"https:\/\/www.peanutoem.com\/#organization","name":"Peanut Butter Factory","alternateName":"JuFeng Group","url":"https:\/\/www.peanutoem.com\/","logo":{"@type":"ImageObject","inLanguage":"et","@id":"https:\/\/www.peanutoem.com\/#\/schema\/logo\/image\/","url":"https:\/\/www.peanutoem.com\/wp-content\/uploads\/2024\/09\/JUFENG-LOGO.png","contentUrl":"https:\/\/www.peanutoem.com\/wp-content\/uploads\/2024\/09\/JUFENG-LOGO.png","width":600,"height":170,"caption":"Peanut Butter Factory"},"image":{"@id":"https:\/\/www.peanutoem.com\/#\/schema\/logo\/image\/"}}]}},"_links":{"self":[{"href":"https:\/\/www.peanutoem.com\/et\/wp-json\/wp\/v2\/product\/1543","targetHints":{"allow":["GET"]}}],"collection":[{"href":"https:\/\/www.peanutoem.com\/et\/wp-json\/wp\/v2\/product"}],"about":[{"href":"https:\/\/www.peanutoem.com\/et\/wp-json\/wp\/v2\/types\/product"}],"replies":[{"embeddable":true,"href":"https:\/\/www.peanutoem.com\/et\/wp-json\/wp\/v2\/comments?post=1543"}],"wp:featuredmedia":[{"embeddable":true,"href":"https:\/\/www.peanutoem.com\/et\/wp-json\/wp\/v2\/media\/1659"}],"wp:attachment":[{"href":"https:\/\/www.peanutoem.com\/et\/wp-json\/wp\/v2\/media?parent=1543"}],"wp:term":[{"taxonomy":"product_cat","embeddable":true,"href":"https:\/\/www.peanutoem.com\/et\/wp-json\/wp\/v2\/product_cat?post=1543"},{"taxonomy":"product_tag","embeddable":true,"href":"https:\/\/www.peanutoem.com\/et\/wp-json\/wp\/v2\/product_tag?post=1543"}],"curies":[{"name":"wp","href":"https:\/\/api.w.org\/{rel}","templated":true}]}}