{"id":1545,"date":"2024-09-02T13:38:22","date_gmt":"2024-09-02T13:38:22","guid":{"rendered":"https:\/\/www.peanutoem.com\/?post_type=product&#038;p=1545"},"modified":"2024-09-28T05:39:23","modified_gmt":"2024-09-28T05:39:23","slug":"stabilized-peanut-butter","status":"publish","type":"product","link":"https:\/\/www.peanutoem.com\/et\/manufacturer\/stabilized-peanut-butter\/","title":{"rendered":"Stabiliseeritud maap\u00e4hkliv\u00f5i"},"content":{"rendered":"<h3>Mis on stabiliseeritud maap\u00e4hkliv\u00f5i?<\/h3>\n<p>Stabiliseeritud <a href=\"https:\/\/www.peanutoem.com\/et\/Wholesale\/peanut-butter\/\" target=\"_blank\" rel=\"noopener\">maap\u00e4hkliv\u00f5i<\/a> on spetsiaalselt koostatud <a href=\"https:\/\/en.wikipedia.org\/wiki\/Peanut\" target=\"_blank\" rel=\"noopener\">maap\u00e4hkel<\/a> v\u00f5i, mis s\u00e4ilitab aja jooksul oma siidise kreemja tekstuuri ilma \u00f5li-vee eraldumiseta, mis aja jooksul tekib. Erinevalt tavalisest looduslikust maap\u00e4hkliv\u00f5ist, mis kipub loomulikul teel eralduma kihtidena, mille peal on maap\u00e4hkli\u00f5li ja p\u00f5hjas tahke maap\u00e4hklipuru, segatakse stabiliseeritud maap\u00e4hkliv\u00f5i \u00fchtlase tekstuuri tagamiseks nutikalt looduslike stabilisaatoritega, nagu taime\u00f5lid v\u00f5i emulgaatorid. See funktsioon muudab selle parimaks valikuks tarbijatele, kes otsivad mugavust, kuna enne kasutamist pole vaja teha lisatoiminguid, nagu segamine. Stabiliseeritud maap\u00e4hkliv\u00f5i on populaarne oma \u00fchtlase kvaliteedi ja pika s\u00e4ilivusaja poolest ning seda ei armasta mitte ainult kodukasutajad, vaid seda kasutatakse laialdaselt ka toiduainet\u00f6\u00f6stuses.<\/p>\n<h3>Mis on muud nimed?<\/h3>\n<p>Stabiliseeritud maap\u00e4hkliv\u00f5ile v\u00f5ib viidata erinevate nimetustega, sealhulgas:<\/p>\n<ul>\n<li>Kreemjas maap\u00e4hklim\u00e4\u00e4re<\/li>\n<li>Kreemjas stabiliseeritud maap\u00e4hkliv\u00f5i<\/li>\n<li>Emulgeeritud maap\u00e4hkliv\u00f5i<\/li>\n<li>Homogeenne v\u00f5i homogeniseeritud maap\u00e4hkliv\u00f5i<\/li>\n<li>Kauakestev maap\u00e4hklim\u00e4\u00e4re<\/li>\n<li>Segamata maap\u00e4hkliv\u00f5i<\/li>\n<li>Mitteeralduv maap\u00e4hkliv\u00f5i<\/li>\n<li>T\u00f6\u00f6deldud maap\u00e4hkliv\u00f5i<\/li>\n<li>Stabiilne maap\u00e4hkliv\u00f5i<\/li>\n<li>Smooth Spread maap\u00e4hkliv\u00f5i<\/li>\n<li>Smooth Stabiilne maap\u00e4hkliv\u00f5i<\/li>\n<\/ul>\n<h3><strong>Kuumad teemad stabiliseeritud maap\u00e4hkliv\u00f5i kohta<\/strong><\/h3>\n<ol>\n<li><strong> Eelised: <\/strong>Stabiliseeritud maap\u00e4hkliv\u00f5i pakub mitmeid eeliseid, sealhulgas \u00fchtlane tekstuur, mis ei vaja segamist, ja pikem s\u00e4ilivusaeg. See sobib ideaalselt kasutamiseks retseptides ja m\u00e4\u00e4rdena, kus \u00fchtlane tekstuur on \u00fclioluline.<\/li>\n<li><strong> Rakendused toiduainete tootmises:\u00a0<\/strong>T\u00e4nu oma stabiilsusele kasutatakse seda laialdaselt toiduainete tootmises. Seda kasutatakse koostisosana mitmesugustes toodetes, nagu suupistebatoonid, kastmed ja k\u00fcpsetised, kus j\u00e4rjepidevus ja kvaliteet on olulised.<\/li>\n<li><strong> Tarbijate eelistused ja suundumused: <\/strong>Tarbijad eelistavad j\u00e4rjest enam stabiliseeritud maap\u00e4hkliv\u00f5id selle mugavuse ja t\u00f6\u00f6kindluse t\u00f5ttu. Kuna elustiili muutused toovad kaasa tihedama ajagraafiku, koguvad populaarsust tooted, mis pakuvad probleemivaba ladustamist ja ettevalmistamist.<\/li>\n<li><strong> Toitumisaspektid: <\/strong>Stabiliseeritud maap\u00e4hkliv\u00f5i s\u00e4ilitab oma toitev\u00e4\u00e4rtuse, pakkudes samal ajal stabiilset ja \u00fchtlast toodet. See pakub olulisi toitaineid nagu valk, tervislikud rasvad ja vitamiinid, mist\u00f5ttu on see tervislik valik erinevate dieetide jaoks.<\/li>\n<\/ol>\n<h3><strong>Miks valida meid oma tarnijaks?<\/strong><\/h3>\n<ol>\n<li><strong>Miks olete stabiliseeritud maap\u00e4hkliv\u00f5i OEM-teenuste jaoks parim valik?<\/strong><br \/>\nPakume kohandatud lahendusi, kvaliteetseid tooteid ja ulatuslikke teadmisi \u00fclemaailmses tootmises ja ekspordis.<\/li>\n<li><strong>Kas saate kohandada tekstuuri, konsistentsi ja koostisi?<\/strong><br \/>\nJah, me saame kohandada tekstuuri ja t\u00f6\u00f6tada v\u00e4lja ainulaadsed koostised, mis vastavad teie erin\u00f5uetele ja tarbijate eelistustele.<\/li>\n<li><strong>Millised pakendamisv\u00f5imalused on saadaval?<\/strong><br \/>\nPakume erinevaid kohandatavaid pakendiformaate, sealhulgas purke, kotikesi ja puistekonteinereid, mis on kohandatud teie kaubam\u00e4rgi vajadustega.<\/li>\n<li><strong>Kas see on saadaval orgaanilises valikus?<\/strong><br \/>\nAbsoluutselt! Pakume stabiliseeritud maap\u00e4hkliv\u00f5id, mis on valmistatud orgaanilistest maap\u00e4hklitest ja looduslikest koostisosadest.<\/li>\n<li><strong>Kuidas tagate kvaliteedi?<\/strong><br \/>\nMeie ranged kvaliteedikontrolli protsessid ja sertifikaadid, nagu HACCP, BRCGS ja Kosher, tagavad, et iga partii vastab k\u00f5rgeimatele standarditele.<\/li>\n<li><strong>Millised on teie tootmis- ja tarneajad?<\/strong><br \/>\nTarneajad s\u00f5ltuvad tellimuse mahust ja sihtkohast, kuid tagame t\u00f5husa tootmise ja \u00f5igeaegsed tarned, tavaliselt m\u00f5ne n\u00e4dala jooksul.<\/li>\n<li><strong>Kas tegelete rahvusvahelise ekspordiga?<\/strong><br \/>\nJah, me juhime k\u00f5iki \u00fclemaailmse tarne ja vastavuse aspekte, et tagada sujuv kohaletoimetamine.<\/li>\n<li><strong>Millised sertifikaadid teil on?<\/strong><br \/>\nMeie stabiliseeritud maap\u00e4hkliv\u00f5i on sertifitseeritud vastavalt HACCP, Kosher, Halal, BRCGS ja muudele asjakohastele standarditele, tagades toote ohutuse ja kvaliteedi.<\/li>\n<li><strong>Kas saame enne t\u00e4ieliku tellimuse esitamist n\u00f5uda n\u00e4idiseid?<\/strong><br \/>\nJah, pakume proovipartiisid testimiseks, tagades, et see vastab teie ootustele enne suuremat kohustust.<\/li>\n<\/ol>\n<h3><strong>Faktid stabiliseeritud maap\u00e4hkliv\u00f5i kohta\u00a0<\/strong><\/h3>\n<ol>\n<li><strong>Eraldamine puudub:<\/strong> Stabiliseeritud maap\u00e4hkliv\u00f5i ei eraldu \u00f5liks ja kuivaineteks, tagades \u00fchtlase tekstuuri kogu s\u00e4ilivusaja jooksul.<\/li>\n<li><strong>Pikendatud s\u00e4ilivusaeg:<\/strong> Sellel on traditsioonilise maap\u00e4hkliv\u00f5iga v\u00f5rreldes pikem s\u00e4ilivusaeg, mis v\u00e4hendab vajadust sagedaste tagasiostude ja raiskamise j\u00e4rele.<\/li>\n<li><strong>Mugavus:<\/strong> Ideaalne kasutamiseks mitmesugustes rakendustes, kus stabiilne, m\u00e4\u00e4ritav konsistents on \u00fclioluline, n\u00e4iteks toiduainete tootmisel ja jaem\u00fc\u00fcgitoodetes.<\/li>\n<li><strong>Toitainete s\u00e4ilitamine:<\/strong> Vaatamata oma stabiilsusele s\u00e4ilitab see maap\u00e4hklite toitev\u00e4\u00e4rtuse, sealhulgas valkude, tervislike rasvade ja oluliste vitamiinide.<\/li>\n<li><strong>Mitmek\u00fclgne kasutamine:<\/strong> Sobib paljudele toodetele, alates m\u00e4\u00e4retest ja suupistetest kuni t\u00f6\u00f6deldud toitude koostisosade alusteni.<\/li>\n<\/ol>\n<a href=\"mailto:globepeanut@gmail.com\" class=\"button primary is-primary is-medium\"  >\n    <span>Saatke meile e-kiri<\/span>\n  <\/a>","protected":false},"excerpt":{"rendered":"<table width=\"564\">\n<tbody>\n<tr>\n<td width=\"113\"><strong>Toote nimi<\/strong><\/td>\n<td width=\"402\">Stabiliseeritud maap\u00e4hkliv\u00f5i<\/td>\n<\/tr>\n<tr>\n<td width=\"113\"><strong>Tehnilised andmed<\/strong><\/td>\n<td width=\"402\">10 kg x 1, 20 kg x 1, 22 kg x 1<\/td>\n<\/tr>\n<tr>\n<td width=\"113\"><strong>Pakkimisvorm<\/strong><\/td>\n<td width=\"402\">Purk, \u00e4mber, doy pakk, kott, karp, plekk, t\u00fcnn, purk, pudel jne<\/td>\n<\/tr>\n<tr>\n<td width=\"113\"><strong>Tarneaeg<\/strong><\/td>\n<td width=\"402\">7-20 p\u00e4eva p\u00e4rast tellimust<\/td>\n<\/tr>\n<tr>\n<td width=\"113\"><strong>MOQ<\/strong><\/td>\n<td width=\"402\">\u00dcks tonn<\/td>\n<\/tr>\n<tr>\n<td width=\"113\"><strong>N\u00e4idis<\/strong><\/td>\n<td width=\"402\">Saadaval tasuta n\u00e4idis<\/td>\n<\/tr>\n<tr>\n<td width=\"113\"><strong>OEM<\/strong><\/td>\n<td width=\"402\">Ostja silt aktsepteeritud<\/td>\n<\/tr>\n<\/tbody>\n<\/table>","protected":false},"featured_media":1692,"comment_status":"open","ping_status":"closed","template":"","meta":[],"product_cat":[15],"product_tag":[],"class_list":{"0":"post-1545","1":"product","2":"type-product","3":"status-publish","4":"has-post-thumbnail","6":"product_cat-peanut-butter","8":"first","9":"instock","10":"shipping-taxable","11":"product-type-simple"},"yoast_head":"<!-- This site is optimized with the Yoast SEO plugin v24.9 - https:\/\/yoast.com\/wordpress\/plugins\/seo\/ -->\n<title>Stabilized Peanut Butter China Producer - Peanut Butter Factory<\/title>\n<meta name=\"description\" content=\"Leading stabilized peanut butter OEM private label manufacturer and exporter. High-quality and packaging customized to meet global market demands.\" \/>\n<meta name=\"robots\" content=\"index, follow, max-snippet:-1, max-image-preview:large, max-video-preview:-1\" \/>\n<link rel=\"canonical\" href=\"https:\/\/www.peanutoem.com\/et\/manufacturer\/stabilized-peanut-butter\/\" \/>\n<meta property=\"og:locale\" content=\"et_EE\" \/>\n<meta property=\"og:type\" content=\"article\" \/>\n<meta property=\"og:title\" content=\"Stabilized Peanut Butter China Producer - Peanut Butter Factory\" \/>\n<meta property=\"og:description\" content=\"Leading stabilized peanut butter OEM private label manufacturer and exporter. High-quality and packaging customized to meet global market demands.\" \/>\n<meta property=\"og:url\" content=\"https:\/\/www.peanutoem.com\/et\/manufacturer\/stabilized-peanut-butter\/\" \/>\n<meta property=\"og:site_name\" content=\"Peanut Butter Factory\" \/>\n<meta property=\"article:modified_time\" content=\"2024-09-28T05:39:23+00:00\" \/>\n<meta property=\"og:image\" content=\"https:\/\/www.peanutoem.com\/wp-content\/uploads\/2024\/09\/Stabilized-Peanut-Butter-in-Jar.webp\" \/>\n\t<meta property=\"og:image:width\" content=\"1000\" \/>\n\t<meta property=\"og:image:height\" content=\"1000\" \/>\n\t<meta property=\"og:image:type\" content=\"image\/webp\" \/>\n<meta name=\"twitter:card\" content=\"summary_large_image\" \/>\n<meta name=\"twitter:label1\" content=\"Est. reading time\" \/>\n\t<meta name=\"twitter:data1\" content=\"4 minutit\" \/>\n<script type=\"application\/ld+json\" class=\"yoast-schema-graph\">{\"@context\":\"https:\/\/schema.org\",\"@graph\":[{\"@type\":\"WebPage\",\"@id\":\"https:\/\/www.peanutoem.com\/manufacturer\/stabilized-peanut-butter\/\",\"url\":\"https:\/\/www.peanutoem.com\/manufacturer\/stabilized-peanut-butter\/\",\"name\":\"Stabilized Peanut Butter China Producer - Peanut Butter Factory\",\"isPartOf\":{\"@id\":\"https:\/\/www.peanutoem.com\/#website\"},\"primaryImageOfPage\":{\"@id\":\"https:\/\/www.peanutoem.com\/manufacturer\/stabilized-peanut-butter\/#primaryimage\"},\"image\":{\"@id\":\"https:\/\/www.peanutoem.com\/manufacturer\/stabilized-peanut-butter\/#primaryimage\"},\"thumbnailUrl\":\"https:\/\/www.peanutoem.com\/wp-content\/uploads\/2024\/09\/Stabilized-Peanut-Butter-in-Jar.webp\",\"datePublished\":\"2024-09-02T13:38:22+00:00\",\"dateModified\":\"2024-09-28T05:39:23+00:00\",\"description\":\"Leading stabilized peanut butter OEM private label manufacturer and exporter. High-quality and packaging customized to meet global market demands.\",\"breadcrumb\":{\"@id\":\"https:\/\/www.peanutoem.com\/manufacturer\/stabilized-peanut-butter\/#breadcrumb\"},\"inLanguage\":\"et\",\"potentialAction\":[{\"@type\":\"ReadAction\",\"target\":[\"https:\/\/www.peanutoem.com\/manufacturer\/stabilized-peanut-butter\/\"]}]},{\"@type\":\"ImageObject\",\"inLanguage\":\"et\",\"@id\":\"https:\/\/www.peanutoem.com\/manufacturer\/stabilized-peanut-butter\/#primaryimage\",\"url\":\"https:\/\/www.peanutoem.com\/wp-content\/uploads\/2024\/09\/Stabilized-Peanut-Butter-in-Jar.webp\",\"contentUrl\":\"https:\/\/www.peanutoem.com\/wp-content\/uploads\/2024\/09\/Stabilized-Peanut-Butter-in-Jar.webp\",\"width\":1000,\"height\":1000,\"caption\":\"Stabilized Peanut Butter in Jar\"},{\"@type\":\"BreadcrumbList\",\"@id\":\"https:\/\/www.peanutoem.com\/manufacturer\/stabilized-peanut-butter\/#breadcrumb\",\"itemListElement\":[{\"@type\":\"ListItem\",\"position\":1,\"name\":\"Home\",\"item\":\"https:\/\/www.peanutoem.com\/\"},{\"@type\":\"ListItem\",\"position\":2,\"name\":\"Products\",\"item\":\"https:\/\/www.peanutoem.com\/shop\/\"},{\"@type\":\"ListItem\",\"position\":3,\"name\":\"Stabilized Peanut Butter\"}]},{\"@type\":\"WebSite\",\"@id\":\"https:\/\/www.peanutoem.com\/#website\",\"url\":\"https:\/\/www.peanutoem.com\/\",\"name\":\"Peanut Butter Factory\",\"description\":\"Peanut Butter Manufacturer and Roast Peanut OEM Factory | Peanut Private Label China Supplier\",\"publisher\":{\"@id\":\"https:\/\/www.peanutoem.com\/#organization\"},\"alternateName\":\"Peanut Butter OEM and Wholesale\",\"potentialAction\":[{\"@type\":\"SearchAction\",\"target\":{\"@type\":\"EntryPoint\",\"urlTemplate\":\"https:\/\/www.peanutoem.com\/?s={search_term_string}\"},\"query-input\":{\"@type\":\"PropertyValueSpecification\",\"valueRequired\":true,\"valueName\":\"search_term_string\"}}],\"inLanguage\":\"et\"},{\"@type\":\"Organization\",\"@id\":\"https:\/\/www.peanutoem.com\/#organization\",\"name\":\"Peanut Butter Factory\",\"alternateName\":\"JuFeng Group\",\"url\":\"https:\/\/www.peanutoem.com\/\",\"logo\":{\"@type\":\"ImageObject\",\"inLanguage\":\"et\",\"@id\":\"https:\/\/www.peanutoem.com\/#\/schema\/logo\/image\/\",\"url\":\"https:\/\/www.peanutoem.com\/wp-content\/uploads\/2024\/09\/JUFENG-LOGO.png\",\"contentUrl\":\"https:\/\/www.peanutoem.com\/wp-content\/uploads\/2024\/09\/JUFENG-LOGO.png\",\"width\":600,\"height\":170,\"caption\":\"Peanut Butter Factory\"},\"image\":{\"@id\":\"https:\/\/www.peanutoem.com\/#\/schema\/logo\/image\/\"}}]}<\/script>\n<!-- \/ Yoast SEO plugin. -->","yoast_head_json":{"title":"Stabilized Peanut Butter China Producer - Peanut Butter Factory","description":"Leading stabilized peanut butter OEM private label manufacturer and exporter. High-quality and packaging customized to meet global market demands.","robots":{"index":"index","follow":"follow","max-snippet":"max-snippet:-1","max-image-preview":"max-image-preview:large","max-video-preview":"max-video-preview:-1"},"canonical":"https:\/\/www.peanutoem.com\/et\/manufacturer\/stabilized-peanut-butter\/","og_locale":"et_EE","og_type":"article","og_title":"Stabilized Peanut Butter China Producer - Peanut Butter Factory","og_description":"Leading stabilized peanut butter OEM private label manufacturer and exporter. High-quality and packaging customized to meet global market demands.","og_url":"https:\/\/www.peanutoem.com\/et\/manufacturer\/stabilized-peanut-butter\/","og_site_name":"Peanut Butter Factory","article_modified_time":"2024-09-28T05:39:23+00:00","og_image":[{"width":1000,"height":1000,"url":"https:\/\/www.peanutoem.com\/wp-content\/uploads\/2024\/09\/Stabilized-Peanut-Butter-in-Jar.webp","type":"image\/webp"}],"twitter_card":"summary_large_image","twitter_misc":{"Est. reading time":"4 minutit"},"schema":{"@context":"https:\/\/schema.org","@graph":[{"@type":"WebPage","@id":"https:\/\/www.peanutoem.com\/manufacturer\/stabilized-peanut-butter\/","url":"https:\/\/www.peanutoem.com\/manufacturer\/stabilized-peanut-butter\/","name":"Stabilized Peanut Butter China Producer - Peanut Butter Factory","isPartOf":{"@id":"https:\/\/www.peanutoem.com\/#website"},"primaryImageOfPage":{"@id":"https:\/\/www.peanutoem.com\/manufacturer\/stabilized-peanut-butter\/#primaryimage"},"image":{"@id":"https:\/\/www.peanutoem.com\/manufacturer\/stabilized-peanut-butter\/#primaryimage"},"thumbnailUrl":"https:\/\/www.peanutoem.com\/wp-content\/uploads\/2024\/09\/Stabilized-Peanut-Butter-in-Jar.webp","datePublished":"2024-09-02T13:38:22+00:00","dateModified":"2024-09-28T05:39:23+00:00","description":"Leading stabilized peanut butter OEM private label manufacturer and exporter. High-quality and packaging customized to meet global market demands.","breadcrumb":{"@id":"https:\/\/www.peanutoem.com\/manufacturer\/stabilized-peanut-butter\/#breadcrumb"},"inLanguage":"et","potentialAction":[{"@type":"ReadAction","target":["https:\/\/www.peanutoem.com\/manufacturer\/stabilized-peanut-butter\/"]}]},{"@type":"ImageObject","inLanguage":"et","@id":"https:\/\/www.peanutoem.com\/manufacturer\/stabilized-peanut-butter\/#primaryimage","url":"https:\/\/www.peanutoem.com\/wp-content\/uploads\/2024\/09\/Stabilized-Peanut-Butter-in-Jar.webp","contentUrl":"https:\/\/www.peanutoem.com\/wp-content\/uploads\/2024\/09\/Stabilized-Peanut-Butter-in-Jar.webp","width":1000,"height":1000,"caption":"Stabilized Peanut Butter in Jar"},{"@type":"BreadcrumbList","@id":"https:\/\/www.peanutoem.com\/manufacturer\/stabilized-peanut-butter\/#breadcrumb","itemListElement":[{"@type":"ListItem","position":1,"name":"Home","item":"https:\/\/www.peanutoem.com\/"},{"@type":"ListItem","position":2,"name":"Products","item":"https:\/\/www.peanutoem.com\/shop\/"},{"@type":"ListItem","position":3,"name":"Stabilized Peanut Butter"}]},{"@type":"WebSite","@id":"https:\/\/www.peanutoem.com\/#website","url":"https:\/\/www.peanutoem.com\/","name":"Peanut Butter Factory","description":"Peanut Butter Manufacturer and Roast Peanut OEM Factory | Peanut Private Label China Supplier","publisher":{"@id":"https:\/\/www.peanutoem.com\/#organization"},"alternateName":"Peanut Butter OEM and Wholesale","potentialAction":[{"@type":"SearchAction","target":{"@type":"EntryPoint","urlTemplate":"https:\/\/www.peanutoem.com\/?s={search_term_string}"},"query-input":{"@type":"PropertyValueSpecification","valueRequired":true,"valueName":"search_term_string"}}],"inLanguage":"et"},{"@type":"Organization","@id":"https:\/\/www.peanutoem.com\/#organization","name":"Peanut Butter Factory","alternateName":"JuFeng Group","url":"https:\/\/www.peanutoem.com\/","logo":{"@type":"ImageObject","inLanguage":"et","@id":"https:\/\/www.peanutoem.com\/#\/schema\/logo\/image\/","url":"https:\/\/www.peanutoem.com\/wp-content\/uploads\/2024\/09\/JUFENG-LOGO.png","contentUrl":"https:\/\/www.peanutoem.com\/wp-content\/uploads\/2024\/09\/JUFENG-LOGO.png","width":600,"height":170,"caption":"Peanut Butter Factory"},"image":{"@id":"https:\/\/www.peanutoem.com\/#\/schema\/logo\/image\/"}}]}},"_links":{"self":[{"href":"https:\/\/www.peanutoem.com\/et\/wp-json\/wp\/v2\/product\/1545","targetHints":{"allow":["GET"]}}],"collection":[{"href":"https:\/\/www.peanutoem.com\/et\/wp-json\/wp\/v2\/product"}],"about":[{"href":"https:\/\/www.peanutoem.com\/et\/wp-json\/wp\/v2\/types\/product"}],"replies":[{"embeddable":true,"href":"https:\/\/www.peanutoem.com\/et\/wp-json\/wp\/v2\/comments?post=1545"}],"wp:featuredmedia":[{"embeddable":true,"href":"https:\/\/www.peanutoem.com\/et\/wp-json\/wp\/v2\/media\/1692"}],"wp:attachment":[{"href":"https:\/\/www.peanutoem.com\/et\/wp-json\/wp\/v2\/media?parent=1545"}],"wp:term":[{"taxonomy":"product_cat","embeddable":true,"href":"https:\/\/www.peanutoem.com\/et\/wp-json\/wp\/v2\/product_cat?post=1545"},{"taxonomy":"product_tag","embeddable":true,"href":"https:\/\/www.peanutoem.com\/et\/wp-json\/wp\/v2\/product_tag?post=1545"}],"curies":[{"name":"wp","href":"https:\/\/api.w.org\/{rel}","templated":true}]}}