{"id":1553,"date":"2024-09-02T13:58:23","date_gmt":"2024-09-02T13:58:23","guid":{"rendered":"https:\/\/www.peanutoem.com\/?post_type=product&#038;p=1553"},"modified":"2024-09-24T15:21:33","modified_gmt":"2024-09-24T15:21:33","slug":"roasted-peanut-kernels","status":"publish","type":"product","link":"https:\/\/www.peanutoem.com\/et\/manufacturer\/roasted-peanut-kernels\/","title":{"rendered":"R\u00f6stitud maap\u00e4hkli tuumad"},"content":{"rendered":"<h3>Mis on r\u00f6stitud maap\u00e4hkli tuumad?<\/h3>\n<p>R\u00f6stitud maap\u00e4hklituumad on hoolikalt r\u00f6stitud maap\u00e4hklikoore s\u00f6\u00f6dav osa. R\u00f6stimisprotsess suurendab oluliselt maap\u00e4hklite maitset ja maitset. See annab maap\u00e4hklitele atraktiivse p\u00e4hklise aroomi ja kr\u00f5beda tekstuuri, muutes need populaarseks suupistevalikuks ja paljude toiduainete asendamatuks koostisosaks. Nendel r\u00f6stitud maap\u00e4hklituumadel on lai kasutusala, alates klassikalisest maap\u00e4hkliv\u00f5i valmistamisest kuni loominguliste kombinatsioonideni k\u00fcpsetatud suupistete ja kommide vahel ning l\u00f5petades unikaalse maitse lisamisega soolastele roogadele.<\/p>\n<h3>Mis on r\u00f6stitud maap\u00e4hkli tuumade muud nimed?<\/h3>\n<p>R\u00f6stitud maap\u00e4hklituumadele viidatakse m\u00f5nikord alternatiivsete nimetustega, olenevalt piirkonnast v\u00f5i nende kasutamisest. \u00dcldnimetuste hulka kuuluvad:<\/p>\n<ul>\n<li><strong>R\u00f6stitud maap\u00e4hklid<\/strong> (kasutatakse teatud riikides)<\/li>\n<li><strong>Kuivad r\u00f6stitud maap\u00e4hklid<\/strong><\/li>\n<li><strong>R\u00f6stitud maap\u00e4hklid<\/strong><\/li>\n<li><strong>R\u00f6stitud p\u00e4hklituumad<\/strong><\/li>\n<\/ul>\n<p>Need variatsioonid r\u00f5hutavad sama maitsvat, mitmek\u00fclgset r\u00f6stitud maap\u00e4hklitest valmistatud toodet, mis on kohandatud erinevatele t\u00f6\u00f6stusharudele ja maitsele.<\/p>\n<h3>Miks valida meid oma r\u00f6stitud maap\u00e4hklituumade OEM-i tarnijaks?<\/h3>\n<p>Valimine <strong>Hiina JuFeng Group<\/strong> t\u00e4hendab koost\u00f6\u00f6d \u00fche t\u00f6\u00f6stuse k\u00f5ige usaldusv\u00e4\u00e4rsema r\u00f6stitud maap\u00e4hklituuma tarnija ja omam\u00e4rgise tootjaga. Siin on p\u00f5hjus, miks me silma paistame:<\/p>\n<ul>\n<li><strong>Tipptasemel toodang<\/strong>: USA-st imporditud kahe t\u00e4iustatud tootmisliiniga tarnime pidevalt kvaliteetseid r\u00f6stitud maap\u00e4hklituumasid suures mahus.<\/li>\n<li><strong>Kohandatavad OEM-lahendused<\/strong>: Pakume paindlikke originaalseadmete tootjate ja eram\u00e4rgiste teenuseid, mis v\u00f5imaldavad klientidel kohandada toote spetsifikatsioone, pakendeid ja palju muud vastavalt turu konkreetsetele vajadustele.<\/li>\n<li><strong>Sertifikaadid ja vastavus<\/strong>: Meie tooted vastavad \u00fclemaailmsetele ohutus- ja kvaliteedistandarditele, mis on sertifitseeritud BRC, HACCP, Kosheri, Halali ja EU Organic sertifikaatidega.<\/li>\n<li><strong>Usaldusv\u00e4\u00e4rne eksport\u00f6\u00f6r<\/strong>: Juhtiva eksportijana oleme loonud partnerlussuhted suuremate supermarketite ja toidubr\u00e4ndidega kogu maailmas.<\/li>\n<li><strong>Tarneahela ekspertiis<\/strong>: T\u00f6\u00f6tlemisest kuni ladustamiseni tagame \u00f5igeaegse tarnimise ja kvaliteedikontrolli meie iseehitatud temperatuurikontrolliga rajatistega.<\/li>\n<\/ul>\n<h3>Kuumad teemad r\u00f6stitud maap\u00e4hklituumade kohta<\/h3>\n<ul>\n<li><strong>J\u00e4tkusuutlikkus maap\u00e4hklikasvatuses<\/strong>: R\u00f6stitud maap\u00e4hklituumadel, nagu ka teistel maap\u00e4hklitoodetel, on v\u00f5rreldes teiste p\u00e4hklitega v\u00e4ike keskkonnam\u00f5ju, mist\u00f5ttu on need toidutootjate jaoks keskkonnas\u00f5bralikud.<\/li>\n<li><strong>Kasu tervisele<\/strong>: R\u00f6stitud maap\u00e4hklid on rikkad valkude, tervislike rasvade ja kiudainete poolest, pakkudes tarbijatele toitvaid suupisteid.<\/li>\n<li><strong>Uuendused maap\u00e4hklite t\u00f6\u00f6tlemisel<\/strong>: Maap\u00e4hklit\u00f6\u00f6stus areneb pidevalt uute r\u00f6stimistehnikatega, mis parandavad maitset, s\u00e4ilitades samal ajal toitaineid.<\/li>\n<\/ul>\n<h3>Meie valimine ja faktid r\u00f6stitud maap\u00e4hkli tuumade kohta<\/h3>\n<p><strong>1. Mis teeb Hiina JuFeng Groupist r\u00f6stitud maap\u00e4hklituumade juhtiva tarnija?<\/strong><br \/>\nMe \u00fchendame tipptehnoloogia, tohutu kogemuse ja toodete suurep\u00e4rase kohandamise, et pakkuda \u00fclemaailmsetele turgudele kvaliteetseid r\u00f6stitud maap\u00e4hkli tuumasid.<\/p>\n<p><strong>2. Kas pakute r\u00f6stitud maap\u00e4hklituumade omam\u00e4rgiteenuseid?<\/strong><br \/>\nJah, pakume paindlikke eram\u00e4rgiste lahendusi, mis v\u00f5imaldavad teil kohandada toote pakendit, kaubam\u00e4rki ja tuuma spetsifikatsioone vastavalt teie br\u00e4ndi vajadustele.<\/p>\n<p><strong>3. Kas ma saan teilt tellida r\u00f6stitud maap\u00e4hkli tuumasid hulgi?<\/strong><br \/>\nKindlasti pakume hulgiostmise v\u00f5imalusi igas suuruses ettev\u00f5tetele, sealhulgas jaem\u00fc\u00fcjatele, hulgim\u00fc\u00fcjatele ja toiduainete tootjatele.<\/p>\n<p><strong>4. Millised sertifikaadid on teie r\u00f6stitud maap\u00e4hkli tuumadel?<\/strong><br \/>\nMeie tooted vastavad rangetele rahvusvahelistele standarditele ja sertifikaatidele, sealhulgas HACCP, BRC, Kosher, Halal ja EU Organic.<\/p>\n<p><strong>5. Kuidas tagate oma r\u00f6stitud maap\u00e4hkli tuumade kvaliteedi?<\/strong><br \/>\nMeil on spetsiaalne ettev\u00f5ttesisene labor, et viia l\u00e4bi p\u00f5hjalikke katseid, tagades, et iga partii vastab k\u00f5rgetele sensoorsetele, f\u00fc\u00fcsikalistele, keemilistele ja mikroobsetele standarditele.<\/p>\n<p><strong>6. Kas saate kohandada maap\u00e4hkli tuumade r\u00f6stimise taset?<\/strong><br \/>\nJah, pakume kohandatavaid r\u00f6stimistasemeid (hele, keskmine v\u00f5i tume r\u00f6stimine) vastavalt kliendi eelistustele ja turun\u00f5uetele.<\/p>\n<p><strong>7. Kuidas teie r\u00f6stitud maap\u00e4hkli tuumasid v\u00e4rskuse s\u00e4ilitamiseks s\u00e4ilitatakse?<\/strong><br \/>\nMeie tuumasid hoitakse kontrollitud temperatuuriga rajatistes, mis hoiavad \u00e4ra riknemise ja s\u00e4ilitavad toote terviklikkuse saatmise ja k\u00e4sitsemise ajal.<\/p>\n<p><strong>8. Kas ekspordite r\u00f6stitud maap\u00e4hkli tuumasid rahvusvaheliselt?<\/strong><br \/>\nJah, me oleme \u00fclemaailmse v\u00f5rgustikuga kogenud eksportija, kes tarnib r\u00f6stitud maap\u00e4hklituumasid erinevatele turgudele eri kontinentidel.<\/p>\n<p><strong>9. Kas teie r\u00f6stitud maap\u00e4hklituumad sobivad maap\u00e4hkliv\u00f5i tootmiseks kasutamiseks?<\/strong><br \/>\nMeie r\u00f6stitud maap\u00e4hklituumad sobivad suurep\u00e4raselt maap\u00e4hkliv\u00f5i tootmiseks, pakkudes \u00fclimat maitset ja tekstuuri.<\/p>","protected":false},"excerpt":{"rendered":"<p>Oleme r\u00f6stitud maap\u00e4hkli tuumade tootja ja tarnija Hiinas<\/p>\n<p>- MOQ: 1 tonn<br \/>\n- Pakutakse OEM\/ODM-teenust<br \/>\n- Saadaval on tasuta n\u00e4idis<br \/>\n- N\u00f5ustuge kohandamisega (spetsifikatsioonid, v\u00e4rv, suurused, pakend, disain jne)<\/p>\n<p>Kui soovite hankida r\u00f6stitud maap\u00e4hkli tuumasid, v\u00f5tke meiega \u00fchendust.<\/p>","protected":false},"featured_media":1697,"comment_status":"open","ping_status":"closed","template":"","meta":[],"product_cat":[37],"product_tag":[],"class_list":{"0":"post-1553","1":"product","2":"type-product","3":"status-publish","4":"has-post-thumbnail","6":"product_cat-roasted-peanut","8":"first","9":"instock","10":"featured","11":"shipping-taxable","12":"product-type-simple"},"yoast_head":"<!-- This site is optimized with the Yoast SEO plugin v24.9 - https:\/\/yoast.com\/wordpress\/plugins\/seo\/ -->\n<title>Roasted Peanut Kernels - Peanut Butter Factory<\/title>\n<meta name=\"description\" content=\"Premium Roasted Peanut Kernels OEM supplier, private label manufacturer, and exporter. Choose us for superior quality and customizable options.\" \/>\n<meta name=\"robots\" content=\"index, follow, max-snippet:-1, max-image-preview:large, max-video-preview:-1\" \/>\n<link rel=\"canonical\" href=\"https:\/\/www.peanutoem.com\/et\/manufacturer\/roasted-peanut-kernels\/\" \/>\n<meta property=\"og:locale\" content=\"et_EE\" \/>\n<meta property=\"og:type\" content=\"article\" \/>\n<meta property=\"og:title\" content=\"Roasted Peanut Kernels - Peanut Butter Factory\" \/>\n<meta property=\"og:description\" content=\"Premium Roasted Peanut Kernels OEM supplier, private label manufacturer, and exporter. Choose us for superior quality and customizable options.\" \/>\n<meta property=\"og:url\" content=\"https:\/\/www.peanutoem.com\/et\/manufacturer\/roasted-peanut-kernels\/\" \/>\n<meta property=\"og:site_name\" content=\"Peanut Butter Factory\" \/>\n<meta property=\"article:modified_time\" content=\"2024-09-24T15:21:33+00:00\" \/>\n<meta property=\"og:image\" content=\"https:\/\/www.peanutoem.com\/wp-content\/uploads\/2024\/09\/Roasted-Peanut-Kernels-on-plate-scaled.webp\" \/>\n\t<meta property=\"og:image:width\" content=\"2560\" \/>\n\t<meta property=\"og:image:height\" content=\"1707\" \/>\n\t<meta property=\"og:image:type\" content=\"image\/webp\" \/>\n<meta name=\"twitter:card\" content=\"summary_large_image\" \/>\n<meta name=\"twitter:label1\" content=\"Est. reading time\" \/>\n\t<meta name=\"twitter:data1\" content=\"3 minutit\" \/>\n<script type=\"application\/ld+json\" class=\"yoast-schema-graph\">{\"@context\":\"https:\/\/schema.org\",\"@graph\":[{\"@type\":\"WebPage\",\"@id\":\"https:\/\/www.peanutoem.com\/manufacturer\/roasted-peanut-kernels\/\",\"url\":\"https:\/\/www.peanutoem.com\/manufacturer\/roasted-peanut-kernels\/\",\"name\":\"Roasted Peanut Kernels - Peanut Butter Factory\",\"isPartOf\":{\"@id\":\"https:\/\/www.peanutoem.com\/#website\"},\"primaryImageOfPage\":{\"@id\":\"https:\/\/www.peanutoem.com\/manufacturer\/roasted-peanut-kernels\/#primaryimage\"},\"image\":{\"@id\":\"https:\/\/www.peanutoem.com\/manufacturer\/roasted-peanut-kernels\/#primaryimage\"},\"thumbnailUrl\":\"https:\/\/www.peanutoem.com\/wp-content\/uploads\/2024\/09\/Roasted-Peanut-Kernels-on-plate-scaled.webp\",\"datePublished\":\"2024-09-02T13:58:23+00:00\",\"dateModified\":\"2024-09-24T15:21:33+00:00\",\"description\":\"Premium Roasted Peanut Kernels OEM supplier, private label manufacturer, and exporter. Choose us for superior quality and customizable options.\",\"breadcrumb\":{\"@id\":\"https:\/\/www.peanutoem.com\/manufacturer\/roasted-peanut-kernels\/#breadcrumb\"},\"inLanguage\":\"et\",\"potentialAction\":[{\"@type\":\"ReadAction\",\"target\":[\"https:\/\/www.peanutoem.com\/manufacturer\/roasted-peanut-kernels\/\"]}]},{\"@type\":\"ImageObject\",\"inLanguage\":\"et\",\"@id\":\"https:\/\/www.peanutoem.com\/manufacturer\/roasted-peanut-kernels\/#primaryimage\",\"url\":\"https:\/\/www.peanutoem.com\/wp-content\/uploads\/2024\/09\/Roasted-Peanut-Kernels-on-plate-scaled.webp\",\"contentUrl\":\"https:\/\/www.peanutoem.com\/wp-content\/uploads\/2024\/09\/Roasted-Peanut-Kernels-on-plate-scaled.webp\",\"width\":2560,\"height\":1707,\"caption\":\"Roasted Peanut Kernels on plate\"},{\"@type\":\"BreadcrumbList\",\"@id\":\"https:\/\/www.peanutoem.com\/manufacturer\/roasted-peanut-kernels\/#breadcrumb\",\"itemListElement\":[{\"@type\":\"ListItem\",\"position\":1,\"name\":\"Home\",\"item\":\"https:\/\/www.peanutoem.com\/\"},{\"@type\":\"ListItem\",\"position\":2,\"name\":\"Products\",\"item\":\"https:\/\/www.peanutoem.com\/shop\/\"},{\"@type\":\"ListItem\",\"position\":3,\"name\":\"Roasted Peanut Kernels\"}]},{\"@type\":\"WebSite\",\"@id\":\"https:\/\/www.peanutoem.com\/#website\",\"url\":\"https:\/\/www.peanutoem.com\/\",\"name\":\"Peanut Butter Factory\",\"description\":\"Peanut Butter Manufacturer and Roast Peanut OEM Factory | Peanut Private Label China Supplier\",\"publisher\":{\"@id\":\"https:\/\/www.peanutoem.com\/#organization\"},\"alternateName\":\"Peanut Butter OEM and Wholesale\",\"potentialAction\":[{\"@type\":\"SearchAction\",\"target\":{\"@type\":\"EntryPoint\",\"urlTemplate\":\"https:\/\/www.peanutoem.com\/?s={search_term_string}\"},\"query-input\":{\"@type\":\"PropertyValueSpecification\",\"valueRequired\":true,\"valueName\":\"search_term_string\"}}],\"inLanguage\":\"et\"},{\"@type\":\"Organization\",\"@id\":\"https:\/\/www.peanutoem.com\/#organization\",\"name\":\"Peanut Butter Factory\",\"alternateName\":\"JuFeng Group\",\"url\":\"https:\/\/www.peanutoem.com\/\",\"logo\":{\"@type\":\"ImageObject\",\"inLanguage\":\"et\",\"@id\":\"https:\/\/www.peanutoem.com\/#\/schema\/logo\/image\/\",\"url\":\"https:\/\/www.peanutoem.com\/wp-content\/uploads\/2024\/09\/JUFENG-LOGO.png\",\"contentUrl\":\"https:\/\/www.peanutoem.com\/wp-content\/uploads\/2024\/09\/JUFENG-LOGO.png\",\"width\":600,\"height\":170,\"caption\":\"Peanut Butter Factory\"},\"image\":{\"@id\":\"https:\/\/www.peanutoem.com\/#\/schema\/logo\/image\/\"}}]}<\/script>\n<!-- \/ Yoast SEO plugin. -->","yoast_head_json":{"title":"Roasted Peanut Kernels - Peanut Butter Factory","description":"Premium Roasted Peanut Kernels OEM supplier, private label manufacturer, and exporter. Choose us for superior quality and customizable options.","robots":{"index":"index","follow":"follow","max-snippet":"max-snippet:-1","max-image-preview":"max-image-preview:large","max-video-preview":"max-video-preview:-1"},"canonical":"https:\/\/www.peanutoem.com\/et\/manufacturer\/roasted-peanut-kernels\/","og_locale":"et_EE","og_type":"article","og_title":"Roasted Peanut Kernels - Peanut Butter Factory","og_description":"Premium Roasted Peanut Kernels OEM supplier, private label manufacturer, and exporter. Choose us for superior quality and customizable options.","og_url":"https:\/\/www.peanutoem.com\/et\/manufacturer\/roasted-peanut-kernels\/","og_site_name":"Peanut Butter Factory","article_modified_time":"2024-09-24T15:21:33+00:00","og_image":[{"width":2560,"height":1707,"url":"https:\/\/www.peanutoem.com\/wp-content\/uploads\/2024\/09\/Roasted-Peanut-Kernels-on-plate-scaled.webp","type":"image\/webp"}],"twitter_card":"summary_large_image","twitter_misc":{"Est. reading time":"3 minutit"},"schema":{"@context":"https:\/\/schema.org","@graph":[{"@type":"WebPage","@id":"https:\/\/www.peanutoem.com\/manufacturer\/roasted-peanut-kernels\/","url":"https:\/\/www.peanutoem.com\/manufacturer\/roasted-peanut-kernels\/","name":"Roasted Peanut Kernels - Peanut Butter Factory","isPartOf":{"@id":"https:\/\/www.peanutoem.com\/#website"},"primaryImageOfPage":{"@id":"https:\/\/www.peanutoem.com\/manufacturer\/roasted-peanut-kernels\/#primaryimage"},"image":{"@id":"https:\/\/www.peanutoem.com\/manufacturer\/roasted-peanut-kernels\/#primaryimage"},"thumbnailUrl":"https:\/\/www.peanutoem.com\/wp-content\/uploads\/2024\/09\/Roasted-Peanut-Kernels-on-plate-scaled.webp","datePublished":"2024-09-02T13:58:23+00:00","dateModified":"2024-09-24T15:21:33+00:00","description":"Premium Roasted Peanut Kernels OEM supplier, private label manufacturer, and exporter. Choose us for superior quality and customizable options.","breadcrumb":{"@id":"https:\/\/www.peanutoem.com\/manufacturer\/roasted-peanut-kernels\/#breadcrumb"},"inLanguage":"et","potentialAction":[{"@type":"ReadAction","target":["https:\/\/www.peanutoem.com\/manufacturer\/roasted-peanut-kernels\/"]}]},{"@type":"ImageObject","inLanguage":"et","@id":"https:\/\/www.peanutoem.com\/manufacturer\/roasted-peanut-kernels\/#primaryimage","url":"https:\/\/www.peanutoem.com\/wp-content\/uploads\/2024\/09\/Roasted-Peanut-Kernels-on-plate-scaled.webp","contentUrl":"https:\/\/www.peanutoem.com\/wp-content\/uploads\/2024\/09\/Roasted-Peanut-Kernels-on-plate-scaled.webp","width":2560,"height":1707,"caption":"Roasted Peanut Kernels on plate"},{"@type":"BreadcrumbList","@id":"https:\/\/www.peanutoem.com\/manufacturer\/roasted-peanut-kernels\/#breadcrumb","itemListElement":[{"@type":"ListItem","position":1,"name":"Home","item":"https:\/\/www.peanutoem.com\/"},{"@type":"ListItem","position":2,"name":"Products","item":"https:\/\/www.peanutoem.com\/shop\/"},{"@type":"ListItem","position":3,"name":"Roasted Peanut Kernels"}]},{"@type":"WebSite","@id":"https:\/\/www.peanutoem.com\/#website","url":"https:\/\/www.peanutoem.com\/","name":"Peanut Butter Factory","description":"Peanut Butter Manufacturer and Roast Peanut OEM Factory | Peanut Private Label China Supplier","publisher":{"@id":"https:\/\/www.peanutoem.com\/#organization"},"alternateName":"Peanut Butter OEM and Wholesale","potentialAction":[{"@type":"SearchAction","target":{"@type":"EntryPoint","urlTemplate":"https:\/\/www.peanutoem.com\/?s={search_term_string}"},"query-input":{"@type":"PropertyValueSpecification","valueRequired":true,"valueName":"search_term_string"}}],"inLanguage":"et"},{"@type":"Organization","@id":"https:\/\/www.peanutoem.com\/#organization","name":"Peanut Butter Factory","alternateName":"JuFeng Group","url":"https:\/\/www.peanutoem.com\/","logo":{"@type":"ImageObject","inLanguage":"et","@id":"https:\/\/www.peanutoem.com\/#\/schema\/logo\/image\/","url":"https:\/\/www.peanutoem.com\/wp-content\/uploads\/2024\/09\/JUFENG-LOGO.png","contentUrl":"https:\/\/www.peanutoem.com\/wp-content\/uploads\/2024\/09\/JUFENG-LOGO.png","width":600,"height":170,"caption":"Peanut Butter Factory"},"image":{"@id":"https:\/\/www.peanutoem.com\/#\/schema\/logo\/image\/"}}]}},"_links":{"self":[{"href":"https:\/\/www.peanutoem.com\/et\/wp-json\/wp\/v2\/product\/1553","targetHints":{"allow":["GET"]}}],"collection":[{"href":"https:\/\/www.peanutoem.com\/et\/wp-json\/wp\/v2\/product"}],"about":[{"href":"https:\/\/www.peanutoem.com\/et\/wp-json\/wp\/v2\/types\/product"}],"replies":[{"embeddable":true,"href":"https:\/\/www.peanutoem.com\/et\/wp-json\/wp\/v2\/comments?post=1553"}],"wp:featuredmedia":[{"embeddable":true,"href":"https:\/\/www.peanutoem.com\/et\/wp-json\/wp\/v2\/media\/1697"}],"wp:attachment":[{"href":"https:\/\/www.peanutoem.com\/et\/wp-json\/wp\/v2\/media?parent=1553"}],"wp:term":[{"taxonomy":"product_cat","embeddable":true,"href":"https:\/\/www.peanutoem.com\/et\/wp-json\/wp\/v2\/product_cat?post=1553"},{"taxonomy":"product_tag","embeddable":true,"href":"https:\/\/www.peanutoem.com\/et\/wp-json\/wp\/v2\/product_tag?post=1553"}],"curies":[{"name":"wp","href":"https:\/\/api.w.org\/{rel}","templated":true}]}}