{"id":1554,"date":"2024-09-02T13:59:01","date_gmt":"2024-09-02T13:59:01","guid":{"rendered":"https:\/\/www.peanutoem.com\/?post_type=product&#038;p=1554"},"modified":"2024-09-28T05:11:42","modified_gmt":"2024-09-28T05:11:42","slug":"roasted-blanched-peanut","status":"publish","type":"product","link":"https:\/\/www.peanutoem.com\/et\/manufacturer\/roasted-blanched-peanut\/","title":{"rendered":"R\u00f6stitud blan\u0161eeritud maap\u00e4hkel"},"content":{"rendered":"<h3><strong>Mis on r\u00f6stitud blan\u0161eeritud maap\u00e4hkel?<\/strong><\/h3>\n<p>R\u00f6stitud blan\u0161eeritud maap\u00e4hklid l\u00e4bivad spetsiifilise kaheetapilise protsessi. Esiteks blan\u0161eeritakse toored maap\u00e4hklid, mis h\u00f5lmab v\u00e4lise kesta eemaldamist kuumutamise ja \u00f5rnade mehaaniliste vahenditega. J\u00e4rgmisena r\u00f6stitakse need t\u00e4iuslikuks, mille tulemuseks on rikkalik, p\u00e4hkline maitse ja kr\u00f5mpsuv tekstuur. Need maap\u00e4hklid sobivad ideaalselt erinevateks rakendusteks, sealhulgas suupistete tootmiseks, kondiitritoodeteks, maap\u00e4hkliv\u00f5i tootmiseks ja soolaste roogade koostisosadeks.<\/p>\n<p>Lisaks pakuvad blan\u0161eeritud r\u00f6stitud maap\u00e4hklid puhta ja sileda v\u00e4limuse lisaeelist. See kvaliteet muudab need v\u00e4ga soovitavaks toodete puhul, mille visuaalne atraktiivsus ja \u00fchtlus on \u00fcliolulised.<\/p>\n<h3><strong>Mis on r\u00f6stitud blan\u0161eeritud maap\u00e4hklite muud nimed?<\/strong><\/h3>\n<p>R\u00f6stitud blan\u0161eeritud maap\u00e4hklitele v\u00f5ib viidata mitme nimega, olenevalt piirkondlikest eelistustest v\u00f5i t\u00f6\u00f6stusharu kasutusest:<\/p>\n<ul>\n<li>Nahata r\u00f6stitud maap\u00e4hklid<\/li>\n<li>Blan\u0161eeritud ja r\u00f6stitud maap\u00e4hklid<\/li>\n<li>R\u00f6stitud valged maap\u00e4hklid<\/li>\n<li>Blan\u0161eeritud maap\u00e4hklid<\/li>\n<li>Blan\u0161eeritud maap\u00e4hkli tuumad<\/li>\n<li>Tervelt blan\u0161eeritud r\u00f6stitud maap\u00e4hklid<\/li>\n<\/ul>\n<p>Need nimetused kajastavad valmistamisprotsessi, mille k\u00e4igus maap\u00e4hklikoored eemaldatakse enne r\u00f6stimist, mille tulemuseks on sile ja ahvatlev l\u00f5pptoode.<\/p>\n<h3><img loading=\"lazy\" decoding=\"async\" class=\"alignnone wp-image-1702 size-full\" src=\"https:\/\/www.peanutoem.com\/wp-content\/uploads\/2024\/09\/Whole-Roasted-Blanched-Peanut-.webp\" alt=\"Terve r\u00f6stitud blan\u0161eeritud maap\u00e4hkel\" width=\"1000\" height=\"1000\" srcset=\"https:\/\/www.peanutoem.com\/wp-content\/uploads\/2024\/09\/Whole-Roasted-Blanched-Peanut-.webp 1000w, https:\/\/www.peanutoem.com\/wp-content\/uploads\/2024\/09\/Whole-Roasted-Blanched-Peanut--300x300.webp 300w, https:\/\/www.peanutoem.com\/wp-content\/uploads\/2024\/09\/Whole-Roasted-Blanched-Peanut--150x150.webp 150w, https:\/\/www.peanutoem.com\/wp-content\/uploads\/2024\/09\/Whole-Roasted-Blanched-Peanut--768x768.webp 768w, https:\/\/www.peanutoem.com\/wp-content\/uploads\/2024\/09\/Whole-Roasted-Blanched-Peanut--12x12.webp 12w, https:\/\/www.peanutoem.com\/wp-content\/uploads\/2024\/09\/Whole-Roasted-Blanched-Peanut--600x600.webp 600w, https:\/\/www.peanutoem.com\/wp-content\/uploads\/2024\/09\/Whole-Roasted-Blanched-Peanut--100x100.webp 100w\" sizes=\"auto, (max-width: 1000px) 100vw, 1000px\" \/><\/h3>\n<h3><strong>Miks valida meid oma r\u00f6stitud blan\u0161eeritud maap\u00e4hkli OEM-i tarnijaks?<\/strong><\/h3>\n<p>Oleme r\u00f6stitud blan\u0161eeritud maap\u00e4hkli tootmise turul juhtivad positsioonid, pakkudes nii r\u00f6stitud blan\u0161eeritud maap\u00e4hklit kui ka r\u00f6stitud blan\u0161eeritud maap\u00e4hklipoolikuid. Siin on p\u00f5hjus, miks me oleme teie parim partner:<\/p>\n<ul>\n<li><strong>OEM-lahenduste asjatundlikkus<\/strong>: Meie t\u00e4iustatud tootmisv\u00f5imalustega pakume kohandatud originaalseadmete valmistaja teenuseid, mis vastavad teie toote spetsifikatsioonidele alates r\u00f6stimistasemest kuni pakendamise n\u00f5ueteni.<\/li>\n<li><strong>Private Label Manufacturing<\/strong>: Oleme spetsialiseerunud oma kaubam\u00e4rkide tootmisele, v\u00f5imaldades br\u00e4ndidel kasutada meie teadmisi, arendades samal ajal oma tooteid.<\/li>\n<li><strong>\u00dclemaailmsed ekspordiv\u00f5imalused<\/strong>: Kogenud eksportijana teenindame kliente \u00fcle kogu maailma t\u00f5husa logistika ja \u00fchtlase kvaliteediga.<\/li>\n<li><strong>Sertifitseeritud kvaliteedi tagamine<\/strong>: Meie tooted on sertifitseeritud HACCP, BRCGS, Halal, Kosher ja EU Organic standardite alusel, tagades vastavuse \u00fclemaailmsetele toiduohutuse ja kvaliteedi eeskirjadele.<\/li>\n<li><strong>J\u00e4tkusuutlikkus ja usaldusv\u00e4\u00e4rsus<\/strong>: Seame prioriteediks s\u00e4\u00e4stvad tootmismeetodid ja s\u00e4ilitame tarneahela tugeva t\u00f6\u00f6kindluse, et vastata meie klientide vajadustele \u00fcle kogu maailma.<\/li>\n<\/ul>\n<h3><strong>Kuumad teemad r\u00f6stitud blan\u0161eeritud maap\u00e4hklite kohta<\/strong><\/h3>\n<ul>\n<li><strong>Terve vs poolikud<\/strong>: R\u00f6stitud blan\u0161eeritud maap\u00e4hklite ja r\u00f6stitud blan\u0161eeritud maap\u00e4hklipoolikute kasutusjuhtude m\u00f5istmine on tootjate jaoks \u00fclioluline. Terveid maap\u00e4hkleid kasutatakse sageli esmaklassilistes suupistetes, poolitatud maap\u00e4hkleid aga eelistatakse toiduainete tootmiseks, k\u00fcpsetamiseks ja maap\u00e4hkliv\u00f5iks.<\/li>\n<li><strong>R\u00f6stitud blan\u0161eeritud maap\u00e4hklite kasulikkus tervisele<\/strong>: Blan\u0161eeritud maap\u00e4hklites on s\u00e4ilinud palju toores maap\u00e4hklite toitev\u00e4\u00e4rtust, sealhulgas valku, tervislikke rasvu ning olulisi vitamiine ja mineraalaineid, mist\u00f5ttu on need tark valik terviseteadlikele tarbijatele.<\/li>\n<li><strong>Kasvav n\u00f5udlus puhta etiketiga koostisosade j\u00e4rele<\/strong>: Kuna rohkem tarbijaid otsib minimaalselt t\u00f6\u00f6deldud tooteid, on r\u00f6stitud blan\u0161eeritud maap\u00e4hklid suurep\u00e4rane koostisosa valik suupistete ja toiduainete jaoks, mida turustatakse puhta m\u00e4rgistusena.<\/li>\n<li><strong>Maap\u00e4hklite j\u00e4tkusuutlikkus ja keskkonnam\u00f5ju<\/strong>: V\u00f5rreldes teiste p\u00e4hklitega, vajavad maap\u00e4hklid, sealhulgas blan\u0161eeritud sordid, kasvatamiseks v\u00e4hem ressursse, mist\u00f5ttu on need toiduettev\u00f5tetele j\u00e4tkusuutlikud valikud, mis soovivad oma keskkonnajalaj\u00e4lge v\u00e4hendada.<\/li>\n<\/ul>\n<h3><strong>KKK meie rolli kohta r\u00f6stitud blan\u0161eeritud maap\u00e4hklite tootjana<\/strong><\/h3>\n<ol>\n<li><strong>Mis kasu on blan\u0161eeritud maap\u00e4hklitest?<\/strong><br \/>\nBlan\u0161eeritud maap\u00e4hklitelt on eemaldatud koor, mis annab puhtama v\u00e4limuse ja \u00fchtlase tekstuuri, mis sobib ideaalselt suupistete ja visuaalselt juhitavate toodete jaoks.<\/li>\n<li><strong>Kas pakute oma kaubam\u00e4rgi valikuid?<\/strong><br \/>\nJah, me oleme spetsialiseerunud eram\u00e4rgistuse tootmisele, mis on t\u00e4ielikult kohandatud teie kaubam\u00e4rgi pakendile ja spetsifikatsioonidele.<\/li>\n<li><strong>Kas ma saan r\u00f6stimise taset kohandada?<\/strong><br \/>\nAbsoluutselt! Pakume r\u00f6stimisv\u00f5imalusi heledast tumedani, mis on kohandatud teie eelistustele ja turu vajadustele.<\/li>\n<li><strong>Kuidas hoiad v\u00e4rskust?<\/strong><br \/>\nLadustame maap\u00e4hkleid kontrollitud temperatuuriga ruumides, et tagada nende v\u00e4rske ja kvaliteetne s\u00e4ilimine ladustamise ja transpordi ajal.<\/li>\n<li><strong>Kas ekspordite \u00fclemaailmselt?<\/strong><br \/>\nJah, meil on laialdased kogemused r\u00f6stitud blan\u0161eeritud maap\u00e4hklite eksportimisel t\u00f5husa logistikaga erinevatele rahvusvahelistele turgudele.<\/li>\n<li><strong>Mis on teie maap\u00e4hklite s\u00e4ilivusaeg?<\/strong><br \/>\nMeie r\u00f6stitud blan\u0161eeritud maap\u00e4hklid s\u00e4ilivad \u00f5igel s\u00e4ilitamisel 12\u201318 kuud, tagades p\u00fcsiva v\u00e4rskuse ja maitse.<\/li>\n<li><strong>Millised on r\u00f6stitud blan\u0161eeritud maap\u00e4hklite tavalised kasutusalad?<\/strong><br \/>\nNeed on populaarsed suupistetes, kondiitritoodetes, maap\u00e4hkliv\u00f5is ning soolaste ja k\u00fcpsetiste koostisosadena.<\/li>\n<li><strong>Kuidas on r\u00f6stitud blan\u0161eeritud maap\u00e4hklid v\u00f5rreldes teiste sortidega?<\/strong><br \/>\nR\u00f6stitud blan\u0161eeritud maap\u00e4hklid on siledama ja puhtama v\u00e4limusega, kuna nende kest on eemaldatud. See kvaliteet muudab need ideaalseks esmaklassiliste toodete jaoks, mis vajavad \u00fchtlast tekstuuri.<\/li>\n<\/ol>\n<div class=\"flex max-w-full flex-col flex-grow\">\n<div class=\"min-h-8 text-message flex w-full flex-col items-end gap-2 whitespace-normal break-words [.text-message+&amp;]:mt-5\" dir=\"auto\" data-message-author-role=\"assistant\" data-message-id=\"31ea6229-78d6-4c3f-8f61-fea9e8392c9b\">\n<div class=\"flex w-full flex-col gap-1 empty:hidden first:pt-[3px]\">\n<div class=\"markdown prose w-full break-words dark:prose-invert dark\">\n<a href=\"mailto:globepeanut@gmail.com\" class=\"button primary is-primary is-medium\"  >\n    <span>Saatke meile e-kiri<\/span>\n  <\/a>\n\n<\/div>\n<\/div>\n<\/div>\n<\/div>\n<div class=\"mb-2 flex gap-3 empty:hidden -ml-2\">\n<div class=\"items-center justify-start rounded-xl p-1 flex\"><\/div>\n<\/div>","protected":false},"excerpt":{"rendered":"<p>Oleme r\u00f6stitud blan\u0161eeritud maap\u00e4hklite tootja ja tarnija Hiinas<\/p>\n<p>- MOQ: 1 tonn<br \/>\n- Pakutakse OEM\/ODM-teenust<br \/>\n- Saadaval on tasuta n\u00e4idis<br \/>\n- N\u00f5ustuge kohandamisega (spetsifikatsioonid, suurused, v\u00e4rv, disain jne)<br \/>\n\u2013 T\u00fc\u00fcp: terve r\u00f6stitud maap\u00e4hkel, poolik r\u00f6stitud maap\u00e4hkel<\/p>\n<p>Kui soovite saada r\u00f6stitud blan\u0161eeritud maap\u00e4hkli hindu, v\u00f5tke meiega \u00fchendust.<\/p>","protected":false},"featured_media":1701,"comment_status":"open","ping_status":"closed","template":"","meta":[],"product_cat":[37],"product_tag":[],"class_list":{"0":"post-1554","1":"product","2":"type-product","3":"status-publish","4":"has-post-thumbnail","6":"product_cat-roasted-peanut","8":"first","9":"instock","10":"shipping-taxable","11":"product-type-simple"},"yoast_head":"<!-- This site is optimized with the Yoast SEO plugin v24.9 - https:\/\/yoast.com\/wordpress\/plugins\/seo\/ -->\n<title>Roasted Blanched Peanut China Wholesaler - Peanut Butter Factory<\/title>\n<meta name=\"description\" content=\"High-quality Roasted Blanched Peanut OEM supplier, private label manufacturer, and exporter. Choose us for customizable solutions and global expertise.\" \/>\n<meta name=\"robots\" content=\"index, follow, max-snippet:-1, max-image-preview:large, max-video-preview:-1\" \/>\n<link rel=\"canonical\" href=\"https:\/\/www.peanutoem.com\/et\/manufacturer\/roasted-blanched-peanut\/\" \/>\n<meta property=\"og:locale\" content=\"et_EE\" \/>\n<meta property=\"og:type\" content=\"article\" \/>\n<meta property=\"og:title\" content=\"Roasted Blanched Peanut China Wholesaler - Peanut Butter Factory\" \/>\n<meta property=\"og:description\" content=\"High-quality Roasted Blanched Peanut OEM supplier, private label manufacturer, and exporter. Choose us for customizable solutions and global expertise.\" \/>\n<meta property=\"og:url\" content=\"https:\/\/www.peanutoem.com\/et\/manufacturer\/roasted-blanched-peanut\/\" \/>\n<meta property=\"og:site_name\" content=\"Peanut Butter Factory\" \/>\n<meta property=\"article:modified_time\" content=\"2024-09-28T05:11:42+00:00\" \/>\n<meta property=\"og:image\" content=\"https:\/\/www.peanutoem.com\/wp-content\/uploads\/2024\/09\/Whole-Roast-Blanched-Peanut-.webp\" \/>\n\t<meta property=\"og:image:width\" content=\"1000\" \/>\n\t<meta property=\"og:image:height\" content=\"1000\" \/>\n\t<meta property=\"og:image:type\" content=\"image\/webp\" \/>\n<meta name=\"twitter:card\" content=\"summary_large_image\" \/>\n<meta name=\"twitter:label1\" content=\"Est. reading time\" \/>\n\t<meta name=\"twitter:data1\" content=\"4 minutit\" \/>\n<script type=\"application\/ld+json\" class=\"yoast-schema-graph\">{\"@context\":\"https:\/\/schema.org\",\"@graph\":[{\"@type\":\"WebPage\",\"@id\":\"https:\/\/www.peanutoem.com\/manufacturer\/roasted-blanched-peanut\/\",\"url\":\"https:\/\/www.peanutoem.com\/manufacturer\/roasted-blanched-peanut\/\",\"name\":\"Roasted Blanched Peanut China Wholesaler - Peanut Butter Factory\",\"isPartOf\":{\"@id\":\"https:\/\/www.peanutoem.com\/#website\"},\"primaryImageOfPage\":{\"@id\":\"https:\/\/www.peanutoem.com\/manufacturer\/roasted-blanched-peanut\/#primaryimage\"},\"image\":{\"@id\":\"https:\/\/www.peanutoem.com\/manufacturer\/roasted-blanched-peanut\/#primaryimage\"},\"thumbnailUrl\":\"https:\/\/www.peanutoem.com\/wp-content\/uploads\/2024\/09\/Whole-Roast-Blanched-Peanut-.webp\",\"datePublished\":\"2024-09-02T13:59:01+00:00\",\"dateModified\":\"2024-09-28T05:11:42+00:00\",\"description\":\"High-quality Roasted Blanched Peanut OEM supplier, private label manufacturer, and exporter. Choose us for customizable solutions and global expertise.\",\"breadcrumb\":{\"@id\":\"https:\/\/www.peanutoem.com\/manufacturer\/roasted-blanched-peanut\/#breadcrumb\"},\"inLanguage\":\"et\",\"potentialAction\":[{\"@type\":\"ReadAction\",\"target\":[\"https:\/\/www.peanutoem.com\/manufacturer\/roasted-blanched-peanut\/\"]}]},{\"@type\":\"ImageObject\",\"inLanguage\":\"et\",\"@id\":\"https:\/\/www.peanutoem.com\/manufacturer\/roasted-blanched-peanut\/#primaryimage\",\"url\":\"https:\/\/www.peanutoem.com\/wp-content\/uploads\/2024\/09\/Whole-Roast-Blanched-Peanut-.webp\",\"contentUrl\":\"https:\/\/www.peanutoem.com\/wp-content\/uploads\/2024\/09\/Whole-Roast-Blanched-Peanut-.webp\",\"width\":1000,\"height\":1000,\"caption\":\"Whole Roast Blanched Peanut\"},{\"@type\":\"BreadcrumbList\",\"@id\":\"https:\/\/www.peanutoem.com\/manufacturer\/roasted-blanched-peanut\/#breadcrumb\",\"itemListElement\":[{\"@type\":\"ListItem\",\"position\":1,\"name\":\"Home\",\"item\":\"https:\/\/www.peanutoem.com\/\"},{\"@type\":\"ListItem\",\"position\":2,\"name\":\"Products\",\"item\":\"https:\/\/www.peanutoem.com\/shop\/\"},{\"@type\":\"ListItem\",\"position\":3,\"name\":\"Roasted Blanched Peanut\"}]},{\"@type\":\"WebSite\",\"@id\":\"https:\/\/www.peanutoem.com\/#website\",\"url\":\"https:\/\/www.peanutoem.com\/\",\"name\":\"Peanut Butter Factory\",\"description\":\"Peanut Butter Manufacturer and Roast Peanut OEM Factory | Peanut Private Label China Supplier\",\"publisher\":{\"@id\":\"https:\/\/www.peanutoem.com\/#organization\"},\"alternateName\":\"Peanut Butter OEM and Wholesale\",\"potentialAction\":[{\"@type\":\"SearchAction\",\"target\":{\"@type\":\"EntryPoint\",\"urlTemplate\":\"https:\/\/www.peanutoem.com\/?s={search_term_string}\"},\"query-input\":{\"@type\":\"PropertyValueSpecification\",\"valueRequired\":true,\"valueName\":\"search_term_string\"}}],\"inLanguage\":\"et\"},{\"@type\":\"Organization\",\"@id\":\"https:\/\/www.peanutoem.com\/#organization\",\"name\":\"Peanut Butter Factory\",\"alternateName\":\"JuFeng Group\",\"url\":\"https:\/\/www.peanutoem.com\/\",\"logo\":{\"@type\":\"ImageObject\",\"inLanguage\":\"et\",\"@id\":\"https:\/\/www.peanutoem.com\/#\/schema\/logo\/image\/\",\"url\":\"https:\/\/www.peanutoem.com\/wp-content\/uploads\/2024\/09\/JUFENG-LOGO.png\",\"contentUrl\":\"https:\/\/www.peanutoem.com\/wp-content\/uploads\/2024\/09\/JUFENG-LOGO.png\",\"width\":600,\"height\":170,\"caption\":\"Peanut Butter Factory\"},\"image\":{\"@id\":\"https:\/\/www.peanutoem.com\/#\/schema\/logo\/image\/\"}}]}<\/script>\n<!-- \/ Yoast SEO plugin. -->","yoast_head_json":{"title":"Roasted Blanched Peanut China Wholesaler - Peanut Butter Factory","description":"High-quality Roasted Blanched Peanut OEM supplier, private label manufacturer, and exporter. Choose us for customizable solutions and global expertise.","robots":{"index":"index","follow":"follow","max-snippet":"max-snippet:-1","max-image-preview":"max-image-preview:large","max-video-preview":"max-video-preview:-1"},"canonical":"https:\/\/www.peanutoem.com\/et\/manufacturer\/roasted-blanched-peanut\/","og_locale":"et_EE","og_type":"article","og_title":"Roasted Blanched Peanut China Wholesaler - Peanut Butter Factory","og_description":"High-quality Roasted Blanched Peanut OEM supplier, private label manufacturer, and exporter. Choose us for customizable solutions and global expertise.","og_url":"https:\/\/www.peanutoem.com\/et\/manufacturer\/roasted-blanched-peanut\/","og_site_name":"Peanut Butter Factory","article_modified_time":"2024-09-28T05:11:42+00:00","og_image":[{"width":1000,"height":1000,"url":"https:\/\/www.peanutoem.com\/wp-content\/uploads\/2024\/09\/Whole-Roast-Blanched-Peanut-.webp","type":"image\/webp"}],"twitter_card":"summary_large_image","twitter_misc":{"Est. reading time":"4 minutit"},"schema":{"@context":"https:\/\/schema.org","@graph":[{"@type":"WebPage","@id":"https:\/\/www.peanutoem.com\/manufacturer\/roasted-blanched-peanut\/","url":"https:\/\/www.peanutoem.com\/manufacturer\/roasted-blanched-peanut\/","name":"Roasted Blanched Peanut China Wholesaler - Peanut Butter Factory","isPartOf":{"@id":"https:\/\/www.peanutoem.com\/#website"},"primaryImageOfPage":{"@id":"https:\/\/www.peanutoem.com\/manufacturer\/roasted-blanched-peanut\/#primaryimage"},"image":{"@id":"https:\/\/www.peanutoem.com\/manufacturer\/roasted-blanched-peanut\/#primaryimage"},"thumbnailUrl":"https:\/\/www.peanutoem.com\/wp-content\/uploads\/2024\/09\/Whole-Roast-Blanched-Peanut-.webp","datePublished":"2024-09-02T13:59:01+00:00","dateModified":"2024-09-28T05:11:42+00:00","description":"High-quality Roasted Blanched Peanut OEM supplier, private label manufacturer, and exporter. Choose us for customizable solutions and global expertise.","breadcrumb":{"@id":"https:\/\/www.peanutoem.com\/manufacturer\/roasted-blanched-peanut\/#breadcrumb"},"inLanguage":"et","potentialAction":[{"@type":"ReadAction","target":["https:\/\/www.peanutoem.com\/manufacturer\/roasted-blanched-peanut\/"]}]},{"@type":"ImageObject","inLanguage":"et","@id":"https:\/\/www.peanutoem.com\/manufacturer\/roasted-blanched-peanut\/#primaryimage","url":"https:\/\/www.peanutoem.com\/wp-content\/uploads\/2024\/09\/Whole-Roast-Blanched-Peanut-.webp","contentUrl":"https:\/\/www.peanutoem.com\/wp-content\/uploads\/2024\/09\/Whole-Roast-Blanched-Peanut-.webp","width":1000,"height":1000,"caption":"Whole Roast Blanched Peanut"},{"@type":"BreadcrumbList","@id":"https:\/\/www.peanutoem.com\/manufacturer\/roasted-blanched-peanut\/#breadcrumb","itemListElement":[{"@type":"ListItem","position":1,"name":"Home","item":"https:\/\/www.peanutoem.com\/"},{"@type":"ListItem","position":2,"name":"Products","item":"https:\/\/www.peanutoem.com\/shop\/"},{"@type":"ListItem","position":3,"name":"Roasted Blanched Peanut"}]},{"@type":"WebSite","@id":"https:\/\/www.peanutoem.com\/#website","url":"https:\/\/www.peanutoem.com\/","name":"Peanut Butter Factory","description":"Peanut Butter Manufacturer and Roast Peanut OEM Factory | Peanut Private Label China Supplier","publisher":{"@id":"https:\/\/www.peanutoem.com\/#organization"},"alternateName":"Peanut Butter OEM and Wholesale","potentialAction":[{"@type":"SearchAction","target":{"@type":"EntryPoint","urlTemplate":"https:\/\/www.peanutoem.com\/?s={search_term_string}"},"query-input":{"@type":"PropertyValueSpecification","valueRequired":true,"valueName":"search_term_string"}}],"inLanguage":"et"},{"@type":"Organization","@id":"https:\/\/www.peanutoem.com\/#organization","name":"Peanut Butter Factory","alternateName":"JuFeng Group","url":"https:\/\/www.peanutoem.com\/","logo":{"@type":"ImageObject","inLanguage":"et","@id":"https:\/\/www.peanutoem.com\/#\/schema\/logo\/image\/","url":"https:\/\/www.peanutoem.com\/wp-content\/uploads\/2024\/09\/JUFENG-LOGO.png","contentUrl":"https:\/\/www.peanutoem.com\/wp-content\/uploads\/2024\/09\/JUFENG-LOGO.png","width":600,"height":170,"caption":"Peanut Butter Factory"},"image":{"@id":"https:\/\/www.peanutoem.com\/#\/schema\/logo\/image\/"}}]}},"_links":{"self":[{"href":"https:\/\/www.peanutoem.com\/et\/wp-json\/wp\/v2\/product\/1554","targetHints":{"allow":["GET"]}}],"collection":[{"href":"https:\/\/www.peanutoem.com\/et\/wp-json\/wp\/v2\/product"}],"about":[{"href":"https:\/\/www.peanutoem.com\/et\/wp-json\/wp\/v2\/types\/product"}],"replies":[{"embeddable":true,"href":"https:\/\/www.peanutoem.com\/et\/wp-json\/wp\/v2\/comments?post=1554"}],"wp:featuredmedia":[{"embeddable":true,"href":"https:\/\/www.peanutoem.com\/et\/wp-json\/wp\/v2\/media\/1701"}],"wp:attachment":[{"href":"https:\/\/www.peanutoem.com\/et\/wp-json\/wp\/v2\/media?parent=1554"}],"wp:term":[{"taxonomy":"product_cat","embeddable":true,"href":"https:\/\/www.peanutoem.com\/et\/wp-json\/wp\/v2\/product_cat?post=1554"},{"taxonomy":"product_tag","embeddable":true,"href":"https:\/\/www.peanutoem.com\/et\/wp-json\/wp\/v2\/product_tag?post=1554"}],"curies":[{"name":"wp","href":"https:\/\/api.w.org\/{rel}","templated":true}]}}